{"id":255243,"date":"2025-04-26T03:30:22","date_gmt":"2025-04-26T01:30:22","guid":{"rendered":"https:\/\/shopatoa.com\/ro\/invisibobble-elastic-pentru-par-original-the-pinks-3-buc\/"},"modified":"2025-12-10T04:35:57","modified_gmt":"2025-12-10T03:35:57","slug":"invisibobble-elastic-pentru-par-original-the-pinks-3-buc","status":"publish","type":"product","link":"https:\/\/shopatoa.com\/ro\/invisibobble-elastic-pentru-par-original-the-pinks-3-buc\/","title":{"rendered":"Invisibobble Elastic pentru p\u0103r Original The Pinks 3 buc"},"content":{"rendered":"<p>Datorit\u0103 formei lor spiralate, elasticele de p\u0103r Invisibobble\u00ae Original sunt delicate cu p\u0103rul, nu trage p\u0103rul, nu rup, nu creeaz\u0103 presiune asupra p\u0103rului \u0219i nu las\u0103 urme pe acesta. Sunt igienice, impermeabile \u0219i, datorit\u0103 suprafe\u021bei lor netede, nu se \u00eencurc\u0103 \u00een p\u0103rul uscat sau umed.<\/p>\n","protected":false},"excerpt":{"rendered":"<p>Datorit\u0103 formei lor spiralate, elasticele de p\u0103r Invisibobble\u00ae Original sunt delicate cu p\u0103rul, nu trage p\u0103rul, nu rup, nu creeaz\u0103 presiune asupra p\u0103rului \u0219i nu las\u0103 urme pe acesta. Sunt igienice, impermeabile \u0219i, datorit\u0103 suprafe\u021bei lor netede, nu se \u00eencurc\u0103 \u00een p\u0103rul uscat sau umed.<\/p>\n","protected":false},"featured_media":255244,"comment_status":"closed","ping_status":"open","template":"","meta":{"_acf_changed":false,"_kadence_starter_templates_imported_post":false,"_kad_post_transparent":"","_kad_post_title":"","_kad_post_layout":"","_kad_post_sidebar_id":"","_kad_post_content_style":"","_kad_post_vertical_padding":"","_kad_post_feature":"","_kad_post_feature_position":"","_kad_post_header":false,"_kad_post_footer":false,"_kad_post_classname":""},"product_brand":[35],"product_cat":[625,246,623,624],"product_tag":[],"class_list":{"0":"post-255243","1":"product","2":"type-product","3":"status-publish","4":"has-post-thumbnail","6":"product_brand-invisibobble","7":"product_cat-accesorii-pentru-par-elastice-agrafe-cleme-benzi-pentru-cap","8":"product_cat-cosmetice","9":"product_cat-produse-cosmetice-pentru-par","10":"product_cat-produse-aparate-si-accesorii-pentru-par","12":"first","13":"instock","14":"product-type-external","15":"entry","16":"content-bg","17":"loop-entry"},"acf":[],"yoast_head":"<!-- This site is optimized with the Yoast SEO plugin v27.3 - https:\/\/yoast.com\/product\/yoast-seo-wordpress\/ -->\n<title>Invisibobble Elastic pentru p\u0103r Original The Pinks 3 buc - SHOPATOA.COM<\/title>\n<meta name=\"robots\" content=\"index, follow, max-snippet:-1, max-image-preview:large, max-video-preview:-1\" \/>\n<link rel=\"canonical\" href=\"https:\/\/shopatoa.com\/ro\/invisibobble-elastic-pentru-par-original-the-pinks-3-buc\/\" \/>\n<meta property=\"og:locale\" content=\"ro_RO\" \/>\n<meta property=\"og:type\" content=\"article\" \/>\n<meta property=\"og:title\" content=\"Invisibobble Elastic pentru p\u0103r Original The Pinks 3 buc - SHOPATOA.COM\" \/>\n<meta property=\"og:description\" content=\"Datorit\u0103 formei lor spiralate, elasticele de p\u0103r Invisibobble\u00ae Original sunt delicate cu p\u0103rul, nu trage p\u0103rul, nu rup, nu creeaz\u0103 presiune asupra p\u0103rului \u0219i nu las\u0103 urme pe acesta. Sunt igienice, impermeabile \u0219i, datorit\u0103 suprafe\u021bei lor netede, nu se \u00eencurc\u0103 \u00een p\u0103rul uscat sau umed.\" \/>\n<meta property=\"og:url\" content=\"https:\/\/shopatoa.com\/ro\/invisibobble-elastic-pentru-par-original-the-pinks-3-buc\/\" \/>\n<meta property=\"og:site_name\" content=\"SHOPATOA\" \/>\n<meta property=\"article:modified_time\" content=\"2025-12-10T03:35:57+00:00\" \/>\n<meta property=\"og:image\" content=\"https:\/\/storage.googleapis.com\/cz-shopatoa-img\/ro\/a7292ec0-unnamed-file.webp\" \/>\n\t<meta property=\"og:image:width\" content=\"800\" \/>\n\t<meta property=\"og:image:height\" content=\"800\" \/>\n\t<meta property=\"og:image:type\" content=\"image\/webp\" \/>\n<meta name=\"twitter:card\" content=\"summary_large_image\" \/>\n<script type=\"application\/ld+json\" class=\"yoast-schema-graph\">{\"@context\":\"https:\\\/\\\/schema.org\",\"@graph\":[{\"@type\":\"WebPage\",\"@id\":\"https:\\\/\\\/shopatoa.com\\\/ro\\\/invisibobble-elastic-pentru-par-original-the-pinks-3-buc\\\/\",\"url\":\"https:\\\/\\\/shopatoa.com\\\/ro\\\/invisibobble-elastic-pentru-par-original-the-pinks-3-buc\\\/\",\"name\":\"Invisibobble Elastic pentru p\u0103r Original The Pinks 3 buc - SHOPATOA.COM\",\"isPartOf\":{\"@id\":\"https:\\\/\\\/shopatoa.com\\\/ro\\\/#website\"},\"primaryImageOfPage\":{\"@id\":\"https:\\\/\\\/shopatoa.com\\\/ro\\\/invisibobble-elastic-pentru-par-original-the-pinks-3-buc\\\/#primaryimage\"},\"image\":{\"@id\":\"https:\\\/\\\/shopatoa.com\\\/ro\\\/invisibobble-elastic-pentru-par-original-the-pinks-3-buc\\\/#primaryimage\"},\"thumbnailUrl\":\"https:\\\/\\\/storage.googleapis.com\\\/cz-shopatoa-img\\\/ro\\\/a7292ec0-unnamed-file.webp\",\"datePublished\":\"2025-04-26T01:30:22+00:00\",\"dateModified\":\"2025-12-10T03:35:57+00:00\",\"breadcrumb\":{\"@id\":\"https:\\\/\\\/shopatoa.com\\\/ro\\\/invisibobble-elastic-pentru-par-original-the-pinks-3-buc\\\/#breadcrumb\"},\"inLanguage\":\"ro-RO\",\"potentialAction\":[{\"@type\":\"ReadAction\",\"target\":[\"https:\\\/\\\/shopatoa.com\\\/ro\\\/invisibobble-elastic-pentru-par-original-the-pinks-3-buc\\\/\"]}]},{\"@type\":\"ImageObject\",\"inLanguage\":\"ro-RO\",\"@id\":\"https:\\\/\\\/shopatoa.com\\\/ro\\\/invisibobble-elastic-pentru-par-original-the-pinks-3-buc\\\/#primaryimage\",\"url\":\"https:\\\/\\\/storage.googleapis.com\\\/cz-shopatoa-img\\\/ro\\\/a7292ec0-unnamed-file.webp\",\"contentUrl\":\"https:\\\/\\\/storage.googleapis.com\\\/cz-shopatoa-img\\\/ro\\\/a7292ec0-unnamed-file.webp\",\"width\":800,\"height\":800},{\"@type\":\"BreadcrumbList\",\"@id\":\"https:\\\/\\\/shopatoa.com\\\/ro\\\/invisibobble-elastic-pentru-par-original-the-pinks-3-buc\\\/#breadcrumb\",\"itemListElement\":[{\"@type\":\"ListItem\",\"position\":1,\"name\":\"Dom\u016f\",\"item\":\"https:\\\/\\\/shopatoa.com\\\/ro\\\/\"},{\"@type\":\"ListItem\",\"position\":2,\"name\":\"Shop\",\"item\":\"https:\\\/\\\/shopatoa.com\\\/ro\\\/shop\\\/\"},{\"@type\":\"ListItem\",\"position\":3,\"name\":\"Cosmetice\",\"item\":\"https:\\\/\\\/shopatoa.com\\\/ro\\\/cosmetice\\\/\"},{\"@type\":\"ListItem\",\"position\":4,\"name\":\"Produse cosmetice pentru p\u0103r\",\"item\":\"https:\\\/\\\/shopatoa.com\\\/ro\\\/produse-cosmetice-pentru-par\\\/\"},{\"@type\":\"ListItem\",\"position\":5,\"name\":\"Produse, aparate \u0219i accesorii pentru p\u0103r\",\"item\":\"https:\\\/\\\/shopatoa.com\\\/ro\\\/produse-aparate-si-accesorii-pentru-par\\\/\"},{\"@type\":\"ListItem\",\"position\":6,\"name\":\"Accesorii pentru p\u0103r - elastice, agrafe, cleme, benzi pentru cap\",\"item\":\"https:\\\/\\\/shopatoa.com\\\/ro\\\/accesorii-pentru-par-elastice-agrafe-cleme-benzi-pentru-cap\\\/\"},{\"@type\":\"ListItem\",\"position\":7,\"name\":\"Invisibobble Elastic pentru p\u0103r Original The Pinks 3 buc\"}]},{\"@type\":\"WebSite\",\"@id\":\"https:\\\/\\\/shopatoa.com\\\/ro\\\/#website\",\"url\":\"https:\\\/\\\/shopatoa.com\\\/ro\\\/\",\"name\":\"SHOPATOA\",\"description\":\"\",\"publisher\":{\"@id\":\"https:\\\/\\\/shopatoa.com\\\/ro\\\/#organization\"},\"potentialAction\":[{\"@type\":\"SearchAction\",\"target\":{\"@type\":\"EntryPoint\",\"urlTemplate\":\"https:\\\/\\\/shopatoa.com\\\/ro\\\/?s={search_term_string}\"},\"query-input\":{\"@type\":\"PropertyValueSpecification\",\"valueRequired\":true,\"valueName\":\"search_term_string\"}}],\"inLanguage\":\"ro-RO\"},{\"@type\":\"Organization\",\"@id\":\"https:\\\/\\\/shopatoa.com\\\/ro\\\/#organization\",\"name\":\"SHOPATOA\",\"url\":\"https:\\\/\\\/shopatoa.com\\\/ro\\\/\",\"logo\":{\"@type\":\"ImageObject\",\"inLanguage\":\"ro-RO\",\"@id\":\"https:\\\/\\\/shopatoa.com\\\/ro\\\/#\\\/schema\\\/logo\\\/image\\\/\",\"url\":\"https:\\\/\\\/storage.googleapis.com\\\/cz-shopatoa-img\\\/ro\\\/b4dac915-shopatoa_logo.png\",\"contentUrl\":\"https:\\\/\\\/storage.googleapis.com\\\/cz-shopatoa-img\\\/ro\\\/b4dac915-shopatoa_logo.png\",\"width\":416,\"height\":63,\"caption\":\"SHOPATOA\"},\"image\":{\"@id\":\"https:\\\/\\\/shopatoa.com\\\/ro\\\/#\\\/schema\\\/logo\\\/image\\\/\"}}]}<\/script>\n<!-- \/ Yoast SEO plugin. -->","yoast_head_json":{"title":"Invisibobble Elastic pentru p\u0103r Original The Pinks 3 buc - SHOPATOA.COM","robots":{"index":"index","follow":"follow","max-snippet":"max-snippet:-1","max-image-preview":"max-image-preview:large","max-video-preview":"max-video-preview:-1"},"canonical":"https:\/\/shopatoa.com\/ro\/invisibobble-elastic-pentru-par-original-the-pinks-3-buc\/","og_locale":"ro_RO","og_type":"article","og_title":"Invisibobble Elastic pentru p\u0103r Original The Pinks 3 buc - SHOPATOA.COM","og_description":"Datorit\u0103 formei lor spiralate, elasticele de p\u0103r Invisibobble\u00ae Original sunt delicate cu p\u0103rul, nu trage p\u0103rul, nu rup, nu creeaz\u0103 presiune asupra p\u0103rului \u0219i nu las\u0103 urme pe acesta. Sunt igienice, impermeabile \u0219i, datorit\u0103 suprafe\u021bei lor netede, nu se \u00eencurc\u0103 \u00een p\u0103rul uscat sau umed.","og_url":"https:\/\/shopatoa.com\/ro\/invisibobble-elastic-pentru-par-original-the-pinks-3-buc\/","og_site_name":"SHOPATOA","article_modified_time":"2025-12-10T03:35:57+00:00","og_image":[{"width":800,"height":800,"url":"https:\/\/storage.googleapis.com\/cz-shopatoa-img\/ro\/a7292ec0-unnamed-file.webp","type":"image\/webp"}],"twitter_card":"summary_large_image","schema":{"@context":"https:\/\/schema.org","@graph":[{"@type":"WebPage","@id":"https:\/\/shopatoa.com\/ro\/invisibobble-elastic-pentru-par-original-the-pinks-3-buc\/","url":"https:\/\/shopatoa.com\/ro\/invisibobble-elastic-pentru-par-original-the-pinks-3-buc\/","name":"Invisibobble Elastic pentru p\u0103r Original The Pinks 3 buc - SHOPATOA.COM","isPartOf":{"@id":"https:\/\/shopatoa.com\/ro\/#website"},"primaryImageOfPage":{"@id":"https:\/\/shopatoa.com\/ro\/invisibobble-elastic-pentru-par-original-the-pinks-3-buc\/#primaryimage"},"image":{"@id":"https:\/\/shopatoa.com\/ro\/invisibobble-elastic-pentru-par-original-the-pinks-3-buc\/#primaryimage"},"thumbnailUrl":"https:\/\/storage.googleapis.com\/cz-shopatoa-img\/ro\/a7292ec0-unnamed-file.webp","datePublished":"2025-04-26T01:30:22+00:00","dateModified":"2025-12-10T03:35:57+00:00","breadcrumb":{"@id":"https:\/\/shopatoa.com\/ro\/invisibobble-elastic-pentru-par-original-the-pinks-3-buc\/#breadcrumb"},"inLanguage":"ro-RO","potentialAction":[{"@type":"ReadAction","target":["https:\/\/shopatoa.com\/ro\/invisibobble-elastic-pentru-par-original-the-pinks-3-buc\/"]}]},{"@type":"ImageObject","inLanguage":"ro-RO","@id":"https:\/\/shopatoa.com\/ro\/invisibobble-elastic-pentru-par-original-the-pinks-3-buc\/#primaryimage","url":"https:\/\/storage.googleapis.com\/cz-shopatoa-img\/ro\/a7292ec0-unnamed-file.webp","contentUrl":"https:\/\/storage.googleapis.com\/cz-shopatoa-img\/ro\/a7292ec0-unnamed-file.webp","width":800,"height":800},{"@type":"BreadcrumbList","@id":"https:\/\/shopatoa.com\/ro\/invisibobble-elastic-pentru-par-original-the-pinks-3-buc\/#breadcrumb","itemListElement":[{"@type":"ListItem","position":1,"name":"Dom\u016f","item":"https:\/\/shopatoa.com\/ro\/"},{"@type":"ListItem","position":2,"name":"Shop","item":"https:\/\/shopatoa.com\/ro\/shop\/"},{"@type":"ListItem","position":3,"name":"Cosmetice","item":"https:\/\/shopatoa.com\/ro\/cosmetice\/"},{"@type":"ListItem","position":4,"name":"Produse cosmetice pentru p\u0103r","item":"https:\/\/shopatoa.com\/ro\/produse-cosmetice-pentru-par\/"},{"@type":"ListItem","position":5,"name":"Produse, aparate \u0219i accesorii pentru p\u0103r","item":"https:\/\/shopatoa.com\/ro\/produse-aparate-si-accesorii-pentru-par\/"},{"@type":"ListItem","position":6,"name":"Accesorii pentru p\u0103r - elastice, agrafe, cleme, benzi pentru cap","item":"https:\/\/shopatoa.com\/ro\/accesorii-pentru-par-elastice-agrafe-cleme-benzi-pentru-cap\/"},{"@type":"ListItem","position":7,"name":"Invisibobble Elastic pentru p\u0103r Original The Pinks 3 buc"}]},{"@type":"WebSite","@id":"https:\/\/shopatoa.com\/ro\/#website","url":"https:\/\/shopatoa.com\/ro\/","name":"SHOPATOA","description":"","publisher":{"@id":"https:\/\/shopatoa.com\/ro\/#organization"},"potentialAction":[{"@type":"SearchAction","target":{"@type":"EntryPoint","urlTemplate":"https:\/\/shopatoa.com\/ro\/?s={search_term_string}"},"query-input":{"@type":"PropertyValueSpecification","valueRequired":true,"valueName":"search_term_string"}}],"inLanguage":"ro-RO"},{"@type":"Organization","@id":"https:\/\/shopatoa.com\/ro\/#organization","name":"SHOPATOA","url":"https:\/\/shopatoa.com\/ro\/","logo":{"@type":"ImageObject","inLanguage":"ro-RO","@id":"https:\/\/shopatoa.com\/ro\/#\/schema\/logo\/image\/","url":"https:\/\/storage.googleapis.com\/cz-shopatoa-img\/ro\/b4dac915-shopatoa_logo.png","contentUrl":"https:\/\/storage.googleapis.com\/cz-shopatoa-img\/ro\/b4dac915-shopatoa_logo.png","width":416,"height":63,"caption":"SHOPATOA"},"image":{"@id":"https:\/\/shopatoa.com\/ro\/#\/schema\/logo\/image\/"}}]}},"_links":{"self":[{"href":"https:\/\/shopatoa.com\/ro\/wp-json\/wp\/v2\/product\/255243","targetHints":{"allow":["GET"]}}],"collection":[{"href":"https:\/\/shopatoa.com\/ro\/wp-json\/wp\/v2\/product"}],"about":[{"href":"https:\/\/shopatoa.com\/ro\/wp-json\/wp\/v2\/types\/product"}],"replies":[{"embeddable":true,"href":"https:\/\/shopatoa.com\/ro\/wp-json\/wp\/v2\/comments?post=255243"}],"wp:featuredmedia":[{"embeddable":true,"href":"https:\/\/shopatoa.com\/ro\/wp-json\/wp\/v2\/media\/255244"}],"wp:attachment":[{"href":"https:\/\/shopatoa.com\/ro\/wp-json\/wp\/v2\/media?parent=255243"}],"wp:term":[{"taxonomy":"product_brand","embeddable":true,"href":"https:\/\/shopatoa.com\/ro\/wp-json\/wp\/v2\/product_brand?post=255243"},{"taxonomy":"product_cat","embeddable":true,"href":"https:\/\/shopatoa.com\/ro\/wp-json\/wp\/v2\/product_cat?post=255243"},{"taxonomy":"product_tag","embeddable":true,"href":"https:\/\/shopatoa.com\/ro\/wp-json\/wp\/v2\/product_tag?post=255243"}],"curies":[{"name":"wp","href":"https:\/\/api.w.org\/{rel}","templated":true}]}}