{"id":255285,"date":"2025-04-26T03:36:50","date_gmt":"2025-04-26T01:36:50","guid":{"rendered":"https:\/\/shopatoa.com\/ro\/accentra-set-de-ingrijire-pentru-baie-winter-magic\/"},"modified":"2025-09-14T15:37:47","modified_gmt":"2025-09-14T13:37:47","slug":"accentra-set-de-ingrijire-pentru-baie-winter-magic","status":"publish","type":"product","link":"https:\/\/shopatoa.com\/ro\/accentra-set-de-ingrijire-pentru-baie-winter-magic\/","title":{"rendered":"Accentra Set de \u00eengrijire pentru baie Winter Magic"},"content":{"rendered":"<p>Setul con\u021bine: Gel de du\u0219 cu arom\u0103 de vanilie Starlight Delight (Shower Gel) 100 ml S\u0103pun solid cu parfum de vanilie Starlight Delight (Soap) 60 g Cutie cosmetic\u0103<\/p>\n","protected":false},"excerpt":{"rendered":"<p>Setul con\u021bine: Gel de du\u0219 cu arom\u0103 de vanilie Starlight Delight (Shower Gel) 100 ml S\u0103pun solid cu parfum de vanilie Starlight Delight (Soap) 60 g Cutie cosmetic\u0103<\/p>\n","protected":false},"featured_media":255286,"comment_status":"closed","ping_status":"open","template":"","meta":{"_acf_changed":false,"_kadence_starter_templates_imported_post":false,"_kad_post_transparent":"","_kad_post_title":"","_kad_post_layout":"","_kad_post_sidebar_id":"","_kad_post_content_style":"","_kad_post_vertical_padding":"","_kad_post_feature":"","_kad_post_feature_position":"","_kad_post_header":false,"_kad_post_footer":false,"_kad_post_classname":""},"product_brand":[590],"product_cat":[246,641,611],"product_tag":[],"class_list":{"0":"post-255285","1":"product","2":"type-product","3":"status-publish","4":"has-post-thumbnail","6":"product_brand-accentra","7":"product_cat-cosmetice","8":"product_cat-cosmetice-pentru-dus-si-baie","9":"product_cat-produse-cosmetice-pentru-corp","11":"first","12":"instock","13":"sale","14":"product-type-external","15":"entry","16":"content-bg","17":"loop-entry"},"acf":[],"yoast_head":"<!-- This site is optimized with the Yoast SEO plugin v27.3 - https:\/\/yoast.com\/product\/yoast-seo-wordpress\/ -->\n<title>Accentra Set de \u00eengrijire pentru baie Winter Magic - SHOPATOA.COM<\/title>\n<meta name=\"robots\" content=\"index, follow, max-snippet:-1, max-image-preview:large, max-video-preview:-1\" \/>\n<link rel=\"canonical\" href=\"https:\/\/shopatoa.com\/ro\/accentra-set-de-ingrijire-pentru-baie-winter-magic\/\" \/>\n<meta property=\"og:locale\" content=\"ro_RO\" \/>\n<meta property=\"og:type\" content=\"article\" \/>\n<meta property=\"og:title\" content=\"Accentra Set de \u00eengrijire pentru baie Winter Magic - SHOPATOA.COM\" \/>\n<meta property=\"og:description\" content=\"Setul con\u021bine: Gel de du\u0219 cu arom\u0103 de vanilie Starlight Delight (Shower Gel) 100 ml S\u0103pun solid cu parfum de vanilie Starlight Delight (Soap) 60 g Cutie cosmetic\u0103\" \/>\n<meta property=\"og:url\" content=\"https:\/\/shopatoa.com\/ro\/accentra-set-de-ingrijire-pentru-baie-winter-magic\/\" \/>\n<meta property=\"og:site_name\" content=\"SHOPATOA\" \/>\n<meta property=\"article:modified_time\" content=\"2025-09-14T13:37:47+00:00\" \/>\n<meta property=\"og:image\" content=\"https:\/\/storage.googleapis.com\/cz-shopatoa-img\/ro\/7db57ba3-unnamed-file.webp\" \/>\n\t<meta property=\"og:image:width\" content=\"800\" \/>\n\t<meta property=\"og:image:height\" content=\"800\" \/>\n\t<meta property=\"og:image:type\" content=\"image\/webp\" \/>\n<meta name=\"twitter:card\" content=\"summary_large_image\" \/>\n<script type=\"application\/ld+json\" class=\"yoast-schema-graph\">{\"@context\":\"https:\\\/\\\/schema.org\",\"@graph\":[{\"@type\":\"WebPage\",\"@id\":\"https:\\\/\\\/shopatoa.com\\\/ro\\\/accentra-set-de-ingrijire-pentru-baie-winter-magic\\\/\",\"url\":\"https:\\\/\\\/shopatoa.com\\\/ro\\\/accentra-set-de-ingrijire-pentru-baie-winter-magic\\\/\",\"name\":\"Accentra Set de \u00eengrijire pentru baie Winter Magic - SHOPATOA.COM\",\"isPartOf\":{\"@id\":\"https:\\\/\\\/shopatoa.com\\\/ro\\\/#website\"},\"primaryImageOfPage\":{\"@id\":\"https:\\\/\\\/shopatoa.com\\\/ro\\\/accentra-set-de-ingrijire-pentru-baie-winter-magic\\\/#primaryimage\"},\"image\":{\"@id\":\"https:\\\/\\\/shopatoa.com\\\/ro\\\/accentra-set-de-ingrijire-pentru-baie-winter-magic\\\/#primaryimage\"},\"thumbnailUrl\":\"https:\\\/\\\/storage.googleapis.com\\\/cz-shopatoa-img\\\/ro\\\/7db57ba3-unnamed-file.webp\",\"datePublished\":\"2025-04-26T01:36:50+00:00\",\"dateModified\":\"2025-09-14T13:37:47+00:00\",\"breadcrumb\":{\"@id\":\"https:\\\/\\\/shopatoa.com\\\/ro\\\/accentra-set-de-ingrijire-pentru-baie-winter-magic\\\/#breadcrumb\"},\"inLanguage\":\"ro-RO\",\"potentialAction\":[{\"@type\":\"ReadAction\",\"target\":[\"https:\\\/\\\/shopatoa.com\\\/ro\\\/accentra-set-de-ingrijire-pentru-baie-winter-magic\\\/\"]}]},{\"@type\":\"ImageObject\",\"inLanguage\":\"ro-RO\",\"@id\":\"https:\\\/\\\/shopatoa.com\\\/ro\\\/accentra-set-de-ingrijire-pentru-baie-winter-magic\\\/#primaryimage\",\"url\":\"https:\\\/\\\/storage.googleapis.com\\\/cz-shopatoa-img\\\/ro\\\/7db57ba3-unnamed-file.webp\",\"contentUrl\":\"https:\\\/\\\/storage.googleapis.com\\\/cz-shopatoa-img\\\/ro\\\/7db57ba3-unnamed-file.webp\",\"width\":800,\"height\":800},{\"@type\":\"BreadcrumbList\",\"@id\":\"https:\\\/\\\/shopatoa.com\\\/ro\\\/accentra-set-de-ingrijire-pentru-baie-winter-magic\\\/#breadcrumb\",\"itemListElement\":[{\"@type\":\"ListItem\",\"position\":1,\"name\":\"Dom\u016f\",\"item\":\"https:\\\/\\\/shopatoa.com\\\/ro\\\/\"},{\"@type\":\"ListItem\",\"position\":2,\"name\":\"Shop\",\"item\":\"https:\\\/\\\/shopatoa.com\\\/ro\\\/shop\\\/\"},{\"@type\":\"ListItem\",\"position\":3,\"name\":\"Cosmetice\",\"item\":\"https:\\\/\\\/shopatoa.com\\\/ro\\\/cosmetice\\\/\"},{\"@type\":\"ListItem\",\"position\":4,\"name\":\"Produse cosmetice pentru corp\",\"item\":\"https:\\\/\\\/shopatoa.com\\\/ro\\\/produse-cosmetice-pentru-corp\\\/\"},{\"@type\":\"ListItem\",\"position\":5,\"name\":\"Cosmetice pentru du\u0219 \u0219i baie\",\"item\":\"https:\\\/\\\/shopatoa.com\\\/ro\\\/cosmetice-pentru-dus-si-baie\\\/\"},{\"@type\":\"ListItem\",\"position\":6,\"name\":\"Accentra Set de \u00eengrijire pentru baie Winter Magic\"}]},{\"@type\":\"WebSite\",\"@id\":\"https:\\\/\\\/shopatoa.com\\\/ro\\\/#website\",\"url\":\"https:\\\/\\\/shopatoa.com\\\/ro\\\/\",\"name\":\"SHOPATOA\",\"description\":\"\",\"publisher\":{\"@id\":\"https:\\\/\\\/shopatoa.com\\\/ro\\\/#organization\"},\"potentialAction\":[{\"@type\":\"SearchAction\",\"target\":{\"@type\":\"EntryPoint\",\"urlTemplate\":\"https:\\\/\\\/shopatoa.com\\\/ro\\\/?s={search_term_string}\"},\"query-input\":{\"@type\":\"PropertyValueSpecification\",\"valueRequired\":true,\"valueName\":\"search_term_string\"}}],\"inLanguage\":\"ro-RO\"},{\"@type\":\"Organization\",\"@id\":\"https:\\\/\\\/shopatoa.com\\\/ro\\\/#organization\",\"name\":\"SHOPATOA\",\"url\":\"https:\\\/\\\/shopatoa.com\\\/ro\\\/\",\"logo\":{\"@type\":\"ImageObject\",\"inLanguage\":\"ro-RO\",\"@id\":\"https:\\\/\\\/shopatoa.com\\\/ro\\\/#\\\/schema\\\/logo\\\/image\\\/\",\"url\":\"https:\\\/\\\/storage.googleapis.com\\\/cz-shopatoa-img\\\/ro\\\/b4dac915-shopatoa_logo.png\",\"contentUrl\":\"https:\\\/\\\/storage.googleapis.com\\\/cz-shopatoa-img\\\/ro\\\/b4dac915-shopatoa_logo.png\",\"width\":416,\"height\":63,\"caption\":\"SHOPATOA\"},\"image\":{\"@id\":\"https:\\\/\\\/shopatoa.com\\\/ro\\\/#\\\/schema\\\/logo\\\/image\\\/\"}}]}<\/script>\n<!-- \/ Yoast SEO plugin. -->","yoast_head_json":{"title":"Accentra Set de \u00eengrijire pentru baie Winter Magic - SHOPATOA.COM","robots":{"index":"index","follow":"follow","max-snippet":"max-snippet:-1","max-image-preview":"max-image-preview:large","max-video-preview":"max-video-preview:-1"},"canonical":"https:\/\/shopatoa.com\/ro\/accentra-set-de-ingrijire-pentru-baie-winter-magic\/","og_locale":"ro_RO","og_type":"article","og_title":"Accentra Set de \u00eengrijire pentru baie Winter Magic - SHOPATOA.COM","og_description":"Setul con\u021bine: Gel de du\u0219 cu arom\u0103 de vanilie Starlight Delight (Shower Gel) 100 ml S\u0103pun solid cu parfum de vanilie Starlight Delight (Soap) 60 g Cutie cosmetic\u0103","og_url":"https:\/\/shopatoa.com\/ro\/accentra-set-de-ingrijire-pentru-baie-winter-magic\/","og_site_name":"SHOPATOA","article_modified_time":"2025-09-14T13:37:47+00:00","og_image":[{"width":800,"height":800,"url":"https:\/\/storage.googleapis.com\/cz-shopatoa-img\/ro\/7db57ba3-unnamed-file.webp","type":"image\/webp"}],"twitter_card":"summary_large_image","schema":{"@context":"https:\/\/schema.org","@graph":[{"@type":"WebPage","@id":"https:\/\/shopatoa.com\/ro\/accentra-set-de-ingrijire-pentru-baie-winter-magic\/","url":"https:\/\/shopatoa.com\/ro\/accentra-set-de-ingrijire-pentru-baie-winter-magic\/","name":"Accentra Set de \u00eengrijire pentru baie Winter Magic - SHOPATOA.COM","isPartOf":{"@id":"https:\/\/shopatoa.com\/ro\/#website"},"primaryImageOfPage":{"@id":"https:\/\/shopatoa.com\/ro\/accentra-set-de-ingrijire-pentru-baie-winter-magic\/#primaryimage"},"image":{"@id":"https:\/\/shopatoa.com\/ro\/accentra-set-de-ingrijire-pentru-baie-winter-magic\/#primaryimage"},"thumbnailUrl":"https:\/\/storage.googleapis.com\/cz-shopatoa-img\/ro\/7db57ba3-unnamed-file.webp","datePublished":"2025-04-26T01:36:50+00:00","dateModified":"2025-09-14T13:37:47+00:00","breadcrumb":{"@id":"https:\/\/shopatoa.com\/ro\/accentra-set-de-ingrijire-pentru-baie-winter-magic\/#breadcrumb"},"inLanguage":"ro-RO","potentialAction":[{"@type":"ReadAction","target":["https:\/\/shopatoa.com\/ro\/accentra-set-de-ingrijire-pentru-baie-winter-magic\/"]}]},{"@type":"ImageObject","inLanguage":"ro-RO","@id":"https:\/\/shopatoa.com\/ro\/accentra-set-de-ingrijire-pentru-baie-winter-magic\/#primaryimage","url":"https:\/\/storage.googleapis.com\/cz-shopatoa-img\/ro\/7db57ba3-unnamed-file.webp","contentUrl":"https:\/\/storage.googleapis.com\/cz-shopatoa-img\/ro\/7db57ba3-unnamed-file.webp","width":800,"height":800},{"@type":"BreadcrumbList","@id":"https:\/\/shopatoa.com\/ro\/accentra-set-de-ingrijire-pentru-baie-winter-magic\/#breadcrumb","itemListElement":[{"@type":"ListItem","position":1,"name":"Dom\u016f","item":"https:\/\/shopatoa.com\/ro\/"},{"@type":"ListItem","position":2,"name":"Shop","item":"https:\/\/shopatoa.com\/ro\/shop\/"},{"@type":"ListItem","position":3,"name":"Cosmetice","item":"https:\/\/shopatoa.com\/ro\/cosmetice\/"},{"@type":"ListItem","position":4,"name":"Produse cosmetice pentru corp","item":"https:\/\/shopatoa.com\/ro\/produse-cosmetice-pentru-corp\/"},{"@type":"ListItem","position":5,"name":"Cosmetice pentru du\u0219 \u0219i baie","item":"https:\/\/shopatoa.com\/ro\/cosmetice-pentru-dus-si-baie\/"},{"@type":"ListItem","position":6,"name":"Accentra Set de \u00eengrijire pentru baie Winter Magic"}]},{"@type":"WebSite","@id":"https:\/\/shopatoa.com\/ro\/#website","url":"https:\/\/shopatoa.com\/ro\/","name":"SHOPATOA","description":"","publisher":{"@id":"https:\/\/shopatoa.com\/ro\/#organization"},"potentialAction":[{"@type":"SearchAction","target":{"@type":"EntryPoint","urlTemplate":"https:\/\/shopatoa.com\/ro\/?s={search_term_string}"},"query-input":{"@type":"PropertyValueSpecification","valueRequired":true,"valueName":"search_term_string"}}],"inLanguage":"ro-RO"},{"@type":"Organization","@id":"https:\/\/shopatoa.com\/ro\/#organization","name":"SHOPATOA","url":"https:\/\/shopatoa.com\/ro\/","logo":{"@type":"ImageObject","inLanguage":"ro-RO","@id":"https:\/\/shopatoa.com\/ro\/#\/schema\/logo\/image\/","url":"https:\/\/storage.googleapis.com\/cz-shopatoa-img\/ro\/b4dac915-shopatoa_logo.png","contentUrl":"https:\/\/storage.googleapis.com\/cz-shopatoa-img\/ro\/b4dac915-shopatoa_logo.png","width":416,"height":63,"caption":"SHOPATOA"},"image":{"@id":"https:\/\/shopatoa.com\/ro\/#\/schema\/logo\/image\/"}}]}},"_links":{"self":[{"href":"https:\/\/shopatoa.com\/ro\/wp-json\/wp\/v2\/product\/255285","targetHints":{"allow":["GET"]}}],"collection":[{"href":"https:\/\/shopatoa.com\/ro\/wp-json\/wp\/v2\/product"}],"about":[{"href":"https:\/\/shopatoa.com\/ro\/wp-json\/wp\/v2\/types\/product"}],"replies":[{"embeddable":true,"href":"https:\/\/shopatoa.com\/ro\/wp-json\/wp\/v2\/comments?post=255285"}],"wp:featuredmedia":[{"embeddable":true,"href":"https:\/\/shopatoa.com\/ro\/wp-json\/wp\/v2\/media\/255286"}],"wp:attachment":[{"href":"https:\/\/shopatoa.com\/ro\/wp-json\/wp\/v2\/media?parent=255285"}],"wp:term":[{"taxonomy":"product_brand","embeddable":true,"href":"https:\/\/shopatoa.com\/ro\/wp-json\/wp\/v2\/product_brand?post=255285"},{"taxonomy":"product_cat","embeddable":true,"href":"https:\/\/shopatoa.com\/ro\/wp-json\/wp\/v2\/product_cat?post=255285"},{"taxonomy":"product_tag","embeddable":true,"href":"https:\/\/shopatoa.com\/ro\/wp-json\/wp\/v2\/product_tag?post=255285"}],"curies":[{"name":"wp","href":"https:\/\/api.w.org\/{rel}","templated":true}]}}