{"id":255491,"date":"2025-04-26T04:26:56","date_gmt":"2025-04-26T02:26:56","guid":{"rendered":"https:\/\/shopatoa.com\/ro\/max-factor-mascara-cu-efect-de-gene-false-false-lash-effect-full-lashes-natural-look-mascara-131-ml-01-black\/"},"modified":"2025-12-10T04:12:54","modified_gmt":"2025-12-10T03:12:54","slug":"max-factor-mascara-cu-efect-de-gene-false-false-lash-effect-full-lashes-natural-look-mascara-131-ml-01-black","status":"publish","type":"product","link":"https:\/\/shopatoa.com\/ro\/max-factor-mascara-cu-efect-de-gene-false-false-lash-effect-full-lashes-natural-look-mascara-131-ml-01-black\/","title":{"rendered":"Max Factor Mascara cu efect de gene false False Lash Effect (Full Lashes, Natural Look Mascara) 13,1 ml 01 Black"},"content":{"rendered":"<p>V\u0103 prezent\u0103m cea mai mare perie din istoria de 100 de ani a m\u0103rcii Max Factor. Mascara cu efect de gene false te va uimi prin aplicarea sa u\u0219oar\u0103 \u0219i efectul absolut fantastic al genelor expresive, c\u0103rora nu le lipse\u0219te naturale\u021bea \u0219i volumul. R\u0103sfa\u021b\u0103-te cu gene pe care ti le-ai dorit \u00eentotdeauna! Pentru a spori efectele rimelului, folose\u0219te o baz\u0103 sub rimel. Pentru demachiere, v\u0103 recomand\u0103m s\u0103 folosi\u021bi un demachiant pentru ochi.<\/p>\n","protected":false},"excerpt":{"rendered":"<p>V\u0103 prezent\u0103m cea mai mare perie din istoria de 100 de ani a m\u0103rcii Max Factor. Mascara cu efect de gene false te va uimi prin aplicarea sa u\u0219oar\u0103 \u0219i efectul absolut fantastic al genelor expresive, c\u0103rora nu le lipse\u0219te naturale\u021bea \u0219i volumul. R\u0103sfa\u021b\u0103-te cu gene pe care ti le-ai dorit \u00eentotdeauna! Pentru a spori&#8230;<\/p>\n","protected":false},"featured_media":255492,"comment_status":"closed","ping_status":"open","template":"","meta":{"_acf_changed":false,"_kadence_starter_templates_imported_post":false,"_kad_post_transparent":"","_kad_post_title":"","_kad_post_layout":"","_kad_post_sidebar_id":"","_kad_post_content_style":"","_kad_post_vertical_padding":"","_kad_post_feature":"","_kad_post_feature_position":"","_kad_post_header":false,"_kad_post_footer":false,"_kad_post_classname":""},"product_brand":[202],"product_cat":[246,609,631,632],"product_tag":[],"class_list":{"0":"post-255491","1":"product","2":"type-product","3":"status-publish","4":"has-post-thumbnail","6":"product_brand-max-factor","7":"product_cat-cosmetice","8":"product_cat-cosmetice-decorative","9":"product_cat-machiaj-pentru-ochi","10":"product_cat-rimele","12":"first","13":"instock","14":"sale","15":"product-type-external","16":"entry","17":"content-bg","18":"loop-entry"},"acf":[],"yoast_head":"<!-- This site is optimized with the Yoast SEO plugin v27.3 - https:\/\/yoast.com\/product\/yoast-seo-wordpress\/ -->\n<title>Max Factor Mascara cu efect de gene false False Lash Effect (Full Lashes, Natural Look Mascara) 13,1 ml 01 Black - SHOPATOA.COM<\/title>\n<meta name=\"robots\" content=\"index, follow, max-snippet:-1, max-image-preview:large, max-video-preview:-1\" \/>\n<link rel=\"canonical\" href=\"https:\/\/shopatoa.com\/ro\/max-factor-mascara-cu-efect-de-gene-false-false-lash-effect-full-lashes-natural-look-mascara-131-ml-01-black\/\" \/>\n<meta property=\"og:locale\" content=\"ro_RO\" \/>\n<meta property=\"og:type\" content=\"article\" \/>\n<meta property=\"og:title\" content=\"Max Factor Mascara cu efect de gene false False Lash Effect (Full Lashes, Natural Look Mascara) 13,1 ml 01 Black - SHOPATOA.COM\" \/>\n<meta property=\"og:description\" content=\"V\u0103 prezent\u0103m cea mai mare perie din istoria de 100 de ani a m\u0103rcii Max Factor. Mascara cu efect de gene false te va uimi prin aplicarea sa u\u0219oar\u0103 \u0219i efectul absolut fantastic al genelor expresive, c\u0103rora nu le lipse\u0219te naturale\u021bea \u0219i volumul. R\u0103sfa\u021b\u0103-te cu gene pe care ti le-ai dorit \u00eentotdeauna! Pentru a spori...\" \/>\n<meta property=\"og:url\" content=\"https:\/\/shopatoa.com\/ro\/max-factor-mascara-cu-efect-de-gene-false-false-lash-effect-full-lashes-natural-look-mascara-131-ml-01-black\/\" \/>\n<meta property=\"og:site_name\" content=\"SHOPATOA\" \/>\n<meta property=\"article:modified_time\" content=\"2025-12-10T03:12:54+00:00\" \/>\n<meta property=\"og:image\" content=\"https:\/\/storage.googleapis.com\/cz-shopatoa-img\/ro\/b9fad60f-unnamed-file.webp\" \/>\n\t<meta property=\"og:image:width\" content=\"800\" \/>\n\t<meta property=\"og:image:height\" content=\"800\" \/>\n\t<meta property=\"og:image:type\" content=\"image\/webp\" \/>\n<meta name=\"twitter:card\" content=\"summary_large_image\" \/>\n<script type=\"application\/ld+json\" class=\"yoast-schema-graph\">{\"@context\":\"https:\\\/\\\/schema.org\",\"@graph\":[{\"@type\":\"WebPage\",\"@id\":\"https:\\\/\\\/shopatoa.com\\\/ro\\\/max-factor-mascara-cu-efect-de-gene-false-false-lash-effect-full-lashes-natural-look-mascara-131-ml-01-black\\\/\",\"url\":\"https:\\\/\\\/shopatoa.com\\\/ro\\\/max-factor-mascara-cu-efect-de-gene-false-false-lash-effect-full-lashes-natural-look-mascara-131-ml-01-black\\\/\",\"name\":\"Max Factor Mascara cu efect de gene false False Lash Effect (Full Lashes, Natural Look Mascara) 13,1 ml 01 Black - SHOPATOA.COM\",\"isPartOf\":{\"@id\":\"https:\\\/\\\/shopatoa.com\\\/ro\\\/#website\"},\"primaryImageOfPage\":{\"@id\":\"https:\\\/\\\/shopatoa.com\\\/ro\\\/max-factor-mascara-cu-efect-de-gene-false-false-lash-effect-full-lashes-natural-look-mascara-131-ml-01-black\\\/#primaryimage\"},\"image\":{\"@id\":\"https:\\\/\\\/shopatoa.com\\\/ro\\\/max-factor-mascara-cu-efect-de-gene-false-false-lash-effect-full-lashes-natural-look-mascara-131-ml-01-black\\\/#primaryimage\"},\"thumbnailUrl\":\"https:\\\/\\\/storage.googleapis.com\\\/cz-shopatoa-img\\\/ro\\\/b9fad60f-unnamed-file.webp\",\"datePublished\":\"2025-04-26T02:26:56+00:00\",\"dateModified\":\"2025-12-10T03:12:54+00:00\",\"breadcrumb\":{\"@id\":\"https:\\\/\\\/shopatoa.com\\\/ro\\\/max-factor-mascara-cu-efect-de-gene-false-false-lash-effect-full-lashes-natural-look-mascara-131-ml-01-black\\\/#breadcrumb\"},\"inLanguage\":\"ro-RO\",\"potentialAction\":[{\"@type\":\"ReadAction\",\"target\":[\"https:\\\/\\\/shopatoa.com\\\/ro\\\/max-factor-mascara-cu-efect-de-gene-false-false-lash-effect-full-lashes-natural-look-mascara-131-ml-01-black\\\/\"]}]},{\"@type\":\"ImageObject\",\"inLanguage\":\"ro-RO\",\"@id\":\"https:\\\/\\\/shopatoa.com\\\/ro\\\/max-factor-mascara-cu-efect-de-gene-false-false-lash-effect-full-lashes-natural-look-mascara-131-ml-01-black\\\/#primaryimage\",\"url\":\"https:\\\/\\\/storage.googleapis.com\\\/cz-shopatoa-img\\\/ro\\\/b9fad60f-unnamed-file.webp\",\"contentUrl\":\"https:\\\/\\\/storage.googleapis.com\\\/cz-shopatoa-img\\\/ro\\\/b9fad60f-unnamed-file.webp\",\"width\":800,\"height\":800},{\"@type\":\"BreadcrumbList\",\"@id\":\"https:\\\/\\\/shopatoa.com\\\/ro\\\/max-factor-mascara-cu-efect-de-gene-false-false-lash-effect-full-lashes-natural-look-mascara-131-ml-01-black\\\/#breadcrumb\",\"itemListElement\":[{\"@type\":\"ListItem\",\"position\":1,\"name\":\"Dom\u016f\",\"item\":\"https:\\\/\\\/shopatoa.com\\\/ro\\\/\"},{\"@type\":\"ListItem\",\"position\":2,\"name\":\"Shop\",\"item\":\"https:\\\/\\\/shopatoa.com\\\/ro\\\/shop\\\/\"},{\"@type\":\"ListItem\",\"position\":3,\"name\":\"Cosmetice\",\"item\":\"https:\\\/\\\/shopatoa.com\\\/ro\\\/cosmetice\\\/\"},{\"@type\":\"ListItem\",\"position\":4,\"name\":\"Cosmetice decorative\",\"item\":\"https:\\\/\\\/shopatoa.com\\\/ro\\\/cosmetice-decorative\\\/\"},{\"@type\":\"ListItem\",\"position\":5,\"name\":\"Machiaj pentru ochi\",\"item\":\"https:\\\/\\\/shopatoa.com\\\/ro\\\/machiaj-pentru-ochi\\\/\"},{\"@type\":\"ListItem\",\"position\":6,\"name\":\"Rimele\",\"item\":\"https:\\\/\\\/shopatoa.com\\\/ro\\\/rimele\\\/\"},{\"@type\":\"ListItem\",\"position\":7,\"name\":\"Max Factor Mascara cu efect de gene false False Lash Effect (Full Lashes, Natural Look Mascara) 13,1 ml 01 Black\"}]},{\"@type\":\"WebSite\",\"@id\":\"https:\\\/\\\/shopatoa.com\\\/ro\\\/#website\",\"url\":\"https:\\\/\\\/shopatoa.com\\\/ro\\\/\",\"name\":\"SHOPATOA\",\"description\":\"\",\"publisher\":{\"@id\":\"https:\\\/\\\/shopatoa.com\\\/ro\\\/#organization\"},\"potentialAction\":[{\"@type\":\"SearchAction\",\"target\":{\"@type\":\"EntryPoint\",\"urlTemplate\":\"https:\\\/\\\/shopatoa.com\\\/ro\\\/?s={search_term_string}\"},\"query-input\":{\"@type\":\"PropertyValueSpecification\",\"valueRequired\":true,\"valueName\":\"search_term_string\"}}],\"inLanguage\":\"ro-RO\"},{\"@type\":\"Organization\",\"@id\":\"https:\\\/\\\/shopatoa.com\\\/ro\\\/#organization\",\"name\":\"SHOPATOA\",\"url\":\"https:\\\/\\\/shopatoa.com\\\/ro\\\/\",\"logo\":{\"@type\":\"ImageObject\",\"inLanguage\":\"ro-RO\",\"@id\":\"https:\\\/\\\/shopatoa.com\\\/ro\\\/#\\\/schema\\\/logo\\\/image\\\/\",\"url\":\"https:\\\/\\\/storage.googleapis.com\\\/cz-shopatoa-img\\\/ro\\\/b4dac915-shopatoa_logo.png\",\"contentUrl\":\"https:\\\/\\\/storage.googleapis.com\\\/cz-shopatoa-img\\\/ro\\\/b4dac915-shopatoa_logo.png\",\"width\":416,\"height\":63,\"caption\":\"SHOPATOA\"},\"image\":{\"@id\":\"https:\\\/\\\/shopatoa.com\\\/ro\\\/#\\\/schema\\\/logo\\\/image\\\/\"}}]}<\/script>\n<!-- \/ Yoast SEO plugin. -->","yoast_head_json":{"title":"Max Factor Mascara cu efect de gene false False Lash Effect (Full Lashes, Natural Look Mascara) 13,1 ml 01 Black - SHOPATOA.COM","robots":{"index":"index","follow":"follow","max-snippet":"max-snippet:-1","max-image-preview":"max-image-preview:large","max-video-preview":"max-video-preview:-1"},"canonical":"https:\/\/shopatoa.com\/ro\/max-factor-mascara-cu-efect-de-gene-false-false-lash-effect-full-lashes-natural-look-mascara-131-ml-01-black\/","og_locale":"ro_RO","og_type":"article","og_title":"Max Factor Mascara cu efect de gene false False Lash Effect (Full Lashes, Natural Look Mascara) 13,1 ml 01 Black - SHOPATOA.COM","og_description":"V\u0103 prezent\u0103m cea mai mare perie din istoria de 100 de ani a m\u0103rcii Max Factor. Mascara cu efect de gene false te va uimi prin aplicarea sa u\u0219oar\u0103 \u0219i efectul absolut fantastic al genelor expresive, c\u0103rora nu le lipse\u0219te naturale\u021bea \u0219i volumul. R\u0103sfa\u021b\u0103-te cu gene pe care ti le-ai dorit \u00eentotdeauna! Pentru a spori...","og_url":"https:\/\/shopatoa.com\/ro\/max-factor-mascara-cu-efect-de-gene-false-false-lash-effect-full-lashes-natural-look-mascara-131-ml-01-black\/","og_site_name":"SHOPATOA","article_modified_time":"2025-12-10T03:12:54+00:00","og_image":[{"width":800,"height":800,"url":"https:\/\/storage.googleapis.com\/cz-shopatoa-img\/ro\/b9fad60f-unnamed-file.webp","type":"image\/webp"}],"twitter_card":"summary_large_image","schema":{"@context":"https:\/\/schema.org","@graph":[{"@type":"WebPage","@id":"https:\/\/shopatoa.com\/ro\/max-factor-mascara-cu-efect-de-gene-false-false-lash-effect-full-lashes-natural-look-mascara-131-ml-01-black\/","url":"https:\/\/shopatoa.com\/ro\/max-factor-mascara-cu-efect-de-gene-false-false-lash-effect-full-lashes-natural-look-mascara-131-ml-01-black\/","name":"Max Factor Mascara cu efect de gene false False Lash Effect (Full Lashes, Natural Look Mascara) 13,1 ml 01 Black - SHOPATOA.COM","isPartOf":{"@id":"https:\/\/shopatoa.com\/ro\/#website"},"primaryImageOfPage":{"@id":"https:\/\/shopatoa.com\/ro\/max-factor-mascara-cu-efect-de-gene-false-false-lash-effect-full-lashes-natural-look-mascara-131-ml-01-black\/#primaryimage"},"image":{"@id":"https:\/\/shopatoa.com\/ro\/max-factor-mascara-cu-efect-de-gene-false-false-lash-effect-full-lashes-natural-look-mascara-131-ml-01-black\/#primaryimage"},"thumbnailUrl":"https:\/\/storage.googleapis.com\/cz-shopatoa-img\/ro\/b9fad60f-unnamed-file.webp","datePublished":"2025-04-26T02:26:56+00:00","dateModified":"2025-12-10T03:12:54+00:00","breadcrumb":{"@id":"https:\/\/shopatoa.com\/ro\/max-factor-mascara-cu-efect-de-gene-false-false-lash-effect-full-lashes-natural-look-mascara-131-ml-01-black\/#breadcrumb"},"inLanguage":"ro-RO","potentialAction":[{"@type":"ReadAction","target":["https:\/\/shopatoa.com\/ro\/max-factor-mascara-cu-efect-de-gene-false-false-lash-effect-full-lashes-natural-look-mascara-131-ml-01-black\/"]}]},{"@type":"ImageObject","inLanguage":"ro-RO","@id":"https:\/\/shopatoa.com\/ro\/max-factor-mascara-cu-efect-de-gene-false-false-lash-effect-full-lashes-natural-look-mascara-131-ml-01-black\/#primaryimage","url":"https:\/\/storage.googleapis.com\/cz-shopatoa-img\/ro\/b9fad60f-unnamed-file.webp","contentUrl":"https:\/\/storage.googleapis.com\/cz-shopatoa-img\/ro\/b9fad60f-unnamed-file.webp","width":800,"height":800},{"@type":"BreadcrumbList","@id":"https:\/\/shopatoa.com\/ro\/max-factor-mascara-cu-efect-de-gene-false-false-lash-effect-full-lashes-natural-look-mascara-131-ml-01-black\/#breadcrumb","itemListElement":[{"@type":"ListItem","position":1,"name":"Dom\u016f","item":"https:\/\/shopatoa.com\/ro\/"},{"@type":"ListItem","position":2,"name":"Shop","item":"https:\/\/shopatoa.com\/ro\/shop\/"},{"@type":"ListItem","position":3,"name":"Cosmetice","item":"https:\/\/shopatoa.com\/ro\/cosmetice\/"},{"@type":"ListItem","position":4,"name":"Cosmetice decorative","item":"https:\/\/shopatoa.com\/ro\/cosmetice-decorative\/"},{"@type":"ListItem","position":5,"name":"Machiaj pentru ochi","item":"https:\/\/shopatoa.com\/ro\/machiaj-pentru-ochi\/"},{"@type":"ListItem","position":6,"name":"Rimele","item":"https:\/\/shopatoa.com\/ro\/rimele\/"},{"@type":"ListItem","position":7,"name":"Max Factor Mascara cu efect de gene false False Lash Effect (Full Lashes, Natural Look Mascara) 13,1 ml 01 Black"}]},{"@type":"WebSite","@id":"https:\/\/shopatoa.com\/ro\/#website","url":"https:\/\/shopatoa.com\/ro\/","name":"SHOPATOA","description":"","publisher":{"@id":"https:\/\/shopatoa.com\/ro\/#organization"},"potentialAction":[{"@type":"SearchAction","target":{"@type":"EntryPoint","urlTemplate":"https:\/\/shopatoa.com\/ro\/?s={search_term_string}"},"query-input":{"@type":"PropertyValueSpecification","valueRequired":true,"valueName":"search_term_string"}}],"inLanguage":"ro-RO"},{"@type":"Organization","@id":"https:\/\/shopatoa.com\/ro\/#organization","name":"SHOPATOA","url":"https:\/\/shopatoa.com\/ro\/","logo":{"@type":"ImageObject","inLanguage":"ro-RO","@id":"https:\/\/shopatoa.com\/ro\/#\/schema\/logo\/image\/","url":"https:\/\/storage.googleapis.com\/cz-shopatoa-img\/ro\/b4dac915-shopatoa_logo.png","contentUrl":"https:\/\/storage.googleapis.com\/cz-shopatoa-img\/ro\/b4dac915-shopatoa_logo.png","width":416,"height":63,"caption":"SHOPATOA"},"image":{"@id":"https:\/\/shopatoa.com\/ro\/#\/schema\/logo\/image\/"}}]}},"_links":{"self":[{"href":"https:\/\/shopatoa.com\/ro\/wp-json\/wp\/v2\/product\/255491","targetHints":{"allow":["GET"]}}],"collection":[{"href":"https:\/\/shopatoa.com\/ro\/wp-json\/wp\/v2\/product"}],"about":[{"href":"https:\/\/shopatoa.com\/ro\/wp-json\/wp\/v2\/types\/product"}],"replies":[{"embeddable":true,"href":"https:\/\/shopatoa.com\/ro\/wp-json\/wp\/v2\/comments?post=255491"}],"wp:featuredmedia":[{"embeddable":true,"href":"https:\/\/shopatoa.com\/ro\/wp-json\/wp\/v2\/media\/255492"}],"wp:attachment":[{"href":"https:\/\/shopatoa.com\/ro\/wp-json\/wp\/v2\/media?parent=255491"}],"wp:term":[{"taxonomy":"product_brand","embeddable":true,"href":"https:\/\/shopatoa.com\/ro\/wp-json\/wp\/v2\/product_brand?post=255491"},{"taxonomy":"product_cat","embeddable":true,"href":"https:\/\/shopatoa.com\/ro\/wp-json\/wp\/v2\/product_cat?post=255491"},{"taxonomy":"product_tag","embeddable":true,"href":"https:\/\/shopatoa.com\/ro\/wp-json\/wp\/v2\/product_tag?post=255491"}],"curies":[{"name":"wp","href":"https:\/\/api.w.org\/{rel}","templated":true}]}}