{"id":255641,"date":"2025-04-26T05:01:38","date_gmt":"2025-04-26T03:01:38","guid":{"rendered":"https:\/\/shopatoa.com\/ro\/la-prairie-crema-de-fermitate-skin-caviar-luxe-cream-100-ml\/"},"modified":"2025-12-10T03:55:05","modified_gmt":"2025-12-10T02:55:05","slug":"la-prairie-crema-de-fermitate-skin-caviar-luxe-cream-100-ml","status":"publish","type":"product","link":"https:\/\/shopatoa.com\/ro\/la-prairie-crema-de-fermitate-skin-caviar-luxe-cream-100-ml\/","title":{"rendered":"La Prairie Crem\u0103 de fermitate (Skin Caviar Luxe Cream) 100 ml"},"content":{"rendered":"<p>\u201eCrem\u0103 de fa\u021b\u0103 de top cu efecte de fermitate\u201d. Crema elegant\u0103 hidrateaz\u0103 \u0219i r\u0103sfa\u021b\u0103, acizii AHA efectueaz\u0103 o exfoliere bland\u0103 si netezesc pielea. \u00cembun\u0103t\u0103\u021be\u0219te elasticitatea \u0219i fermitatea pielii, adaug\u0103 un aspect radiant \u0219i moale. Compozi\u021bia acestui produs este at\u00e2t de unic\u0103 \u0219i de eficient\u0103 \u00eenc\u00e2t poate oferi pielii un aspect radiant pe care nu l-a\u021bi mai cunoscut p\u00e2n\u0103 acum. Este destinat femeilor cu piele uscat\u0103, palid\u0103, lipsit\u0103 de via\u021b\u0103, care sufer\u0103 de semne vizibile de \u00eemb\u0103tr\u00e2nire. Conceput pentru piele normal\u0103 p\u00e2n\u0103 la uscat\u0103 sau piele palid\u0103 \u0219i f\u0103r\u0103 vitalitate. Pentru clien\u021bii care solicit\u0103 efecte de fermitate mai mari \u0219i cele mai bune efecte \u00eentr-un singur produs de lux.<\/p>\n","protected":false},"excerpt":{"rendered":"<p>\u201eCrem\u0103 de fa\u021b\u0103 de top cu efecte de fermitate\u201d. Crema elegant\u0103 hidrateaz\u0103 \u0219i r\u0103sfa\u021b\u0103, acizii AHA efectueaz\u0103 o exfoliere bland\u0103 si netezesc pielea. \u00cembun\u0103t\u0103\u021be\u0219te elasticitatea \u0219i fermitatea pielii, adaug\u0103 un aspect radiant \u0219i moale. Compozi\u021bia acestui produs este at\u00e2t de unic\u0103 \u0219i de eficient\u0103 \u00eenc\u00e2t poate oferi pielii un aspect radiant pe care nu l-a\u021bi&#8230;<\/p>\n","protected":false},"featured_media":255642,"comment_status":"closed","ping_status":"open","template":"","meta":{"_acf_changed":false,"_kadence_starter_templates_imported_post":false,"_kad_post_transparent":"","_kad_post_title":"","_kad_post_layout":"","_kad_post_sidebar_id":"","_kad_post_content_style":"","_kad_post_vertical_padding":"","_kad_post_feature":"","_kad_post_feature_position":"","_kad_post_header":false,"_kad_post_footer":false,"_kad_post_classname":""},"product_brand":[791],"product_cat":[246,635,634,633],"product_tag":[],"class_list":{"0":"post-255641","1":"product","2":"type-product","3":"status-publish","4":"has-post-thumbnail","6":"product_brand-la-prairie","7":"product_cat-cosmetice","8":"product_cat-hidratarea-si-nutritia-pielii","9":"product_cat-produse-cosmetice-de-ingrijire-a-pielii","10":"product_cat-produse-cosmetice-pentru-piele","12":"first","13":"instock","14":"product-type-external","15":"entry","16":"content-bg","17":"loop-entry"},"acf":[],"yoast_head":"<!-- This site is optimized with the Yoast SEO plugin v27.3 - https:\/\/yoast.com\/product\/yoast-seo-wordpress\/ -->\n<title>La Prairie Crem\u0103 de fermitate (Skin Caviar Luxe Cream) 100 ml - SHOPATOA.COM<\/title>\n<meta name=\"robots\" content=\"index, follow, max-snippet:-1, max-image-preview:large, max-video-preview:-1\" \/>\n<link rel=\"canonical\" href=\"https:\/\/shopatoa.com\/ro\/la-prairie-crema-de-fermitate-skin-caviar-luxe-cream-100-ml\/\" \/>\n<meta property=\"og:locale\" content=\"ro_RO\" \/>\n<meta property=\"og:type\" content=\"article\" \/>\n<meta property=\"og:title\" content=\"La Prairie Crem\u0103 de fermitate (Skin Caviar Luxe Cream) 100 ml - SHOPATOA.COM\" \/>\n<meta property=\"og:description\" content=\"\u201eCrem\u0103 de fa\u021b\u0103 de top cu efecte de fermitate\u201d. Crema elegant\u0103 hidrateaz\u0103 \u0219i r\u0103sfa\u021b\u0103, acizii AHA efectueaz\u0103 o exfoliere bland\u0103 si netezesc pielea. \u00cembun\u0103t\u0103\u021be\u0219te elasticitatea \u0219i fermitatea pielii, adaug\u0103 un aspect radiant \u0219i moale. Compozi\u021bia acestui produs este at\u00e2t de unic\u0103 \u0219i de eficient\u0103 \u00eenc\u00e2t poate oferi pielii un aspect radiant pe care nu l-a\u021bi...\" \/>\n<meta property=\"og:url\" content=\"https:\/\/shopatoa.com\/ro\/la-prairie-crema-de-fermitate-skin-caviar-luxe-cream-100-ml\/\" \/>\n<meta property=\"og:site_name\" content=\"SHOPATOA\" \/>\n<meta property=\"article:modified_time\" content=\"2025-12-10T02:55:05+00:00\" \/>\n<meta property=\"og:image\" content=\"https:\/\/storage.googleapis.com\/cz-shopatoa-img\/ro\/0ee4749a-unnamed-file.webp\" \/>\n\t<meta property=\"og:image:width\" content=\"800\" \/>\n\t<meta property=\"og:image:height\" content=\"800\" \/>\n\t<meta property=\"og:image:type\" content=\"image\/webp\" \/>\n<meta name=\"twitter:card\" content=\"summary_large_image\" \/>\n<meta name=\"twitter:label1\" content=\"Timp estimat pentru citire\" \/>\n\t<meta name=\"twitter:data1\" content=\"1 minut\" \/>\n<script type=\"application\/ld+json\" class=\"yoast-schema-graph\">{\"@context\":\"https:\\\/\\\/schema.org\",\"@graph\":[{\"@type\":\"WebPage\",\"@id\":\"https:\\\/\\\/shopatoa.com\\\/ro\\\/la-prairie-crema-de-fermitate-skin-caviar-luxe-cream-100-ml\\\/\",\"url\":\"https:\\\/\\\/shopatoa.com\\\/ro\\\/la-prairie-crema-de-fermitate-skin-caviar-luxe-cream-100-ml\\\/\",\"name\":\"La Prairie Crem\u0103 de fermitate (Skin Caviar Luxe Cream) 100 ml - SHOPATOA.COM\",\"isPartOf\":{\"@id\":\"https:\\\/\\\/shopatoa.com\\\/ro\\\/#website\"},\"primaryImageOfPage\":{\"@id\":\"https:\\\/\\\/shopatoa.com\\\/ro\\\/la-prairie-crema-de-fermitate-skin-caviar-luxe-cream-100-ml\\\/#primaryimage\"},\"image\":{\"@id\":\"https:\\\/\\\/shopatoa.com\\\/ro\\\/la-prairie-crema-de-fermitate-skin-caviar-luxe-cream-100-ml\\\/#primaryimage\"},\"thumbnailUrl\":\"https:\\\/\\\/storage.googleapis.com\\\/cz-shopatoa-img\\\/ro\\\/0ee4749a-unnamed-file.webp\",\"datePublished\":\"2025-04-26T03:01:38+00:00\",\"dateModified\":\"2025-12-10T02:55:05+00:00\",\"breadcrumb\":{\"@id\":\"https:\\\/\\\/shopatoa.com\\\/ro\\\/la-prairie-crema-de-fermitate-skin-caviar-luxe-cream-100-ml\\\/#breadcrumb\"},\"inLanguage\":\"ro-RO\",\"potentialAction\":[{\"@type\":\"ReadAction\",\"target\":[\"https:\\\/\\\/shopatoa.com\\\/ro\\\/la-prairie-crema-de-fermitate-skin-caviar-luxe-cream-100-ml\\\/\"]}]},{\"@type\":\"ImageObject\",\"inLanguage\":\"ro-RO\",\"@id\":\"https:\\\/\\\/shopatoa.com\\\/ro\\\/la-prairie-crema-de-fermitate-skin-caviar-luxe-cream-100-ml\\\/#primaryimage\",\"url\":\"https:\\\/\\\/storage.googleapis.com\\\/cz-shopatoa-img\\\/ro\\\/0ee4749a-unnamed-file.webp\",\"contentUrl\":\"https:\\\/\\\/storage.googleapis.com\\\/cz-shopatoa-img\\\/ro\\\/0ee4749a-unnamed-file.webp\",\"width\":800,\"height\":800},{\"@type\":\"BreadcrumbList\",\"@id\":\"https:\\\/\\\/shopatoa.com\\\/ro\\\/la-prairie-crema-de-fermitate-skin-caviar-luxe-cream-100-ml\\\/#breadcrumb\",\"itemListElement\":[{\"@type\":\"ListItem\",\"position\":1,\"name\":\"Dom\u016f\",\"item\":\"https:\\\/\\\/shopatoa.com\\\/ro\\\/\"},{\"@type\":\"ListItem\",\"position\":2,\"name\":\"Shop\",\"item\":\"https:\\\/\\\/shopatoa.com\\\/ro\\\/shop\\\/\"},{\"@type\":\"ListItem\",\"position\":3,\"name\":\"Cosmetice\",\"item\":\"https:\\\/\\\/shopatoa.com\\\/ro\\\/cosmetice\\\/\"},{\"@type\":\"ListItem\",\"position\":4,\"name\":\"Produse cosmetice pentru piele\",\"item\":\"https:\\\/\\\/shopatoa.com\\\/ro\\\/produse-cosmetice-pentru-piele\\\/\"},{\"@type\":\"ListItem\",\"position\":5,\"name\":\"Produse cosmetice de \u00eengrijire a pielii\",\"item\":\"https:\\\/\\\/shopatoa.com\\\/ro\\\/produse-cosmetice-de-ingrijire-a-pielii\\\/\"},{\"@type\":\"ListItem\",\"position\":6,\"name\":\"Hidratarea \u0219i nutri\u021bia pielii\",\"item\":\"https:\\\/\\\/shopatoa.com\\\/ro\\\/hidratarea-si-nutritia-pielii\\\/\"},{\"@type\":\"ListItem\",\"position\":7,\"name\":\"La Prairie Crem\u0103 de fermitate (Skin Caviar Luxe Cream) 100 ml\"}]},{\"@type\":\"WebSite\",\"@id\":\"https:\\\/\\\/shopatoa.com\\\/ro\\\/#website\",\"url\":\"https:\\\/\\\/shopatoa.com\\\/ro\\\/\",\"name\":\"SHOPATOA\",\"description\":\"\",\"publisher\":{\"@id\":\"https:\\\/\\\/shopatoa.com\\\/ro\\\/#organization\"},\"potentialAction\":[{\"@type\":\"SearchAction\",\"target\":{\"@type\":\"EntryPoint\",\"urlTemplate\":\"https:\\\/\\\/shopatoa.com\\\/ro\\\/?s={search_term_string}\"},\"query-input\":{\"@type\":\"PropertyValueSpecification\",\"valueRequired\":true,\"valueName\":\"search_term_string\"}}],\"inLanguage\":\"ro-RO\"},{\"@type\":\"Organization\",\"@id\":\"https:\\\/\\\/shopatoa.com\\\/ro\\\/#organization\",\"name\":\"SHOPATOA\",\"url\":\"https:\\\/\\\/shopatoa.com\\\/ro\\\/\",\"logo\":{\"@type\":\"ImageObject\",\"inLanguage\":\"ro-RO\",\"@id\":\"https:\\\/\\\/shopatoa.com\\\/ro\\\/#\\\/schema\\\/logo\\\/image\\\/\",\"url\":\"https:\\\/\\\/storage.googleapis.com\\\/cz-shopatoa-img\\\/ro\\\/b4dac915-shopatoa_logo.png\",\"contentUrl\":\"https:\\\/\\\/storage.googleapis.com\\\/cz-shopatoa-img\\\/ro\\\/b4dac915-shopatoa_logo.png\",\"width\":416,\"height\":63,\"caption\":\"SHOPATOA\"},\"image\":{\"@id\":\"https:\\\/\\\/shopatoa.com\\\/ro\\\/#\\\/schema\\\/logo\\\/image\\\/\"}}]}<\/script>\n<!-- \/ Yoast SEO plugin. -->","yoast_head_json":{"title":"La Prairie Crem\u0103 de fermitate (Skin Caviar Luxe Cream) 100 ml - SHOPATOA.COM","robots":{"index":"index","follow":"follow","max-snippet":"max-snippet:-1","max-image-preview":"max-image-preview:large","max-video-preview":"max-video-preview:-1"},"canonical":"https:\/\/shopatoa.com\/ro\/la-prairie-crema-de-fermitate-skin-caviar-luxe-cream-100-ml\/","og_locale":"ro_RO","og_type":"article","og_title":"La Prairie Crem\u0103 de fermitate (Skin Caviar Luxe Cream) 100 ml - SHOPATOA.COM","og_description":"\u201eCrem\u0103 de fa\u021b\u0103 de top cu efecte de fermitate\u201d. Crema elegant\u0103 hidrateaz\u0103 \u0219i r\u0103sfa\u021b\u0103, acizii AHA efectueaz\u0103 o exfoliere bland\u0103 si netezesc pielea. \u00cembun\u0103t\u0103\u021be\u0219te elasticitatea \u0219i fermitatea pielii, adaug\u0103 un aspect radiant \u0219i moale. Compozi\u021bia acestui produs este at\u00e2t de unic\u0103 \u0219i de eficient\u0103 \u00eenc\u00e2t poate oferi pielii un aspect radiant pe care nu l-a\u021bi...","og_url":"https:\/\/shopatoa.com\/ro\/la-prairie-crema-de-fermitate-skin-caviar-luxe-cream-100-ml\/","og_site_name":"SHOPATOA","article_modified_time":"2025-12-10T02:55:05+00:00","og_image":[{"width":800,"height":800,"url":"https:\/\/storage.googleapis.com\/cz-shopatoa-img\/ro\/0ee4749a-unnamed-file.webp","type":"image\/webp"}],"twitter_card":"summary_large_image","twitter_misc":{"Timp estimat pentru citire":"1 minut"},"schema":{"@context":"https:\/\/schema.org","@graph":[{"@type":"WebPage","@id":"https:\/\/shopatoa.com\/ro\/la-prairie-crema-de-fermitate-skin-caviar-luxe-cream-100-ml\/","url":"https:\/\/shopatoa.com\/ro\/la-prairie-crema-de-fermitate-skin-caviar-luxe-cream-100-ml\/","name":"La Prairie Crem\u0103 de fermitate (Skin Caviar Luxe Cream) 100 ml - SHOPATOA.COM","isPartOf":{"@id":"https:\/\/shopatoa.com\/ro\/#website"},"primaryImageOfPage":{"@id":"https:\/\/shopatoa.com\/ro\/la-prairie-crema-de-fermitate-skin-caviar-luxe-cream-100-ml\/#primaryimage"},"image":{"@id":"https:\/\/shopatoa.com\/ro\/la-prairie-crema-de-fermitate-skin-caviar-luxe-cream-100-ml\/#primaryimage"},"thumbnailUrl":"https:\/\/storage.googleapis.com\/cz-shopatoa-img\/ro\/0ee4749a-unnamed-file.webp","datePublished":"2025-04-26T03:01:38+00:00","dateModified":"2025-12-10T02:55:05+00:00","breadcrumb":{"@id":"https:\/\/shopatoa.com\/ro\/la-prairie-crema-de-fermitate-skin-caviar-luxe-cream-100-ml\/#breadcrumb"},"inLanguage":"ro-RO","potentialAction":[{"@type":"ReadAction","target":["https:\/\/shopatoa.com\/ro\/la-prairie-crema-de-fermitate-skin-caviar-luxe-cream-100-ml\/"]}]},{"@type":"ImageObject","inLanguage":"ro-RO","@id":"https:\/\/shopatoa.com\/ro\/la-prairie-crema-de-fermitate-skin-caviar-luxe-cream-100-ml\/#primaryimage","url":"https:\/\/storage.googleapis.com\/cz-shopatoa-img\/ro\/0ee4749a-unnamed-file.webp","contentUrl":"https:\/\/storage.googleapis.com\/cz-shopatoa-img\/ro\/0ee4749a-unnamed-file.webp","width":800,"height":800},{"@type":"BreadcrumbList","@id":"https:\/\/shopatoa.com\/ro\/la-prairie-crema-de-fermitate-skin-caviar-luxe-cream-100-ml\/#breadcrumb","itemListElement":[{"@type":"ListItem","position":1,"name":"Dom\u016f","item":"https:\/\/shopatoa.com\/ro\/"},{"@type":"ListItem","position":2,"name":"Shop","item":"https:\/\/shopatoa.com\/ro\/shop\/"},{"@type":"ListItem","position":3,"name":"Cosmetice","item":"https:\/\/shopatoa.com\/ro\/cosmetice\/"},{"@type":"ListItem","position":4,"name":"Produse cosmetice pentru piele","item":"https:\/\/shopatoa.com\/ro\/produse-cosmetice-pentru-piele\/"},{"@type":"ListItem","position":5,"name":"Produse cosmetice de \u00eengrijire a pielii","item":"https:\/\/shopatoa.com\/ro\/produse-cosmetice-de-ingrijire-a-pielii\/"},{"@type":"ListItem","position":6,"name":"Hidratarea \u0219i nutri\u021bia pielii","item":"https:\/\/shopatoa.com\/ro\/hidratarea-si-nutritia-pielii\/"},{"@type":"ListItem","position":7,"name":"La Prairie Crem\u0103 de fermitate (Skin Caviar Luxe Cream) 100 ml"}]},{"@type":"WebSite","@id":"https:\/\/shopatoa.com\/ro\/#website","url":"https:\/\/shopatoa.com\/ro\/","name":"SHOPATOA","description":"","publisher":{"@id":"https:\/\/shopatoa.com\/ro\/#organization"},"potentialAction":[{"@type":"SearchAction","target":{"@type":"EntryPoint","urlTemplate":"https:\/\/shopatoa.com\/ro\/?s={search_term_string}"},"query-input":{"@type":"PropertyValueSpecification","valueRequired":true,"valueName":"search_term_string"}}],"inLanguage":"ro-RO"},{"@type":"Organization","@id":"https:\/\/shopatoa.com\/ro\/#organization","name":"SHOPATOA","url":"https:\/\/shopatoa.com\/ro\/","logo":{"@type":"ImageObject","inLanguage":"ro-RO","@id":"https:\/\/shopatoa.com\/ro\/#\/schema\/logo\/image\/","url":"https:\/\/storage.googleapis.com\/cz-shopatoa-img\/ro\/b4dac915-shopatoa_logo.png","contentUrl":"https:\/\/storage.googleapis.com\/cz-shopatoa-img\/ro\/b4dac915-shopatoa_logo.png","width":416,"height":63,"caption":"SHOPATOA"},"image":{"@id":"https:\/\/shopatoa.com\/ro\/#\/schema\/logo\/image\/"}}]}},"_links":{"self":[{"href":"https:\/\/shopatoa.com\/ro\/wp-json\/wp\/v2\/product\/255641","targetHints":{"allow":["GET"]}}],"collection":[{"href":"https:\/\/shopatoa.com\/ro\/wp-json\/wp\/v2\/product"}],"about":[{"href":"https:\/\/shopatoa.com\/ro\/wp-json\/wp\/v2\/types\/product"}],"replies":[{"embeddable":true,"href":"https:\/\/shopatoa.com\/ro\/wp-json\/wp\/v2\/comments?post=255641"}],"wp:featuredmedia":[{"embeddable":true,"href":"https:\/\/shopatoa.com\/ro\/wp-json\/wp\/v2\/media\/255642"}],"wp:attachment":[{"href":"https:\/\/shopatoa.com\/ro\/wp-json\/wp\/v2\/media?parent=255641"}],"wp:term":[{"taxonomy":"product_brand","embeddable":true,"href":"https:\/\/shopatoa.com\/ro\/wp-json\/wp\/v2\/product_brand?post=255641"},{"taxonomy":"product_cat","embeddable":true,"href":"https:\/\/shopatoa.com\/ro\/wp-json\/wp\/v2\/product_cat?post=255641"},{"taxonomy":"product_tag","embeddable":true,"href":"https:\/\/shopatoa.com\/ro\/wp-json\/wp\/v2\/product_tag?post=255641"}],"curies":[{"name":"wp","href":"https:\/\/api.w.org\/{rel}","templated":true}]}}