{"id":255683,"date":"2025-04-26T05:11:05","date_gmt":"2025-04-26T03:11:05","guid":{"rendered":"https:\/\/shopatoa.com\/ro\/le-chaton-crema-antirid-tresor-creme-hightech-lifting-30-g\/"},"modified":"2025-12-10T03:46:31","modified_gmt":"2025-12-10T02:46:31","slug":"le-chaton-crema-antirid-tresor-creme-hightech-lifting-30-g","status":"publish","type":"product","link":"https:\/\/shopatoa.com\/ro\/le-chaton-crema-antirid-tresor-creme-hightech-lifting-30-g\/","title":{"rendered":"Le Chaton Crema antirid Tr\u00e9sor Cr\u00e9me (Hightech Lifting) 30 g"},"content":{"rendered":"<p>Crema \u00eent\u0103re\u0219te, lumineaz\u0103, calmeaz\u0103 \u0219i protejeaz\u0103. Ingrediente active: Untul de capr\u0103 din lapte de capr\u0103 \u2013 are un efect benefic asupra pielii, pe care o hr\u0103ne\u0219te, catifeleaz\u0103, este o sursa natural\u0103 de vitamine A \u0219i D. Un amestec de proteine hidrolizate de ov\u0103z, ATP \u0219i niacinamid\u0103 \u00een Butylenglycolu pentru a facilita p\u0103trunderea \u00een piele. Laminaria Ochroleuca &#8211; extract de alge aurii &#8211; calmeaz\u0103 foarte eficient pielea. Previne sau limiteaz\u0103 producerea de citokine Interleukina 1 \u0219i Interleukina 6, care sunt responsabile de inducerea proceselor inflamatorii la nivelul pielii. De asemenea, contracareaz\u0103 stresul pielii cauzat de radia\u021biile UV. Func\u021bioneaz\u0103 ca un filtru UV fiziologic. Protejeaz\u0103 celulele pielii de radia\u021biile UV d\u0103un\u0103toare. Spilanthol &#8211; extras din frunzele \u0219i florile de Plamatka verde aduce un efect miorelaxant rapid care blocheaz\u0103 contrac\u021biile faciale. Calycosin \u0219i Formononetin &#8211; sunt flavonoide ob\u021binute din r\u0103d\u0103cina Kozinc melanitic, care \u00eent\u0103resc sinteza acidului hialuronic \u00een piele, care \u00ee\u0219i recap\u0103t\u0103 astfel flexibilitatea \u0219i elasticitatea. V\u0103 recomand\u0103m s\u0103 combina\u021bi cu alte produse Le Chaton. \u00cen oferta noastr\u0103 ve\u021bi g\u0103si \u0219i marca La Ch\u00e9vre de la acela\u0219i produc\u0103tor.<\/p>\n","protected":false},"excerpt":{"rendered":"<p>Crema \u00eent\u0103re\u0219te, lumineaz\u0103, calmeaz\u0103 \u0219i protejeaz\u0103. Ingrediente active: Untul de capr\u0103 din lapte de capr\u0103 \u2013 are un efect benefic asupra pielii, pe care o hr\u0103ne\u0219te, catifeleaz\u0103, este o sursa natural\u0103 de vitamine A \u0219i D. Un amestec de proteine hidrolizate de ov\u0103z, ATP \u0219i niacinamid\u0103 \u00een Butylenglycolu pentru a facilita p\u0103trunderea \u00een piele. Laminaria&#8230;<\/p>\n","protected":false},"featured_media":255684,"comment_status":"closed","ping_status":"open","template":"","meta":{"_acf_changed":false,"_kadence_starter_templates_imported_post":false,"_kad_post_transparent":"","_kad_post_title":"","_kad_post_layout":"","_kad_post_sidebar_id":"","_kad_post_content_style":"","_kad_post_vertical_padding":"","_kad_post_feature":"","_kad_post_feature_position":"","_kad_post_header":false,"_kad_post_footer":false,"_kad_post_classname":""},"product_brand":[790],"product_cat":[246,635,634,633],"product_tag":[],"class_list":{"0":"post-255683","1":"product","2":"type-product","3":"status-publish","4":"has-post-thumbnail","6":"product_brand-le-chaton","7":"product_cat-cosmetice","8":"product_cat-hidratarea-si-nutritia-pielii","9":"product_cat-produse-cosmetice-de-ingrijire-a-pielii","10":"product_cat-produse-cosmetice-pentru-piele","12":"first","13":"instock","14":"product-type-external","15":"entry","16":"content-bg","17":"loop-entry"},"acf":[],"yoast_head":"<!-- This site is optimized with the Yoast SEO plugin v27.3 - https:\/\/yoast.com\/product\/yoast-seo-wordpress\/ -->\n<title>Le Chaton Crema antirid Tr\u00e9sor Cr\u00e9me (Hightech Lifting) 30 g - SHOPATOA.COM<\/title>\n<meta name=\"robots\" content=\"index, follow, max-snippet:-1, max-image-preview:large, max-video-preview:-1\" \/>\n<link rel=\"canonical\" href=\"https:\/\/shopatoa.com\/ro\/le-chaton-crema-antirid-tresor-creme-hightech-lifting-30-g\/\" \/>\n<meta property=\"og:locale\" content=\"ro_RO\" \/>\n<meta property=\"og:type\" content=\"article\" \/>\n<meta property=\"og:title\" content=\"Le Chaton Crema antirid Tr\u00e9sor Cr\u00e9me (Hightech Lifting) 30 g - SHOPATOA.COM\" \/>\n<meta property=\"og:description\" content=\"Crema \u00eent\u0103re\u0219te, lumineaz\u0103, calmeaz\u0103 \u0219i protejeaz\u0103. Ingrediente active: Untul de capr\u0103 din lapte de capr\u0103 \u2013 are un efect benefic asupra pielii, pe care o hr\u0103ne\u0219te, catifeleaz\u0103, este o sursa natural\u0103 de vitamine A \u0219i D. Un amestec de proteine hidrolizate de ov\u0103z, ATP \u0219i niacinamid\u0103 \u00een Butylenglycolu pentru a facilita p\u0103trunderea \u00een piele. Laminaria...\" \/>\n<meta property=\"og:url\" content=\"https:\/\/shopatoa.com\/ro\/le-chaton-crema-antirid-tresor-creme-hightech-lifting-30-g\/\" \/>\n<meta property=\"og:site_name\" content=\"SHOPATOA\" \/>\n<meta property=\"article:modified_time\" content=\"2025-12-10T02:46:31+00:00\" \/>\n<meta property=\"og:image\" content=\"https:\/\/storage.googleapis.com\/cz-shopatoa-img\/ro\/e4e854a9-unnamed-file.webp\" \/>\n\t<meta property=\"og:image:width\" content=\"800\" \/>\n\t<meta property=\"og:image:height\" content=\"800\" \/>\n\t<meta property=\"og:image:type\" content=\"image\/webp\" \/>\n<meta name=\"twitter:card\" content=\"summary_large_image\" \/>\n<meta name=\"twitter:label1\" content=\"Timp estimat pentru citire\" \/>\n\t<meta name=\"twitter:data1\" content=\"1 minut\" \/>\n<script type=\"application\/ld+json\" class=\"yoast-schema-graph\">{\"@context\":\"https:\\\/\\\/schema.org\",\"@graph\":[{\"@type\":\"WebPage\",\"@id\":\"https:\\\/\\\/shopatoa.com\\\/ro\\\/le-chaton-crema-antirid-tresor-creme-hightech-lifting-30-g\\\/\",\"url\":\"https:\\\/\\\/shopatoa.com\\\/ro\\\/le-chaton-crema-antirid-tresor-creme-hightech-lifting-30-g\\\/\",\"name\":\"Le Chaton Crema antirid Tr\u00e9sor Cr\u00e9me (Hightech Lifting) 30 g - SHOPATOA.COM\",\"isPartOf\":{\"@id\":\"https:\\\/\\\/shopatoa.com\\\/ro\\\/#website\"},\"primaryImageOfPage\":{\"@id\":\"https:\\\/\\\/shopatoa.com\\\/ro\\\/le-chaton-crema-antirid-tresor-creme-hightech-lifting-30-g\\\/#primaryimage\"},\"image\":{\"@id\":\"https:\\\/\\\/shopatoa.com\\\/ro\\\/le-chaton-crema-antirid-tresor-creme-hightech-lifting-30-g\\\/#primaryimage\"},\"thumbnailUrl\":\"https:\\\/\\\/storage.googleapis.com\\\/cz-shopatoa-img\\\/ro\\\/e4e854a9-unnamed-file.webp\",\"datePublished\":\"2025-04-26T03:11:05+00:00\",\"dateModified\":\"2025-12-10T02:46:31+00:00\",\"breadcrumb\":{\"@id\":\"https:\\\/\\\/shopatoa.com\\\/ro\\\/le-chaton-crema-antirid-tresor-creme-hightech-lifting-30-g\\\/#breadcrumb\"},\"inLanguage\":\"ro-RO\",\"potentialAction\":[{\"@type\":\"ReadAction\",\"target\":[\"https:\\\/\\\/shopatoa.com\\\/ro\\\/le-chaton-crema-antirid-tresor-creme-hightech-lifting-30-g\\\/\"]}]},{\"@type\":\"ImageObject\",\"inLanguage\":\"ro-RO\",\"@id\":\"https:\\\/\\\/shopatoa.com\\\/ro\\\/le-chaton-crema-antirid-tresor-creme-hightech-lifting-30-g\\\/#primaryimage\",\"url\":\"https:\\\/\\\/storage.googleapis.com\\\/cz-shopatoa-img\\\/ro\\\/e4e854a9-unnamed-file.webp\",\"contentUrl\":\"https:\\\/\\\/storage.googleapis.com\\\/cz-shopatoa-img\\\/ro\\\/e4e854a9-unnamed-file.webp\",\"width\":800,\"height\":800},{\"@type\":\"BreadcrumbList\",\"@id\":\"https:\\\/\\\/shopatoa.com\\\/ro\\\/le-chaton-crema-antirid-tresor-creme-hightech-lifting-30-g\\\/#breadcrumb\",\"itemListElement\":[{\"@type\":\"ListItem\",\"position\":1,\"name\":\"Dom\u016f\",\"item\":\"https:\\\/\\\/shopatoa.com\\\/ro\\\/\"},{\"@type\":\"ListItem\",\"position\":2,\"name\":\"Shop\",\"item\":\"https:\\\/\\\/shopatoa.com\\\/ro\\\/shop\\\/\"},{\"@type\":\"ListItem\",\"position\":3,\"name\":\"Cosmetice\",\"item\":\"https:\\\/\\\/shopatoa.com\\\/ro\\\/cosmetice\\\/\"},{\"@type\":\"ListItem\",\"position\":4,\"name\":\"Produse cosmetice pentru piele\",\"item\":\"https:\\\/\\\/shopatoa.com\\\/ro\\\/produse-cosmetice-pentru-piele\\\/\"},{\"@type\":\"ListItem\",\"position\":5,\"name\":\"Produse cosmetice de \u00eengrijire a pielii\",\"item\":\"https:\\\/\\\/shopatoa.com\\\/ro\\\/produse-cosmetice-de-ingrijire-a-pielii\\\/\"},{\"@type\":\"ListItem\",\"position\":6,\"name\":\"Hidratarea \u0219i nutri\u021bia pielii\",\"item\":\"https:\\\/\\\/shopatoa.com\\\/ro\\\/hidratarea-si-nutritia-pielii\\\/\"},{\"@type\":\"ListItem\",\"position\":7,\"name\":\"Le Chaton Crema antirid Tr\u00e9sor Cr\u00e9me (Hightech Lifting) 30 g\"}]},{\"@type\":\"WebSite\",\"@id\":\"https:\\\/\\\/shopatoa.com\\\/ro\\\/#website\",\"url\":\"https:\\\/\\\/shopatoa.com\\\/ro\\\/\",\"name\":\"SHOPATOA\",\"description\":\"\",\"publisher\":{\"@id\":\"https:\\\/\\\/shopatoa.com\\\/ro\\\/#organization\"},\"potentialAction\":[{\"@type\":\"SearchAction\",\"target\":{\"@type\":\"EntryPoint\",\"urlTemplate\":\"https:\\\/\\\/shopatoa.com\\\/ro\\\/?s={search_term_string}\"},\"query-input\":{\"@type\":\"PropertyValueSpecification\",\"valueRequired\":true,\"valueName\":\"search_term_string\"}}],\"inLanguage\":\"ro-RO\"},{\"@type\":\"Organization\",\"@id\":\"https:\\\/\\\/shopatoa.com\\\/ro\\\/#organization\",\"name\":\"SHOPATOA\",\"url\":\"https:\\\/\\\/shopatoa.com\\\/ro\\\/\",\"logo\":{\"@type\":\"ImageObject\",\"inLanguage\":\"ro-RO\",\"@id\":\"https:\\\/\\\/shopatoa.com\\\/ro\\\/#\\\/schema\\\/logo\\\/image\\\/\",\"url\":\"https:\\\/\\\/storage.googleapis.com\\\/cz-shopatoa-img\\\/ro\\\/b4dac915-shopatoa_logo.png\",\"contentUrl\":\"https:\\\/\\\/storage.googleapis.com\\\/cz-shopatoa-img\\\/ro\\\/b4dac915-shopatoa_logo.png\",\"width\":416,\"height\":63,\"caption\":\"SHOPATOA\"},\"image\":{\"@id\":\"https:\\\/\\\/shopatoa.com\\\/ro\\\/#\\\/schema\\\/logo\\\/image\\\/\"}}]}<\/script>\n<!-- \/ Yoast SEO plugin. -->","yoast_head_json":{"title":"Le Chaton Crema antirid Tr\u00e9sor Cr\u00e9me (Hightech Lifting) 30 g - SHOPATOA.COM","robots":{"index":"index","follow":"follow","max-snippet":"max-snippet:-1","max-image-preview":"max-image-preview:large","max-video-preview":"max-video-preview:-1"},"canonical":"https:\/\/shopatoa.com\/ro\/le-chaton-crema-antirid-tresor-creme-hightech-lifting-30-g\/","og_locale":"ro_RO","og_type":"article","og_title":"Le Chaton Crema antirid Tr\u00e9sor Cr\u00e9me (Hightech Lifting) 30 g - SHOPATOA.COM","og_description":"Crema \u00eent\u0103re\u0219te, lumineaz\u0103, calmeaz\u0103 \u0219i protejeaz\u0103. Ingrediente active: Untul de capr\u0103 din lapte de capr\u0103 \u2013 are un efect benefic asupra pielii, pe care o hr\u0103ne\u0219te, catifeleaz\u0103, este o sursa natural\u0103 de vitamine A \u0219i D. Un amestec de proteine hidrolizate de ov\u0103z, ATP \u0219i niacinamid\u0103 \u00een Butylenglycolu pentru a facilita p\u0103trunderea \u00een piele. Laminaria...","og_url":"https:\/\/shopatoa.com\/ro\/le-chaton-crema-antirid-tresor-creme-hightech-lifting-30-g\/","og_site_name":"SHOPATOA","article_modified_time":"2025-12-10T02:46:31+00:00","og_image":[{"width":800,"height":800,"url":"https:\/\/storage.googleapis.com\/cz-shopatoa-img\/ro\/e4e854a9-unnamed-file.webp","type":"image\/webp"}],"twitter_card":"summary_large_image","twitter_misc":{"Timp estimat pentru citire":"1 minut"},"schema":{"@context":"https:\/\/schema.org","@graph":[{"@type":"WebPage","@id":"https:\/\/shopatoa.com\/ro\/le-chaton-crema-antirid-tresor-creme-hightech-lifting-30-g\/","url":"https:\/\/shopatoa.com\/ro\/le-chaton-crema-antirid-tresor-creme-hightech-lifting-30-g\/","name":"Le Chaton Crema antirid Tr\u00e9sor Cr\u00e9me (Hightech Lifting) 30 g - SHOPATOA.COM","isPartOf":{"@id":"https:\/\/shopatoa.com\/ro\/#website"},"primaryImageOfPage":{"@id":"https:\/\/shopatoa.com\/ro\/le-chaton-crema-antirid-tresor-creme-hightech-lifting-30-g\/#primaryimage"},"image":{"@id":"https:\/\/shopatoa.com\/ro\/le-chaton-crema-antirid-tresor-creme-hightech-lifting-30-g\/#primaryimage"},"thumbnailUrl":"https:\/\/storage.googleapis.com\/cz-shopatoa-img\/ro\/e4e854a9-unnamed-file.webp","datePublished":"2025-04-26T03:11:05+00:00","dateModified":"2025-12-10T02:46:31+00:00","breadcrumb":{"@id":"https:\/\/shopatoa.com\/ro\/le-chaton-crema-antirid-tresor-creme-hightech-lifting-30-g\/#breadcrumb"},"inLanguage":"ro-RO","potentialAction":[{"@type":"ReadAction","target":["https:\/\/shopatoa.com\/ro\/le-chaton-crema-antirid-tresor-creme-hightech-lifting-30-g\/"]}]},{"@type":"ImageObject","inLanguage":"ro-RO","@id":"https:\/\/shopatoa.com\/ro\/le-chaton-crema-antirid-tresor-creme-hightech-lifting-30-g\/#primaryimage","url":"https:\/\/storage.googleapis.com\/cz-shopatoa-img\/ro\/e4e854a9-unnamed-file.webp","contentUrl":"https:\/\/storage.googleapis.com\/cz-shopatoa-img\/ro\/e4e854a9-unnamed-file.webp","width":800,"height":800},{"@type":"BreadcrumbList","@id":"https:\/\/shopatoa.com\/ro\/le-chaton-crema-antirid-tresor-creme-hightech-lifting-30-g\/#breadcrumb","itemListElement":[{"@type":"ListItem","position":1,"name":"Dom\u016f","item":"https:\/\/shopatoa.com\/ro\/"},{"@type":"ListItem","position":2,"name":"Shop","item":"https:\/\/shopatoa.com\/ro\/shop\/"},{"@type":"ListItem","position":3,"name":"Cosmetice","item":"https:\/\/shopatoa.com\/ro\/cosmetice\/"},{"@type":"ListItem","position":4,"name":"Produse cosmetice pentru piele","item":"https:\/\/shopatoa.com\/ro\/produse-cosmetice-pentru-piele\/"},{"@type":"ListItem","position":5,"name":"Produse cosmetice de \u00eengrijire a pielii","item":"https:\/\/shopatoa.com\/ro\/produse-cosmetice-de-ingrijire-a-pielii\/"},{"@type":"ListItem","position":6,"name":"Hidratarea \u0219i nutri\u021bia pielii","item":"https:\/\/shopatoa.com\/ro\/hidratarea-si-nutritia-pielii\/"},{"@type":"ListItem","position":7,"name":"Le Chaton Crema antirid Tr\u00e9sor Cr\u00e9me (Hightech Lifting) 30 g"}]},{"@type":"WebSite","@id":"https:\/\/shopatoa.com\/ro\/#website","url":"https:\/\/shopatoa.com\/ro\/","name":"SHOPATOA","description":"","publisher":{"@id":"https:\/\/shopatoa.com\/ro\/#organization"},"potentialAction":[{"@type":"SearchAction","target":{"@type":"EntryPoint","urlTemplate":"https:\/\/shopatoa.com\/ro\/?s={search_term_string}"},"query-input":{"@type":"PropertyValueSpecification","valueRequired":true,"valueName":"search_term_string"}}],"inLanguage":"ro-RO"},{"@type":"Organization","@id":"https:\/\/shopatoa.com\/ro\/#organization","name":"SHOPATOA","url":"https:\/\/shopatoa.com\/ro\/","logo":{"@type":"ImageObject","inLanguage":"ro-RO","@id":"https:\/\/shopatoa.com\/ro\/#\/schema\/logo\/image\/","url":"https:\/\/storage.googleapis.com\/cz-shopatoa-img\/ro\/b4dac915-shopatoa_logo.png","contentUrl":"https:\/\/storage.googleapis.com\/cz-shopatoa-img\/ro\/b4dac915-shopatoa_logo.png","width":416,"height":63,"caption":"SHOPATOA"},"image":{"@id":"https:\/\/shopatoa.com\/ro\/#\/schema\/logo\/image\/"}}]}},"_links":{"self":[{"href":"https:\/\/shopatoa.com\/ro\/wp-json\/wp\/v2\/product\/255683","targetHints":{"allow":["GET"]}}],"collection":[{"href":"https:\/\/shopatoa.com\/ro\/wp-json\/wp\/v2\/product"}],"about":[{"href":"https:\/\/shopatoa.com\/ro\/wp-json\/wp\/v2\/types\/product"}],"replies":[{"embeddable":true,"href":"https:\/\/shopatoa.com\/ro\/wp-json\/wp\/v2\/comments?post=255683"}],"wp:featuredmedia":[{"embeddable":true,"href":"https:\/\/shopatoa.com\/ro\/wp-json\/wp\/v2\/media\/255684"}],"wp:attachment":[{"href":"https:\/\/shopatoa.com\/ro\/wp-json\/wp\/v2\/media?parent=255683"}],"wp:term":[{"taxonomy":"product_brand","embeddable":true,"href":"https:\/\/shopatoa.com\/ro\/wp-json\/wp\/v2\/product_brand?post=255683"},{"taxonomy":"product_cat","embeddable":true,"href":"https:\/\/shopatoa.com\/ro\/wp-json\/wp\/v2\/product_cat?post=255683"},{"taxonomy":"product_tag","embeddable":true,"href":"https:\/\/shopatoa.com\/ro\/wp-json\/wp\/v2\/product_tag?post=255683"}],"curies":[{"name":"wp","href":"https:\/\/api.w.org\/{rel}","templated":true}]}}