{"id":255767,"date":"2025-04-26T05:26:41","date_gmt":"2025-04-26T03:26:41","guid":{"rendered":"https:\/\/shopatoa.com\/ro\/scholl-branturi-de-gel-pentru-incaltaminte-de-femei-gel-activ-sport-1-pereche\/"},"modified":"2025-12-10T03:42:41","modified_gmt":"2025-12-10T02:42:41","slug":"scholl-branturi-de-gel-pentru-incaltaminte-de-femei-gel-activ-sport-1-pereche","status":"publish","type":"product","link":"https:\/\/shopatoa.com\/ro\/scholl-branturi-de-gel-pentru-incaltaminte-de-femei-gel-activ-sport-1-pereche\/","title":{"rendered":"Scholl Bran\u021buri de gel pentru \u00eenc\u0103l\u021b\u0103minte de femei Gel Activ Sport 1 pereche"},"content":{"rendered":"<p>Bran\u021buri cu gel pentru pantofi Scholl Sport pentru femei cu tehnologie special\u0103 GelActive care absoarbe eficient \u0219ocurile din zona c\u0103lc\u00e2ielor, genunchilor \u0219i gleznelor \u0219i ajut\u0103 la reducerea presiunii exercitate asupra picioarelor \u00een timpul alerg\u0103rii sau sportului. Forma bran\u021bului ortopedic cu suport puternic pentru bolta piciorului este conceput\u0103 pentru confort pe tot parcursul zilei. Bran\u021bul se potrive\u0219te bine \u00een pantofii sport. M\u0103rimea bran\u021bului poate fi ajustat\u0103, dup\u0103 necesitate.<\/p>\n","protected":false},"excerpt":{"rendered":"<p>Bran\u021buri cu gel pentru pantofi Scholl Sport pentru femei cu tehnologie special\u0103 GelActive care absoarbe eficient \u0219ocurile din zona c\u0103lc\u00e2ielor, genunchilor \u0219i gleznelor \u0219i ajut\u0103 la reducerea presiunii exercitate asupra picioarelor \u00een timpul alerg\u0103rii sau sportului. Forma bran\u021bului ortopedic cu suport puternic pentru bolta piciorului este conceput\u0103 pentru confort pe tot parcursul zilei. Bran\u021bul se&#8230;<\/p>\n","protected":false},"featured_media":255768,"comment_status":"closed","ping_status":"open","template":"","meta":{"_acf_changed":false,"_kadence_starter_templates_imported_post":false,"_kad_post_transparent":"","_kad_post_title":"","_kad_post_layout":"","_kad_post_sidebar_id":"","_kad_post_content_style":"","_kad_post_vertical_padding":"","_kad_post_feature":"","_kad_post_feature_position":"","_kad_post_header":false,"_kad_post_footer":false,"_kad_post_classname":""},"product_brand":[800],"product_cat":[246,611,730],"product_tag":[],"class_list":{"0":"post-255767","1":"product","2":"type-product","3":"status-publish","4":"has-post-thumbnail","6":"product_brand-scholl","7":"product_cat-cosmetice","8":"product_cat-produse-cosmetice-pentru-corp","9":"product_cat-produse-cosmetice-pentru-ingrijirea-picioarelor","11":"first","12":"instock","13":"sale","14":"product-type-external","15":"entry","16":"content-bg","17":"loop-entry"},"acf":[],"yoast_head":"<!-- This site is optimized with the Yoast SEO plugin v27.4 - https:\/\/yoast.com\/product\/yoast-seo-wordpress\/ -->\n<title>Scholl Bran\u021buri de gel pentru \u00eenc\u0103l\u021b\u0103minte de femei Gel Activ Sport 1 pereche - SHOPATOA.COM<\/title>\n<meta name=\"robots\" content=\"index, follow, max-snippet:-1, max-image-preview:large, max-video-preview:-1\" \/>\n<link rel=\"canonical\" href=\"https:\/\/shopatoa.com\/ro\/scholl-branturi-de-gel-pentru-incaltaminte-de-femei-gel-activ-sport-1-pereche\/\" \/>\n<meta property=\"og:locale\" content=\"ro_RO\" \/>\n<meta property=\"og:type\" content=\"article\" \/>\n<meta property=\"og:title\" content=\"Scholl Bran\u021buri de gel pentru \u00eenc\u0103l\u021b\u0103minte de femei Gel Activ Sport 1 pereche - SHOPATOA.COM\" \/>\n<meta property=\"og:description\" content=\"Bran\u021buri cu gel pentru pantofi Scholl Sport pentru femei cu tehnologie special\u0103 GelActive care absoarbe eficient \u0219ocurile din zona c\u0103lc\u00e2ielor, genunchilor \u0219i gleznelor \u0219i ajut\u0103 la reducerea presiunii exercitate asupra picioarelor \u00een timpul alerg\u0103rii sau sportului. Forma bran\u021bului ortopedic cu suport puternic pentru bolta piciorului este conceput\u0103 pentru confort pe tot parcursul zilei. Bran\u021bul se...\" \/>\n<meta property=\"og:url\" content=\"https:\/\/shopatoa.com\/ro\/scholl-branturi-de-gel-pentru-incaltaminte-de-femei-gel-activ-sport-1-pereche\/\" \/>\n<meta property=\"og:site_name\" content=\"SHOPATOA\" \/>\n<meta property=\"article:modified_time\" content=\"2025-12-10T02:42:41+00:00\" \/>\n<meta property=\"og:image\" content=\"https:\/\/storage.googleapis.com\/cz-shopatoa-img\/ro\/08979162-unnamed-file.webp\" \/>\n\t<meta property=\"og:image:width\" content=\"800\" \/>\n\t<meta property=\"og:image:height\" content=\"800\" \/>\n\t<meta property=\"og:image:type\" content=\"image\/webp\" \/>\n<meta name=\"twitter:card\" content=\"summary_large_image\" \/>\n<script type=\"application\/ld+json\" class=\"yoast-schema-graph\">{\"@context\":\"https:\\\/\\\/schema.org\",\"@graph\":[{\"@type\":\"WebPage\",\"@id\":\"https:\\\/\\\/shopatoa.com\\\/ro\\\/scholl-branturi-de-gel-pentru-incaltaminte-de-femei-gel-activ-sport-1-pereche\\\/\",\"url\":\"https:\\\/\\\/shopatoa.com\\\/ro\\\/scholl-branturi-de-gel-pentru-incaltaminte-de-femei-gel-activ-sport-1-pereche\\\/\",\"name\":\"Scholl Bran\u021buri de gel pentru \u00eenc\u0103l\u021b\u0103minte de femei Gel Activ Sport 1 pereche - SHOPATOA.COM\",\"isPartOf\":{\"@id\":\"https:\\\/\\\/shopatoa.com\\\/ro\\\/#website\"},\"primaryImageOfPage\":{\"@id\":\"https:\\\/\\\/shopatoa.com\\\/ro\\\/scholl-branturi-de-gel-pentru-incaltaminte-de-femei-gel-activ-sport-1-pereche\\\/#primaryimage\"},\"image\":{\"@id\":\"https:\\\/\\\/shopatoa.com\\\/ro\\\/scholl-branturi-de-gel-pentru-incaltaminte-de-femei-gel-activ-sport-1-pereche\\\/#primaryimage\"},\"thumbnailUrl\":\"https:\\\/\\\/storage.googleapis.com\\\/cz-shopatoa-img\\\/ro\\\/08979162-unnamed-file.webp\",\"datePublished\":\"2025-04-26T03:26:41+00:00\",\"dateModified\":\"2025-12-10T02:42:41+00:00\",\"breadcrumb\":{\"@id\":\"https:\\\/\\\/shopatoa.com\\\/ro\\\/scholl-branturi-de-gel-pentru-incaltaminte-de-femei-gel-activ-sport-1-pereche\\\/#breadcrumb\"},\"inLanguage\":\"ro-RO\",\"potentialAction\":[{\"@type\":\"ReadAction\",\"target\":[\"https:\\\/\\\/shopatoa.com\\\/ro\\\/scholl-branturi-de-gel-pentru-incaltaminte-de-femei-gel-activ-sport-1-pereche\\\/\"]}]},{\"@type\":\"ImageObject\",\"inLanguage\":\"ro-RO\",\"@id\":\"https:\\\/\\\/shopatoa.com\\\/ro\\\/scholl-branturi-de-gel-pentru-incaltaminte-de-femei-gel-activ-sport-1-pereche\\\/#primaryimage\",\"url\":\"https:\\\/\\\/storage.googleapis.com\\\/cz-shopatoa-img\\\/ro\\\/08979162-unnamed-file.webp\",\"contentUrl\":\"https:\\\/\\\/storage.googleapis.com\\\/cz-shopatoa-img\\\/ro\\\/08979162-unnamed-file.webp\",\"width\":800,\"height\":800},{\"@type\":\"BreadcrumbList\",\"@id\":\"https:\\\/\\\/shopatoa.com\\\/ro\\\/scholl-branturi-de-gel-pentru-incaltaminte-de-femei-gel-activ-sport-1-pereche\\\/#breadcrumb\",\"itemListElement\":[{\"@type\":\"ListItem\",\"position\":1,\"name\":\"Dom\u016f\",\"item\":\"https:\\\/\\\/shopatoa.com\\\/ro\\\/\"},{\"@type\":\"ListItem\",\"position\":2,\"name\":\"Shop\",\"item\":\"https:\\\/\\\/shopatoa.com\\\/ro\\\/shop\\\/\"},{\"@type\":\"ListItem\",\"position\":3,\"name\":\"Cosmetice\",\"item\":\"https:\\\/\\\/shopatoa.com\\\/ro\\\/cosmetice\\\/\"},{\"@type\":\"ListItem\",\"position\":4,\"name\":\"Produse cosmetice pentru corp\",\"item\":\"https:\\\/\\\/shopatoa.com\\\/ro\\\/produse-cosmetice-pentru-corp\\\/\"},{\"@type\":\"ListItem\",\"position\":5,\"name\":\"Produse cosmetice pentru \u00eengrijirea picioarelor\",\"item\":\"https:\\\/\\\/shopatoa.com\\\/ro\\\/produse-cosmetice-pentru-ingrijirea-picioarelor\\\/\"},{\"@type\":\"ListItem\",\"position\":6,\"name\":\"Scholl Bran\u021buri de gel pentru \u00eenc\u0103l\u021b\u0103minte de femei Gel Activ Sport 1 pereche\"}]},{\"@type\":\"WebSite\",\"@id\":\"https:\\\/\\\/shopatoa.com\\\/ro\\\/#website\",\"url\":\"https:\\\/\\\/shopatoa.com\\\/ro\\\/\",\"name\":\"SHOPATOA\",\"description\":\"\",\"publisher\":{\"@id\":\"https:\\\/\\\/shopatoa.com\\\/ro\\\/#organization\"},\"potentialAction\":[{\"@type\":\"SearchAction\",\"target\":{\"@type\":\"EntryPoint\",\"urlTemplate\":\"https:\\\/\\\/shopatoa.com\\\/ro\\\/?s={search_term_string}\"},\"query-input\":{\"@type\":\"PropertyValueSpecification\",\"valueRequired\":true,\"valueName\":\"search_term_string\"}}],\"inLanguage\":\"ro-RO\"},{\"@type\":\"Organization\",\"@id\":\"https:\\\/\\\/shopatoa.com\\\/ro\\\/#organization\",\"name\":\"SHOPATOA\",\"url\":\"https:\\\/\\\/shopatoa.com\\\/ro\\\/\",\"logo\":{\"@type\":\"ImageObject\",\"inLanguage\":\"ro-RO\",\"@id\":\"https:\\\/\\\/shopatoa.com\\\/ro\\\/#\\\/schema\\\/logo\\\/image\\\/\",\"url\":\"https:\\\/\\\/storage.googleapis.com\\\/cz-shopatoa-img\\\/ro\\\/b4dac915-shopatoa_logo.png\",\"contentUrl\":\"https:\\\/\\\/storage.googleapis.com\\\/cz-shopatoa-img\\\/ro\\\/b4dac915-shopatoa_logo.png\",\"width\":416,\"height\":63,\"caption\":\"SHOPATOA\"},\"image\":{\"@id\":\"https:\\\/\\\/shopatoa.com\\\/ro\\\/#\\\/schema\\\/logo\\\/image\\\/\"}}]}<\/script>\n<!-- \/ Yoast SEO plugin. -->","yoast_head_json":{"title":"Scholl Bran\u021buri de gel pentru \u00eenc\u0103l\u021b\u0103minte de femei Gel Activ Sport 1 pereche - SHOPATOA.COM","robots":{"index":"index","follow":"follow","max-snippet":"max-snippet:-1","max-image-preview":"max-image-preview:large","max-video-preview":"max-video-preview:-1"},"canonical":"https:\/\/shopatoa.com\/ro\/scholl-branturi-de-gel-pentru-incaltaminte-de-femei-gel-activ-sport-1-pereche\/","og_locale":"ro_RO","og_type":"article","og_title":"Scholl Bran\u021buri de gel pentru \u00eenc\u0103l\u021b\u0103minte de femei Gel Activ Sport 1 pereche - SHOPATOA.COM","og_description":"Bran\u021buri cu gel pentru pantofi Scholl Sport pentru femei cu tehnologie special\u0103 GelActive care absoarbe eficient \u0219ocurile din zona c\u0103lc\u00e2ielor, genunchilor \u0219i gleznelor \u0219i ajut\u0103 la reducerea presiunii exercitate asupra picioarelor \u00een timpul alerg\u0103rii sau sportului. Forma bran\u021bului ortopedic cu suport puternic pentru bolta piciorului este conceput\u0103 pentru confort pe tot parcursul zilei. Bran\u021bul se...","og_url":"https:\/\/shopatoa.com\/ro\/scholl-branturi-de-gel-pentru-incaltaminte-de-femei-gel-activ-sport-1-pereche\/","og_site_name":"SHOPATOA","article_modified_time":"2025-12-10T02:42:41+00:00","og_image":[{"width":800,"height":800,"url":"https:\/\/storage.googleapis.com\/cz-shopatoa-img\/ro\/08979162-unnamed-file.webp","type":"image\/webp"}],"twitter_card":"summary_large_image","schema":{"@context":"https:\/\/schema.org","@graph":[{"@type":"WebPage","@id":"https:\/\/shopatoa.com\/ro\/scholl-branturi-de-gel-pentru-incaltaminte-de-femei-gel-activ-sport-1-pereche\/","url":"https:\/\/shopatoa.com\/ro\/scholl-branturi-de-gel-pentru-incaltaminte-de-femei-gel-activ-sport-1-pereche\/","name":"Scholl Bran\u021buri de gel pentru \u00eenc\u0103l\u021b\u0103minte de femei Gel Activ Sport 1 pereche - SHOPATOA.COM","isPartOf":{"@id":"https:\/\/shopatoa.com\/ro\/#website"},"primaryImageOfPage":{"@id":"https:\/\/shopatoa.com\/ro\/scholl-branturi-de-gel-pentru-incaltaminte-de-femei-gel-activ-sport-1-pereche\/#primaryimage"},"image":{"@id":"https:\/\/shopatoa.com\/ro\/scholl-branturi-de-gel-pentru-incaltaminte-de-femei-gel-activ-sport-1-pereche\/#primaryimage"},"thumbnailUrl":"https:\/\/storage.googleapis.com\/cz-shopatoa-img\/ro\/08979162-unnamed-file.webp","datePublished":"2025-04-26T03:26:41+00:00","dateModified":"2025-12-10T02:42:41+00:00","breadcrumb":{"@id":"https:\/\/shopatoa.com\/ro\/scholl-branturi-de-gel-pentru-incaltaminte-de-femei-gel-activ-sport-1-pereche\/#breadcrumb"},"inLanguage":"ro-RO","potentialAction":[{"@type":"ReadAction","target":["https:\/\/shopatoa.com\/ro\/scholl-branturi-de-gel-pentru-incaltaminte-de-femei-gel-activ-sport-1-pereche\/"]}]},{"@type":"ImageObject","inLanguage":"ro-RO","@id":"https:\/\/shopatoa.com\/ro\/scholl-branturi-de-gel-pentru-incaltaminte-de-femei-gel-activ-sport-1-pereche\/#primaryimage","url":"https:\/\/storage.googleapis.com\/cz-shopatoa-img\/ro\/08979162-unnamed-file.webp","contentUrl":"https:\/\/storage.googleapis.com\/cz-shopatoa-img\/ro\/08979162-unnamed-file.webp","width":800,"height":800},{"@type":"BreadcrumbList","@id":"https:\/\/shopatoa.com\/ro\/scholl-branturi-de-gel-pentru-incaltaminte-de-femei-gel-activ-sport-1-pereche\/#breadcrumb","itemListElement":[{"@type":"ListItem","position":1,"name":"Dom\u016f","item":"https:\/\/shopatoa.com\/ro\/"},{"@type":"ListItem","position":2,"name":"Shop","item":"https:\/\/shopatoa.com\/ro\/shop\/"},{"@type":"ListItem","position":3,"name":"Cosmetice","item":"https:\/\/shopatoa.com\/ro\/cosmetice\/"},{"@type":"ListItem","position":4,"name":"Produse cosmetice pentru corp","item":"https:\/\/shopatoa.com\/ro\/produse-cosmetice-pentru-corp\/"},{"@type":"ListItem","position":5,"name":"Produse cosmetice pentru \u00eengrijirea picioarelor","item":"https:\/\/shopatoa.com\/ro\/produse-cosmetice-pentru-ingrijirea-picioarelor\/"},{"@type":"ListItem","position":6,"name":"Scholl Bran\u021buri de gel pentru \u00eenc\u0103l\u021b\u0103minte de femei Gel Activ Sport 1 pereche"}]},{"@type":"WebSite","@id":"https:\/\/shopatoa.com\/ro\/#website","url":"https:\/\/shopatoa.com\/ro\/","name":"SHOPATOA","description":"","publisher":{"@id":"https:\/\/shopatoa.com\/ro\/#organization"},"potentialAction":[{"@type":"SearchAction","target":{"@type":"EntryPoint","urlTemplate":"https:\/\/shopatoa.com\/ro\/?s={search_term_string}"},"query-input":{"@type":"PropertyValueSpecification","valueRequired":true,"valueName":"search_term_string"}}],"inLanguage":"ro-RO"},{"@type":"Organization","@id":"https:\/\/shopatoa.com\/ro\/#organization","name":"SHOPATOA","url":"https:\/\/shopatoa.com\/ro\/","logo":{"@type":"ImageObject","inLanguage":"ro-RO","@id":"https:\/\/shopatoa.com\/ro\/#\/schema\/logo\/image\/","url":"https:\/\/storage.googleapis.com\/cz-shopatoa-img\/ro\/b4dac915-shopatoa_logo.png","contentUrl":"https:\/\/storage.googleapis.com\/cz-shopatoa-img\/ro\/b4dac915-shopatoa_logo.png","width":416,"height":63,"caption":"SHOPATOA"},"image":{"@id":"https:\/\/shopatoa.com\/ro\/#\/schema\/logo\/image\/"}}]}},"_links":{"self":[{"href":"https:\/\/shopatoa.com\/ro\/wp-json\/wp\/v2\/product\/255767","targetHints":{"allow":["GET"]}}],"collection":[{"href":"https:\/\/shopatoa.com\/ro\/wp-json\/wp\/v2\/product"}],"about":[{"href":"https:\/\/shopatoa.com\/ro\/wp-json\/wp\/v2\/types\/product"}],"replies":[{"embeddable":true,"href":"https:\/\/shopatoa.com\/ro\/wp-json\/wp\/v2\/comments?post=255767"}],"wp:featuredmedia":[{"embeddable":true,"href":"https:\/\/shopatoa.com\/ro\/wp-json\/wp\/v2\/media\/255768"}],"wp:attachment":[{"href":"https:\/\/shopatoa.com\/ro\/wp-json\/wp\/v2\/media?parent=255767"}],"wp:term":[{"taxonomy":"product_brand","embeddable":true,"href":"https:\/\/shopatoa.com\/ro\/wp-json\/wp\/v2\/product_brand?post=255767"},{"taxonomy":"product_cat","embeddable":true,"href":"https:\/\/shopatoa.com\/ro\/wp-json\/wp\/v2\/product_cat?post=255767"},{"taxonomy":"product_tag","embeddable":true,"href":"https:\/\/shopatoa.com\/ro\/wp-json\/wp\/v2\/product_tag?post=255767"}],"curies":[{"name":"wp","href":"https:\/\/api.w.org\/{rel}","templated":true}]}}