{"id":255811,"date":"2025-04-26T05:36:18","date_gmt":"2025-04-26T03:36:18","guid":{"rendered":"https:\/\/shopatoa.com\/ro\/woodwick-lumanare-parfumata-in-vaza-medie-hypnoflora-275-g\/"},"modified":"2025-12-10T03:36:25","modified_gmt":"2025-12-10T02:36:25","slug":"woodwick-lumanare-parfumata-in-vaza-medie-hypnoflora-275-g","status":"publish","type":"product","link":"https:\/\/shopatoa.com\/ro\/woodwick-lumanare-parfumata-in-vaza-medie-hypnoflora-275-g\/","title":{"rendered":"WoodWick Lum\u00e2nare parfumat\u0103 in vaz\u0103 medie Hypnoflora 275 g"},"content":{"rendered":"<p>Lum\u00e2narea parfumat\u0103 Hypnoflora con\u021bine miros de iasomie cu o not\u0103 dulce de par\u0103 coapt\u0103 \u0219i boabe de tonka. Parfumul creeaz\u0103 un amestec aromat unic \u0219i de neuitat, care poate stimula sim\u021burile \u0219i v\u0103 poate transporta \u00een lumea viselor \u0219i a experien\u021belor mistice. Aceast\u0103 lum\u00e2nare, dotat\u0103 cu un capac din lemn, va parfuma locuin\u021ba dumneavoastr\u0103, \u00een timp ce sunetul delicat al fitilului crepitant va crea o atmosfer\u0103 de confort \u0219i relaxare. C\u0103ci acas\u0103 este locul unde focul trosne\u0219te. Fitilul este fabricat din lemn natural. Forma fitilului din lemn patentat\u0103 Pluswick \u00ae Innovation genereaz\u0103 un sunet lini\u0219titor, similar cu trosnetul focului. Fitilul din lemn, cu designul s\u0103u unic \u00een form\u0103 de cruce, faciliteaz\u0103 topirea cerii de 5 ori mai eficient dec\u00e2t un fitil obi\u0219nuit din bumbac. Astfel, umple rapid \u00eenc\u0103perea cu o arom\u0103 pl\u0103cut\u0103. Acest fitil brevetat asigur\u0103 o ardere uniform\u0103 \u0219i curat\u0103, f\u0103r\u0103 depuneri de funingine pe sticl\u0103. Produce sunetul bl\u00e2nd al focului crepitant. Capacul de lemn serve\u0219te ca suport pentru lum\u00e2nare \u00een timpul arderii, protej\u00e2nd astfel suprafa\u021ba mobilierului.<\/p>\n","protected":false},"excerpt":{"rendered":"<p>Lum\u00e2narea parfumat\u0103 Hypnoflora con\u021bine miros de iasomie cu o not\u0103 dulce de par\u0103 coapt\u0103 \u0219i boabe de tonka. Parfumul creeaz\u0103 un amestec aromat unic \u0219i de neuitat, care poate stimula sim\u021burile \u0219i v\u0103 poate transporta \u00een lumea viselor \u0219i a experien\u021belor mistice. Aceast\u0103 lum\u00e2nare, dotat\u0103 cu un capac din lemn, va parfuma locuin\u021ba dumneavoastr\u0103, \u00een&#8230;<\/p>\n","protected":false},"featured_media":255812,"comment_status":"closed","ping_status":"open","template":"","meta":{"_acf_changed":false,"_kadence_starter_templates_imported_post":false,"_kad_post_transparent":"","_kad_post_title":"","_kad_post_layout":"","_kad_post_sidebar_id":"","_kad_post_content_style":"","_kad_post_vertical_padding":"","_kad_post_feature":"","_kad_post_feature_position":"","_kad_post_header":false,"_kad_post_footer":false,"_kad_post_classname":""},"product_brand":[124],"product_cat":[246,655,654,760],"product_tag":[],"class_list":{"0":"post-255811","1":"product","2":"type-product","3":"status-publish","4":"has-post-thumbnail","6":"product_brand-woodwick","7":"product_cat-cosmetice","8":"product_cat-lumanari-parfumate","9":"product_cat-lumanari-parfumate-si-arome","10":"product_cat-lumanari-parfumate-spoilerul","12":"first","13":"instock","14":"sale","15":"product-type-external","16":"entry","17":"content-bg","18":"loop-entry"},"acf":[],"yoast_head":"<!-- This site is optimized with the Yoast SEO plugin v27.4 - https:\/\/yoast.com\/product\/yoast-seo-wordpress\/ -->\n<title>WoodWick Lum\u00e2nare parfumat\u0103 in vaz\u0103 medie Hypnoflora 275 g - SHOPATOA.COM<\/title>\n<meta name=\"robots\" content=\"index, follow, max-snippet:-1, max-image-preview:large, max-video-preview:-1\" \/>\n<link rel=\"canonical\" href=\"https:\/\/shopatoa.com\/ro\/woodwick-lumanare-parfumata-in-vaza-medie-hypnoflora-275-g\/\" \/>\n<meta property=\"og:locale\" content=\"ro_RO\" \/>\n<meta property=\"og:type\" content=\"article\" \/>\n<meta property=\"og:title\" content=\"WoodWick Lum\u00e2nare parfumat\u0103 in vaz\u0103 medie Hypnoflora 275 g - SHOPATOA.COM\" \/>\n<meta property=\"og:description\" content=\"Lum\u00e2narea parfumat\u0103 Hypnoflora con\u021bine miros de iasomie cu o not\u0103 dulce de par\u0103 coapt\u0103 \u0219i boabe de tonka. Parfumul creeaz\u0103 un amestec aromat unic \u0219i de neuitat, care poate stimula sim\u021burile \u0219i v\u0103 poate transporta \u00een lumea viselor \u0219i a experien\u021belor mistice. Aceast\u0103 lum\u00e2nare, dotat\u0103 cu un capac din lemn, va parfuma locuin\u021ba dumneavoastr\u0103, \u00een...\" \/>\n<meta property=\"og:url\" content=\"https:\/\/shopatoa.com\/ro\/woodwick-lumanare-parfumata-in-vaza-medie-hypnoflora-275-g\/\" \/>\n<meta property=\"og:site_name\" content=\"SHOPATOA\" \/>\n<meta property=\"article:modified_time\" content=\"2025-12-10T02:36:25+00:00\" \/>\n<meta property=\"og:image\" content=\"https:\/\/storage.googleapis.com\/cz-shopatoa-img\/ro\/2d5a406a-unnamed-file.webp\" \/>\n\t<meta property=\"og:image:width\" content=\"800\" \/>\n\t<meta property=\"og:image:height\" content=\"800\" \/>\n\t<meta property=\"og:image:type\" content=\"image\/webp\" \/>\n<meta name=\"twitter:card\" content=\"summary_large_image\" \/>\n<meta name=\"twitter:label1\" content=\"Timp estimat pentru citire\" \/>\n\t<meta name=\"twitter:data1\" content=\"1 minut\" \/>\n<script type=\"application\/ld+json\" class=\"yoast-schema-graph\">{\"@context\":\"https:\\\/\\\/schema.org\",\"@graph\":[{\"@type\":\"WebPage\",\"@id\":\"https:\\\/\\\/shopatoa.com\\\/ro\\\/woodwick-lumanare-parfumata-in-vaza-medie-hypnoflora-275-g\\\/\",\"url\":\"https:\\\/\\\/shopatoa.com\\\/ro\\\/woodwick-lumanare-parfumata-in-vaza-medie-hypnoflora-275-g\\\/\",\"name\":\"WoodWick Lum\u00e2nare parfumat\u0103 in vaz\u0103 medie Hypnoflora 275 g - SHOPATOA.COM\",\"isPartOf\":{\"@id\":\"https:\\\/\\\/shopatoa.com\\\/ro\\\/#website\"},\"primaryImageOfPage\":{\"@id\":\"https:\\\/\\\/shopatoa.com\\\/ro\\\/woodwick-lumanare-parfumata-in-vaza-medie-hypnoflora-275-g\\\/#primaryimage\"},\"image\":{\"@id\":\"https:\\\/\\\/shopatoa.com\\\/ro\\\/woodwick-lumanare-parfumata-in-vaza-medie-hypnoflora-275-g\\\/#primaryimage\"},\"thumbnailUrl\":\"https:\\\/\\\/storage.googleapis.com\\\/cz-shopatoa-img\\\/ro\\\/2d5a406a-unnamed-file.webp\",\"datePublished\":\"2025-04-26T03:36:18+00:00\",\"dateModified\":\"2025-12-10T02:36:25+00:00\",\"breadcrumb\":{\"@id\":\"https:\\\/\\\/shopatoa.com\\\/ro\\\/woodwick-lumanare-parfumata-in-vaza-medie-hypnoflora-275-g\\\/#breadcrumb\"},\"inLanguage\":\"ro-RO\",\"potentialAction\":[{\"@type\":\"ReadAction\",\"target\":[\"https:\\\/\\\/shopatoa.com\\\/ro\\\/woodwick-lumanare-parfumata-in-vaza-medie-hypnoflora-275-g\\\/\"]}]},{\"@type\":\"ImageObject\",\"inLanguage\":\"ro-RO\",\"@id\":\"https:\\\/\\\/shopatoa.com\\\/ro\\\/woodwick-lumanare-parfumata-in-vaza-medie-hypnoflora-275-g\\\/#primaryimage\",\"url\":\"https:\\\/\\\/storage.googleapis.com\\\/cz-shopatoa-img\\\/ro\\\/2d5a406a-unnamed-file.webp\",\"contentUrl\":\"https:\\\/\\\/storage.googleapis.com\\\/cz-shopatoa-img\\\/ro\\\/2d5a406a-unnamed-file.webp\",\"width\":800,\"height\":800},{\"@type\":\"BreadcrumbList\",\"@id\":\"https:\\\/\\\/shopatoa.com\\\/ro\\\/woodwick-lumanare-parfumata-in-vaza-medie-hypnoflora-275-g\\\/#breadcrumb\",\"itemListElement\":[{\"@type\":\"ListItem\",\"position\":1,\"name\":\"Dom\u016f\",\"item\":\"https:\\\/\\\/shopatoa.com\\\/ro\\\/\"},{\"@type\":\"ListItem\",\"position\":2,\"name\":\"Shop\",\"item\":\"https:\\\/\\\/shopatoa.com\\\/ro\\\/shop\\\/\"},{\"@type\":\"ListItem\",\"position\":3,\"name\":\"Cosmetice\",\"item\":\"https:\\\/\\\/shopatoa.com\\\/ro\\\/cosmetice\\\/\"},{\"@type\":\"ListItem\",\"position\":4,\"name\":\"Lum\u00e2n\u0103ri parfumate \u0219i arome\",\"item\":\"https:\\\/\\\/shopatoa.com\\\/ro\\\/lumanari-parfumate-si-arome\\\/\"},{\"@type\":\"ListItem\",\"position\":5,\"name\":\"Lum\u00e2n\u0103ri parfumate\",\"item\":\"https:\\\/\\\/shopatoa.com\\\/ro\\\/lumanari-parfumate\\\/\"},{\"@type\":\"ListItem\",\"position\":6,\"name\":\"Lumanari parfumate Spoilerul\",\"item\":\"https:\\\/\\\/shopatoa.com\\\/ro\\\/lumanari-parfumate-spoilerul\\\/\"},{\"@type\":\"ListItem\",\"position\":7,\"name\":\"WoodWick Lum\u00e2nare parfumat\u0103 in vaz\u0103 medie Hypnoflora 275 g\"}]},{\"@type\":\"WebSite\",\"@id\":\"https:\\\/\\\/shopatoa.com\\\/ro\\\/#website\",\"url\":\"https:\\\/\\\/shopatoa.com\\\/ro\\\/\",\"name\":\"SHOPATOA\",\"description\":\"\",\"publisher\":{\"@id\":\"https:\\\/\\\/shopatoa.com\\\/ro\\\/#organization\"},\"potentialAction\":[{\"@type\":\"SearchAction\",\"target\":{\"@type\":\"EntryPoint\",\"urlTemplate\":\"https:\\\/\\\/shopatoa.com\\\/ro\\\/?s={search_term_string}\"},\"query-input\":{\"@type\":\"PropertyValueSpecification\",\"valueRequired\":true,\"valueName\":\"search_term_string\"}}],\"inLanguage\":\"ro-RO\"},{\"@type\":\"Organization\",\"@id\":\"https:\\\/\\\/shopatoa.com\\\/ro\\\/#organization\",\"name\":\"SHOPATOA\",\"url\":\"https:\\\/\\\/shopatoa.com\\\/ro\\\/\",\"logo\":{\"@type\":\"ImageObject\",\"inLanguage\":\"ro-RO\",\"@id\":\"https:\\\/\\\/shopatoa.com\\\/ro\\\/#\\\/schema\\\/logo\\\/image\\\/\",\"url\":\"https:\\\/\\\/storage.googleapis.com\\\/cz-shopatoa-img\\\/ro\\\/b4dac915-shopatoa_logo.png\",\"contentUrl\":\"https:\\\/\\\/storage.googleapis.com\\\/cz-shopatoa-img\\\/ro\\\/b4dac915-shopatoa_logo.png\",\"width\":416,\"height\":63,\"caption\":\"SHOPATOA\"},\"image\":{\"@id\":\"https:\\\/\\\/shopatoa.com\\\/ro\\\/#\\\/schema\\\/logo\\\/image\\\/\"}}]}<\/script>\n<!-- \/ Yoast SEO plugin. -->","yoast_head_json":{"title":"WoodWick Lum\u00e2nare parfumat\u0103 in vaz\u0103 medie Hypnoflora 275 g - SHOPATOA.COM","robots":{"index":"index","follow":"follow","max-snippet":"max-snippet:-1","max-image-preview":"max-image-preview:large","max-video-preview":"max-video-preview:-1"},"canonical":"https:\/\/shopatoa.com\/ro\/woodwick-lumanare-parfumata-in-vaza-medie-hypnoflora-275-g\/","og_locale":"ro_RO","og_type":"article","og_title":"WoodWick Lum\u00e2nare parfumat\u0103 in vaz\u0103 medie Hypnoflora 275 g - SHOPATOA.COM","og_description":"Lum\u00e2narea parfumat\u0103 Hypnoflora con\u021bine miros de iasomie cu o not\u0103 dulce de par\u0103 coapt\u0103 \u0219i boabe de tonka. Parfumul creeaz\u0103 un amestec aromat unic \u0219i de neuitat, care poate stimula sim\u021burile \u0219i v\u0103 poate transporta \u00een lumea viselor \u0219i a experien\u021belor mistice. Aceast\u0103 lum\u00e2nare, dotat\u0103 cu un capac din lemn, va parfuma locuin\u021ba dumneavoastr\u0103, \u00een...","og_url":"https:\/\/shopatoa.com\/ro\/woodwick-lumanare-parfumata-in-vaza-medie-hypnoflora-275-g\/","og_site_name":"SHOPATOA","article_modified_time":"2025-12-10T02:36:25+00:00","og_image":[{"width":800,"height":800,"url":"https:\/\/storage.googleapis.com\/cz-shopatoa-img\/ro\/2d5a406a-unnamed-file.webp","type":"image\/webp"}],"twitter_card":"summary_large_image","twitter_misc":{"Timp estimat pentru citire":"1 minut"},"schema":{"@context":"https:\/\/schema.org","@graph":[{"@type":"WebPage","@id":"https:\/\/shopatoa.com\/ro\/woodwick-lumanare-parfumata-in-vaza-medie-hypnoflora-275-g\/","url":"https:\/\/shopatoa.com\/ro\/woodwick-lumanare-parfumata-in-vaza-medie-hypnoflora-275-g\/","name":"WoodWick Lum\u00e2nare parfumat\u0103 in vaz\u0103 medie Hypnoflora 275 g - SHOPATOA.COM","isPartOf":{"@id":"https:\/\/shopatoa.com\/ro\/#website"},"primaryImageOfPage":{"@id":"https:\/\/shopatoa.com\/ro\/woodwick-lumanare-parfumata-in-vaza-medie-hypnoflora-275-g\/#primaryimage"},"image":{"@id":"https:\/\/shopatoa.com\/ro\/woodwick-lumanare-parfumata-in-vaza-medie-hypnoflora-275-g\/#primaryimage"},"thumbnailUrl":"https:\/\/storage.googleapis.com\/cz-shopatoa-img\/ro\/2d5a406a-unnamed-file.webp","datePublished":"2025-04-26T03:36:18+00:00","dateModified":"2025-12-10T02:36:25+00:00","breadcrumb":{"@id":"https:\/\/shopatoa.com\/ro\/woodwick-lumanare-parfumata-in-vaza-medie-hypnoflora-275-g\/#breadcrumb"},"inLanguage":"ro-RO","potentialAction":[{"@type":"ReadAction","target":["https:\/\/shopatoa.com\/ro\/woodwick-lumanare-parfumata-in-vaza-medie-hypnoflora-275-g\/"]}]},{"@type":"ImageObject","inLanguage":"ro-RO","@id":"https:\/\/shopatoa.com\/ro\/woodwick-lumanare-parfumata-in-vaza-medie-hypnoflora-275-g\/#primaryimage","url":"https:\/\/storage.googleapis.com\/cz-shopatoa-img\/ro\/2d5a406a-unnamed-file.webp","contentUrl":"https:\/\/storage.googleapis.com\/cz-shopatoa-img\/ro\/2d5a406a-unnamed-file.webp","width":800,"height":800},{"@type":"BreadcrumbList","@id":"https:\/\/shopatoa.com\/ro\/woodwick-lumanare-parfumata-in-vaza-medie-hypnoflora-275-g\/#breadcrumb","itemListElement":[{"@type":"ListItem","position":1,"name":"Dom\u016f","item":"https:\/\/shopatoa.com\/ro\/"},{"@type":"ListItem","position":2,"name":"Shop","item":"https:\/\/shopatoa.com\/ro\/shop\/"},{"@type":"ListItem","position":3,"name":"Cosmetice","item":"https:\/\/shopatoa.com\/ro\/cosmetice\/"},{"@type":"ListItem","position":4,"name":"Lum\u00e2n\u0103ri parfumate \u0219i arome","item":"https:\/\/shopatoa.com\/ro\/lumanari-parfumate-si-arome\/"},{"@type":"ListItem","position":5,"name":"Lum\u00e2n\u0103ri parfumate","item":"https:\/\/shopatoa.com\/ro\/lumanari-parfumate\/"},{"@type":"ListItem","position":6,"name":"Lumanari parfumate Spoilerul","item":"https:\/\/shopatoa.com\/ro\/lumanari-parfumate-spoilerul\/"},{"@type":"ListItem","position":7,"name":"WoodWick Lum\u00e2nare parfumat\u0103 in vaz\u0103 medie Hypnoflora 275 g"}]},{"@type":"WebSite","@id":"https:\/\/shopatoa.com\/ro\/#website","url":"https:\/\/shopatoa.com\/ro\/","name":"SHOPATOA","description":"","publisher":{"@id":"https:\/\/shopatoa.com\/ro\/#organization"},"potentialAction":[{"@type":"SearchAction","target":{"@type":"EntryPoint","urlTemplate":"https:\/\/shopatoa.com\/ro\/?s={search_term_string}"},"query-input":{"@type":"PropertyValueSpecification","valueRequired":true,"valueName":"search_term_string"}}],"inLanguage":"ro-RO"},{"@type":"Organization","@id":"https:\/\/shopatoa.com\/ro\/#organization","name":"SHOPATOA","url":"https:\/\/shopatoa.com\/ro\/","logo":{"@type":"ImageObject","inLanguage":"ro-RO","@id":"https:\/\/shopatoa.com\/ro\/#\/schema\/logo\/image\/","url":"https:\/\/storage.googleapis.com\/cz-shopatoa-img\/ro\/b4dac915-shopatoa_logo.png","contentUrl":"https:\/\/storage.googleapis.com\/cz-shopatoa-img\/ro\/b4dac915-shopatoa_logo.png","width":416,"height":63,"caption":"SHOPATOA"},"image":{"@id":"https:\/\/shopatoa.com\/ro\/#\/schema\/logo\/image\/"}}]}},"_links":{"self":[{"href":"https:\/\/shopatoa.com\/ro\/wp-json\/wp\/v2\/product\/255811","targetHints":{"allow":["GET"]}}],"collection":[{"href":"https:\/\/shopatoa.com\/ro\/wp-json\/wp\/v2\/product"}],"about":[{"href":"https:\/\/shopatoa.com\/ro\/wp-json\/wp\/v2\/types\/product"}],"replies":[{"embeddable":true,"href":"https:\/\/shopatoa.com\/ro\/wp-json\/wp\/v2\/comments?post=255811"}],"wp:featuredmedia":[{"embeddable":true,"href":"https:\/\/shopatoa.com\/ro\/wp-json\/wp\/v2\/media\/255812"}],"wp:attachment":[{"href":"https:\/\/shopatoa.com\/ro\/wp-json\/wp\/v2\/media?parent=255811"}],"wp:term":[{"taxonomy":"product_brand","embeddable":true,"href":"https:\/\/shopatoa.com\/ro\/wp-json\/wp\/v2\/product_brand?post=255811"},{"taxonomy":"product_cat","embeddable":true,"href":"https:\/\/shopatoa.com\/ro\/wp-json\/wp\/v2\/product_cat?post=255811"},{"taxonomy":"product_tag","embeddable":true,"href":"https:\/\/shopatoa.com\/ro\/wp-json\/wp\/v2\/product_tag?post=255811"}],"curies":[{"name":"wp","href":"https:\/\/api.w.org\/{rel}","templated":true}]}}