{"id":255983,"date":"2025-04-26T06:11:34","date_gmt":"2025-04-26T04:11:34","guid":{"rendered":"https:\/\/shopatoa.com\/ro\/opi-lac-de-unghii-cu-efect-de-gel-infinite-shine-gel-like-lacquer-15-ml-a-sherbert-thing\/"},"modified":"2025-12-10T03:23:54","modified_gmt":"2025-12-10T02:23:54","slug":"opi-lac-de-unghii-cu-efect-de-gel-infinite-shine-gel-like-lacquer-15-ml-a-sherbert-thing","status":"publish","type":"product","link":"https:\/\/shopatoa.com\/ro\/opi-lac-de-unghii-cu-efect-de-gel-infinite-shine-gel-like-lacquer-15-ml-a-sherbert-thing\/","title":{"rendered":"OPI Lac de unghii cu efect de gel Infinite Shine (Gel-Like Lacquer) 15 ml A Sherbert Thing"},"content":{"rendered":"<p>Lac de unghii cu efect de gel, care ofer\u0103 un luciu intens \u0219i o rezisten\u021b\u0103 de p\u00e2n\u0103 la 11 zile, f\u0103r\u0103 a fi necesar\u0103 utilizarea unei l\u0103mpi UV. Datorit\u0103 polimerilor speciali, asigur\u0103 rezisten\u021b\u0103 la exfoliere \u0219i uzur\u0103. Lacul are o textur\u0103 fin\u0103, se aplic\u0103 u\u0219or \u0219i asigur\u0103 o acoperire uniform\u0103 f\u0103r\u0103 bule. Con\u021bine r\u0103\u0219ini lucioase, care ofer\u0103 un efect de str\u0103lucire pe unghii, similar cu manichiura cu gel. Este potrivit pentru toate tipurile de unghii \u0219i ideal pentru cei care doresc un rezultat profesional la domiciliu. Ofer\u0103 o gam\u0103 variat\u0103 de nuan\u021be intense \u0219i moderne, potrivite pentru orice ocazie.<\/p>\n","protected":false},"excerpt":{"rendered":"<p>Lac de unghii cu efect de gel, care ofer\u0103 un luciu intens \u0219i o rezisten\u021b\u0103 de p\u00e2n\u0103 la 11 zile, f\u0103r\u0103 a fi necesar\u0103 utilizarea unei l\u0103mpi UV. Datorit\u0103 polimerilor speciali, asigur\u0103 rezisten\u021b\u0103 la exfoliere \u0219i uzur\u0103. Lacul are o textur\u0103 fin\u0103, se aplic\u0103 u\u0219or \u0219i asigur\u0103 o acoperire uniform\u0103 f\u0103r\u0103 bule. Con\u021bine r\u0103\u0219ini lucioase,&#8230;<\/p>\n","protected":false},"featured_media":255984,"comment_status":"closed","ping_status":"open","template":"","meta":{"_acf_changed":false,"_kadence_starter_templates_imported_post":false,"_kad_post_transparent":"","_kad_post_title":"","_kad_post_layout":"","_kad_post_sidebar_id":"","_kad_post_content_style":"","_kad_post_vertical_padding":"","_kad_post_feature":"","_kad_post_feature_position":"","_kad_post_header":false,"_kad_post_footer":false,"_kad_post_classname":""},"product_brand":[811],"product_cat":[731,246,609,732],"product_tag":[],"class_list":{"0":"post-255983","1":"product","2":"type-product","3":"status-publish","4":"has-post-thumbnail","6":"product_brand-opi","7":"product_cat-cosmetica-decorativa-pentru-unghii","8":"product_cat-cosmetice","9":"product_cat-cosmetice-decorative","10":"product_cat-oje-de-unghii","12":"first","13":"instock","14":"sale","15":"product-type-external","16":"entry","17":"content-bg","18":"loop-entry"},"acf":[],"yoast_head":"<!-- This site is optimized with the Yoast SEO plugin v27.3 - https:\/\/yoast.com\/product\/yoast-seo-wordpress\/ -->\n<title>OPI Lac de unghii cu efect de gel Infinite Shine (Gel-Like Lacquer) 15 ml A Sherbert Thing - SHOPATOA.COM<\/title>\n<meta name=\"robots\" content=\"index, follow, max-snippet:-1, max-image-preview:large, max-video-preview:-1\" \/>\n<link rel=\"canonical\" href=\"https:\/\/shopatoa.com\/ro\/opi-lac-de-unghii-cu-efect-de-gel-infinite-shine-gel-like-lacquer-15-ml-a-sherbert-thing\/\" \/>\n<meta property=\"og:locale\" content=\"ro_RO\" \/>\n<meta property=\"og:type\" content=\"article\" \/>\n<meta property=\"og:title\" content=\"OPI Lac de unghii cu efect de gel Infinite Shine (Gel-Like Lacquer) 15 ml A Sherbert Thing - SHOPATOA.COM\" \/>\n<meta property=\"og:description\" content=\"Lac de unghii cu efect de gel, care ofer\u0103 un luciu intens \u0219i o rezisten\u021b\u0103 de p\u00e2n\u0103 la 11 zile, f\u0103r\u0103 a fi necesar\u0103 utilizarea unei l\u0103mpi UV. Datorit\u0103 polimerilor speciali, asigur\u0103 rezisten\u021b\u0103 la exfoliere \u0219i uzur\u0103. Lacul are o textur\u0103 fin\u0103, se aplic\u0103 u\u0219or \u0219i asigur\u0103 o acoperire uniform\u0103 f\u0103r\u0103 bule. Con\u021bine r\u0103\u0219ini lucioase,...\" \/>\n<meta property=\"og:url\" content=\"https:\/\/shopatoa.com\/ro\/opi-lac-de-unghii-cu-efect-de-gel-infinite-shine-gel-like-lacquer-15-ml-a-sherbert-thing\/\" \/>\n<meta property=\"og:site_name\" content=\"SHOPATOA\" \/>\n<meta property=\"article:modified_time\" content=\"2025-12-10T02:23:54+00:00\" \/>\n<meta property=\"og:image\" content=\"https:\/\/storage.googleapis.com\/cz-shopatoa-img\/ro\/f5c877e5-unnamed-file.webp\" \/>\n\t<meta property=\"og:image:width\" content=\"800\" \/>\n\t<meta property=\"og:image:height\" content=\"800\" \/>\n\t<meta property=\"og:image:type\" content=\"image\/webp\" \/>\n<meta name=\"twitter:card\" content=\"summary_large_image\" \/>\n<meta name=\"twitter:label1\" content=\"Timp estimat pentru citire\" \/>\n\t<meta name=\"twitter:data1\" content=\"1 minut\" \/>\n<script type=\"application\/ld+json\" class=\"yoast-schema-graph\">{\"@context\":\"https:\\\/\\\/schema.org\",\"@graph\":[{\"@type\":\"WebPage\",\"@id\":\"https:\\\/\\\/shopatoa.com\\\/ro\\\/opi-lac-de-unghii-cu-efect-de-gel-infinite-shine-gel-like-lacquer-15-ml-a-sherbert-thing\\\/\",\"url\":\"https:\\\/\\\/shopatoa.com\\\/ro\\\/opi-lac-de-unghii-cu-efect-de-gel-infinite-shine-gel-like-lacquer-15-ml-a-sherbert-thing\\\/\",\"name\":\"OPI Lac de unghii cu efect de gel Infinite Shine (Gel-Like Lacquer) 15 ml A Sherbert Thing - SHOPATOA.COM\",\"isPartOf\":{\"@id\":\"https:\\\/\\\/shopatoa.com\\\/ro\\\/#website\"},\"primaryImageOfPage\":{\"@id\":\"https:\\\/\\\/shopatoa.com\\\/ro\\\/opi-lac-de-unghii-cu-efect-de-gel-infinite-shine-gel-like-lacquer-15-ml-a-sherbert-thing\\\/#primaryimage\"},\"image\":{\"@id\":\"https:\\\/\\\/shopatoa.com\\\/ro\\\/opi-lac-de-unghii-cu-efect-de-gel-infinite-shine-gel-like-lacquer-15-ml-a-sherbert-thing\\\/#primaryimage\"},\"thumbnailUrl\":\"https:\\\/\\\/storage.googleapis.com\\\/cz-shopatoa-img\\\/ro\\\/f5c877e5-unnamed-file.webp\",\"datePublished\":\"2025-04-26T04:11:34+00:00\",\"dateModified\":\"2025-12-10T02:23:54+00:00\",\"breadcrumb\":{\"@id\":\"https:\\\/\\\/shopatoa.com\\\/ro\\\/opi-lac-de-unghii-cu-efect-de-gel-infinite-shine-gel-like-lacquer-15-ml-a-sherbert-thing\\\/#breadcrumb\"},\"inLanguage\":\"ro-RO\",\"potentialAction\":[{\"@type\":\"ReadAction\",\"target\":[\"https:\\\/\\\/shopatoa.com\\\/ro\\\/opi-lac-de-unghii-cu-efect-de-gel-infinite-shine-gel-like-lacquer-15-ml-a-sherbert-thing\\\/\"]}]},{\"@type\":\"ImageObject\",\"inLanguage\":\"ro-RO\",\"@id\":\"https:\\\/\\\/shopatoa.com\\\/ro\\\/opi-lac-de-unghii-cu-efect-de-gel-infinite-shine-gel-like-lacquer-15-ml-a-sherbert-thing\\\/#primaryimage\",\"url\":\"https:\\\/\\\/storage.googleapis.com\\\/cz-shopatoa-img\\\/ro\\\/f5c877e5-unnamed-file.webp\",\"contentUrl\":\"https:\\\/\\\/storage.googleapis.com\\\/cz-shopatoa-img\\\/ro\\\/f5c877e5-unnamed-file.webp\",\"width\":800,\"height\":800},{\"@type\":\"BreadcrumbList\",\"@id\":\"https:\\\/\\\/shopatoa.com\\\/ro\\\/opi-lac-de-unghii-cu-efect-de-gel-infinite-shine-gel-like-lacquer-15-ml-a-sherbert-thing\\\/#breadcrumb\",\"itemListElement\":[{\"@type\":\"ListItem\",\"position\":1,\"name\":\"Dom\u016f\",\"item\":\"https:\\\/\\\/shopatoa.com\\\/ro\\\/\"},{\"@type\":\"ListItem\",\"position\":2,\"name\":\"Shop\",\"item\":\"https:\\\/\\\/shopatoa.com\\\/ro\\\/shop\\\/\"},{\"@type\":\"ListItem\",\"position\":3,\"name\":\"Cosmetice\",\"item\":\"https:\\\/\\\/shopatoa.com\\\/ro\\\/cosmetice\\\/\"},{\"@type\":\"ListItem\",\"position\":4,\"name\":\"Cosmetice decorative\",\"item\":\"https:\\\/\\\/shopatoa.com\\\/ro\\\/cosmetice-decorative\\\/\"},{\"@type\":\"ListItem\",\"position\":5,\"name\":\"Cosmetica decorativa pentru unghii\",\"item\":\"https:\\\/\\\/shopatoa.com\\\/ro\\\/cosmetica-decorativa-pentru-unghii\\\/\"},{\"@type\":\"ListItem\",\"position\":6,\"name\":\"Oje de unghii\",\"item\":\"https:\\\/\\\/shopatoa.com\\\/ro\\\/oje-de-unghii\\\/\"},{\"@type\":\"ListItem\",\"position\":7,\"name\":\"OPI Lac de unghii cu efect de gel Infinite Shine (Gel-Like Lacquer) 15 ml A Sherbert Thing\"}]},{\"@type\":\"WebSite\",\"@id\":\"https:\\\/\\\/shopatoa.com\\\/ro\\\/#website\",\"url\":\"https:\\\/\\\/shopatoa.com\\\/ro\\\/\",\"name\":\"SHOPATOA\",\"description\":\"\",\"publisher\":{\"@id\":\"https:\\\/\\\/shopatoa.com\\\/ro\\\/#organization\"},\"potentialAction\":[{\"@type\":\"SearchAction\",\"target\":{\"@type\":\"EntryPoint\",\"urlTemplate\":\"https:\\\/\\\/shopatoa.com\\\/ro\\\/?s={search_term_string}\"},\"query-input\":{\"@type\":\"PropertyValueSpecification\",\"valueRequired\":true,\"valueName\":\"search_term_string\"}}],\"inLanguage\":\"ro-RO\"},{\"@type\":\"Organization\",\"@id\":\"https:\\\/\\\/shopatoa.com\\\/ro\\\/#organization\",\"name\":\"SHOPATOA\",\"url\":\"https:\\\/\\\/shopatoa.com\\\/ro\\\/\",\"logo\":{\"@type\":\"ImageObject\",\"inLanguage\":\"ro-RO\",\"@id\":\"https:\\\/\\\/shopatoa.com\\\/ro\\\/#\\\/schema\\\/logo\\\/image\\\/\",\"url\":\"https:\\\/\\\/storage.googleapis.com\\\/cz-shopatoa-img\\\/ro\\\/b4dac915-shopatoa_logo.png\",\"contentUrl\":\"https:\\\/\\\/storage.googleapis.com\\\/cz-shopatoa-img\\\/ro\\\/b4dac915-shopatoa_logo.png\",\"width\":416,\"height\":63,\"caption\":\"SHOPATOA\"},\"image\":{\"@id\":\"https:\\\/\\\/shopatoa.com\\\/ro\\\/#\\\/schema\\\/logo\\\/image\\\/\"}}]}<\/script>\n<!-- \/ Yoast SEO plugin. -->","yoast_head_json":{"title":"OPI Lac de unghii cu efect de gel Infinite Shine (Gel-Like Lacquer) 15 ml A Sherbert Thing - SHOPATOA.COM","robots":{"index":"index","follow":"follow","max-snippet":"max-snippet:-1","max-image-preview":"max-image-preview:large","max-video-preview":"max-video-preview:-1"},"canonical":"https:\/\/shopatoa.com\/ro\/opi-lac-de-unghii-cu-efect-de-gel-infinite-shine-gel-like-lacquer-15-ml-a-sherbert-thing\/","og_locale":"ro_RO","og_type":"article","og_title":"OPI Lac de unghii cu efect de gel Infinite Shine (Gel-Like Lacquer) 15 ml A Sherbert Thing - SHOPATOA.COM","og_description":"Lac de unghii cu efect de gel, care ofer\u0103 un luciu intens \u0219i o rezisten\u021b\u0103 de p\u00e2n\u0103 la 11 zile, f\u0103r\u0103 a fi necesar\u0103 utilizarea unei l\u0103mpi UV. Datorit\u0103 polimerilor speciali, asigur\u0103 rezisten\u021b\u0103 la exfoliere \u0219i uzur\u0103. Lacul are o textur\u0103 fin\u0103, se aplic\u0103 u\u0219or \u0219i asigur\u0103 o acoperire uniform\u0103 f\u0103r\u0103 bule. Con\u021bine r\u0103\u0219ini lucioase,...","og_url":"https:\/\/shopatoa.com\/ro\/opi-lac-de-unghii-cu-efect-de-gel-infinite-shine-gel-like-lacquer-15-ml-a-sherbert-thing\/","og_site_name":"SHOPATOA","article_modified_time":"2025-12-10T02:23:54+00:00","og_image":[{"width":800,"height":800,"url":"https:\/\/storage.googleapis.com\/cz-shopatoa-img\/ro\/f5c877e5-unnamed-file.webp","type":"image\/webp"}],"twitter_card":"summary_large_image","twitter_misc":{"Timp estimat pentru citire":"1 minut"},"schema":{"@context":"https:\/\/schema.org","@graph":[{"@type":"WebPage","@id":"https:\/\/shopatoa.com\/ro\/opi-lac-de-unghii-cu-efect-de-gel-infinite-shine-gel-like-lacquer-15-ml-a-sherbert-thing\/","url":"https:\/\/shopatoa.com\/ro\/opi-lac-de-unghii-cu-efect-de-gel-infinite-shine-gel-like-lacquer-15-ml-a-sherbert-thing\/","name":"OPI Lac de unghii cu efect de gel Infinite Shine (Gel-Like Lacquer) 15 ml A Sherbert Thing - SHOPATOA.COM","isPartOf":{"@id":"https:\/\/shopatoa.com\/ro\/#website"},"primaryImageOfPage":{"@id":"https:\/\/shopatoa.com\/ro\/opi-lac-de-unghii-cu-efect-de-gel-infinite-shine-gel-like-lacquer-15-ml-a-sherbert-thing\/#primaryimage"},"image":{"@id":"https:\/\/shopatoa.com\/ro\/opi-lac-de-unghii-cu-efect-de-gel-infinite-shine-gel-like-lacquer-15-ml-a-sherbert-thing\/#primaryimage"},"thumbnailUrl":"https:\/\/storage.googleapis.com\/cz-shopatoa-img\/ro\/f5c877e5-unnamed-file.webp","datePublished":"2025-04-26T04:11:34+00:00","dateModified":"2025-12-10T02:23:54+00:00","breadcrumb":{"@id":"https:\/\/shopatoa.com\/ro\/opi-lac-de-unghii-cu-efect-de-gel-infinite-shine-gel-like-lacquer-15-ml-a-sherbert-thing\/#breadcrumb"},"inLanguage":"ro-RO","potentialAction":[{"@type":"ReadAction","target":["https:\/\/shopatoa.com\/ro\/opi-lac-de-unghii-cu-efect-de-gel-infinite-shine-gel-like-lacquer-15-ml-a-sherbert-thing\/"]}]},{"@type":"ImageObject","inLanguage":"ro-RO","@id":"https:\/\/shopatoa.com\/ro\/opi-lac-de-unghii-cu-efect-de-gel-infinite-shine-gel-like-lacquer-15-ml-a-sherbert-thing\/#primaryimage","url":"https:\/\/storage.googleapis.com\/cz-shopatoa-img\/ro\/f5c877e5-unnamed-file.webp","contentUrl":"https:\/\/storage.googleapis.com\/cz-shopatoa-img\/ro\/f5c877e5-unnamed-file.webp","width":800,"height":800},{"@type":"BreadcrumbList","@id":"https:\/\/shopatoa.com\/ro\/opi-lac-de-unghii-cu-efect-de-gel-infinite-shine-gel-like-lacquer-15-ml-a-sherbert-thing\/#breadcrumb","itemListElement":[{"@type":"ListItem","position":1,"name":"Dom\u016f","item":"https:\/\/shopatoa.com\/ro\/"},{"@type":"ListItem","position":2,"name":"Shop","item":"https:\/\/shopatoa.com\/ro\/shop\/"},{"@type":"ListItem","position":3,"name":"Cosmetice","item":"https:\/\/shopatoa.com\/ro\/cosmetice\/"},{"@type":"ListItem","position":4,"name":"Cosmetice decorative","item":"https:\/\/shopatoa.com\/ro\/cosmetice-decorative\/"},{"@type":"ListItem","position":5,"name":"Cosmetica decorativa pentru unghii","item":"https:\/\/shopatoa.com\/ro\/cosmetica-decorativa-pentru-unghii\/"},{"@type":"ListItem","position":6,"name":"Oje de unghii","item":"https:\/\/shopatoa.com\/ro\/oje-de-unghii\/"},{"@type":"ListItem","position":7,"name":"OPI Lac de unghii cu efect de gel Infinite Shine (Gel-Like Lacquer) 15 ml A Sherbert Thing"}]},{"@type":"WebSite","@id":"https:\/\/shopatoa.com\/ro\/#website","url":"https:\/\/shopatoa.com\/ro\/","name":"SHOPATOA","description":"","publisher":{"@id":"https:\/\/shopatoa.com\/ro\/#organization"},"potentialAction":[{"@type":"SearchAction","target":{"@type":"EntryPoint","urlTemplate":"https:\/\/shopatoa.com\/ro\/?s={search_term_string}"},"query-input":{"@type":"PropertyValueSpecification","valueRequired":true,"valueName":"search_term_string"}}],"inLanguage":"ro-RO"},{"@type":"Organization","@id":"https:\/\/shopatoa.com\/ro\/#organization","name":"SHOPATOA","url":"https:\/\/shopatoa.com\/ro\/","logo":{"@type":"ImageObject","inLanguage":"ro-RO","@id":"https:\/\/shopatoa.com\/ro\/#\/schema\/logo\/image\/","url":"https:\/\/storage.googleapis.com\/cz-shopatoa-img\/ro\/b4dac915-shopatoa_logo.png","contentUrl":"https:\/\/storage.googleapis.com\/cz-shopatoa-img\/ro\/b4dac915-shopatoa_logo.png","width":416,"height":63,"caption":"SHOPATOA"},"image":{"@id":"https:\/\/shopatoa.com\/ro\/#\/schema\/logo\/image\/"}}]}},"_links":{"self":[{"href":"https:\/\/shopatoa.com\/ro\/wp-json\/wp\/v2\/product\/255983","targetHints":{"allow":["GET"]}}],"collection":[{"href":"https:\/\/shopatoa.com\/ro\/wp-json\/wp\/v2\/product"}],"about":[{"href":"https:\/\/shopatoa.com\/ro\/wp-json\/wp\/v2\/types\/product"}],"replies":[{"embeddable":true,"href":"https:\/\/shopatoa.com\/ro\/wp-json\/wp\/v2\/comments?post=255983"}],"wp:featuredmedia":[{"embeddable":true,"href":"https:\/\/shopatoa.com\/ro\/wp-json\/wp\/v2\/media\/255984"}],"wp:attachment":[{"href":"https:\/\/shopatoa.com\/ro\/wp-json\/wp\/v2\/media?parent=255983"}],"wp:term":[{"taxonomy":"product_brand","embeddable":true,"href":"https:\/\/shopatoa.com\/ro\/wp-json\/wp\/v2\/product_brand?post=255983"},{"taxonomy":"product_cat","embeddable":true,"href":"https:\/\/shopatoa.com\/ro\/wp-json\/wp\/v2\/product_cat?post=255983"},{"taxonomy":"product_tag","embeddable":true,"href":"https:\/\/shopatoa.com\/ro\/wp-json\/wp\/v2\/product_tag?post=255983"}],"curies":[{"name":"wp","href":"https:\/\/api.w.org\/{rel}","templated":true}]}}