{"id":256391,"date":"2025-04-26T07:40:55","date_gmt":"2025-04-26T05:40:55","guid":{"rendered":"https:\/\/shopatoa.com\/ro\/sefiros-crema-de-fermitate-si-lifting-cu-extract-de-caviar-renewcream-50-g\/"},"modified":"2025-12-10T02:34:55","modified_gmt":"2025-12-10T01:34:55","slug":"sefiros-crema-de-fermitate-si-lifting-cu-extract-de-caviar-renewcream-50-g","status":"publish","type":"product","link":"https:\/\/shopatoa.com\/ro\/sefiros-crema-de-fermitate-si-lifting-cu-extract-de-caviar-renewcream-50-g\/","title":{"rendered":"Sefiros Crem\u0103 de fermitate \u0219i lifting cu extract de caviar RenewCream 50 g"},"content":{"rendered":"<p>Crem\u0103 de fermitate \u0219i lifting cu caviar SEFIROS RenewCream with Caviar face parte din gama cosmetic\u0103 CAVIAR de la brandul SEFIROS, dezvoltat\u0103 pe baza celor mai moderne descoperiri \u0219tiin\u021bifice. RenewCream with Caviar con\u021bine AMINOGLYCO KAVIAR PF natural, un complex de ingrediente active marine. Extract pur de caviar, \u00eembog\u0103\u021bit cu glicozaminoglicani \u0219i glicogen, ambele provenind din surse marine. Este vorba despre un extract de caviar natural de \u00eenalt\u0103 calitate, care con\u021bine elemente hidratante precum acizii gra\u0219i omega-3 \u0219i omega-6. \u2022 restabile\u0219te elasticitatea \u0219i fermitatea pielii \u2022 ofer\u0103 pielii un aspect mai t\u00e2n\u0103r \u2022 \u00eent\u0103re\u0219te vizibil pielea \u2022 stimuleaz\u0103 produc\u021bia de colagen \u2022 reduce vizibil porii dilata\u021bi \u2022 protejeaz\u0103 pielea \u00eempotriva polu\u0103rii \u00cen combina\u021bie cu alte ingrediente active, RenewCream with Caviar reprezint\u0103 o solu\u021bie unic\u0103 pentru tenul dumneavoastr\u0103.<\/p>\n","protected":false},"excerpt":{"rendered":"<p>Crem\u0103 de fermitate \u0219i lifting cu caviar SEFIROS RenewCream with Caviar face parte din gama cosmetic\u0103 CAVIAR de la brandul SEFIROS, dezvoltat\u0103 pe baza celor mai moderne descoperiri \u0219tiin\u021bifice. RenewCream with Caviar con\u021bine AMINOGLYCO KAVIAR PF natural, un complex de ingrediente active marine. Extract pur de caviar, \u00eembog\u0103\u021bit cu glicozaminoglicani \u0219i glicogen, ambele provenind din&#8230;<\/p>\n","protected":false},"featured_media":256392,"comment_status":"closed","ping_status":"open","template":"","meta":{"_acf_changed":false,"_kadence_starter_templates_imported_post":false,"_kad_post_transparent":"","_kad_post_title":"","_kad_post_layout":"","_kad_post_sidebar_id":"","_kad_post_content_style":"","_kad_post_vertical_padding":"","_kad_post_feature":"","_kad_post_feature_position":"","_kad_post_header":false,"_kad_post_footer":false,"_kad_post_classname":""},"product_brand":[817],"product_cat":[246,635,634,633],"product_tag":[],"class_list":{"0":"post-256391","1":"product","2":"type-product","3":"status-publish","4":"has-post-thumbnail","6":"product_brand-sefiros","7":"product_cat-cosmetice","8":"product_cat-hidratarea-si-nutritia-pielii","9":"product_cat-produse-cosmetice-de-ingrijire-a-pielii","10":"product_cat-produse-cosmetice-pentru-piele","12":"first","13":"instock","14":"sale","15":"product-type-external","16":"entry","17":"content-bg","18":"loop-entry"},"acf":[],"yoast_head":"<!-- This site is optimized with the Yoast SEO plugin v27.3 - https:\/\/yoast.com\/product\/yoast-seo-wordpress\/ -->\n<title>Sefiros Crem\u0103 de fermitate \u0219i lifting cu extract de caviar RenewCream 50 g - SHOPATOA.COM<\/title>\n<meta name=\"robots\" content=\"index, follow, max-snippet:-1, max-image-preview:large, max-video-preview:-1\" \/>\n<link rel=\"canonical\" href=\"https:\/\/shopatoa.com\/ro\/sefiros-crema-de-fermitate-si-lifting-cu-extract-de-caviar-renewcream-50-g\/\" \/>\n<meta property=\"og:locale\" content=\"ro_RO\" \/>\n<meta property=\"og:type\" content=\"article\" \/>\n<meta property=\"og:title\" content=\"Sefiros Crem\u0103 de fermitate \u0219i lifting cu extract de caviar RenewCream 50 g - SHOPATOA.COM\" \/>\n<meta property=\"og:description\" content=\"Crem\u0103 de fermitate \u0219i lifting cu caviar SEFIROS RenewCream with Caviar face parte din gama cosmetic\u0103 CAVIAR de la brandul SEFIROS, dezvoltat\u0103 pe baza celor mai moderne descoperiri \u0219tiin\u021bifice. RenewCream with Caviar con\u021bine AMINOGLYCO KAVIAR PF natural, un complex de ingrediente active marine. Extract pur de caviar, \u00eembog\u0103\u021bit cu glicozaminoglicani \u0219i glicogen, ambele provenind din...\" \/>\n<meta property=\"og:url\" content=\"https:\/\/shopatoa.com\/ro\/sefiros-crema-de-fermitate-si-lifting-cu-extract-de-caviar-renewcream-50-g\/\" \/>\n<meta property=\"og:site_name\" content=\"SHOPATOA\" \/>\n<meta property=\"article:modified_time\" content=\"2025-12-10T01:34:55+00:00\" \/>\n<meta property=\"og:image\" content=\"https:\/\/storage.googleapis.com\/cz-shopatoa-img\/ro\/093a40cb-unnamed-file.webp\" \/>\n\t<meta property=\"og:image:width\" content=\"800\" \/>\n\t<meta property=\"og:image:height\" content=\"800\" \/>\n\t<meta property=\"og:image:type\" content=\"image\/webp\" \/>\n<meta name=\"twitter:card\" content=\"summary_large_image\" \/>\n<meta name=\"twitter:label1\" content=\"Timp estimat pentru citire\" \/>\n\t<meta name=\"twitter:data1\" content=\"1 minut\" \/>\n<script type=\"application\/ld+json\" class=\"yoast-schema-graph\">{\"@context\":\"https:\\\/\\\/schema.org\",\"@graph\":[{\"@type\":\"WebPage\",\"@id\":\"https:\\\/\\\/shopatoa.com\\\/ro\\\/sefiros-crema-de-fermitate-si-lifting-cu-extract-de-caviar-renewcream-50-g\\\/\",\"url\":\"https:\\\/\\\/shopatoa.com\\\/ro\\\/sefiros-crema-de-fermitate-si-lifting-cu-extract-de-caviar-renewcream-50-g\\\/\",\"name\":\"Sefiros Crem\u0103 de fermitate \u0219i lifting cu extract de caviar RenewCream 50 g - SHOPATOA.COM\",\"isPartOf\":{\"@id\":\"https:\\\/\\\/shopatoa.com\\\/ro\\\/#website\"},\"primaryImageOfPage\":{\"@id\":\"https:\\\/\\\/shopatoa.com\\\/ro\\\/sefiros-crema-de-fermitate-si-lifting-cu-extract-de-caviar-renewcream-50-g\\\/#primaryimage\"},\"image\":{\"@id\":\"https:\\\/\\\/shopatoa.com\\\/ro\\\/sefiros-crema-de-fermitate-si-lifting-cu-extract-de-caviar-renewcream-50-g\\\/#primaryimage\"},\"thumbnailUrl\":\"https:\\\/\\\/storage.googleapis.com\\\/cz-shopatoa-img\\\/ro\\\/093a40cb-unnamed-file.webp\",\"datePublished\":\"2025-04-26T05:40:55+00:00\",\"dateModified\":\"2025-12-10T01:34:55+00:00\",\"breadcrumb\":{\"@id\":\"https:\\\/\\\/shopatoa.com\\\/ro\\\/sefiros-crema-de-fermitate-si-lifting-cu-extract-de-caviar-renewcream-50-g\\\/#breadcrumb\"},\"inLanguage\":\"ro-RO\",\"potentialAction\":[{\"@type\":\"ReadAction\",\"target\":[\"https:\\\/\\\/shopatoa.com\\\/ro\\\/sefiros-crema-de-fermitate-si-lifting-cu-extract-de-caviar-renewcream-50-g\\\/\"]}]},{\"@type\":\"ImageObject\",\"inLanguage\":\"ro-RO\",\"@id\":\"https:\\\/\\\/shopatoa.com\\\/ro\\\/sefiros-crema-de-fermitate-si-lifting-cu-extract-de-caviar-renewcream-50-g\\\/#primaryimage\",\"url\":\"https:\\\/\\\/storage.googleapis.com\\\/cz-shopatoa-img\\\/ro\\\/093a40cb-unnamed-file.webp\",\"contentUrl\":\"https:\\\/\\\/storage.googleapis.com\\\/cz-shopatoa-img\\\/ro\\\/093a40cb-unnamed-file.webp\",\"width\":800,\"height\":800},{\"@type\":\"BreadcrumbList\",\"@id\":\"https:\\\/\\\/shopatoa.com\\\/ro\\\/sefiros-crema-de-fermitate-si-lifting-cu-extract-de-caviar-renewcream-50-g\\\/#breadcrumb\",\"itemListElement\":[{\"@type\":\"ListItem\",\"position\":1,\"name\":\"Dom\u016f\",\"item\":\"https:\\\/\\\/shopatoa.com\\\/ro\\\/\"},{\"@type\":\"ListItem\",\"position\":2,\"name\":\"Shop\",\"item\":\"https:\\\/\\\/shopatoa.com\\\/ro\\\/shop\\\/\"},{\"@type\":\"ListItem\",\"position\":3,\"name\":\"Cosmetice\",\"item\":\"https:\\\/\\\/shopatoa.com\\\/ro\\\/cosmetice\\\/\"},{\"@type\":\"ListItem\",\"position\":4,\"name\":\"Produse cosmetice pentru piele\",\"item\":\"https:\\\/\\\/shopatoa.com\\\/ro\\\/produse-cosmetice-pentru-piele\\\/\"},{\"@type\":\"ListItem\",\"position\":5,\"name\":\"Produse cosmetice de \u00eengrijire a pielii\",\"item\":\"https:\\\/\\\/shopatoa.com\\\/ro\\\/produse-cosmetice-de-ingrijire-a-pielii\\\/\"},{\"@type\":\"ListItem\",\"position\":6,\"name\":\"Hidratarea \u0219i nutri\u021bia pielii\",\"item\":\"https:\\\/\\\/shopatoa.com\\\/ro\\\/hidratarea-si-nutritia-pielii\\\/\"},{\"@type\":\"ListItem\",\"position\":7,\"name\":\"Sefiros Crem\u0103 de fermitate \u0219i lifting cu extract de caviar RenewCream 50 g\"}]},{\"@type\":\"WebSite\",\"@id\":\"https:\\\/\\\/shopatoa.com\\\/ro\\\/#website\",\"url\":\"https:\\\/\\\/shopatoa.com\\\/ro\\\/\",\"name\":\"SHOPATOA\",\"description\":\"\",\"publisher\":{\"@id\":\"https:\\\/\\\/shopatoa.com\\\/ro\\\/#organization\"},\"potentialAction\":[{\"@type\":\"SearchAction\",\"target\":{\"@type\":\"EntryPoint\",\"urlTemplate\":\"https:\\\/\\\/shopatoa.com\\\/ro\\\/?s={search_term_string}\"},\"query-input\":{\"@type\":\"PropertyValueSpecification\",\"valueRequired\":true,\"valueName\":\"search_term_string\"}}],\"inLanguage\":\"ro-RO\"},{\"@type\":\"Organization\",\"@id\":\"https:\\\/\\\/shopatoa.com\\\/ro\\\/#organization\",\"name\":\"SHOPATOA\",\"url\":\"https:\\\/\\\/shopatoa.com\\\/ro\\\/\",\"logo\":{\"@type\":\"ImageObject\",\"inLanguage\":\"ro-RO\",\"@id\":\"https:\\\/\\\/shopatoa.com\\\/ro\\\/#\\\/schema\\\/logo\\\/image\\\/\",\"url\":\"https:\\\/\\\/storage.googleapis.com\\\/cz-shopatoa-img\\\/ro\\\/b4dac915-shopatoa_logo.png\",\"contentUrl\":\"https:\\\/\\\/storage.googleapis.com\\\/cz-shopatoa-img\\\/ro\\\/b4dac915-shopatoa_logo.png\",\"width\":416,\"height\":63,\"caption\":\"SHOPATOA\"},\"image\":{\"@id\":\"https:\\\/\\\/shopatoa.com\\\/ro\\\/#\\\/schema\\\/logo\\\/image\\\/\"}}]}<\/script>\n<!-- \/ Yoast SEO plugin. -->","yoast_head_json":{"title":"Sefiros Crem\u0103 de fermitate \u0219i lifting cu extract de caviar RenewCream 50 g - SHOPATOA.COM","robots":{"index":"index","follow":"follow","max-snippet":"max-snippet:-1","max-image-preview":"max-image-preview:large","max-video-preview":"max-video-preview:-1"},"canonical":"https:\/\/shopatoa.com\/ro\/sefiros-crema-de-fermitate-si-lifting-cu-extract-de-caviar-renewcream-50-g\/","og_locale":"ro_RO","og_type":"article","og_title":"Sefiros Crem\u0103 de fermitate \u0219i lifting cu extract de caviar RenewCream 50 g - SHOPATOA.COM","og_description":"Crem\u0103 de fermitate \u0219i lifting cu caviar SEFIROS RenewCream with Caviar face parte din gama cosmetic\u0103 CAVIAR de la brandul SEFIROS, dezvoltat\u0103 pe baza celor mai moderne descoperiri \u0219tiin\u021bifice. RenewCream with Caviar con\u021bine AMINOGLYCO KAVIAR PF natural, un complex de ingrediente active marine. Extract pur de caviar, \u00eembog\u0103\u021bit cu glicozaminoglicani \u0219i glicogen, ambele provenind din...","og_url":"https:\/\/shopatoa.com\/ro\/sefiros-crema-de-fermitate-si-lifting-cu-extract-de-caviar-renewcream-50-g\/","og_site_name":"SHOPATOA","article_modified_time":"2025-12-10T01:34:55+00:00","og_image":[{"width":800,"height":800,"url":"https:\/\/storage.googleapis.com\/cz-shopatoa-img\/ro\/093a40cb-unnamed-file.webp","type":"image\/webp"}],"twitter_card":"summary_large_image","twitter_misc":{"Timp estimat pentru citire":"1 minut"},"schema":{"@context":"https:\/\/schema.org","@graph":[{"@type":"WebPage","@id":"https:\/\/shopatoa.com\/ro\/sefiros-crema-de-fermitate-si-lifting-cu-extract-de-caviar-renewcream-50-g\/","url":"https:\/\/shopatoa.com\/ro\/sefiros-crema-de-fermitate-si-lifting-cu-extract-de-caviar-renewcream-50-g\/","name":"Sefiros Crem\u0103 de fermitate \u0219i lifting cu extract de caviar RenewCream 50 g - SHOPATOA.COM","isPartOf":{"@id":"https:\/\/shopatoa.com\/ro\/#website"},"primaryImageOfPage":{"@id":"https:\/\/shopatoa.com\/ro\/sefiros-crema-de-fermitate-si-lifting-cu-extract-de-caviar-renewcream-50-g\/#primaryimage"},"image":{"@id":"https:\/\/shopatoa.com\/ro\/sefiros-crema-de-fermitate-si-lifting-cu-extract-de-caviar-renewcream-50-g\/#primaryimage"},"thumbnailUrl":"https:\/\/storage.googleapis.com\/cz-shopatoa-img\/ro\/093a40cb-unnamed-file.webp","datePublished":"2025-04-26T05:40:55+00:00","dateModified":"2025-12-10T01:34:55+00:00","breadcrumb":{"@id":"https:\/\/shopatoa.com\/ro\/sefiros-crema-de-fermitate-si-lifting-cu-extract-de-caviar-renewcream-50-g\/#breadcrumb"},"inLanguage":"ro-RO","potentialAction":[{"@type":"ReadAction","target":["https:\/\/shopatoa.com\/ro\/sefiros-crema-de-fermitate-si-lifting-cu-extract-de-caviar-renewcream-50-g\/"]}]},{"@type":"ImageObject","inLanguage":"ro-RO","@id":"https:\/\/shopatoa.com\/ro\/sefiros-crema-de-fermitate-si-lifting-cu-extract-de-caviar-renewcream-50-g\/#primaryimage","url":"https:\/\/storage.googleapis.com\/cz-shopatoa-img\/ro\/093a40cb-unnamed-file.webp","contentUrl":"https:\/\/storage.googleapis.com\/cz-shopatoa-img\/ro\/093a40cb-unnamed-file.webp","width":800,"height":800},{"@type":"BreadcrumbList","@id":"https:\/\/shopatoa.com\/ro\/sefiros-crema-de-fermitate-si-lifting-cu-extract-de-caviar-renewcream-50-g\/#breadcrumb","itemListElement":[{"@type":"ListItem","position":1,"name":"Dom\u016f","item":"https:\/\/shopatoa.com\/ro\/"},{"@type":"ListItem","position":2,"name":"Shop","item":"https:\/\/shopatoa.com\/ro\/shop\/"},{"@type":"ListItem","position":3,"name":"Cosmetice","item":"https:\/\/shopatoa.com\/ro\/cosmetice\/"},{"@type":"ListItem","position":4,"name":"Produse cosmetice pentru piele","item":"https:\/\/shopatoa.com\/ro\/produse-cosmetice-pentru-piele\/"},{"@type":"ListItem","position":5,"name":"Produse cosmetice de \u00eengrijire a pielii","item":"https:\/\/shopatoa.com\/ro\/produse-cosmetice-de-ingrijire-a-pielii\/"},{"@type":"ListItem","position":6,"name":"Hidratarea \u0219i nutri\u021bia pielii","item":"https:\/\/shopatoa.com\/ro\/hidratarea-si-nutritia-pielii\/"},{"@type":"ListItem","position":7,"name":"Sefiros Crem\u0103 de fermitate \u0219i lifting cu extract de caviar RenewCream 50 g"}]},{"@type":"WebSite","@id":"https:\/\/shopatoa.com\/ro\/#website","url":"https:\/\/shopatoa.com\/ro\/","name":"SHOPATOA","description":"","publisher":{"@id":"https:\/\/shopatoa.com\/ro\/#organization"},"potentialAction":[{"@type":"SearchAction","target":{"@type":"EntryPoint","urlTemplate":"https:\/\/shopatoa.com\/ro\/?s={search_term_string}"},"query-input":{"@type":"PropertyValueSpecification","valueRequired":true,"valueName":"search_term_string"}}],"inLanguage":"ro-RO"},{"@type":"Organization","@id":"https:\/\/shopatoa.com\/ro\/#organization","name":"SHOPATOA","url":"https:\/\/shopatoa.com\/ro\/","logo":{"@type":"ImageObject","inLanguage":"ro-RO","@id":"https:\/\/shopatoa.com\/ro\/#\/schema\/logo\/image\/","url":"https:\/\/storage.googleapis.com\/cz-shopatoa-img\/ro\/b4dac915-shopatoa_logo.png","contentUrl":"https:\/\/storage.googleapis.com\/cz-shopatoa-img\/ro\/b4dac915-shopatoa_logo.png","width":416,"height":63,"caption":"SHOPATOA"},"image":{"@id":"https:\/\/shopatoa.com\/ro\/#\/schema\/logo\/image\/"}}]}},"_links":{"self":[{"href":"https:\/\/shopatoa.com\/ro\/wp-json\/wp\/v2\/product\/256391","targetHints":{"allow":["GET"]}}],"collection":[{"href":"https:\/\/shopatoa.com\/ro\/wp-json\/wp\/v2\/product"}],"about":[{"href":"https:\/\/shopatoa.com\/ro\/wp-json\/wp\/v2\/types\/product"}],"replies":[{"embeddable":true,"href":"https:\/\/shopatoa.com\/ro\/wp-json\/wp\/v2\/comments?post=256391"}],"wp:featuredmedia":[{"embeddable":true,"href":"https:\/\/shopatoa.com\/ro\/wp-json\/wp\/v2\/media\/256392"}],"wp:attachment":[{"href":"https:\/\/shopatoa.com\/ro\/wp-json\/wp\/v2\/media?parent=256391"}],"wp:term":[{"taxonomy":"product_brand","embeddable":true,"href":"https:\/\/shopatoa.com\/ro\/wp-json\/wp\/v2\/product_brand?post=256391"},{"taxonomy":"product_cat","embeddable":true,"href":"https:\/\/shopatoa.com\/ro\/wp-json\/wp\/v2\/product_cat?post=256391"},{"taxonomy":"product_tag","embeddable":true,"href":"https:\/\/shopatoa.com\/ro\/wp-json\/wp\/v2\/product_tag?post=256391"}],"curies":[{"name":"wp","href":"https:\/\/api.w.org\/{rel}","templated":true}]}}