{"id":256467,"date":"2025-04-26T07:56:04","date_gmt":"2025-04-26T05:56:04","guid":{"rendered":"https:\/\/shopatoa.com\/ro\/weleda-gel-facial-de-curatare-profunda-deep-cleansing-gel-150-ml\/"},"modified":"2025-12-10T02:25:31","modified_gmt":"2025-12-10T01:25:31","slug":"weleda-gel-facial-de-curatare-profunda-deep-cleansing-gel-150-ml","status":"publish","type":"product","link":"https:\/\/shopatoa.com\/ro\/weleda-gel-facial-de-curatare-profunda-deep-cleansing-gel-150-ml\/","title":{"rendered":"Weleda Gel facial de cur\u0103\u021bare profund\u0103 (Deep Cleansing Gel) 150 ml"},"content":{"rendered":"<p>Transforma\u021bi rutina zilnic\u0103 de cur\u0103\u021bare a tenului \u00eentr-un ritual purificator pentru pielea \u0219i spiritul dumneavoastr\u0103, datorit\u0103 unei compozi\u021bii unice de uleiuri esen\u021biale ce ofer\u0103 o senza\u021bie revigorant\u0103 \u0219i energizant\u0103. Uleiurile esen\u021biale 100% de l\u0103m\u00e2ie, lime \u0219i portocal\u0103 nu doar \u00eembun\u0103t\u0103\u021besc starea de spirit, ci \u0219i reduc semnele stresului la fiecare aplicare. Formula unic\u0103 pe baz\u0103 de aloe vera las\u0103 pielea perfect curat\u0103 \u0219i hidratat\u0103, f\u0103r\u0103 s\u0103 o usuce. Apa floral\u0103 de hamamelis calmeaz\u0103 irita\u021biile pielii \u0219i confer\u0103 o senza\u021bie de prospe\u021bime.<\/p>\n","protected":false},"excerpt":{"rendered":"<p>Transforma\u021bi rutina zilnic\u0103 de cur\u0103\u021bare a tenului \u00eentr-un ritual purificator pentru pielea \u0219i spiritul dumneavoastr\u0103, datorit\u0103 unei compozi\u021bii unice de uleiuri esen\u021biale ce ofer\u0103 o senza\u021bie revigorant\u0103 \u0219i energizant\u0103. Uleiurile esen\u021biale 100% de l\u0103m\u00e2ie, lime \u0219i portocal\u0103 nu doar \u00eembun\u0103t\u0103\u021besc starea de spirit, ci \u0219i reduc semnele stresului la fiecare aplicare. Formula unic\u0103 pe baz\u0103&#8230;<\/p>\n","protected":false},"featured_media":256468,"comment_status":"closed","ping_status":"open","template":"","meta":{"_acf_changed":false,"_kadence_starter_templates_imported_post":false,"_kad_post_transparent":"","_kad_post_title":"","_kad_post_layout":"","_kad_post_sidebar_id":"","_kad_post_content_style":"","_kad_post_vertical_padding":"","_kad_post_feature":"","_kad_post_feature_position":"","_kad_post_header":false,"_kad_post_footer":false,"_kad_post_classname":""},"product_brand":[554],"product_cat":[246,660,634,706,633],"product_tag":[],"class_list":{"0":"post-256467","1":"product","2":"type-product","3":"status-publish","4":"has-post-thumbnail","6":"product_brand-weleda","7":"product_cat-cosmetice","8":"product_cat-curatarea-demachierea-fetei","9":"product_cat-produse-cosmetice-de-ingrijire-a-pielii","10":"product_cat-produse-cosmetice-pentru-curatare","11":"product_cat-produse-cosmetice-pentru-piele","13":"first","14":"instock","15":"sale","16":"product-type-external","17":"entry","18":"content-bg","19":"loop-entry"},"acf":[],"yoast_head":"<!-- This site is optimized with the Yoast SEO plugin v27.3 - https:\/\/yoast.com\/product\/yoast-seo-wordpress\/ -->\n<title>Weleda Gel facial de cur\u0103\u021bare profund\u0103 (Deep Cleansing Gel) 150 ml - SHOPATOA.COM<\/title>\n<meta name=\"robots\" content=\"index, follow, max-snippet:-1, max-image-preview:large, max-video-preview:-1\" \/>\n<link rel=\"canonical\" href=\"https:\/\/shopatoa.com\/ro\/weleda-gel-facial-de-curatare-profunda-deep-cleansing-gel-150-ml\/\" \/>\n<meta property=\"og:locale\" content=\"ro_RO\" \/>\n<meta property=\"og:type\" content=\"article\" \/>\n<meta property=\"og:title\" content=\"Weleda Gel facial de cur\u0103\u021bare profund\u0103 (Deep Cleansing Gel) 150 ml - SHOPATOA.COM\" \/>\n<meta property=\"og:description\" content=\"Transforma\u021bi rutina zilnic\u0103 de cur\u0103\u021bare a tenului \u00eentr-un ritual purificator pentru pielea \u0219i spiritul dumneavoastr\u0103, datorit\u0103 unei compozi\u021bii unice de uleiuri esen\u021biale ce ofer\u0103 o senza\u021bie revigorant\u0103 \u0219i energizant\u0103. Uleiurile esen\u021biale 100% de l\u0103m\u00e2ie, lime \u0219i portocal\u0103 nu doar \u00eembun\u0103t\u0103\u021besc starea de spirit, ci \u0219i reduc semnele stresului la fiecare aplicare. Formula unic\u0103 pe baz\u0103...\" \/>\n<meta property=\"og:url\" content=\"https:\/\/shopatoa.com\/ro\/weleda-gel-facial-de-curatare-profunda-deep-cleansing-gel-150-ml\/\" \/>\n<meta property=\"og:site_name\" content=\"SHOPATOA\" \/>\n<meta property=\"article:modified_time\" content=\"2025-12-10T01:25:31+00:00\" \/>\n<meta property=\"og:image\" content=\"https:\/\/storage.googleapis.com\/cz-shopatoa-img\/ro\/fc94adda-unnamed-file.webp\" \/>\n\t<meta property=\"og:image:width\" content=\"800\" \/>\n\t<meta property=\"og:image:height\" content=\"800\" \/>\n\t<meta property=\"og:image:type\" content=\"image\/webp\" \/>\n<meta name=\"twitter:card\" content=\"summary_large_image\" \/>\n<script type=\"application\/ld+json\" class=\"yoast-schema-graph\">{\"@context\":\"https:\\\/\\\/schema.org\",\"@graph\":[{\"@type\":\"WebPage\",\"@id\":\"https:\\\/\\\/shopatoa.com\\\/ro\\\/weleda-gel-facial-de-curatare-profunda-deep-cleansing-gel-150-ml\\\/\",\"url\":\"https:\\\/\\\/shopatoa.com\\\/ro\\\/weleda-gel-facial-de-curatare-profunda-deep-cleansing-gel-150-ml\\\/\",\"name\":\"Weleda Gel facial de cur\u0103\u021bare profund\u0103 (Deep Cleansing Gel) 150 ml - SHOPATOA.COM\",\"isPartOf\":{\"@id\":\"https:\\\/\\\/shopatoa.com\\\/ro\\\/#website\"},\"primaryImageOfPage\":{\"@id\":\"https:\\\/\\\/shopatoa.com\\\/ro\\\/weleda-gel-facial-de-curatare-profunda-deep-cleansing-gel-150-ml\\\/#primaryimage\"},\"image\":{\"@id\":\"https:\\\/\\\/shopatoa.com\\\/ro\\\/weleda-gel-facial-de-curatare-profunda-deep-cleansing-gel-150-ml\\\/#primaryimage\"},\"thumbnailUrl\":\"https:\\\/\\\/storage.googleapis.com\\\/cz-shopatoa-img\\\/ro\\\/fc94adda-unnamed-file.webp\",\"datePublished\":\"2025-04-26T05:56:04+00:00\",\"dateModified\":\"2025-12-10T01:25:31+00:00\",\"breadcrumb\":{\"@id\":\"https:\\\/\\\/shopatoa.com\\\/ro\\\/weleda-gel-facial-de-curatare-profunda-deep-cleansing-gel-150-ml\\\/#breadcrumb\"},\"inLanguage\":\"ro-RO\",\"potentialAction\":[{\"@type\":\"ReadAction\",\"target\":[\"https:\\\/\\\/shopatoa.com\\\/ro\\\/weleda-gel-facial-de-curatare-profunda-deep-cleansing-gel-150-ml\\\/\"]}]},{\"@type\":\"ImageObject\",\"inLanguage\":\"ro-RO\",\"@id\":\"https:\\\/\\\/shopatoa.com\\\/ro\\\/weleda-gel-facial-de-curatare-profunda-deep-cleansing-gel-150-ml\\\/#primaryimage\",\"url\":\"https:\\\/\\\/storage.googleapis.com\\\/cz-shopatoa-img\\\/ro\\\/fc94adda-unnamed-file.webp\",\"contentUrl\":\"https:\\\/\\\/storage.googleapis.com\\\/cz-shopatoa-img\\\/ro\\\/fc94adda-unnamed-file.webp\",\"width\":800,\"height\":800},{\"@type\":\"BreadcrumbList\",\"@id\":\"https:\\\/\\\/shopatoa.com\\\/ro\\\/weleda-gel-facial-de-curatare-profunda-deep-cleansing-gel-150-ml\\\/#breadcrumb\",\"itemListElement\":[{\"@type\":\"ListItem\",\"position\":1,\"name\":\"Dom\u016f\",\"item\":\"https:\\\/\\\/shopatoa.com\\\/ro\\\/\"},{\"@type\":\"ListItem\",\"position\":2,\"name\":\"Shop\",\"item\":\"https:\\\/\\\/shopatoa.com\\\/ro\\\/shop\\\/\"},{\"@type\":\"ListItem\",\"position\":3,\"name\":\"Cosmetice\",\"item\":\"https:\\\/\\\/shopatoa.com\\\/ro\\\/cosmetice\\\/\"},{\"@type\":\"ListItem\",\"position\":4,\"name\":\"Produse cosmetice pentru piele\",\"item\":\"https:\\\/\\\/shopatoa.com\\\/ro\\\/produse-cosmetice-pentru-piele\\\/\"},{\"@type\":\"ListItem\",\"position\":5,\"name\":\"Produse cosmetice de \u00eengrijire a pielii\",\"item\":\"https:\\\/\\\/shopatoa.com\\\/ro\\\/produse-cosmetice-de-ingrijire-a-pielii\\\/\"},{\"@type\":\"ListItem\",\"position\":6,\"name\":\"Cur\u0103\u021barea, demachierea fe\u021bei\",\"item\":\"https:\\\/\\\/shopatoa.com\\\/ro\\\/curatarea-demachierea-fetei\\\/\"},{\"@type\":\"ListItem\",\"position\":7,\"name\":\"Produse cosmetice pentru cur\u0103\u021bare\",\"item\":\"https:\\\/\\\/shopatoa.com\\\/ro\\\/produse-cosmetice-pentru-curatare\\\/\"},{\"@type\":\"ListItem\",\"position\":8,\"name\":\"Weleda Gel facial de cur\u0103\u021bare profund\u0103 (Deep Cleansing Gel) 150 ml\"}]},{\"@type\":\"WebSite\",\"@id\":\"https:\\\/\\\/shopatoa.com\\\/ro\\\/#website\",\"url\":\"https:\\\/\\\/shopatoa.com\\\/ro\\\/\",\"name\":\"SHOPATOA\",\"description\":\"\",\"publisher\":{\"@id\":\"https:\\\/\\\/shopatoa.com\\\/ro\\\/#organization\"},\"potentialAction\":[{\"@type\":\"SearchAction\",\"target\":{\"@type\":\"EntryPoint\",\"urlTemplate\":\"https:\\\/\\\/shopatoa.com\\\/ro\\\/?s={search_term_string}\"},\"query-input\":{\"@type\":\"PropertyValueSpecification\",\"valueRequired\":true,\"valueName\":\"search_term_string\"}}],\"inLanguage\":\"ro-RO\"},{\"@type\":\"Organization\",\"@id\":\"https:\\\/\\\/shopatoa.com\\\/ro\\\/#organization\",\"name\":\"SHOPATOA\",\"url\":\"https:\\\/\\\/shopatoa.com\\\/ro\\\/\",\"logo\":{\"@type\":\"ImageObject\",\"inLanguage\":\"ro-RO\",\"@id\":\"https:\\\/\\\/shopatoa.com\\\/ro\\\/#\\\/schema\\\/logo\\\/image\\\/\",\"url\":\"https:\\\/\\\/storage.googleapis.com\\\/cz-shopatoa-img\\\/ro\\\/b4dac915-shopatoa_logo.png\",\"contentUrl\":\"https:\\\/\\\/storage.googleapis.com\\\/cz-shopatoa-img\\\/ro\\\/b4dac915-shopatoa_logo.png\",\"width\":416,\"height\":63,\"caption\":\"SHOPATOA\"},\"image\":{\"@id\":\"https:\\\/\\\/shopatoa.com\\\/ro\\\/#\\\/schema\\\/logo\\\/image\\\/\"}}]}<\/script>\n<!-- \/ Yoast SEO plugin. -->","yoast_head_json":{"title":"Weleda Gel facial de cur\u0103\u021bare profund\u0103 (Deep Cleansing Gel) 150 ml - SHOPATOA.COM","robots":{"index":"index","follow":"follow","max-snippet":"max-snippet:-1","max-image-preview":"max-image-preview:large","max-video-preview":"max-video-preview:-1"},"canonical":"https:\/\/shopatoa.com\/ro\/weleda-gel-facial-de-curatare-profunda-deep-cleansing-gel-150-ml\/","og_locale":"ro_RO","og_type":"article","og_title":"Weleda Gel facial de cur\u0103\u021bare profund\u0103 (Deep Cleansing Gel) 150 ml - SHOPATOA.COM","og_description":"Transforma\u021bi rutina zilnic\u0103 de cur\u0103\u021bare a tenului \u00eentr-un ritual purificator pentru pielea \u0219i spiritul dumneavoastr\u0103, datorit\u0103 unei compozi\u021bii unice de uleiuri esen\u021biale ce ofer\u0103 o senza\u021bie revigorant\u0103 \u0219i energizant\u0103. Uleiurile esen\u021biale 100% de l\u0103m\u00e2ie, lime \u0219i portocal\u0103 nu doar \u00eembun\u0103t\u0103\u021besc starea de spirit, ci \u0219i reduc semnele stresului la fiecare aplicare. Formula unic\u0103 pe baz\u0103...","og_url":"https:\/\/shopatoa.com\/ro\/weleda-gel-facial-de-curatare-profunda-deep-cleansing-gel-150-ml\/","og_site_name":"SHOPATOA","article_modified_time":"2025-12-10T01:25:31+00:00","og_image":[{"width":800,"height":800,"url":"https:\/\/storage.googleapis.com\/cz-shopatoa-img\/ro\/fc94adda-unnamed-file.webp","type":"image\/webp"}],"twitter_card":"summary_large_image","schema":{"@context":"https:\/\/schema.org","@graph":[{"@type":"WebPage","@id":"https:\/\/shopatoa.com\/ro\/weleda-gel-facial-de-curatare-profunda-deep-cleansing-gel-150-ml\/","url":"https:\/\/shopatoa.com\/ro\/weleda-gel-facial-de-curatare-profunda-deep-cleansing-gel-150-ml\/","name":"Weleda Gel facial de cur\u0103\u021bare profund\u0103 (Deep Cleansing Gel) 150 ml - SHOPATOA.COM","isPartOf":{"@id":"https:\/\/shopatoa.com\/ro\/#website"},"primaryImageOfPage":{"@id":"https:\/\/shopatoa.com\/ro\/weleda-gel-facial-de-curatare-profunda-deep-cleansing-gel-150-ml\/#primaryimage"},"image":{"@id":"https:\/\/shopatoa.com\/ro\/weleda-gel-facial-de-curatare-profunda-deep-cleansing-gel-150-ml\/#primaryimage"},"thumbnailUrl":"https:\/\/storage.googleapis.com\/cz-shopatoa-img\/ro\/fc94adda-unnamed-file.webp","datePublished":"2025-04-26T05:56:04+00:00","dateModified":"2025-12-10T01:25:31+00:00","breadcrumb":{"@id":"https:\/\/shopatoa.com\/ro\/weleda-gel-facial-de-curatare-profunda-deep-cleansing-gel-150-ml\/#breadcrumb"},"inLanguage":"ro-RO","potentialAction":[{"@type":"ReadAction","target":["https:\/\/shopatoa.com\/ro\/weleda-gel-facial-de-curatare-profunda-deep-cleansing-gel-150-ml\/"]}]},{"@type":"ImageObject","inLanguage":"ro-RO","@id":"https:\/\/shopatoa.com\/ro\/weleda-gel-facial-de-curatare-profunda-deep-cleansing-gel-150-ml\/#primaryimage","url":"https:\/\/storage.googleapis.com\/cz-shopatoa-img\/ro\/fc94adda-unnamed-file.webp","contentUrl":"https:\/\/storage.googleapis.com\/cz-shopatoa-img\/ro\/fc94adda-unnamed-file.webp","width":800,"height":800},{"@type":"BreadcrumbList","@id":"https:\/\/shopatoa.com\/ro\/weleda-gel-facial-de-curatare-profunda-deep-cleansing-gel-150-ml\/#breadcrumb","itemListElement":[{"@type":"ListItem","position":1,"name":"Dom\u016f","item":"https:\/\/shopatoa.com\/ro\/"},{"@type":"ListItem","position":2,"name":"Shop","item":"https:\/\/shopatoa.com\/ro\/shop\/"},{"@type":"ListItem","position":3,"name":"Cosmetice","item":"https:\/\/shopatoa.com\/ro\/cosmetice\/"},{"@type":"ListItem","position":4,"name":"Produse cosmetice pentru piele","item":"https:\/\/shopatoa.com\/ro\/produse-cosmetice-pentru-piele\/"},{"@type":"ListItem","position":5,"name":"Produse cosmetice de \u00eengrijire a pielii","item":"https:\/\/shopatoa.com\/ro\/produse-cosmetice-de-ingrijire-a-pielii\/"},{"@type":"ListItem","position":6,"name":"Cur\u0103\u021barea, demachierea fe\u021bei","item":"https:\/\/shopatoa.com\/ro\/curatarea-demachierea-fetei\/"},{"@type":"ListItem","position":7,"name":"Produse cosmetice pentru cur\u0103\u021bare","item":"https:\/\/shopatoa.com\/ro\/produse-cosmetice-pentru-curatare\/"},{"@type":"ListItem","position":8,"name":"Weleda Gel facial de cur\u0103\u021bare profund\u0103 (Deep Cleansing Gel) 150 ml"}]},{"@type":"WebSite","@id":"https:\/\/shopatoa.com\/ro\/#website","url":"https:\/\/shopatoa.com\/ro\/","name":"SHOPATOA","description":"","publisher":{"@id":"https:\/\/shopatoa.com\/ro\/#organization"},"potentialAction":[{"@type":"SearchAction","target":{"@type":"EntryPoint","urlTemplate":"https:\/\/shopatoa.com\/ro\/?s={search_term_string}"},"query-input":{"@type":"PropertyValueSpecification","valueRequired":true,"valueName":"search_term_string"}}],"inLanguage":"ro-RO"},{"@type":"Organization","@id":"https:\/\/shopatoa.com\/ro\/#organization","name":"SHOPATOA","url":"https:\/\/shopatoa.com\/ro\/","logo":{"@type":"ImageObject","inLanguage":"ro-RO","@id":"https:\/\/shopatoa.com\/ro\/#\/schema\/logo\/image\/","url":"https:\/\/storage.googleapis.com\/cz-shopatoa-img\/ro\/b4dac915-shopatoa_logo.png","contentUrl":"https:\/\/storage.googleapis.com\/cz-shopatoa-img\/ro\/b4dac915-shopatoa_logo.png","width":416,"height":63,"caption":"SHOPATOA"},"image":{"@id":"https:\/\/shopatoa.com\/ro\/#\/schema\/logo\/image\/"}}]}},"_links":{"self":[{"href":"https:\/\/shopatoa.com\/ro\/wp-json\/wp\/v2\/product\/256467","targetHints":{"allow":["GET"]}}],"collection":[{"href":"https:\/\/shopatoa.com\/ro\/wp-json\/wp\/v2\/product"}],"about":[{"href":"https:\/\/shopatoa.com\/ro\/wp-json\/wp\/v2\/types\/product"}],"replies":[{"embeddable":true,"href":"https:\/\/shopatoa.com\/ro\/wp-json\/wp\/v2\/comments?post=256467"}],"wp:featuredmedia":[{"embeddable":true,"href":"https:\/\/shopatoa.com\/ro\/wp-json\/wp\/v2\/media\/256468"}],"wp:attachment":[{"href":"https:\/\/shopatoa.com\/ro\/wp-json\/wp\/v2\/media?parent=256467"}],"wp:term":[{"taxonomy":"product_brand","embeddable":true,"href":"https:\/\/shopatoa.com\/ro\/wp-json\/wp\/v2\/product_brand?post=256467"},{"taxonomy":"product_cat","embeddable":true,"href":"https:\/\/shopatoa.com\/ro\/wp-json\/wp\/v2\/product_cat?post=256467"},{"taxonomy":"product_tag","embeddable":true,"href":"https:\/\/shopatoa.com\/ro\/wp-json\/wp\/v2\/product_tag?post=256467"}],"curies":[{"name":"wp","href":"https:\/\/api.w.org\/{rel}","templated":true}]}}