{"id":256727,"date":"2025-04-26T08:50:28","date_gmt":"2025-04-26T06:50:28","guid":{"rendered":"https:\/\/shopatoa.com\/ro\/my-white-secret-pasta-de-dinti-nuca-de-cocos-toothpaste-kokos-60-g\/"},"modified":"2025-12-10T01:55:26","modified_gmt":"2025-12-10T00:55:26","slug":"my-white-secret-pasta-de-dinti-nuca-de-cocos-toothpaste-kokos-60-g","status":"publish","type":"product","link":"https:\/\/shopatoa.com\/ro\/my-white-secret-pasta-de-dinti-nuca-de-cocos-toothpaste-kokos-60-g\/","title":{"rendered":"My White Secret Pasta de din\u021bi Nuc\u0103 de cocos (Toothpaste Kokos) 60 g"},"content":{"rendered":"<p>Aceast\u0103 past\u0103 de din\u021bi a fost creat\u0103 \u00een colaborare cu stomatologi englezi \u0219i ofer\u0103 \u00eengrijire complet\u0103 pentru din\u021bii sensibili. Previne cariile dentare, reduce sensibilitatea dentara si \u00eengrije\u0219te gingiile. Formeaz\u0103 o barier\u0103 antibacterian\u0103 la suprafa\u021ba din\u021bilor \u0219i ofer\u0103 o senza\u021bie de prospe\u021bime pe termen lung. Pasta con\u021bine \u0219i xilitol, care este un \u00eendulcitor natural ob\u021binut \u00een principal din scoar\u021ba \u0219i pulpa mesteac\u0103nilor. Se g\u0103se\u0219te \u0219i \u00een fructe \u0219i legume \u0219i chiar \u0219i corpul uman \u00eel produce singur. Xilitolul are multe efecte grozave pentru cavitatea bucal\u0103: ac\u021bioneaz\u0103 preventiv \u00eempotriva cariilor dentare, reduce formarea pl\u0103cii dentare \u0219i cre\u0219te produc\u021bia de saliv\u0103, care \u00eempiedic\u0103 cre\u0219terea ciupercilor \u0219i bacteriilor.<\/p>\n","protected":false},"excerpt":{"rendered":"<p>Aceast\u0103 past\u0103 de din\u021bi a fost creat\u0103 \u00een colaborare cu stomatologi englezi \u0219i ofer\u0103 \u00eengrijire complet\u0103 pentru din\u021bii sensibili. Previne cariile dentare, reduce sensibilitatea dentara si \u00eengrije\u0219te gingiile. Formeaz\u0103 o barier\u0103 antibacterian\u0103 la suprafa\u021ba din\u021bilor \u0219i ofer\u0103 o senza\u021bie de prospe\u021bime pe termen lung. Pasta con\u021bine \u0219i xilitol, care este un \u00eendulcitor natural ob\u021binut \u00een&#8230;<\/p>\n","protected":false},"featured_media":256728,"comment_status":"closed","ping_status":"open","template":"","meta":{"_acf_changed":false,"_kadence_starter_templates_imported_post":false,"_kad_post_transparent":"","_kad_post_title":"","_kad_post_layout":"","_kad_post_sidebar_id":"","_kad_post_content_style":"","_kad_post_vertical_padding":"","_kad_post_feature":"","_kad_post_feature_position":"","_kad_post_header":false,"_kad_post_footer":false,"_kad_post_classname":""},"product_brand":[425],"product_cat":[829,246,828,709],"product_tag":[],"class_list":{"0":"post-256727","1":"product","2":"type-product","3":"status-publish","4":"has-post-thumbnail","6":"product_brand-my-white-secret","7":"product_cat-albirea-dintilor","8":"product_cat-cosmetice","9":"product_cat-ingrijire-speciala-orala","10":"product_cat-ingrijirea-dentara","12":"first","13":"instock","14":"sale","15":"product-type-external","16":"entry","17":"content-bg","18":"loop-entry"},"acf":[],"yoast_head":"<!-- This site is optimized with the Yoast SEO plugin v27.4 - https:\/\/yoast.com\/product\/yoast-seo-wordpress\/ -->\n<title>My White Secret Pasta de din\u021bi Nuc\u0103 de cocos (Toothpaste Kokos) 60 g - SHOPATOA.COM<\/title>\n<meta name=\"robots\" content=\"index, follow, max-snippet:-1, max-image-preview:large, max-video-preview:-1\" \/>\n<link rel=\"canonical\" href=\"https:\/\/shopatoa.com\/ro\/my-white-secret-pasta-de-dinti-nuca-de-cocos-toothpaste-kokos-60-g\/\" \/>\n<meta property=\"og:locale\" content=\"ro_RO\" \/>\n<meta property=\"og:type\" content=\"article\" \/>\n<meta property=\"og:title\" content=\"My White Secret Pasta de din\u021bi Nuc\u0103 de cocos (Toothpaste Kokos) 60 g - SHOPATOA.COM\" \/>\n<meta property=\"og:description\" content=\"Aceast\u0103 past\u0103 de din\u021bi a fost creat\u0103 \u00een colaborare cu stomatologi englezi \u0219i ofer\u0103 \u00eengrijire complet\u0103 pentru din\u021bii sensibili. Previne cariile dentare, reduce sensibilitatea dentara si \u00eengrije\u0219te gingiile. Formeaz\u0103 o barier\u0103 antibacterian\u0103 la suprafa\u021ba din\u021bilor \u0219i ofer\u0103 o senza\u021bie de prospe\u021bime pe termen lung. Pasta con\u021bine \u0219i xilitol, care este un \u00eendulcitor natural ob\u021binut \u00een...\" \/>\n<meta property=\"og:url\" content=\"https:\/\/shopatoa.com\/ro\/my-white-secret-pasta-de-dinti-nuca-de-cocos-toothpaste-kokos-60-g\/\" \/>\n<meta property=\"og:site_name\" content=\"SHOPATOA\" \/>\n<meta property=\"article:modified_time\" content=\"2025-12-10T00:55:26+00:00\" \/>\n<meta property=\"og:image\" content=\"https:\/\/storage.googleapis.com\/cz-shopatoa-img\/ro\/5b79e5ca-unnamed-file.webp\" \/>\n\t<meta property=\"og:image:width\" content=\"800\" \/>\n\t<meta property=\"og:image:height\" content=\"800\" \/>\n\t<meta property=\"og:image:type\" content=\"image\/webp\" \/>\n<meta name=\"twitter:card\" content=\"summary_large_image\" \/>\n<meta name=\"twitter:label1\" content=\"Timp estimat pentru citire\" \/>\n\t<meta name=\"twitter:data1\" content=\"1 minut\" \/>\n<script type=\"application\/ld+json\" class=\"yoast-schema-graph\">{\"@context\":\"https:\\\/\\\/schema.org\",\"@graph\":[{\"@type\":\"WebPage\",\"@id\":\"https:\\\/\\\/shopatoa.com\\\/ro\\\/my-white-secret-pasta-de-dinti-nuca-de-cocos-toothpaste-kokos-60-g\\\/\",\"url\":\"https:\\\/\\\/shopatoa.com\\\/ro\\\/my-white-secret-pasta-de-dinti-nuca-de-cocos-toothpaste-kokos-60-g\\\/\",\"name\":\"My White Secret Pasta de din\u021bi Nuc\u0103 de cocos (Toothpaste Kokos) 60 g - SHOPATOA.COM\",\"isPartOf\":{\"@id\":\"https:\\\/\\\/shopatoa.com\\\/ro\\\/#website\"},\"primaryImageOfPage\":{\"@id\":\"https:\\\/\\\/shopatoa.com\\\/ro\\\/my-white-secret-pasta-de-dinti-nuca-de-cocos-toothpaste-kokos-60-g\\\/#primaryimage\"},\"image\":{\"@id\":\"https:\\\/\\\/shopatoa.com\\\/ro\\\/my-white-secret-pasta-de-dinti-nuca-de-cocos-toothpaste-kokos-60-g\\\/#primaryimage\"},\"thumbnailUrl\":\"https:\\\/\\\/storage.googleapis.com\\\/cz-shopatoa-img\\\/ro\\\/5b79e5ca-unnamed-file.webp\",\"datePublished\":\"2025-04-26T06:50:28+00:00\",\"dateModified\":\"2025-12-10T00:55:26+00:00\",\"breadcrumb\":{\"@id\":\"https:\\\/\\\/shopatoa.com\\\/ro\\\/my-white-secret-pasta-de-dinti-nuca-de-cocos-toothpaste-kokos-60-g\\\/#breadcrumb\"},\"inLanguage\":\"ro-RO\",\"potentialAction\":[{\"@type\":\"ReadAction\",\"target\":[\"https:\\\/\\\/shopatoa.com\\\/ro\\\/my-white-secret-pasta-de-dinti-nuca-de-cocos-toothpaste-kokos-60-g\\\/\"]}]},{\"@type\":\"ImageObject\",\"inLanguage\":\"ro-RO\",\"@id\":\"https:\\\/\\\/shopatoa.com\\\/ro\\\/my-white-secret-pasta-de-dinti-nuca-de-cocos-toothpaste-kokos-60-g\\\/#primaryimage\",\"url\":\"https:\\\/\\\/storage.googleapis.com\\\/cz-shopatoa-img\\\/ro\\\/5b79e5ca-unnamed-file.webp\",\"contentUrl\":\"https:\\\/\\\/storage.googleapis.com\\\/cz-shopatoa-img\\\/ro\\\/5b79e5ca-unnamed-file.webp\",\"width\":800,\"height\":800},{\"@type\":\"BreadcrumbList\",\"@id\":\"https:\\\/\\\/shopatoa.com\\\/ro\\\/my-white-secret-pasta-de-dinti-nuca-de-cocos-toothpaste-kokos-60-g\\\/#breadcrumb\",\"itemListElement\":[{\"@type\":\"ListItem\",\"position\":1,\"name\":\"Dom\u016f\",\"item\":\"https:\\\/\\\/shopatoa.com\\\/ro\\\/\"},{\"@type\":\"ListItem\",\"position\":2,\"name\":\"Shop\",\"item\":\"https:\\\/\\\/shopatoa.com\\\/ro\\\/shop\\\/\"},{\"@type\":\"ListItem\",\"position\":3,\"name\":\"Cosmetice\",\"item\":\"https:\\\/\\\/shopatoa.com\\\/ro\\\/cosmetice\\\/\"},{\"@type\":\"ListItem\",\"position\":4,\"name\":\"\u00cengrijirea dentar\u0103\",\"item\":\"https:\\\/\\\/shopatoa.com\\\/ro\\\/ingrijirea-dentara\\\/\"},{\"@type\":\"ListItem\",\"position\":5,\"name\":\"\u00cengrijire special\u0103 oral\u0103\",\"item\":\"https:\\\/\\\/shopatoa.com\\\/ro\\\/ingrijire-speciala-orala\\\/\"},{\"@type\":\"ListItem\",\"position\":6,\"name\":\"Albirea dintilor\",\"item\":\"https:\\\/\\\/shopatoa.com\\\/ro\\\/albirea-dintilor\\\/\"},{\"@type\":\"ListItem\",\"position\":7,\"name\":\"My White Secret Pasta de din\u021bi Nuc\u0103 de cocos (Toothpaste Kokos) 60 g\"}]},{\"@type\":\"WebSite\",\"@id\":\"https:\\\/\\\/shopatoa.com\\\/ro\\\/#website\",\"url\":\"https:\\\/\\\/shopatoa.com\\\/ro\\\/\",\"name\":\"SHOPATOA\",\"description\":\"\",\"publisher\":{\"@id\":\"https:\\\/\\\/shopatoa.com\\\/ro\\\/#organization\"},\"potentialAction\":[{\"@type\":\"SearchAction\",\"target\":{\"@type\":\"EntryPoint\",\"urlTemplate\":\"https:\\\/\\\/shopatoa.com\\\/ro\\\/?s={search_term_string}\"},\"query-input\":{\"@type\":\"PropertyValueSpecification\",\"valueRequired\":true,\"valueName\":\"search_term_string\"}}],\"inLanguage\":\"ro-RO\"},{\"@type\":\"Organization\",\"@id\":\"https:\\\/\\\/shopatoa.com\\\/ro\\\/#organization\",\"name\":\"SHOPATOA\",\"url\":\"https:\\\/\\\/shopatoa.com\\\/ro\\\/\",\"logo\":{\"@type\":\"ImageObject\",\"inLanguage\":\"ro-RO\",\"@id\":\"https:\\\/\\\/shopatoa.com\\\/ro\\\/#\\\/schema\\\/logo\\\/image\\\/\",\"url\":\"https:\\\/\\\/storage.googleapis.com\\\/cz-shopatoa-img\\\/ro\\\/b4dac915-shopatoa_logo.png\",\"contentUrl\":\"https:\\\/\\\/storage.googleapis.com\\\/cz-shopatoa-img\\\/ro\\\/b4dac915-shopatoa_logo.png\",\"width\":416,\"height\":63,\"caption\":\"SHOPATOA\"},\"image\":{\"@id\":\"https:\\\/\\\/shopatoa.com\\\/ro\\\/#\\\/schema\\\/logo\\\/image\\\/\"}}]}<\/script>\n<!-- \/ Yoast SEO plugin. -->","yoast_head_json":{"title":"My White Secret Pasta de din\u021bi Nuc\u0103 de cocos (Toothpaste Kokos) 60 g - SHOPATOA.COM","robots":{"index":"index","follow":"follow","max-snippet":"max-snippet:-1","max-image-preview":"max-image-preview:large","max-video-preview":"max-video-preview:-1"},"canonical":"https:\/\/shopatoa.com\/ro\/my-white-secret-pasta-de-dinti-nuca-de-cocos-toothpaste-kokos-60-g\/","og_locale":"ro_RO","og_type":"article","og_title":"My White Secret Pasta de din\u021bi Nuc\u0103 de cocos (Toothpaste Kokos) 60 g - SHOPATOA.COM","og_description":"Aceast\u0103 past\u0103 de din\u021bi a fost creat\u0103 \u00een colaborare cu stomatologi englezi \u0219i ofer\u0103 \u00eengrijire complet\u0103 pentru din\u021bii sensibili. Previne cariile dentare, reduce sensibilitatea dentara si \u00eengrije\u0219te gingiile. Formeaz\u0103 o barier\u0103 antibacterian\u0103 la suprafa\u021ba din\u021bilor \u0219i ofer\u0103 o senza\u021bie de prospe\u021bime pe termen lung. Pasta con\u021bine \u0219i xilitol, care este un \u00eendulcitor natural ob\u021binut \u00een...","og_url":"https:\/\/shopatoa.com\/ro\/my-white-secret-pasta-de-dinti-nuca-de-cocos-toothpaste-kokos-60-g\/","og_site_name":"SHOPATOA","article_modified_time":"2025-12-10T00:55:26+00:00","og_image":[{"width":800,"height":800,"url":"https:\/\/storage.googleapis.com\/cz-shopatoa-img\/ro\/5b79e5ca-unnamed-file.webp","type":"image\/webp"}],"twitter_card":"summary_large_image","twitter_misc":{"Timp estimat pentru citire":"1 minut"},"schema":{"@context":"https:\/\/schema.org","@graph":[{"@type":"WebPage","@id":"https:\/\/shopatoa.com\/ro\/my-white-secret-pasta-de-dinti-nuca-de-cocos-toothpaste-kokos-60-g\/","url":"https:\/\/shopatoa.com\/ro\/my-white-secret-pasta-de-dinti-nuca-de-cocos-toothpaste-kokos-60-g\/","name":"My White Secret Pasta de din\u021bi Nuc\u0103 de cocos (Toothpaste Kokos) 60 g - SHOPATOA.COM","isPartOf":{"@id":"https:\/\/shopatoa.com\/ro\/#website"},"primaryImageOfPage":{"@id":"https:\/\/shopatoa.com\/ro\/my-white-secret-pasta-de-dinti-nuca-de-cocos-toothpaste-kokos-60-g\/#primaryimage"},"image":{"@id":"https:\/\/shopatoa.com\/ro\/my-white-secret-pasta-de-dinti-nuca-de-cocos-toothpaste-kokos-60-g\/#primaryimage"},"thumbnailUrl":"https:\/\/storage.googleapis.com\/cz-shopatoa-img\/ro\/5b79e5ca-unnamed-file.webp","datePublished":"2025-04-26T06:50:28+00:00","dateModified":"2025-12-10T00:55:26+00:00","breadcrumb":{"@id":"https:\/\/shopatoa.com\/ro\/my-white-secret-pasta-de-dinti-nuca-de-cocos-toothpaste-kokos-60-g\/#breadcrumb"},"inLanguage":"ro-RO","potentialAction":[{"@type":"ReadAction","target":["https:\/\/shopatoa.com\/ro\/my-white-secret-pasta-de-dinti-nuca-de-cocos-toothpaste-kokos-60-g\/"]}]},{"@type":"ImageObject","inLanguage":"ro-RO","@id":"https:\/\/shopatoa.com\/ro\/my-white-secret-pasta-de-dinti-nuca-de-cocos-toothpaste-kokos-60-g\/#primaryimage","url":"https:\/\/storage.googleapis.com\/cz-shopatoa-img\/ro\/5b79e5ca-unnamed-file.webp","contentUrl":"https:\/\/storage.googleapis.com\/cz-shopatoa-img\/ro\/5b79e5ca-unnamed-file.webp","width":800,"height":800},{"@type":"BreadcrumbList","@id":"https:\/\/shopatoa.com\/ro\/my-white-secret-pasta-de-dinti-nuca-de-cocos-toothpaste-kokos-60-g\/#breadcrumb","itemListElement":[{"@type":"ListItem","position":1,"name":"Dom\u016f","item":"https:\/\/shopatoa.com\/ro\/"},{"@type":"ListItem","position":2,"name":"Shop","item":"https:\/\/shopatoa.com\/ro\/shop\/"},{"@type":"ListItem","position":3,"name":"Cosmetice","item":"https:\/\/shopatoa.com\/ro\/cosmetice\/"},{"@type":"ListItem","position":4,"name":"\u00cengrijirea dentar\u0103","item":"https:\/\/shopatoa.com\/ro\/ingrijirea-dentara\/"},{"@type":"ListItem","position":5,"name":"\u00cengrijire special\u0103 oral\u0103","item":"https:\/\/shopatoa.com\/ro\/ingrijire-speciala-orala\/"},{"@type":"ListItem","position":6,"name":"Albirea dintilor","item":"https:\/\/shopatoa.com\/ro\/albirea-dintilor\/"},{"@type":"ListItem","position":7,"name":"My White Secret Pasta de din\u021bi Nuc\u0103 de cocos (Toothpaste Kokos) 60 g"}]},{"@type":"WebSite","@id":"https:\/\/shopatoa.com\/ro\/#website","url":"https:\/\/shopatoa.com\/ro\/","name":"SHOPATOA","description":"","publisher":{"@id":"https:\/\/shopatoa.com\/ro\/#organization"},"potentialAction":[{"@type":"SearchAction","target":{"@type":"EntryPoint","urlTemplate":"https:\/\/shopatoa.com\/ro\/?s={search_term_string}"},"query-input":{"@type":"PropertyValueSpecification","valueRequired":true,"valueName":"search_term_string"}}],"inLanguage":"ro-RO"},{"@type":"Organization","@id":"https:\/\/shopatoa.com\/ro\/#organization","name":"SHOPATOA","url":"https:\/\/shopatoa.com\/ro\/","logo":{"@type":"ImageObject","inLanguage":"ro-RO","@id":"https:\/\/shopatoa.com\/ro\/#\/schema\/logo\/image\/","url":"https:\/\/storage.googleapis.com\/cz-shopatoa-img\/ro\/b4dac915-shopatoa_logo.png","contentUrl":"https:\/\/storage.googleapis.com\/cz-shopatoa-img\/ro\/b4dac915-shopatoa_logo.png","width":416,"height":63,"caption":"SHOPATOA"},"image":{"@id":"https:\/\/shopatoa.com\/ro\/#\/schema\/logo\/image\/"}}]}},"_links":{"self":[{"href":"https:\/\/shopatoa.com\/ro\/wp-json\/wp\/v2\/product\/256727","targetHints":{"allow":["GET"]}}],"collection":[{"href":"https:\/\/shopatoa.com\/ro\/wp-json\/wp\/v2\/product"}],"about":[{"href":"https:\/\/shopatoa.com\/ro\/wp-json\/wp\/v2\/types\/product"}],"replies":[{"embeddable":true,"href":"https:\/\/shopatoa.com\/ro\/wp-json\/wp\/v2\/comments?post=256727"}],"wp:featuredmedia":[{"embeddable":true,"href":"https:\/\/shopatoa.com\/ro\/wp-json\/wp\/v2\/media\/256728"}],"wp:attachment":[{"href":"https:\/\/shopatoa.com\/ro\/wp-json\/wp\/v2\/media?parent=256727"}],"wp:term":[{"taxonomy":"product_brand","embeddable":true,"href":"https:\/\/shopatoa.com\/ro\/wp-json\/wp\/v2\/product_brand?post=256727"},{"taxonomy":"product_cat","embeddable":true,"href":"https:\/\/shopatoa.com\/ro\/wp-json\/wp\/v2\/product_cat?post=256727"},{"taxonomy":"product_tag","embeddable":true,"href":"https:\/\/shopatoa.com\/ro\/wp-json\/wp\/v2\/product_tag?post=256727"}],"curies":[{"name":"wp","href":"https:\/\/api.w.org\/{rel}","templated":true}]}}