{"id":256841,"date":"2025-04-26T09:15:23","date_gmt":"2025-04-26T07:15:23","guid":{"rendered":"https:\/\/shopatoa.com\/ro\/clarins-crema-pentru-gat-si-decolteu-extra-firming-neck-decollete-care-75-ml\/"},"modified":"2025-12-10T01:44:40","modified_gmt":"2025-12-10T00:44:40","slug":"clarins-crema-pentru-gat-si-decolteu-extra-firming-neck-decollete-care-75-ml","status":"publish","type":"product","link":"https:\/\/shopatoa.com\/ro\/clarins-crema-pentru-gat-si-decolteu-extra-firming-neck-decollete-care-75-ml\/","title":{"rendered":"Clarins Crem\u0103 pentru g\u00e2t \u0219i decolteu Extra-Firming (Neck &amp; Decollete Care) 75 ml"},"content":{"rendered":"<p>Crema bl\u00e2nd\u0103 cu efect de netezire combate ridurile de pe g\u00e2t \u0219i decolteu. \u00centinere\u0219te pielea \u0219i \u00eei confer\u0103 elasticitate \u0219i catifelare. Structura sa negras\u0103, u\u0219oar\u0103 este absorbit\u0103 imediat \u0219i nu las\u0103 o pelicul\u0103 gras\u0103.<\/p>\n","protected":false},"excerpt":{"rendered":"<p>Crema bl\u00e2nd\u0103 cu efect de netezire combate ridurile de pe g\u00e2t \u0219i decolteu. \u00centinere\u0219te pielea \u0219i \u00eei confer\u0103 elasticitate \u0219i catifelare. Structura sa negras\u0103, u\u0219oar\u0103 este absorbit\u0103 imediat \u0219i nu las\u0103 o pelicul\u0103 gras\u0103.<\/p>\n","protected":false},"featured_media":256842,"comment_status":"closed","ping_status":"open","template":"","meta":{"_acf_changed":false,"_kadence_starter_templates_imported_post":false,"_kad_post_transparent":"","_kad_post_title":"","_kad_post_layout":"","_kad_post_sidebar_id":"","_kad_post_content_style":"","_kad_post_vertical_padding":"","_kad_post_feature":"","_kad_post_feature_position":"","_kad_post_header":false,"_kad_post_footer":false,"_kad_post_classname":""},"product_brand":[120],"product_cat":[246,774,633],"product_tag":[],"class_list":{"0":"post-256841","1":"product","2":"type-product","3":"status-publish","4":"has-post-thumbnail","6":"product_brand-clarins","7":"product_cat-cosmetice","8":"product_cat-ingrijire-pentru-gat-si-decolteu","9":"product_cat-produse-cosmetice-pentru-piele","11":"first","12":"instock","13":"sale","14":"product-type-external","15":"entry","16":"content-bg","17":"loop-entry"},"acf":[],"yoast_head":"<!-- This site is optimized with the Yoast SEO plugin v27.3 - https:\/\/yoast.com\/product\/yoast-seo-wordpress\/ -->\n<title>Clarins Crem\u0103 pentru g\u00e2t \u0219i decolteu Extra-Firming (Neck &amp; Decollete Care) 75 ml - SHOPATOA.COM<\/title>\n<meta name=\"robots\" content=\"index, follow, max-snippet:-1, max-image-preview:large, max-video-preview:-1\" \/>\n<link rel=\"canonical\" href=\"https:\/\/shopatoa.com\/ro\/clarins-crema-pentru-gat-si-decolteu-extra-firming-neck-decollete-care-75-ml\/\" \/>\n<meta property=\"og:locale\" content=\"ro_RO\" \/>\n<meta property=\"og:type\" content=\"article\" \/>\n<meta property=\"og:title\" content=\"Clarins Crem\u0103 pentru g\u00e2t \u0219i decolteu Extra-Firming (Neck &amp; Decollete Care) 75 ml - SHOPATOA.COM\" \/>\n<meta property=\"og:description\" content=\"Crema bl\u00e2nd\u0103 cu efect de netezire combate ridurile de pe g\u00e2t \u0219i decolteu. \u00centinere\u0219te pielea \u0219i \u00eei confer\u0103 elasticitate \u0219i catifelare. Structura sa negras\u0103, u\u0219oar\u0103 este absorbit\u0103 imediat \u0219i nu las\u0103 o pelicul\u0103 gras\u0103.\" \/>\n<meta property=\"og:url\" content=\"https:\/\/shopatoa.com\/ro\/clarins-crema-pentru-gat-si-decolteu-extra-firming-neck-decollete-care-75-ml\/\" \/>\n<meta property=\"og:site_name\" content=\"SHOPATOA\" \/>\n<meta property=\"article:modified_time\" content=\"2025-12-10T00:44:40+00:00\" \/>\n<meta property=\"og:image\" content=\"https:\/\/storage.googleapis.com\/cz-shopatoa-img\/ro\/9b87ba6c-unnamed-file.webp\" \/>\n\t<meta property=\"og:image:width\" content=\"800\" \/>\n\t<meta property=\"og:image:height\" content=\"800\" \/>\n\t<meta property=\"og:image:type\" content=\"image\/webp\" \/>\n<meta name=\"twitter:card\" content=\"summary_large_image\" \/>\n<script type=\"application\/ld+json\" class=\"yoast-schema-graph\">{\"@context\":\"https:\\\/\\\/schema.org\",\"@graph\":[{\"@type\":\"WebPage\",\"@id\":\"https:\\\/\\\/shopatoa.com\\\/ro\\\/clarins-crema-pentru-gat-si-decolteu-extra-firming-neck-decollete-care-75-ml\\\/\",\"url\":\"https:\\\/\\\/shopatoa.com\\\/ro\\\/clarins-crema-pentru-gat-si-decolteu-extra-firming-neck-decollete-care-75-ml\\\/\",\"name\":\"Clarins Crem\u0103 pentru g\u00e2t \u0219i decolteu Extra-Firming (Neck & Decollete Care) 75 ml - SHOPATOA.COM\",\"isPartOf\":{\"@id\":\"https:\\\/\\\/shopatoa.com\\\/ro\\\/#website\"},\"primaryImageOfPage\":{\"@id\":\"https:\\\/\\\/shopatoa.com\\\/ro\\\/clarins-crema-pentru-gat-si-decolteu-extra-firming-neck-decollete-care-75-ml\\\/#primaryimage\"},\"image\":{\"@id\":\"https:\\\/\\\/shopatoa.com\\\/ro\\\/clarins-crema-pentru-gat-si-decolteu-extra-firming-neck-decollete-care-75-ml\\\/#primaryimage\"},\"thumbnailUrl\":\"https:\\\/\\\/storage.googleapis.com\\\/cz-shopatoa-img\\\/ro\\\/9b87ba6c-unnamed-file.webp\",\"datePublished\":\"2025-04-26T07:15:23+00:00\",\"dateModified\":\"2025-12-10T00:44:40+00:00\",\"breadcrumb\":{\"@id\":\"https:\\\/\\\/shopatoa.com\\\/ro\\\/clarins-crema-pentru-gat-si-decolteu-extra-firming-neck-decollete-care-75-ml\\\/#breadcrumb\"},\"inLanguage\":\"ro-RO\",\"potentialAction\":[{\"@type\":\"ReadAction\",\"target\":[\"https:\\\/\\\/shopatoa.com\\\/ro\\\/clarins-crema-pentru-gat-si-decolteu-extra-firming-neck-decollete-care-75-ml\\\/\"]}]},{\"@type\":\"ImageObject\",\"inLanguage\":\"ro-RO\",\"@id\":\"https:\\\/\\\/shopatoa.com\\\/ro\\\/clarins-crema-pentru-gat-si-decolteu-extra-firming-neck-decollete-care-75-ml\\\/#primaryimage\",\"url\":\"https:\\\/\\\/storage.googleapis.com\\\/cz-shopatoa-img\\\/ro\\\/9b87ba6c-unnamed-file.webp\",\"contentUrl\":\"https:\\\/\\\/storage.googleapis.com\\\/cz-shopatoa-img\\\/ro\\\/9b87ba6c-unnamed-file.webp\",\"width\":800,\"height\":800},{\"@type\":\"BreadcrumbList\",\"@id\":\"https:\\\/\\\/shopatoa.com\\\/ro\\\/clarins-crema-pentru-gat-si-decolteu-extra-firming-neck-decollete-care-75-ml\\\/#breadcrumb\",\"itemListElement\":[{\"@type\":\"ListItem\",\"position\":1,\"name\":\"Dom\u016f\",\"item\":\"https:\\\/\\\/shopatoa.com\\\/ro\\\/\"},{\"@type\":\"ListItem\",\"position\":2,\"name\":\"Shop\",\"item\":\"https:\\\/\\\/shopatoa.com\\\/ro\\\/shop\\\/\"},{\"@type\":\"ListItem\",\"position\":3,\"name\":\"Cosmetice\",\"item\":\"https:\\\/\\\/shopatoa.com\\\/ro\\\/cosmetice\\\/\"},{\"@type\":\"ListItem\",\"position\":4,\"name\":\"Produse cosmetice pentru piele\",\"item\":\"https:\\\/\\\/shopatoa.com\\\/ro\\\/produse-cosmetice-pentru-piele\\\/\"},{\"@type\":\"ListItem\",\"position\":5,\"name\":\"\u00cengrijire pentru g\u00e2t \u0219i decolteu\",\"item\":\"https:\\\/\\\/shopatoa.com\\\/ro\\\/ingrijire-pentru-gat-si-decolteu\\\/\"},{\"@type\":\"ListItem\",\"position\":6,\"name\":\"Clarins Crem\u0103 pentru g\u00e2t \u0219i decolteu Extra-Firming (Neck &amp; Decollete Care) 75 ml\"}]},{\"@type\":\"WebSite\",\"@id\":\"https:\\\/\\\/shopatoa.com\\\/ro\\\/#website\",\"url\":\"https:\\\/\\\/shopatoa.com\\\/ro\\\/\",\"name\":\"SHOPATOA\",\"description\":\"\",\"publisher\":{\"@id\":\"https:\\\/\\\/shopatoa.com\\\/ro\\\/#organization\"},\"potentialAction\":[{\"@type\":\"SearchAction\",\"target\":{\"@type\":\"EntryPoint\",\"urlTemplate\":\"https:\\\/\\\/shopatoa.com\\\/ro\\\/?s={search_term_string}\"},\"query-input\":{\"@type\":\"PropertyValueSpecification\",\"valueRequired\":true,\"valueName\":\"search_term_string\"}}],\"inLanguage\":\"ro-RO\"},{\"@type\":\"Organization\",\"@id\":\"https:\\\/\\\/shopatoa.com\\\/ro\\\/#organization\",\"name\":\"SHOPATOA\",\"url\":\"https:\\\/\\\/shopatoa.com\\\/ro\\\/\",\"logo\":{\"@type\":\"ImageObject\",\"inLanguage\":\"ro-RO\",\"@id\":\"https:\\\/\\\/shopatoa.com\\\/ro\\\/#\\\/schema\\\/logo\\\/image\\\/\",\"url\":\"https:\\\/\\\/storage.googleapis.com\\\/cz-shopatoa-img\\\/ro\\\/b4dac915-shopatoa_logo.png\",\"contentUrl\":\"https:\\\/\\\/storage.googleapis.com\\\/cz-shopatoa-img\\\/ro\\\/b4dac915-shopatoa_logo.png\",\"width\":416,\"height\":63,\"caption\":\"SHOPATOA\"},\"image\":{\"@id\":\"https:\\\/\\\/shopatoa.com\\\/ro\\\/#\\\/schema\\\/logo\\\/image\\\/\"}}]}<\/script>\n<!-- \/ Yoast SEO plugin. -->","yoast_head_json":{"title":"Clarins Crem\u0103 pentru g\u00e2t \u0219i decolteu Extra-Firming (Neck & Decollete Care) 75 ml - SHOPATOA.COM","robots":{"index":"index","follow":"follow","max-snippet":"max-snippet:-1","max-image-preview":"max-image-preview:large","max-video-preview":"max-video-preview:-1"},"canonical":"https:\/\/shopatoa.com\/ro\/clarins-crema-pentru-gat-si-decolteu-extra-firming-neck-decollete-care-75-ml\/","og_locale":"ro_RO","og_type":"article","og_title":"Clarins Crem\u0103 pentru g\u00e2t \u0219i decolteu Extra-Firming (Neck & Decollete Care) 75 ml - SHOPATOA.COM","og_description":"Crema bl\u00e2nd\u0103 cu efect de netezire combate ridurile de pe g\u00e2t \u0219i decolteu. \u00centinere\u0219te pielea \u0219i \u00eei confer\u0103 elasticitate \u0219i catifelare. Structura sa negras\u0103, u\u0219oar\u0103 este absorbit\u0103 imediat \u0219i nu las\u0103 o pelicul\u0103 gras\u0103.","og_url":"https:\/\/shopatoa.com\/ro\/clarins-crema-pentru-gat-si-decolteu-extra-firming-neck-decollete-care-75-ml\/","og_site_name":"SHOPATOA","article_modified_time":"2025-12-10T00:44:40+00:00","og_image":[{"width":800,"height":800,"url":"https:\/\/storage.googleapis.com\/cz-shopatoa-img\/ro\/9b87ba6c-unnamed-file.webp","type":"image\/webp"}],"twitter_card":"summary_large_image","schema":{"@context":"https:\/\/schema.org","@graph":[{"@type":"WebPage","@id":"https:\/\/shopatoa.com\/ro\/clarins-crema-pentru-gat-si-decolteu-extra-firming-neck-decollete-care-75-ml\/","url":"https:\/\/shopatoa.com\/ro\/clarins-crema-pentru-gat-si-decolteu-extra-firming-neck-decollete-care-75-ml\/","name":"Clarins Crem\u0103 pentru g\u00e2t \u0219i decolteu Extra-Firming (Neck & Decollete Care) 75 ml - SHOPATOA.COM","isPartOf":{"@id":"https:\/\/shopatoa.com\/ro\/#website"},"primaryImageOfPage":{"@id":"https:\/\/shopatoa.com\/ro\/clarins-crema-pentru-gat-si-decolteu-extra-firming-neck-decollete-care-75-ml\/#primaryimage"},"image":{"@id":"https:\/\/shopatoa.com\/ro\/clarins-crema-pentru-gat-si-decolteu-extra-firming-neck-decollete-care-75-ml\/#primaryimage"},"thumbnailUrl":"https:\/\/storage.googleapis.com\/cz-shopatoa-img\/ro\/9b87ba6c-unnamed-file.webp","datePublished":"2025-04-26T07:15:23+00:00","dateModified":"2025-12-10T00:44:40+00:00","breadcrumb":{"@id":"https:\/\/shopatoa.com\/ro\/clarins-crema-pentru-gat-si-decolteu-extra-firming-neck-decollete-care-75-ml\/#breadcrumb"},"inLanguage":"ro-RO","potentialAction":[{"@type":"ReadAction","target":["https:\/\/shopatoa.com\/ro\/clarins-crema-pentru-gat-si-decolteu-extra-firming-neck-decollete-care-75-ml\/"]}]},{"@type":"ImageObject","inLanguage":"ro-RO","@id":"https:\/\/shopatoa.com\/ro\/clarins-crema-pentru-gat-si-decolteu-extra-firming-neck-decollete-care-75-ml\/#primaryimage","url":"https:\/\/storage.googleapis.com\/cz-shopatoa-img\/ro\/9b87ba6c-unnamed-file.webp","contentUrl":"https:\/\/storage.googleapis.com\/cz-shopatoa-img\/ro\/9b87ba6c-unnamed-file.webp","width":800,"height":800},{"@type":"BreadcrumbList","@id":"https:\/\/shopatoa.com\/ro\/clarins-crema-pentru-gat-si-decolteu-extra-firming-neck-decollete-care-75-ml\/#breadcrumb","itemListElement":[{"@type":"ListItem","position":1,"name":"Dom\u016f","item":"https:\/\/shopatoa.com\/ro\/"},{"@type":"ListItem","position":2,"name":"Shop","item":"https:\/\/shopatoa.com\/ro\/shop\/"},{"@type":"ListItem","position":3,"name":"Cosmetice","item":"https:\/\/shopatoa.com\/ro\/cosmetice\/"},{"@type":"ListItem","position":4,"name":"Produse cosmetice pentru piele","item":"https:\/\/shopatoa.com\/ro\/produse-cosmetice-pentru-piele\/"},{"@type":"ListItem","position":5,"name":"\u00cengrijire pentru g\u00e2t \u0219i decolteu","item":"https:\/\/shopatoa.com\/ro\/ingrijire-pentru-gat-si-decolteu\/"},{"@type":"ListItem","position":6,"name":"Clarins Crem\u0103 pentru g\u00e2t \u0219i decolteu Extra-Firming (Neck &amp; Decollete Care) 75 ml"}]},{"@type":"WebSite","@id":"https:\/\/shopatoa.com\/ro\/#website","url":"https:\/\/shopatoa.com\/ro\/","name":"SHOPATOA","description":"","publisher":{"@id":"https:\/\/shopatoa.com\/ro\/#organization"},"potentialAction":[{"@type":"SearchAction","target":{"@type":"EntryPoint","urlTemplate":"https:\/\/shopatoa.com\/ro\/?s={search_term_string}"},"query-input":{"@type":"PropertyValueSpecification","valueRequired":true,"valueName":"search_term_string"}}],"inLanguage":"ro-RO"},{"@type":"Organization","@id":"https:\/\/shopatoa.com\/ro\/#organization","name":"SHOPATOA","url":"https:\/\/shopatoa.com\/ro\/","logo":{"@type":"ImageObject","inLanguage":"ro-RO","@id":"https:\/\/shopatoa.com\/ro\/#\/schema\/logo\/image\/","url":"https:\/\/storage.googleapis.com\/cz-shopatoa-img\/ro\/b4dac915-shopatoa_logo.png","contentUrl":"https:\/\/storage.googleapis.com\/cz-shopatoa-img\/ro\/b4dac915-shopatoa_logo.png","width":416,"height":63,"caption":"SHOPATOA"},"image":{"@id":"https:\/\/shopatoa.com\/ro\/#\/schema\/logo\/image\/"}}]}},"_links":{"self":[{"href":"https:\/\/shopatoa.com\/ro\/wp-json\/wp\/v2\/product\/256841","targetHints":{"allow":["GET"]}}],"collection":[{"href":"https:\/\/shopatoa.com\/ro\/wp-json\/wp\/v2\/product"}],"about":[{"href":"https:\/\/shopatoa.com\/ro\/wp-json\/wp\/v2\/types\/product"}],"replies":[{"embeddable":true,"href":"https:\/\/shopatoa.com\/ro\/wp-json\/wp\/v2\/comments?post=256841"}],"wp:featuredmedia":[{"embeddable":true,"href":"https:\/\/shopatoa.com\/ro\/wp-json\/wp\/v2\/media\/256842"}],"wp:attachment":[{"href":"https:\/\/shopatoa.com\/ro\/wp-json\/wp\/v2\/media?parent=256841"}],"wp:term":[{"taxonomy":"product_brand","embeddable":true,"href":"https:\/\/shopatoa.com\/ro\/wp-json\/wp\/v2\/product_brand?post=256841"},{"taxonomy":"product_cat","embeddable":true,"href":"https:\/\/shopatoa.com\/ro\/wp-json\/wp\/v2\/product_cat?post=256841"},{"taxonomy":"product_tag","embeddable":true,"href":"https:\/\/shopatoa.com\/ro\/wp-json\/wp\/v2\/product_tag?post=256841"}],"curies":[{"name":"wp","href":"https:\/\/api.w.org\/{rel}","templated":true}]}}