{"id":257207,"date":"2025-04-26T10:31:34","date_gmt":"2025-04-26T08:31:34","guid":{"rendered":"https:\/\/shopatoa.com\/ro\/antipodes-gel-pentru-ochi-revigorant-anoint-h%e2%82%82o-de-puffing-eye-gel-30-ml\/"},"modified":"2025-12-10T01:14:08","modified_gmt":"2025-12-10T00:14:08","slug":"antipodes-gel-pentru-ochi-revigorant-anoint-h%e2%82%82o-de-puffing-eye-gel-30-ml","status":"publish","type":"product","link":"https:\/\/shopatoa.com\/ro\/antipodes-gel-pentru-ochi-revigorant-anoint-h%e2%82%82o-de-puffing-eye-gel-30-ml\/","title":{"rendered":"Antipodes Gel pentru ochi revigorant Anoint (H\u2082O De-Puffing Eye Gel) 30 ml"},"content":{"rendered":"<p>\u00cembun\u0103t\u0103\u021bi\u021bi aspectul umfl\u0103turilor \u0219i pungilor de sub ochi cu ajutorul gelului r\u0103coritor pentru ochi Anoint H\u2082O Cafeaua \u0219i algele ro\u0219ii \u00eenso\u021bite de superfructe din Noua Zeeland\u0103 bogate \u00een antioxidan\u021bi ajut\u0103 la rezolvarea problemelor cu umflarea ochilor Acidul hialuronic de origine vegetal\u0103 \u0219i mierea de manuka ofer\u0103 hidratare calmant\u0103, \u00een timp ce fermentul de bambus ajut\u0103 la protejarea zonei delicate din jurul ochilor. Gelul hidratant pentru ochi este certificat vegetarian, f\u0103r\u0103 parfum ad\u0103ugat. Anoint H\u2082O Refreshing Eye Gel este o crem\u0103 r\u0103coritoare pentru ochi, cu cofein\u0103 \u0219i castrave\u021bi, care ajut\u0103 la reducerea umfl\u0103turilor, ridurilor \u0219i pungilor de ochi. Algele ro\u0219ii \u0219i superfructele din Noua Zeeland\u0103 ac\u021bioneaz\u0103 \u00eempotriva umfl\u0103turilor \u0219i reduc ridurile fine. Acidul hialuronic de origine vegetal\u0103 \u0219i mierea de manuka ofer\u0103 pielii hidratarea necesar\u0103. Ofer\u0103 un efect r\u0103coritor \u0219i lini\u0219titor asupra pielii sensibile de sub ochi. \u00cengrijire vegetarian\u0103 certificat\u0103 pentru piele. F\u0103r\u0103 parfum ad\u0103ugat. Potrivit pentru majoritatea tipurilor de piele, \u00een special pentru pielea deshidratat\u0103 \u0219i umflat\u0103. S-a dovedit clinic c\u0103 va cre\u0219te hidratarea pielii cu p\u00e2n\u0103 la 39%* dup\u0103 2 ore. *Dermatest Australia: studiu clinic pe 13 b\u0103rba\u021bi \u0219i femei cu v\u00e2rsta cuprins\u0103 \u00eentre 18 \u0219i 65 de ani (2022)<\/p>\n","protected":false},"excerpt":{"rendered":"<p>\u00cembun\u0103t\u0103\u021bi\u021bi aspectul umfl\u0103turilor \u0219i pungilor de sub ochi cu ajutorul gelului r\u0103coritor pentru ochi Anoint H\u2082O Cafeaua \u0219i algele ro\u0219ii \u00eenso\u021bite de superfructe din Noua Zeeland\u0103 bogate \u00een antioxidan\u021bi ajut\u0103 la rezolvarea problemelor cu umflarea ochilor Acidul hialuronic de origine vegetal\u0103 \u0219i mierea de manuka ofer\u0103 hidratare calmant\u0103, \u00een timp ce fermentul de bambus ajut\u0103&#8230;<\/p>\n","protected":false},"featured_media":257208,"comment_status":"closed","ping_status":"open","template":"","meta":{"_acf_changed":false,"_kadence_starter_templates_imported_post":false,"_kad_post_transparent":"","_kad_post_title":"","_kad_post_layout":"","_kad_post_sidebar_id":"","_kad_post_content_style":"","_kad_post_vertical_padding":"","_kad_post_feature":"","_kad_post_feature_position":"","_kad_post_header":false,"_kad_post_footer":false,"_kad_post_classname":""},"product_brand":[846],"product_cat":[246,674,633],"product_tag":[],"class_list":{"0":"post-257207","1":"product","2":"type-product","3":"status-publish","4":"has-post-thumbnail","6":"product_brand-antipodes","7":"product_cat-cosmetice","8":"product_cat-ingrijirea-ochilor-cosmetica","9":"product_cat-produse-cosmetice-pentru-piele","11":"first","12":"instock","13":"sale","14":"product-type-external","15":"entry","16":"content-bg","17":"loop-entry"},"acf":[],"yoast_head":"<!-- This site is optimized with the Yoast SEO plugin v27.3 - https:\/\/yoast.com\/product\/yoast-seo-wordpress\/ -->\n<title>Antipodes Gel pentru ochi revigorant Anoint (H\u2082O De-Puffing Eye Gel) 30 ml - SHOPATOA.COM<\/title>\n<meta name=\"robots\" content=\"index, follow, max-snippet:-1, max-image-preview:large, max-video-preview:-1\" \/>\n<link rel=\"canonical\" href=\"https:\/\/shopatoa.com\/ro\/antipodes-gel-pentru-ochi-revigorant-anoint-h\u2082o-de-puffing-eye-gel-30-ml\/\" \/>\n<meta property=\"og:locale\" content=\"ro_RO\" \/>\n<meta property=\"og:type\" content=\"article\" \/>\n<meta property=\"og:title\" content=\"Antipodes Gel pentru ochi revigorant Anoint (H\u2082O De-Puffing Eye Gel) 30 ml - SHOPATOA.COM\" \/>\n<meta property=\"og:description\" content=\"\u00cembun\u0103t\u0103\u021bi\u021bi aspectul umfl\u0103turilor \u0219i pungilor de sub ochi cu ajutorul gelului r\u0103coritor pentru ochi Anoint H\u2082O Cafeaua \u0219i algele ro\u0219ii \u00eenso\u021bite de superfructe din Noua Zeeland\u0103 bogate \u00een antioxidan\u021bi ajut\u0103 la rezolvarea problemelor cu umflarea ochilor Acidul hialuronic de origine vegetal\u0103 \u0219i mierea de manuka ofer\u0103 hidratare calmant\u0103, \u00een timp ce fermentul de bambus ajut\u0103...\" \/>\n<meta property=\"og:url\" content=\"https:\/\/shopatoa.com\/ro\/antipodes-gel-pentru-ochi-revigorant-anoint-h\u2082o-de-puffing-eye-gel-30-ml\/\" \/>\n<meta property=\"og:site_name\" content=\"SHOPATOA\" \/>\n<meta property=\"article:modified_time\" content=\"2025-12-10T00:14:08+00:00\" \/>\n<meta property=\"og:image\" content=\"https:\/\/storage.googleapis.com\/cz-shopatoa-img\/ro\/e6235f8c-unnamed-file.webp\" \/>\n\t<meta property=\"og:image:width\" content=\"800\" \/>\n\t<meta property=\"og:image:height\" content=\"800\" \/>\n\t<meta property=\"og:image:type\" content=\"image\/webp\" \/>\n<meta name=\"twitter:card\" content=\"summary_large_image\" \/>\n<meta name=\"twitter:label1\" content=\"Timp estimat pentru citire\" \/>\n\t<meta name=\"twitter:data1\" content=\"1 minut\" \/>\n<script type=\"application\/ld+json\" class=\"yoast-schema-graph\">{\"@context\":\"https:\\\/\\\/schema.org\",\"@graph\":[{\"@type\":\"WebPage\",\"@id\":\"https:\\\/\\\/shopatoa.com\\\/ro\\\/antipodes-gel-pentru-ochi-revigorant-anoint-h%e2%82%82o-de-puffing-eye-gel-30-ml\\\/\",\"url\":\"https:\\\/\\\/shopatoa.com\\\/ro\\\/antipodes-gel-pentru-ochi-revigorant-anoint-h%e2%82%82o-de-puffing-eye-gel-30-ml\\\/\",\"name\":\"Antipodes Gel pentru ochi revigorant Anoint (H\u2082O De-Puffing Eye Gel) 30 ml - SHOPATOA.COM\",\"isPartOf\":{\"@id\":\"https:\\\/\\\/shopatoa.com\\\/ro\\\/#website\"},\"primaryImageOfPage\":{\"@id\":\"https:\\\/\\\/shopatoa.com\\\/ro\\\/antipodes-gel-pentru-ochi-revigorant-anoint-h%e2%82%82o-de-puffing-eye-gel-30-ml\\\/#primaryimage\"},\"image\":{\"@id\":\"https:\\\/\\\/shopatoa.com\\\/ro\\\/antipodes-gel-pentru-ochi-revigorant-anoint-h%e2%82%82o-de-puffing-eye-gel-30-ml\\\/#primaryimage\"},\"thumbnailUrl\":\"https:\\\/\\\/storage.googleapis.com\\\/cz-shopatoa-img\\\/ro\\\/e6235f8c-unnamed-file.webp\",\"datePublished\":\"2025-04-26T08:31:34+00:00\",\"dateModified\":\"2025-12-10T00:14:08+00:00\",\"breadcrumb\":{\"@id\":\"https:\\\/\\\/shopatoa.com\\\/ro\\\/antipodes-gel-pentru-ochi-revigorant-anoint-h%e2%82%82o-de-puffing-eye-gel-30-ml\\\/#breadcrumb\"},\"inLanguage\":\"ro-RO\",\"potentialAction\":[{\"@type\":\"ReadAction\",\"target\":[\"https:\\\/\\\/shopatoa.com\\\/ro\\\/antipodes-gel-pentru-ochi-revigorant-anoint-h%e2%82%82o-de-puffing-eye-gel-30-ml\\\/\"]}]},{\"@type\":\"ImageObject\",\"inLanguage\":\"ro-RO\",\"@id\":\"https:\\\/\\\/shopatoa.com\\\/ro\\\/antipodes-gel-pentru-ochi-revigorant-anoint-h%e2%82%82o-de-puffing-eye-gel-30-ml\\\/#primaryimage\",\"url\":\"https:\\\/\\\/storage.googleapis.com\\\/cz-shopatoa-img\\\/ro\\\/e6235f8c-unnamed-file.webp\",\"contentUrl\":\"https:\\\/\\\/storage.googleapis.com\\\/cz-shopatoa-img\\\/ro\\\/e6235f8c-unnamed-file.webp\",\"width\":800,\"height\":800},{\"@type\":\"BreadcrumbList\",\"@id\":\"https:\\\/\\\/shopatoa.com\\\/ro\\\/antipodes-gel-pentru-ochi-revigorant-anoint-h%e2%82%82o-de-puffing-eye-gel-30-ml\\\/#breadcrumb\",\"itemListElement\":[{\"@type\":\"ListItem\",\"position\":1,\"name\":\"Dom\u016f\",\"item\":\"https:\\\/\\\/shopatoa.com\\\/ro\\\/\"},{\"@type\":\"ListItem\",\"position\":2,\"name\":\"Shop\",\"item\":\"https:\\\/\\\/shopatoa.com\\\/ro\\\/shop\\\/\"},{\"@type\":\"ListItem\",\"position\":3,\"name\":\"Cosmetice\",\"item\":\"https:\\\/\\\/shopatoa.com\\\/ro\\\/cosmetice\\\/\"},{\"@type\":\"ListItem\",\"position\":4,\"name\":\"Produse cosmetice pentru piele\",\"item\":\"https:\\\/\\\/shopatoa.com\\\/ro\\\/produse-cosmetice-pentru-piele\\\/\"},{\"@type\":\"ListItem\",\"position\":5,\"name\":\"\u00cengrijirea ochilor Cosmetic\u0103\",\"item\":\"https:\\\/\\\/shopatoa.com\\\/ro\\\/ingrijirea-ochilor-cosmetica\\\/\"},{\"@type\":\"ListItem\",\"position\":6,\"name\":\"Antipodes Gel pentru ochi revigorant Anoint (H\u2082O De-Puffing Eye Gel) 30 ml\"}]},{\"@type\":\"WebSite\",\"@id\":\"https:\\\/\\\/shopatoa.com\\\/ro\\\/#website\",\"url\":\"https:\\\/\\\/shopatoa.com\\\/ro\\\/\",\"name\":\"SHOPATOA\",\"description\":\"\",\"publisher\":{\"@id\":\"https:\\\/\\\/shopatoa.com\\\/ro\\\/#organization\"},\"potentialAction\":[{\"@type\":\"SearchAction\",\"target\":{\"@type\":\"EntryPoint\",\"urlTemplate\":\"https:\\\/\\\/shopatoa.com\\\/ro\\\/?s={search_term_string}\"},\"query-input\":{\"@type\":\"PropertyValueSpecification\",\"valueRequired\":true,\"valueName\":\"search_term_string\"}}],\"inLanguage\":\"ro-RO\"},{\"@type\":\"Organization\",\"@id\":\"https:\\\/\\\/shopatoa.com\\\/ro\\\/#organization\",\"name\":\"SHOPATOA\",\"url\":\"https:\\\/\\\/shopatoa.com\\\/ro\\\/\",\"logo\":{\"@type\":\"ImageObject\",\"inLanguage\":\"ro-RO\",\"@id\":\"https:\\\/\\\/shopatoa.com\\\/ro\\\/#\\\/schema\\\/logo\\\/image\\\/\",\"url\":\"https:\\\/\\\/storage.googleapis.com\\\/cz-shopatoa-img\\\/ro\\\/b4dac915-shopatoa_logo.png\",\"contentUrl\":\"https:\\\/\\\/storage.googleapis.com\\\/cz-shopatoa-img\\\/ro\\\/b4dac915-shopatoa_logo.png\",\"width\":416,\"height\":63,\"caption\":\"SHOPATOA\"},\"image\":{\"@id\":\"https:\\\/\\\/shopatoa.com\\\/ro\\\/#\\\/schema\\\/logo\\\/image\\\/\"}}]}<\/script>\n<!-- \/ Yoast SEO plugin. -->","yoast_head_json":{"title":"Antipodes Gel pentru ochi revigorant Anoint (H\u2082O De-Puffing Eye Gel) 30 ml - SHOPATOA.COM","robots":{"index":"index","follow":"follow","max-snippet":"max-snippet:-1","max-image-preview":"max-image-preview:large","max-video-preview":"max-video-preview:-1"},"canonical":"https:\/\/shopatoa.com\/ro\/antipodes-gel-pentru-ochi-revigorant-anoint-h\u2082o-de-puffing-eye-gel-30-ml\/","og_locale":"ro_RO","og_type":"article","og_title":"Antipodes Gel pentru ochi revigorant Anoint (H\u2082O De-Puffing Eye Gel) 30 ml - SHOPATOA.COM","og_description":"\u00cembun\u0103t\u0103\u021bi\u021bi aspectul umfl\u0103turilor \u0219i pungilor de sub ochi cu ajutorul gelului r\u0103coritor pentru ochi Anoint H\u2082O Cafeaua \u0219i algele ro\u0219ii \u00eenso\u021bite de superfructe din Noua Zeeland\u0103 bogate \u00een antioxidan\u021bi ajut\u0103 la rezolvarea problemelor cu umflarea ochilor Acidul hialuronic de origine vegetal\u0103 \u0219i mierea de manuka ofer\u0103 hidratare calmant\u0103, \u00een timp ce fermentul de bambus ajut\u0103...","og_url":"https:\/\/shopatoa.com\/ro\/antipodes-gel-pentru-ochi-revigorant-anoint-h\u2082o-de-puffing-eye-gel-30-ml\/","og_site_name":"SHOPATOA","article_modified_time":"2025-12-10T00:14:08+00:00","og_image":[{"width":800,"height":800,"url":"https:\/\/storage.googleapis.com\/cz-shopatoa-img\/ro\/e6235f8c-unnamed-file.webp","type":"image\/webp"}],"twitter_card":"summary_large_image","twitter_misc":{"Timp estimat pentru citire":"1 minut"},"schema":{"@context":"https:\/\/schema.org","@graph":[{"@type":"WebPage","@id":"https:\/\/shopatoa.com\/ro\/antipodes-gel-pentru-ochi-revigorant-anoint-h%e2%82%82o-de-puffing-eye-gel-30-ml\/","url":"https:\/\/shopatoa.com\/ro\/antipodes-gel-pentru-ochi-revigorant-anoint-h%e2%82%82o-de-puffing-eye-gel-30-ml\/","name":"Antipodes Gel pentru ochi revigorant Anoint (H\u2082O De-Puffing Eye Gel) 30 ml - SHOPATOA.COM","isPartOf":{"@id":"https:\/\/shopatoa.com\/ro\/#website"},"primaryImageOfPage":{"@id":"https:\/\/shopatoa.com\/ro\/antipodes-gel-pentru-ochi-revigorant-anoint-h%e2%82%82o-de-puffing-eye-gel-30-ml\/#primaryimage"},"image":{"@id":"https:\/\/shopatoa.com\/ro\/antipodes-gel-pentru-ochi-revigorant-anoint-h%e2%82%82o-de-puffing-eye-gel-30-ml\/#primaryimage"},"thumbnailUrl":"https:\/\/storage.googleapis.com\/cz-shopatoa-img\/ro\/e6235f8c-unnamed-file.webp","datePublished":"2025-04-26T08:31:34+00:00","dateModified":"2025-12-10T00:14:08+00:00","breadcrumb":{"@id":"https:\/\/shopatoa.com\/ro\/antipodes-gel-pentru-ochi-revigorant-anoint-h%e2%82%82o-de-puffing-eye-gel-30-ml\/#breadcrumb"},"inLanguage":"ro-RO","potentialAction":[{"@type":"ReadAction","target":["https:\/\/shopatoa.com\/ro\/antipodes-gel-pentru-ochi-revigorant-anoint-h%e2%82%82o-de-puffing-eye-gel-30-ml\/"]}]},{"@type":"ImageObject","inLanguage":"ro-RO","@id":"https:\/\/shopatoa.com\/ro\/antipodes-gel-pentru-ochi-revigorant-anoint-h%e2%82%82o-de-puffing-eye-gel-30-ml\/#primaryimage","url":"https:\/\/storage.googleapis.com\/cz-shopatoa-img\/ro\/e6235f8c-unnamed-file.webp","contentUrl":"https:\/\/storage.googleapis.com\/cz-shopatoa-img\/ro\/e6235f8c-unnamed-file.webp","width":800,"height":800},{"@type":"BreadcrumbList","@id":"https:\/\/shopatoa.com\/ro\/antipodes-gel-pentru-ochi-revigorant-anoint-h%e2%82%82o-de-puffing-eye-gel-30-ml\/#breadcrumb","itemListElement":[{"@type":"ListItem","position":1,"name":"Dom\u016f","item":"https:\/\/shopatoa.com\/ro\/"},{"@type":"ListItem","position":2,"name":"Shop","item":"https:\/\/shopatoa.com\/ro\/shop\/"},{"@type":"ListItem","position":3,"name":"Cosmetice","item":"https:\/\/shopatoa.com\/ro\/cosmetice\/"},{"@type":"ListItem","position":4,"name":"Produse cosmetice pentru piele","item":"https:\/\/shopatoa.com\/ro\/produse-cosmetice-pentru-piele\/"},{"@type":"ListItem","position":5,"name":"\u00cengrijirea ochilor Cosmetic\u0103","item":"https:\/\/shopatoa.com\/ro\/ingrijirea-ochilor-cosmetica\/"},{"@type":"ListItem","position":6,"name":"Antipodes Gel pentru ochi revigorant Anoint (H\u2082O De-Puffing Eye Gel) 30 ml"}]},{"@type":"WebSite","@id":"https:\/\/shopatoa.com\/ro\/#website","url":"https:\/\/shopatoa.com\/ro\/","name":"SHOPATOA","description":"","publisher":{"@id":"https:\/\/shopatoa.com\/ro\/#organization"},"potentialAction":[{"@type":"SearchAction","target":{"@type":"EntryPoint","urlTemplate":"https:\/\/shopatoa.com\/ro\/?s={search_term_string}"},"query-input":{"@type":"PropertyValueSpecification","valueRequired":true,"valueName":"search_term_string"}}],"inLanguage":"ro-RO"},{"@type":"Organization","@id":"https:\/\/shopatoa.com\/ro\/#organization","name":"SHOPATOA","url":"https:\/\/shopatoa.com\/ro\/","logo":{"@type":"ImageObject","inLanguage":"ro-RO","@id":"https:\/\/shopatoa.com\/ro\/#\/schema\/logo\/image\/","url":"https:\/\/storage.googleapis.com\/cz-shopatoa-img\/ro\/b4dac915-shopatoa_logo.png","contentUrl":"https:\/\/storage.googleapis.com\/cz-shopatoa-img\/ro\/b4dac915-shopatoa_logo.png","width":416,"height":63,"caption":"SHOPATOA"},"image":{"@id":"https:\/\/shopatoa.com\/ro\/#\/schema\/logo\/image\/"}}]}},"_links":{"self":[{"href":"https:\/\/shopatoa.com\/ro\/wp-json\/wp\/v2\/product\/257207","targetHints":{"allow":["GET"]}}],"collection":[{"href":"https:\/\/shopatoa.com\/ro\/wp-json\/wp\/v2\/product"}],"about":[{"href":"https:\/\/shopatoa.com\/ro\/wp-json\/wp\/v2\/types\/product"}],"replies":[{"embeddable":true,"href":"https:\/\/shopatoa.com\/ro\/wp-json\/wp\/v2\/comments?post=257207"}],"wp:featuredmedia":[{"embeddable":true,"href":"https:\/\/shopatoa.com\/ro\/wp-json\/wp\/v2\/media\/257208"}],"wp:attachment":[{"href":"https:\/\/shopatoa.com\/ro\/wp-json\/wp\/v2\/media?parent=257207"}],"wp:term":[{"taxonomy":"product_brand","embeddable":true,"href":"https:\/\/shopatoa.com\/ro\/wp-json\/wp\/v2\/product_brand?post=257207"},{"taxonomy":"product_cat","embeddable":true,"href":"https:\/\/shopatoa.com\/ro\/wp-json\/wp\/v2\/product_cat?post=257207"},{"taxonomy":"product_tag","embeddable":true,"href":"https:\/\/shopatoa.com\/ro\/wp-json\/wp\/v2\/product_tag?post=257207"}],"curies":[{"name":"wp","href":"https:\/\/api.w.org\/{rel}","templated":true}]}}