{"id":257253,"date":"2025-04-26T10:41:47","date_gmt":"2025-04-26T08:41:47","guid":{"rendered":"https:\/\/shopatoa.com\/ro\/my-white-secret-pasta-de-dinti-pentru-albire-in-pudra-toothpaste-powder-60-ml\/"},"modified":"2025-12-10T01:06:39","modified_gmt":"2025-12-10T00:06:39","slug":"my-white-secret-pasta-de-dinti-pentru-albire-in-pudra-toothpaste-powder-60-ml","status":"publish","type":"product","link":"https:\/\/shopatoa.com\/ro\/my-white-secret-pasta-de-dinti-pentru-albire-in-pudra-toothpaste-powder-60-ml\/","title":{"rendered":"My White Secret Past\u0103 de din\u021bi pentru albire \u00een pudr\u0103 (Toothpaste Powder) 60 ml"},"content":{"rendered":"<p>Pudr\u0103 de past\u0103 de din\u021bi vegan\u0103 premium. Este foarte u\u0219or de folosit, doar aplica\u021bi de dou\u0103 ori pe zi pe periu\u021ba umed\u0103 \u0219i sp\u0103la\u021bi-v\u0103 pe din\u021bi. \u00cenlocuie\u0219te complet pasta de din\u021bi. Combina\u021bia unic\u0103 de carbonat de calciu \u0219i bicarbonat de sodiu este o modalitate eficient\u0103 \u0219i sigur\u0103 de \u00eengrijire a cavit\u0103\u021bii dentare \u0219i de \u00eendep\u0103rtare a petelor pigmentare de pe din\u021bi. De asemenea, con\u021bine p\u0103m\u00e2nt de diatomee (Diatomaceus earth), care este un produs organic a c\u0103rui unicitate const\u0103 \u00een con\u021binutul unei cantit\u0103\u021bi mari de minerale \u0219i oligoelemente. P\u0103m\u00e2ntul de diatomee este folosit \u00een mod tradi\u021bional pentru detoxifierea organismului Spre deosebire de alte modalit\u0103\u021bi de albire a din\u021bilor, care con\u021bin adesea peroxid, aceast\u0103 past\u0103 este complet sigur\u0103 pentru utilizarea de zi cu zi. Nu con\u021bine fluor \u0219i SLS \u0219i, de asemenea, economise\u0219te ap\u0103. Menta \u0219i acidul tartric con\u021binute \u00eemprosp\u0103teaz\u0103 respira\u021bia \u0219i men\u021bin un pH echilibrat \u00een gur\u0103. Brandul My White Secret v\u0103 ofer\u0103 produse naturale de \u00eengrijire oral\u0103 care sunt vegane, netestate pe animale \u0219i fabricate cu cel mai mare accent pe protec\u021bia mediului.<\/p>\n","protected":false},"excerpt":{"rendered":"<p>Pudr\u0103 de past\u0103 de din\u021bi vegan\u0103 premium. Este foarte u\u0219or de folosit, doar aplica\u021bi de dou\u0103 ori pe zi pe periu\u021ba umed\u0103 \u0219i sp\u0103la\u021bi-v\u0103 pe din\u021bi. \u00cenlocuie\u0219te complet pasta de din\u021bi. Combina\u021bia unic\u0103 de carbonat de calciu \u0219i bicarbonat de sodiu este o modalitate eficient\u0103 \u0219i sigur\u0103 de \u00eengrijire a cavit\u0103\u021bii dentare \u0219i de \u00eendep\u0103rtare&#8230;<\/p>\n","protected":false},"featured_media":257254,"comment_status":"closed","ping_status":"open","template":"","meta":{"_acf_changed":false,"_kadence_starter_templates_imported_post":false,"_kad_post_transparent":"","_kad_post_title":"","_kad_post_layout":"","_kad_post_sidebar_id":"","_kad_post_content_style":"","_kad_post_vertical_padding":"","_kad_post_feature":"","_kad_post_feature_position":"","_kad_post_header":false,"_kad_post_footer":false,"_kad_post_classname":""},"product_brand":[425],"product_cat":[829,246,828,709],"product_tag":[],"class_list":{"0":"post-257253","1":"product","2":"type-product","3":"status-publish","4":"has-post-thumbnail","6":"product_brand-my-white-secret","7":"product_cat-albirea-dintilor","8":"product_cat-cosmetice","9":"product_cat-ingrijire-speciala-orala","10":"product_cat-ingrijirea-dentara","12":"first","13":"instock","14":"sale","15":"product-type-external","16":"entry","17":"content-bg","18":"loop-entry"},"acf":[],"yoast_head":"<!-- This site is optimized with the Yoast SEO plugin v27.4 - https:\/\/yoast.com\/product\/yoast-seo-wordpress\/ -->\n<title>My White Secret Past\u0103 de din\u021bi pentru albire \u00een pudr\u0103 (Toothpaste Powder) 60 ml - SHOPATOA.COM<\/title>\n<meta name=\"robots\" content=\"index, follow, max-snippet:-1, max-image-preview:large, max-video-preview:-1\" \/>\n<link rel=\"canonical\" href=\"https:\/\/shopatoa.com\/ro\/my-white-secret-pasta-de-dinti-pentru-albire-in-pudra-toothpaste-powder-60-ml\/\" \/>\n<meta property=\"og:locale\" content=\"ro_RO\" \/>\n<meta property=\"og:type\" content=\"article\" \/>\n<meta property=\"og:title\" content=\"My White Secret Past\u0103 de din\u021bi pentru albire \u00een pudr\u0103 (Toothpaste Powder) 60 ml - SHOPATOA.COM\" \/>\n<meta property=\"og:description\" content=\"Pudr\u0103 de past\u0103 de din\u021bi vegan\u0103 premium. Este foarte u\u0219or de folosit, doar aplica\u021bi de dou\u0103 ori pe zi pe periu\u021ba umed\u0103 \u0219i sp\u0103la\u021bi-v\u0103 pe din\u021bi. \u00cenlocuie\u0219te complet pasta de din\u021bi. Combina\u021bia unic\u0103 de carbonat de calciu \u0219i bicarbonat de sodiu este o modalitate eficient\u0103 \u0219i sigur\u0103 de \u00eengrijire a cavit\u0103\u021bii dentare \u0219i de \u00eendep\u0103rtare...\" \/>\n<meta property=\"og:url\" content=\"https:\/\/shopatoa.com\/ro\/my-white-secret-pasta-de-dinti-pentru-albire-in-pudra-toothpaste-powder-60-ml\/\" \/>\n<meta property=\"og:site_name\" content=\"SHOPATOA\" \/>\n<meta property=\"article:modified_time\" content=\"2025-12-10T00:06:39+00:00\" \/>\n<meta property=\"og:image\" content=\"https:\/\/storage.googleapis.com\/cz-shopatoa-img\/ro\/2ea520ff-unnamed-file.webp\" \/>\n\t<meta property=\"og:image:width\" content=\"800\" \/>\n\t<meta property=\"og:image:height\" content=\"800\" \/>\n\t<meta property=\"og:image:type\" content=\"image\/webp\" \/>\n<meta name=\"twitter:card\" content=\"summary_large_image\" \/>\n<meta name=\"twitter:label1\" content=\"Timp estimat pentru citire\" \/>\n\t<meta name=\"twitter:data1\" content=\"1 minut\" \/>\n<script type=\"application\/ld+json\" class=\"yoast-schema-graph\">{\"@context\":\"https:\\\/\\\/schema.org\",\"@graph\":[{\"@type\":\"WebPage\",\"@id\":\"https:\\\/\\\/shopatoa.com\\\/ro\\\/my-white-secret-pasta-de-dinti-pentru-albire-in-pudra-toothpaste-powder-60-ml\\\/\",\"url\":\"https:\\\/\\\/shopatoa.com\\\/ro\\\/my-white-secret-pasta-de-dinti-pentru-albire-in-pudra-toothpaste-powder-60-ml\\\/\",\"name\":\"My White Secret Past\u0103 de din\u021bi pentru albire \u00een pudr\u0103 (Toothpaste Powder) 60 ml - SHOPATOA.COM\",\"isPartOf\":{\"@id\":\"https:\\\/\\\/shopatoa.com\\\/ro\\\/#website\"},\"primaryImageOfPage\":{\"@id\":\"https:\\\/\\\/shopatoa.com\\\/ro\\\/my-white-secret-pasta-de-dinti-pentru-albire-in-pudra-toothpaste-powder-60-ml\\\/#primaryimage\"},\"image\":{\"@id\":\"https:\\\/\\\/shopatoa.com\\\/ro\\\/my-white-secret-pasta-de-dinti-pentru-albire-in-pudra-toothpaste-powder-60-ml\\\/#primaryimage\"},\"thumbnailUrl\":\"https:\\\/\\\/storage.googleapis.com\\\/cz-shopatoa-img\\\/ro\\\/2ea520ff-unnamed-file.webp\",\"datePublished\":\"2025-04-26T08:41:47+00:00\",\"dateModified\":\"2025-12-10T00:06:39+00:00\",\"breadcrumb\":{\"@id\":\"https:\\\/\\\/shopatoa.com\\\/ro\\\/my-white-secret-pasta-de-dinti-pentru-albire-in-pudra-toothpaste-powder-60-ml\\\/#breadcrumb\"},\"inLanguage\":\"ro-RO\",\"potentialAction\":[{\"@type\":\"ReadAction\",\"target\":[\"https:\\\/\\\/shopatoa.com\\\/ro\\\/my-white-secret-pasta-de-dinti-pentru-albire-in-pudra-toothpaste-powder-60-ml\\\/\"]}]},{\"@type\":\"ImageObject\",\"inLanguage\":\"ro-RO\",\"@id\":\"https:\\\/\\\/shopatoa.com\\\/ro\\\/my-white-secret-pasta-de-dinti-pentru-albire-in-pudra-toothpaste-powder-60-ml\\\/#primaryimage\",\"url\":\"https:\\\/\\\/storage.googleapis.com\\\/cz-shopatoa-img\\\/ro\\\/2ea520ff-unnamed-file.webp\",\"contentUrl\":\"https:\\\/\\\/storage.googleapis.com\\\/cz-shopatoa-img\\\/ro\\\/2ea520ff-unnamed-file.webp\",\"width\":800,\"height\":800},{\"@type\":\"BreadcrumbList\",\"@id\":\"https:\\\/\\\/shopatoa.com\\\/ro\\\/my-white-secret-pasta-de-dinti-pentru-albire-in-pudra-toothpaste-powder-60-ml\\\/#breadcrumb\",\"itemListElement\":[{\"@type\":\"ListItem\",\"position\":1,\"name\":\"Dom\u016f\",\"item\":\"https:\\\/\\\/shopatoa.com\\\/ro\\\/\"},{\"@type\":\"ListItem\",\"position\":2,\"name\":\"Shop\",\"item\":\"https:\\\/\\\/shopatoa.com\\\/ro\\\/shop\\\/\"},{\"@type\":\"ListItem\",\"position\":3,\"name\":\"Cosmetice\",\"item\":\"https:\\\/\\\/shopatoa.com\\\/ro\\\/cosmetice\\\/\"},{\"@type\":\"ListItem\",\"position\":4,\"name\":\"\u00cengrijirea dentar\u0103\",\"item\":\"https:\\\/\\\/shopatoa.com\\\/ro\\\/ingrijirea-dentara\\\/\"},{\"@type\":\"ListItem\",\"position\":5,\"name\":\"\u00cengrijire special\u0103 oral\u0103\",\"item\":\"https:\\\/\\\/shopatoa.com\\\/ro\\\/ingrijire-speciala-orala\\\/\"},{\"@type\":\"ListItem\",\"position\":6,\"name\":\"Albirea dintilor\",\"item\":\"https:\\\/\\\/shopatoa.com\\\/ro\\\/albirea-dintilor\\\/\"},{\"@type\":\"ListItem\",\"position\":7,\"name\":\"My White Secret Past\u0103 de din\u021bi pentru albire \u00een pudr\u0103 (Toothpaste Powder) 60 ml\"}]},{\"@type\":\"WebSite\",\"@id\":\"https:\\\/\\\/shopatoa.com\\\/ro\\\/#website\",\"url\":\"https:\\\/\\\/shopatoa.com\\\/ro\\\/\",\"name\":\"SHOPATOA\",\"description\":\"\",\"publisher\":{\"@id\":\"https:\\\/\\\/shopatoa.com\\\/ro\\\/#organization\"},\"potentialAction\":[{\"@type\":\"SearchAction\",\"target\":{\"@type\":\"EntryPoint\",\"urlTemplate\":\"https:\\\/\\\/shopatoa.com\\\/ro\\\/?s={search_term_string}\"},\"query-input\":{\"@type\":\"PropertyValueSpecification\",\"valueRequired\":true,\"valueName\":\"search_term_string\"}}],\"inLanguage\":\"ro-RO\"},{\"@type\":\"Organization\",\"@id\":\"https:\\\/\\\/shopatoa.com\\\/ro\\\/#organization\",\"name\":\"SHOPATOA\",\"url\":\"https:\\\/\\\/shopatoa.com\\\/ro\\\/\",\"logo\":{\"@type\":\"ImageObject\",\"inLanguage\":\"ro-RO\",\"@id\":\"https:\\\/\\\/shopatoa.com\\\/ro\\\/#\\\/schema\\\/logo\\\/image\\\/\",\"url\":\"https:\\\/\\\/storage.googleapis.com\\\/cz-shopatoa-img\\\/ro\\\/b4dac915-shopatoa_logo.png\",\"contentUrl\":\"https:\\\/\\\/storage.googleapis.com\\\/cz-shopatoa-img\\\/ro\\\/b4dac915-shopatoa_logo.png\",\"width\":416,\"height\":63,\"caption\":\"SHOPATOA\"},\"image\":{\"@id\":\"https:\\\/\\\/shopatoa.com\\\/ro\\\/#\\\/schema\\\/logo\\\/image\\\/\"}}]}<\/script>\n<!-- \/ Yoast SEO plugin. -->","yoast_head_json":{"title":"My White Secret Past\u0103 de din\u021bi pentru albire \u00een pudr\u0103 (Toothpaste Powder) 60 ml - SHOPATOA.COM","robots":{"index":"index","follow":"follow","max-snippet":"max-snippet:-1","max-image-preview":"max-image-preview:large","max-video-preview":"max-video-preview:-1"},"canonical":"https:\/\/shopatoa.com\/ro\/my-white-secret-pasta-de-dinti-pentru-albire-in-pudra-toothpaste-powder-60-ml\/","og_locale":"ro_RO","og_type":"article","og_title":"My White Secret Past\u0103 de din\u021bi pentru albire \u00een pudr\u0103 (Toothpaste Powder) 60 ml - SHOPATOA.COM","og_description":"Pudr\u0103 de past\u0103 de din\u021bi vegan\u0103 premium. Este foarte u\u0219or de folosit, doar aplica\u021bi de dou\u0103 ori pe zi pe periu\u021ba umed\u0103 \u0219i sp\u0103la\u021bi-v\u0103 pe din\u021bi. \u00cenlocuie\u0219te complet pasta de din\u021bi. Combina\u021bia unic\u0103 de carbonat de calciu \u0219i bicarbonat de sodiu este o modalitate eficient\u0103 \u0219i sigur\u0103 de \u00eengrijire a cavit\u0103\u021bii dentare \u0219i de \u00eendep\u0103rtare...","og_url":"https:\/\/shopatoa.com\/ro\/my-white-secret-pasta-de-dinti-pentru-albire-in-pudra-toothpaste-powder-60-ml\/","og_site_name":"SHOPATOA","article_modified_time":"2025-12-10T00:06:39+00:00","og_image":[{"width":800,"height":800,"url":"https:\/\/storage.googleapis.com\/cz-shopatoa-img\/ro\/2ea520ff-unnamed-file.webp","type":"image\/webp"}],"twitter_card":"summary_large_image","twitter_misc":{"Timp estimat pentru citire":"1 minut"},"schema":{"@context":"https:\/\/schema.org","@graph":[{"@type":"WebPage","@id":"https:\/\/shopatoa.com\/ro\/my-white-secret-pasta-de-dinti-pentru-albire-in-pudra-toothpaste-powder-60-ml\/","url":"https:\/\/shopatoa.com\/ro\/my-white-secret-pasta-de-dinti-pentru-albire-in-pudra-toothpaste-powder-60-ml\/","name":"My White Secret Past\u0103 de din\u021bi pentru albire \u00een pudr\u0103 (Toothpaste Powder) 60 ml - SHOPATOA.COM","isPartOf":{"@id":"https:\/\/shopatoa.com\/ro\/#website"},"primaryImageOfPage":{"@id":"https:\/\/shopatoa.com\/ro\/my-white-secret-pasta-de-dinti-pentru-albire-in-pudra-toothpaste-powder-60-ml\/#primaryimage"},"image":{"@id":"https:\/\/shopatoa.com\/ro\/my-white-secret-pasta-de-dinti-pentru-albire-in-pudra-toothpaste-powder-60-ml\/#primaryimage"},"thumbnailUrl":"https:\/\/storage.googleapis.com\/cz-shopatoa-img\/ro\/2ea520ff-unnamed-file.webp","datePublished":"2025-04-26T08:41:47+00:00","dateModified":"2025-12-10T00:06:39+00:00","breadcrumb":{"@id":"https:\/\/shopatoa.com\/ro\/my-white-secret-pasta-de-dinti-pentru-albire-in-pudra-toothpaste-powder-60-ml\/#breadcrumb"},"inLanguage":"ro-RO","potentialAction":[{"@type":"ReadAction","target":["https:\/\/shopatoa.com\/ro\/my-white-secret-pasta-de-dinti-pentru-albire-in-pudra-toothpaste-powder-60-ml\/"]}]},{"@type":"ImageObject","inLanguage":"ro-RO","@id":"https:\/\/shopatoa.com\/ro\/my-white-secret-pasta-de-dinti-pentru-albire-in-pudra-toothpaste-powder-60-ml\/#primaryimage","url":"https:\/\/storage.googleapis.com\/cz-shopatoa-img\/ro\/2ea520ff-unnamed-file.webp","contentUrl":"https:\/\/storage.googleapis.com\/cz-shopatoa-img\/ro\/2ea520ff-unnamed-file.webp","width":800,"height":800},{"@type":"BreadcrumbList","@id":"https:\/\/shopatoa.com\/ro\/my-white-secret-pasta-de-dinti-pentru-albire-in-pudra-toothpaste-powder-60-ml\/#breadcrumb","itemListElement":[{"@type":"ListItem","position":1,"name":"Dom\u016f","item":"https:\/\/shopatoa.com\/ro\/"},{"@type":"ListItem","position":2,"name":"Shop","item":"https:\/\/shopatoa.com\/ro\/shop\/"},{"@type":"ListItem","position":3,"name":"Cosmetice","item":"https:\/\/shopatoa.com\/ro\/cosmetice\/"},{"@type":"ListItem","position":4,"name":"\u00cengrijirea dentar\u0103","item":"https:\/\/shopatoa.com\/ro\/ingrijirea-dentara\/"},{"@type":"ListItem","position":5,"name":"\u00cengrijire special\u0103 oral\u0103","item":"https:\/\/shopatoa.com\/ro\/ingrijire-speciala-orala\/"},{"@type":"ListItem","position":6,"name":"Albirea dintilor","item":"https:\/\/shopatoa.com\/ro\/albirea-dintilor\/"},{"@type":"ListItem","position":7,"name":"My White Secret Past\u0103 de din\u021bi pentru albire \u00een pudr\u0103 (Toothpaste Powder) 60 ml"}]},{"@type":"WebSite","@id":"https:\/\/shopatoa.com\/ro\/#website","url":"https:\/\/shopatoa.com\/ro\/","name":"SHOPATOA","description":"","publisher":{"@id":"https:\/\/shopatoa.com\/ro\/#organization"},"potentialAction":[{"@type":"SearchAction","target":{"@type":"EntryPoint","urlTemplate":"https:\/\/shopatoa.com\/ro\/?s={search_term_string}"},"query-input":{"@type":"PropertyValueSpecification","valueRequired":true,"valueName":"search_term_string"}}],"inLanguage":"ro-RO"},{"@type":"Organization","@id":"https:\/\/shopatoa.com\/ro\/#organization","name":"SHOPATOA","url":"https:\/\/shopatoa.com\/ro\/","logo":{"@type":"ImageObject","inLanguage":"ro-RO","@id":"https:\/\/shopatoa.com\/ro\/#\/schema\/logo\/image\/","url":"https:\/\/storage.googleapis.com\/cz-shopatoa-img\/ro\/b4dac915-shopatoa_logo.png","contentUrl":"https:\/\/storage.googleapis.com\/cz-shopatoa-img\/ro\/b4dac915-shopatoa_logo.png","width":416,"height":63,"caption":"SHOPATOA"},"image":{"@id":"https:\/\/shopatoa.com\/ro\/#\/schema\/logo\/image\/"}}]}},"_links":{"self":[{"href":"https:\/\/shopatoa.com\/ro\/wp-json\/wp\/v2\/product\/257253","targetHints":{"allow":["GET"]}}],"collection":[{"href":"https:\/\/shopatoa.com\/ro\/wp-json\/wp\/v2\/product"}],"about":[{"href":"https:\/\/shopatoa.com\/ro\/wp-json\/wp\/v2\/types\/product"}],"replies":[{"embeddable":true,"href":"https:\/\/shopatoa.com\/ro\/wp-json\/wp\/v2\/comments?post=257253"}],"wp:featuredmedia":[{"embeddable":true,"href":"https:\/\/shopatoa.com\/ro\/wp-json\/wp\/v2\/media\/257254"}],"wp:attachment":[{"href":"https:\/\/shopatoa.com\/ro\/wp-json\/wp\/v2\/media?parent=257253"}],"wp:term":[{"taxonomy":"product_brand","embeddable":true,"href":"https:\/\/shopatoa.com\/ro\/wp-json\/wp\/v2\/product_brand?post=257253"},{"taxonomy":"product_cat","embeddable":true,"href":"https:\/\/shopatoa.com\/ro\/wp-json\/wp\/v2\/product_cat?post=257253"},{"taxonomy":"product_tag","embeddable":true,"href":"https:\/\/shopatoa.com\/ro\/wp-json\/wp\/v2\/product_tag?post=257253"}],"curies":[{"name":"wp","href":"https:\/\/api.w.org\/{rel}","templated":true}]}}