{"id":257299,"date":"2025-04-26T10:51:48","date_gmt":"2025-04-26T08:51:48","guid":{"rendered":"https:\/\/shopatoa.com\/ro\/anastasia-beverly-hills-creion-impermeabil-gel-pentru-ochi-waterproof-gel-liner-03-g-darkside\/"},"modified":"2025-12-10T01:03:41","modified_gmt":"2025-12-10T00:03:41","slug":"anastasia-beverly-hills-creion-impermeabil-gel-pentru-ochi-waterproof-gel-liner-03-g-darkside","status":"publish","type":"product","link":"https:\/\/shopatoa.com\/ro\/anastasia-beverly-hills-creion-impermeabil-gel-pentru-ochi-waterproof-gel-liner-03-g-darkside\/","title":{"rendered":"Anastasia Beverly Hills Creion impermeabil gel pentru ochi (Waterproof Gel Liner) 0,3 g Darkside"},"content":{"rendered":"<p>Creionul impermeabil retractabil, rezistent la ap\u0103, cu textura gel, ofer\u0103 un pigment negru intens cu un finisaj mat. Ajut\u0103 la crearea unei linii solide \u0219i adaug\u0103 intensitate oric\u0103rui aspect de machiaj al ochilor.<\/p>\n","protected":false},"excerpt":{"rendered":"<p>Creionul impermeabil retractabil, rezistent la ap\u0103, cu textura gel, ofer\u0103 un pigment negru intens cu un finisaj mat. Ajut\u0103 la crearea unei linii solide \u0219i adaug\u0103 intensitate oric\u0103rui aspect de machiaj al ochilor.<\/p>\n","protected":false},"featured_media":257300,"comment_status":"closed","ping_status":"open","template":"","meta":{"_acf_changed":false,"_kadence_starter_templates_imported_post":false,"_kad_post_transparent":"","_kad_post_title":"","_kad_post_layout":"","_kad_post_sidebar_id":"","_kad_post_content_style":"","_kad_post_vertical_padding":"","_kad_post_feature":"","_kad_post_feature_position":"","_kad_post_header":false,"_kad_post_footer":false,"_kad_post_classname":""},"product_brand":[80],"product_cat":[246,609,666,631],"product_tag":[],"class_list":{"0":"post-257299","1":"product","2":"type-product","3":"status-publish","4":"has-post-thumbnail","6":"product_brand-anastasia-beverly-hills","7":"product_cat-cosmetice","8":"product_cat-cosmetice-decorative","9":"product_cat-creione-de-ochi","10":"product_cat-machiaj-pentru-ochi","12":"first","13":"instock","14":"sale","15":"product-type-external","16":"entry","17":"content-bg","18":"loop-entry"},"acf":[],"yoast_head":"<!-- This site is optimized with the Yoast SEO plugin v27.3 - https:\/\/yoast.com\/product\/yoast-seo-wordpress\/ -->\n<title>Anastasia Beverly Hills Creion impermeabil gel pentru ochi (Waterproof Gel Liner) 0,3 g Darkside - SHOPATOA.COM<\/title>\n<meta name=\"robots\" content=\"index, follow, max-snippet:-1, max-image-preview:large, max-video-preview:-1\" \/>\n<link rel=\"canonical\" href=\"https:\/\/shopatoa.com\/ro\/anastasia-beverly-hills-creion-impermeabil-gel-pentru-ochi-waterproof-gel-liner-03-g-darkside\/\" \/>\n<meta property=\"og:locale\" content=\"ro_RO\" \/>\n<meta property=\"og:type\" content=\"article\" \/>\n<meta property=\"og:title\" content=\"Anastasia Beverly Hills Creion impermeabil gel pentru ochi (Waterproof Gel Liner) 0,3 g Darkside - SHOPATOA.COM\" \/>\n<meta property=\"og:description\" content=\"Creionul impermeabil retractabil, rezistent la ap\u0103, cu textura gel, ofer\u0103 un pigment negru intens cu un finisaj mat. Ajut\u0103 la crearea unei linii solide \u0219i adaug\u0103 intensitate oric\u0103rui aspect de machiaj al ochilor.\" \/>\n<meta property=\"og:url\" content=\"https:\/\/shopatoa.com\/ro\/anastasia-beverly-hills-creion-impermeabil-gel-pentru-ochi-waterproof-gel-liner-03-g-darkside\/\" \/>\n<meta property=\"og:site_name\" content=\"SHOPATOA\" \/>\n<meta property=\"article:modified_time\" content=\"2025-12-10T00:03:41+00:00\" \/>\n<meta property=\"og:image\" content=\"https:\/\/storage.googleapis.com\/cz-shopatoa-img\/ro\/8c659e4f-unnamed-file.webp\" \/>\n\t<meta property=\"og:image:width\" content=\"800\" \/>\n\t<meta property=\"og:image:height\" content=\"800\" \/>\n\t<meta property=\"og:image:type\" content=\"image\/webp\" \/>\n<meta name=\"twitter:card\" content=\"summary_large_image\" \/>\n<script type=\"application\/ld+json\" class=\"yoast-schema-graph\">{\"@context\":\"https:\\\/\\\/schema.org\",\"@graph\":[{\"@type\":\"WebPage\",\"@id\":\"https:\\\/\\\/shopatoa.com\\\/ro\\\/anastasia-beverly-hills-creion-impermeabil-gel-pentru-ochi-waterproof-gel-liner-03-g-darkside\\\/\",\"url\":\"https:\\\/\\\/shopatoa.com\\\/ro\\\/anastasia-beverly-hills-creion-impermeabil-gel-pentru-ochi-waterproof-gel-liner-03-g-darkside\\\/\",\"name\":\"Anastasia Beverly Hills Creion impermeabil gel pentru ochi (Waterproof Gel Liner) 0,3 g Darkside - SHOPATOA.COM\",\"isPartOf\":{\"@id\":\"https:\\\/\\\/shopatoa.com\\\/ro\\\/#website\"},\"primaryImageOfPage\":{\"@id\":\"https:\\\/\\\/shopatoa.com\\\/ro\\\/anastasia-beverly-hills-creion-impermeabil-gel-pentru-ochi-waterproof-gel-liner-03-g-darkside\\\/#primaryimage\"},\"image\":{\"@id\":\"https:\\\/\\\/shopatoa.com\\\/ro\\\/anastasia-beverly-hills-creion-impermeabil-gel-pentru-ochi-waterproof-gel-liner-03-g-darkside\\\/#primaryimage\"},\"thumbnailUrl\":\"https:\\\/\\\/storage.googleapis.com\\\/cz-shopatoa-img\\\/ro\\\/8c659e4f-unnamed-file.webp\",\"datePublished\":\"2025-04-26T08:51:48+00:00\",\"dateModified\":\"2025-12-10T00:03:41+00:00\",\"breadcrumb\":{\"@id\":\"https:\\\/\\\/shopatoa.com\\\/ro\\\/anastasia-beverly-hills-creion-impermeabil-gel-pentru-ochi-waterproof-gel-liner-03-g-darkside\\\/#breadcrumb\"},\"inLanguage\":\"ro-RO\",\"potentialAction\":[{\"@type\":\"ReadAction\",\"target\":[\"https:\\\/\\\/shopatoa.com\\\/ro\\\/anastasia-beverly-hills-creion-impermeabil-gel-pentru-ochi-waterproof-gel-liner-03-g-darkside\\\/\"]}]},{\"@type\":\"ImageObject\",\"inLanguage\":\"ro-RO\",\"@id\":\"https:\\\/\\\/shopatoa.com\\\/ro\\\/anastasia-beverly-hills-creion-impermeabil-gel-pentru-ochi-waterproof-gel-liner-03-g-darkside\\\/#primaryimage\",\"url\":\"https:\\\/\\\/storage.googleapis.com\\\/cz-shopatoa-img\\\/ro\\\/8c659e4f-unnamed-file.webp\",\"contentUrl\":\"https:\\\/\\\/storage.googleapis.com\\\/cz-shopatoa-img\\\/ro\\\/8c659e4f-unnamed-file.webp\",\"width\":800,\"height\":800},{\"@type\":\"BreadcrumbList\",\"@id\":\"https:\\\/\\\/shopatoa.com\\\/ro\\\/anastasia-beverly-hills-creion-impermeabil-gel-pentru-ochi-waterproof-gel-liner-03-g-darkside\\\/#breadcrumb\",\"itemListElement\":[{\"@type\":\"ListItem\",\"position\":1,\"name\":\"Dom\u016f\",\"item\":\"https:\\\/\\\/shopatoa.com\\\/ro\\\/\"},{\"@type\":\"ListItem\",\"position\":2,\"name\":\"Shop\",\"item\":\"https:\\\/\\\/shopatoa.com\\\/ro\\\/shop\\\/\"},{\"@type\":\"ListItem\",\"position\":3,\"name\":\"Cosmetice\",\"item\":\"https:\\\/\\\/shopatoa.com\\\/ro\\\/cosmetice\\\/\"},{\"@type\":\"ListItem\",\"position\":4,\"name\":\"Cosmetice decorative\",\"item\":\"https:\\\/\\\/shopatoa.com\\\/ro\\\/cosmetice-decorative\\\/\"},{\"@type\":\"ListItem\",\"position\":5,\"name\":\"Machiaj pentru ochi\",\"item\":\"https:\\\/\\\/shopatoa.com\\\/ro\\\/machiaj-pentru-ochi\\\/\"},{\"@type\":\"ListItem\",\"position\":6,\"name\":\"Creione de ochi\",\"item\":\"https:\\\/\\\/shopatoa.com\\\/ro\\\/creione-de-ochi\\\/\"},{\"@type\":\"ListItem\",\"position\":7,\"name\":\"Anastasia Beverly Hills Creion impermeabil gel pentru ochi (Waterproof Gel Liner) 0,3 g Darkside\"}]},{\"@type\":\"WebSite\",\"@id\":\"https:\\\/\\\/shopatoa.com\\\/ro\\\/#website\",\"url\":\"https:\\\/\\\/shopatoa.com\\\/ro\\\/\",\"name\":\"SHOPATOA\",\"description\":\"\",\"publisher\":{\"@id\":\"https:\\\/\\\/shopatoa.com\\\/ro\\\/#organization\"},\"potentialAction\":[{\"@type\":\"SearchAction\",\"target\":{\"@type\":\"EntryPoint\",\"urlTemplate\":\"https:\\\/\\\/shopatoa.com\\\/ro\\\/?s={search_term_string}\"},\"query-input\":{\"@type\":\"PropertyValueSpecification\",\"valueRequired\":true,\"valueName\":\"search_term_string\"}}],\"inLanguage\":\"ro-RO\"},{\"@type\":\"Organization\",\"@id\":\"https:\\\/\\\/shopatoa.com\\\/ro\\\/#organization\",\"name\":\"SHOPATOA\",\"url\":\"https:\\\/\\\/shopatoa.com\\\/ro\\\/\",\"logo\":{\"@type\":\"ImageObject\",\"inLanguage\":\"ro-RO\",\"@id\":\"https:\\\/\\\/shopatoa.com\\\/ro\\\/#\\\/schema\\\/logo\\\/image\\\/\",\"url\":\"https:\\\/\\\/storage.googleapis.com\\\/cz-shopatoa-img\\\/ro\\\/b4dac915-shopatoa_logo.png\",\"contentUrl\":\"https:\\\/\\\/storage.googleapis.com\\\/cz-shopatoa-img\\\/ro\\\/b4dac915-shopatoa_logo.png\",\"width\":416,\"height\":63,\"caption\":\"SHOPATOA\"},\"image\":{\"@id\":\"https:\\\/\\\/shopatoa.com\\\/ro\\\/#\\\/schema\\\/logo\\\/image\\\/\"}}]}<\/script>\n<!-- \/ Yoast SEO plugin. -->","yoast_head_json":{"title":"Anastasia Beverly Hills Creion impermeabil gel pentru ochi (Waterproof Gel Liner) 0,3 g Darkside - SHOPATOA.COM","robots":{"index":"index","follow":"follow","max-snippet":"max-snippet:-1","max-image-preview":"max-image-preview:large","max-video-preview":"max-video-preview:-1"},"canonical":"https:\/\/shopatoa.com\/ro\/anastasia-beverly-hills-creion-impermeabil-gel-pentru-ochi-waterproof-gel-liner-03-g-darkside\/","og_locale":"ro_RO","og_type":"article","og_title":"Anastasia Beverly Hills Creion impermeabil gel pentru ochi (Waterproof Gel Liner) 0,3 g Darkside - SHOPATOA.COM","og_description":"Creionul impermeabil retractabil, rezistent la ap\u0103, cu textura gel, ofer\u0103 un pigment negru intens cu un finisaj mat. Ajut\u0103 la crearea unei linii solide \u0219i adaug\u0103 intensitate oric\u0103rui aspect de machiaj al ochilor.","og_url":"https:\/\/shopatoa.com\/ro\/anastasia-beverly-hills-creion-impermeabil-gel-pentru-ochi-waterproof-gel-liner-03-g-darkside\/","og_site_name":"SHOPATOA","article_modified_time":"2025-12-10T00:03:41+00:00","og_image":[{"width":800,"height":800,"url":"https:\/\/storage.googleapis.com\/cz-shopatoa-img\/ro\/8c659e4f-unnamed-file.webp","type":"image\/webp"}],"twitter_card":"summary_large_image","schema":{"@context":"https:\/\/schema.org","@graph":[{"@type":"WebPage","@id":"https:\/\/shopatoa.com\/ro\/anastasia-beverly-hills-creion-impermeabil-gel-pentru-ochi-waterproof-gel-liner-03-g-darkside\/","url":"https:\/\/shopatoa.com\/ro\/anastasia-beverly-hills-creion-impermeabil-gel-pentru-ochi-waterproof-gel-liner-03-g-darkside\/","name":"Anastasia Beverly Hills Creion impermeabil gel pentru ochi (Waterproof Gel Liner) 0,3 g Darkside - SHOPATOA.COM","isPartOf":{"@id":"https:\/\/shopatoa.com\/ro\/#website"},"primaryImageOfPage":{"@id":"https:\/\/shopatoa.com\/ro\/anastasia-beverly-hills-creion-impermeabil-gel-pentru-ochi-waterproof-gel-liner-03-g-darkside\/#primaryimage"},"image":{"@id":"https:\/\/shopatoa.com\/ro\/anastasia-beverly-hills-creion-impermeabil-gel-pentru-ochi-waterproof-gel-liner-03-g-darkside\/#primaryimage"},"thumbnailUrl":"https:\/\/storage.googleapis.com\/cz-shopatoa-img\/ro\/8c659e4f-unnamed-file.webp","datePublished":"2025-04-26T08:51:48+00:00","dateModified":"2025-12-10T00:03:41+00:00","breadcrumb":{"@id":"https:\/\/shopatoa.com\/ro\/anastasia-beverly-hills-creion-impermeabil-gel-pentru-ochi-waterproof-gel-liner-03-g-darkside\/#breadcrumb"},"inLanguage":"ro-RO","potentialAction":[{"@type":"ReadAction","target":["https:\/\/shopatoa.com\/ro\/anastasia-beverly-hills-creion-impermeabil-gel-pentru-ochi-waterproof-gel-liner-03-g-darkside\/"]}]},{"@type":"ImageObject","inLanguage":"ro-RO","@id":"https:\/\/shopatoa.com\/ro\/anastasia-beverly-hills-creion-impermeabil-gel-pentru-ochi-waterproof-gel-liner-03-g-darkside\/#primaryimage","url":"https:\/\/storage.googleapis.com\/cz-shopatoa-img\/ro\/8c659e4f-unnamed-file.webp","contentUrl":"https:\/\/storage.googleapis.com\/cz-shopatoa-img\/ro\/8c659e4f-unnamed-file.webp","width":800,"height":800},{"@type":"BreadcrumbList","@id":"https:\/\/shopatoa.com\/ro\/anastasia-beverly-hills-creion-impermeabil-gel-pentru-ochi-waterproof-gel-liner-03-g-darkside\/#breadcrumb","itemListElement":[{"@type":"ListItem","position":1,"name":"Dom\u016f","item":"https:\/\/shopatoa.com\/ro\/"},{"@type":"ListItem","position":2,"name":"Shop","item":"https:\/\/shopatoa.com\/ro\/shop\/"},{"@type":"ListItem","position":3,"name":"Cosmetice","item":"https:\/\/shopatoa.com\/ro\/cosmetice\/"},{"@type":"ListItem","position":4,"name":"Cosmetice decorative","item":"https:\/\/shopatoa.com\/ro\/cosmetice-decorative\/"},{"@type":"ListItem","position":5,"name":"Machiaj pentru ochi","item":"https:\/\/shopatoa.com\/ro\/machiaj-pentru-ochi\/"},{"@type":"ListItem","position":6,"name":"Creione de ochi","item":"https:\/\/shopatoa.com\/ro\/creione-de-ochi\/"},{"@type":"ListItem","position":7,"name":"Anastasia Beverly Hills Creion impermeabil gel pentru ochi (Waterproof Gel Liner) 0,3 g Darkside"}]},{"@type":"WebSite","@id":"https:\/\/shopatoa.com\/ro\/#website","url":"https:\/\/shopatoa.com\/ro\/","name":"SHOPATOA","description":"","publisher":{"@id":"https:\/\/shopatoa.com\/ro\/#organization"},"potentialAction":[{"@type":"SearchAction","target":{"@type":"EntryPoint","urlTemplate":"https:\/\/shopatoa.com\/ro\/?s={search_term_string}"},"query-input":{"@type":"PropertyValueSpecification","valueRequired":true,"valueName":"search_term_string"}}],"inLanguage":"ro-RO"},{"@type":"Organization","@id":"https:\/\/shopatoa.com\/ro\/#organization","name":"SHOPATOA","url":"https:\/\/shopatoa.com\/ro\/","logo":{"@type":"ImageObject","inLanguage":"ro-RO","@id":"https:\/\/shopatoa.com\/ro\/#\/schema\/logo\/image\/","url":"https:\/\/storage.googleapis.com\/cz-shopatoa-img\/ro\/b4dac915-shopatoa_logo.png","contentUrl":"https:\/\/storage.googleapis.com\/cz-shopatoa-img\/ro\/b4dac915-shopatoa_logo.png","width":416,"height":63,"caption":"SHOPATOA"},"image":{"@id":"https:\/\/shopatoa.com\/ro\/#\/schema\/logo\/image\/"}}]}},"_links":{"self":[{"href":"https:\/\/shopatoa.com\/ro\/wp-json\/wp\/v2\/product\/257299","targetHints":{"allow":["GET"]}}],"collection":[{"href":"https:\/\/shopatoa.com\/ro\/wp-json\/wp\/v2\/product"}],"about":[{"href":"https:\/\/shopatoa.com\/ro\/wp-json\/wp\/v2\/types\/product"}],"replies":[{"embeddable":true,"href":"https:\/\/shopatoa.com\/ro\/wp-json\/wp\/v2\/comments?post=257299"}],"wp:featuredmedia":[{"embeddable":true,"href":"https:\/\/shopatoa.com\/ro\/wp-json\/wp\/v2\/media\/257300"}],"wp:attachment":[{"href":"https:\/\/shopatoa.com\/ro\/wp-json\/wp\/v2\/media?parent=257299"}],"wp:term":[{"taxonomy":"product_brand","embeddable":true,"href":"https:\/\/shopatoa.com\/ro\/wp-json\/wp\/v2\/product_brand?post=257299"},{"taxonomy":"product_cat","embeddable":true,"href":"https:\/\/shopatoa.com\/ro\/wp-json\/wp\/v2\/product_cat?post=257299"},{"taxonomy":"product_tag","embeddable":true,"href":"https:\/\/shopatoa.com\/ro\/wp-json\/wp\/v2\/product_tag?post=257299"}],"curies":[{"name":"wp","href":"https:\/\/api.w.org\/{rel}","templated":true}]}}