{"id":257393,"date":"2025-04-26T11:16:29","date_gmt":"2025-04-26T09:16:29","guid":{"rendered":"https:\/\/shopatoa.com\/ro\/hlavin-lavilin-72-stick-deodorant-efect-de-72-de-ore-50-ml\/"},"modified":"2025-12-10T00:54:17","modified_gmt":"2025-12-09T23:54:17","slug":"hlavin-lavilin-72-stick-deodorant-efect-de-72-de-ore-50-ml","status":"publish","type":"product","link":"https:\/\/shopatoa.com\/ro\/hlavin-lavilin-72-stick-deodorant-efect-de-72-de-ore-50-ml\/","title":{"rendered":"Hlavin LAVILIN 72 Stick Deodorant (efect de 72 de ore) 50 ml"},"content":{"rendered":"<p>Deodorant solid revolu\u021bionar la subra\u021b pentru b\u0103rba\u021bi \u0219i femei, f\u0103r\u0103 alcool, aluminiu \u0219i parabeni. O singur\u0103 aplicare elimin\u0103 complet mirosul de transpira\u021bie timp de p\u00e2n\u0103 la 72 de ore! Nu este nevoie s\u0103 aplica\u021bi din nou dup\u0103 baie, exerci\u021bii sau activit\u0103\u021bi intense. Este rezistent la ap\u0103. Ideal pentru sportivi. Deodorantul ac\u021bioneaz\u0103 pe suprafa\u021ba pielii. Ofer\u0103 o protec\u021bie eficient\u0103 de lung\u0103 durat\u0103 \u00eempotriva mirosului de transpira\u021bie. Nu interfereaz\u0103 cu func\u021biile normale ale corpului. Mecanismele de reglare \u0219i eliminare a temperaturii func\u021bioneaz\u0103 \u00een mod natural. Nu con\u021bine substan\u021be chimice dure. Absoarbe umezeala pentru o senza\u021bie u\u0219oar\u0103 \u0219i pl\u0103cut\u0103 de prospe\u021bime \u0219i uscare.<\/p>\n","protected":false},"excerpt":{"rendered":"<p>Deodorant solid revolu\u021bionar la subra\u021b pentru b\u0103rba\u021bi \u0219i femei, f\u0103r\u0103 alcool, aluminiu \u0219i parabeni. O singur\u0103 aplicare elimin\u0103 complet mirosul de transpira\u021bie timp de p\u00e2n\u0103 la 72 de ore! Nu este nevoie s\u0103 aplica\u021bi din nou dup\u0103 baie, exerci\u021bii sau activit\u0103\u021bi intense. Este rezistent la ap\u0103. Ideal pentru sportivi. Deodorantul ac\u021bioneaz\u0103 pe suprafa\u021ba pielii. Ofer\u0103&#8230;<\/p>\n","protected":false},"featured_media":257394,"comment_status":"closed","ping_status":"open","template":"","meta":{"_acf_changed":false,"_kadence_starter_templates_imported_post":false,"_kad_post_transparent":"","_kad_post_title":"","_kad_post_layout":"","_kad_post_sidebar_id":"","_kad_post_content_style":"","_kad_post_vertical_padding":"","_kad_post_feature":"","_kad_post_feature_position":"","_kad_post_header":false,"_kad_post_footer":false,"_kad_post_classname":""},"product_brand":[438],"product_cat":[246],"product_tag":[],"class_list":{"0":"post-257393","1":"product","2":"type-product","3":"status-publish","4":"has-post-thumbnail","6":"product_brand-hlavin","7":"product_cat-cosmetice","9":"first","10":"instock","11":"product-type-external","12":"entry","13":"content-bg","14":"loop-entry"},"acf":[],"yoast_head":"<!-- This site is optimized with the Yoast SEO plugin v27.4 - https:\/\/yoast.com\/product\/yoast-seo-wordpress\/ -->\n<title>Hlavin LAVILIN 72 Stick Deodorant (efect de 72 de ore) 50 ml - SHOPATOA.COM<\/title>\n<meta name=\"robots\" content=\"index, follow, max-snippet:-1, max-image-preview:large, max-video-preview:-1\" \/>\n<link rel=\"canonical\" href=\"https:\/\/shopatoa.com\/ro\/hlavin-lavilin-72-stick-deodorant-efect-de-72-de-ore-50-ml\/\" \/>\n<meta property=\"og:locale\" content=\"ro_RO\" \/>\n<meta property=\"og:type\" content=\"article\" \/>\n<meta property=\"og:title\" content=\"Hlavin LAVILIN 72 Stick Deodorant (efect de 72 de ore) 50 ml - SHOPATOA.COM\" \/>\n<meta property=\"og:description\" content=\"Deodorant solid revolu\u021bionar la subra\u021b pentru b\u0103rba\u021bi \u0219i femei, f\u0103r\u0103 alcool, aluminiu \u0219i parabeni. O singur\u0103 aplicare elimin\u0103 complet mirosul de transpira\u021bie timp de p\u00e2n\u0103 la 72 de ore! Nu este nevoie s\u0103 aplica\u021bi din nou dup\u0103 baie, exerci\u021bii sau activit\u0103\u021bi intense. Este rezistent la ap\u0103. Ideal pentru sportivi. Deodorantul ac\u021bioneaz\u0103 pe suprafa\u021ba pielii. Ofer\u0103...\" \/>\n<meta property=\"og:url\" content=\"https:\/\/shopatoa.com\/ro\/hlavin-lavilin-72-stick-deodorant-efect-de-72-de-ore-50-ml\/\" \/>\n<meta property=\"og:site_name\" content=\"SHOPATOA\" \/>\n<meta property=\"article:modified_time\" content=\"2025-12-09T23:54:17+00:00\" \/>\n<meta property=\"og:image\" content=\"https:\/\/storage.googleapis.com\/cz-shopatoa-img\/ro\/f26cf611-unnamed-file.webp\" \/>\n\t<meta property=\"og:image:width\" content=\"800\" \/>\n\t<meta property=\"og:image:height\" content=\"800\" \/>\n\t<meta property=\"og:image:type\" content=\"image\/webp\" \/>\n<meta name=\"twitter:card\" content=\"summary_large_image\" \/>\n<meta name=\"twitter:label1\" content=\"Timp estimat pentru citire\" \/>\n\t<meta name=\"twitter:data1\" content=\"1 minut\" \/>\n<script type=\"application\/ld+json\" class=\"yoast-schema-graph\">{\"@context\":\"https:\\\/\\\/schema.org\",\"@graph\":[{\"@type\":\"WebPage\",\"@id\":\"https:\\\/\\\/shopatoa.com\\\/ro\\\/hlavin-lavilin-72-stick-deodorant-efect-de-72-de-ore-50-ml\\\/\",\"url\":\"https:\\\/\\\/shopatoa.com\\\/ro\\\/hlavin-lavilin-72-stick-deodorant-efect-de-72-de-ore-50-ml\\\/\",\"name\":\"Hlavin LAVILIN 72 Stick Deodorant (efect de 72 de ore) 50 ml - SHOPATOA.COM\",\"isPartOf\":{\"@id\":\"https:\\\/\\\/shopatoa.com\\\/ro\\\/#website\"},\"primaryImageOfPage\":{\"@id\":\"https:\\\/\\\/shopatoa.com\\\/ro\\\/hlavin-lavilin-72-stick-deodorant-efect-de-72-de-ore-50-ml\\\/#primaryimage\"},\"image\":{\"@id\":\"https:\\\/\\\/shopatoa.com\\\/ro\\\/hlavin-lavilin-72-stick-deodorant-efect-de-72-de-ore-50-ml\\\/#primaryimage\"},\"thumbnailUrl\":\"https:\\\/\\\/storage.googleapis.com\\\/cz-shopatoa-img\\\/ro\\\/f26cf611-unnamed-file.webp\",\"datePublished\":\"2025-04-26T09:16:29+00:00\",\"dateModified\":\"2025-12-09T23:54:17+00:00\",\"breadcrumb\":{\"@id\":\"https:\\\/\\\/shopatoa.com\\\/ro\\\/hlavin-lavilin-72-stick-deodorant-efect-de-72-de-ore-50-ml\\\/#breadcrumb\"},\"inLanguage\":\"ro-RO\",\"potentialAction\":[{\"@type\":\"ReadAction\",\"target\":[\"https:\\\/\\\/shopatoa.com\\\/ro\\\/hlavin-lavilin-72-stick-deodorant-efect-de-72-de-ore-50-ml\\\/\"]}]},{\"@type\":\"ImageObject\",\"inLanguage\":\"ro-RO\",\"@id\":\"https:\\\/\\\/shopatoa.com\\\/ro\\\/hlavin-lavilin-72-stick-deodorant-efect-de-72-de-ore-50-ml\\\/#primaryimage\",\"url\":\"https:\\\/\\\/storage.googleapis.com\\\/cz-shopatoa-img\\\/ro\\\/f26cf611-unnamed-file.webp\",\"contentUrl\":\"https:\\\/\\\/storage.googleapis.com\\\/cz-shopatoa-img\\\/ro\\\/f26cf611-unnamed-file.webp\",\"width\":800,\"height\":800},{\"@type\":\"BreadcrumbList\",\"@id\":\"https:\\\/\\\/shopatoa.com\\\/ro\\\/hlavin-lavilin-72-stick-deodorant-efect-de-72-de-ore-50-ml\\\/#breadcrumb\",\"itemListElement\":[{\"@type\":\"ListItem\",\"position\":1,\"name\":\"Dom\u016f\",\"item\":\"https:\\\/\\\/shopatoa.com\\\/ro\\\/\"},{\"@type\":\"ListItem\",\"position\":2,\"name\":\"Shop\",\"item\":\"https:\\\/\\\/shopatoa.com\\\/ro\\\/shop\\\/\"},{\"@type\":\"ListItem\",\"position\":3,\"name\":\"Cosmetice\",\"item\":\"https:\\\/\\\/shopatoa.com\\\/ro\\\/cosmetice\\\/\"},{\"@type\":\"ListItem\",\"position\":4,\"name\":\"Hlavin LAVILIN 72 Stick Deodorant (efect de 72 de ore) 50 ml\"}]},{\"@type\":\"WebSite\",\"@id\":\"https:\\\/\\\/shopatoa.com\\\/ro\\\/#website\",\"url\":\"https:\\\/\\\/shopatoa.com\\\/ro\\\/\",\"name\":\"SHOPATOA\",\"description\":\"\",\"publisher\":{\"@id\":\"https:\\\/\\\/shopatoa.com\\\/ro\\\/#organization\"},\"potentialAction\":[{\"@type\":\"SearchAction\",\"target\":{\"@type\":\"EntryPoint\",\"urlTemplate\":\"https:\\\/\\\/shopatoa.com\\\/ro\\\/?s={search_term_string}\"},\"query-input\":{\"@type\":\"PropertyValueSpecification\",\"valueRequired\":true,\"valueName\":\"search_term_string\"}}],\"inLanguage\":\"ro-RO\"},{\"@type\":\"Organization\",\"@id\":\"https:\\\/\\\/shopatoa.com\\\/ro\\\/#organization\",\"name\":\"SHOPATOA\",\"url\":\"https:\\\/\\\/shopatoa.com\\\/ro\\\/\",\"logo\":{\"@type\":\"ImageObject\",\"inLanguage\":\"ro-RO\",\"@id\":\"https:\\\/\\\/shopatoa.com\\\/ro\\\/#\\\/schema\\\/logo\\\/image\\\/\",\"url\":\"https:\\\/\\\/storage.googleapis.com\\\/cz-shopatoa-img\\\/ro\\\/b4dac915-shopatoa_logo.png\",\"contentUrl\":\"https:\\\/\\\/storage.googleapis.com\\\/cz-shopatoa-img\\\/ro\\\/b4dac915-shopatoa_logo.png\",\"width\":416,\"height\":63,\"caption\":\"SHOPATOA\"},\"image\":{\"@id\":\"https:\\\/\\\/shopatoa.com\\\/ro\\\/#\\\/schema\\\/logo\\\/image\\\/\"}}]}<\/script>\n<!-- \/ Yoast SEO plugin. -->","yoast_head_json":{"title":"Hlavin LAVILIN 72 Stick Deodorant (efect de 72 de ore) 50 ml - SHOPATOA.COM","robots":{"index":"index","follow":"follow","max-snippet":"max-snippet:-1","max-image-preview":"max-image-preview:large","max-video-preview":"max-video-preview:-1"},"canonical":"https:\/\/shopatoa.com\/ro\/hlavin-lavilin-72-stick-deodorant-efect-de-72-de-ore-50-ml\/","og_locale":"ro_RO","og_type":"article","og_title":"Hlavin LAVILIN 72 Stick Deodorant (efect de 72 de ore) 50 ml - SHOPATOA.COM","og_description":"Deodorant solid revolu\u021bionar la subra\u021b pentru b\u0103rba\u021bi \u0219i femei, f\u0103r\u0103 alcool, aluminiu \u0219i parabeni. O singur\u0103 aplicare elimin\u0103 complet mirosul de transpira\u021bie timp de p\u00e2n\u0103 la 72 de ore! Nu este nevoie s\u0103 aplica\u021bi din nou dup\u0103 baie, exerci\u021bii sau activit\u0103\u021bi intense. Este rezistent la ap\u0103. Ideal pentru sportivi. Deodorantul ac\u021bioneaz\u0103 pe suprafa\u021ba pielii. Ofer\u0103...","og_url":"https:\/\/shopatoa.com\/ro\/hlavin-lavilin-72-stick-deodorant-efect-de-72-de-ore-50-ml\/","og_site_name":"SHOPATOA","article_modified_time":"2025-12-09T23:54:17+00:00","og_image":[{"width":800,"height":800,"url":"https:\/\/storage.googleapis.com\/cz-shopatoa-img\/ro\/f26cf611-unnamed-file.webp","type":"image\/webp"}],"twitter_card":"summary_large_image","twitter_misc":{"Timp estimat pentru citire":"1 minut"},"schema":{"@context":"https:\/\/schema.org","@graph":[{"@type":"WebPage","@id":"https:\/\/shopatoa.com\/ro\/hlavin-lavilin-72-stick-deodorant-efect-de-72-de-ore-50-ml\/","url":"https:\/\/shopatoa.com\/ro\/hlavin-lavilin-72-stick-deodorant-efect-de-72-de-ore-50-ml\/","name":"Hlavin LAVILIN 72 Stick Deodorant (efect de 72 de ore) 50 ml - SHOPATOA.COM","isPartOf":{"@id":"https:\/\/shopatoa.com\/ro\/#website"},"primaryImageOfPage":{"@id":"https:\/\/shopatoa.com\/ro\/hlavin-lavilin-72-stick-deodorant-efect-de-72-de-ore-50-ml\/#primaryimage"},"image":{"@id":"https:\/\/shopatoa.com\/ro\/hlavin-lavilin-72-stick-deodorant-efect-de-72-de-ore-50-ml\/#primaryimage"},"thumbnailUrl":"https:\/\/storage.googleapis.com\/cz-shopatoa-img\/ro\/f26cf611-unnamed-file.webp","datePublished":"2025-04-26T09:16:29+00:00","dateModified":"2025-12-09T23:54:17+00:00","breadcrumb":{"@id":"https:\/\/shopatoa.com\/ro\/hlavin-lavilin-72-stick-deodorant-efect-de-72-de-ore-50-ml\/#breadcrumb"},"inLanguage":"ro-RO","potentialAction":[{"@type":"ReadAction","target":["https:\/\/shopatoa.com\/ro\/hlavin-lavilin-72-stick-deodorant-efect-de-72-de-ore-50-ml\/"]}]},{"@type":"ImageObject","inLanguage":"ro-RO","@id":"https:\/\/shopatoa.com\/ro\/hlavin-lavilin-72-stick-deodorant-efect-de-72-de-ore-50-ml\/#primaryimage","url":"https:\/\/storage.googleapis.com\/cz-shopatoa-img\/ro\/f26cf611-unnamed-file.webp","contentUrl":"https:\/\/storage.googleapis.com\/cz-shopatoa-img\/ro\/f26cf611-unnamed-file.webp","width":800,"height":800},{"@type":"BreadcrumbList","@id":"https:\/\/shopatoa.com\/ro\/hlavin-lavilin-72-stick-deodorant-efect-de-72-de-ore-50-ml\/#breadcrumb","itemListElement":[{"@type":"ListItem","position":1,"name":"Dom\u016f","item":"https:\/\/shopatoa.com\/ro\/"},{"@type":"ListItem","position":2,"name":"Shop","item":"https:\/\/shopatoa.com\/ro\/shop\/"},{"@type":"ListItem","position":3,"name":"Cosmetice","item":"https:\/\/shopatoa.com\/ro\/cosmetice\/"},{"@type":"ListItem","position":4,"name":"Hlavin LAVILIN 72 Stick Deodorant (efect de 72 de ore) 50 ml"}]},{"@type":"WebSite","@id":"https:\/\/shopatoa.com\/ro\/#website","url":"https:\/\/shopatoa.com\/ro\/","name":"SHOPATOA","description":"","publisher":{"@id":"https:\/\/shopatoa.com\/ro\/#organization"},"potentialAction":[{"@type":"SearchAction","target":{"@type":"EntryPoint","urlTemplate":"https:\/\/shopatoa.com\/ro\/?s={search_term_string}"},"query-input":{"@type":"PropertyValueSpecification","valueRequired":true,"valueName":"search_term_string"}}],"inLanguage":"ro-RO"},{"@type":"Organization","@id":"https:\/\/shopatoa.com\/ro\/#organization","name":"SHOPATOA","url":"https:\/\/shopatoa.com\/ro\/","logo":{"@type":"ImageObject","inLanguage":"ro-RO","@id":"https:\/\/shopatoa.com\/ro\/#\/schema\/logo\/image\/","url":"https:\/\/storage.googleapis.com\/cz-shopatoa-img\/ro\/b4dac915-shopatoa_logo.png","contentUrl":"https:\/\/storage.googleapis.com\/cz-shopatoa-img\/ro\/b4dac915-shopatoa_logo.png","width":416,"height":63,"caption":"SHOPATOA"},"image":{"@id":"https:\/\/shopatoa.com\/ro\/#\/schema\/logo\/image\/"}}]}},"_links":{"self":[{"href":"https:\/\/shopatoa.com\/ro\/wp-json\/wp\/v2\/product\/257393","targetHints":{"allow":["GET"]}}],"collection":[{"href":"https:\/\/shopatoa.com\/ro\/wp-json\/wp\/v2\/product"}],"about":[{"href":"https:\/\/shopatoa.com\/ro\/wp-json\/wp\/v2\/types\/product"}],"replies":[{"embeddable":true,"href":"https:\/\/shopatoa.com\/ro\/wp-json\/wp\/v2\/comments?post=257393"}],"wp:featuredmedia":[{"embeddable":true,"href":"https:\/\/shopatoa.com\/ro\/wp-json\/wp\/v2\/media\/257394"}],"wp:attachment":[{"href":"https:\/\/shopatoa.com\/ro\/wp-json\/wp\/v2\/media?parent=257393"}],"wp:term":[{"taxonomy":"product_brand","embeddable":true,"href":"https:\/\/shopatoa.com\/ro\/wp-json\/wp\/v2\/product_brand?post=257393"},{"taxonomy":"product_cat","embeddable":true,"href":"https:\/\/shopatoa.com\/ro\/wp-json\/wp\/v2\/product_cat?post=257393"},{"taxonomy":"product_tag","embeddable":true,"href":"https:\/\/shopatoa.com\/ro\/wp-json\/wp\/v2\/product_tag?post=257393"}],"curies":[{"name":"wp","href":"https:\/\/api.w.org\/{rel}","templated":true}]}}