{"id":257487,"date":"2025-04-26T11:46:50","date_gmt":"2025-04-26T09:46:50","guid":{"rendered":"https:\/\/shopatoa.com\/ro\/milk-shake-produs-multifunctional-pentru-par-blow-dry-primer-200-ml\/"},"modified":"2025-12-10T00:42:47","modified_gmt":"2025-12-09T23:42:47","slug":"milk-shake-produs-multifunctional-pentru-par-blow-dry-primer-200-ml","status":"publish","type":"product","link":"https:\/\/shopatoa.com\/ro\/milk-shake-produs-multifunctional-pentru-par-blow-dry-primer-200-ml\/","title":{"rendered":"Milk Shake Produs multifunc\u021bional pentru p\u0103r (Blow Dry Primer) 200 ml"},"content":{"rendered":"<p>Un preparat multifunc\u021bional care preg\u0103te\u0219te p\u0103rul pentru procedurile de coafare, \u00eel protejeaz\u0103 de temperaturile ridicate \u0219i asigur\u0103 un efect perfect. Con\u021bine proteine din lapte \u0219i extracte naturale de fructe care hr\u0103nesc \u0219i hidrateaz\u0103 p\u0103rul \u0219i filtre UV care protejeaz\u0103 p\u0103rul de lumina soarelui. Rezultatul este un p\u0103r plin de volum, f\u0103r\u0103 \u00eencre\u021bire.<\/p>\n","protected":false},"excerpt":{"rendered":"<p>Un preparat multifunc\u021bional care preg\u0103te\u0219te p\u0103rul pentru procedurile de coafare, \u00eel protejeaz\u0103 de temperaturile ridicate \u0219i asigur\u0103 un efect perfect. Con\u021bine proteine din lapte \u0219i extracte naturale de fructe care hr\u0103nesc \u0219i hidrateaz\u0103 p\u0103rul \u0219i filtre UV care protejeaz\u0103 p\u0103rul de lumina soarelui. Rezultatul este un p\u0103r plin de volum, f\u0103r\u0103 \u00eencre\u021bire.<\/p>\n","protected":false},"featured_media":257488,"comment_status":"closed","ping_status":"open","template":"","meta":{"_acf_changed":false,"_kadence_starter_templates_imported_post":false,"_kad_post_transparent":"","_kad_post_title":"","_kad_post_layout":"","_kad_post_sidebar_id":"","_kad_post_content_style":"","_kad_post_vertical_padding":"","_kad_post_feature":"","_kad_post_feature_position":"","_kad_post_header":false,"_kad_post_footer":false,"_kad_post_classname":""},"product_brand":[856],"product_cat":[246,623,779],"product_tag":[],"class_list":{"0":"post-257487","1":"product","2":"type-product","3":"status-publish","4":"has-post-thumbnail","6":"product_brand-milk-shake","7":"product_cat-cosmetice","8":"product_cat-produse-cosmetice-pentru-par","9":"product_cat-protectie-termica-a-parului","11":"first","12":"instock","13":"product-type-external","14":"entry","15":"content-bg","16":"loop-entry"},"acf":[],"yoast_head":"<!-- This site is optimized with the Yoast SEO plugin v27.4 - https:\/\/yoast.com\/product\/yoast-seo-wordpress\/ -->\n<title>Milk Shake Produs multifunc\u021bional pentru p\u0103r (Blow Dry Primer) 200 ml - SHOPATOA.COM<\/title>\n<meta name=\"robots\" content=\"index, follow, max-snippet:-1, max-image-preview:large, max-video-preview:-1\" \/>\n<link rel=\"canonical\" href=\"https:\/\/shopatoa.com\/ro\/milk-shake-produs-multifunctional-pentru-par-blow-dry-primer-200-ml\/\" \/>\n<meta property=\"og:locale\" content=\"ro_RO\" \/>\n<meta property=\"og:type\" content=\"article\" \/>\n<meta property=\"og:title\" content=\"Milk Shake Produs multifunc\u021bional pentru p\u0103r (Blow Dry Primer) 200 ml - SHOPATOA.COM\" \/>\n<meta property=\"og:description\" content=\"Un preparat multifunc\u021bional care preg\u0103te\u0219te p\u0103rul pentru procedurile de coafare, \u00eel protejeaz\u0103 de temperaturile ridicate \u0219i asigur\u0103 un efect perfect. Con\u021bine proteine din lapte \u0219i extracte naturale de fructe care hr\u0103nesc \u0219i hidrateaz\u0103 p\u0103rul \u0219i filtre UV care protejeaz\u0103 p\u0103rul de lumina soarelui. Rezultatul este un p\u0103r plin de volum, f\u0103r\u0103 \u00eencre\u021bire.\" \/>\n<meta property=\"og:url\" content=\"https:\/\/shopatoa.com\/ro\/milk-shake-produs-multifunctional-pentru-par-blow-dry-primer-200-ml\/\" \/>\n<meta property=\"og:site_name\" content=\"SHOPATOA\" \/>\n<meta property=\"article:modified_time\" content=\"2025-12-09T23:42:47+00:00\" \/>\n<meta property=\"og:image\" content=\"https:\/\/storage.googleapis.com\/cz-shopatoa-img\/ro\/7d7d0eaf-unnamed-file.webp\" \/>\n\t<meta property=\"og:image:width\" content=\"800\" \/>\n\t<meta property=\"og:image:height\" content=\"800\" \/>\n\t<meta property=\"og:image:type\" content=\"image\/webp\" \/>\n<meta name=\"twitter:card\" content=\"summary_large_image\" \/>\n<script type=\"application\/ld+json\" class=\"yoast-schema-graph\">{\"@context\":\"https:\\\/\\\/schema.org\",\"@graph\":[{\"@type\":\"WebPage\",\"@id\":\"https:\\\/\\\/shopatoa.com\\\/ro\\\/milk-shake-produs-multifunctional-pentru-par-blow-dry-primer-200-ml\\\/\",\"url\":\"https:\\\/\\\/shopatoa.com\\\/ro\\\/milk-shake-produs-multifunctional-pentru-par-blow-dry-primer-200-ml\\\/\",\"name\":\"Milk Shake Produs multifunc\u021bional pentru p\u0103r (Blow Dry Primer) 200 ml - SHOPATOA.COM\",\"isPartOf\":{\"@id\":\"https:\\\/\\\/shopatoa.com\\\/ro\\\/#website\"},\"primaryImageOfPage\":{\"@id\":\"https:\\\/\\\/shopatoa.com\\\/ro\\\/milk-shake-produs-multifunctional-pentru-par-blow-dry-primer-200-ml\\\/#primaryimage\"},\"image\":{\"@id\":\"https:\\\/\\\/shopatoa.com\\\/ro\\\/milk-shake-produs-multifunctional-pentru-par-blow-dry-primer-200-ml\\\/#primaryimage\"},\"thumbnailUrl\":\"https:\\\/\\\/storage.googleapis.com\\\/cz-shopatoa-img\\\/ro\\\/7d7d0eaf-unnamed-file.webp\",\"datePublished\":\"2025-04-26T09:46:50+00:00\",\"dateModified\":\"2025-12-09T23:42:47+00:00\",\"breadcrumb\":{\"@id\":\"https:\\\/\\\/shopatoa.com\\\/ro\\\/milk-shake-produs-multifunctional-pentru-par-blow-dry-primer-200-ml\\\/#breadcrumb\"},\"inLanguage\":\"ro-RO\",\"potentialAction\":[{\"@type\":\"ReadAction\",\"target\":[\"https:\\\/\\\/shopatoa.com\\\/ro\\\/milk-shake-produs-multifunctional-pentru-par-blow-dry-primer-200-ml\\\/\"]}]},{\"@type\":\"ImageObject\",\"inLanguage\":\"ro-RO\",\"@id\":\"https:\\\/\\\/shopatoa.com\\\/ro\\\/milk-shake-produs-multifunctional-pentru-par-blow-dry-primer-200-ml\\\/#primaryimage\",\"url\":\"https:\\\/\\\/storage.googleapis.com\\\/cz-shopatoa-img\\\/ro\\\/7d7d0eaf-unnamed-file.webp\",\"contentUrl\":\"https:\\\/\\\/storage.googleapis.com\\\/cz-shopatoa-img\\\/ro\\\/7d7d0eaf-unnamed-file.webp\",\"width\":800,\"height\":800},{\"@type\":\"BreadcrumbList\",\"@id\":\"https:\\\/\\\/shopatoa.com\\\/ro\\\/milk-shake-produs-multifunctional-pentru-par-blow-dry-primer-200-ml\\\/#breadcrumb\",\"itemListElement\":[{\"@type\":\"ListItem\",\"position\":1,\"name\":\"Dom\u016f\",\"item\":\"https:\\\/\\\/shopatoa.com\\\/ro\\\/\"},{\"@type\":\"ListItem\",\"position\":2,\"name\":\"Shop\",\"item\":\"https:\\\/\\\/shopatoa.com\\\/ro\\\/shop\\\/\"},{\"@type\":\"ListItem\",\"position\":3,\"name\":\"Cosmetice\",\"item\":\"https:\\\/\\\/shopatoa.com\\\/ro\\\/cosmetice\\\/\"},{\"@type\":\"ListItem\",\"position\":4,\"name\":\"Produse cosmetice pentru p\u0103r\",\"item\":\"https:\\\/\\\/shopatoa.com\\\/ro\\\/produse-cosmetice-pentru-par\\\/\"},{\"@type\":\"ListItem\",\"position\":5,\"name\":\"Protec\u021bie termic\u0103 a p\u0103rului\",\"item\":\"https:\\\/\\\/shopatoa.com\\\/ro\\\/protectie-termica-a-parului\\\/\"},{\"@type\":\"ListItem\",\"position\":6,\"name\":\"Milk Shake Produs multifunc\u021bional pentru p\u0103r (Blow Dry Primer) 200 ml\"}]},{\"@type\":\"WebSite\",\"@id\":\"https:\\\/\\\/shopatoa.com\\\/ro\\\/#website\",\"url\":\"https:\\\/\\\/shopatoa.com\\\/ro\\\/\",\"name\":\"SHOPATOA\",\"description\":\"\",\"publisher\":{\"@id\":\"https:\\\/\\\/shopatoa.com\\\/ro\\\/#organization\"},\"potentialAction\":[{\"@type\":\"SearchAction\",\"target\":{\"@type\":\"EntryPoint\",\"urlTemplate\":\"https:\\\/\\\/shopatoa.com\\\/ro\\\/?s={search_term_string}\"},\"query-input\":{\"@type\":\"PropertyValueSpecification\",\"valueRequired\":true,\"valueName\":\"search_term_string\"}}],\"inLanguage\":\"ro-RO\"},{\"@type\":\"Organization\",\"@id\":\"https:\\\/\\\/shopatoa.com\\\/ro\\\/#organization\",\"name\":\"SHOPATOA\",\"url\":\"https:\\\/\\\/shopatoa.com\\\/ro\\\/\",\"logo\":{\"@type\":\"ImageObject\",\"inLanguage\":\"ro-RO\",\"@id\":\"https:\\\/\\\/shopatoa.com\\\/ro\\\/#\\\/schema\\\/logo\\\/image\\\/\",\"url\":\"https:\\\/\\\/storage.googleapis.com\\\/cz-shopatoa-img\\\/ro\\\/b4dac915-shopatoa_logo.png\",\"contentUrl\":\"https:\\\/\\\/storage.googleapis.com\\\/cz-shopatoa-img\\\/ro\\\/b4dac915-shopatoa_logo.png\",\"width\":416,\"height\":63,\"caption\":\"SHOPATOA\"},\"image\":{\"@id\":\"https:\\\/\\\/shopatoa.com\\\/ro\\\/#\\\/schema\\\/logo\\\/image\\\/\"}}]}<\/script>\n<!-- \/ Yoast SEO plugin. -->","yoast_head_json":{"title":"Milk Shake Produs multifunc\u021bional pentru p\u0103r (Blow Dry Primer) 200 ml - SHOPATOA.COM","robots":{"index":"index","follow":"follow","max-snippet":"max-snippet:-1","max-image-preview":"max-image-preview:large","max-video-preview":"max-video-preview:-1"},"canonical":"https:\/\/shopatoa.com\/ro\/milk-shake-produs-multifunctional-pentru-par-blow-dry-primer-200-ml\/","og_locale":"ro_RO","og_type":"article","og_title":"Milk Shake Produs multifunc\u021bional pentru p\u0103r (Blow Dry Primer) 200 ml - SHOPATOA.COM","og_description":"Un preparat multifunc\u021bional care preg\u0103te\u0219te p\u0103rul pentru procedurile de coafare, \u00eel protejeaz\u0103 de temperaturile ridicate \u0219i asigur\u0103 un efect perfect. Con\u021bine proteine din lapte \u0219i extracte naturale de fructe care hr\u0103nesc \u0219i hidrateaz\u0103 p\u0103rul \u0219i filtre UV care protejeaz\u0103 p\u0103rul de lumina soarelui. Rezultatul este un p\u0103r plin de volum, f\u0103r\u0103 \u00eencre\u021bire.","og_url":"https:\/\/shopatoa.com\/ro\/milk-shake-produs-multifunctional-pentru-par-blow-dry-primer-200-ml\/","og_site_name":"SHOPATOA","article_modified_time":"2025-12-09T23:42:47+00:00","og_image":[{"width":800,"height":800,"url":"https:\/\/storage.googleapis.com\/cz-shopatoa-img\/ro\/7d7d0eaf-unnamed-file.webp","type":"image\/webp"}],"twitter_card":"summary_large_image","schema":{"@context":"https:\/\/schema.org","@graph":[{"@type":"WebPage","@id":"https:\/\/shopatoa.com\/ro\/milk-shake-produs-multifunctional-pentru-par-blow-dry-primer-200-ml\/","url":"https:\/\/shopatoa.com\/ro\/milk-shake-produs-multifunctional-pentru-par-blow-dry-primer-200-ml\/","name":"Milk Shake Produs multifunc\u021bional pentru p\u0103r (Blow Dry Primer) 200 ml - SHOPATOA.COM","isPartOf":{"@id":"https:\/\/shopatoa.com\/ro\/#website"},"primaryImageOfPage":{"@id":"https:\/\/shopatoa.com\/ro\/milk-shake-produs-multifunctional-pentru-par-blow-dry-primer-200-ml\/#primaryimage"},"image":{"@id":"https:\/\/shopatoa.com\/ro\/milk-shake-produs-multifunctional-pentru-par-blow-dry-primer-200-ml\/#primaryimage"},"thumbnailUrl":"https:\/\/storage.googleapis.com\/cz-shopatoa-img\/ro\/7d7d0eaf-unnamed-file.webp","datePublished":"2025-04-26T09:46:50+00:00","dateModified":"2025-12-09T23:42:47+00:00","breadcrumb":{"@id":"https:\/\/shopatoa.com\/ro\/milk-shake-produs-multifunctional-pentru-par-blow-dry-primer-200-ml\/#breadcrumb"},"inLanguage":"ro-RO","potentialAction":[{"@type":"ReadAction","target":["https:\/\/shopatoa.com\/ro\/milk-shake-produs-multifunctional-pentru-par-blow-dry-primer-200-ml\/"]}]},{"@type":"ImageObject","inLanguage":"ro-RO","@id":"https:\/\/shopatoa.com\/ro\/milk-shake-produs-multifunctional-pentru-par-blow-dry-primer-200-ml\/#primaryimage","url":"https:\/\/storage.googleapis.com\/cz-shopatoa-img\/ro\/7d7d0eaf-unnamed-file.webp","contentUrl":"https:\/\/storage.googleapis.com\/cz-shopatoa-img\/ro\/7d7d0eaf-unnamed-file.webp","width":800,"height":800},{"@type":"BreadcrumbList","@id":"https:\/\/shopatoa.com\/ro\/milk-shake-produs-multifunctional-pentru-par-blow-dry-primer-200-ml\/#breadcrumb","itemListElement":[{"@type":"ListItem","position":1,"name":"Dom\u016f","item":"https:\/\/shopatoa.com\/ro\/"},{"@type":"ListItem","position":2,"name":"Shop","item":"https:\/\/shopatoa.com\/ro\/shop\/"},{"@type":"ListItem","position":3,"name":"Cosmetice","item":"https:\/\/shopatoa.com\/ro\/cosmetice\/"},{"@type":"ListItem","position":4,"name":"Produse cosmetice pentru p\u0103r","item":"https:\/\/shopatoa.com\/ro\/produse-cosmetice-pentru-par\/"},{"@type":"ListItem","position":5,"name":"Protec\u021bie termic\u0103 a p\u0103rului","item":"https:\/\/shopatoa.com\/ro\/protectie-termica-a-parului\/"},{"@type":"ListItem","position":6,"name":"Milk Shake Produs multifunc\u021bional pentru p\u0103r (Blow Dry Primer) 200 ml"}]},{"@type":"WebSite","@id":"https:\/\/shopatoa.com\/ro\/#website","url":"https:\/\/shopatoa.com\/ro\/","name":"SHOPATOA","description":"","publisher":{"@id":"https:\/\/shopatoa.com\/ro\/#organization"},"potentialAction":[{"@type":"SearchAction","target":{"@type":"EntryPoint","urlTemplate":"https:\/\/shopatoa.com\/ro\/?s={search_term_string}"},"query-input":{"@type":"PropertyValueSpecification","valueRequired":true,"valueName":"search_term_string"}}],"inLanguage":"ro-RO"},{"@type":"Organization","@id":"https:\/\/shopatoa.com\/ro\/#organization","name":"SHOPATOA","url":"https:\/\/shopatoa.com\/ro\/","logo":{"@type":"ImageObject","inLanguage":"ro-RO","@id":"https:\/\/shopatoa.com\/ro\/#\/schema\/logo\/image\/","url":"https:\/\/storage.googleapis.com\/cz-shopatoa-img\/ro\/b4dac915-shopatoa_logo.png","contentUrl":"https:\/\/storage.googleapis.com\/cz-shopatoa-img\/ro\/b4dac915-shopatoa_logo.png","width":416,"height":63,"caption":"SHOPATOA"},"image":{"@id":"https:\/\/shopatoa.com\/ro\/#\/schema\/logo\/image\/"}}]}},"_links":{"self":[{"href":"https:\/\/shopatoa.com\/ro\/wp-json\/wp\/v2\/product\/257487","targetHints":{"allow":["GET"]}}],"collection":[{"href":"https:\/\/shopatoa.com\/ro\/wp-json\/wp\/v2\/product"}],"about":[{"href":"https:\/\/shopatoa.com\/ro\/wp-json\/wp\/v2\/types\/product"}],"replies":[{"embeddable":true,"href":"https:\/\/shopatoa.com\/ro\/wp-json\/wp\/v2\/comments?post=257487"}],"wp:featuredmedia":[{"embeddable":true,"href":"https:\/\/shopatoa.com\/ro\/wp-json\/wp\/v2\/media\/257488"}],"wp:attachment":[{"href":"https:\/\/shopatoa.com\/ro\/wp-json\/wp\/v2\/media?parent=257487"}],"wp:term":[{"taxonomy":"product_brand","embeddable":true,"href":"https:\/\/shopatoa.com\/ro\/wp-json\/wp\/v2\/product_brand?post=257487"},{"taxonomy":"product_cat","embeddable":true,"href":"https:\/\/shopatoa.com\/ro\/wp-json\/wp\/v2\/product_cat?post=257487"},{"taxonomy":"product_tag","embeddable":true,"href":"https:\/\/shopatoa.com\/ro\/wp-json\/wp\/v2\/product_tag?post=257487"}],"curies":[{"name":"wp","href":"https:\/\/api.w.org\/{rel}","templated":true}]}}