{"id":257511,"date":"2025-04-26T11:55:34","date_gmt":"2025-04-26T09:55:34","guid":{"rendered":"https:\/\/shopatoa.com\/ro\/bumble-and-bumble-corector-de-par-pentru-par-gri-si-bb-color-stick-root-coverup-35-g-black\/"},"modified":"2025-12-10T00:34:57","modified_gmt":"2025-12-09T23:34:57","slug":"bumble-and-bumble-corector-de-par-pentru-par-gri-si-bb-color-stick-root-coverup-35-g-black","status":"publish","type":"product","link":"https:\/\/shopatoa.com\/ro\/bumble-and-bumble-corector-de-par-pentru-par-gri-si-bb-color-stick-root-coverup-35-g-black\/","title":{"rendered":"Bumble and bumble Corector de p\u0103r pentru p\u0103r gri \u0219i BB. Color Stick (Root Coverup) 3,5 g Black"},"content":{"rendered":"<p>Corector care ascunde instantaneu firele de p\u0103r gri, revitalizeaz\u0103 \u0219i umple zonele r\u0103rite ale p\u0103rului. Cu o textur\u0103 catifelat\u0103, u\u0219or de amestecat, se integreaz\u0103 natural \u00een p\u0103r \u0219i ofer\u0103 o acoperire de lung\u0103 durat\u0103. Ideal pentru retu\u0219uri rapide oric\u00e2nd, oriunde.<\/p>\n","protected":false},"excerpt":{"rendered":"<p>Corector care ascunde instantaneu firele de p\u0103r gri, revitalizeaz\u0103 \u0219i umple zonele r\u0103rite ale p\u0103rului. Cu o textur\u0103 catifelat\u0103, u\u0219or de amestecat, se integreaz\u0103 natural \u00een p\u0103r \u0219i ofer\u0103 o acoperire de lung\u0103 durat\u0103. Ideal pentru retu\u0219uri rapide oric\u00e2nd, oriunde.<\/p>\n","protected":false},"featured_media":257512,"comment_status":"closed","ping_status":"open","template":"","meta":{"_acf_changed":false,"_kadence_starter_templates_imported_post":false,"_kad_post_transparent":"","_kad_post_title":"","_kad_post_layout":"","_kad_post_sidebar_id":"","_kad_post_content_style":"","_kad_post_vertical_padding":"","_kad_post_feature":"","_kad_post_feature_position":"","_kad_post_header":false,"_kad_post_footer":false,"_kad_post_classname":""},"product_brand":[857],"product_cat":[694,246,623],"product_tag":[],"class_list":{"0":"post-257511","1":"product","2":"type-product","3":"status-publish","4":"has-post-thumbnail","6":"product_brand-bumble-and-bumble","7":"product_cat-cosmetica-pentru-colorarea-parului","8":"product_cat-cosmetice","9":"product_cat-produse-cosmetice-pentru-par","11":"first","12":"instock","13":"sale","14":"product-type-external","15":"entry","16":"content-bg","17":"loop-entry"},"acf":[],"yoast_head":"<!-- This site is optimized with the Yoast SEO plugin v27.4 - https:\/\/yoast.com\/product\/yoast-seo-wordpress\/ -->\n<title>Bumble and bumble Corector de p\u0103r pentru p\u0103r gri \u0219i BB. Color Stick (Root Coverup) 3,5 g Black - SHOPATOA.COM<\/title>\n<meta name=\"robots\" content=\"index, follow, max-snippet:-1, max-image-preview:large, max-video-preview:-1\" \/>\n<link rel=\"canonical\" href=\"https:\/\/shopatoa.com\/ro\/bumble-and-bumble-corector-de-par-pentru-par-gri-si-bb-color-stick-root-coverup-35-g-black\/\" \/>\n<meta property=\"og:locale\" content=\"ro_RO\" \/>\n<meta property=\"og:type\" content=\"article\" \/>\n<meta property=\"og:title\" content=\"Bumble and bumble Corector de p\u0103r pentru p\u0103r gri \u0219i BB. Color Stick (Root Coverup) 3,5 g Black - SHOPATOA.COM\" \/>\n<meta property=\"og:description\" content=\"Corector care ascunde instantaneu firele de p\u0103r gri, revitalizeaz\u0103 \u0219i umple zonele r\u0103rite ale p\u0103rului. Cu o textur\u0103 catifelat\u0103, u\u0219or de amestecat, se integreaz\u0103 natural \u00een p\u0103r \u0219i ofer\u0103 o acoperire de lung\u0103 durat\u0103. Ideal pentru retu\u0219uri rapide oric\u00e2nd, oriunde.\" \/>\n<meta property=\"og:url\" content=\"https:\/\/shopatoa.com\/ro\/bumble-and-bumble-corector-de-par-pentru-par-gri-si-bb-color-stick-root-coverup-35-g-black\/\" \/>\n<meta property=\"og:site_name\" content=\"SHOPATOA\" \/>\n<meta property=\"article:modified_time\" content=\"2025-12-09T23:34:57+00:00\" \/>\n<meta property=\"og:image\" content=\"https:\/\/storage.googleapis.com\/cz-shopatoa-img\/ro\/6bc58774-unnamed-file.webp\" \/>\n\t<meta property=\"og:image:width\" content=\"800\" \/>\n\t<meta property=\"og:image:height\" content=\"800\" \/>\n\t<meta property=\"og:image:type\" content=\"image\/webp\" \/>\n<meta name=\"twitter:card\" content=\"summary_large_image\" \/>\n<script type=\"application\/ld+json\" class=\"yoast-schema-graph\">{\"@context\":\"https:\\\/\\\/schema.org\",\"@graph\":[{\"@type\":\"WebPage\",\"@id\":\"https:\\\/\\\/shopatoa.com\\\/ro\\\/bumble-and-bumble-corector-de-par-pentru-par-gri-si-bb-color-stick-root-coverup-35-g-black\\\/\",\"url\":\"https:\\\/\\\/shopatoa.com\\\/ro\\\/bumble-and-bumble-corector-de-par-pentru-par-gri-si-bb-color-stick-root-coverup-35-g-black\\\/\",\"name\":\"Bumble and bumble Corector de p\u0103r pentru p\u0103r gri \u0219i BB. Color Stick (Root Coverup) 3,5 g Black - SHOPATOA.COM\",\"isPartOf\":{\"@id\":\"https:\\\/\\\/shopatoa.com\\\/ro\\\/#website\"},\"primaryImageOfPage\":{\"@id\":\"https:\\\/\\\/shopatoa.com\\\/ro\\\/bumble-and-bumble-corector-de-par-pentru-par-gri-si-bb-color-stick-root-coverup-35-g-black\\\/#primaryimage\"},\"image\":{\"@id\":\"https:\\\/\\\/shopatoa.com\\\/ro\\\/bumble-and-bumble-corector-de-par-pentru-par-gri-si-bb-color-stick-root-coverup-35-g-black\\\/#primaryimage\"},\"thumbnailUrl\":\"https:\\\/\\\/storage.googleapis.com\\\/cz-shopatoa-img\\\/ro\\\/6bc58774-unnamed-file.webp\",\"datePublished\":\"2025-04-26T09:55:34+00:00\",\"dateModified\":\"2025-12-09T23:34:57+00:00\",\"breadcrumb\":{\"@id\":\"https:\\\/\\\/shopatoa.com\\\/ro\\\/bumble-and-bumble-corector-de-par-pentru-par-gri-si-bb-color-stick-root-coverup-35-g-black\\\/#breadcrumb\"},\"inLanguage\":\"ro-RO\",\"potentialAction\":[{\"@type\":\"ReadAction\",\"target\":[\"https:\\\/\\\/shopatoa.com\\\/ro\\\/bumble-and-bumble-corector-de-par-pentru-par-gri-si-bb-color-stick-root-coverup-35-g-black\\\/\"]}]},{\"@type\":\"ImageObject\",\"inLanguage\":\"ro-RO\",\"@id\":\"https:\\\/\\\/shopatoa.com\\\/ro\\\/bumble-and-bumble-corector-de-par-pentru-par-gri-si-bb-color-stick-root-coverup-35-g-black\\\/#primaryimage\",\"url\":\"https:\\\/\\\/storage.googleapis.com\\\/cz-shopatoa-img\\\/ro\\\/6bc58774-unnamed-file.webp\",\"contentUrl\":\"https:\\\/\\\/storage.googleapis.com\\\/cz-shopatoa-img\\\/ro\\\/6bc58774-unnamed-file.webp\",\"width\":800,\"height\":800},{\"@type\":\"BreadcrumbList\",\"@id\":\"https:\\\/\\\/shopatoa.com\\\/ro\\\/bumble-and-bumble-corector-de-par-pentru-par-gri-si-bb-color-stick-root-coverup-35-g-black\\\/#breadcrumb\",\"itemListElement\":[{\"@type\":\"ListItem\",\"position\":1,\"name\":\"Dom\u016f\",\"item\":\"https:\\\/\\\/shopatoa.com\\\/ro\\\/\"},{\"@type\":\"ListItem\",\"position\":2,\"name\":\"Shop\",\"item\":\"https:\\\/\\\/shopatoa.com\\\/ro\\\/shop\\\/\"},{\"@type\":\"ListItem\",\"position\":3,\"name\":\"Cosmetice\",\"item\":\"https:\\\/\\\/shopatoa.com\\\/ro\\\/cosmetice\\\/\"},{\"@type\":\"ListItem\",\"position\":4,\"name\":\"Produse cosmetice pentru p\u0103r\",\"item\":\"https:\\\/\\\/shopatoa.com\\\/ro\\\/produse-cosmetice-pentru-par\\\/\"},{\"@type\":\"ListItem\",\"position\":5,\"name\":\"Cosmetica pentru colorarea parului\",\"item\":\"https:\\\/\\\/shopatoa.com\\\/ro\\\/cosmetica-pentru-colorarea-parului\\\/\"},{\"@type\":\"ListItem\",\"position\":6,\"name\":\"Bumble and bumble Corector de p\u0103r pentru p\u0103r gri \u0219i BB. Color Stick (Root Coverup) 3,5 g Black\"}]},{\"@type\":\"WebSite\",\"@id\":\"https:\\\/\\\/shopatoa.com\\\/ro\\\/#website\",\"url\":\"https:\\\/\\\/shopatoa.com\\\/ro\\\/\",\"name\":\"SHOPATOA\",\"description\":\"\",\"publisher\":{\"@id\":\"https:\\\/\\\/shopatoa.com\\\/ro\\\/#organization\"},\"potentialAction\":[{\"@type\":\"SearchAction\",\"target\":{\"@type\":\"EntryPoint\",\"urlTemplate\":\"https:\\\/\\\/shopatoa.com\\\/ro\\\/?s={search_term_string}\"},\"query-input\":{\"@type\":\"PropertyValueSpecification\",\"valueRequired\":true,\"valueName\":\"search_term_string\"}}],\"inLanguage\":\"ro-RO\"},{\"@type\":\"Organization\",\"@id\":\"https:\\\/\\\/shopatoa.com\\\/ro\\\/#organization\",\"name\":\"SHOPATOA\",\"url\":\"https:\\\/\\\/shopatoa.com\\\/ro\\\/\",\"logo\":{\"@type\":\"ImageObject\",\"inLanguage\":\"ro-RO\",\"@id\":\"https:\\\/\\\/shopatoa.com\\\/ro\\\/#\\\/schema\\\/logo\\\/image\\\/\",\"url\":\"https:\\\/\\\/storage.googleapis.com\\\/cz-shopatoa-img\\\/ro\\\/b4dac915-shopatoa_logo.png\",\"contentUrl\":\"https:\\\/\\\/storage.googleapis.com\\\/cz-shopatoa-img\\\/ro\\\/b4dac915-shopatoa_logo.png\",\"width\":416,\"height\":63,\"caption\":\"SHOPATOA\"},\"image\":{\"@id\":\"https:\\\/\\\/shopatoa.com\\\/ro\\\/#\\\/schema\\\/logo\\\/image\\\/\"}}]}<\/script>\n<!-- \/ Yoast SEO plugin. -->","yoast_head_json":{"title":"Bumble and bumble Corector de p\u0103r pentru p\u0103r gri \u0219i BB. Color Stick (Root Coverup) 3,5 g Black - SHOPATOA.COM","robots":{"index":"index","follow":"follow","max-snippet":"max-snippet:-1","max-image-preview":"max-image-preview:large","max-video-preview":"max-video-preview:-1"},"canonical":"https:\/\/shopatoa.com\/ro\/bumble-and-bumble-corector-de-par-pentru-par-gri-si-bb-color-stick-root-coverup-35-g-black\/","og_locale":"ro_RO","og_type":"article","og_title":"Bumble and bumble Corector de p\u0103r pentru p\u0103r gri \u0219i BB. Color Stick (Root Coverup) 3,5 g Black - SHOPATOA.COM","og_description":"Corector care ascunde instantaneu firele de p\u0103r gri, revitalizeaz\u0103 \u0219i umple zonele r\u0103rite ale p\u0103rului. Cu o textur\u0103 catifelat\u0103, u\u0219or de amestecat, se integreaz\u0103 natural \u00een p\u0103r \u0219i ofer\u0103 o acoperire de lung\u0103 durat\u0103. Ideal pentru retu\u0219uri rapide oric\u00e2nd, oriunde.","og_url":"https:\/\/shopatoa.com\/ro\/bumble-and-bumble-corector-de-par-pentru-par-gri-si-bb-color-stick-root-coverup-35-g-black\/","og_site_name":"SHOPATOA","article_modified_time":"2025-12-09T23:34:57+00:00","og_image":[{"width":800,"height":800,"url":"https:\/\/storage.googleapis.com\/cz-shopatoa-img\/ro\/6bc58774-unnamed-file.webp","type":"image\/webp"}],"twitter_card":"summary_large_image","schema":{"@context":"https:\/\/schema.org","@graph":[{"@type":"WebPage","@id":"https:\/\/shopatoa.com\/ro\/bumble-and-bumble-corector-de-par-pentru-par-gri-si-bb-color-stick-root-coverup-35-g-black\/","url":"https:\/\/shopatoa.com\/ro\/bumble-and-bumble-corector-de-par-pentru-par-gri-si-bb-color-stick-root-coverup-35-g-black\/","name":"Bumble and bumble Corector de p\u0103r pentru p\u0103r gri \u0219i BB. Color Stick (Root Coverup) 3,5 g Black - SHOPATOA.COM","isPartOf":{"@id":"https:\/\/shopatoa.com\/ro\/#website"},"primaryImageOfPage":{"@id":"https:\/\/shopatoa.com\/ro\/bumble-and-bumble-corector-de-par-pentru-par-gri-si-bb-color-stick-root-coverup-35-g-black\/#primaryimage"},"image":{"@id":"https:\/\/shopatoa.com\/ro\/bumble-and-bumble-corector-de-par-pentru-par-gri-si-bb-color-stick-root-coverup-35-g-black\/#primaryimage"},"thumbnailUrl":"https:\/\/storage.googleapis.com\/cz-shopatoa-img\/ro\/6bc58774-unnamed-file.webp","datePublished":"2025-04-26T09:55:34+00:00","dateModified":"2025-12-09T23:34:57+00:00","breadcrumb":{"@id":"https:\/\/shopatoa.com\/ro\/bumble-and-bumble-corector-de-par-pentru-par-gri-si-bb-color-stick-root-coverup-35-g-black\/#breadcrumb"},"inLanguage":"ro-RO","potentialAction":[{"@type":"ReadAction","target":["https:\/\/shopatoa.com\/ro\/bumble-and-bumble-corector-de-par-pentru-par-gri-si-bb-color-stick-root-coverup-35-g-black\/"]}]},{"@type":"ImageObject","inLanguage":"ro-RO","@id":"https:\/\/shopatoa.com\/ro\/bumble-and-bumble-corector-de-par-pentru-par-gri-si-bb-color-stick-root-coverup-35-g-black\/#primaryimage","url":"https:\/\/storage.googleapis.com\/cz-shopatoa-img\/ro\/6bc58774-unnamed-file.webp","contentUrl":"https:\/\/storage.googleapis.com\/cz-shopatoa-img\/ro\/6bc58774-unnamed-file.webp","width":800,"height":800},{"@type":"BreadcrumbList","@id":"https:\/\/shopatoa.com\/ro\/bumble-and-bumble-corector-de-par-pentru-par-gri-si-bb-color-stick-root-coverup-35-g-black\/#breadcrumb","itemListElement":[{"@type":"ListItem","position":1,"name":"Dom\u016f","item":"https:\/\/shopatoa.com\/ro\/"},{"@type":"ListItem","position":2,"name":"Shop","item":"https:\/\/shopatoa.com\/ro\/shop\/"},{"@type":"ListItem","position":3,"name":"Cosmetice","item":"https:\/\/shopatoa.com\/ro\/cosmetice\/"},{"@type":"ListItem","position":4,"name":"Produse cosmetice pentru p\u0103r","item":"https:\/\/shopatoa.com\/ro\/produse-cosmetice-pentru-par\/"},{"@type":"ListItem","position":5,"name":"Cosmetica pentru colorarea parului","item":"https:\/\/shopatoa.com\/ro\/cosmetica-pentru-colorarea-parului\/"},{"@type":"ListItem","position":6,"name":"Bumble and bumble Corector de p\u0103r pentru p\u0103r gri \u0219i BB. Color Stick (Root Coverup) 3,5 g Black"}]},{"@type":"WebSite","@id":"https:\/\/shopatoa.com\/ro\/#website","url":"https:\/\/shopatoa.com\/ro\/","name":"SHOPATOA","description":"","publisher":{"@id":"https:\/\/shopatoa.com\/ro\/#organization"},"potentialAction":[{"@type":"SearchAction","target":{"@type":"EntryPoint","urlTemplate":"https:\/\/shopatoa.com\/ro\/?s={search_term_string}"},"query-input":{"@type":"PropertyValueSpecification","valueRequired":true,"valueName":"search_term_string"}}],"inLanguage":"ro-RO"},{"@type":"Organization","@id":"https:\/\/shopatoa.com\/ro\/#organization","name":"SHOPATOA","url":"https:\/\/shopatoa.com\/ro\/","logo":{"@type":"ImageObject","inLanguage":"ro-RO","@id":"https:\/\/shopatoa.com\/ro\/#\/schema\/logo\/image\/","url":"https:\/\/storage.googleapis.com\/cz-shopatoa-img\/ro\/b4dac915-shopatoa_logo.png","contentUrl":"https:\/\/storage.googleapis.com\/cz-shopatoa-img\/ro\/b4dac915-shopatoa_logo.png","width":416,"height":63,"caption":"SHOPATOA"},"image":{"@id":"https:\/\/shopatoa.com\/ro\/#\/schema\/logo\/image\/"}}]}},"_links":{"self":[{"href":"https:\/\/shopatoa.com\/ro\/wp-json\/wp\/v2\/product\/257511","targetHints":{"allow":["GET"]}}],"collection":[{"href":"https:\/\/shopatoa.com\/ro\/wp-json\/wp\/v2\/product"}],"about":[{"href":"https:\/\/shopatoa.com\/ro\/wp-json\/wp\/v2\/types\/product"}],"replies":[{"embeddable":true,"href":"https:\/\/shopatoa.com\/ro\/wp-json\/wp\/v2\/comments?post=257511"}],"wp:featuredmedia":[{"embeddable":true,"href":"https:\/\/shopatoa.com\/ro\/wp-json\/wp\/v2\/media\/257512"}],"wp:attachment":[{"href":"https:\/\/shopatoa.com\/ro\/wp-json\/wp\/v2\/media?parent=257511"}],"wp:term":[{"taxonomy":"product_brand","embeddable":true,"href":"https:\/\/shopatoa.com\/ro\/wp-json\/wp\/v2\/product_brand?post=257511"},{"taxonomy":"product_cat","embeddable":true,"href":"https:\/\/shopatoa.com\/ro\/wp-json\/wp\/v2\/product_cat?post=257511"},{"taxonomy":"product_tag","embeddable":true,"href":"https:\/\/shopatoa.com\/ro\/wp-json\/wp\/v2\/product_tag?post=257511"}],"curies":[{"name":"wp","href":"https:\/\/api.w.org\/{rel}","templated":true}]}}