{"id":257659,"date":"2025-04-26T12:26:13","date_gmt":"2025-04-26T10:26:13","guid":{"rendered":"https:\/\/shopatoa.com\/ro\/benefit-baza-matifianta-pentru-machiaj-the-porefessional-matte-primer-22-ml\/"},"modified":"2025-12-02T14:36:07","modified_gmt":"2025-12-02T13:36:07","slug":"benefit-baza-matifianta-pentru-machiaj-the-porefessional-matte-primer-22-ml","status":"publish","type":"product","link":"https:\/\/shopatoa.com\/ro\/benefit-baza-matifianta-pentru-machiaj-the-porefessional-matte-primer-22-ml\/","title":{"rendered":"Benefit Baz\u0103 matifiant\u0103 pentru machiaj The Porefessional (Matte Primer) 22 ml"},"content":{"rendered":"<p>Baz\u0103 u\u0219oar\u0103 pentru machiaj, care reduce vizibilitatea porilor, controleaz\u0103 excesul de sebum \u0219i ajut\u0103 la men\u021binerea machiajului pe termen lung. Absoarbe imediat excesul de sebum, cre\u00e2nd un finisaj mat natural de lung\u0103 durat\u0103 \u0219i, \u00een plus, cu utilizare regulat\u0103, \u00eembun\u0103t\u0103\u021be\u0219te aspectul pielii.<\/p>\n","protected":false},"excerpt":{"rendered":"<p>Baz\u0103 u\u0219oar\u0103 pentru machiaj, care reduce vizibilitatea porilor, controleaz\u0103 excesul de sebum \u0219i ajut\u0103 la men\u021binerea machiajului pe termen lung. Absoarbe imediat excesul de sebum, cre\u00e2nd un finisaj mat natural de lung\u0103 durat\u0103 \u0219i, \u00een plus, cu utilizare regulat\u0103, \u00eembun\u0103t\u0103\u021be\u0219te aspectul pielii.<\/p>\n","protected":false},"featured_media":257660,"comment_status":"closed","ping_status":"open","template":"","meta":{"_acf_changed":false,"_kadence_starter_templates_imported_post":false,"_kad_post_transparent":"","_kad_post_title":"","_kad_post_layout":"","_kad_post_sidebar_id":"","_kad_post_content_style":"","_kad_post_vertical_padding":"","_kad_post_feature":"","_kad_post_feature_position":"","_kad_post_header":false,"_kad_post_footer":false,"_kad_post_classname":""},"product_brand":[476],"product_cat":[649,246,609,616],"product_tag":[],"class_list":{"0":"post-257659","1":"product","2":"type-product","3":"status-publish","4":"has-post-thumbnail","6":"product_brand-benefit","7":"product_cat-baza-de-machiaj-pentru-fata","8":"product_cat-cosmetice","9":"product_cat-cosmetice-decorative","10":"product_cat-machiaj-pentru-fata","12":"first","13":"instock","14":"product-type-external","15":"entry","16":"content-bg","17":"loop-entry"},"acf":[],"yoast_head":"<!-- This site is optimized with the Yoast SEO plugin v27.3 - https:\/\/yoast.com\/product\/yoast-seo-wordpress\/ -->\n<title>Benefit Baz\u0103 matifiant\u0103 pentru machiaj The Porefessional (Matte Primer) 22 ml - SHOPATOA.COM<\/title>\n<meta name=\"robots\" content=\"index, follow, max-snippet:-1, max-image-preview:large, max-video-preview:-1\" \/>\n<link rel=\"canonical\" href=\"https:\/\/shopatoa.com\/ro\/benefit-baza-matifianta-pentru-machiaj-the-porefessional-matte-primer-22-ml\/\" \/>\n<meta property=\"og:locale\" content=\"ro_RO\" \/>\n<meta property=\"og:type\" content=\"article\" \/>\n<meta property=\"og:title\" content=\"Benefit Baz\u0103 matifiant\u0103 pentru machiaj The Porefessional (Matte Primer) 22 ml - SHOPATOA.COM\" \/>\n<meta property=\"og:description\" content=\"Baz\u0103 u\u0219oar\u0103 pentru machiaj, care reduce vizibilitatea porilor, controleaz\u0103 excesul de sebum \u0219i ajut\u0103 la men\u021binerea machiajului pe termen lung. Absoarbe imediat excesul de sebum, cre\u00e2nd un finisaj mat natural de lung\u0103 durat\u0103 \u0219i, \u00een plus, cu utilizare regulat\u0103, \u00eembun\u0103t\u0103\u021be\u0219te aspectul pielii.\" \/>\n<meta property=\"og:url\" content=\"https:\/\/shopatoa.com\/ro\/benefit-baza-matifianta-pentru-machiaj-the-porefessional-matte-primer-22-ml\/\" \/>\n<meta property=\"og:site_name\" content=\"SHOPATOA\" \/>\n<meta property=\"article:modified_time\" content=\"2025-12-02T13:36:07+00:00\" \/>\n<meta property=\"og:image\" content=\"https:\/\/storage.googleapis.com\/cz-shopatoa-img\/ro\/1fdcc6df-unnamed-file.webp\" \/>\n\t<meta property=\"og:image:width\" content=\"800\" \/>\n\t<meta property=\"og:image:height\" content=\"800\" \/>\n\t<meta property=\"og:image:type\" content=\"image\/webp\" \/>\n<meta name=\"twitter:card\" content=\"summary_large_image\" \/>\n<script type=\"application\/ld+json\" class=\"yoast-schema-graph\">{\"@context\":\"https:\\\/\\\/schema.org\",\"@graph\":[{\"@type\":\"WebPage\",\"@id\":\"https:\\\/\\\/shopatoa.com\\\/ro\\\/benefit-baza-matifianta-pentru-machiaj-the-porefessional-matte-primer-22-ml\\\/\",\"url\":\"https:\\\/\\\/shopatoa.com\\\/ro\\\/benefit-baza-matifianta-pentru-machiaj-the-porefessional-matte-primer-22-ml\\\/\",\"name\":\"Benefit Baz\u0103 matifiant\u0103 pentru machiaj The Porefessional (Matte Primer) 22 ml - SHOPATOA.COM\",\"isPartOf\":{\"@id\":\"https:\\\/\\\/shopatoa.com\\\/ro\\\/#website\"},\"primaryImageOfPage\":{\"@id\":\"https:\\\/\\\/shopatoa.com\\\/ro\\\/benefit-baza-matifianta-pentru-machiaj-the-porefessional-matte-primer-22-ml\\\/#primaryimage\"},\"image\":{\"@id\":\"https:\\\/\\\/shopatoa.com\\\/ro\\\/benefit-baza-matifianta-pentru-machiaj-the-porefessional-matte-primer-22-ml\\\/#primaryimage\"},\"thumbnailUrl\":\"https:\\\/\\\/storage.googleapis.com\\\/cz-shopatoa-img\\\/ro\\\/1fdcc6df-unnamed-file.webp\",\"datePublished\":\"2025-04-26T10:26:13+00:00\",\"dateModified\":\"2025-12-02T13:36:07+00:00\",\"breadcrumb\":{\"@id\":\"https:\\\/\\\/shopatoa.com\\\/ro\\\/benefit-baza-matifianta-pentru-machiaj-the-porefessional-matte-primer-22-ml\\\/#breadcrumb\"},\"inLanguage\":\"ro-RO\",\"potentialAction\":[{\"@type\":\"ReadAction\",\"target\":[\"https:\\\/\\\/shopatoa.com\\\/ro\\\/benefit-baza-matifianta-pentru-machiaj-the-porefessional-matte-primer-22-ml\\\/\"]}]},{\"@type\":\"ImageObject\",\"inLanguage\":\"ro-RO\",\"@id\":\"https:\\\/\\\/shopatoa.com\\\/ro\\\/benefit-baza-matifianta-pentru-machiaj-the-porefessional-matte-primer-22-ml\\\/#primaryimage\",\"url\":\"https:\\\/\\\/storage.googleapis.com\\\/cz-shopatoa-img\\\/ro\\\/1fdcc6df-unnamed-file.webp\",\"contentUrl\":\"https:\\\/\\\/storage.googleapis.com\\\/cz-shopatoa-img\\\/ro\\\/1fdcc6df-unnamed-file.webp\",\"width\":800,\"height\":800},{\"@type\":\"BreadcrumbList\",\"@id\":\"https:\\\/\\\/shopatoa.com\\\/ro\\\/benefit-baza-matifianta-pentru-machiaj-the-porefessional-matte-primer-22-ml\\\/#breadcrumb\",\"itemListElement\":[{\"@type\":\"ListItem\",\"position\":1,\"name\":\"Dom\u016f\",\"item\":\"https:\\\/\\\/shopatoa.com\\\/ro\\\/\"},{\"@type\":\"ListItem\",\"position\":2,\"name\":\"Shop\",\"item\":\"https:\\\/\\\/shopatoa.com\\\/ro\\\/shop\\\/\"},{\"@type\":\"ListItem\",\"position\":3,\"name\":\"Cosmetice\",\"item\":\"https:\\\/\\\/shopatoa.com\\\/ro\\\/cosmetice\\\/\"},{\"@type\":\"ListItem\",\"position\":4,\"name\":\"Cosmetice decorative\",\"item\":\"https:\\\/\\\/shopatoa.com\\\/ro\\\/cosmetice-decorative\\\/\"},{\"@type\":\"ListItem\",\"position\":5,\"name\":\"Machiaj pentru fa\u021ba\",\"item\":\"https:\\\/\\\/shopatoa.com\\\/ro\\\/machiaj-pentru-fata\\\/\"},{\"@type\":\"ListItem\",\"position\":6,\"name\":\"Baz\u0103 de machiaj pentru fa\u021b\u0103\",\"item\":\"https:\\\/\\\/shopatoa.com\\\/ro\\\/baza-de-machiaj-pentru-fata\\\/\"},{\"@type\":\"ListItem\",\"position\":7,\"name\":\"Benefit Baz\u0103 matifiant\u0103 pentru machiaj The Porefessional (Matte Primer) 22 ml\"}]},{\"@type\":\"WebSite\",\"@id\":\"https:\\\/\\\/shopatoa.com\\\/ro\\\/#website\",\"url\":\"https:\\\/\\\/shopatoa.com\\\/ro\\\/\",\"name\":\"SHOPATOA\",\"description\":\"\",\"publisher\":{\"@id\":\"https:\\\/\\\/shopatoa.com\\\/ro\\\/#organization\"},\"potentialAction\":[{\"@type\":\"SearchAction\",\"target\":{\"@type\":\"EntryPoint\",\"urlTemplate\":\"https:\\\/\\\/shopatoa.com\\\/ro\\\/?s={search_term_string}\"},\"query-input\":{\"@type\":\"PropertyValueSpecification\",\"valueRequired\":true,\"valueName\":\"search_term_string\"}}],\"inLanguage\":\"ro-RO\"},{\"@type\":\"Organization\",\"@id\":\"https:\\\/\\\/shopatoa.com\\\/ro\\\/#organization\",\"name\":\"SHOPATOA\",\"url\":\"https:\\\/\\\/shopatoa.com\\\/ro\\\/\",\"logo\":{\"@type\":\"ImageObject\",\"inLanguage\":\"ro-RO\",\"@id\":\"https:\\\/\\\/shopatoa.com\\\/ro\\\/#\\\/schema\\\/logo\\\/image\\\/\",\"url\":\"https:\\\/\\\/storage.googleapis.com\\\/cz-shopatoa-img\\\/ro\\\/b4dac915-shopatoa_logo.png\",\"contentUrl\":\"https:\\\/\\\/storage.googleapis.com\\\/cz-shopatoa-img\\\/ro\\\/b4dac915-shopatoa_logo.png\",\"width\":416,\"height\":63,\"caption\":\"SHOPATOA\"},\"image\":{\"@id\":\"https:\\\/\\\/shopatoa.com\\\/ro\\\/#\\\/schema\\\/logo\\\/image\\\/\"}}]}<\/script>\n<!-- \/ Yoast SEO plugin. -->","yoast_head_json":{"title":"Benefit Baz\u0103 matifiant\u0103 pentru machiaj The Porefessional (Matte Primer) 22 ml - SHOPATOA.COM","robots":{"index":"index","follow":"follow","max-snippet":"max-snippet:-1","max-image-preview":"max-image-preview:large","max-video-preview":"max-video-preview:-1"},"canonical":"https:\/\/shopatoa.com\/ro\/benefit-baza-matifianta-pentru-machiaj-the-porefessional-matte-primer-22-ml\/","og_locale":"ro_RO","og_type":"article","og_title":"Benefit Baz\u0103 matifiant\u0103 pentru machiaj The Porefessional (Matte Primer) 22 ml - SHOPATOA.COM","og_description":"Baz\u0103 u\u0219oar\u0103 pentru machiaj, care reduce vizibilitatea porilor, controleaz\u0103 excesul de sebum \u0219i ajut\u0103 la men\u021binerea machiajului pe termen lung. Absoarbe imediat excesul de sebum, cre\u00e2nd un finisaj mat natural de lung\u0103 durat\u0103 \u0219i, \u00een plus, cu utilizare regulat\u0103, \u00eembun\u0103t\u0103\u021be\u0219te aspectul pielii.","og_url":"https:\/\/shopatoa.com\/ro\/benefit-baza-matifianta-pentru-machiaj-the-porefessional-matte-primer-22-ml\/","og_site_name":"SHOPATOA","article_modified_time":"2025-12-02T13:36:07+00:00","og_image":[{"width":800,"height":800,"url":"https:\/\/storage.googleapis.com\/cz-shopatoa-img\/ro\/1fdcc6df-unnamed-file.webp","type":"image\/webp"}],"twitter_card":"summary_large_image","schema":{"@context":"https:\/\/schema.org","@graph":[{"@type":"WebPage","@id":"https:\/\/shopatoa.com\/ro\/benefit-baza-matifianta-pentru-machiaj-the-porefessional-matte-primer-22-ml\/","url":"https:\/\/shopatoa.com\/ro\/benefit-baza-matifianta-pentru-machiaj-the-porefessional-matte-primer-22-ml\/","name":"Benefit Baz\u0103 matifiant\u0103 pentru machiaj The Porefessional (Matte Primer) 22 ml - SHOPATOA.COM","isPartOf":{"@id":"https:\/\/shopatoa.com\/ro\/#website"},"primaryImageOfPage":{"@id":"https:\/\/shopatoa.com\/ro\/benefit-baza-matifianta-pentru-machiaj-the-porefessional-matte-primer-22-ml\/#primaryimage"},"image":{"@id":"https:\/\/shopatoa.com\/ro\/benefit-baza-matifianta-pentru-machiaj-the-porefessional-matte-primer-22-ml\/#primaryimage"},"thumbnailUrl":"https:\/\/storage.googleapis.com\/cz-shopatoa-img\/ro\/1fdcc6df-unnamed-file.webp","datePublished":"2025-04-26T10:26:13+00:00","dateModified":"2025-12-02T13:36:07+00:00","breadcrumb":{"@id":"https:\/\/shopatoa.com\/ro\/benefit-baza-matifianta-pentru-machiaj-the-porefessional-matte-primer-22-ml\/#breadcrumb"},"inLanguage":"ro-RO","potentialAction":[{"@type":"ReadAction","target":["https:\/\/shopatoa.com\/ro\/benefit-baza-matifianta-pentru-machiaj-the-porefessional-matte-primer-22-ml\/"]}]},{"@type":"ImageObject","inLanguage":"ro-RO","@id":"https:\/\/shopatoa.com\/ro\/benefit-baza-matifianta-pentru-machiaj-the-porefessional-matte-primer-22-ml\/#primaryimage","url":"https:\/\/storage.googleapis.com\/cz-shopatoa-img\/ro\/1fdcc6df-unnamed-file.webp","contentUrl":"https:\/\/storage.googleapis.com\/cz-shopatoa-img\/ro\/1fdcc6df-unnamed-file.webp","width":800,"height":800},{"@type":"BreadcrumbList","@id":"https:\/\/shopatoa.com\/ro\/benefit-baza-matifianta-pentru-machiaj-the-porefessional-matte-primer-22-ml\/#breadcrumb","itemListElement":[{"@type":"ListItem","position":1,"name":"Dom\u016f","item":"https:\/\/shopatoa.com\/ro\/"},{"@type":"ListItem","position":2,"name":"Shop","item":"https:\/\/shopatoa.com\/ro\/shop\/"},{"@type":"ListItem","position":3,"name":"Cosmetice","item":"https:\/\/shopatoa.com\/ro\/cosmetice\/"},{"@type":"ListItem","position":4,"name":"Cosmetice decorative","item":"https:\/\/shopatoa.com\/ro\/cosmetice-decorative\/"},{"@type":"ListItem","position":5,"name":"Machiaj pentru fa\u021ba","item":"https:\/\/shopatoa.com\/ro\/machiaj-pentru-fata\/"},{"@type":"ListItem","position":6,"name":"Baz\u0103 de machiaj pentru fa\u021b\u0103","item":"https:\/\/shopatoa.com\/ro\/baza-de-machiaj-pentru-fata\/"},{"@type":"ListItem","position":7,"name":"Benefit Baz\u0103 matifiant\u0103 pentru machiaj The Porefessional (Matte Primer) 22 ml"}]},{"@type":"WebSite","@id":"https:\/\/shopatoa.com\/ro\/#website","url":"https:\/\/shopatoa.com\/ro\/","name":"SHOPATOA","description":"","publisher":{"@id":"https:\/\/shopatoa.com\/ro\/#organization"},"potentialAction":[{"@type":"SearchAction","target":{"@type":"EntryPoint","urlTemplate":"https:\/\/shopatoa.com\/ro\/?s={search_term_string}"},"query-input":{"@type":"PropertyValueSpecification","valueRequired":true,"valueName":"search_term_string"}}],"inLanguage":"ro-RO"},{"@type":"Organization","@id":"https:\/\/shopatoa.com\/ro\/#organization","name":"SHOPATOA","url":"https:\/\/shopatoa.com\/ro\/","logo":{"@type":"ImageObject","inLanguage":"ro-RO","@id":"https:\/\/shopatoa.com\/ro\/#\/schema\/logo\/image\/","url":"https:\/\/storage.googleapis.com\/cz-shopatoa-img\/ro\/b4dac915-shopatoa_logo.png","contentUrl":"https:\/\/storage.googleapis.com\/cz-shopatoa-img\/ro\/b4dac915-shopatoa_logo.png","width":416,"height":63,"caption":"SHOPATOA"},"image":{"@id":"https:\/\/shopatoa.com\/ro\/#\/schema\/logo\/image\/"}}]}},"_links":{"self":[{"href":"https:\/\/shopatoa.com\/ro\/wp-json\/wp\/v2\/product\/257659","targetHints":{"allow":["GET"]}}],"collection":[{"href":"https:\/\/shopatoa.com\/ro\/wp-json\/wp\/v2\/product"}],"about":[{"href":"https:\/\/shopatoa.com\/ro\/wp-json\/wp\/v2\/types\/product"}],"replies":[{"embeddable":true,"href":"https:\/\/shopatoa.com\/ro\/wp-json\/wp\/v2\/comments?post=257659"}],"wp:featuredmedia":[{"embeddable":true,"href":"https:\/\/shopatoa.com\/ro\/wp-json\/wp\/v2\/media\/257660"}],"wp:attachment":[{"href":"https:\/\/shopatoa.com\/ro\/wp-json\/wp\/v2\/media?parent=257659"}],"wp:term":[{"taxonomy":"product_brand","embeddable":true,"href":"https:\/\/shopatoa.com\/ro\/wp-json\/wp\/v2\/product_brand?post=257659"},{"taxonomy":"product_cat","embeddable":true,"href":"https:\/\/shopatoa.com\/ro\/wp-json\/wp\/v2\/product_cat?post=257659"},{"taxonomy":"product_tag","embeddable":true,"href":"https:\/\/shopatoa.com\/ro\/wp-json\/wp\/v2\/product_tag?post=257659"}],"curies":[{"name":"wp","href":"https:\/\/api.w.org\/{rel}","templated":true}]}}