{"id":257713,"date":"2025-04-26T12:36:21","date_gmt":"2025-04-26T10:36:21","guid":{"rendered":"https:\/\/shopatoa.com\/ro\/huslog-pistol-de-masaj-ts-0434\/"},"modified":"2025-12-10T00:03:07","modified_gmt":"2025-12-09T23:03:07","slug":"huslog-pistol-de-masaj-ts-0434","status":"publish","type":"product","link":"https:\/\/shopatoa.com\/ro\/huslog-pistol-de-masaj-ts-0434\/","title":{"rendered":"Huslog Pistol de masaj TS-0434"},"content":{"rendered":"<p>Pistol de masaj cu vibra\u021bii pentru ameliorarea eficient\u0103 a tensiunii musculare, a durerilor musculare sau pentru relaxare. Acesta va ajuta la relaxarea mu\u0219chilor \u0219i la modelarea siluetei datorit\u0103 unui masaj eficient. Utilizarea regulat\u0103 nu numai c\u0103 va relaxa mu\u0219chii tensiona\u021bi, dar va \u00eembun\u0103t\u0103\u021bi \u0219i elasticitatea pielii \u0219i va reduce celulita.<\/p>\n","protected":false},"excerpt":{"rendered":"<p>Pistol de masaj cu vibra\u021bii pentru ameliorarea eficient\u0103 a tensiunii musculare, a durerilor musculare sau pentru relaxare. Acesta va ajuta la relaxarea mu\u0219chilor \u0219i la modelarea siluetei datorit\u0103 unui masaj eficient. Utilizarea regulat\u0103 nu numai c\u0103 va relaxa mu\u0219chii tensiona\u021bi, dar va \u00eembun\u0103t\u0103\u021bi \u0219i elasticitatea pielii \u0219i va reduce celulita.<\/p>\n","protected":false},"featured_media":257714,"comment_status":"closed","ping_status":"open","template":"","meta":{"_acf_changed":false,"_kadence_starter_templates_imported_post":false,"_kad_post_transparent":"","_kad_post_title":"","_kad_post_layout":"","_kad_post_sidebar_id":"","_kad_post_content_style":"","_kad_post_vertical_padding":"","_kad_post_feature":"","_kad_post_feature_position":"","_kad_post_header":false,"_kad_post_footer":false,"_kad_post_classname":""},"product_brand":[864],"product_cat":[246,757,611],"product_tag":[],"class_list":{"0":"post-257713","1":"product","2":"type-product","3":"status-publish","4":"has-post-thumbnail","6":"product_brand-huslog","7":"product_cat-cosmetice","8":"product_cat-dispozitive-cosmetice-corpul","9":"product_cat-produse-cosmetice-pentru-corp","11":"first","12":"instock","13":"product-type-external","14":"entry","15":"content-bg","16":"loop-entry"},"acf":[],"yoast_head":"<!-- This site is optimized with the Yoast SEO plugin v27.4 - https:\/\/yoast.com\/product\/yoast-seo-wordpress\/ -->\n<title>Huslog Pistol de masaj TS-0434 - SHOPATOA.COM<\/title>\n<meta name=\"robots\" content=\"index, follow, max-snippet:-1, max-image-preview:large, max-video-preview:-1\" \/>\n<link rel=\"canonical\" href=\"https:\/\/shopatoa.com\/ro\/huslog-pistol-de-masaj-ts-0434\/\" \/>\n<meta property=\"og:locale\" content=\"ro_RO\" \/>\n<meta property=\"og:type\" content=\"article\" \/>\n<meta property=\"og:title\" content=\"Huslog Pistol de masaj TS-0434 - SHOPATOA.COM\" \/>\n<meta property=\"og:description\" content=\"Pistol de masaj cu vibra\u021bii pentru ameliorarea eficient\u0103 a tensiunii musculare, a durerilor musculare sau pentru relaxare. Acesta va ajuta la relaxarea mu\u0219chilor \u0219i la modelarea siluetei datorit\u0103 unui masaj eficient. Utilizarea regulat\u0103 nu numai c\u0103 va relaxa mu\u0219chii tensiona\u021bi, dar va \u00eembun\u0103t\u0103\u021bi \u0219i elasticitatea pielii \u0219i va reduce celulita.\" \/>\n<meta property=\"og:url\" content=\"https:\/\/shopatoa.com\/ro\/huslog-pistol-de-masaj-ts-0434\/\" \/>\n<meta property=\"og:site_name\" content=\"SHOPATOA\" \/>\n<meta property=\"article:modified_time\" content=\"2025-12-09T23:03:07+00:00\" \/>\n<meta property=\"og:image\" content=\"https:\/\/storage.googleapis.com\/cz-shopatoa-img\/ro\/6057a86d-unnamed-file.webp\" \/>\n\t<meta property=\"og:image:width\" content=\"800\" \/>\n\t<meta property=\"og:image:height\" content=\"800\" \/>\n\t<meta property=\"og:image:type\" content=\"image\/webp\" \/>\n<meta name=\"twitter:card\" content=\"summary_large_image\" \/>\n<script type=\"application\/ld+json\" class=\"yoast-schema-graph\">{\"@context\":\"https:\\\/\\\/schema.org\",\"@graph\":[{\"@type\":\"WebPage\",\"@id\":\"https:\\\/\\\/shopatoa.com\\\/ro\\\/huslog-pistol-de-masaj-ts-0434\\\/\",\"url\":\"https:\\\/\\\/shopatoa.com\\\/ro\\\/huslog-pistol-de-masaj-ts-0434\\\/\",\"name\":\"Huslog Pistol de masaj TS-0434 - SHOPATOA.COM\",\"isPartOf\":{\"@id\":\"https:\\\/\\\/shopatoa.com\\\/ro\\\/#website\"},\"primaryImageOfPage\":{\"@id\":\"https:\\\/\\\/shopatoa.com\\\/ro\\\/huslog-pistol-de-masaj-ts-0434\\\/#primaryimage\"},\"image\":{\"@id\":\"https:\\\/\\\/shopatoa.com\\\/ro\\\/huslog-pistol-de-masaj-ts-0434\\\/#primaryimage\"},\"thumbnailUrl\":\"https:\\\/\\\/storage.googleapis.com\\\/cz-shopatoa-img\\\/ro\\\/6057a86d-unnamed-file.webp\",\"datePublished\":\"2025-04-26T10:36:21+00:00\",\"dateModified\":\"2025-12-09T23:03:07+00:00\",\"breadcrumb\":{\"@id\":\"https:\\\/\\\/shopatoa.com\\\/ro\\\/huslog-pistol-de-masaj-ts-0434\\\/#breadcrumb\"},\"inLanguage\":\"ro-RO\",\"potentialAction\":[{\"@type\":\"ReadAction\",\"target\":[\"https:\\\/\\\/shopatoa.com\\\/ro\\\/huslog-pistol-de-masaj-ts-0434\\\/\"]}]},{\"@type\":\"ImageObject\",\"inLanguage\":\"ro-RO\",\"@id\":\"https:\\\/\\\/shopatoa.com\\\/ro\\\/huslog-pistol-de-masaj-ts-0434\\\/#primaryimage\",\"url\":\"https:\\\/\\\/storage.googleapis.com\\\/cz-shopatoa-img\\\/ro\\\/6057a86d-unnamed-file.webp\",\"contentUrl\":\"https:\\\/\\\/storage.googleapis.com\\\/cz-shopatoa-img\\\/ro\\\/6057a86d-unnamed-file.webp\",\"width\":800,\"height\":800},{\"@type\":\"BreadcrumbList\",\"@id\":\"https:\\\/\\\/shopatoa.com\\\/ro\\\/huslog-pistol-de-masaj-ts-0434\\\/#breadcrumb\",\"itemListElement\":[{\"@type\":\"ListItem\",\"position\":1,\"name\":\"Dom\u016f\",\"item\":\"https:\\\/\\\/shopatoa.com\\\/ro\\\/\"},{\"@type\":\"ListItem\",\"position\":2,\"name\":\"Shop\",\"item\":\"https:\\\/\\\/shopatoa.com\\\/ro\\\/shop\\\/\"},{\"@type\":\"ListItem\",\"position\":3,\"name\":\"Cosmetice\",\"item\":\"https:\\\/\\\/shopatoa.com\\\/ro\\\/cosmetice\\\/\"},{\"@type\":\"ListItem\",\"position\":4,\"name\":\"Produse cosmetice pentru corp\",\"item\":\"https:\\\/\\\/shopatoa.com\\\/ro\\\/produse-cosmetice-pentru-corp\\\/\"},{\"@type\":\"ListItem\",\"position\":5,\"name\":\"Dispozitive cosmetice corpul\",\"item\":\"https:\\\/\\\/shopatoa.com\\\/ro\\\/dispozitive-cosmetice-corpul\\\/\"},{\"@type\":\"ListItem\",\"position\":6,\"name\":\"Huslog Pistol de masaj TS-0434\"}]},{\"@type\":\"WebSite\",\"@id\":\"https:\\\/\\\/shopatoa.com\\\/ro\\\/#website\",\"url\":\"https:\\\/\\\/shopatoa.com\\\/ro\\\/\",\"name\":\"SHOPATOA\",\"description\":\"\",\"publisher\":{\"@id\":\"https:\\\/\\\/shopatoa.com\\\/ro\\\/#organization\"},\"potentialAction\":[{\"@type\":\"SearchAction\",\"target\":{\"@type\":\"EntryPoint\",\"urlTemplate\":\"https:\\\/\\\/shopatoa.com\\\/ro\\\/?s={search_term_string}\"},\"query-input\":{\"@type\":\"PropertyValueSpecification\",\"valueRequired\":true,\"valueName\":\"search_term_string\"}}],\"inLanguage\":\"ro-RO\"},{\"@type\":\"Organization\",\"@id\":\"https:\\\/\\\/shopatoa.com\\\/ro\\\/#organization\",\"name\":\"SHOPATOA\",\"url\":\"https:\\\/\\\/shopatoa.com\\\/ro\\\/\",\"logo\":{\"@type\":\"ImageObject\",\"inLanguage\":\"ro-RO\",\"@id\":\"https:\\\/\\\/shopatoa.com\\\/ro\\\/#\\\/schema\\\/logo\\\/image\\\/\",\"url\":\"https:\\\/\\\/storage.googleapis.com\\\/cz-shopatoa-img\\\/ro\\\/b4dac915-shopatoa_logo.png\",\"contentUrl\":\"https:\\\/\\\/storage.googleapis.com\\\/cz-shopatoa-img\\\/ro\\\/b4dac915-shopatoa_logo.png\",\"width\":416,\"height\":63,\"caption\":\"SHOPATOA\"},\"image\":{\"@id\":\"https:\\\/\\\/shopatoa.com\\\/ro\\\/#\\\/schema\\\/logo\\\/image\\\/\"}}]}<\/script>\n<!-- \/ Yoast SEO plugin. -->","yoast_head_json":{"title":"Huslog Pistol de masaj TS-0434 - SHOPATOA.COM","robots":{"index":"index","follow":"follow","max-snippet":"max-snippet:-1","max-image-preview":"max-image-preview:large","max-video-preview":"max-video-preview:-1"},"canonical":"https:\/\/shopatoa.com\/ro\/huslog-pistol-de-masaj-ts-0434\/","og_locale":"ro_RO","og_type":"article","og_title":"Huslog Pistol de masaj TS-0434 - SHOPATOA.COM","og_description":"Pistol de masaj cu vibra\u021bii pentru ameliorarea eficient\u0103 a tensiunii musculare, a durerilor musculare sau pentru relaxare. Acesta va ajuta la relaxarea mu\u0219chilor \u0219i la modelarea siluetei datorit\u0103 unui masaj eficient. Utilizarea regulat\u0103 nu numai c\u0103 va relaxa mu\u0219chii tensiona\u021bi, dar va \u00eembun\u0103t\u0103\u021bi \u0219i elasticitatea pielii \u0219i va reduce celulita.","og_url":"https:\/\/shopatoa.com\/ro\/huslog-pistol-de-masaj-ts-0434\/","og_site_name":"SHOPATOA","article_modified_time":"2025-12-09T23:03:07+00:00","og_image":[{"width":800,"height":800,"url":"https:\/\/storage.googleapis.com\/cz-shopatoa-img\/ro\/6057a86d-unnamed-file.webp","type":"image\/webp"}],"twitter_card":"summary_large_image","schema":{"@context":"https:\/\/schema.org","@graph":[{"@type":"WebPage","@id":"https:\/\/shopatoa.com\/ro\/huslog-pistol-de-masaj-ts-0434\/","url":"https:\/\/shopatoa.com\/ro\/huslog-pistol-de-masaj-ts-0434\/","name":"Huslog Pistol de masaj TS-0434 - SHOPATOA.COM","isPartOf":{"@id":"https:\/\/shopatoa.com\/ro\/#website"},"primaryImageOfPage":{"@id":"https:\/\/shopatoa.com\/ro\/huslog-pistol-de-masaj-ts-0434\/#primaryimage"},"image":{"@id":"https:\/\/shopatoa.com\/ro\/huslog-pistol-de-masaj-ts-0434\/#primaryimage"},"thumbnailUrl":"https:\/\/storage.googleapis.com\/cz-shopatoa-img\/ro\/6057a86d-unnamed-file.webp","datePublished":"2025-04-26T10:36:21+00:00","dateModified":"2025-12-09T23:03:07+00:00","breadcrumb":{"@id":"https:\/\/shopatoa.com\/ro\/huslog-pistol-de-masaj-ts-0434\/#breadcrumb"},"inLanguage":"ro-RO","potentialAction":[{"@type":"ReadAction","target":["https:\/\/shopatoa.com\/ro\/huslog-pistol-de-masaj-ts-0434\/"]}]},{"@type":"ImageObject","inLanguage":"ro-RO","@id":"https:\/\/shopatoa.com\/ro\/huslog-pistol-de-masaj-ts-0434\/#primaryimage","url":"https:\/\/storage.googleapis.com\/cz-shopatoa-img\/ro\/6057a86d-unnamed-file.webp","contentUrl":"https:\/\/storage.googleapis.com\/cz-shopatoa-img\/ro\/6057a86d-unnamed-file.webp","width":800,"height":800},{"@type":"BreadcrumbList","@id":"https:\/\/shopatoa.com\/ro\/huslog-pistol-de-masaj-ts-0434\/#breadcrumb","itemListElement":[{"@type":"ListItem","position":1,"name":"Dom\u016f","item":"https:\/\/shopatoa.com\/ro\/"},{"@type":"ListItem","position":2,"name":"Shop","item":"https:\/\/shopatoa.com\/ro\/shop\/"},{"@type":"ListItem","position":3,"name":"Cosmetice","item":"https:\/\/shopatoa.com\/ro\/cosmetice\/"},{"@type":"ListItem","position":4,"name":"Produse cosmetice pentru corp","item":"https:\/\/shopatoa.com\/ro\/produse-cosmetice-pentru-corp\/"},{"@type":"ListItem","position":5,"name":"Dispozitive cosmetice corpul","item":"https:\/\/shopatoa.com\/ro\/dispozitive-cosmetice-corpul\/"},{"@type":"ListItem","position":6,"name":"Huslog Pistol de masaj TS-0434"}]},{"@type":"WebSite","@id":"https:\/\/shopatoa.com\/ro\/#website","url":"https:\/\/shopatoa.com\/ro\/","name":"SHOPATOA","description":"","publisher":{"@id":"https:\/\/shopatoa.com\/ro\/#organization"},"potentialAction":[{"@type":"SearchAction","target":{"@type":"EntryPoint","urlTemplate":"https:\/\/shopatoa.com\/ro\/?s={search_term_string}"},"query-input":{"@type":"PropertyValueSpecification","valueRequired":true,"valueName":"search_term_string"}}],"inLanguage":"ro-RO"},{"@type":"Organization","@id":"https:\/\/shopatoa.com\/ro\/#organization","name":"SHOPATOA","url":"https:\/\/shopatoa.com\/ro\/","logo":{"@type":"ImageObject","inLanguage":"ro-RO","@id":"https:\/\/shopatoa.com\/ro\/#\/schema\/logo\/image\/","url":"https:\/\/storage.googleapis.com\/cz-shopatoa-img\/ro\/b4dac915-shopatoa_logo.png","contentUrl":"https:\/\/storage.googleapis.com\/cz-shopatoa-img\/ro\/b4dac915-shopatoa_logo.png","width":416,"height":63,"caption":"SHOPATOA"},"image":{"@id":"https:\/\/shopatoa.com\/ro\/#\/schema\/logo\/image\/"}}]}},"_links":{"self":[{"href":"https:\/\/shopatoa.com\/ro\/wp-json\/wp\/v2\/product\/257713","targetHints":{"allow":["GET"]}}],"collection":[{"href":"https:\/\/shopatoa.com\/ro\/wp-json\/wp\/v2\/product"}],"about":[{"href":"https:\/\/shopatoa.com\/ro\/wp-json\/wp\/v2\/types\/product"}],"replies":[{"embeddable":true,"href":"https:\/\/shopatoa.com\/ro\/wp-json\/wp\/v2\/comments?post=257713"}],"wp:featuredmedia":[{"embeddable":true,"href":"https:\/\/shopatoa.com\/ro\/wp-json\/wp\/v2\/media\/257714"}],"wp:attachment":[{"href":"https:\/\/shopatoa.com\/ro\/wp-json\/wp\/v2\/media?parent=257713"}],"wp:term":[{"taxonomy":"product_brand","embeddable":true,"href":"https:\/\/shopatoa.com\/ro\/wp-json\/wp\/v2\/product_brand?post=257713"},{"taxonomy":"product_cat","embeddable":true,"href":"https:\/\/shopatoa.com\/ro\/wp-json\/wp\/v2\/product_cat?post=257713"},{"taxonomy":"product_tag","embeddable":true,"href":"https:\/\/shopatoa.com\/ro\/wp-json\/wp\/v2\/product_tag?post=257713"}],"curies":[{"name":"wp","href":"https:\/\/api.w.org\/{rel}","templated":true}]}}