{"id":257723,"date":"2025-04-26T12:40:04","date_gmt":"2025-04-26T10:40:04","guid":{"rendered":"https:\/\/shopatoa.com\/ro\/huslog-dus-bucal-al-050231\/"},"modified":"2025-12-02T14:24:14","modified_gmt":"2025-12-02T13:24:14","slug":"huslog-dus-bucal-al-050231","status":"publish","type":"product","link":"https:\/\/shopatoa.com\/ro\/huslog-dus-bucal-al-050231\/","title":{"rendered":"Huslog Du\u0219 bucal AL-050231"},"content":{"rendered":"<p>Du\u0219ul bucal este instrumentul ideal pentru igiena oral\u0103 zilnic\u0103. \u00cendep\u0103rteaz\u0103 temeinic bacteriile \u0219i murd\u0103ria cu moduri reglabile \u0219i intensitatea presiunii apei. Dispozitivul este u\u0219or de utilizat \u0219i f\u0103r\u0103 fir. Acesta este conceput pentru a oferi o cur\u0103\u021bare eficient\u0103 \u0219i confort \u00een utilizare.<\/p>\n","protected":false},"excerpt":{"rendered":"<p>Du\u0219ul bucal este instrumentul ideal pentru igiena oral\u0103 zilnic\u0103. \u00cendep\u0103rteaz\u0103 temeinic bacteriile \u0219i murd\u0103ria cu moduri reglabile \u0219i intensitatea presiunii apei. Dispozitivul este u\u0219or de utilizat \u0219i f\u0103r\u0103 fir. Acesta este conceput pentru a oferi o cur\u0103\u021bare eficient\u0103 \u0219i confort \u00een utilizare.<\/p>\n","protected":false},"featured_media":257724,"comment_status":"closed","ping_status":"open","template":"","meta":{"_acf_changed":false,"_kadence_starter_templates_imported_post":false,"_kad_post_transparent":"","_kad_post_title":"","_kad_post_layout":"","_kad_post_sidebar_id":"","_kad_post_content_style":"","_kad_post_vertical_padding":"","_kad_post_feature":"","_kad_post_feature_position":"","_kad_post_header":false,"_kad_post_footer":false,"_kad_post_classname":""},"product_brand":[864],"product_cat":[246,709,865],"product_tag":[],"class_list":{"0":"post-257723","1":"product","2":"type-product","3":"status-publish","4":"has-post-thumbnail","6":"product_brand-huslog","7":"product_cat-cosmetice","8":"product_cat-ingrijirea-dentara","9":"product_cat-ingrijirea-interdentala","11":"first","12":"instock","13":"sale","14":"product-type-external","15":"entry","16":"content-bg","17":"loop-entry"},"acf":[],"yoast_head":"<!-- This site is optimized with the Yoast SEO plugin v27.4 - https:\/\/yoast.com\/product\/yoast-seo-wordpress\/ -->\n<title>Huslog Du\u0219 bucal AL-050231 - SHOPATOA.COM<\/title>\n<meta name=\"robots\" content=\"index, follow, max-snippet:-1, max-image-preview:large, max-video-preview:-1\" \/>\n<link rel=\"canonical\" href=\"https:\/\/shopatoa.com\/ro\/huslog-dus-bucal-al-050231\/\" \/>\n<meta property=\"og:locale\" content=\"ro_RO\" \/>\n<meta property=\"og:type\" content=\"article\" \/>\n<meta property=\"og:title\" content=\"Huslog Du\u0219 bucal AL-050231 - SHOPATOA.COM\" \/>\n<meta property=\"og:description\" content=\"Du\u0219ul bucal este instrumentul ideal pentru igiena oral\u0103 zilnic\u0103. \u00cendep\u0103rteaz\u0103 temeinic bacteriile \u0219i murd\u0103ria cu moduri reglabile \u0219i intensitatea presiunii apei. Dispozitivul este u\u0219or de utilizat \u0219i f\u0103r\u0103 fir. Acesta este conceput pentru a oferi o cur\u0103\u021bare eficient\u0103 \u0219i confort \u00een utilizare.\" \/>\n<meta property=\"og:url\" content=\"https:\/\/shopatoa.com\/ro\/huslog-dus-bucal-al-050231\/\" \/>\n<meta property=\"og:site_name\" content=\"SHOPATOA\" \/>\n<meta property=\"article:modified_time\" content=\"2025-12-02T13:24:14+00:00\" \/>\n<meta property=\"og:image\" content=\"https:\/\/storage.googleapis.com\/cz-shopatoa-img\/ro\/b2c64cd4-unnamed-file.webp\" \/>\n\t<meta property=\"og:image:width\" content=\"800\" \/>\n\t<meta property=\"og:image:height\" content=\"800\" \/>\n\t<meta property=\"og:image:type\" content=\"image\/webp\" \/>\n<meta name=\"twitter:card\" content=\"summary_large_image\" \/>\n<script type=\"application\/ld+json\" class=\"yoast-schema-graph\">{\"@context\":\"https:\\\/\\\/schema.org\",\"@graph\":[{\"@type\":\"WebPage\",\"@id\":\"https:\\\/\\\/shopatoa.com\\\/ro\\\/huslog-dus-bucal-al-050231\\\/\",\"url\":\"https:\\\/\\\/shopatoa.com\\\/ro\\\/huslog-dus-bucal-al-050231\\\/\",\"name\":\"Huslog Du\u0219 bucal AL-050231 - SHOPATOA.COM\",\"isPartOf\":{\"@id\":\"https:\\\/\\\/shopatoa.com\\\/ro\\\/#website\"},\"primaryImageOfPage\":{\"@id\":\"https:\\\/\\\/shopatoa.com\\\/ro\\\/huslog-dus-bucal-al-050231\\\/#primaryimage\"},\"image\":{\"@id\":\"https:\\\/\\\/shopatoa.com\\\/ro\\\/huslog-dus-bucal-al-050231\\\/#primaryimage\"},\"thumbnailUrl\":\"https:\\\/\\\/storage.googleapis.com\\\/cz-shopatoa-img\\\/ro\\\/b2c64cd4-unnamed-file.webp\",\"datePublished\":\"2025-04-26T10:40:04+00:00\",\"dateModified\":\"2025-12-02T13:24:14+00:00\",\"breadcrumb\":{\"@id\":\"https:\\\/\\\/shopatoa.com\\\/ro\\\/huslog-dus-bucal-al-050231\\\/#breadcrumb\"},\"inLanguage\":\"ro-RO\",\"potentialAction\":[{\"@type\":\"ReadAction\",\"target\":[\"https:\\\/\\\/shopatoa.com\\\/ro\\\/huslog-dus-bucal-al-050231\\\/\"]}]},{\"@type\":\"ImageObject\",\"inLanguage\":\"ro-RO\",\"@id\":\"https:\\\/\\\/shopatoa.com\\\/ro\\\/huslog-dus-bucal-al-050231\\\/#primaryimage\",\"url\":\"https:\\\/\\\/storage.googleapis.com\\\/cz-shopatoa-img\\\/ro\\\/b2c64cd4-unnamed-file.webp\",\"contentUrl\":\"https:\\\/\\\/storage.googleapis.com\\\/cz-shopatoa-img\\\/ro\\\/b2c64cd4-unnamed-file.webp\",\"width\":800,\"height\":800},{\"@type\":\"BreadcrumbList\",\"@id\":\"https:\\\/\\\/shopatoa.com\\\/ro\\\/huslog-dus-bucal-al-050231\\\/#breadcrumb\",\"itemListElement\":[{\"@type\":\"ListItem\",\"position\":1,\"name\":\"Dom\u016f\",\"item\":\"https:\\\/\\\/shopatoa.com\\\/ro\\\/\"},{\"@type\":\"ListItem\",\"position\":2,\"name\":\"Shop\",\"item\":\"https:\\\/\\\/shopatoa.com\\\/ro\\\/shop\\\/\"},{\"@type\":\"ListItem\",\"position\":3,\"name\":\"Cosmetice\",\"item\":\"https:\\\/\\\/shopatoa.com\\\/ro\\\/cosmetice\\\/\"},{\"@type\":\"ListItem\",\"position\":4,\"name\":\"\u00cengrijirea dentar\u0103\",\"item\":\"https:\\\/\\\/shopatoa.com\\\/ro\\\/ingrijirea-dentara\\\/\"},{\"@type\":\"ListItem\",\"position\":5,\"name\":\"\u00cengrijirea interdental\u0103\",\"item\":\"https:\\\/\\\/shopatoa.com\\\/ro\\\/ingrijirea-interdentala\\\/\"},{\"@type\":\"ListItem\",\"position\":6,\"name\":\"Huslog Du\u0219 bucal AL-050231\"}]},{\"@type\":\"WebSite\",\"@id\":\"https:\\\/\\\/shopatoa.com\\\/ro\\\/#website\",\"url\":\"https:\\\/\\\/shopatoa.com\\\/ro\\\/\",\"name\":\"SHOPATOA\",\"description\":\"\",\"publisher\":{\"@id\":\"https:\\\/\\\/shopatoa.com\\\/ro\\\/#organization\"},\"potentialAction\":[{\"@type\":\"SearchAction\",\"target\":{\"@type\":\"EntryPoint\",\"urlTemplate\":\"https:\\\/\\\/shopatoa.com\\\/ro\\\/?s={search_term_string}\"},\"query-input\":{\"@type\":\"PropertyValueSpecification\",\"valueRequired\":true,\"valueName\":\"search_term_string\"}}],\"inLanguage\":\"ro-RO\"},{\"@type\":\"Organization\",\"@id\":\"https:\\\/\\\/shopatoa.com\\\/ro\\\/#organization\",\"name\":\"SHOPATOA\",\"url\":\"https:\\\/\\\/shopatoa.com\\\/ro\\\/\",\"logo\":{\"@type\":\"ImageObject\",\"inLanguage\":\"ro-RO\",\"@id\":\"https:\\\/\\\/shopatoa.com\\\/ro\\\/#\\\/schema\\\/logo\\\/image\\\/\",\"url\":\"https:\\\/\\\/storage.googleapis.com\\\/cz-shopatoa-img\\\/ro\\\/b4dac915-shopatoa_logo.png\",\"contentUrl\":\"https:\\\/\\\/storage.googleapis.com\\\/cz-shopatoa-img\\\/ro\\\/b4dac915-shopatoa_logo.png\",\"width\":416,\"height\":63,\"caption\":\"SHOPATOA\"},\"image\":{\"@id\":\"https:\\\/\\\/shopatoa.com\\\/ro\\\/#\\\/schema\\\/logo\\\/image\\\/\"}}]}<\/script>\n<!-- \/ Yoast SEO plugin. -->","yoast_head_json":{"title":"Huslog Du\u0219 bucal AL-050231 - SHOPATOA.COM","robots":{"index":"index","follow":"follow","max-snippet":"max-snippet:-1","max-image-preview":"max-image-preview:large","max-video-preview":"max-video-preview:-1"},"canonical":"https:\/\/shopatoa.com\/ro\/huslog-dus-bucal-al-050231\/","og_locale":"ro_RO","og_type":"article","og_title":"Huslog Du\u0219 bucal AL-050231 - SHOPATOA.COM","og_description":"Du\u0219ul bucal este instrumentul ideal pentru igiena oral\u0103 zilnic\u0103. \u00cendep\u0103rteaz\u0103 temeinic bacteriile \u0219i murd\u0103ria cu moduri reglabile \u0219i intensitatea presiunii apei. Dispozitivul este u\u0219or de utilizat \u0219i f\u0103r\u0103 fir. Acesta este conceput pentru a oferi o cur\u0103\u021bare eficient\u0103 \u0219i confort \u00een utilizare.","og_url":"https:\/\/shopatoa.com\/ro\/huslog-dus-bucal-al-050231\/","og_site_name":"SHOPATOA","article_modified_time":"2025-12-02T13:24:14+00:00","og_image":[{"width":800,"height":800,"url":"https:\/\/storage.googleapis.com\/cz-shopatoa-img\/ro\/b2c64cd4-unnamed-file.webp","type":"image\/webp"}],"twitter_card":"summary_large_image","schema":{"@context":"https:\/\/schema.org","@graph":[{"@type":"WebPage","@id":"https:\/\/shopatoa.com\/ro\/huslog-dus-bucal-al-050231\/","url":"https:\/\/shopatoa.com\/ro\/huslog-dus-bucal-al-050231\/","name":"Huslog Du\u0219 bucal AL-050231 - SHOPATOA.COM","isPartOf":{"@id":"https:\/\/shopatoa.com\/ro\/#website"},"primaryImageOfPage":{"@id":"https:\/\/shopatoa.com\/ro\/huslog-dus-bucal-al-050231\/#primaryimage"},"image":{"@id":"https:\/\/shopatoa.com\/ro\/huslog-dus-bucal-al-050231\/#primaryimage"},"thumbnailUrl":"https:\/\/storage.googleapis.com\/cz-shopatoa-img\/ro\/b2c64cd4-unnamed-file.webp","datePublished":"2025-04-26T10:40:04+00:00","dateModified":"2025-12-02T13:24:14+00:00","breadcrumb":{"@id":"https:\/\/shopatoa.com\/ro\/huslog-dus-bucal-al-050231\/#breadcrumb"},"inLanguage":"ro-RO","potentialAction":[{"@type":"ReadAction","target":["https:\/\/shopatoa.com\/ro\/huslog-dus-bucal-al-050231\/"]}]},{"@type":"ImageObject","inLanguage":"ro-RO","@id":"https:\/\/shopatoa.com\/ro\/huslog-dus-bucal-al-050231\/#primaryimage","url":"https:\/\/storage.googleapis.com\/cz-shopatoa-img\/ro\/b2c64cd4-unnamed-file.webp","contentUrl":"https:\/\/storage.googleapis.com\/cz-shopatoa-img\/ro\/b2c64cd4-unnamed-file.webp","width":800,"height":800},{"@type":"BreadcrumbList","@id":"https:\/\/shopatoa.com\/ro\/huslog-dus-bucal-al-050231\/#breadcrumb","itemListElement":[{"@type":"ListItem","position":1,"name":"Dom\u016f","item":"https:\/\/shopatoa.com\/ro\/"},{"@type":"ListItem","position":2,"name":"Shop","item":"https:\/\/shopatoa.com\/ro\/shop\/"},{"@type":"ListItem","position":3,"name":"Cosmetice","item":"https:\/\/shopatoa.com\/ro\/cosmetice\/"},{"@type":"ListItem","position":4,"name":"\u00cengrijirea dentar\u0103","item":"https:\/\/shopatoa.com\/ro\/ingrijirea-dentara\/"},{"@type":"ListItem","position":5,"name":"\u00cengrijirea interdental\u0103","item":"https:\/\/shopatoa.com\/ro\/ingrijirea-interdentala\/"},{"@type":"ListItem","position":6,"name":"Huslog Du\u0219 bucal AL-050231"}]},{"@type":"WebSite","@id":"https:\/\/shopatoa.com\/ro\/#website","url":"https:\/\/shopatoa.com\/ro\/","name":"SHOPATOA","description":"","publisher":{"@id":"https:\/\/shopatoa.com\/ro\/#organization"},"potentialAction":[{"@type":"SearchAction","target":{"@type":"EntryPoint","urlTemplate":"https:\/\/shopatoa.com\/ro\/?s={search_term_string}"},"query-input":{"@type":"PropertyValueSpecification","valueRequired":true,"valueName":"search_term_string"}}],"inLanguage":"ro-RO"},{"@type":"Organization","@id":"https:\/\/shopatoa.com\/ro\/#organization","name":"SHOPATOA","url":"https:\/\/shopatoa.com\/ro\/","logo":{"@type":"ImageObject","inLanguage":"ro-RO","@id":"https:\/\/shopatoa.com\/ro\/#\/schema\/logo\/image\/","url":"https:\/\/storage.googleapis.com\/cz-shopatoa-img\/ro\/b4dac915-shopatoa_logo.png","contentUrl":"https:\/\/storage.googleapis.com\/cz-shopatoa-img\/ro\/b4dac915-shopatoa_logo.png","width":416,"height":63,"caption":"SHOPATOA"},"image":{"@id":"https:\/\/shopatoa.com\/ro\/#\/schema\/logo\/image\/"}}]}},"_links":{"self":[{"href":"https:\/\/shopatoa.com\/ro\/wp-json\/wp\/v2\/product\/257723","targetHints":{"allow":["GET"]}}],"collection":[{"href":"https:\/\/shopatoa.com\/ro\/wp-json\/wp\/v2\/product"}],"about":[{"href":"https:\/\/shopatoa.com\/ro\/wp-json\/wp\/v2\/types\/product"}],"replies":[{"embeddable":true,"href":"https:\/\/shopatoa.com\/ro\/wp-json\/wp\/v2\/comments?post=257723"}],"wp:featuredmedia":[{"embeddable":true,"href":"https:\/\/shopatoa.com\/ro\/wp-json\/wp\/v2\/media\/257724"}],"wp:attachment":[{"href":"https:\/\/shopatoa.com\/ro\/wp-json\/wp\/v2\/media?parent=257723"}],"wp:term":[{"taxonomy":"product_brand","embeddable":true,"href":"https:\/\/shopatoa.com\/ro\/wp-json\/wp\/v2\/product_brand?post=257723"},{"taxonomy":"product_cat","embeddable":true,"href":"https:\/\/shopatoa.com\/ro\/wp-json\/wp\/v2\/product_cat?post=257723"},{"taxonomy":"product_tag","embeddable":true,"href":"https:\/\/shopatoa.com\/ro\/wp-json\/wp\/v2\/product_tag?post=257723"}],"curies":[{"name":"wp","href":"https:\/\/api.w.org\/{rel}","templated":true}]}}