{"id":257969,"date":"2025-04-26T13:30:39","date_gmt":"2025-04-26T11:30:39","guid":{"rendered":"https:\/\/shopatoa.com\/ro\/kenzo-kenzo-pour-homme-2022-edt-tester-110-ml\/"},"modified":"2025-09-16T10:29:33","modified_gmt":"2025-09-16T08:29:33","slug":"kenzo-kenzo-pour-homme-2022-edt-tester-110-ml","status":"publish","type":"product","link":"https:\/\/shopatoa.com\/ro\/kenzo-kenzo-pour-homme-2022-edt-tester-110-ml\/","title":{"rendered":"Kenzo Kenzo Pour Homme (2022) &#8211; EDT &#8211; TESTER 110 ml"},"content":{"rendered":"<p>Kenzo Pour Homme este o ap\u0103 de toalet\u0103 atemporal\u0103 pentru b\u0103rba\u021bi, inspirat\u0103 de intensitatea m\u0103rii \u0219i lini\u0219tea brizei m\u0103rii. \u00cen primul r\u00e2nd, ve\u021bi fi \u00eent\u00e2mpinat de note marine proaspete. Inima apar\u021bine aromei parfumului aromat de pin, iar la baz\u0103 ve\u021bi sim\u021bi notele luxoase de lemn de santal. Toat\u0103 compozi\u021bia evoc\u0103 o plimbare lini\u0219tit\u0103 pe malul m\u0103rii plin cu copaci. \u00cenc\u00e2nta\u021bi-v\u0103 sim\u021burile cu un parfum sc\u00e2nteietor \u0219i unic, care v\u0103 va trezi dorin\u021ba de libertate \u0219i independen\u021b\u0103. Mirosul inspirat de calmul puternic al m\u0103rii v\u0103 va transporta \u00eentr-o alt\u0103 dimensiune \u2013 oceanul nesf\u00e2r\u0219it, apusul \u0219i briza s\u0103rat\u0103 a m\u0103rii v\u0103 vor oferi sentimentul dorit de ne\u00eengr\u0103dit \u0219i libertate. Flaconul emblematic din bambus, care arat\u0103 ca o katana te\u0219it\u0103 &#8211; o sabie de samurai, a fost creat cu g\u00e2ndul la durabilitate \u0219i con\u021bine 15% sticl\u0103 reciclat\u0103, iar capacul con\u021bine cu 34% mai pu\u021bin plastic. Parfumul a fost creat de Christian Matthieu \u00een anul 2022.<\/p>\n","protected":false},"excerpt":{"rendered":"<p>Kenzo Pour Homme este o ap\u0103 de toalet\u0103 atemporal\u0103 pentru b\u0103rba\u021bi, inspirat\u0103 de intensitatea m\u0103rii \u0219i lini\u0219tea brizei m\u0103rii. \u00cen primul r\u00e2nd, ve\u021bi fi \u00eent\u00e2mpinat de note marine proaspete. Inima apar\u021bine aromei parfumului aromat de pin, iar la baz\u0103 ve\u021bi sim\u021bi notele luxoase de lemn de santal. Toat\u0103 compozi\u021bia evoc\u0103 o plimbare lini\u0219tit\u0103 pe malul&#8230;<\/p>\n","protected":false},"featured_media":257970,"comment_status":"closed","ping_status":"open","template":"","meta":{"_acf_changed":false,"_kadence_starter_templates_imported_post":false,"_kad_post_transparent":"","_kad_post_title":"","_kad_post_layout":"","_kad_post_sidebar_id":"","_kad_post_content_style":"","_kad_post_vertical_padding":"","_kad_post_feature":"","_kad_post_feature_position":"","_kad_post_header":false,"_kad_post_footer":false,"_kad_post_classname":""},"product_brand":[401],"product_cat":[614,701],"product_tag":[],"class_list":{"0":"post-257969","1":"product","2":"type-product","3":"status-publish","4":"has-post-thumbnail","6":"product_brand-kenzo","7":"product_cat-parfumuri","8":"product_cat-testere","10":"first","11":"instock","12":"product-type-external","13":"entry","14":"content-bg","15":"loop-entry"},"acf":[],"yoast_head":"<!-- This site is optimized with the Yoast SEO plugin v27.4 - https:\/\/yoast.com\/product\/yoast-seo-wordpress\/ -->\n<title>Kenzo Kenzo Pour Homme (2022) - EDT - TESTER 110 ml - SHOPATOA.COM<\/title>\n<meta name=\"robots\" content=\"index, follow, max-snippet:-1, max-image-preview:large, max-video-preview:-1\" \/>\n<link rel=\"canonical\" href=\"https:\/\/shopatoa.com\/ro\/kenzo-kenzo-pour-homme-2022-edt-tester-110-ml\/\" \/>\n<meta property=\"og:locale\" content=\"ro_RO\" \/>\n<meta property=\"og:type\" content=\"article\" \/>\n<meta property=\"og:title\" content=\"Kenzo Kenzo Pour Homme (2022) - EDT - TESTER 110 ml - SHOPATOA.COM\" \/>\n<meta property=\"og:description\" content=\"Kenzo Pour Homme este o ap\u0103 de toalet\u0103 atemporal\u0103 pentru b\u0103rba\u021bi, inspirat\u0103 de intensitatea m\u0103rii \u0219i lini\u0219tea brizei m\u0103rii. \u00cen primul r\u00e2nd, ve\u021bi fi \u00eent\u00e2mpinat de note marine proaspete. Inima apar\u021bine aromei parfumului aromat de pin, iar la baz\u0103 ve\u021bi sim\u021bi notele luxoase de lemn de santal. Toat\u0103 compozi\u021bia evoc\u0103 o plimbare lini\u0219tit\u0103 pe malul...\" \/>\n<meta property=\"og:url\" content=\"https:\/\/shopatoa.com\/ro\/kenzo-kenzo-pour-homme-2022-edt-tester-110-ml\/\" \/>\n<meta property=\"og:site_name\" content=\"SHOPATOA\" \/>\n<meta property=\"article:modified_time\" content=\"2025-09-16T08:29:33+00:00\" \/>\n<meta property=\"og:image\" content=\"https:\/\/storage.googleapis.com\/cz-shopatoa-img\/ro\/94c7766c-unnamed-file.webp\" \/>\n\t<meta property=\"og:image:width\" content=\"800\" \/>\n\t<meta property=\"og:image:height\" content=\"800\" \/>\n\t<meta property=\"og:image:type\" content=\"image\/webp\" \/>\n<meta name=\"twitter:card\" content=\"summary_large_image\" \/>\n<meta name=\"twitter:label1\" content=\"Timp estimat pentru citire\" \/>\n\t<meta name=\"twitter:data1\" content=\"1 minut\" \/>\n<script type=\"application\/ld+json\" class=\"yoast-schema-graph\">{\"@context\":\"https:\\\/\\\/schema.org\",\"@graph\":[{\"@type\":\"WebPage\",\"@id\":\"https:\\\/\\\/shopatoa.com\\\/ro\\\/kenzo-kenzo-pour-homme-2022-edt-tester-110-ml\\\/\",\"url\":\"https:\\\/\\\/shopatoa.com\\\/ro\\\/kenzo-kenzo-pour-homme-2022-edt-tester-110-ml\\\/\",\"name\":\"Kenzo Kenzo Pour Homme (2022) - EDT - TESTER 110 ml - SHOPATOA.COM\",\"isPartOf\":{\"@id\":\"https:\\\/\\\/shopatoa.com\\\/ro\\\/#website\"},\"primaryImageOfPage\":{\"@id\":\"https:\\\/\\\/shopatoa.com\\\/ro\\\/kenzo-kenzo-pour-homme-2022-edt-tester-110-ml\\\/#primaryimage\"},\"image\":{\"@id\":\"https:\\\/\\\/shopatoa.com\\\/ro\\\/kenzo-kenzo-pour-homme-2022-edt-tester-110-ml\\\/#primaryimage\"},\"thumbnailUrl\":\"https:\\\/\\\/storage.googleapis.com\\\/cz-shopatoa-img\\\/ro\\\/94c7766c-unnamed-file.webp\",\"datePublished\":\"2025-04-26T11:30:39+00:00\",\"dateModified\":\"2025-09-16T08:29:33+00:00\",\"breadcrumb\":{\"@id\":\"https:\\\/\\\/shopatoa.com\\\/ro\\\/kenzo-kenzo-pour-homme-2022-edt-tester-110-ml\\\/#breadcrumb\"},\"inLanguage\":\"ro-RO\",\"potentialAction\":[{\"@type\":\"ReadAction\",\"target\":[\"https:\\\/\\\/shopatoa.com\\\/ro\\\/kenzo-kenzo-pour-homme-2022-edt-tester-110-ml\\\/\"]}]},{\"@type\":\"ImageObject\",\"inLanguage\":\"ro-RO\",\"@id\":\"https:\\\/\\\/shopatoa.com\\\/ro\\\/kenzo-kenzo-pour-homme-2022-edt-tester-110-ml\\\/#primaryimage\",\"url\":\"https:\\\/\\\/storage.googleapis.com\\\/cz-shopatoa-img\\\/ro\\\/94c7766c-unnamed-file.webp\",\"contentUrl\":\"https:\\\/\\\/storage.googleapis.com\\\/cz-shopatoa-img\\\/ro\\\/94c7766c-unnamed-file.webp\",\"width\":800,\"height\":800},{\"@type\":\"BreadcrumbList\",\"@id\":\"https:\\\/\\\/shopatoa.com\\\/ro\\\/kenzo-kenzo-pour-homme-2022-edt-tester-110-ml\\\/#breadcrumb\",\"itemListElement\":[{\"@type\":\"ListItem\",\"position\":1,\"name\":\"Dom\u016f\",\"item\":\"https:\\\/\\\/shopatoa.com\\\/ro\\\/\"},{\"@type\":\"ListItem\",\"position\":2,\"name\":\"Shop\",\"item\":\"https:\\\/\\\/shopatoa.com\\\/ro\\\/shop\\\/\"},{\"@type\":\"ListItem\",\"position\":3,\"name\":\"Parfumuri\",\"item\":\"https:\\\/\\\/shopatoa.com\\\/ro\\\/parfumuri\\\/\"},{\"@type\":\"ListItem\",\"position\":4,\"name\":\"Testere\",\"item\":\"https:\\\/\\\/shopatoa.com\\\/ro\\\/testere\\\/\"},{\"@type\":\"ListItem\",\"position\":5,\"name\":\"Kenzo Kenzo Pour Homme (2022) &#8211; EDT &#8211; TESTER 110 ml\"}]},{\"@type\":\"WebSite\",\"@id\":\"https:\\\/\\\/shopatoa.com\\\/ro\\\/#website\",\"url\":\"https:\\\/\\\/shopatoa.com\\\/ro\\\/\",\"name\":\"SHOPATOA\",\"description\":\"\",\"publisher\":{\"@id\":\"https:\\\/\\\/shopatoa.com\\\/ro\\\/#organization\"},\"potentialAction\":[{\"@type\":\"SearchAction\",\"target\":{\"@type\":\"EntryPoint\",\"urlTemplate\":\"https:\\\/\\\/shopatoa.com\\\/ro\\\/?s={search_term_string}\"},\"query-input\":{\"@type\":\"PropertyValueSpecification\",\"valueRequired\":true,\"valueName\":\"search_term_string\"}}],\"inLanguage\":\"ro-RO\"},{\"@type\":\"Organization\",\"@id\":\"https:\\\/\\\/shopatoa.com\\\/ro\\\/#organization\",\"name\":\"SHOPATOA\",\"url\":\"https:\\\/\\\/shopatoa.com\\\/ro\\\/\",\"logo\":{\"@type\":\"ImageObject\",\"inLanguage\":\"ro-RO\",\"@id\":\"https:\\\/\\\/shopatoa.com\\\/ro\\\/#\\\/schema\\\/logo\\\/image\\\/\",\"url\":\"https:\\\/\\\/storage.googleapis.com\\\/cz-shopatoa-img\\\/ro\\\/b4dac915-shopatoa_logo.png\",\"contentUrl\":\"https:\\\/\\\/storage.googleapis.com\\\/cz-shopatoa-img\\\/ro\\\/b4dac915-shopatoa_logo.png\",\"width\":416,\"height\":63,\"caption\":\"SHOPATOA\"},\"image\":{\"@id\":\"https:\\\/\\\/shopatoa.com\\\/ro\\\/#\\\/schema\\\/logo\\\/image\\\/\"}}]}<\/script>\n<!-- \/ Yoast SEO plugin. -->","yoast_head_json":{"title":"Kenzo Kenzo Pour Homme (2022) - EDT - TESTER 110 ml - SHOPATOA.COM","robots":{"index":"index","follow":"follow","max-snippet":"max-snippet:-1","max-image-preview":"max-image-preview:large","max-video-preview":"max-video-preview:-1"},"canonical":"https:\/\/shopatoa.com\/ro\/kenzo-kenzo-pour-homme-2022-edt-tester-110-ml\/","og_locale":"ro_RO","og_type":"article","og_title":"Kenzo Kenzo Pour Homme (2022) - EDT - TESTER 110 ml - SHOPATOA.COM","og_description":"Kenzo Pour Homme este o ap\u0103 de toalet\u0103 atemporal\u0103 pentru b\u0103rba\u021bi, inspirat\u0103 de intensitatea m\u0103rii \u0219i lini\u0219tea brizei m\u0103rii. \u00cen primul r\u00e2nd, ve\u021bi fi \u00eent\u00e2mpinat de note marine proaspete. Inima apar\u021bine aromei parfumului aromat de pin, iar la baz\u0103 ve\u021bi sim\u021bi notele luxoase de lemn de santal. Toat\u0103 compozi\u021bia evoc\u0103 o plimbare lini\u0219tit\u0103 pe malul...","og_url":"https:\/\/shopatoa.com\/ro\/kenzo-kenzo-pour-homme-2022-edt-tester-110-ml\/","og_site_name":"SHOPATOA","article_modified_time":"2025-09-16T08:29:33+00:00","og_image":[{"width":800,"height":800,"url":"https:\/\/storage.googleapis.com\/cz-shopatoa-img\/ro\/94c7766c-unnamed-file.webp","type":"image\/webp"}],"twitter_card":"summary_large_image","twitter_misc":{"Timp estimat pentru citire":"1 minut"},"schema":{"@context":"https:\/\/schema.org","@graph":[{"@type":"WebPage","@id":"https:\/\/shopatoa.com\/ro\/kenzo-kenzo-pour-homme-2022-edt-tester-110-ml\/","url":"https:\/\/shopatoa.com\/ro\/kenzo-kenzo-pour-homme-2022-edt-tester-110-ml\/","name":"Kenzo Kenzo Pour Homme (2022) - EDT - TESTER 110 ml - SHOPATOA.COM","isPartOf":{"@id":"https:\/\/shopatoa.com\/ro\/#website"},"primaryImageOfPage":{"@id":"https:\/\/shopatoa.com\/ro\/kenzo-kenzo-pour-homme-2022-edt-tester-110-ml\/#primaryimage"},"image":{"@id":"https:\/\/shopatoa.com\/ro\/kenzo-kenzo-pour-homme-2022-edt-tester-110-ml\/#primaryimage"},"thumbnailUrl":"https:\/\/storage.googleapis.com\/cz-shopatoa-img\/ro\/94c7766c-unnamed-file.webp","datePublished":"2025-04-26T11:30:39+00:00","dateModified":"2025-09-16T08:29:33+00:00","breadcrumb":{"@id":"https:\/\/shopatoa.com\/ro\/kenzo-kenzo-pour-homme-2022-edt-tester-110-ml\/#breadcrumb"},"inLanguage":"ro-RO","potentialAction":[{"@type":"ReadAction","target":["https:\/\/shopatoa.com\/ro\/kenzo-kenzo-pour-homme-2022-edt-tester-110-ml\/"]}]},{"@type":"ImageObject","inLanguage":"ro-RO","@id":"https:\/\/shopatoa.com\/ro\/kenzo-kenzo-pour-homme-2022-edt-tester-110-ml\/#primaryimage","url":"https:\/\/storage.googleapis.com\/cz-shopatoa-img\/ro\/94c7766c-unnamed-file.webp","contentUrl":"https:\/\/storage.googleapis.com\/cz-shopatoa-img\/ro\/94c7766c-unnamed-file.webp","width":800,"height":800},{"@type":"BreadcrumbList","@id":"https:\/\/shopatoa.com\/ro\/kenzo-kenzo-pour-homme-2022-edt-tester-110-ml\/#breadcrumb","itemListElement":[{"@type":"ListItem","position":1,"name":"Dom\u016f","item":"https:\/\/shopatoa.com\/ro\/"},{"@type":"ListItem","position":2,"name":"Shop","item":"https:\/\/shopatoa.com\/ro\/shop\/"},{"@type":"ListItem","position":3,"name":"Parfumuri","item":"https:\/\/shopatoa.com\/ro\/parfumuri\/"},{"@type":"ListItem","position":4,"name":"Testere","item":"https:\/\/shopatoa.com\/ro\/testere\/"},{"@type":"ListItem","position":5,"name":"Kenzo Kenzo Pour Homme (2022) &#8211; EDT &#8211; TESTER 110 ml"}]},{"@type":"WebSite","@id":"https:\/\/shopatoa.com\/ro\/#website","url":"https:\/\/shopatoa.com\/ro\/","name":"SHOPATOA","description":"","publisher":{"@id":"https:\/\/shopatoa.com\/ro\/#organization"},"potentialAction":[{"@type":"SearchAction","target":{"@type":"EntryPoint","urlTemplate":"https:\/\/shopatoa.com\/ro\/?s={search_term_string}"},"query-input":{"@type":"PropertyValueSpecification","valueRequired":true,"valueName":"search_term_string"}}],"inLanguage":"ro-RO"},{"@type":"Organization","@id":"https:\/\/shopatoa.com\/ro\/#organization","name":"SHOPATOA","url":"https:\/\/shopatoa.com\/ro\/","logo":{"@type":"ImageObject","inLanguage":"ro-RO","@id":"https:\/\/shopatoa.com\/ro\/#\/schema\/logo\/image\/","url":"https:\/\/storage.googleapis.com\/cz-shopatoa-img\/ro\/b4dac915-shopatoa_logo.png","contentUrl":"https:\/\/storage.googleapis.com\/cz-shopatoa-img\/ro\/b4dac915-shopatoa_logo.png","width":416,"height":63,"caption":"SHOPATOA"},"image":{"@id":"https:\/\/shopatoa.com\/ro\/#\/schema\/logo\/image\/"}}]}},"_links":{"self":[{"href":"https:\/\/shopatoa.com\/ro\/wp-json\/wp\/v2\/product\/257969","targetHints":{"allow":["GET"]}}],"collection":[{"href":"https:\/\/shopatoa.com\/ro\/wp-json\/wp\/v2\/product"}],"about":[{"href":"https:\/\/shopatoa.com\/ro\/wp-json\/wp\/v2\/types\/product"}],"replies":[{"embeddable":true,"href":"https:\/\/shopatoa.com\/ro\/wp-json\/wp\/v2\/comments?post=257969"}],"wp:featuredmedia":[{"embeddable":true,"href":"https:\/\/shopatoa.com\/ro\/wp-json\/wp\/v2\/media\/257970"}],"wp:attachment":[{"href":"https:\/\/shopatoa.com\/ro\/wp-json\/wp\/v2\/media?parent=257969"}],"wp:term":[{"taxonomy":"product_brand","embeddable":true,"href":"https:\/\/shopatoa.com\/ro\/wp-json\/wp\/v2\/product_brand?post=257969"},{"taxonomy":"product_cat","embeddable":true,"href":"https:\/\/shopatoa.com\/ro\/wp-json\/wp\/v2\/product_cat?post=257969"},{"taxonomy":"product_tag","embeddable":true,"href":"https:\/\/shopatoa.com\/ro\/wp-json\/wp\/v2\/product_tag?post=257969"}],"curies":[{"name":"wp","href":"https:\/\/api.w.org\/{rel}","templated":true}]}}