{"id":257971,"date":"2025-04-26T13:30:49","date_gmt":"2025-04-26T11:30:49","guid":{"rendered":"https:\/\/shopatoa.com\/ro\/tanita-cantar-inteligent-pentru-familie-bc-333le\/"},"modified":"2025-12-09T23:03:27","modified_gmt":"2025-12-09T22:03:27","slug":"tanita-cantar-inteligent-pentru-familie-bc-333le","status":"publish","type":"product","link":"https:\/\/shopatoa.com\/ro\/tanita-cantar-inteligent-pentru-familie-bc-333le\/","title":{"rendered":"Tanita Cantar inteligent pentru familie BC-333LE"},"content":{"rendered":"<p>Ob\u021bine\u021bi controlul asupra s\u0103n\u0103t\u0103\u021bii familiei dvs. dincolo de greutate \u0219i IMC. Acum pute\u021bi m\u0103sura masa muscular\u0103 \u0219i adipoas\u0103 pentru fiecare membru al familiei cu v\u00e2rsta de peste 5 ani. Transferarea valorilor m\u0103surate \u00een aplica\u021bia My Tanita v\u0103 permite s\u0103 v\u0103 monitoriza\u021bi progresul \u00eentr-un program de fitness sau diet\u0103. \u021ainti\u021bi dezvoltarea masei musculare \u0219i face\u021bii pe cei mici s\u0103 se simt\u0103 ca ni\u0219te supereroi, pe m\u0103sur\u0103 ce devin mai puternici prin activitate fizic\u0103 \u0219i alimenta\u021bie delicioas\u0103, dar s\u0103n\u0103toas\u0103! Aceast\u0103 sus\u021binere pozitiv\u0103 este esen\u021bial\u0103 pentru o dezvoltare s\u0103n\u0103toas\u0103 \u0219i stabile\u0219te bazele unor obiceiuri benefice ce vor fi men\u021binute pe tot parcursul vie\u021bii. Datele de s\u0103n\u0103tate ale familiei dvs. la \u00eendem\u00e2n\u0103. C\u00e2ntarul inteligent BC-333LE se integreaz\u0103 perfect cu aplica\u021bia gratuit\u0103 MyTANITA, f\u0103c\u00e2nd monitorizarea s\u0103n\u0103t\u0103\u021bii o activitate simpl\u0103 \u0219i captivant\u0103 pentru \u00eentreaga familie. Precizie axat\u0103 pe copil: c\u00e2ntarul inteligent de analiz\u0103 corporal\u0103 Tanita BC-333LE, special adaptat pentru tinerii campioni, ofer\u0103 o imagine de ansamblu cuprinz\u0103toare asupra st\u0103rii de s\u0103n\u0103tate, inclusiv masa muscular\u0103, masa osoas\u0103, procentul de gr\u0103sime corporal\u0103 \u0219i IMC pentru copiii cu v\u00e2rsta de 5 ani \u00een sus. Aceast\u0103 precizie asigur\u0103 c\u0103 monitorizarea s\u0103n\u0103t\u0103\u021bii este adaptat\u0103 nevoilor unice ale organismelor \u00een cre\u0219tere ale copiilor. O m\u0103sur\u0103toare unic\u0103 a masei musculare pentru copii: Tanita BC-333LE v\u0103 ofer\u0103 o imagine unic\u0103 asupra dezvolt\u0103rii copilului dvs. prin m\u0103surarea masei musculare de la v\u00e2rsta de cinci ani. Copiii \u00eenva\u021b\u0103 s\u0103-\u0219i \u00een\u021beleag\u0103 mai bine corpul \u0219i pot dob\u00e2ndi obiceiuri pozitive pentru dezvoltarea lor.<\/p>\n","protected":false},"excerpt":{"rendered":"<p>Ob\u021bine\u021bi controlul asupra s\u0103n\u0103t\u0103\u021bii familiei dvs. dincolo de greutate \u0219i IMC. Acum pute\u021bi m\u0103sura masa muscular\u0103 \u0219i adipoas\u0103 pentru fiecare membru al familiei cu v\u00e2rsta de peste 5 ani. Transferarea valorilor m\u0103surate \u00een aplica\u021bia My Tanita v\u0103 permite s\u0103 v\u0103 monitoriza\u021bi progresul \u00eentr-un program de fitness sau diet\u0103. \u021ainti\u021bi dezvoltarea masei musculare \u0219i face\u021bii pe&#8230;<\/p>\n","protected":false},"featured_media":257972,"comment_status":"closed","ping_status":"open","template":"","meta":{"_acf_changed":false,"_kadence_starter_templates_imported_post":false,"_kad_post_transparent":"","_kad_post_title":"","_kad_post_layout":"","_kad_post_sidebar_id":"","_kad_post_content_style":"","_kad_post_vertical_padding":"","_kad_post_feature":"","_kad_post_feature_position":"","_kad_post_header":false,"_kad_post_footer":false,"_kad_post_classname":""},"product_brand":[872],"product_cat":[733,758,353],"product_tag":[],"class_list":{"0":"post-257971","1":"product","2":"type-product","3":"status-publish","4":"has-post-thumbnail","6":"product_brand-tanita","7":"product_cat-aparate-si-ajutoare-de-sanatate","8":"product_cat-cantare-si-analizoare-de-grasime","9":"product_cat-sanatate","11":"first","12":"instock","13":"product-type-external","14":"entry","15":"content-bg","16":"loop-entry"},"acf":[],"yoast_head":"<!-- This site is optimized with the Yoast SEO plugin v27.4 - https:\/\/yoast.com\/product\/yoast-seo-wordpress\/ -->\n<title>Tanita Cantar inteligent pentru familie BC-333LE - SHOPATOA.COM<\/title>\n<meta name=\"robots\" content=\"index, follow, max-snippet:-1, max-image-preview:large, max-video-preview:-1\" \/>\n<link rel=\"canonical\" href=\"https:\/\/shopatoa.com\/ro\/tanita-cantar-inteligent-pentru-familie-bc-333le\/\" \/>\n<meta property=\"og:locale\" content=\"ro_RO\" \/>\n<meta property=\"og:type\" content=\"article\" \/>\n<meta property=\"og:title\" content=\"Tanita Cantar inteligent pentru familie BC-333LE - SHOPATOA.COM\" \/>\n<meta property=\"og:description\" content=\"Ob\u021bine\u021bi controlul asupra s\u0103n\u0103t\u0103\u021bii familiei dvs. dincolo de greutate \u0219i IMC. Acum pute\u021bi m\u0103sura masa muscular\u0103 \u0219i adipoas\u0103 pentru fiecare membru al familiei cu v\u00e2rsta de peste 5 ani. Transferarea valorilor m\u0103surate \u00een aplica\u021bia My Tanita v\u0103 permite s\u0103 v\u0103 monitoriza\u021bi progresul \u00eentr-un program de fitness sau diet\u0103. \u021ainti\u021bi dezvoltarea masei musculare \u0219i face\u021bii pe...\" \/>\n<meta property=\"og:url\" content=\"https:\/\/shopatoa.com\/ro\/tanita-cantar-inteligent-pentru-familie-bc-333le\/\" \/>\n<meta property=\"og:site_name\" content=\"SHOPATOA\" \/>\n<meta property=\"article:modified_time\" content=\"2025-12-09T22:03:27+00:00\" \/>\n<meta property=\"og:image\" content=\"https:\/\/storage.googleapis.com\/cz-shopatoa-img\/ro\/5beb64d2-unnamed-file.webp\" \/>\n\t<meta property=\"og:image:width\" content=\"800\" \/>\n\t<meta property=\"og:image:height\" content=\"800\" \/>\n\t<meta property=\"og:image:type\" content=\"image\/webp\" \/>\n<meta name=\"twitter:card\" content=\"summary_large_image\" \/>\n<meta name=\"twitter:label1\" content=\"Timp estimat pentru citire\" \/>\n\t<meta name=\"twitter:data1\" content=\"1 minut\" \/>\n<script type=\"application\/ld+json\" class=\"yoast-schema-graph\">{\"@context\":\"https:\\\/\\\/schema.org\",\"@graph\":[{\"@type\":\"WebPage\",\"@id\":\"https:\\\/\\\/shopatoa.com\\\/ro\\\/tanita-cantar-inteligent-pentru-familie-bc-333le\\\/\",\"url\":\"https:\\\/\\\/shopatoa.com\\\/ro\\\/tanita-cantar-inteligent-pentru-familie-bc-333le\\\/\",\"name\":\"Tanita Cantar inteligent pentru familie BC-333LE - SHOPATOA.COM\",\"isPartOf\":{\"@id\":\"https:\\\/\\\/shopatoa.com\\\/ro\\\/#website\"},\"primaryImageOfPage\":{\"@id\":\"https:\\\/\\\/shopatoa.com\\\/ro\\\/tanita-cantar-inteligent-pentru-familie-bc-333le\\\/#primaryimage\"},\"image\":{\"@id\":\"https:\\\/\\\/shopatoa.com\\\/ro\\\/tanita-cantar-inteligent-pentru-familie-bc-333le\\\/#primaryimage\"},\"thumbnailUrl\":\"https:\\\/\\\/storage.googleapis.com\\\/cz-shopatoa-img\\\/ro\\\/5beb64d2-unnamed-file.webp\",\"datePublished\":\"2025-04-26T11:30:49+00:00\",\"dateModified\":\"2025-12-09T22:03:27+00:00\",\"breadcrumb\":{\"@id\":\"https:\\\/\\\/shopatoa.com\\\/ro\\\/tanita-cantar-inteligent-pentru-familie-bc-333le\\\/#breadcrumb\"},\"inLanguage\":\"ro-RO\",\"potentialAction\":[{\"@type\":\"ReadAction\",\"target\":[\"https:\\\/\\\/shopatoa.com\\\/ro\\\/tanita-cantar-inteligent-pentru-familie-bc-333le\\\/\"]}]},{\"@type\":\"ImageObject\",\"inLanguage\":\"ro-RO\",\"@id\":\"https:\\\/\\\/shopatoa.com\\\/ro\\\/tanita-cantar-inteligent-pentru-familie-bc-333le\\\/#primaryimage\",\"url\":\"https:\\\/\\\/storage.googleapis.com\\\/cz-shopatoa-img\\\/ro\\\/5beb64d2-unnamed-file.webp\",\"contentUrl\":\"https:\\\/\\\/storage.googleapis.com\\\/cz-shopatoa-img\\\/ro\\\/5beb64d2-unnamed-file.webp\",\"width\":800,\"height\":800},{\"@type\":\"BreadcrumbList\",\"@id\":\"https:\\\/\\\/shopatoa.com\\\/ro\\\/tanita-cantar-inteligent-pentru-familie-bc-333le\\\/#breadcrumb\",\"itemListElement\":[{\"@type\":\"ListItem\",\"position\":1,\"name\":\"Dom\u016f\",\"item\":\"https:\\\/\\\/shopatoa.com\\\/ro\\\/\"},{\"@type\":\"ListItem\",\"position\":2,\"name\":\"Shop\",\"item\":\"https:\\\/\\\/shopatoa.com\\\/ro\\\/shop\\\/\"},{\"@type\":\"ListItem\",\"position\":3,\"name\":\"S\u0103n\u0103tate\",\"item\":\"https:\\\/\\\/shopatoa.com\\\/ro\\\/sanatate\\\/\"},{\"@type\":\"ListItem\",\"position\":4,\"name\":\"Aparate \u0219i ajutoare de s\u0103n\u0103tate\",\"item\":\"https:\\\/\\\/shopatoa.com\\\/ro\\\/aparate-si-ajutoare-de-sanatate\\\/\"},{\"@type\":\"ListItem\",\"position\":5,\"name\":\"C\u00e2ntare \u0219i analizoare de gr\u0103sime\",\"item\":\"https:\\\/\\\/shopatoa.com\\\/ro\\\/cantare-si-analizoare-de-grasime\\\/\"},{\"@type\":\"ListItem\",\"position\":6,\"name\":\"Tanita Cantar inteligent pentru familie BC-333LE\"}]},{\"@type\":\"WebSite\",\"@id\":\"https:\\\/\\\/shopatoa.com\\\/ro\\\/#website\",\"url\":\"https:\\\/\\\/shopatoa.com\\\/ro\\\/\",\"name\":\"SHOPATOA\",\"description\":\"\",\"publisher\":{\"@id\":\"https:\\\/\\\/shopatoa.com\\\/ro\\\/#organization\"},\"potentialAction\":[{\"@type\":\"SearchAction\",\"target\":{\"@type\":\"EntryPoint\",\"urlTemplate\":\"https:\\\/\\\/shopatoa.com\\\/ro\\\/?s={search_term_string}\"},\"query-input\":{\"@type\":\"PropertyValueSpecification\",\"valueRequired\":true,\"valueName\":\"search_term_string\"}}],\"inLanguage\":\"ro-RO\"},{\"@type\":\"Organization\",\"@id\":\"https:\\\/\\\/shopatoa.com\\\/ro\\\/#organization\",\"name\":\"SHOPATOA\",\"url\":\"https:\\\/\\\/shopatoa.com\\\/ro\\\/\",\"logo\":{\"@type\":\"ImageObject\",\"inLanguage\":\"ro-RO\",\"@id\":\"https:\\\/\\\/shopatoa.com\\\/ro\\\/#\\\/schema\\\/logo\\\/image\\\/\",\"url\":\"https:\\\/\\\/storage.googleapis.com\\\/cz-shopatoa-img\\\/ro\\\/b4dac915-shopatoa_logo.png\",\"contentUrl\":\"https:\\\/\\\/storage.googleapis.com\\\/cz-shopatoa-img\\\/ro\\\/b4dac915-shopatoa_logo.png\",\"width\":416,\"height\":63,\"caption\":\"SHOPATOA\"},\"image\":{\"@id\":\"https:\\\/\\\/shopatoa.com\\\/ro\\\/#\\\/schema\\\/logo\\\/image\\\/\"}}]}<\/script>\n<!-- \/ Yoast SEO plugin. -->","yoast_head_json":{"title":"Tanita Cantar inteligent pentru familie BC-333LE - SHOPATOA.COM","robots":{"index":"index","follow":"follow","max-snippet":"max-snippet:-1","max-image-preview":"max-image-preview:large","max-video-preview":"max-video-preview:-1"},"canonical":"https:\/\/shopatoa.com\/ro\/tanita-cantar-inteligent-pentru-familie-bc-333le\/","og_locale":"ro_RO","og_type":"article","og_title":"Tanita Cantar inteligent pentru familie BC-333LE - SHOPATOA.COM","og_description":"Ob\u021bine\u021bi controlul asupra s\u0103n\u0103t\u0103\u021bii familiei dvs. dincolo de greutate \u0219i IMC. Acum pute\u021bi m\u0103sura masa muscular\u0103 \u0219i adipoas\u0103 pentru fiecare membru al familiei cu v\u00e2rsta de peste 5 ani. Transferarea valorilor m\u0103surate \u00een aplica\u021bia My Tanita v\u0103 permite s\u0103 v\u0103 monitoriza\u021bi progresul \u00eentr-un program de fitness sau diet\u0103. \u021ainti\u021bi dezvoltarea masei musculare \u0219i face\u021bii pe...","og_url":"https:\/\/shopatoa.com\/ro\/tanita-cantar-inteligent-pentru-familie-bc-333le\/","og_site_name":"SHOPATOA","article_modified_time":"2025-12-09T22:03:27+00:00","og_image":[{"width":800,"height":800,"url":"https:\/\/storage.googleapis.com\/cz-shopatoa-img\/ro\/5beb64d2-unnamed-file.webp","type":"image\/webp"}],"twitter_card":"summary_large_image","twitter_misc":{"Timp estimat pentru citire":"1 minut"},"schema":{"@context":"https:\/\/schema.org","@graph":[{"@type":"WebPage","@id":"https:\/\/shopatoa.com\/ro\/tanita-cantar-inteligent-pentru-familie-bc-333le\/","url":"https:\/\/shopatoa.com\/ro\/tanita-cantar-inteligent-pentru-familie-bc-333le\/","name":"Tanita Cantar inteligent pentru familie BC-333LE - SHOPATOA.COM","isPartOf":{"@id":"https:\/\/shopatoa.com\/ro\/#website"},"primaryImageOfPage":{"@id":"https:\/\/shopatoa.com\/ro\/tanita-cantar-inteligent-pentru-familie-bc-333le\/#primaryimage"},"image":{"@id":"https:\/\/shopatoa.com\/ro\/tanita-cantar-inteligent-pentru-familie-bc-333le\/#primaryimage"},"thumbnailUrl":"https:\/\/storage.googleapis.com\/cz-shopatoa-img\/ro\/5beb64d2-unnamed-file.webp","datePublished":"2025-04-26T11:30:49+00:00","dateModified":"2025-12-09T22:03:27+00:00","breadcrumb":{"@id":"https:\/\/shopatoa.com\/ro\/tanita-cantar-inteligent-pentru-familie-bc-333le\/#breadcrumb"},"inLanguage":"ro-RO","potentialAction":[{"@type":"ReadAction","target":["https:\/\/shopatoa.com\/ro\/tanita-cantar-inteligent-pentru-familie-bc-333le\/"]}]},{"@type":"ImageObject","inLanguage":"ro-RO","@id":"https:\/\/shopatoa.com\/ro\/tanita-cantar-inteligent-pentru-familie-bc-333le\/#primaryimage","url":"https:\/\/storage.googleapis.com\/cz-shopatoa-img\/ro\/5beb64d2-unnamed-file.webp","contentUrl":"https:\/\/storage.googleapis.com\/cz-shopatoa-img\/ro\/5beb64d2-unnamed-file.webp","width":800,"height":800},{"@type":"BreadcrumbList","@id":"https:\/\/shopatoa.com\/ro\/tanita-cantar-inteligent-pentru-familie-bc-333le\/#breadcrumb","itemListElement":[{"@type":"ListItem","position":1,"name":"Dom\u016f","item":"https:\/\/shopatoa.com\/ro\/"},{"@type":"ListItem","position":2,"name":"Shop","item":"https:\/\/shopatoa.com\/ro\/shop\/"},{"@type":"ListItem","position":3,"name":"S\u0103n\u0103tate","item":"https:\/\/shopatoa.com\/ro\/sanatate\/"},{"@type":"ListItem","position":4,"name":"Aparate \u0219i ajutoare de s\u0103n\u0103tate","item":"https:\/\/shopatoa.com\/ro\/aparate-si-ajutoare-de-sanatate\/"},{"@type":"ListItem","position":5,"name":"C\u00e2ntare \u0219i analizoare de gr\u0103sime","item":"https:\/\/shopatoa.com\/ro\/cantare-si-analizoare-de-grasime\/"},{"@type":"ListItem","position":6,"name":"Tanita Cantar inteligent pentru familie BC-333LE"}]},{"@type":"WebSite","@id":"https:\/\/shopatoa.com\/ro\/#website","url":"https:\/\/shopatoa.com\/ro\/","name":"SHOPATOA","description":"","publisher":{"@id":"https:\/\/shopatoa.com\/ro\/#organization"},"potentialAction":[{"@type":"SearchAction","target":{"@type":"EntryPoint","urlTemplate":"https:\/\/shopatoa.com\/ro\/?s={search_term_string}"},"query-input":{"@type":"PropertyValueSpecification","valueRequired":true,"valueName":"search_term_string"}}],"inLanguage":"ro-RO"},{"@type":"Organization","@id":"https:\/\/shopatoa.com\/ro\/#organization","name":"SHOPATOA","url":"https:\/\/shopatoa.com\/ro\/","logo":{"@type":"ImageObject","inLanguage":"ro-RO","@id":"https:\/\/shopatoa.com\/ro\/#\/schema\/logo\/image\/","url":"https:\/\/storage.googleapis.com\/cz-shopatoa-img\/ro\/b4dac915-shopatoa_logo.png","contentUrl":"https:\/\/storage.googleapis.com\/cz-shopatoa-img\/ro\/b4dac915-shopatoa_logo.png","width":416,"height":63,"caption":"SHOPATOA"},"image":{"@id":"https:\/\/shopatoa.com\/ro\/#\/schema\/logo\/image\/"}}]}},"_links":{"self":[{"href":"https:\/\/shopatoa.com\/ro\/wp-json\/wp\/v2\/product\/257971","targetHints":{"allow":["GET"]}}],"collection":[{"href":"https:\/\/shopatoa.com\/ro\/wp-json\/wp\/v2\/product"}],"about":[{"href":"https:\/\/shopatoa.com\/ro\/wp-json\/wp\/v2\/types\/product"}],"replies":[{"embeddable":true,"href":"https:\/\/shopatoa.com\/ro\/wp-json\/wp\/v2\/comments?post=257971"}],"wp:featuredmedia":[{"embeddable":true,"href":"https:\/\/shopatoa.com\/ro\/wp-json\/wp\/v2\/media\/257972"}],"wp:attachment":[{"href":"https:\/\/shopatoa.com\/ro\/wp-json\/wp\/v2\/media?parent=257971"}],"wp:term":[{"taxonomy":"product_brand","embeddable":true,"href":"https:\/\/shopatoa.com\/ro\/wp-json\/wp\/v2\/product_brand?post=257971"},{"taxonomy":"product_cat","embeddable":true,"href":"https:\/\/shopatoa.com\/ro\/wp-json\/wp\/v2\/product_cat?post=257971"},{"taxonomy":"product_tag","embeddable":true,"href":"https:\/\/shopatoa.com\/ro\/wp-json\/wp\/v2\/product_tag?post=257971"}],"curies":[{"name":"wp","href":"https:\/\/api.w.org\/{rel}","templated":true}]}}