{"id":257973,"date":"2025-04-26T13:30:57","date_gmt":"2025-04-26T11:30:57","guid":{"rendered":"https:\/\/shopatoa.com\/ro\/tanita-cantar-personal-inteligent-cu-analiza-corporala-si-conexiune-bluetooth-bc-401-negru\/"},"modified":"2025-12-09T23:03:24","modified_gmt":"2025-12-09T22:03:24","slug":"tanita-cantar-personal-inteligent-cu-analiza-corporala-si-conexiune-bluetooth-bc-401-negru","status":"publish","type":"product","link":"https:\/\/shopatoa.com\/ro\/tanita-cantar-personal-inteligent-cu-analiza-corporala-si-conexiune-bluetooth-bc-401-negru\/","title":{"rendered":"Tanita C\u00e2ntar personal inteligent cu analiz\u0103 corporal\u0103 \u0219i conexiune Bluetooth BC-401 negru"},"content":{"rendered":"<p>Acest c\u00e2ntar personal de analiz\u0103 corporal\u0103, cu conectivitate Bluetooth pentru smartphone-uri, v\u0103 va oferi controlul asupra s\u0103n\u0103t\u0103\u021bii dvs. Nu v\u0103 mai \u00eentreba\u021bi dac\u0103 ave\u021bi greutatea ideal\u0103; acum ave\u021bi ocazia s\u0103 \u00een\u021belege\u021bi compozi\u021bia corpului dvs. TANITA BC-401 este un c\u00e2ntar compact \u0219i foarte precis cu analiz\u0103 corporal\u0103, fiecare membru al familiei \u00eel poate utiliza. De exemplu, c\u00e2ntarul re\u021bine datele de p\u00e2n\u0103 la 5 persoane, iar pentru copii (de la 5 la 17 ani) m\u0103soar\u0103 doar ceea ce este cu adev\u0103rat important, adic\u0103 greutatea, IMC \u0219i procentul de gr\u0103sime. De asemenea, pute\u021bi utiliza modul Guest (Oaspete). Folosind aplica\u021bia MyTANITA, toate rezultatele m\u0103sur\u0103torilor sunt trimise direct pe smartphone sau tablet\u0103. Cuno\u0219tin\u021bele adunate de-a lungul timpului v\u0103 vor motiva s\u0103 atinge\u021bi aceste obiective pe termen lung! Intra\u021bi pe monitorul elegant, vede\u021bi valorile m\u0103surate pe ecranul mare \u0219i partaja\u021bi rezultatele cu telefonul dvs. Ve\u021bi avea mereu la dispozi\u021bie valorile dvs. \u0219i istoria lor. M\u0103surarea se bazeaz\u0103 pe principiul tehnologiei BIA cu dou\u0103 frecven\u021be, care este utilizat\u0103 \u00een medicin\u0103 pentru analiza corpului.<\/p>\n","protected":false},"excerpt":{"rendered":"<p>Acest c\u00e2ntar personal de analiz\u0103 corporal\u0103, cu conectivitate Bluetooth pentru smartphone-uri, v\u0103 va oferi controlul asupra s\u0103n\u0103t\u0103\u021bii dvs. Nu v\u0103 mai \u00eentreba\u021bi dac\u0103 ave\u021bi greutatea ideal\u0103; acum ave\u021bi ocazia s\u0103 \u00een\u021belege\u021bi compozi\u021bia corpului dvs. TANITA BC-401 este un c\u00e2ntar compact \u0219i foarte precis cu analiz\u0103 corporal\u0103, fiecare membru al familiei \u00eel poate utiliza. De exemplu,&#8230;<\/p>\n","protected":false},"featured_media":257974,"comment_status":"closed","ping_status":"open","template":"","meta":{"_acf_changed":false,"_kadence_starter_templates_imported_post":false,"_kad_post_transparent":"","_kad_post_title":"","_kad_post_layout":"","_kad_post_sidebar_id":"","_kad_post_content_style":"","_kad_post_vertical_padding":"","_kad_post_feature":"","_kad_post_feature_position":"","_kad_post_header":false,"_kad_post_footer":false,"_kad_post_classname":""},"product_brand":[872],"product_cat":[733,758,353],"product_tag":[],"class_list":{"0":"post-257973","1":"product","2":"type-product","3":"status-publish","4":"has-post-thumbnail","6":"product_brand-tanita","7":"product_cat-aparate-si-ajutoare-de-sanatate","8":"product_cat-cantare-si-analizoare-de-grasime","9":"product_cat-sanatate","11":"first","12":"instock","13":"product-type-external","14":"entry","15":"content-bg","16":"loop-entry"},"acf":[],"yoast_head":"<!-- This site is optimized with the Yoast SEO plugin v27.4 - https:\/\/yoast.com\/product\/yoast-seo-wordpress\/ -->\n<title>Tanita C\u00e2ntar personal inteligent cu analiz\u0103 corporal\u0103 \u0219i conexiune Bluetooth BC-401 negru - SHOPATOA.COM<\/title>\n<meta name=\"robots\" content=\"index, follow, max-snippet:-1, max-image-preview:large, max-video-preview:-1\" \/>\n<link rel=\"canonical\" href=\"https:\/\/shopatoa.com\/ro\/tanita-cantar-personal-inteligent-cu-analiza-corporala-si-conexiune-bluetooth-bc-401-negru\/\" \/>\n<meta property=\"og:locale\" content=\"ro_RO\" \/>\n<meta property=\"og:type\" content=\"article\" \/>\n<meta property=\"og:title\" content=\"Tanita C\u00e2ntar personal inteligent cu analiz\u0103 corporal\u0103 \u0219i conexiune Bluetooth BC-401 negru - SHOPATOA.COM\" \/>\n<meta property=\"og:description\" content=\"Acest c\u00e2ntar personal de analiz\u0103 corporal\u0103, cu conectivitate Bluetooth pentru smartphone-uri, v\u0103 va oferi controlul asupra s\u0103n\u0103t\u0103\u021bii dvs. Nu v\u0103 mai \u00eentreba\u021bi dac\u0103 ave\u021bi greutatea ideal\u0103; acum ave\u021bi ocazia s\u0103 \u00een\u021belege\u021bi compozi\u021bia corpului dvs. TANITA BC-401 este un c\u00e2ntar compact \u0219i foarte precis cu analiz\u0103 corporal\u0103, fiecare membru al familiei \u00eel poate utiliza. De exemplu,...\" \/>\n<meta property=\"og:url\" content=\"https:\/\/shopatoa.com\/ro\/tanita-cantar-personal-inteligent-cu-analiza-corporala-si-conexiune-bluetooth-bc-401-negru\/\" \/>\n<meta property=\"og:site_name\" content=\"SHOPATOA\" \/>\n<meta property=\"article:modified_time\" content=\"2025-12-09T22:03:24+00:00\" \/>\n<meta property=\"og:image\" content=\"https:\/\/storage.googleapis.com\/cz-shopatoa-img\/ro\/ed9aa5c0-unnamed-file.webp\" \/>\n\t<meta property=\"og:image:width\" content=\"800\" \/>\n\t<meta property=\"og:image:height\" content=\"800\" \/>\n\t<meta property=\"og:image:type\" content=\"image\/webp\" \/>\n<meta name=\"twitter:card\" content=\"summary_large_image\" \/>\n<meta name=\"twitter:label1\" content=\"Timp estimat pentru citire\" \/>\n\t<meta name=\"twitter:data1\" content=\"1 minut\" \/>\n<script type=\"application\/ld+json\" class=\"yoast-schema-graph\">{\"@context\":\"https:\\\/\\\/schema.org\",\"@graph\":[{\"@type\":\"WebPage\",\"@id\":\"https:\\\/\\\/shopatoa.com\\\/ro\\\/tanita-cantar-personal-inteligent-cu-analiza-corporala-si-conexiune-bluetooth-bc-401-negru\\\/\",\"url\":\"https:\\\/\\\/shopatoa.com\\\/ro\\\/tanita-cantar-personal-inteligent-cu-analiza-corporala-si-conexiune-bluetooth-bc-401-negru\\\/\",\"name\":\"Tanita C\u00e2ntar personal inteligent cu analiz\u0103 corporal\u0103 \u0219i conexiune Bluetooth BC-401 negru - SHOPATOA.COM\",\"isPartOf\":{\"@id\":\"https:\\\/\\\/shopatoa.com\\\/ro\\\/#website\"},\"primaryImageOfPage\":{\"@id\":\"https:\\\/\\\/shopatoa.com\\\/ro\\\/tanita-cantar-personal-inteligent-cu-analiza-corporala-si-conexiune-bluetooth-bc-401-negru\\\/#primaryimage\"},\"image\":{\"@id\":\"https:\\\/\\\/shopatoa.com\\\/ro\\\/tanita-cantar-personal-inteligent-cu-analiza-corporala-si-conexiune-bluetooth-bc-401-negru\\\/#primaryimage\"},\"thumbnailUrl\":\"https:\\\/\\\/storage.googleapis.com\\\/cz-shopatoa-img\\\/ro\\\/ed9aa5c0-unnamed-file.webp\",\"datePublished\":\"2025-04-26T11:30:57+00:00\",\"dateModified\":\"2025-12-09T22:03:24+00:00\",\"breadcrumb\":{\"@id\":\"https:\\\/\\\/shopatoa.com\\\/ro\\\/tanita-cantar-personal-inteligent-cu-analiza-corporala-si-conexiune-bluetooth-bc-401-negru\\\/#breadcrumb\"},\"inLanguage\":\"ro-RO\",\"potentialAction\":[{\"@type\":\"ReadAction\",\"target\":[\"https:\\\/\\\/shopatoa.com\\\/ro\\\/tanita-cantar-personal-inteligent-cu-analiza-corporala-si-conexiune-bluetooth-bc-401-negru\\\/\"]}]},{\"@type\":\"ImageObject\",\"inLanguage\":\"ro-RO\",\"@id\":\"https:\\\/\\\/shopatoa.com\\\/ro\\\/tanita-cantar-personal-inteligent-cu-analiza-corporala-si-conexiune-bluetooth-bc-401-negru\\\/#primaryimage\",\"url\":\"https:\\\/\\\/storage.googleapis.com\\\/cz-shopatoa-img\\\/ro\\\/ed9aa5c0-unnamed-file.webp\",\"contentUrl\":\"https:\\\/\\\/storage.googleapis.com\\\/cz-shopatoa-img\\\/ro\\\/ed9aa5c0-unnamed-file.webp\",\"width\":800,\"height\":800},{\"@type\":\"BreadcrumbList\",\"@id\":\"https:\\\/\\\/shopatoa.com\\\/ro\\\/tanita-cantar-personal-inteligent-cu-analiza-corporala-si-conexiune-bluetooth-bc-401-negru\\\/#breadcrumb\",\"itemListElement\":[{\"@type\":\"ListItem\",\"position\":1,\"name\":\"Dom\u016f\",\"item\":\"https:\\\/\\\/shopatoa.com\\\/ro\\\/\"},{\"@type\":\"ListItem\",\"position\":2,\"name\":\"Shop\",\"item\":\"https:\\\/\\\/shopatoa.com\\\/ro\\\/shop\\\/\"},{\"@type\":\"ListItem\",\"position\":3,\"name\":\"S\u0103n\u0103tate\",\"item\":\"https:\\\/\\\/shopatoa.com\\\/ro\\\/sanatate\\\/\"},{\"@type\":\"ListItem\",\"position\":4,\"name\":\"Aparate \u0219i ajutoare de s\u0103n\u0103tate\",\"item\":\"https:\\\/\\\/shopatoa.com\\\/ro\\\/aparate-si-ajutoare-de-sanatate\\\/\"},{\"@type\":\"ListItem\",\"position\":5,\"name\":\"C\u00e2ntare \u0219i analizoare de gr\u0103sime\",\"item\":\"https:\\\/\\\/shopatoa.com\\\/ro\\\/cantare-si-analizoare-de-grasime\\\/\"},{\"@type\":\"ListItem\",\"position\":6,\"name\":\"Tanita C\u00e2ntar personal inteligent cu analiz\u0103 corporal\u0103 \u0219i conexiune Bluetooth BC-401 negru\"}]},{\"@type\":\"WebSite\",\"@id\":\"https:\\\/\\\/shopatoa.com\\\/ro\\\/#website\",\"url\":\"https:\\\/\\\/shopatoa.com\\\/ro\\\/\",\"name\":\"SHOPATOA\",\"description\":\"\",\"publisher\":{\"@id\":\"https:\\\/\\\/shopatoa.com\\\/ro\\\/#organization\"},\"potentialAction\":[{\"@type\":\"SearchAction\",\"target\":{\"@type\":\"EntryPoint\",\"urlTemplate\":\"https:\\\/\\\/shopatoa.com\\\/ro\\\/?s={search_term_string}\"},\"query-input\":{\"@type\":\"PropertyValueSpecification\",\"valueRequired\":true,\"valueName\":\"search_term_string\"}}],\"inLanguage\":\"ro-RO\"},{\"@type\":\"Organization\",\"@id\":\"https:\\\/\\\/shopatoa.com\\\/ro\\\/#organization\",\"name\":\"SHOPATOA\",\"url\":\"https:\\\/\\\/shopatoa.com\\\/ro\\\/\",\"logo\":{\"@type\":\"ImageObject\",\"inLanguage\":\"ro-RO\",\"@id\":\"https:\\\/\\\/shopatoa.com\\\/ro\\\/#\\\/schema\\\/logo\\\/image\\\/\",\"url\":\"https:\\\/\\\/storage.googleapis.com\\\/cz-shopatoa-img\\\/ro\\\/b4dac915-shopatoa_logo.png\",\"contentUrl\":\"https:\\\/\\\/storage.googleapis.com\\\/cz-shopatoa-img\\\/ro\\\/b4dac915-shopatoa_logo.png\",\"width\":416,\"height\":63,\"caption\":\"SHOPATOA\"},\"image\":{\"@id\":\"https:\\\/\\\/shopatoa.com\\\/ro\\\/#\\\/schema\\\/logo\\\/image\\\/\"}}]}<\/script>\n<!-- \/ Yoast SEO plugin. -->","yoast_head_json":{"title":"Tanita C\u00e2ntar personal inteligent cu analiz\u0103 corporal\u0103 \u0219i conexiune Bluetooth BC-401 negru - SHOPATOA.COM","robots":{"index":"index","follow":"follow","max-snippet":"max-snippet:-1","max-image-preview":"max-image-preview:large","max-video-preview":"max-video-preview:-1"},"canonical":"https:\/\/shopatoa.com\/ro\/tanita-cantar-personal-inteligent-cu-analiza-corporala-si-conexiune-bluetooth-bc-401-negru\/","og_locale":"ro_RO","og_type":"article","og_title":"Tanita C\u00e2ntar personal inteligent cu analiz\u0103 corporal\u0103 \u0219i conexiune Bluetooth BC-401 negru - SHOPATOA.COM","og_description":"Acest c\u00e2ntar personal de analiz\u0103 corporal\u0103, cu conectivitate Bluetooth pentru smartphone-uri, v\u0103 va oferi controlul asupra s\u0103n\u0103t\u0103\u021bii dvs. Nu v\u0103 mai \u00eentreba\u021bi dac\u0103 ave\u021bi greutatea ideal\u0103; acum ave\u021bi ocazia s\u0103 \u00een\u021belege\u021bi compozi\u021bia corpului dvs. TANITA BC-401 este un c\u00e2ntar compact \u0219i foarte precis cu analiz\u0103 corporal\u0103, fiecare membru al familiei \u00eel poate utiliza. De exemplu,...","og_url":"https:\/\/shopatoa.com\/ro\/tanita-cantar-personal-inteligent-cu-analiza-corporala-si-conexiune-bluetooth-bc-401-negru\/","og_site_name":"SHOPATOA","article_modified_time":"2025-12-09T22:03:24+00:00","og_image":[{"width":800,"height":800,"url":"https:\/\/storage.googleapis.com\/cz-shopatoa-img\/ro\/ed9aa5c0-unnamed-file.webp","type":"image\/webp"}],"twitter_card":"summary_large_image","twitter_misc":{"Timp estimat pentru citire":"1 minut"},"schema":{"@context":"https:\/\/schema.org","@graph":[{"@type":"WebPage","@id":"https:\/\/shopatoa.com\/ro\/tanita-cantar-personal-inteligent-cu-analiza-corporala-si-conexiune-bluetooth-bc-401-negru\/","url":"https:\/\/shopatoa.com\/ro\/tanita-cantar-personal-inteligent-cu-analiza-corporala-si-conexiune-bluetooth-bc-401-negru\/","name":"Tanita C\u00e2ntar personal inteligent cu analiz\u0103 corporal\u0103 \u0219i conexiune Bluetooth BC-401 negru - SHOPATOA.COM","isPartOf":{"@id":"https:\/\/shopatoa.com\/ro\/#website"},"primaryImageOfPage":{"@id":"https:\/\/shopatoa.com\/ro\/tanita-cantar-personal-inteligent-cu-analiza-corporala-si-conexiune-bluetooth-bc-401-negru\/#primaryimage"},"image":{"@id":"https:\/\/shopatoa.com\/ro\/tanita-cantar-personal-inteligent-cu-analiza-corporala-si-conexiune-bluetooth-bc-401-negru\/#primaryimage"},"thumbnailUrl":"https:\/\/storage.googleapis.com\/cz-shopatoa-img\/ro\/ed9aa5c0-unnamed-file.webp","datePublished":"2025-04-26T11:30:57+00:00","dateModified":"2025-12-09T22:03:24+00:00","breadcrumb":{"@id":"https:\/\/shopatoa.com\/ro\/tanita-cantar-personal-inteligent-cu-analiza-corporala-si-conexiune-bluetooth-bc-401-negru\/#breadcrumb"},"inLanguage":"ro-RO","potentialAction":[{"@type":"ReadAction","target":["https:\/\/shopatoa.com\/ro\/tanita-cantar-personal-inteligent-cu-analiza-corporala-si-conexiune-bluetooth-bc-401-negru\/"]}]},{"@type":"ImageObject","inLanguage":"ro-RO","@id":"https:\/\/shopatoa.com\/ro\/tanita-cantar-personal-inteligent-cu-analiza-corporala-si-conexiune-bluetooth-bc-401-negru\/#primaryimage","url":"https:\/\/storage.googleapis.com\/cz-shopatoa-img\/ro\/ed9aa5c0-unnamed-file.webp","contentUrl":"https:\/\/storage.googleapis.com\/cz-shopatoa-img\/ro\/ed9aa5c0-unnamed-file.webp","width":800,"height":800},{"@type":"BreadcrumbList","@id":"https:\/\/shopatoa.com\/ro\/tanita-cantar-personal-inteligent-cu-analiza-corporala-si-conexiune-bluetooth-bc-401-negru\/#breadcrumb","itemListElement":[{"@type":"ListItem","position":1,"name":"Dom\u016f","item":"https:\/\/shopatoa.com\/ro\/"},{"@type":"ListItem","position":2,"name":"Shop","item":"https:\/\/shopatoa.com\/ro\/shop\/"},{"@type":"ListItem","position":3,"name":"S\u0103n\u0103tate","item":"https:\/\/shopatoa.com\/ro\/sanatate\/"},{"@type":"ListItem","position":4,"name":"Aparate \u0219i ajutoare de s\u0103n\u0103tate","item":"https:\/\/shopatoa.com\/ro\/aparate-si-ajutoare-de-sanatate\/"},{"@type":"ListItem","position":5,"name":"C\u00e2ntare \u0219i analizoare de gr\u0103sime","item":"https:\/\/shopatoa.com\/ro\/cantare-si-analizoare-de-grasime\/"},{"@type":"ListItem","position":6,"name":"Tanita C\u00e2ntar personal inteligent cu analiz\u0103 corporal\u0103 \u0219i conexiune Bluetooth BC-401 negru"}]},{"@type":"WebSite","@id":"https:\/\/shopatoa.com\/ro\/#website","url":"https:\/\/shopatoa.com\/ro\/","name":"SHOPATOA","description":"","publisher":{"@id":"https:\/\/shopatoa.com\/ro\/#organization"},"potentialAction":[{"@type":"SearchAction","target":{"@type":"EntryPoint","urlTemplate":"https:\/\/shopatoa.com\/ro\/?s={search_term_string}"},"query-input":{"@type":"PropertyValueSpecification","valueRequired":true,"valueName":"search_term_string"}}],"inLanguage":"ro-RO"},{"@type":"Organization","@id":"https:\/\/shopatoa.com\/ro\/#organization","name":"SHOPATOA","url":"https:\/\/shopatoa.com\/ro\/","logo":{"@type":"ImageObject","inLanguage":"ro-RO","@id":"https:\/\/shopatoa.com\/ro\/#\/schema\/logo\/image\/","url":"https:\/\/storage.googleapis.com\/cz-shopatoa-img\/ro\/b4dac915-shopatoa_logo.png","contentUrl":"https:\/\/storage.googleapis.com\/cz-shopatoa-img\/ro\/b4dac915-shopatoa_logo.png","width":416,"height":63,"caption":"SHOPATOA"},"image":{"@id":"https:\/\/shopatoa.com\/ro\/#\/schema\/logo\/image\/"}}]}},"_links":{"self":[{"href":"https:\/\/shopatoa.com\/ro\/wp-json\/wp\/v2\/product\/257973","targetHints":{"allow":["GET"]}}],"collection":[{"href":"https:\/\/shopatoa.com\/ro\/wp-json\/wp\/v2\/product"}],"about":[{"href":"https:\/\/shopatoa.com\/ro\/wp-json\/wp\/v2\/types\/product"}],"replies":[{"embeddable":true,"href":"https:\/\/shopatoa.com\/ro\/wp-json\/wp\/v2\/comments?post=257973"}],"wp:featuredmedia":[{"embeddable":true,"href":"https:\/\/shopatoa.com\/ro\/wp-json\/wp\/v2\/media\/257974"}],"wp:attachment":[{"href":"https:\/\/shopatoa.com\/ro\/wp-json\/wp\/v2\/media?parent=257973"}],"wp:term":[{"taxonomy":"product_brand","embeddable":true,"href":"https:\/\/shopatoa.com\/ro\/wp-json\/wp\/v2\/product_brand?post=257973"},{"taxonomy":"product_cat","embeddable":true,"href":"https:\/\/shopatoa.com\/ro\/wp-json\/wp\/v2\/product_cat?post=257973"},{"taxonomy":"product_tag","embeddable":true,"href":"https:\/\/shopatoa.com\/ro\/wp-json\/wp\/v2\/product_tag?post=257973"}],"curies":[{"name":"wp","href":"https:\/\/api.w.org\/{rel}","templated":true}]}}