{"id":258129,"date":"2025-04-26T14:01:36","date_gmt":"2025-04-26T12:01:36","guid":{"rendered":"https:\/\/shopatoa.com\/ro\/versace-eros-balsam-dupa-barbierit-100-ml\/"},"modified":"2025-12-09T22:25:39","modified_gmt":"2025-12-09T21:25:39","slug":"versace-eros-balsam-dupa-barbierit-100-ml","status":"publish","type":"product","link":"https:\/\/shopatoa.com\/ro\/versace-eros-balsam-dupa-barbierit-100-ml\/","title":{"rendered":"Versace Eros &#8211; balsam dup\u0103 b\u0103rbierit 100 ml"},"content":{"rendered":"<p>Dragoste, pasiune, frumusete si dorint\u0103 &#8211; sunt elemente cheie ale parfumului pentru b\u0103rba\u021bi Versace Eros. Perfec\u021biunea corpului masculin ,referirea la mitologia antic\u0103 si sculptur\u0103 clasic\u0103 reprezinta elementele caracteristice ale stilului Versace, \u00eenc\u0103 de la \u00eenceputurile sale. Eros ca un zeu al iubirii cu arcul \u0219i s\u0103ge\u021bile magice care nu pierd \u021binta niciodat\u0103, are putere asupra oamenilor \u0219i inimilor lor. Aroma Eros este un parfum nou pentru b\u0103rbatul modern puternic, pasionat \u0219i \u00eencrez\u0103tor. Flaconul v\u0103 va cuceri cu culoarea turcoaz \u00een nuan\u021be profunde b\u0103rb\u0103te\u0219ti care evoc\u0103 nivelul m\u0103rii mediteraniene in soare. G\u0103sim \u00een el de asemenea, o referire la arta \u0219i cultura antic\u0103 adaptat\u0103 \u00een stil modern. Inscrip\u021bia Versace Eros domin\u0103 partea central\u0103 a sticlei. Acesta a fost lansat \u00een 2012.<\/p>\n","protected":false},"excerpt":{"rendered":"<p>Dragoste, pasiune, frumusete si dorint\u0103 &#8211; sunt elemente cheie ale parfumului pentru b\u0103rba\u021bi Versace Eros. Perfec\u021biunea corpului masculin ,referirea la mitologia antic\u0103 si sculptur\u0103 clasic\u0103 reprezinta elementele caracteristice ale stilului Versace, \u00eenc\u0103 de la \u00eenceputurile sale. Eros ca un zeu al iubirii cu arcul \u0219i s\u0103ge\u021bile magice care nu pierd \u021binta niciodat\u0103, are putere asupra&#8230;<\/p>\n","protected":false},"featured_media":258130,"comment_status":"closed","ping_status":"open","template":"","meta":{"_acf_changed":false,"_kadence_starter_templates_imported_post":false,"_kad_post_transparent":"","_kad_post_title":"","_kad_post_layout":"","_kad_post_sidebar_id":"","_kad_post_content_style":"","_kad_post_vertical_padding":"","_kad_post_feature":"","_kad_post_feature_position":"","_kad_post_header":false,"_kad_post_footer":false,"_kad_post_classname":""},"product_brand":[62],"product_cat":[877,614],"product_tag":[],"class_list":{"0":"post-258129","1":"product","2":"type-product","3":"status-publish","4":"has-post-thumbnail","6":"product_brand-versace","7":"product_cat-balzam-dupa-ras","8":"product_cat-parfumuri","10":"first","11":"instock","12":"product-type-external","13":"entry","14":"content-bg","15":"loop-entry"},"acf":[],"yoast_head":"<!-- This site is optimized with the Yoast SEO plugin v27.4 - https:\/\/yoast.com\/product\/yoast-seo-wordpress\/ -->\n<title>Versace Eros - balsam dup\u0103 b\u0103rbierit 100 ml - SHOPATOA.COM<\/title>\n<meta name=\"robots\" content=\"index, follow, max-snippet:-1, max-image-preview:large, max-video-preview:-1\" \/>\n<link rel=\"canonical\" href=\"https:\/\/shopatoa.com\/ro\/versace-eros-balsam-dupa-barbierit-100-ml\/\" \/>\n<meta property=\"og:locale\" content=\"ro_RO\" \/>\n<meta property=\"og:type\" content=\"article\" \/>\n<meta property=\"og:title\" content=\"Versace Eros - balsam dup\u0103 b\u0103rbierit 100 ml - SHOPATOA.COM\" \/>\n<meta property=\"og:description\" content=\"Dragoste, pasiune, frumusete si dorint\u0103 &#8211; sunt elemente cheie ale parfumului pentru b\u0103rba\u021bi Versace Eros. Perfec\u021biunea corpului masculin ,referirea la mitologia antic\u0103 si sculptur\u0103 clasic\u0103 reprezinta elementele caracteristice ale stilului Versace, \u00eenc\u0103 de la \u00eenceputurile sale. Eros ca un zeu al iubirii cu arcul \u0219i s\u0103ge\u021bile magice care nu pierd \u021binta niciodat\u0103, are putere asupra...\" \/>\n<meta property=\"og:url\" content=\"https:\/\/shopatoa.com\/ro\/versace-eros-balsam-dupa-barbierit-100-ml\/\" \/>\n<meta property=\"og:site_name\" content=\"SHOPATOA\" \/>\n<meta property=\"article:modified_time\" content=\"2025-12-09T21:25:39+00:00\" \/>\n<meta property=\"og:image\" content=\"https:\/\/storage.googleapis.com\/cz-shopatoa-img\/ro\/0aacd0d0-unnamed-file.webp\" \/>\n\t<meta property=\"og:image:width\" content=\"800\" \/>\n\t<meta property=\"og:image:height\" content=\"800\" \/>\n\t<meta property=\"og:image:type\" content=\"image\/webp\" \/>\n<meta name=\"twitter:card\" content=\"summary_large_image\" \/>\n<meta name=\"twitter:label1\" content=\"Timp estimat pentru citire\" \/>\n\t<meta name=\"twitter:data1\" content=\"1 minut\" \/>\n<script type=\"application\/ld+json\" class=\"yoast-schema-graph\">{\"@context\":\"https:\\\/\\\/schema.org\",\"@graph\":[{\"@type\":\"WebPage\",\"@id\":\"https:\\\/\\\/shopatoa.com\\\/ro\\\/versace-eros-balsam-dupa-barbierit-100-ml\\\/\",\"url\":\"https:\\\/\\\/shopatoa.com\\\/ro\\\/versace-eros-balsam-dupa-barbierit-100-ml\\\/\",\"name\":\"Versace Eros - balsam dup\u0103 b\u0103rbierit 100 ml - SHOPATOA.COM\",\"isPartOf\":{\"@id\":\"https:\\\/\\\/shopatoa.com\\\/ro\\\/#website\"},\"primaryImageOfPage\":{\"@id\":\"https:\\\/\\\/shopatoa.com\\\/ro\\\/versace-eros-balsam-dupa-barbierit-100-ml\\\/#primaryimage\"},\"image\":{\"@id\":\"https:\\\/\\\/shopatoa.com\\\/ro\\\/versace-eros-balsam-dupa-barbierit-100-ml\\\/#primaryimage\"},\"thumbnailUrl\":\"https:\\\/\\\/storage.googleapis.com\\\/cz-shopatoa-img\\\/ro\\\/0aacd0d0-unnamed-file.webp\",\"datePublished\":\"2025-04-26T12:01:36+00:00\",\"dateModified\":\"2025-12-09T21:25:39+00:00\",\"breadcrumb\":{\"@id\":\"https:\\\/\\\/shopatoa.com\\\/ro\\\/versace-eros-balsam-dupa-barbierit-100-ml\\\/#breadcrumb\"},\"inLanguage\":\"ro-RO\",\"potentialAction\":[{\"@type\":\"ReadAction\",\"target\":[\"https:\\\/\\\/shopatoa.com\\\/ro\\\/versace-eros-balsam-dupa-barbierit-100-ml\\\/\"]}]},{\"@type\":\"ImageObject\",\"inLanguage\":\"ro-RO\",\"@id\":\"https:\\\/\\\/shopatoa.com\\\/ro\\\/versace-eros-balsam-dupa-barbierit-100-ml\\\/#primaryimage\",\"url\":\"https:\\\/\\\/storage.googleapis.com\\\/cz-shopatoa-img\\\/ro\\\/0aacd0d0-unnamed-file.webp\",\"contentUrl\":\"https:\\\/\\\/storage.googleapis.com\\\/cz-shopatoa-img\\\/ro\\\/0aacd0d0-unnamed-file.webp\",\"width\":800,\"height\":800},{\"@type\":\"BreadcrumbList\",\"@id\":\"https:\\\/\\\/shopatoa.com\\\/ro\\\/versace-eros-balsam-dupa-barbierit-100-ml\\\/#breadcrumb\",\"itemListElement\":[{\"@type\":\"ListItem\",\"position\":1,\"name\":\"Dom\u016f\",\"item\":\"https:\\\/\\\/shopatoa.com\\\/ro\\\/\"},{\"@type\":\"ListItem\",\"position\":2,\"name\":\"Shop\",\"item\":\"https:\\\/\\\/shopatoa.com\\\/ro\\\/shop\\\/\"},{\"@type\":\"ListItem\",\"position\":3,\"name\":\"Parfumuri\",\"item\":\"https:\\\/\\\/shopatoa.com\\\/ro\\\/parfumuri\\\/\"},{\"@type\":\"ListItem\",\"position\":4,\"name\":\"Balzam dup\u0103 ras\",\"item\":\"https:\\\/\\\/shopatoa.com\\\/ro\\\/balzam-dupa-ras\\\/\"},{\"@type\":\"ListItem\",\"position\":5,\"name\":\"Versace Eros &#8211; balsam dup\u0103 b\u0103rbierit 100 ml\"}]},{\"@type\":\"WebSite\",\"@id\":\"https:\\\/\\\/shopatoa.com\\\/ro\\\/#website\",\"url\":\"https:\\\/\\\/shopatoa.com\\\/ro\\\/\",\"name\":\"SHOPATOA\",\"description\":\"\",\"publisher\":{\"@id\":\"https:\\\/\\\/shopatoa.com\\\/ro\\\/#organization\"},\"potentialAction\":[{\"@type\":\"SearchAction\",\"target\":{\"@type\":\"EntryPoint\",\"urlTemplate\":\"https:\\\/\\\/shopatoa.com\\\/ro\\\/?s={search_term_string}\"},\"query-input\":{\"@type\":\"PropertyValueSpecification\",\"valueRequired\":true,\"valueName\":\"search_term_string\"}}],\"inLanguage\":\"ro-RO\"},{\"@type\":\"Organization\",\"@id\":\"https:\\\/\\\/shopatoa.com\\\/ro\\\/#organization\",\"name\":\"SHOPATOA\",\"url\":\"https:\\\/\\\/shopatoa.com\\\/ro\\\/\",\"logo\":{\"@type\":\"ImageObject\",\"inLanguage\":\"ro-RO\",\"@id\":\"https:\\\/\\\/shopatoa.com\\\/ro\\\/#\\\/schema\\\/logo\\\/image\\\/\",\"url\":\"https:\\\/\\\/storage.googleapis.com\\\/cz-shopatoa-img\\\/ro\\\/b4dac915-shopatoa_logo.png\",\"contentUrl\":\"https:\\\/\\\/storage.googleapis.com\\\/cz-shopatoa-img\\\/ro\\\/b4dac915-shopatoa_logo.png\",\"width\":416,\"height\":63,\"caption\":\"SHOPATOA\"},\"image\":{\"@id\":\"https:\\\/\\\/shopatoa.com\\\/ro\\\/#\\\/schema\\\/logo\\\/image\\\/\"}}]}<\/script>\n<!-- \/ Yoast SEO plugin. -->","yoast_head_json":{"title":"Versace Eros - balsam dup\u0103 b\u0103rbierit 100 ml - SHOPATOA.COM","robots":{"index":"index","follow":"follow","max-snippet":"max-snippet:-1","max-image-preview":"max-image-preview:large","max-video-preview":"max-video-preview:-1"},"canonical":"https:\/\/shopatoa.com\/ro\/versace-eros-balsam-dupa-barbierit-100-ml\/","og_locale":"ro_RO","og_type":"article","og_title":"Versace Eros - balsam dup\u0103 b\u0103rbierit 100 ml - SHOPATOA.COM","og_description":"Dragoste, pasiune, frumusete si dorint\u0103 &#8211; sunt elemente cheie ale parfumului pentru b\u0103rba\u021bi Versace Eros. Perfec\u021biunea corpului masculin ,referirea la mitologia antic\u0103 si sculptur\u0103 clasic\u0103 reprezinta elementele caracteristice ale stilului Versace, \u00eenc\u0103 de la \u00eenceputurile sale. Eros ca un zeu al iubirii cu arcul \u0219i s\u0103ge\u021bile magice care nu pierd \u021binta niciodat\u0103, are putere asupra...","og_url":"https:\/\/shopatoa.com\/ro\/versace-eros-balsam-dupa-barbierit-100-ml\/","og_site_name":"SHOPATOA","article_modified_time":"2025-12-09T21:25:39+00:00","og_image":[{"width":800,"height":800,"url":"https:\/\/storage.googleapis.com\/cz-shopatoa-img\/ro\/0aacd0d0-unnamed-file.webp","type":"image\/webp"}],"twitter_card":"summary_large_image","twitter_misc":{"Timp estimat pentru citire":"1 minut"},"schema":{"@context":"https:\/\/schema.org","@graph":[{"@type":"WebPage","@id":"https:\/\/shopatoa.com\/ro\/versace-eros-balsam-dupa-barbierit-100-ml\/","url":"https:\/\/shopatoa.com\/ro\/versace-eros-balsam-dupa-barbierit-100-ml\/","name":"Versace Eros - balsam dup\u0103 b\u0103rbierit 100 ml - SHOPATOA.COM","isPartOf":{"@id":"https:\/\/shopatoa.com\/ro\/#website"},"primaryImageOfPage":{"@id":"https:\/\/shopatoa.com\/ro\/versace-eros-balsam-dupa-barbierit-100-ml\/#primaryimage"},"image":{"@id":"https:\/\/shopatoa.com\/ro\/versace-eros-balsam-dupa-barbierit-100-ml\/#primaryimage"},"thumbnailUrl":"https:\/\/storage.googleapis.com\/cz-shopatoa-img\/ro\/0aacd0d0-unnamed-file.webp","datePublished":"2025-04-26T12:01:36+00:00","dateModified":"2025-12-09T21:25:39+00:00","breadcrumb":{"@id":"https:\/\/shopatoa.com\/ro\/versace-eros-balsam-dupa-barbierit-100-ml\/#breadcrumb"},"inLanguage":"ro-RO","potentialAction":[{"@type":"ReadAction","target":["https:\/\/shopatoa.com\/ro\/versace-eros-balsam-dupa-barbierit-100-ml\/"]}]},{"@type":"ImageObject","inLanguage":"ro-RO","@id":"https:\/\/shopatoa.com\/ro\/versace-eros-balsam-dupa-barbierit-100-ml\/#primaryimage","url":"https:\/\/storage.googleapis.com\/cz-shopatoa-img\/ro\/0aacd0d0-unnamed-file.webp","contentUrl":"https:\/\/storage.googleapis.com\/cz-shopatoa-img\/ro\/0aacd0d0-unnamed-file.webp","width":800,"height":800},{"@type":"BreadcrumbList","@id":"https:\/\/shopatoa.com\/ro\/versace-eros-balsam-dupa-barbierit-100-ml\/#breadcrumb","itemListElement":[{"@type":"ListItem","position":1,"name":"Dom\u016f","item":"https:\/\/shopatoa.com\/ro\/"},{"@type":"ListItem","position":2,"name":"Shop","item":"https:\/\/shopatoa.com\/ro\/shop\/"},{"@type":"ListItem","position":3,"name":"Parfumuri","item":"https:\/\/shopatoa.com\/ro\/parfumuri\/"},{"@type":"ListItem","position":4,"name":"Balzam dup\u0103 ras","item":"https:\/\/shopatoa.com\/ro\/balzam-dupa-ras\/"},{"@type":"ListItem","position":5,"name":"Versace Eros &#8211; balsam dup\u0103 b\u0103rbierit 100 ml"}]},{"@type":"WebSite","@id":"https:\/\/shopatoa.com\/ro\/#website","url":"https:\/\/shopatoa.com\/ro\/","name":"SHOPATOA","description":"","publisher":{"@id":"https:\/\/shopatoa.com\/ro\/#organization"},"potentialAction":[{"@type":"SearchAction","target":{"@type":"EntryPoint","urlTemplate":"https:\/\/shopatoa.com\/ro\/?s={search_term_string}"},"query-input":{"@type":"PropertyValueSpecification","valueRequired":true,"valueName":"search_term_string"}}],"inLanguage":"ro-RO"},{"@type":"Organization","@id":"https:\/\/shopatoa.com\/ro\/#organization","name":"SHOPATOA","url":"https:\/\/shopatoa.com\/ro\/","logo":{"@type":"ImageObject","inLanguage":"ro-RO","@id":"https:\/\/shopatoa.com\/ro\/#\/schema\/logo\/image\/","url":"https:\/\/storage.googleapis.com\/cz-shopatoa-img\/ro\/b4dac915-shopatoa_logo.png","contentUrl":"https:\/\/storage.googleapis.com\/cz-shopatoa-img\/ro\/b4dac915-shopatoa_logo.png","width":416,"height":63,"caption":"SHOPATOA"},"image":{"@id":"https:\/\/shopatoa.com\/ro\/#\/schema\/logo\/image\/"}}]}},"_links":{"self":[{"href":"https:\/\/shopatoa.com\/ro\/wp-json\/wp\/v2\/product\/258129","targetHints":{"allow":["GET"]}}],"collection":[{"href":"https:\/\/shopatoa.com\/ro\/wp-json\/wp\/v2\/product"}],"about":[{"href":"https:\/\/shopatoa.com\/ro\/wp-json\/wp\/v2\/types\/product"}],"replies":[{"embeddable":true,"href":"https:\/\/shopatoa.com\/ro\/wp-json\/wp\/v2\/comments?post=258129"}],"wp:featuredmedia":[{"embeddable":true,"href":"https:\/\/shopatoa.com\/ro\/wp-json\/wp\/v2\/media\/258130"}],"wp:attachment":[{"href":"https:\/\/shopatoa.com\/ro\/wp-json\/wp\/v2\/media?parent=258129"}],"wp:term":[{"taxonomy":"product_brand","embeddable":true,"href":"https:\/\/shopatoa.com\/ro\/wp-json\/wp\/v2\/product_brand?post=258129"},{"taxonomy":"product_cat","embeddable":true,"href":"https:\/\/shopatoa.com\/ro\/wp-json\/wp\/v2\/product_cat?post=258129"},{"taxonomy":"product_tag","embeddable":true,"href":"https:\/\/shopatoa.com\/ro\/wp-json\/wp\/v2\/product_tag?post=258129"}],"curies":[{"name":"wp","href":"https:\/\/api.w.org\/{rel}","templated":true}]}}