{"id":258159,"date":"2025-04-26T14:07:00","date_gmt":"2025-04-26T12:07:00","guid":{"rendered":"https:\/\/shopatoa.com\/ro\/oranjito-gel-de-scortisoara-impotriva-celulitei-cinnamon-anti-cellulite-gel-200-ml\/"},"modified":"2025-12-09T22:16:50","modified_gmt":"2025-12-09T21:16:50","slug":"oranjito-gel-de-scortisoara-impotriva-celulitei-cinnamon-anti-cellulite-gel-200-ml","status":"publish","type":"product","link":"https:\/\/shopatoa.com\/ro\/oranjito-gel-de-scortisoara-impotriva-celulitei-cinnamon-anti-cellulite-gel-200-ml\/","title":{"rendered":"Oranjito Gel de scor\u021bi\u0219oar\u0103 \u00eempotriva celulitei (Cinnamon Anti Cellulite Gel) 200 ml"},"content":{"rendered":"<p>Celulita este cauzat\u0103 de depunerea excesului de celule adipoase \u00een straturile inferioare ale pielii. Pielea \u00ee\u0219i pierde elasticitatea \u0219i fermitatea, dar mai presus de toate apar umfl\u0103turi \u0219i neuniformit\u0103\u021bi vizibile pe piele. Gelul de corp nu numai c\u0103 \u00eent\u0103re\u0219te pielea, ci are \u0219i un efect benefic asupra circula\u021biei s\u00e2ngelui.<\/p>\n","protected":false},"excerpt":{"rendered":"<p>Celulita este cauzat\u0103 de depunerea excesului de celule adipoase \u00een straturile inferioare ale pielii. Pielea \u00ee\u0219i pierde elasticitatea \u0219i fermitatea, dar mai presus de toate apar umfl\u0103turi \u0219i neuniformit\u0103\u021bi vizibile pe piele. Gelul de corp nu numai c\u0103 \u00eent\u0103re\u0219te pielea, ci are \u0219i un efect benefic asupra circula\u021biei s\u00e2ngelui.<\/p>\n","protected":false},"featured_media":258160,"comment_status":"closed","ping_status":"open","template":"","meta":{"_acf_changed":false,"_kadence_starter_templates_imported_post":false,"_kad_post_transparent":"","_kad_post_title":"","_kad_post_layout":"","_kad_post_sidebar_id":"","_kad_post_content_style":"","_kad_post_vertical_padding":"","_kad_post_feature":"","_kad_post_feature_position":"","_kad_post_header":false,"_kad_post_footer":false,"_kad_post_classname":""},"product_brand":[878],"product_cat":[612,246,691,611],"product_tag":[],"class_list":{"0":"post-258159","1":"product","2":"type-product","3":"status-publish","4":"has-post-thumbnail","6":"product_brand-oranjito","7":"product_cat-cosmetica-pentru-ingrijirea-corpului","8":"product_cat-cosmetice","9":"product_cat-cosmetice-impotriva-celulitei-si-vergeturilor","10":"product_cat-produse-cosmetice-pentru-corp","12":"first","13":"instock","14":"sale","15":"product-type-external","16":"entry","17":"content-bg","18":"loop-entry"},"acf":[],"yoast_head":"<!-- This site is optimized with the Yoast SEO plugin v27.4 - https:\/\/yoast.com\/product\/yoast-seo-wordpress\/ -->\n<title>Oranjito Gel de scor\u021bi\u0219oar\u0103 \u00eempotriva celulitei (Cinnamon Anti Cellulite Gel) 200 ml - SHOPATOA.COM<\/title>\n<meta name=\"robots\" content=\"index, follow, max-snippet:-1, max-image-preview:large, max-video-preview:-1\" \/>\n<link rel=\"canonical\" href=\"https:\/\/shopatoa.com\/ro\/oranjito-gel-de-scortisoara-impotriva-celulitei-cinnamon-anti-cellulite-gel-200-ml\/\" \/>\n<meta property=\"og:locale\" content=\"ro_RO\" \/>\n<meta property=\"og:type\" content=\"article\" \/>\n<meta property=\"og:title\" content=\"Oranjito Gel de scor\u021bi\u0219oar\u0103 \u00eempotriva celulitei (Cinnamon Anti Cellulite Gel) 200 ml - SHOPATOA.COM\" \/>\n<meta property=\"og:description\" content=\"Celulita este cauzat\u0103 de depunerea excesului de celule adipoase \u00een straturile inferioare ale pielii. Pielea \u00ee\u0219i pierde elasticitatea \u0219i fermitatea, dar mai presus de toate apar umfl\u0103turi \u0219i neuniformit\u0103\u021bi vizibile pe piele. Gelul de corp nu numai c\u0103 \u00eent\u0103re\u0219te pielea, ci are \u0219i un efect benefic asupra circula\u021biei s\u00e2ngelui.\" \/>\n<meta property=\"og:url\" content=\"https:\/\/shopatoa.com\/ro\/oranjito-gel-de-scortisoara-impotriva-celulitei-cinnamon-anti-cellulite-gel-200-ml\/\" \/>\n<meta property=\"og:site_name\" content=\"SHOPATOA\" \/>\n<meta property=\"article:modified_time\" content=\"2025-12-09T21:16:50+00:00\" \/>\n<meta property=\"og:image\" content=\"https:\/\/storage.googleapis.com\/cz-shopatoa-img\/ro\/835da57a-unnamed-file.webp\" \/>\n\t<meta property=\"og:image:width\" content=\"800\" \/>\n\t<meta property=\"og:image:height\" content=\"800\" \/>\n\t<meta property=\"og:image:type\" content=\"image\/webp\" \/>\n<meta name=\"twitter:card\" content=\"summary_large_image\" \/>\n<script type=\"application\/ld+json\" class=\"yoast-schema-graph\">{\"@context\":\"https:\\\/\\\/schema.org\",\"@graph\":[{\"@type\":\"WebPage\",\"@id\":\"https:\\\/\\\/shopatoa.com\\\/ro\\\/oranjito-gel-de-scortisoara-impotriva-celulitei-cinnamon-anti-cellulite-gel-200-ml\\\/\",\"url\":\"https:\\\/\\\/shopatoa.com\\\/ro\\\/oranjito-gel-de-scortisoara-impotriva-celulitei-cinnamon-anti-cellulite-gel-200-ml\\\/\",\"name\":\"Oranjito Gel de scor\u021bi\u0219oar\u0103 \u00eempotriva celulitei (Cinnamon Anti Cellulite Gel) 200 ml - SHOPATOA.COM\",\"isPartOf\":{\"@id\":\"https:\\\/\\\/shopatoa.com\\\/ro\\\/#website\"},\"primaryImageOfPage\":{\"@id\":\"https:\\\/\\\/shopatoa.com\\\/ro\\\/oranjito-gel-de-scortisoara-impotriva-celulitei-cinnamon-anti-cellulite-gel-200-ml\\\/#primaryimage\"},\"image\":{\"@id\":\"https:\\\/\\\/shopatoa.com\\\/ro\\\/oranjito-gel-de-scortisoara-impotriva-celulitei-cinnamon-anti-cellulite-gel-200-ml\\\/#primaryimage\"},\"thumbnailUrl\":\"https:\\\/\\\/storage.googleapis.com\\\/cz-shopatoa-img\\\/ro\\\/835da57a-unnamed-file.webp\",\"datePublished\":\"2025-04-26T12:07:00+00:00\",\"dateModified\":\"2025-12-09T21:16:50+00:00\",\"breadcrumb\":{\"@id\":\"https:\\\/\\\/shopatoa.com\\\/ro\\\/oranjito-gel-de-scortisoara-impotriva-celulitei-cinnamon-anti-cellulite-gel-200-ml\\\/#breadcrumb\"},\"inLanguage\":\"ro-RO\",\"potentialAction\":[{\"@type\":\"ReadAction\",\"target\":[\"https:\\\/\\\/shopatoa.com\\\/ro\\\/oranjito-gel-de-scortisoara-impotriva-celulitei-cinnamon-anti-cellulite-gel-200-ml\\\/\"]}]},{\"@type\":\"ImageObject\",\"inLanguage\":\"ro-RO\",\"@id\":\"https:\\\/\\\/shopatoa.com\\\/ro\\\/oranjito-gel-de-scortisoara-impotriva-celulitei-cinnamon-anti-cellulite-gel-200-ml\\\/#primaryimage\",\"url\":\"https:\\\/\\\/storage.googleapis.com\\\/cz-shopatoa-img\\\/ro\\\/835da57a-unnamed-file.webp\",\"contentUrl\":\"https:\\\/\\\/storage.googleapis.com\\\/cz-shopatoa-img\\\/ro\\\/835da57a-unnamed-file.webp\",\"width\":800,\"height\":800},{\"@type\":\"BreadcrumbList\",\"@id\":\"https:\\\/\\\/shopatoa.com\\\/ro\\\/oranjito-gel-de-scortisoara-impotriva-celulitei-cinnamon-anti-cellulite-gel-200-ml\\\/#breadcrumb\",\"itemListElement\":[{\"@type\":\"ListItem\",\"position\":1,\"name\":\"Dom\u016f\",\"item\":\"https:\\\/\\\/shopatoa.com\\\/ro\\\/\"},{\"@type\":\"ListItem\",\"position\":2,\"name\":\"Shop\",\"item\":\"https:\\\/\\\/shopatoa.com\\\/ro\\\/shop\\\/\"},{\"@type\":\"ListItem\",\"position\":3,\"name\":\"Cosmetice\",\"item\":\"https:\\\/\\\/shopatoa.com\\\/ro\\\/cosmetice\\\/\"},{\"@type\":\"ListItem\",\"position\":4,\"name\":\"Produse cosmetice pentru corp\",\"item\":\"https:\\\/\\\/shopatoa.com\\\/ro\\\/produse-cosmetice-pentru-corp\\\/\"},{\"@type\":\"ListItem\",\"position\":5,\"name\":\"Cosmetica pentru \u00eengrijirea corpului\",\"item\":\"https:\\\/\\\/shopatoa.com\\\/ro\\\/cosmetica-pentru-ingrijirea-corpului\\\/\"},{\"@type\":\"ListItem\",\"position\":6,\"name\":\"Cosmetice \u00eempotriva celulitei \u0219i vergeturilor\",\"item\":\"https:\\\/\\\/shopatoa.com\\\/ro\\\/cosmetice-impotriva-celulitei-si-vergeturilor\\\/\"},{\"@type\":\"ListItem\",\"position\":7,\"name\":\"Oranjito Gel de scor\u021bi\u0219oar\u0103 \u00eempotriva celulitei (Cinnamon Anti Cellulite Gel) 200 ml\"}]},{\"@type\":\"WebSite\",\"@id\":\"https:\\\/\\\/shopatoa.com\\\/ro\\\/#website\",\"url\":\"https:\\\/\\\/shopatoa.com\\\/ro\\\/\",\"name\":\"SHOPATOA\",\"description\":\"\",\"publisher\":{\"@id\":\"https:\\\/\\\/shopatoa.com\\\/ro\\\/#organization\"},\"potentialAction\":[{\"@type\":\"SearchAction\",\"target\":{\"@type\":\"EntryPoint\",\"urlTemplate\":\"https:\\\/\\\/shopatoa.com\\\/ro\\\/?s={search_term_string}\"},\"query-input\":{\"@type\":\"PropertyValueSpecification\",\"valueRequired\":true,\"valueName\":\"search_term_string\"}}],\"inLanguage\":\"ro-RO\"},{\"@type\":\"Organization\",\"@id\":\"https:\\\/\\\/shopatoa.com\\\/ro\\\/#organization\",\"name\":\"SHOPATOA\",\"url\":\"https:\\\/\\\/shopatoa.com\\\/ro\\\/\",\"logo\":{\"@type\":\"ImageObject\",\"inLanguage\":\"ro-RO\",\"@id\":\"https:\\\/\\\/shopatoa.com\\\/ro\\\/#\\\/schema\\\/logo\\\/image\\\/\",\"url\":\"https:\\\/\\\/storage.googleapis.com\\\/cz-shopatoa-img\\\/ro\\\/b4dac915-shopatoa_logo.png\",\"contentUrl\":\"https:\\\/\\\/storage.googleapis.com\\\/cz-shopatoa-img\\\/ro\\\/b4dac915-shopatoa_logo.png\",\"width\":416,\"height\":63,\"caption\":\"SHOPATOA\"},\"image\":{\"@id\":\"https:\\\/\\\/shopatoa.com\\\/ro\\\/#\\\/schema\\\/logo\\\/image\\\/\"}}]}<\/script>\n<!-- \/ Yoast SEO plugin. -->","yoast_head_json":{"title":"Oranjito Gel de scor\u021bi\u0219oar\u0103 \u00eempotriva celulitei (Cinnamon Anti Cellulite Gel) 200 ml - SHOPATOA.COM","robots":{"index":"index","follow":"follow","max-snippet":"max-snippet:-1","max-image-preview":"max-image-preview:large","max-video-preview":"max-video-preview:-1"},"canonical":"https:\/\/shopatoa.com\/ro\/oranjito-gel-de-scortisoara-impotriva-celulitei-cinnamon-anti-cellulite-gel-200-ml\/","og_locale":"ro_RO","og_type":"article","og_title":"Oranjito Gel de scor\u021bi\u0219oar\u0103 \u00eempotriva celulitei (Cinnamon Anti Cellulite Gel) 200 ml - SHOPATOA.COM","og_description":"Celulita este cauzat\u0103 de depunerea excesului de celule adipoase \u00een straturile inferioare ale pielii. Pielea \u00ee\u0219i pierde elasticitatea \u0219i fermitatea, dar mai presus de toate apar umfl\u0103turi \u0219i neuniformit\u0103\u021bi vizibile pe piele. Gelul de corp nu numai c\u0103 \u00eent\u0103re\u0219te pielea, ci are \u0219i un efect benefic asupra circula\u021biei s\u00e2ngelui.","og_url":"https:\/\/shopatoa.com\/ro\/oranjito-gel-de-scortisoara-impotriva-celulitei-cinnamon-anti-cellulite-gel-200-ml\/","og_site_name":"SHOPATOA","article_modified_time":"2025-12-09T21:16:50+00:00","og_image":[{"width":800,"height":800,"url":"https:\/\/storage.googleapis.com\/cz-shopatoa-img\/ro\/835da57a-unnamed-file.webp","type":"image\/webp"}],"twitter_card":"summary_large_image","schema":{"@context":"https:\/\/schema.org","@graph":[{"@type":"WebPage","@id":"https:\/\/shopatoa.com\/ro\/oranjito-gel-de-scortisoara-impotriva-celulitei-cinnamon-anti-cellulite-gel-200-ml\/","url":"https:\/\/shopatoa.com\/ro\/oranjito-gel-de-scortisoara-impotriva-celulitei-cinnamon-anti-cellulite-gel-200-ml\/","name":"Oranjito Gel de scor\u021bi\u0219oar\u0103 \u00eempotriva celulitei (Cinnamon Anti Cellulite Gel) 200 ml - SHOPATOA.COM","isPartOf":{"@id":"https:\/\/shopatoa.com\/ro\/#website"},"primaryImageOfPage":{"@id":"https:\/\/shopatoa.com\/ro\/oranjito-gel-de-scortisoara-impotriva-celulitei-cinnamon-anti-cellulite-gel-200-ml\/#primaryimage"},"image":{"@id":"https:\/\/shopatoa.com\/ro\/oranjito-gel-de-scortisoara-impotriva-celulitei-cinnamon-anti-cellulite-gel-200-ml\/#primaryimage"},"thumbnailUrl":"https:\/\/storage.googleapis.com\/cz-shopatoa-img\/ro\/835da57a-unnamed-file.webp","datePublished":"2025-04-26T12:07:00+00:00","dateModified":"2025-12-09T21:16:50+00:00","breadcrumb":{"@id":"https:\/\/shopatoa.com\/ro\/oranjito-gel-de-scortisoara-impotriva-celulitei-cinnamon-anti-cellulite-gel-200-ml\/#breadcrumb"},"inLanguage":"ro-RO","potentialAction":[{"@type":"ReadAction","target":["https:\/\/shopatoa.com\/ro\/oranjito-gel-de-scortisoara-impotriva-celulitei-cinnamon-anti-cellulite-gel-200-ml\/"]}]},{"@type":"ImageObject","inLanguage":"ro-RO","@id":"https:\/\/shopatoa.com\/ro\/oranjito-gel-de-scortisoara-impotriva-celulitei-cinnamon-anti-cellulite-gel-200-ml\/#primaryimage","url":"https:\/\/storage.googleapis.com\/cz-shopatoa-img\/ro\/835da57a-unnamed-file.webp","contentUrl":"https:\/\/storage.googleapis.com\/cz-shopatoa-img\/ro\/835da57a-unnamed-file.webp","width":800,"height":800},{"@type":"BreadcrumbList","@id":"https:\/\/shopatoa.com\/ro\/oranjito-gel-de-scortisoara-impotriva-celulitei-cinnamon-anti-cellulite-gel-200-ml\/#breadcrumb","itemListElement":[{"@type":"ListItem","position":1,"name":"Dom\u016f","item":"https:\/\/shopatoa.com\/ro\/"},{"@type":"ListItem","position":2,"name":"Shop","item":"https:\/\/shopatoa.com\/ro\/shop\/"},{"@type":"ListItem","position":3,"name":"Cosmetice","item":"https:\/\/shopatoa.com\/ro\/cosmetice\/"},{"@type":"ListItem","position":4,"name":"Produse cosmetice pentru corp","item":"https:\/\/shopatoa.com\/ro\/produse-cosmetice-pentru-corp\/"},{"@type":"ListItem","position":5,"name":"Cosmetica pentru \u00eengrijirea corpului","item":"https:\/\/shopatoa.com\/ro\/cosmetica-pentru-ingrijirea-corpului\/"},{"@type":"ListItem","position":6,"name":"Cosmetice \u00eempotriva celulitei \u0219i vergeturilor","item":"https:\/\/shopatoa.com\/ro\/cosmetice-impotriva-celulitei-si-vergeturilor\/"},{"@type":"ListItem","position":7,"name":"Oranjito Gel de scor\u021bi\u0219oar\u0103 \u00eempotriva celulitei (Cinnamon Anti Cellulite Gel) 200 ml"}]},{"@type":"WebSite","@id":"https:\/\/shopatoa.com\/ro\/#website","url":"https:\/\/shopatoa.com\/ro\/","name":"SHOPATOA","description":"","publisher":{"@id":"https:\/\/shopatoa.com\/ro\/#organization"},"potentialAction":[{"@type":"SearchAction","target":{"@type":"EntryPoint","urlTemplate":"https:\/\/shopatoa.com\/ro\/?s={search_term_string}"},"query-input":{"@type":"PropertyValueSpecification","valueRequired":true,"valueName":"search_term_string"}}],"inLanguage":"ro-RO"},{"@type":"Organization","@id":"https:\/\/shopatoa.com\/ro\/#organization","name":"SHOPATOA","url":"https:\/\/shopatoa.com\/ro\/","logo":{"@type":"ImageObject","inLanguage":"ro-RO","@id":"https:\/\/shopatoa.com\/ro\/#\/schema\/logo\/image\/","url":"https:\/\/storage.googleapis.com\/cz-shopatoa-img\/ro\/b4dac915-shopatoa_logo.png","contentUrl":"https:\/\/storage.googleapis.com\/cz-shopatoa-img\/ro\/b4dac915-shopatoa_logo.png","width":416,"height":63,"caption":"SHOPATOA"},"image":{"@id":"https:\/\/shopatoa.com\/ro\/#\/schema\/logo\/image\/"}}]}},"_links":{"self":[{"href":"https:\/\/shopatoa.com\/ro\/wp-json\/wp\/v2\/product\/258159","targetHints":{"allow":["GET"]}}],"collection":[{"href":"https:\/\/shopatoa.com\/ro\/wp-json\/wp\/v2\/product"}],"about":[{"href":"https:\/\/shopatoa.com\/ro\/wp-json\/wp\/v2\/types\/product"}],"replies":[{"embeddable":true,"href":"https:\/\/shopatoa.com\/ro\/wp-json\/wp\/v2\/comments?post=258159"}],"wp:featuredmedia":[{"embeddable":true,"href":"https:\/\/shopatoa.com\/ro\/wp-json\/wp\/v2\/media\/258160"}],"wp:attachment":[{"href":"https:\/\/shopatoa.com\/ro\/wp-json\/wp\/v2\/media?parent=258159"}],"wp:term":[{"taxonomy":"product_brand","embeddable":true,"href":"https:\/\/shopatoa.com\/ro\/wp-json\/wp\/v2\/product_brand?post=258159"},{"taxonomy":"product_cat","embeddable":true,"href":"https:\/\/shopatoa.com\/ro\/wp-json\/wp\/v2\/product_cat?post=258159"},{"taxonomy":"product_tag","embeddable":true,"href":"https:\/\/shopatoa.com\/ro\/wp-json\/wp\/v2\/product_tag?post=258159"}],"curies":[{"name":"wp","href":"https:\/\/api.w.org\/{rel}","templated":true}]}}