{"id":258249,"date":"2025-04-26T14:26:27","date_gmt":"2025-04-26T12:26:27","guid":{"rendered":"https:\/\/shopatoa.com\/ro\/proficare-cantar-personal-analitic-negru-pw-3007-fa\/"},"modified":"2025-12-09T21:55:19","modified_gmt":"2025-12-09T20:55:19","slug":"proficare-cantar-personal-analitic-negru-pw-3007-fa","status":"publish","type":"product","link":"https:\/\/shopatoa.com\/ro\/proficare-cantar-personal-analitic-negru-pw-3007-fa\/","title":{"rendered":"ProfiCare C\u00e2ntar personal analitic negru PW 3007 FA"},"content":{"rendered":"<p>C\u00e2ntarul personal PW 3007 FA cu inser\u021bie din o\u021bel inoxidabil este un instrument ideal pentru o analiz\u0103 complet\u0103 a st\u0103rii corpului. M\u0103soar\u0103 nu numai greutatea, ci \u0219i gr\u0103simea corporal\u0103, con\u021binutul de ap\u0103, masa muscular\u0103, masa osoas\u0103, nivelul gr\u0103simii din organe, consumul zilnic de calorii (BMR) \u0219i BMI. C\u00e2ntarul are un afi\u0219aj LCD multifunc\u021bional u\u0219or de citit, care afi\u0219eaz\u0103 clar toate datele m\u0103surate. V\u0103 permite s\u0103 stoca\u021bi p\u00e2n\u0103 la 10 utilizatori, ceea ce este practic pentru uz casnic.<\/p>\n","protected":false},"excerpt":{"rendered":"<p>C\u00e2ntarul personal PW 3007 FA cu inser\u021bie din o\u021bel inoxidabil este un instrument ideal pentru o analiz\u0103 complet\u0103 a st\u0103rii corpului. M\u0103soar\u0103 nu numai greutatea, ci \u0219i gr\u0103simea corporal\u0103, con\u021binutul de ap\u0103, masa muscular\u0103, masa osoas\u0103, nivelul gr\u0103simii din organe, consumul zilnic de calorii (BMR) \u0219i BMI. C\u00e2ntarul are un afi\u0219aj LCD multifunc\u021bional u\u0219or de&#8230;<\/p>\n","protected":false},"featured_media":258250,"comment_status":"closed","ping_status":"open","template":"","meta":{"_acf_changed":false,"_kadence_starter_templates_imported_post":false,"_kad_post_transparent":"","_kad_post_title":"","_kad_post_layout":"","_kad_post_sidebar_id":"","_kad_post_content_style":"","_kad_post_vertical_padding":"","_kad_post_feature":"","_kad_post_feature_position":"","_kad_post_header":false,"_kad_post_footer":false,"_kad_post_classname":""},"product_brand":[876],"product_cat":[733,758,353],"product_tag":[],"class_list":{"0":"post-258249","1":"product","2":"type-product","3":"status-publish","4":"has-post-thumbnail","6":"product_brand-proficare","7":"product_cat-aparate-si-ajutoare-de-sanatate","8":"product_cat-cantare-si-analizoare-de-grasime","9":"product_cat-sanatate","11":"first","12":"instock","13":"product-type-external","14":"entry","15":"content-bg","16":"loop-entry"},"acf":[],"yoast_head":"<!-- This site is optimized with the Yoast SEO plugin v27.4 - https:\/\/yoast.com\/product\/yoast-seo-wordpress\/ -->\n<title>ProfiCare C\u00e2ntar personal analitic negru PW 3007 FA - SHOPATOA.COM<\/title>\n<meta name=\"robots\" content=\"index, follow, max-snippet:-1, max-image-preview:large, max-video-preview:-1\" \/>\n<link rel=\"canonical\" href=\"https:\/\/shopatoa.com\/ro\/proficare-cantar-personal-analitic-negru-pw-3007-fa\/\" \/>\n<meta property=\"og:locale\" content=\"ro_RO\" \/>\n<meta property=\"og:type\" content=\"article\" \/>\n<meta property=\"og:title\" content=\"ProfiCare C\u00e2ntar personal analitic negru PW 3007 FA - SHOPATOA.COM\" \/>\n<meta property=\"og:description\" content=\"C\u00e2ntarul personal PW 3007 FA cu inser\u021bie din o\u021bel inoxidabil este un instrument ideal pentru o analiz\u0103 complet\u0103 a st\u0103rii corpului. M\u0103soar\u0103 nu numai greutatea, ci \u0219i gr\u0103simea corporal\u0103, con\u021binutul de ap\u0103, masa muscular\u0103, masa osoas\u0103, nivelul gr\u0103simii din organe, consumul zilnic de calorii (BMR) \u0219i BMI. C\u00e2ntarul are un afi\u0219aj LCD multifunc\u021bional u\u0219or de...\" \/>\n<meta property=\"og:url\" content=\"https:\/\/shopatoa.com\/ro\/proficare-cantar-personal-analitic-negru-pw-3007-fa\/\" \/>\n<meta property=\"og:site_name\" content=\"SHOPATOA\" \/>\n<meta property=\"article:modified_time\" content=\"2025-12-09T20:55:19+00:00\" \/>\n<meta property=\"og:image\" content=\"https:\/\/storage.googleapis.com\/cz-shopatoa-img\/ro\/33dea8f1-unnamed-file.webp\" \/>\n\t<meta property=\"og:image:width\" content=\"800\" \/>\n\t<meta property=\"og:image:height\" content=\"800\" \/>\n\t<meta property=\"og:image:type\" content=\"image\/webp\" \/>\n<meta name=\"twitter:card\" content=\"summary_large_image\" \/>\n<script type=\"application\/ld+json\" class=\"yoast-schema-graph\">{\"@context\":\"https:\\\/\\\/schema.org\",\"@graph\":[{\"@type\":\"WebPage\",\"@id\":\"https:\\\/\\\/shopatoa.com\\\/ro\\\/proficare-cantar-personal-analitic-negru-pw-3007-fa\\\/\",\"url\":\"https:\\\/\\\/shopatoa.com\\\/ro\\\/proficare-cantar-personal-analitic-negru-pw-3007-fa\\\/\",\"name\":\"ProfiCare C\u00e2ntar personal analitic negru PW 3007 FA - SHOPATOA.COM\",\"isPartOf\":{\"@id\":\"https:\\\/\\\/shopatoa.com\\\/ro\\\/#website\"},\"primaryImageOfPage\":{\"@id\":\"https:\\\/\\\/shopatoa.com\\\/ro\\\/proficare-cantar-personal-analitic-negru-pw-3007-fa\\\/#primaryimage\"},\"image\":{\"@id\":\"https:\\\/\\\/shopatoa.com\\\/ro\\\/proficare-cantar-personal-analitic-negru-pw-3007-fa\\\/#primaryimage\"},\"thumbnailUrl\":\"https:\\\/\\\/storage.googleapis.com\\\/cz-shopatoa-img\\\/ro\\\/33dea8f1-unnamed-file.webp\",\"datePublished\":\"2025-04-26T12:26:27+00:00\",\"dateModified\":\"2025-12-09T20:55:19+00:00\",\"breadcrumb\":{\"@id\":\"https:\\\/\\\/shopatoa.com\\\/ro\\\/proficare-cantar-personal-analitic-negru-pw-3007-fa\\\/#breadcrumb\"},\"inLanguage\":\"ro-RO\",\"potentialAction\":[{\"@type\":\"ReadAction\",\"target\":[\"https:\\\/\\\/shopatoa.com\\\/ro\\\/proficare-cantar-personal-analitic-negru-pw-3007-fa\\\/\"]}]},{\"@type\":\"ImageObject\",\"inLanguage\":\"ro-RO\",\"@id\":\"https:\\\/\\\/shopatoa.com\\\/ro\\\/proficare-cantar-personal-analitic-negru-pw-3007-fa\\\/#primaryimage\",\"url\":\"https:\\\/\\\/storage.googleapis.com\\\/cz-shopatoa-img\\\/ro\\\/33dea8f1-unnamed-file.webp\",\"contentUrl\":\"https:\\\/\\\/storage.googleapis.com\\\/cz-shopatoa-img\\\/ro\\\/33dea8f1-unnamed-file.webp\",\"width\":800,\"height\":800},{\"@type\":\"BreadcrumbList\",\"@id\":\"https:\\\/\\\/shopatoa.com\\\/ro\\\/proficare-cantar-personal-analitic-negru-pw-3007-fa\\\/#breadcrumb\",\"itemListElement\":[{\"@type\":\"ListItem\",\"position\":1,\"name\":\"Dom\u016f\",\"item\":\"https:\\\/\\\/shopatoa.com\\\/ro\\\/\"},{\"@type\":\"ListItem\",\"position\":2,\"name\":\"Shop\",\"item\":\"https:\\\/\\\/shopatoa.com\\\/ro\\\/shop\\\/\"},{\"@type\":\"ListItem\",\"position\":3,\"name\":\"S\u0103n\u0103tate\",\"item\":\"https:\\\/\\\/shopatoa.com\\\/ro\\\/sanatate\\\/\"},{\"@type\":\"ListItem\",\"position\":4,\"name\":\"Aparate \u0219i ajutoare de s\u0103n\u0103tate\",\"item\":\"https:\\\/\\\/shopatoa.com\\\/ro\\\/aparate-si-ajutoare-de-sanatate\\\/\"},{\"@type\":\"ListItem\",\"position\":5,\"name\":\"C\u00e2ntare \u0219i analizoare de gr\u0103sime\",\"item\":\"https:\\\/\\\/shopatoa.com\\\/ro\\\/cantare-si-analizoare-de-grasime\\\/\"},{\"@type\":\"ListItem\",\"position\":6,\"name\":\"ProfiCare C\u00e2ntar personal analitic negru PW 3007 FA\"}]},{\"@type\":\"WebSite\",\"@id\":\"https:\\\/\\\/shopatoa.com\\\/ro\\\/#website\",\"url\":\"https:\\\/\\\/shopatoa.com\\\/ro\\\/\",\"name\":\"SHOPATOA\",\"description\":\"\",\"publisher\":{\"@id\":\"https:\\\/\\\/shopatoa.com\\\/ro\\\/#organization\"},\"potentialAction\":[{\"@type\":\"SearchAction\",\"target\":{\"@type\":\"EntryPoint\",\"urlTemplate\":\"https:\\\/\\\/shopatoa.com\\\/ro\\\/?s={search_term_string}\"},\"query-input\":{\"@type\":\"PropertyValueSpecification\",\"valueRequired\":true,\"valueName\":\"search_term_string\"}}],\"inLanguage\":\"ro-RO\"},{\"@type\":\"Organization\",\"@id\":\"https:\\\/\\\/shopatoa.com\\\/ro\\\/#organization\",\"name\":\"SHOPATOA\",\"url\":\"https:\\\/\\\/shopatoa.com\\\/ro\\\/\",\"logo\":{\"@type\":\"ImageObject\",\"inLanguage\":\"ro-RO\",\"@id\":\"https:\\\/\\\/shopatoa.com\\\/ro\\\/#\\\/schema\\\/logo\\\/image\\\/\",\"url\":\"https:\\\/\\\/storage.googleapis.com\\\/cz-shopatoa-img\\\/ro\\\/b4dac915-shopatoa_logo.png\",\"contentUrl\":\"https:\\\/\\\/storage.googleapis.com\\\/cz-shopatoa-img\\\/ro\\\/b4dac915-shopatoa_logo.png\",\"width\":416,\"height\":63,\"caption\":\"SHOPATOA\"},\"image\":{\"@id\":\"https:\\\/\\\/shopatoa.com\\\/ro\\\/#\\\/schema\\\/logo\\\/image\\\/\"}}]}<\/script>\n<!-- \/ Yoast SEO plugin. -->","yoast_head_json":{"title":"ProfiCare C\u00e2ntar personal analitic negru PW 3007 FA - SHOPATOA.COM","robots":{"index":"index","follow":"follow","max-snippet":"max-snippet:-1","max-image-preview":"max-image-preview:large","max-video-preview":"max-video-preview:-1"},"canonical":"https:\/\/shopatoa.com\/ro\/proficare-cantar-personal-analitic-negru-pw-3007-fa\/","og_locale":"ro_RO","og_type":"article","og_title":"ProfiCare C\u00e2ntar personal analitic negru PW 3007 FA - SHOPATOA.COM","og_description":"C\u00e2ntarul personal PW 3007 FA cu inser\u021bie din o\u021bel inoxidabil este un instrument ideal pentru o analiz\u0103 complet\u0103 a st\u0103rii corpului. M\u0103soar\u0103 nu numai greutatea, ci \u0219i gr\u0103simea corporal\u0103, con\u021binutul de ap\u0103, masa muscular\u0103, masa osoas\u0103, nivelul gr\u0103simii din organe, consumul zilnic de calorii (BMR) \u0219i BMI. C\u00e2ntarul are un afi\u0219aj LCD multifunc\u021bional u\u0219or de...","og_url":"https:\/\/shopatoa.com\/ro\/proficare-cantar-personal-analitic-negru-pw-3007-fa\/","og_site_name":"SHOPATOA","article_modified_time":"2025-12-09T20:55:19+00:00","og_image":[{"width":800,"height":800,"url":"https:\/\/storage.googleapis.com\/cz-shopatoa-img\/ro\/33dea8f1-unnamed-file.webp","type":"image\/webp"}],"twitter_card":"summary_large_image","schema":{"@context":"https:\/\/schema.org","@graph":[{"@type":"WebPage","@id":"https:\/\/shopatoa.com\/ro\/proficare-cantar-personal-analitic-negru-pw-3007-fa\/","url":"https:\/\/shopatoa.com\/ro\/proficare-cantar-personal-analitic-negru-pw-3007-fa\/","name":"ProfiCare C\u00e2ntar personal analitic negru PW 3007 FA - SHOPATOA.COM","isPartOf":{"@id":"https:\/\/shopatoa.com\/ro\/#website"},"primaryImageOfPage":{"@id":"https:\/\/shopatoa.com\/ro\/proficare-cantar-personal-analitic-negru-pw-3007-fa\/#primaryimage"},"image":{"@id":"https:\/\/shopatoa.com\/ro\/proficare-cantar-personal-analitic-negru-pw-3007-fa\/#primaryimage"},"thumbnailUrl":"https:\/\/storage.googleapis.com\/cz-shopatoa-img\/ro\/33dea8f1-unnamed-file.webp","datePublished":"2025-04-26T12:26:27+00:00","dateModified":"2025-12-09T20:55:19+00:00","breadcrumb":{"@id":"https:\/\/shopatoa.com\/ro\/proficare-cantar-personal-analitic-negru-pw-3007-fa\/#breadcrumb"},"inLanguage":"ro-RO","potentialAction":[{"@type":"ReadAction","target":["https:\/\/shopatoa.com\/ro\/proficare-cantar-personal-analitic-negru-pw-3007-fa\/"]}]},{"@type":"ImageObject","inLanguage":"ro-RO","@id":"https:\/\/shopatoa.com\/ro\/proficare-cantar-personal-analitic-negru-pw-3007-fa\/#primaryimage","url":"https:\/\/storage.googleapis.com\/cz-shopatoa-img\/ro\/33dea8f1-unnamed-file.webp","contentUrl":"https:\/\/storage.googleapis.com\/cz-shopatoa-img\/ro\/33dea8f1-unnamed-file.webp","width":800,"height":800},{"@type":"BreadcrumbList","@id":"https:\/\/shopatoa.com\/ro\/proficare-cantar-personal-analitic-negru-pw-3007-fa\/#breadcrumb","itemListElement":[{"@type":"ListItem","position":1,"name":"Dom\u016f","item":"https:\/\/shopatoa.com\/ro\/"},{"@type":"ListItem","position":2,"name":"Shop","item":"https:\/\/shopatoa.com\/ro\/shop\/"},{"@type":"ListItem","position":3,"name":"S\u0103n\u0103tate","item":"https:\/\/shopatoa.com\/ro\/sanatate\/"},{"@type":"ListItem","position":4,"name":"Aparate \u0219i ajutoare de s\u0103n\u0103tate","item":"https:\/\/shopatoa.com\/ro\/aparate-si-ajutoare-de-sanatate\/"},{"@type":"ListItem","position":5,"name":"C\u00e2ntare \u0219i analizoare de gr\u0103sime","item":"https:\/\/shopatoa.com\/ro\/cantare-si-analizoare-de-grasime\/"},{"@type":"ListItem","position":6,"name":"ProfiCare C\u00e2ntar personal analitic negru PW 3007 FA"}]},{"@type":"WebSite","@id":"https:\/\/shopatoa.com\/ro\/#website","url":"https:\/\/shopatoa.com\/ro\/","name":"SHOPATOA","description":"","publisher":{"@id":"https:\/\/shopatoa.com\/ro\/#organization"},"potentialAction":[{"@type":"SearchAction","target":{"@type":"EntryPoint","urlTemplate":"https:\/\/shopatoa.com\/ro\/?s={search_term_string}"},"query-input":{"@type":"PropertyValueSpecification","valueRequired":true,"valueName":"search_term_string"}}],"inLanguage":"ro-RO"},{"@type":"Organization","@id":"https:\/\/shopatoa.com\/ro\/#organization","name":"SHOPATOA","url":"https:\/\/shopatoa.com\/ro\/","logo":{"@type":"ImageObject","inLanguage":"ro-RO","@id":"https:\/\/shopatoa.com\/ro\/#\/schema\/logo\/image\/","url":"https:\/\/storage.googleapis.com\/cz-shopatoa-img\/ro\/b4dac915-shopatoa_logo.png","contentUrl":"https:\/\/storage.googleapis.com\/cz-shopatoa-img\/ro\/b4dac915-shopatoa_logo.png","width":416,"height":63,"caption":"SHOPATOA"},"image":{"@id":"https:\/\/shopatoa.com\/ro\/#\/schema\/logo\/image\/"}}]}},"_links":{"self":[{"href":"https:\/\/shopatoa.com\/ro\/wp-json\/wp\/v2\/product\/258249","targetHints":{"allow":["GET"]}}],"collection":[{"href":"https:\/\/shopatoa.com\/ro\/wp-json\/wp\/v2\/product"}],"about":[{"href":"https:\/\/shopatoa.com\/ro\/wp-json\/wp\/v2\/types\/product"}],"replies":[{"embeddable":true,"href":"https:\/\/shopatoa.com\/ro\/wp-json\/wp\/v2\/comments?post=258249"}],"wp:featuredmedia":[{"embeddable":true,"href":"https:\/\/shopatoa.com\/ro\/wp-json\/wp\/v2\/media\/258250"}],"wp:attachment":[{"href":"https:\/\/shopatoa.com\/ro\/wp-json\/wp\/v2\/media?parent=258249"}],"wp:term":[{"taxonomy":"product_brand","embeddable":true,"href":"https:\/\/shopatoa.com\/ro\/wp-json\/wp\/v2\/product_brand?post=258249"},{"taxonomy":"product_cat","embeddable":true,"href":"https:\/\/shopatoa.com\/ro\/wp-json\/wp\/v2\/product_cat?post=258249"},{"taxonomy":"product_tag","embeddable":true,"href":"https:\/\/shopatoa.com\/ro\/wp-json\/wp\/v2\/product_tag?post=258249"}],"curies":[{"name":"wp","href":"https:\/\/api.w.org\/{rel}","templated":true}]}}