{"id":258255,"date":"2025-04-26T14:26:56","date_gmt":"2025-04-26T12:26:56","guid":{"rendered":"https:\/\/shopatoa.com\/ro\/proficare-aparat-de-tuns-profesionist-pentru-par-si-barba-hsm-r-3100\/"},"modified":"2025-12-09T21:54:54","modified_gmt":"2025-12-09T20:54:54","slug":"proficare-aparat-de-tuns-profesionist-pentru-par-si-barba-hsm-r-3100","status":"publish","type":"product","link":"https:\/\/shopatoa.com\/ro\/proficare-aparat-de-tuns-profesionist-pentru-par-si-barba-hsm-r-3100\/","title":{"rendered":"ProfiCare Aparat de tuns profesionist pentru p\u0103r \u0219i barb\u0103 HSM\/R 3100"},"content":{"rendered":"<p>Aparatul de tuns profesional de \u00eenalt\u0103 calitate din o\u021bel ofer\u0103 flexibilitate datorit\u0103 posibilit\u0103\u021bii de func\u021bionare cu baterie \u0219i de func\u021bionare la re\u021bea (230 V). Datorit\u0103 func\u021biei Direct Drive, dispozitivul poate fi utilizat imediat atunci c\u00e2nd este conectat la re\u021bea, chiar dac\u0103 bateria este desc\u0103rcat\u0103. Bateria puternic\u0103 Li-Ion cu o capacitate de 2.000 mAh asigur\u0103 p\u00e2n\u0103 la 2,5 ore de func\u021bionare per \u00eenc\u0103rcare, care dureaz\u0103 aproximativ 2,5 ore. Capul de b\u0103rbierit de precizie din o\u021bel asigur\u0103 o t\u0103iere uniform\u0103 \u0219i precis\u0103 \u0219i ofer\u0103 o func\u021bie de sub\u021biere \u00een 3 etape.<\/p>\n","protected":false},"excerpt":{"rendered":"<p>Aparatul de tuns profesional de \u00eenalt\u0103 calitate din o\u021bel ofer\u0103 flexibilitate datorit\u0103 posibilit\u0103\u021bii de func\u021bionare cu baterie \u0219i de func\u021bionare la re\u021bea (230 V). Datorit\u0103 func\u021biei Direct Drive, dispozitivul poate fi utilizat imediat atunci c\u00e2nd este conectat la re\u021bea, chiar dac\u0103 bateria este desc\u0103rcat\u0103. Bateria puternic\u0103 Li-Ion cu o capacitate de 2.000 mAh asigur\u0103 p\u00e2n\u0103&#8230;<\/p>\n","protected":false},"featured_media":258256,"comment_status":"closed","ping_status":"open","template":"","meta":{"_acf_changed":false,"_kadence_starter_templates_imported_post":false,"_kad_post_transparent":"","_kad_post_title":"","_kad_post_layout":"","_kad_post_sidebar_id":"","_kad_post_content_style":"","_kad_post_vertical_padding":"","_kad_post_feature":"","_kad_post_feature_position":"","_kad_post_header":false,"_kad_post_footer":false,"_kad_post_classname":""},"product_brand":[876],"product_cat":[670,765,246],"product_tag":[],"class_list":{"0":"post-258255","1":"product","2":"type-product","3":"status-publish","4":"has-post-thumbnail","6":"product_brand-proficare","7":"product_cat-barber-shop","8":"product_cat-barber-shop-taiat","9":"product_cat-cosmetice","11":"first","12":"instock","13":"sale","14":"product-type-external","15":"entry","16":"content-bg","17":"loop-entry"},"acf":[],"yoast_head":"<!-- This site is optimized with the Yoast SEO plugin v27.4 - https:\/\/yoast.com\/product\/yoast-seo-wordpress\/ -->\n<title>ProfiCare Aparat de tuns profesionist pentru p\u0103r \u0219i barb\u0103 HSM\/R 3100 - SHOPATOA.COM<\/title>\n<meta name=\"robots\" content=\"index, follow, max-snippet:-1, max-image-preview:large, max-video-preview:-1\" \/>\n<link rel=\"canonical\" href=\"https:\/\/shopatoa.com\/ro\/proficare-aparat-de-tuns-profesionist-pentru-par-si-barba-hsm-r-3100\/\" \/>\n<meta property=\"og:locale\" content=\"ro_RO\" \/>\n<meta property=\"og:type\" content=\"article\" \/>\n<meta property=\"og:title\" content=\"ProfiCare Aparat de tuns profesionist pentru p\u0103r \u0219i barb\u0103 HSM\/R 3100 - SHOPATOA.COM\" \/>\n<meta property=\"og:description\" content=\"Aparatul de tuns profesional de \u00eenalt\u0103 calitate din o\u021bel ofer\u0103 flexibilitate datorit\u0103 posibilit\u0103\u021bii de func\u021bionare cu baterie \u0219i de func\u021bionare la re\u021bea (230 V). Datorit\u0103 func\u021biei Direct Drive, dispozitivul poate fi utilizat imediat atunci c\u00e2nd este conectat la re\u021bea, chiar dac\u0103 bateria este desc\u0103rcat\u0103. Bateria puternic\u0103 Li-Ion cu o capacitate de 2.000 mAh asigur\u0103 p\u00e2n\u0103...\" \/>\n<meta property=\"og:url\" content=\"https:\/\/shopatoa.com\/ro\/proficare-aparat-de-tuns-profesionist-pentru-par-si-barba-hsm-r-3100\/\" \/>\n<meta property=\"og:site_name\" content=\"SHOPATOA\" \/>\n<meta property=\"article:modified_time\" content=\"2025-12-09T20:54:54+00:00\" \/>\n<meta property=\"og:image\" content=\"https:\/\/storage.googleapis.com\/cz-shopatoa-img\/ro\/3b943ae3-unnamed-file.webp\" \/>\n\t<meta property=\"og:image:width\" content=\"800\" \/>\n\t<meta property=\"og:image:height\" content=\"800\" \/>\n\t<meta property=\"og:image:type\" content=\"image\/webp\" \/>\n<meta name=\"twitter:card\" content=\"summary_large_image\" \/>\n<meta name=\"twitter:label1\" content=\"Timp estimat pentru citire\" \/>\n\t<meta name=\"twitter:data1\" content=\"1 minut\" \/>\n<script type=\"application\/ld+json\" class=\"yoast-schema-graph\">{\"@context\":\"https:\\\/\\\/schema.org\",\"@graph\":[{\"@type\":\"WebPage\",\"@id\":\"https:\\\/\\\/shopatoa.com\\\/ro\\\/proficare-aparat-de-tuns-profesionist-pentru-par-si-barba-hsm-r-3100\\\/\",\"url\":\"https:\\\/\\\/shopatoa.com\\\/ro\\\/proficare-aparat-de-tuns-profesionist-pentru-par-si-barba-hsm-r-3100\\\/\",\"name\":\"ProfiCare Aparat de tuns profesionist pentru p\u0103r \u0219i barb\u0103 HSM\\\/R 3100 - SHOPATOA.COM\",\"isPartOf\":{\"@id\":\"https:\\\/\\\/shopatoa.com\\\/ro\\\/#website\"},\"primaryImageOfPage\":{\"@id\":\"https:\\\/\\\/shopatoa.com\\\/ro\\\/proficare-aparat-de-tuns-profesionist-pentru-par-si-barba-hsm-r-3100\\\/#primaryimage\"},\"image\":{\"@id\":\"https:\\\/\\\/shopatoa.com\\\/ro\\\/proficare-aparat-de-tuns-profesionist-pentru-par-si-barba-hsm-r-3100\\\/#primaryimage\"},\"thumbnailUrl\":\"https:\\\/\\\/storage.googleapis.com\\\/cz-shopatoa-img\\\/ro\\\/3b943ae3-unnamed-file.webp\",\"datePublished\":\"2025-04-26T12:26:56+00:00\",\"dateModified\":\"2025-12-09T20:54:54+00:00\",\"breadcrumb\":{\"@id\":\"https:\\\/\\\/shopatoa.com\\\/ro\\\/proficare-aparat-de-tuns-profesionist-pentru-par-si-barba-hsm-r-3100\\\/#breadcrumb\"},\"inLanguage\":\"ro-RO\",\"potentialAction\":[{\"@type\":\"ReadAction\",\"target\":[\"https:\\\/\\\/shopatoa.com\\\/ro\\\/proficare-aparat-de-tuns-profesionist-pentru-par-si-barba-hsm-r-3100\\\/\"]}]},{\"@type\":\"ImageObject\",\"inLanguage\":\"ro-RO\",\"@id\":\"https:\\\/\\\/shopatoa.com\\\/ro\\\/proficare-aparat-de-tuns-profesionist-pentru-par-si-barba-hsm-r-3100\\\/#primaryimage\",\"url\":\"https:\\\/\\\/storage.googleapis.com\\\/cz-shopatoa-img\\\/ro\\\/3b943ae3-unnamed-file.webp\",\"contentUrl\":\"https:\\\/\\\/storage.googleapis.com\\\/cz-shopatoa-img\\\/ro\\\/3b943ae3-unnamed-file.webp\",\"width\":800,\"height\":800},{\"@type\":\"BreadcrumbList\",\"@id\":\"https:\\\/\\\/shopatoa.com\\\/ro\\\/proficare-aparat-de-tuns-profesionist-pentru-par-si-barba-hsm-r-3100\\\/#breadcrumb\",\"itemListElement\":[{\"@type\":\"ListItem\",\"position\":1,\"name\":\"Dom\u016f\",\"item\":\"https:\\\/\\\/shopatoa.com\\\/ro\\\/\"},{\"@type\":\"ListItem\",\"position\":2,\"name\":\"Shop\",\"item\":\"https:\\\/\\\/shopatoa.com\\\/ro\\\/shop\\\/\"},{\"@type\":\"ListItem\",\"position\":3,\"name\":\"Cosmetice\",\"item\":\"https:\\\/\\\/shopatoa.com\\\/ro\\\/cosmetice\\\/\"},{\"@type\":\"ListItem\",\"position\":4,\"name\":\"Barber Shop\",\"item\":\"https:\\\/\\\/shopatoa.com\\\/ro\\\/barber-shop\\\/\"},{\"@type\":\"ListItem\",\"position\":5,\"name\":\"Barber Shop \u2013 t\u0103iat\",\"item\":\"https:\\\/\\\/shopatoa.com\\\/ro\\\/barber-shop-taiat\\\/\"},{\"@type\":\"ListItem\",\"position\":6,\"name\":\"ProfiCare Aparat de tuns profesionist pentru p\u0103r \u0219i barb\u0103 HSM\\\/R 3100\"}]},{\"@type\":\"WebSite\",\"@id\":\"https:\\\/\\\/shopatoa.com\\\/ro\\\/#website\",\"url\":\"https:\\\/\\\/shopatoa.com\\\/ro\\\/\",\"name\":\"SHOPATOA\",\"description\":\"\",\"publisher\":{\"@id\":\"https:\\\/\\\/shopatoa.com\\\/ro\\\/#organization\"},\"potentialAction\":[{\"@type\":\"SearchAction\",\"target\":{\"@type\":\"EntryPoint\",\"urlTemplate\":\"https:\\\/\\\/shopatoa.com\\\/ro\\\/?s={search_term_string}\"},\"query-input\":{\"@type\":\"PropertyValueSpecification\",\"valueRequired\":true,\"valueName\":\"search_term_string\"}}],\"inLanguage\":\"ro-RO\"},{\"@type\":\"Organization\",\"@id\":\"https:\\\/\\\/shopatoa.com\\\/ro\\\/#organization\",\"name\":\"SHOPATOA\",\"url\":\"https:\\\/\\\/shopatoa.com\\\/ro\\\/\",\"logo\":{\"@type\":\"ImageObject\",\"inLanguage\":\"ro-RO\",\"@id\":\"https:\\\/\\\/shopatoa.com\\\/ro\\\/#\\\/schema\\\/logo\\\/image\\\/\",\"url\":\"https:\\\/\\\/storage.googleapis.com\\\/cz-shopatoa-img\\\/ro\\\/b4dac915-shopatoa_logo.png\",\"contentUrl\":\"https:\\\/\\\/storage.googleapis.com\\\/cz-shopatoa-img\\\/ro\\\/b4dac915-shopatoa_logo.png\",\"width\":416,\"height\":63,\"caption\":\"SHOPATOA\"},\"image\":{\"@id\":\"https:\\\/\\\/shopatoa.com\\\/ro\\\/#\\\/schema\\\/logo\\\/image\\\/\"}}]}<\/script>\n<!-- \/ Yoast SEO plugin. -->","yoast_head_json":{"title":"ProfiCare Aparat de tuns profesionist pentru p\u0103r \u0219i barb\u0103 HSM\/R 3100 - SHOPATOA.COM","robots":{"index":"index","follow":"follow","max-snippet":"max-snippet:-1","max-image-preview":"max-image-preview:large","max-video-preview":"max-video-preview:-1"},"canonical":"https:\/\/shopatoa.com\/ro\/proficare-aparat-de-tuns-profesionist-pentru-par-si-barba-hsm-r-3100\/","og_locale":"ro_RO","og_type":"article","og_title":"ProfiCare Aparat de tuns profesionist pentru p\u0103r \u0219i barb\u0103 HSM\/R 3100 - SHOPATOA.COM","og_description":"Aparatul de tuns profesional de \u00eenalt\u0103 calitate din o\u021bel ofer\u0103 flexibilitate datorit\u0103 posibilit\u0103\u021bii de func\u021bionare cu baterie \u0219i de func\u021bionare la re\u021bea (230 V). Datorit\u0103 func\u021biei Direct Drive, dispozitivul poate fi utilizat imediat atunci c\u00e2nd este conectat la re\u021bea, chiar dac\u0103 bateria este desc\u0103rcat\u0103. Bateria puternic\u0103 Li-Ion cu o capacitate de 2.000 mAh asigur\u0103 p\u00e2n\u0103...","og_url":"https:\/\/shopatoa.com\/ro\/proficare-aparat-de-tuns-profesionist-pentru-par-si-barba-hsm-r-3100\/","og_site_name":"SHOPATOA","article_modified_time":"2025-12-09T20:54:54+00:00","og_image":[{"width":800,"height":800,"url":"https:\/\/storage.googleapis.com\/cz-shopatoa-img\/ro\/3b943ae3-unnamed-file.webp","type":"image\/webp"}],"twitter_card":"summary_large_image","twitter_misc":{"Timp estimat pentru citire":"1 minut"},"schema":{"@context":"https:\/\/schema.org","@graph":[{"@type":"WebPage","@id":"https:\/\/shopatoa.com\/ro\/proficare-aparat-de-tuns-profesionist-pentru-par-si-barba-hsm-r-3100\/","url":"https:\/\/shopatoa.com\/ro\/proficare-aparat-de-tuns-profesionist-pentru-par-si-barba-hsm-r-3100\/","name":"ProfiCare Aparat de tuns profesionist pentru p\u0103r \u0219i barb\u0103 HSM\/R 3100 - SHOPATOA.COM","isPartOf":{"@id":"https:\/\/shopatoa.com\/ro\/#website"},"primaryImageOfPage":{"@id":"https:\/\/shopatoa.com\/ro\/proficare-aparat-de-tuns-profesionist-pentru-par-si-barba-hsm-r-3100\/#primaryimage"},"image":{"@id":"https:\/\/shopatoa.com\/ro\/proficare-aparat-de-tuns-profesionist-pentru-par-si-barba-hsm-r-3100\/#primaryimage"},"thumbnailUrl":"https:\/\/storage.googleapis.com\/cz-shopatoa-img\/ro\/3b943ae3-unnamed-file.webp","datePublished":"2025-04-26T12:26:56+00:00","dateModified":"2025-12-09T20:54:54+00:00","breadcrumb":{"@id":"https:\/\/shopatoa.com\/ro\/proficare-aparat-de-tuns-profesionist-pentru-par-si-barba-hsm-r-3100\/#breadcrumb"},"inLanguage":"ro-RO","potentialAction":[{"@type":"ReadAction","target":["https:\/\/shopatoa.com\/ro\/proficare-aparat-de-tuns-profesionist-pentru-par-si-barba-hsm-r-3100\/"]}]},{"@type":"ImageObject","inLanguage":"ro-RO","@id":"https:\/\/shopatoa.com\/ro\/proficare-aparat-de-tuns-profesionist-pentru-par-si-barba-hsm-r-3100\/#primaryimage","url":"https:\/\/storage.googleapis.com\/cz-shopatoa-img\/ro\/3b943ae3-unnamed-file.webp","contentUrl":"https:\/\/storage.googleapis.com\/cz-shopatoa-img\/ro\/3b943ae3-unnamed-file.webp","width":800,"height":800},{"@type":"BreadcrumbList","@id":"https:\/\/shopatoa.com\/ro\/proficare-aparat-de-tuns-profesionist-pentru-par-si-barba-hsm-r-3100\/#breadcrumb","itemListElement":[{"@type":"ListItem","position":1,"name":"Dom\u016f","item":"https:\/\/shopatoa.com\/ro\/"},{"@type":"ListItem","position":2,"name":"Shop","item":"https:\/\/shopatoa.com\/ro\/shop\/"},{"@type":"ListItem","position":3,"name":"Cosmetice","item":"https:\/\/shopatoa.com\/ro\/cosmetice\/"},{"@type":"ListItem","position":4,"name":"Barber Shop","item":"https:\/\/shopatoa.com\/ro\/barber-shop\/"},{"@type":"ListItem","position":5,"name":"Barber Shop \u2013 t\u0103iat","item":"https:\/\/shopatoa.com\/ro\/barber-shop-taiat\/"},{"@type":"ListItem","position":6,"name":"ProfiCare Aparat de tuns profesionist pentru p\u0103r \u0219i barb\u0103 HSM\/R 3100"}]},{"@type":"WebSite","@id":"https:\/\/shopatoa.com\/ro\/#website","url":"https:\/\/shopatoa.com\/ro\/","name":"SHOPATOA","description":"","publisher":{"@id":"https:\/\/shopatoa.com\/ro\/#organization"},"potentialAction":[{"@type":"SearchAction","target":{"@type":"EntryPoint","urlTemplate":"https:\/\/shopatoa.com\/ro\/?s={search_term_string}"},"query-input":{"@type":"PropertyValueSpecification","valueRequired":true,"valueName":"search_term_string"}}],"inLanguage":"ro-RO"},{"@type":"Organization","@id":"https:\/\/shopatoa.com\/ro\/#organization","name":"SHOPATOA","url":"https:\/\/shopatoa.com\/ro\/","logo":{"@type":"ImageObject","inLanguage":"ro-RO","@id":"https:\/\/shopatoa.com\/ro\/#\/schema\/logo\/image\/","url":"https:\/\/storage.googleapis.com\/cz-shopatoa-img\/ro\/b4dac915-shopatoa_logo.png","contentUrl":"https:\/\/storage.googleapis.com\/cz-shopatoa-img\/ro\/b4dac915-shopatoa_logo.png","width":416,"height":63,"caption":"SHOPATOA"},"image":{"@id":"https:\/\/shopatoa.com\/ro\/#\/schema\/logo\/image\/"}}]}},"_links":{"self":[{"href":"https:\/\/shopatoa.com\/ro\/wp-json\/wp\/v2\/product\/258255","targetHints":{"allow":["GET"]}}],"collection":[{"href":"https:\/\/shopatoa.com\/ro\/wp-json\/wp\/v2\/product"}],"about":[{"href":"https:\/\/shopatoa.com\/ro\/wp-json\/wp\/v2\/types\/product"}],"replies":[{"embeddable":true,"href":"https:\/\/shopatoa.com\/ro\/wp-json\/wp\/v2\/comments?post=258255"}],"wp:featuredmedia":[{"embeddable":true,"href":"https:\/\/shopatoa.com\/ro\/wp-json\/wp\/v2\/media\/258256"}],"wp:attachment":[{"href":"https:\/\/shopatoa.com\/ro\/wp-json\/wp\/v2\/media?parent=258255"}],"wp:term":[{"taxonomy":"product_brand","embeddable":true,"href":"https:\/\/shopatoa.com\/ro\/wp-json\/wp\/v2\/product_brand?post=258255"},{"taxonomy":"product_cat","embeddable":true,"href":"https:\/\/shopatoa.com\/ro\/wp-json\/wp\/v2\/product_cat?post=258255"},{"taxonomy":"product_tag","embeddable":true,"href":"https:\/\/shopatoa.com\/ro\/wp-json\/wp\/v2\/product_tag?post=258255"}],"curies":[{"name":"wp","href":"https:\/\/api.w.org\/{rel}","templated":true}]}}