{"id":258365,"date":"2025-04-26T14:51:03","date_gmt":"2025-04-26T12:51:03","guid":{"rendered":"https:\/\/shopatoa.com\/ro\/pro-nozky-sosete-de-ajustare-grey-l-43-46\/"},"modified":"2025-12-09T21:16:11","modified_gmt":"2025-12-09T20:16:11","slug":"pro-nozky-sosete-de-ajustare-grey-l-43-46","status":"publish","type":"product","link":"https:\/\/shopatoa.com\/ro\/pro-nozky-sosete-de-ajustare-grey-l-43-46\/","title":{"rendered":"Pro-no\u017eky \u0218osete de ajustare GREY L (43 &#8211; 46)"},"content":{"rendered":"<p>\u0218osetele de ajustare\u00ae originali servesc ca un ajutor terapeutic pentru bunion, degetele ciocanului, degetele str\u00e2mbe \u0219i \u00eenghesuite, crampe frecvente la degete, picioarele obosite \u0219i dureroase, picioarele umflate, pintenii c\u0103lc\u00e2ielor, b\u0103t\u0103turile \u0219i alte probleme ale picioarelor. Datorit\u0103 separatoarelor speciale dintre degetele de la picioare, circula\u021bia s\u00e2ngelui este accelerat\u0103 \u0219i astfel este accelerat\u0103 \u0219i regenerarea picioarelor. Au un tiv mai larg \u0219i o fa\u021b\u0103 deschis\u0103 cu patru separatoare de degete din acela\u0219i material ca \u0219i \u0219osetele \u00eentregi. Aceste separatoare aplic\u0103 o presiune u\u0219oar\u0103 asupra degetelor de la picioare pentru a alinia degetele cu piciorul. \u0218osetele de ajustare amelioreaz\u0103 stresul \u0219i tensiunea, ajut\u0103 la alinierea corect\u0103 a degetelor de la picioare, reduc frecarea \u0219i irita\u021bia, amelioreaz\u0103 durerile de la picioare, \u00eembun\u0103t\u0103\u021besc circula\u021bia s\u00e2ngelui \u0219i ofer\u0103 energie nou\u0103 picioarelor \u0219i degetelor de la picioare. Ei au grij\u0103 de o parte a corpului care este adesea neglijat\u0103. Pozi\u021bia corect\u0103 a piciorului \u0219i a p\u0103r\u021bilor sale individuale afecteaz\u0103 func\u021bia \u00eentregului corp. Cu uzura regulat\u0103, degetele vor \u00eencepe s\u0103 se \u00eentind\u0103 \u0219i s\u0103 se \u00eendrepte, iar durerea se va atenua.<\/p>\n","protected":false},"excerpt":{"rendered":"<p>\u0218osetele de ajustare\u00ae originali servesc ca un ajutor terapeutic pentru bunion, degetele ciocanului, degetele str\u00e2mbe \u0219i \u00eenghesuite, crampe frecvente la degete, picioarele obosite \u0219i dureroase, picioarele umflate, pintenii c\u0103lc\u00e2ielor, b\u0103t\u0103turile \u0219i alte probleme ale picioarelor. Datorit\u0103 separatoarelor speciale dintre degetele de la picioare, circula\u021bia s\u00e2ngelui este accelerat\u0103 \u0219i astfel este accelerat\u0103 \u0219i regenerarea picioarelor. Au&#8230;<\/p>\n","protected":false},"featured_media":334943,"comment_status":"closed","ping_status":"open","template":"","meta":{"_acf_changed":false,"_kadence_starter_templates_imported_post":false,"_kad_post_transparent":"","_kad_post_title":"","_kad_post_layout":"","_kad_post_sidebar_id":"","_kad_post_content_style":"","_kad_post_vertical_padding":"","_kad_post_feature":"","_kad_post_feature_position":"","_kad_post_header":false,"_kad_post_footer":false,"_kad_post_classname":""},"product_brand":[883],"product_cat":[884,736,886,885],"product_tag":[],"class_list":{"0":"post-258365","1":"product","2":"type-product","3":"status-publish","4":"has-post-thumbnail","6":"product_brand-pro-nozky","7":"product_cat-lenjerie-de-corp-pijamale","8":"product_cat-moda","9":"product_cat-sosete-clasice","10":"product_cat-sosete-sosete-peste-genunchi","12":"first","13":"instock","14":"product-type-external","15":"entry","16":"content-bg","17":"loop-entry"},"acf":[],"yoast_head":"<!-- This site is optimized with the Yoast SEO plugin v27.4 - https:\/\/yoast.com\/product\/yoast-seo-wordpress\/ -->\n<title>Pro-no\u017eky \u0218osete de ajustare GREY L (43 - 46) - SHOPATOA.COM<\/title>\n<meta name=\"robots\" content=\"index, follow, max-snippet:-1, max-image-preview:large, max-video-preview:-1\" \/>\n<link rel=\"canonical\" href=\"https:\/\/shopatoa.com\/ro\/pro-nozky-sosete-de-ajustare-grey-l-43-46\/\" \/>\n<meta property=\"og:locale\" content=\"ro_RO\" \/>\n<meta property=\"og:type\" content=\"article\" \/>\n<meta property=\"og:title\" content=\"Pro-no\u017eky \u0218osete de ajustare GREY L (43 - 46) - SHOPATOA.COM\" \/>\n<meta property=\"og:description\" content=\"\u0218osetele de ajustare\u00ae originali servesc ca un ajutor terapeutic pentru bunion, degetele ciocanului, degetele str\u00e2mbe \u0219i \u00eenghesuite, crampe frecvente la degete, picioarele obosite \u0219i dureroase, picioarele umflate, pintenii c\u0103lc\u00e2ielor, b\u0103t\u0103turile \u0219i alte probleme ale picioarelor. Datorit\u0103 separatoarelor speciale dintre degetele de la picioare, circula\u021bia s\u00e2ngelui este accelerat\u0103 \u0219i astfel este accelerat\u0103 \u0219i regenerarea picioarelor. Au...\" \/>\n<meta property=\"og:url\" content=\"https:\/\/shopatoa.com\/ro\/pro-nozky-sosete-de-ajustare-grey-l-43-46\/\" \/>\n<meta property=\"og:site_name\" content=\"SHOPATOA\" \/>\n<meta property=\"article:modified_time\" content=\"2025-12-09T20:16:11+00:00\" \/>\n<meta property=\"og:image\" content=\"https:\/\/storage.googleapis.com\/cz-shopatoa-img\/ro\/fbf67ef5-unnamed-file.webp\" \/>\n\t<meta property=\"og:image:width\" content=\"800\" \/>\n\t<meta property=\"og:image:height\" content=\"800\" \/>\n\t<meta property=\"og:image:type\" content=\"image\/webp\" \/>\n<meta name=\"twitter:card\" content=\"summary_large_image\" \/>\n<meta name=\"twitter:label1\" content=\"Timp estimat pentru citire\" \/>\n\t<meta name=\"twitter:data1\" content=\"1 minut\" \/>\n<script type=\"application\/ld+json\" class=\"yoast-schema-graph\">{\"@context\":\"https:\\\/\\\/schema.org\",\"@graph\":[{\"@type\":\"WebPage\",\"@id\":\"https:\\\/\\\/shopatoa.com\\\/ro\\\/pro-nozky-sosete-de-ajustare-grey-l-43-46\\\/\",\"url\":\"https:\\\/\\\/shopatoa.com\\\/ro\\\/pro-nozky-sosete-de-ajustare-grey-l-43-46\\\/\",\"name\":\"Pro-no\u017eky \u0218osete de ajustare GREY L (43 - 46) - SHOPATOA.COM\",\"isPartOf\":{\"@id\":\"https:\\\/\\\/shopatoa.com\\\/ro\\\/#website\"},\"primaryImageOfPage\":{\"@id\":\"https:\\\/\\\/shopatoa.com\\\/ro\\\/pro-nozky-sosete-de-ajustare-grey-l-43-46\\\/#primaryimage\"},\"image\":{\"@id\":\"https:\\\/\\\/shopatoa.com\\\/ro\\\/pro-nozky-sosete-de-ajustare-grey-l-43-46\\\/#primaryimage\"},\"thumbnailUrl\":\"https:\\\/\\\/storage.googleapis.com\\\/cz-shopatoa-img\\\/ro\\\/fbf67ef5-unnamed-file.webp\",\"datePublished\":\"2025-04-26T12:51:03+00:00\",\"dateModified\":\"2025-12-09T20:16:11+00:00\",\"breadcrumb\":{\"@id\":\"https:\\\/\\\/shopatoa.com\\\/ro\\\/pro-nozky-sosete-de-ajustare-grey-l-43-46\\\/#breadcrumb\"},\"inLanguage\":\"ro-RO\",\"potentialAction\":[{\"@type\":\"ReadAction\",\"target\":[\"https:\\\/\\\/shopatoa.com\\\/ro\\\/pro-nozky-sosete-de-ajustare-grey-l-43-46\\\/\"]}]},{\"@type\":\"ImageObject\",\"inLanguage\":\"ro-RO\",\"@id\":\"https:\\\/\\\/shopatoa.com\\\/ro\\\/pro-nozky-sosete-de-ajustare-grey-l-43-46\\\/#primaryimage\",\"url\":\"https:\\\/\\\/storage.googleapis.com\\\/cz-shopatoa-img\\\/ro\\\/fbf67ef5-unnamed-file.webp\",\"contentUrl\":\"https:\\\/\\\/storage.googleapis.com\\\/cz-shopatoa-img\\\/ro\\\/fbf67ef5-unnamed-file.webp\",\"width\":800,\"height\":800},{\"@type\":\"BreadcrumbList\",\"@id\":\"https:\\\/\\\/shopatoa.com\\\/ro\\\/pro-nozky-sosete-de-ajustare-grey-l-43-46\\\/#breadcrumb\",\"itemListElement\":[{\"@type\":\"ListItem\",\"position\":1,\"name\":\"Dom\u016f\",\"item\":\"https:\\\/\\\/shopatoa.com\\\/ro\\\/\"},{\"@type\":\"ListItem\",\"position\":2,\"name\":\"Shop\",\"item\":\"https:\\\/\\\/shopatoa.com\\\/ro\\\/shop\\\/\"},{\"@type\":\"ListItem\",\"position\":3,\"name\":\"Mod\u0103\",\"item\":\"https:\\\/\\\/shopatoa.com\\\/ro\\\/moda\\\/\"},{\"@type\":\"ListItem\",\"position\":4,\"name\":\"Lenjerie de corp, pijamale\",\"item\":\"https:\\\/\\\/shopatoa.com\\\/ro\\\/lenjerie-de-corp-pijamale\\\/\"},{\"@type\":\"ListItem\",\"position\":5,\"name\":\"\u0218osete, \u0219osete peste genunchi\",\"item\":\"https:\\\/\\\/shopatoa.com\\\/ro\\\/sosete-sosete-peste-genunchi\\\/\"},{\"@type\":\"ListItem\",\"position\":6,\"name\":\"\u0218osete clasice\",\"item\":\"https:\\\/\\\/shopatoa.com\\\/ro\\\/sosete-clasice\\\/\"},{\"@type\":\"ListItem\",\"position\":7,\"name\":\"Pro-no\u017eky \u0218osete de ajustare GREY L (43 &#8211; 46)\"}]},{\"@type\":\"WebSite\",\"@id\":\"https:\\\/\\\/shopatoa.com\\\/ro\\\/#website\",\"url\":\"https:\\\/\\\/shopatoa.com\\\/ro\\\/\",\"name\":\"SHOPATOA\",\"description\":\"\",\"publisher\":{\"@id\":\"https:\\\/\\\/shopatoa.com\\\/ro\\\/#organization\"},\"potentialAction\":[{\"@type\":\"SearchAction\",\"target\":{\"@type\":\"EntryPoint\",\"urlTemplate\":\"https:\\\/\\\/shopatoa.com\\\/ro\\\/?s={search_term_string}\"},\"query-input\":{\"@type\":\"PropertyValueSpecification\",\"valueRequired\":true,\"valueName\":\"search_term_string\"}}],\"inLanguage\":\"ro-RO\"},{\"@type\":\"Organization\",\"@id\":\"https:\\\/\\\/shopatoa.com\\\/ro\\\/#organization\",\"name\":\"SHOPATOA\",\"url\":\"https:\\\/\\\/shopatoa.com\\\/ro\\\/\",\"logo\":{\"@type\":\"ImageObject\",\"inLanguage\":\"ro-RO\",\"@id\":\"https:\\\/\\\/shopatoa.com\\\/ro\\\/#\\\/schema\\\/logo\\\/image\\\/\",\"url\":\"https:\\\/\\\/storage.googleapis.com\\\/cz-shopatoa-img\\\/ro\\\/b4dac915-shopatoa_logo.png\",\"contentUrl\":\"https:\\\/\\\/storage.googleapis.com\\\/cz-shopatoa-img\\\/ro\\\/b4dac915-shopatoa_logo.png\",\"width\":416,\"height\":63,\"caption\":\"SHOPATOA\"},\"image\":{\"@id\":\"https:\\\/\\\/shopatoa.com\\\/ro\\\/#\\\/schema\\\/logo\\\/image\\\/\"}}]}<\/script>\n<!-- \/ Yoast SEO plugin. -->","yoast_head_json":{"title":"Pro-no\u017eky \u0218osete de ajustare GREY L (43 - 46) - SHOPATOA.COM","robots":{"index":"index","follow":"follow","max-snippet":"max-snippet:-1","max-image-preview":"max-image-preview:large","max-video-preview":"max-video-preview:-1"},"canonical":"https:\/\/shopatoa.com\/ro\/pro-nozky-sosete-de-ajustare-grey-l-43-46\/","og_locale":"ro_RO","og_type":"article","og_title":"Pro-no\u017eky \u0218osete de ajustare GREY L (43 - 46) - SHOPATOA.COM","og_description":"\u0218osetele de ajustare\u00ae originali servesc ca un ajutor terapeutic pentru bunion, degetele ciocanului, degetele str\u00e2mbe \u0219i \u00eenghesuite, crampe frecvente la degete, picioarele obosite \u0219i dureroase, picioarele umflate, pintenii c\u0103lc\u00e2ielor, b\u0103t\u0103turile \u0219i alte probleme ale picioarelor. Datorit\u0103 separatoarelor speciale dintre degetele de la picioare, circula\u021bia s\u00e2ngelui este accelerat\u0103 \u0219i astfel este accelerat\u0103 \u0219i regenerarea picioarelor. Au...","og_url":"https:\/\/shopatoa.com\/ro\/pro-nozky-sosete-de-ajustare-grey-l-43-46\/","og_site_name":"SHOPATOA","article_modified_time":"2025-12-09T20:16:11+00:00","og_image":[{"width":800,"height":800,"url":"https:\/\/storage.googleapis.com\/cz-shopatoa-img\/ro\/fbf67ef5-unnamed-file.webp","type":"image\/webp"}],"twitter_card":"summary_large_image","twitter_misc":{"Timp estimat pentru citire":"1 minut"},"schema":{"@context":"https:\/\/schema.org","@graph":[{"@type":"WebPage","@id":"https:\/\/shopatoa.com\/ro\/pro-nozky-sosete-de-ajustare-grey-l-43-46\/","url":"https:\/\/shopatoa.com\/ro\/pro-nozky-sosete-de-ajustare-grey-l-43-46\/","name":"Pro-no\u017eky \u0218osete de ajustare GREY L (43 - 46) - SHOPATOA.COM","isPartOf":{"@id":"https:\/\/shopatoa.com\/ro\/#website"},"primaryImageOfPage":{"@id":"https:\/\/shopatoa.com\/ro\/pro-nozky-sosete-de-ajustare-grey-l-43-46\/#primaryimage"},"image":{"@id":"https:\/\/shopatoa.com\/ro\/pro-nozky-sosete-de-ajustare-grey-l-43-46\/#primaryimage"},"thumbnailUrl":"https:\/\/storage.googleapis.com\/cz-shopatoa-img\/ro\/fbf67ef5-unnamed-file.webp","datePublished":"2025-04-26T12:51:03+00:00","dateModified":"2025-12-09T20:16:11+00:00","breadcrumb":{"@id":"https:\/\/shopatoa.com\/ro\/pro-nozky-sosete-de-ajustare-grey-l-43-46\/#breadcrumb"},"inLanguage":"ro-RO","potentialAction":[{"@type":"ReadAction","target":["https:\/\/shopatoa.com\/ro\/pro-nozky-sosete-de-ajustare-grey-l-43-46\/"]}]},{"@type":"ImageObject","inLanguage":"ro-RO","@id":"https:\/\/shopatoa.com\/ro\/pro-nozky-sosete-de-ajustare-grey-l-43-46\/#primaryimage","url":"https:\/\/storage.googleapis.com\/cz-shopatoa-img\/ro\/fbf67ef5-unnamed-file.webp","contentUrl":"https:\/\/storage.googleapis.com\/cz-shopatoa-img\/ro\/fbf67ef5-unnamed-file.webp","width":800,"height":800},{"@type":"BreadcrumbList","@id":"https:\/\/shopatoa.com\/ro\/pro-nozky-sosete-de-ajustare-grey-l-43-46\/#breadcrumb","itemListElement":[{"@type":"ListItem","position":1,"name":"Dom\u016f","item":"https:\/\/shopatoa.com\/ro\/"},{"@type":"ListItem","position":2,"name":"Shop","item":"https:\/\/shopatoa.com\/ro\/shop\/"},{"@type":"ListItem","position":3,"name":"Mod\u0103","item":"https:\/\/shopatoa.com\/ro\/moda\/"},{"@type":"ListItem","position":4,"name":"Lenjerie de corp, pijamale","item":"https:\/\/shopatoa.com\/ro\/lenjerie-de-corp-pijamale\/"},{"@type":"ListItem","position":5,"name":"\u0218osete, \u0219osete peste genunchi","item":"https:\/\/shopatoa.com\/ro\/sosete-sosete-peste-genunchi\/"},{"@type":"ListItem","position":6,"name":"\u0218osete clasice","item":"https:\/\/shopatoa.com\/ro\/sosete-clasice\/"},{"@type":"ListItem","position":7,"name":"Pro-no\u017eky \u0218osete de ajustare GREY L (43 &#8211; 46)"}]},{"@type":"WebSite","@id":"https:\/\/shopatoa.com\/ro\/#website","url":"https:\/\/shopatoa.com\/ro\/","name":"SHOPATOA","description":"","publisher":{"@id":"https:\/\/shopatoa.com\/ro\/#organization"},"potentialAction":[{"@type":"SearchAction","target":{"@type":"EntryPoint","urlTemplate":"https:\/\/shopatoa.com\/ro\/?s={search_term_string}"},"query-input":{"@type":"PropertyValueSpecification","valueRequired":true,"valueName":"search_term_string"}}],"inLanguage":"ro-RO"},{"@type":"Organization","@id":"https:\/\/shopatoa.com\/ro\/#organization","name":"SHOPATOA","url":"https:\/\/shopatoa.com\/ro\/","logo":{"@type":"ImageObject","inLanguage":"ro-RO","@id":"https:\/\/shopatoa.com\/ro\/#\/schema\/logo\/image\/","url":"https:\/\/storage.googleapis.com\/cz-shopatoa-img\/ro\/b4dac915-shopatoa_logo.png","contentUrl":"https:\/\/storage.googleapis.com\/cz-shopatoa-img\/ro\/b4dac915-shopatoa_logo.png","width":416,"height":63,"caption":"SHOPATOA"},"image":{"@id":"https:\/\/shopatoa.com\/ro\/#\/schema\/logo\/image\/"}}]}},"_links":{"self":[{"href":"https:\/\/shopatoa.com\/ro\/wp-json\/wp\/v2\/product\/258365","targetHints":{"allow":["GET"]}}],"collection":[{"href":"https:\/\/shopatoa.com\/ro\/wp-json\/wp\/v2\/product"}],"about":[{"href":"https:\/\/shopatoa.com\/ro\/wp-json\/wp\/v2\/types\/product"}],"replies":[{"embeddable":true,"href":"https:\/\/shopatoa.com\/ro\/wp-json\/wp\/v2\/comments?post=258365"}],"wp:featuredmedia":[{"embeddable":true,"href":"https:\/\/shopatoa.com\/ro\/wp-json\/wp\/v2\/media\/334943"}],"wp:attachment":[{"href":"https:\/\/shopatoa.com\/ro\/wp-json\/wp\/v2\/media?parent=258365"}],"wp:term":[{"taxonomy":"product_brand","embeddable":true,"href":"https:\/\/shopatoa.com\/ro\/wp-json\/wp\/v2\/product_brand?post=258365"},{"taxonomy":"product_cat","embeddable":true,"href":"https:\/\/shopatoa.com\/ro\/wp-json\/wp\/v2\/product_cat?post=258365"},{"taxonomy":"product_tag","embeddable":true,"href":"https:\/\/shopatoa.com\/ro\/wp-json\/wp\/v2\/product_tag?post=258365"}],"curies":[{"name":"wp","href":"https:\/\/api.w.org\/{rel}","templated":true}]}}