{"id":258399,"date":"2025-04-26T14:56:53","date_gmt":"2025-04-26T12:56:53","guid":{"rendered":"https:\/\/shopatoa.com\/ro\/yankee-candle-lumanare-aromatica-votiva-warm-cashmere-49-g\/"},"modified":"2025-12-09T21:06:39","modified_gmt":"2025-12-09T20:06:39","slug":"yankee-candle-lumanare-aromatica-votiva-warm-cashmere-49-g","status":"publish","type":"product","link":"https:\/\/shopatoa.com\/ro\/yankee-candle-lumanare-aromatica-votiva-warm-cashmere-49-g\/","title":{"rendered":"Yankee Candle Lum\u00e2nare aromatic\u0103 votiv\u0103 Warm Cashmere 49 g"},"content":{"rendered":"<p>Luman\u0103 aromatic\u0103 votiv\u0103 Ca\u0219mirul cald ofer\u0103 o arom\u0103 curat\u0103, moale \u0219i cremoas\u0103. \u00cen partea de sus pute\u021bi sim\u021bi portocalele s\u0103rutate de soare, \u00een inim\u0103 mirosul de lemn de ca\u0219mir, ambergris auriu \u0219i cardamom, iar \u00een baz\u0103 ve\u021bi sim\u021bi un lemn de santal cremos.<\/p>\n","protected":false},"excerpt":{"rendered":"<p>Luman\u0103 aromatic\u0103 votiv\u0103 Ca\u0219mirul cald ofer\u0103 o arom\u0103 curat\u0103, moale \u0219i cremoas\u0103. \u00cen partea de sus pute\u021bi sim\u021bi portocalele s\u0103rutate de soare, \u00een inim\u0103 mirosul de lemn de ca\u0219mir, ambergris auriu \u0219i cardamom, iar \u00een baz\u0103 ve\u021bi sim\u021bi un lemn de santal cremos.<\/p>\n","protected":false},"featured_media":258400,"comment_status":"closed","ping_status":"open","template":"","meta":{"_acf_changed":false,"_kadence_starter_templates_imported_post":false,"_kad_post_transparent":"","_kad_post_title":"","_kad_post_layout":"","_kad_post_sidebar_id":"","_kad_post_content_style":"","_kad_post_vertical_padding":"","_kad_post_feature":"","_kad_post_feature_position":"","_kad_post_header":false,"_kad_post_footer":false,"_kad_post_classname":""},"product_brand":[149],"product_cat":[246,655,654,887],"product_tag":[],"class_list":{"0":"post-258399","1":"product","2":"type-product","3":"status-publish","4":"has-post-thumbnail","6":"product_brand-yankee-candle","7":"product_cat-cosmetice","8":"product_cat-lumanari-parfumate","9":"product_cat-lumanari-parfumate-si-arome","10":"product_cat-lumanari-votive","12":"first","13":"instock","14":"sale","15":"product-type-external","16":"entry","17":"content-bg","18":"loop-entry"},"acf":[],"yoast_head":"<!-- This site is optimized with the Yoast SEO plugin v27.4 - https:\/\/yoast.com\/product\/yoast-seo-wordpress\/ -->\n<title>Yankee Candle Lum\u00e2nare aromatic\u0103 votiv\u0103 Warm Cashmere 49 g - SHOPATOA.COM<\/title>\n<meta name=\"robots\" content=\"index, follow, max-snippet:-1, max-image-preview:large, max-video-preview:-1\" \/>\n<link rel=\"canonical\" href=\"https:\/\/shopatoa.com\/ro\/yankee-candle-lumanare-aromatica-votiva-warm-cashmere-49-g\/\" \/>\n<meta property=\"og:locale\" content=\"ro_RO\" \/>\n<meta property=\"og:type\" content=\"article\" \/>\n<meta property=\"og:title\" content=\"Yankee Candle Lum\u00e2nare aromatic\u0103 votiv\u0103 Warm Cashmere 49 g - SHOPATOA.COM\" \/>\n<meta property=\"og:description\" content=\"Luman\u0103 aromatic\u0103 votiv\u0103 Ca\u0219mirul cald ofer\u0103 o arom\u0103 curat\u0103, moale \u0219i cremoas\u0103. \u00cen partea de sus pute\u021bi sim\u021bi portocalele s\u0103rutate de soare, \u00een inim\u0103 mirosul de lemn de ca\u0219mir, ambergris auriu \u0219i cardamom, iar \u00een baz\u0103 ve\u021bi sim\u021bi un lemn de santal cremos.\" \/>\n<meta property=\"og:url\" content=\"https:\/\/shopatoa.com\/ro\/yankee-candle-lumanare-aromatica-votiva-warm-cashmere-49-g\/\" \/>\n<meta property=\"og:site_name\" content=\"SHOPATOA\" \/>\n<meta property=\"article:modified_time\" content=\"2025-12-09T20:06:39+00:00\" \/>\n<meta property=\"og:image\" content=\"https:\/\/storage.googleapis.com\/cz-shopatoa-img\/ro\/a2a7f483-unnamed-file.webp\" \/>\n\t<meta property=\"og:image:width\" content=\"800\" \/>\n\t<meta property=\"og:image:height\" content=\"800\" \/>\n\t<meta property=\"og:image:type\" content=\"image\/webp\" \/>\n<meta name=\"twitter:card\" content=\"summary_large_image\" \/>\n<script type=\"application\/ld+json\" class=\"yoast-schema-graph\">{\"@context\":\"https:\\\/\\\/schema.org\",\"@graph\":[{\"@type\":\"WebPage\",\"@id\":\"https:\\\/\\\/shopatoa.com\\\/ro\\\/yankee-candle-lumanare-aromatica-votiva-warm-cashmere-49-g\\\/\",\"url\":\"https:\\\/\\\/shopatoa.com\\\/ro\\\/yankee-candle-lumanare-aromatica-votiva-warm-cashmere-49-g\\\/\",\"name\":\"Yankee Candle Lum\u00e2nare aromatic\u0103 votiv\u0103 Warm Cashmere 49 g - SHOPATOA.COM\",\"isPartOf\":{\"@id\":\"https:\\\/\\\/shopatoa.com\\\/ro\\\/#website\"},\"primaryImageOfPage\":{\"@id\":\"https:\\\/\\\/shopatoa.com\\\/ro\\\/yankee-candle-lumanare-aromatica-votiva-warm-cashmere-49-g\\\/#primaryimage\"},\"image\":{\"@id\":\"https:\\\/\\\/shopatoa.com\\\/ro\\\/yankee-candle-lumanare-aromatica-votiva-warm-cashmere-49-g\\\/#primaryimage\"},\"thumbnailUrl\":\"https:\\\/\\\/storage.googleapis.com\\\/cz-shopatoa-img\\\/ro\\\/a2a7f483-unnamed-file.webp\",\"datePublished\":\"2025-04-26T12:56:53+00:00\",\"dateModified\":\"2025-12-09T20:06:39+00:00\",\"breadcrumb\":{\"@id\":\"https:\\\/\\\/shopatoa.com\\\/ro\\\/yankee-candle-lumanare-aromatica-votiva-warm-cashmere-49-g\\\/#breadcrumb\"},\"inLanguage\":\"ro-RO\",\"potentialAction\":[{\"@type\":\"ReadAction\",\"target\":[\"https:\\\/\\\/shopatoa.com\\\/ro\\\/yankee-candle-lumanare-aromatica-votiva-warm-cashmere-49-g\\\/\"]}]},{\"@type\":\"ImageObject\",\"inLanguage\":\"ro-RO\",\"@id\":\"https:\\\/\\\/shopatoa.com\\\/ro\\\/yankee-candle-lumanare-aromatica-votiva-warm-cashmere-49-g\\\/#primaryimage\",\"url\":\"https:\\\/\\\/storage.googleapis.com\\\/cz-shopatoa-img\\\/ro\\\/a2a7f483-unnamed-file.webp\",\"contentUrl\":\"https:\\\/\\\/storage.googleapis.com\\\/cz-shopatoa-img\\\/ro\\\/a2a7f483-unnamed-file.webp\",\"width\":800,\"height\":800},{\"@type\":\"BreadcrumbList\",\"@id\":\"https:\\\/\\\/shopatoa.com\\\/ro\\\/yankee-candle-lumanare-aromatica-votiva-warm-cashmere-49-g\\\/#breadcrumb\",\"itemListElement\":[{\"@type\":\"ListItem\",\"position\":1,\"name\":\"Dom\u016f\",\"item\":\"https:\\\/\\\/shopatoa.com\\\/ro\\\/\"},{\"@type\":\"ListItem\",\"position\":2,\"name\":\"Shop\",\"item\":\"https:\\\/\\\/shopatoa.com\\\/ro\\\/shop\\\/\"},{\"@type\":\"ListItem\",\"position\":3,\"name\":\"Cosmetice\",\"item\":\"https:\\\/\\\/shopatoa.com\\\/ro\\\/cosmetice\\\/\"},{\"@type\":\"ListItem\",\"position\":4,\"name\":\"Lum\u00e2n\u0103ri parfumate \u0219i arome\",\"item\":\"https:\\\/\\\/shopatoa.com\\\/ro\\\/lumanari-parfumate-si-arome\\\/\"},{\"@type\":\"ListItem\",\"position\":5,\"name\":\"Lum\u00e2n\u0103ri parfumate\",\"item\":\"https:\\\/\\\/shopatoa.com\\\/ro\\\/lumanari-parfumate\\\/\"},{\"@type\":\"ListItem\",\"position\":6,\"name\":\"Lum\u00e2n\u0103ri votive\",\"item\":\"https:\\\/\\\/shopatoa.com\\\/ro\\\/lumanari-votive\\\/\"},{\"@type\":\"ListItem\",\"position\":7,\"name\":\"Yankee Candle Lum\u00e2nare aromatic\u0103 votiv\u0103 Warm Cashmere 49 g\"}]},{\"@type\":\"WebSite\",\"@id\":\"https:\\\/\\\/shopatoa.com\\\/ro\\\/#website\",\"url\":\"https:\\\/\\\/shopatoa.com\\\/ro\\\/\",\"name\":\"SHOPATOA\",\"description\":\"\",\"publisher\":{\"@id\":\"https:\\\/\\\/shopatoa.com\\\/ro\\\/#organization\"},\"potentialAction\":[{\"@type\":\"SearchAction\",\"target\":{\"@type\":\"EntryPoint\",\"urlTemplate\":\"https:\\\/\\\/shopatoa.com\\\/ro\\\/?s={search_term_string}\"},\"query-input\":{\"@type\":\"PropertyValueSpecification\",\"valueRequired\":true,\"valueName\":\"search_term_string\"}}],\"inLanguage\":\"ro-RO\"},{\"@type\":\"Organization\",\"@id\":\"https:\\\/\\\/shopatoa.com\\\/ro\\\/#organization\",\"name\":\"SHOPATOA\",\"url\":\"https:\\\/\\\/shopatoa.com\\\/ro\\\/\",\"logo\":{\"@type\":\"ImageObject\",\"inLanguage\":\"ro-RO\",\"@id\":\"https:\\\/\\\/shopatoa.com\\\/ro\\\/#\\\/schema\\\/logo\\\/image\\\/\",\"url\":\"https:\\\/\\\/storage.googleapis.com\\\/cz-shopatoa-img\\\/ro\\\/b4dac915-shopatoa_logo.png\",\"contentUrl\":\"https:\\\/\\\/storage.googleapis.com\\\/cz-shopatoa-img\\\/ro\\\/b4dac915-shopatoa_logo.png\",\"width\":416,\"height\":63,\"caption\":\"SHOPATOA\"},\"image\":{\"@id\":\"https:\\\/\\\/shopatoa.com\\\/ro\\\/#\\\/schema\\\/logo\\\/image\\\/\"}}]}<\/script>\n<!-- \/ Yoast SEO plugin. -->","yoast_head_json":{"title":"Yankee Candle Lum\u00e2nare aromatic\u0103 votiv\u0103 Warm Cashmere 49 g - SHOPATOA.COM","robots":{"index":"index","follow":"follow","max-snippet":"max-snippet:-1","max-image-preview":"max-image-preview:large","max-video-preview":"max-video-preview:-1"},"canonical":"https:\/\/shopatoa.com\/ro\/yankee-candle-lumanare-aromatica-votiva-warm-cashmere-49-g\/","og_locale":"ro_RO","og_type":"article","og_title":"Yankee Candle Lum\u00e2nare aromatic\u0103 votiv\u0103 Warm Cashmere 49 g - SHOPATOA.COM","og_description":"Luman\u0103 aromatic\u0103 votiv\u0103 Ca\u0219mirul cald ofer\u0103 o arom\u0103 curat\u0103, moale \u0219i cremoas\u0103. \u00cen partea de sus pute\u021bi sim\u021bi portocalele s\u0103rutate de soare, \u00een inim\u0103 mirosul de lemn de ca\u0219mir, ambergris auriu \u0219i cardamom, iar \u00een baz\u0103 ve\u021bi sim\u021bi un lemn de santal cremos.","og_url":"https:\/\/shopatoa.com\/ro\/yankee-candle-lumanare-aromatica-votiva-warm-cashmere-49-g\/","og_site_name":"SHOPATOA","article_modified_time":"2025-12-09T20:06:39+00:00","og_image":[{"width":800,"height":800,"url":"https:\/\/storage.googleapis.com\/cz-shopatoa-img\/ro\/a2a7f483-unnamed-file.webp","type":"image\/webp"}],"twitter_card":"summary_large_image","schema":{"@context":"https:\/\/schema.org","@graph":[{"@type":"WebPage","@id":"https:\/\/shopatoa.com\/ro\/yankee-candle-lumanare-aromatica-votiva-warm-cashmere-49-g\/","url":"https:\/\/shopatoa.com\/ro\/yankee-candle-lumanare-aromatica-votiva-warm-cashmere-49-g\/","name":"Yankee Candle Lum\u00e2nare aromatic\u0103 votiv\u0103 Warm Cashmere 49 g - SHOPATOA.COM","isPartOf":{"@id":"https:\/\/shopatoa.com\/ro\/#website"},"primaryImageOfPage":{"@id":"https:\/\/shopatoa.com\/ro\/yankee-candle-lumanare-aromatica-votiva-warm-cashmere-49-g\/#primaryimage"},"image":{"@id":"https:\/\/shopatoa.com\/ro\/yankee-candle-lumanare-aromatica-votiva-warm-cashmere-49-g\/#primaryimage"},"thumbnailUrl":"https:\/\/storage.googleapis.com\/cz-shopatoa-img\/ro\/a2a7f483-unnamed-file.webp","datePublished":"2025-04-26T12:56:53+00:00","dateModified":"2025-12-09T20:06:39+00:00","breadcrumb":{"@id":"https:\/\/shopatoa.com\/ro\/yankee-candle-lumanare-aromatica-votiva-warm-cashmere-49-g\/#breadcrumb"},"inLanguage":"ro-RO","potentialAction":[{"@type":"ReadAction","target":["https:\/\/shopatoa.com\/ro\/yankee-candle-lumanare-aromatica-votiva-warm-cashmere-49-g\/"]}]},{"@type":"ImageObject","inLanguage":"ro-RO","@id":"https:\/\/shopatoa.com\/ro\/yankee-candle-lumanare-aromatica-votiva-warm-cashmere-49-g\/#primaryimage","url":"https:\/\/storage.googleapis.com\/cz-shopatoa-img\/ro\/a2a7f483-unnamed-file.webp","contentUrl":"https:\/\/storage.googleapis.com\/cz-shopatoa-img\/ro\/a2a7f483-unnamed-file.webp","width":800,"height":800},{"@type":"BreadcrumbList","@id":"https:\/\/shopatoa.com\/ro\/yankee-candle-lumanare-aromatica-votiva-warm-cashmere-49-g\/#breadcrumb","itemListElement":[{"@type":"ListItem","position":1,"name":"Dom\u016f","item":"https:\/\/shopatoa.com\/ro\/"},{"@type":"ListItem","position":2,"name":"Shop","item":"https:\/\/shopatoa.com\/ro\/shop\/"},{"@type":"ListItem","position":3,"name":"Cosmetice","item":"https:\/\/shopatoa.com\/ro\/cosmetice\/"},{"@type":"ListItem","position":4,"name":"Lum\u00e2n\u0103ri parfumate \u0219i arome","item":"https:\/\/shopatoa.com\/ro\/lumanari-parfumate-si-arome\/"},{"@type":"ListItem","position":5,"name":"Lum\u00e2n\u0103ri parfumate","item":"https:\/\/shopatoa.com\/ro\/lumanari-parfumate\/"},{"@type":"ListItem","position":6,"name":"Lum\u00e2n\u0103ri votive","item":"https:\/\/shopatoa.com\/ro\/lumanari-votive\/"},{"@type":"ListItem","position":7,"name":"Yankee Candle Lum\u00e2nare aromatic\u0103 votiv\u0103 Warm Cashmere 49 g"}]},{"@type":"WebSite","@id":"https:\/\/shopatoa.com\/ro\/#website","url":"https:\/\/shopatoa.com\/ro\/","name":"SHOPATOA","description":"","publisher":{"@id":"https:\/\/shopatoa.com\/ro\/#organization"},"potentialAction":[{"@type":"SearchAction","target":{"@type":"EntryPoint","urlTemplate":"https:\/\/shopatoa.com\/ro\/?s={search_term_string}"},"query-input":{"@type":"PropertyValueSpecification","valueRequired":true,"valueName":"search_term_string"}}],"inLanguage":"ro-RO"},{"@type":"Organization","@id":"https:\/\/shopatoa.com\/ro\/#organization","name":"SHOPATOA","url":"https:\/\/shopatoa.com\/ro\/","logo":{"@type":"ImageObject","inLanguage":"ro-RO","@id":"https:\/\/shopatoa.com\/ro\/#\/schema\/logo\/image\/","url":"https:\/\/storage.googleapis.com\/cz-shopatoa-img\/ro\/b4dac915-shopatoa_logo.png","contentUrl":"https:\/\/storage.googleapis.com\/cz-shopatoa-img\/ro\/b4dac915-shopatoa_logo.png","width":416,"height":63,"caption":"SHOPATOA"},"image":{"@id":"https:\/\/shopatoa.com\/ro\/#\/schema\/logo\/image\/"}}]}},"_links":{"self":[{"href":"https:\/\/shopatoa.com\/ro\/wp-json\/wp\/v2\/product\/258399","targetHints":{"allow":["GET"]}}],"collection":[{"href":"https:\/\/shopatoa.com\/ro\/wp-json\/wp\/v2\/product"}],"about":[{"href":"https:\/\/shopatoa.com\/ro\/wp-json\/wp\/v2\/types\/product"}],"replies":[{"embeddable":true,"href":"https:\/\/shopatoa.com\/ro\/wp-json\/wp\/v2\/comments?post=258399"}],"wp:featuredmedia":[{"embeddable":true,"href":"https:\/\/shopatoa.com\/ro\/wp-json\/wp\/v2\/media\/258400"}],"wp:attachment":[{"href":"https:\/\/shopatoa.com\/ro\/wp-json\/wp\/v2\/media?parent=258399"}],"wp:term":[{"taxonomy":"product_brand","embeddable":true,"href":"https:\/\/shopatoa.com\/ro\/wp-json\/wp\/v2\/product_brand?post=258399"},{"taxonomy":"product_cat","embeddable":true,"href":"https:\/\/shopatoa.com\/ro\/wp-json\/wp\/v2\/product_cat?post=258399"},{"taxonomy":"product_tag","embeddable":true,"href":"https:\/\/shopatoa.com\/ro\/wp-json\/wp\/v2\/product_tag?post=258399"}],"curies":[{"name":"wp","href":"https:\/\/api.w.org\/{rel}","templated":true}]}}