{"id":258419,"date":"2025-04-26T15:01:41","date_gmt":"2025-04-26T13:01:41","guid":{"rendered":"https:\/\/shopatoa.com\/ro\/medisana-aparat-de-masaj-cu-apa-pentru-picioare-fs-883-88387\/"},"modified":"2025-05-16T18:19:12","modified_gmt":"2025-05-16T16:19:12","slug":"medisana-aparat-de-masaj-cu-apa-pentru-picioare-fs-883-88387","status":"publish","type":"product","link":"https:\/\/shopatoa.com\/ro\/medisana-aparat-de-masaj-cu-apa-pentru-picioare-fs-883-88387\/","title":{"rendered":"Medisana Aparat de masaj cu ap\u0103, pentru picioare FS 883 88387"},"content":{"rendered":"<p>Trata\u021bi-v\u0103 picioarele cu o baie cu bule, pl\u0103cut\u0103, care v\u0103 relaxeaz\u0103 perfect picioarele obosite \u0219i stimuleaz\u0103 circula\u021bia s\u00e2ngelui! Masajul vibrator foarte pl\u0103cut v\u0103 va relaxa. \u00cen plus, poate men\u021bine temperatura apei pe durata b\u0103ii. V\u0103 va ajuta s\u0103 elimina\u021bi tensiunea \u0219i oboseala.<\/p>\n","protected":false},"excerpt":{"rendered":"<p>Trata\u021bi-v\u0103 picioarele cu o baie cu bule, pl\u0103cut\u0103, care v\u0103 relaxeaz\u0103 perfect picioarele obosite \u0219i stimuleaz\u0103 circula\u021bia s\u00e2ngelui! Masajul vibrator foarte pl\u0103cut v\u0103 va relaxa. \u00cen plus, poate men\u021bine temperatura apei pe durata b\u0103ii. V\u0103 va ajuta s\u0103 elimina\u021bi tensiunea \u0219i oboseala.<\/p>\n","protected":false},"featured_media":334949,"comment_status":"closed","ping_status":"open","template":"","meta":{"_acf_changed":false,"_kadence_starter_templates_imported_post":false,"_kad_post_transparent":"","_kad_post_title":"","_kad_post_layout":"","_kad_post_sidebar_id":"","_kad_post_content_style":"","_kad_post_vertical_padding":"","_kad_post_feature":"","_kad_post_feature_position":"","_kad_post_header":false,"_kad_post_footer":false,"_kad_post_classname":""},"product_brand":[471],"product_cat":[246,611,730,888],"product_tag":[],"class_list":{"0":"post-258419","1":"product","2":"type-product","3":"status-publish","4":"has-post-thumbnail","6":"product_brand-medisana","7":"product_cat-cosmetice","8":"product_cat-produse-cosmetice-pentru-corp","9":"product_cat-produse-cosmetice-pentru-ingrijirea-picioarelor","10":"product_cat-spa-masaj-pe-picioare","12":"first","13":"instock","14":"product-type-external","15":"entry","16":"content-bg","17":"loop-entry"},"acf":[],"yoast_head":"<!-- This site is optimized with the Yoast SEO plugin v27.4 - https:\/\/yoast.com\/product\/yoast-seo-wordpress\/ -->\n<title>Medisana Aparat de masaj cu ap\u0103, pentru picioare FS 883 88387 - SHOPATOA.COM<\/title>\n<meta name=\"robots\" content=\"index, follow, max-snippet:-1, max-image-preview:large, max-video-preview:-1\" \/>\n<link rel=\"canonical\" href=\"https:\/\/shopatoa.com\/ro\/medisana-aparat-de-masaj-cu-apa-pentru-picioare-fs-883-88387\/\" \/>\n<meta property=\"og:locale\" content=\"ro_RO\" \/>\n<meta property=\"og:type\" content=\"article\" \/>\n<meta property=\"og:title\" content=\"Medisana Aparat de masaj cu ap\u0103, pentru picioare FS 883 88387 - SHOPATOA.COM\" \/>\n<meta property=\"og:description\" content=\"Trata\u021bi-v\u0103 picioarele cu o baie cu bule, pl\u0103cut\u0103, care v\u0103 relaxeaz\u0103 perfect picioarele obosite \u0219i stimuleaz\u0103 circula\u021bia s\u00e2ngelui! Masajul vibrator foarte pl\u0103cut v\u0103 va relaxa. \u00cen plus, poate men\u021bine temperatura apei pe durata b\u0103ii. V\u0103 va ajuta s\u0103 elimina\u021bi tensiunea \u0219i oboseala.\" \/>\n<meta property=\"og:url\" content=\"https:\/\/shopatoa.com\/ro\/medisana-aparat-de-masaj-cu-apa-pentru-picioare-fs-883-88387\/\" \/>\n<meta property=\"og:site_name\" content=\"SHOPATOA\" \/>\n<meta property=\"article:modified_time\" content=\"2025-05-16T16:19:12+00:00\" \/>\n<meta property=\"og:image\" content=\"https:\/\/storage.googleapis.com\/cz-shopatoa-img\/ro\/b64d8a44-unnamed-file.webp\" \/>\n\t<meta property=\"og:image:width\" content=\"800\" \/>\n\t<meta property=\"og:image:height\" content=\"800\" \/>\n\t<meta property=\"og:image:type\" content=\"image\/webp\" \/>\n<meta name=\"twitter:card\" content=\"summary_large_image\" \/>\n<script type=\"application\/ld+json\" class=\"yoast-schema-graph\">{\"@context\":\"https:\\\/\\\/schema.org\",\"@graph\":[{\"@type\":\"WebPage\",\"@id\":\"https:\\\/\\\/shopatoa.com\\\/ro\\\/medisana-aparat-de-masaj-cu-apa-pentru-picioare-fs-883-88387\\\/\",\"url\":\"https:\\\/\\\/shopatoa.com\\\/ro\\\/medisana-aparat-de-masaj-cu-apa-pentru-picioare-fs-883-88387\\\/\",\"name\":\"Medisana Aparat de masaj cu ap\u0103, pentru picioare FS 883 88387 - SHOPATOA.COM\",\"isPartOf\":{\"@id\":\"https:\\\/\\\/shopatoa.com\\\/ro\\\/#website\"},\"primaryImageOfPage\":{\"@id\":\"https:\\\/\\\/shopatoa.com\\\/ro\\\/medisana-aparat-de-masaj-cu-apa-pentru-picioare-fs-883-88387\\\/#primaryimage\"},\"image\":{\"@id\":\"https:\\\/\\\/shopatoa.com\\\/ro\\\/medisana-aparat-de-masaj-cu-apa-pentru-picioare-fs-883-88387\\\/#primaryimage\"},\"thumbnailUrl\":\"https:\\\/\\\/storage.googleapis.com\\\/cz-shopatoa-img\\\/ro\\\/b64d8a44-unnamed-file.webp\",\"datePublished\":\"2025-04-26T13:01:41+00:00\",\"dateModified\":\"2025-05-16T16:19:12+00:00\",\"breadcrumb\":{\"@id\":\"https:\\\/\\\/shopatoa.com\\\/ro\\\/medisana-aparat-de-masaj-cu-apa-pentru-picioare-fs-883-88387\\\/#breadcrumb\"},\"inLanguage\":\"ro-RO\",\"potentialAction\":[{\"@type\":\"ReadAction\",\"target\":[\"https:\\\/\\\/shopatoa.com\\\/ro\\\/medisana-aparat-de-masaj-cu-apa-pentru-picioare-fs-883-88387\\\/\"]}]},{\"@type\":\"ImageObject\",\"inLanguage\":\"ro-RO\",\"@id\":\"https:\\\/\\\/shopatoa.com\\\/ro\\\/medisana-aparat-de-masaj-cu-apa-pentru-picioare-fs-883-88387\\\/#primaryimage\",\"url\":\"https:\\\/\\\/storage.googleapis.com\\\/cz-shopatoa-img\\\/ro\\\/b64d8a44-unnamed-file.webp\",\"contentUrl\":\"https:\\\/\\\/storage.googleapis.com\\\/cz-shopatoa-img\\\/ro\\\/b64d8a44-unnamed-file.webp\",\"width\":800,\"height\":800},{\"@type\":\"BreadcrumbList\",\"@id\":\"https:\\\/\\\/shopatoa.com\\\/ro\\\/medisana-aparat-de-masaj-cu-apa-pentru-picioare-fs-883-88387\\\/#breadcrumb\",\"itemListElement\":[{\"@type\":\"ListItem\",\"position\":1,\"name\":\"Dom\u016f\",\"item\":\"https:\\\/\\\/shopatoa.com\\\/ro\\\/\"},{\"@type\":\"ListItem\",\"position\":2,\"name\":\"Shop\",\"item\":\"https:\\\/\\\/shopatoa.com\\\/ro\\\/shop\\\/\"},{\"@type\":\"ListItem\",\"position\":3,\"name\":\"Cosmetice\",\"item\":\"https:\\\/\\\/shopatoa.com\\\/ro\\\/cosmetice\\\/\"},{\"@type\":\"ListItem\",\"position\":4,\"name\":\"Produse cosmetice pentru corp\",\"item\":\"https:\\\/\\\/shopatoa.com\\\/ro\\\/produse-cosmetice-pentru-corp\\\/\"},{\"@type\":\"ListItem\",\"position\":5,\"name\":\"Produse cosmetice pentru \u00eengrijirea picioarelor\",\"item\":\"https:\\\/\\\/shopatoa.com\\\/ro\\\/produse-cosmetice-pentru-ingrijirea-picioarelor\\\/\"},{\"@type\":\"ListItem\",\"position\":6,\"name\":\"Spa, masaj pe picioare\",\"item\":\"https:\\\/\\\/shopatoa.com\\\/ro\\\/spa-masaj-pe-picioare\\\/\"},{\"@type\":\"ListItem\",\"position\":7,\"name\":\"Medisana Aparat de masaj cu ap\u0103, pentru picioare FS 883 88387\"}]},{\"@type\":\"WebSite\",\"@id\":\"https:\\\/\\\/shopatoa.com\\\/ro\\\/#website\",\"url\":\"https:\\\/\\\/shopatoa.com\\\/ro\\\/\",\"name\":\"SHOPATOA\",\"description\":\"\",\"publisher\":{\"@id\":\"https:\\\/\\\/shopatoa.com\\\/ro\\\/#organization\"},\"potentialAction\":[{\"@type\":\"SearchAction\",\"target\":{\"@type\":\"EntryPoint\",\"urlTemplate\":\"https:\\\/\\\/shopatoa.com\\\/ro\\\/?s={search_term_string}\"},\"query-input\":{\"@type\":\"PropertyValueSpecification\",\"valueRequired\":true,\"valueName\":\"search_term_string\"}}],\"inLanguage\":\"ro-RO\"},{\"@type\":\"Organization\",\"@id\":\"https:\\\/\\\/shopatoa.com\\\/ro\\\/#organization\",\"name\":\"SHOPATOA\",\"url\":\"https:\\\/\\\/shopatoa.com\\\/ro\\\/\",\"logo\":{\"@type\":\"ImageObject\",\"inLanguage\":\"ro-RO\",\"@id\":\"https:\\\/\\\/shopatoa.com\\\/ro\\\/#\\\/schema\\\/logo\\\/image\\\/\",\"url\":\"https:\\\/\\\/storage.googleapis.com\\\/cz-shopatoa-img\\\/ro\\\/b4dac915-shopatoa_logo.png\",\"contentUrl\":\"https:\\\/\\\/storage.googleapis.com\\\/cz-shopatoa-img\\\/ro\\\/b4dac915-shopatoa_logo.png\",\"width\":416,\"height\":63,\"caption\":\"SHOPATOA\"},\"image\":{\"@id\":\"https:\\\/\\\/shopatoa.com\\\/ro\\\/#\\\/schema\\\/logo\\\/image\\\/\"}}]}<\/script>\n<!-- \/ Yoast SEO plugin. -->","yoast_head_json":{"title":"Medisana Aparat de masaj cu ap\u0103, pentru picioare FS 883 88387 - SHOPATOA.COM","robots":{"index":"index","follow":"follow","max-snippet":"max-snippet:-1","max-image-preview":"max-image-preview:large","max-video-preview":"max-video-preview:-1"},"canonical":"https:\/\/shopatoa.com\/ro\/medisana-aparat-de-masaj-cu-apa-pentru-picioare-fs-883-88387\/","og_locale":"ro_RO","og_type":"article","og_title":"Medisana Aparat de masaj cu ap\u0103, pentru picioare FS 883 88387 - SHOPATOA.COM","og_description":"Trata\u021bi-v\u0103 picioarele cu o baie cu bule, pl\u0103cut\u0103, care v\u0103 relaxeaz\u0103 perfect picioarele obosite \u0219i stimuleaz\u0103 circula\u021bia s\u00e2ngelui! Masajul vibrator foarte pl\u0103cut v\u0103 va relaxa. \u00cen plus, poate men\u021bine temperatura apei pe durata b\u0103ii. V\u0103 va ajuta s\u0103 elimina\u021bi tensiunea \u0219i oboseala.","og_url":"https:\/\/shopatoa.com\/ro\/medisana-aparat-de-masaj-cu-apa-pentru-picioare-fs-883-88387\/","og_site_name":"SHOPATOA","article_modified_time":"2025-05-16T16:19:12+00:00","og_image":[{"width":800,"height":800,"url":"https:\/\/storage.googleapis.com\/cz-shopatoa-img\/ro\/b64d8a44-unnamed-file.webp","type":"image\/webp"}],"twitter_card":"summary_large_image","schema":{"@context":"https:\/\/schema.org","@graph":[{"@type":"WebPage","@id":"https:\/\/shopatoa.com\/ro\/medisana-aparat-de-masaj-cu-apa-pentru-picioare-fs-883-88387\/","url":"https:\/\/shopatoa.com\/ro\/medisana-aparat-de-masaj-cu-apa-pentru-picioare-fs-883-88387\/","name":"Medisana Aparat de masaj cu ap\u0103, pentru picioare FS 883 88387 - SHOPATOA.COM","isPartOf":{"@id":"https:\/\/shopatoa.com\/ro\/#website"},"primaryImageOfPage":{"@id":"https:\/\/shopatoa.com\/ro\/medisana-aparat-de-masaj-cu-apa-pentru-picioare-fs-883-88387\/#primaryimage"},"image":{"@id":"https:\/\/shopatoa.com\/ro\/medisana-aparat-de-masaj-cu-apa-pentru-picioare-fs-883-88387\/#primaryimage"},"thumbnailUrl":"https:\/\/storage.googleapis.com\/cz-shopatoa-img\/ro\/b64d8a44-unnamed-file.webp","datePublished":"2025-04-26T13:01:41+00:00","dateModified":"2025-05-16T16:19:12+00:00","breadcrumb":{"@id":"https:\/\/shopatoa.com\/ro\/medisana-aparat-de-masaj-cu-apa-pentru-picioare-fs-883-88387\/#breadcrumb"},"inLanguage":"ro-RO","potentialAction":[{"@type":"ReadAction","target":["https:\/\/shopatoa.com\/ro\/medisana-aparat-de-masaj-cu-apa-pentru-picioare-fs-883-88387\/"]}]},{"@type":"ImageObject","inLanguage":"ro-RO","@id":"https:\/\/shopatoa.com\/ro\/medisana-aparat-de-masaj-cu-apa-pentru-picioare-fs-883-88387\/#primaryimage","url":"https:\/\/storage.googleapis.com\/cz-shopatoa-img\/ro\/b64d8a44-unnamed-file.webp","contentUrl":"https:\/\/storage.googleapis.com\/cz-shopatoa-img\/ro\/b64d8a44-unnamed-file.webp","width":800,"height":800},{"@type":"BreadcrumbList","@id":"https:\/\/shopatoa.com\/ro\/medisana-aparat-de-masaj-cu-apa-pentru-picioare-fs-883-88387\/#breadcrumb","itemListElement":[{"@type":"ListItem","position":1,"name":"Dom\u016f","item":"https:\/\/shopatoa.com\/ro\/"},{"@type":"ListItem","position":2,"name":"Shop","item":"https:\/\/shopatoa.com\/ro\/shop\/"},{"@type":"ListItem","position":3,"name":"Cosmetice","item":"https:\/\/shopatoa.com\/ro\/cosmetice\/"},{"@type":"ListItem","position":4,"name":"Produse cosmetice pentru corp","item":"https:\/\/shopatoa.com\/ro\/produse-cosmetice-pentru-corp\/"},{"@type":"ListItem","position":5,"name":"Produse cosmetice pentru \u00eengrijirea picioarelor","item":"https:\/\/shopatoa.com\/ro\/produse-cosmetice-pentru-ingrijirea-picioarelor\/"},{"@type":"ListItem","position":6,"name":"Spa, masaj pe picioare","item":"https:\/\/shopatoa.com\/ro\/spa-masaj-pe-picioare\/"},{"@type":"ListItem","position":7,"name":"Medisana Aparat de masaj cu ap\u0103, pentru picioare FS 883 88387"}]},{"@type":"WebSite","@id":"https:\/\/shopatoa.com\/ro\/#website","url":"https:\/\/shopatoa.com\/ro\/","name":"SHOPATOA","description":"","publisher":{"@id":"https:\/\/shopatoa.com\/ro\/#organization"},"potentialAction":[{"@type":"SearchAction","target":{"@type":"EntryPoint","urlTemplate":"https:\/\/shopatoa.com\/ro\/?s={search_term_string}"},"query-input":{"@type":"PropertyValueSpecification","valueRequired":true,"valueName":"search_term_string"}}],"inLanguage":"ro-RO"},{"@type":"Organization","@id":"https:\/\/shopatoa.com\/ro\/#organization","name":"SHOPATOA","url":"https:\/\/shopatoa.com\/ro\/","logo":{"@type":"ImageObject","inLanguage":"ro-RO","@id":"https:\/\/shopatoa.com\/ro\/#\/schema\/logo\/image\/","url":"https:\/\/storage.googleapis.com\/cz-shopatoa-img\/ro\/b4dac915-shopatoa_logo.png","contentUrl":"https:\/\/storage.googleapis.com\/cz-shopatoa-img\/ro\/b4dac915-shopatoa_logo.png","width":416,"height":63,"caption":"SHOPATOA"},"image":{"@id":"https:\/\/shopatoa.com\/ro\/#\/schema\/logo\/image\/"}}]}},"_links":{"self":[{"href":"https:\/\/shopatoa.com\/ro\/wp-json\/wp\/v2\/product\/258419","targetHints":{"allow":["GET"]}}],"collection":[{"href":"https:\/\/shopatoa.com\/ro\/wp-json\/wp\/v2\/product"}],"about":[{"href":"https:\/\/shopatoa.com\/ro\/wp-json\/wp\/v2\/types\/product"}],"replies":[{"embeddable":true,"href":"https:\/\/shopatoa.com\/ro\/wp-json\/wp\/v2\/comments?post=258419"}],"wp:featuredmedia":[{"embeddable":true,"href":"https:\/\/shopatoa.com\/ro\/wp-json\/wp\/v2\/media\/334949"}],"wp:attachment":[{"href":"https:\/\/shopatoa.com\/ro\/wp-json\/wp\/v2\/media?parent=258419"}],"wp:term":[{"taxonomy":"product_brand","embeddable":true,"href":"https:\/\/shopatoa.com\/ro\/wp-json\/wp\/v2\/product_brand?post=258419"},{"taxonomy":"product_cat","embeddable":true,"href":"https:\/\/shopatoa.com\/ro\/wp-json\/wp\/v2\/product_cat?post=258419"},{"taxonomy":"product_tag","embeddable":true,"href":"https:\/\/shopatoa.com\/ro\/wp-json\/wp\/v2\/product_tag?post=258419"}],"curies":[{"name":"wp","href":"https:\/\/api.w.org\/{rel}","templated":true}]}}