{"id":258469,"date":"2025-04-26T15:21:56","date_gmt":"2025-04-26T13:21:56","guid":{"rendered":"https:\/\/shopatoa.com\/ro\/clarins-balsam-hidratant-pentru-ochi-total-eye-hydrate-eye-mask-balm-20-ml\/"},"modified":"2025-05-16T18:26:32","modified_gmt":"2025-05-16T16:26:32","slug":"clarins-balsam-hidratant-pentru-ochi-total-eye-hydrate-eye-mask-balm-20-ml","status":"publish","type":"product","link":"https:\/\/shopatoa.com\/ro\/clarins-balsam-hidratant-pentru-ochi-total-eye-hydrate-eye-mask-balm-20-ml\/","title":{"rendered":"Clarins Balsam hidratant pentru ochi Total Eye Hydrate (Eye Mask-Balm) 20 ml"},"content":{"rendered":"<p>Balsamul Total Eye Hydrate este o doz\u0103 real\u0103 de hidratare care potole\u0219te \u00eentr-o clip\u0103 setea pielii, calmeaz\u0103 \u0219i revitalizeaz\u0103 zona ochilor. Ingredientul principal este kalanchoe BIO, care men\u021bine hidratarea \u00een toate straturile pielii \u0219i ajut\u0103 la hidratarea acesteia. Neteze\u0219te vizibil liniile fine care sunt cauzate de deshidratare \u0219i neteze\u0219te \u0219i protejeaz\u0103 zona ochilor. De asemenea, pute\u021bi folosi balsamul ca o masc\u0103 de minute intens hidratant\u0103 ori de c\u00e2te ori pielea dumneavoastr\u0103 are nevoie de o hidratare.<\/p>\n","protected":false},"excerpt":{"rendered":"<p>Balsamul Total Eye Hydrate este o doz\u0103 real\u0103 de hidratare care potole\u0219te \u00eentr-o clip\u0103 setea pielii, calmeaz\u0103 \u0219i revitalizeaz\u0103 zona ochilor. Ingredientul principal este kalanchoe BIO, care men\u021bine hidratarea \u00een toate straturile pielii \u0219i ajut\u0103 la hidratarea acesteia. Neteze\u0219te vizibil liniile fine care sunt cauzate de deshidratare \u0219i neteze\u0219te \u0219i protejeaz\u0103 zona ochilor. De asemenea,&#8230;<\/p>\n","protected":false},"featured_media":335001,"comment_status":"closed","ping_status":"open","template":"","meta":{"_acf_changed":false,"_kadence_starter_templates_imported_post":false,"_kad_post_transparent":"","_kad_post_title":"","_kad_post_layout":"","_kad_post_sidebar_id":"","_kad_post_content_style":"","_kad_post_vertical_padding":"","_kad_post_feature":"","_kad_post_feature_position":"","_kad_post_header":false,"_kad_post_footer":false,"_kad_post_classname":""},"product_brand":[120],"product_cat":[246,674,633],"product_tag":[],"class_list":{"0":"post-258469","1":"product","2":"type-product","3":"status-publish","4":"has-post-thumbnail","6":"product_brand-clarins","7":"product_cat-cosmetice","8":"product_cat-ingrijirea-ochilor-cosmetica","9":"product_cat-produse-cosmetice-pentru-piele","11":"first","12":"instock","13":"product-type-external","14":"entry","15":"content-bg","16":"loop-entry"},"acf":[],"yoast_head":"<!-- This site is optimized with the Yoast SEO plugin v27.3 - https:\/\/yoast.com\/product\/yoast-seo-wordpress\/ -->\n<title>Clarins Balsam hidratant pentru ochi Total Eye Hydrate (Eye Mask-Balm) 20 ml - SHOPATOA.COM<\/title>\n<meta name=\"robots\" content=\"index, follow, max-snippet:-1, max-image-preview:large, max-video-preview:-1\" \/>\n<link rel=\"canonical\" href=\"https:\/\/shopatoa.com\/ro\/clarins-balsam-hidratant-pentru-ochi-total-eye-hydrate-eye-mask-balm-20-ml\/\" \/>\n<meta property=\"og:locale\" content=\"ro_RO\" \/>\n<meta property=\"og:type\" content=\"article\" \/>\n<meta property=\"og:title\" content=\"Clarins Balsam hidratant pentru ochi Total Eye Hydrate (Eye Mask-Balm) 20 ml - SHOPATOA.COM\" \/>\n<meta property=\"og:description\" content=\"Balsamul Total Eye Hydrate este o doz\u0103 real\u0103 de hidratare care potole\u0219te \u00eentr-o clip\u0103 setea pielii, calmeaz\u0103 \u0219i revitalizeaz\u0103 zona ochilor. Ingredientul principal este kalanchoe BIO, care men\u021bine hidratarea \u00een toate straturile pielii \u0219i ajut\u0103 la hidratarea acesteia. Neteze\u0219te vizibil liniile fine care sunt cauzate de deshidratare \u0219i neteze\u0219te \u0219i protejeaz\u0103 zona ochilor. De asemenea,...\" \/>\n<meta property=\"og:url\" content=\"https:\/\/shopatoa.com\/ro\/clarins-balsam-hidratant-pentru-ochi-total-eye-hydrate-eye-mask-balm-20-ml\/\" \/>\n<meta property=\"og:site_name\" content=\"SHOPATOA\" \/>\n<meta property=\"article:modified_time\" content=\"2025-05-16T16:26:32+00:00\" \/>\n<meta property=\"og:image\" content=\"https:\/\/storage.googleapis.com\/cz-shopatoa-img\/ro\/41d1cd66-unnamed-file.webp\" \/>\n\t<meta property=\"og:image:width\" content=\"800\" \/>\n\t<meta property=\"og:image:height\" content=\"800\" \/>\n\t<meta property=\"og:image:type\" content=\"image\/webp\" \/>\n<meta name=\"twitter:card\" content=\"summary_large_image\" \/>\n<script type=\"application\/ld+json\" class=\"yoast-schema-graph\">{\"@context\":\"https:\\\/\\\/schema.org\",\"@graph\":[{\"@type\":\"WebPage\",\"@id\":\"https:\\\/\\\/shopatoa.com\\\/ro\\\/clarins-balsam-hidratant-pentru-ochi-total-eye-hydrate-eye-mask-balm-20-ml\\\/\",\"url\":\"https:\\\/\\\/shopatoa.com\\\/ro\\\/clarins-balsam-hidratant-pentru-ochi-total-eye-hydrate-eye-mask-balm-20-ml\\\/\",\"name\":\"Clarins Balsam hidratant pentru ochi Total Eye Hydrate (Eye Mask-Balm) 20 ml - SHOPATOA.COM\",\"isPartOf\":{\"@id\":\"https:\\\/\\\/shopatoa.com\\\/ro\\\/#website\"},\"primaryImageOfPage\":{\"@id\":\"https:\\\/\\\/shopatoa.com\\\/ro\\\/clarins-balsam-hidratant-pentru-ochi-total-eye-hydrate-eye-mask-balm-20-ml\\\/#primaryimage\"},\"image\":{\"@id\":\"https:\\\/\\\/shopatoa.com\\\/ro\\\/clarins-balsam-hidratant-pentru-ochi-total-eye-hydrate-eye-mask-balm-20-ml\\\/#primaryimage\"},\"thumbnailUrl\":\"https:\\\/\\\/storage.googleapis.com\\\/cz-shopatoa-img\\\/ro\\\/41d1cd66-unnamed-file.webp\",\"datePublished\":\"2025-04-26T13:21:56+00:00\",\"dateModified\":\"2025-05-16T16:26:32+00:00\",\"breadcrumb\":{\"@id\":\"https:\\\/\\\/shopatoa.com\\\/ro\\\/clarins-balsam-hidratant-pentru-ochi-total-eye-hydrate-eye-mask-balm-20-ml\\\/#breadcrumb\"},\"inLanguage\":\"ro-RO\",\"potentialAction\":[{\"@type\":\"ReadAction\",\"target\":[\"https:\\\/\\\/shopatoa.com\\\/ro\\\/clarins-balsam-hidratant-pentru-ochi-total-eye-hydrate-eye-mask-balm-20-ml\\\/\"]}]},{\"@type\":\"ImageObject\",\"inLanguage\":\"ro-RO\",\"@id\":\"https:\\\/\\\/shopatoa.com\\\/ro\\\/clarins-balsam-hidratant-pentru-ochi-total-eye-hydrate-eye-mask-balm-20-ml\\\/#primaryimage\",\"url\":\"https:\\\/\\\/storage.googleapis.com\\\/cz-shopatoa-img\\\/ro\\\/41d1cd66-unnamed-file.webp\",\"contentUrl\":\"https:\\\/\\\/storage.googleapis.com\\\/cz-shopatoa-img\\\/ro\\\/41d1cd66-unnamed-file.webp\",\"width\":800,\"height\":800},{\"@type\":\"BreadcrumbList\",\"@id\":\"https:\\\/\\\/shopatoa.com\\\/ro\\\/clarins-balsam-hidratant-pentru-ochi-total-eye-hydrate-eye-mask-balm-20-ml\\\/#breadcrumb\",\"itemListElement\":[{\"@type\":\"ListItem\",\"position\":1,\"name\":\"Dom\u016f\",\"item\":\"https:\\\/\\\/shopatoa.com\\\/ro\\\/\"},{\"@type\":\"ListItem\",\"position\":2,\"name\":\"Shop\",\"item\":\"https:\\\/\\\/shopatoa.com\\\/ro\\\/shop\\\/\"},{\"@type\":\"ListItem\",\"position\":3,\"name\":\"Cosmetice\",\"item\":\"https:\\\/\\\/shopatoa.com\\\/ro\\\/cosmetice\\\/\"},{\"@type\":\"ListItem\",\"position\":4,\"name\":\"Produse cosmetice pentru piele\",\"item\":\"https:\\\/\\\/shopatoa.com\\\/ro\\\/produse-cosmetice-pentru-piele\\\/\"},{\"@type\":\"ListItem\",\"position\":5,\"name\":\"\u00cengrijirea ochilor Cosmetic\u0103\",\"item\":\"https:\\\/\\\/shopatoa.com\\\/ro\\\/ingrijirea-ochilor-cosmetica\\\/\"},{\"@type\":\"ListItem\",\"position\":6,\"name\":\"Clarins Balsam hidratant pentru ochi Total Eye Hydrate (Eye Mask-Balm) 20 ml\"}]},{\"@type\":\"WebSite\",\"@id\":\"https:\\\/\\\/shopatoa.com\\\/ro\\\/#website\",\"url\":\"https:\\\/\\\/shopatoa.com\\\/ro\\\/\",\"name\":\"SHOPATOA\",\"description\":\"\",\"publisher\":{\"@id\":\"https:\\\/\\\/shopatoa.com\\\/ro\\\/#organization\"},\"potentialAction\":[{\"@type\":\"SearchAction\",\"target\":{\"@type\":\"EntryPoint\",\"urlTemplate\":\"https:\\\/\\\/shopatoa.com\\\/ro\\\/?s={search_term_string}\"},\"query-input\":{\"@type\":\"PropertyValueSpecification\",\"valueRequired\":true,\"valueName\":\"search_term_string\"}}],\"inLanguage\":\"ro-RO\"},{\"@type\":\"Organization\",\"@id\":\"https:\\\/\\\/shopatoa.com\\\/ro\\\/#organization\",\"name\":\"SHOPATOA\",\"url\":\"https:\\\/\\\/shopatoa.com\\\/ro\\\/\",\"logo\":{\"@type\":\"ImageObject\",\"inLanguage\":\"ro-RO\",\"@id\":\"https:\\\/\\\/shopatoa.com\\\/ro\\\/#\\\/schema\\\/logo\\\/image\\\/\",\"url\":\"https:\\\/\\\/storage.googleapis.com\\\/cz-shopatoa-img\\\/ro\\\/b4dac915-shopatoa_logo.png\",\"contentUrl\":\"https:\\\/\\\/storage.googleapis.com\\\/cz-shopatoa-img\\\/ro\\\/b4dac915-shopatoa_logo.png\",\"width\":416,\"height\":63,\"caption\":\"SHOPATOA\"},\"image\":{\"@id\":\"https:\\\/\\\/shopatoa.com\\\/ro\\\/#\\\/schema\\\/logo\\\/image\\\/\"}}]}<\/script>\n<!-- \/ Yoast SEO plugin. -->","yoast_head_json":{"title":"Clarins Balsam hidratant pentru ochi Total Eye Hydrate (Eye Mask-Balm) 20 ml - SHOPATOA.COM","robots":{"index":"index","follow":"follow","max-snippet":"max-snippet:-1","max-image-preview":"max-image-preview:large","max-video-preview":"max-video-preview:-1"},"canonical":"https:\/\/shopatoa.com\/ro\/clarins-balsam-hidratant-pentru-ochi-total-eye-hydrate-eye-mask-balm-20-ml\/","og_locale":"ro_RO","og_type":"article","og_title":"Clarins Balsam hidratant pentru ochi Total Eye Hydrate (Eye Mask-Balm) 20 ml - SHOPATOA.COM","og_description":"Balsamul Total Eye Hydrate este o doz\u0103 real\u0103 de hidratare care potole\u0219te \u00eentr-o clip\u0103 setea pielii, calmeaz\u0103 \u0219i revitalizeaz\u0103 zona ochilor. Ingredientul principal este kalanchoe BIO, care men\u021bine hidratarea \u00een toate straturile pielii \u0219i ajut\u0103 la hidratarea acesteia. Neteze\u0219te vizibil liniile fine care sunt cauzate de deshidratare \u0219i neteze\u0219te \u0219i protejeaz\u0103 zona ochilor. De asemenea,...","og_url":"https:\/\/shopatoa.com\/ro\/clarins-balsam-hidratant-pentru-ochi-total-eye-hydrate-eye-mask-balm-20-ml\/","og_site_name":"SHOPATOA","article_modified_time":"2025-05-16T16:26:32+00:00","og_image":[{"width":800,"height":800,"url":"https:\/\/storage.googleapis.com\/cz-shopatoa-img\/ro\/41d1cd66-unnamed-file.webp","type":"image\/webp"}],"twitter_card":"summary_large_image","schema":{"@context":"https:\/\/schema.org","@graph":[{"@type":"WebPage","@id":"https:\/\/shopatoa.com\/ro\/clarins-balsam-hidratant-pentru-ochi-total-eye-hydrate-eye-mask-balm-20-ml\/","url":"https:\/\/shopatoa.com\/ro\/clarins-balsam-hidratant-pentru-ochi-total-eye-hydrate-eye-mask-balm-20-ml\/","name":"Clarins Balsam hidratant pentru ochi Total Eye Hydrate (Eye Mask-Balm) 20 ml - SHOPATOA.COM","isPartOf":{"@id":"https:\/\/shopatoa.com\/ro\/#website"},"primaryImageOfPage":{"@id":"https:\/\/shopatoa.com\/ro\/clarins-balsam-hidratant-pentru-ochi-total-eye-hydrate-eye-mask-balm-20-ml\/#primaryimage"},"image":{"@id":"https:\/\/shopatoa.com\/ro\/clarins-balsam-hidratant-pentru-ochi-total-eye-hydrate-eye-mask-balm-20-ml\/#primaryimage"},"thumbnailUrl":"https:\/\/storage.googleapis.com\/cz-shopatoa-img\/ro\/41d1cd66-unnamed-file.webp","datePublished":"2025-04-26T13:21:56+00:00","dateModified":"2025-05-16T16:26:32+00:00","breadcrumb":{"@id":"https:\/\/shopatoa.com\/ro\/clarins-balsam-hidratant-pentru-ochi-total-eye-hydrate-eye-mask-balm-20-ml\/#breadcrumb"},"inLanguage":"ro-RO","potentialAction":[{"@type":"ReadAction","target":["https:\/\/shopatoa.com\/ro\/clarins-balsam-hidratant-pentru-ochi-total-eye-hydrate-eye-mask-balm-20-ml\/"]}]},{"@type":"ImageObject","inLanguage":"ro-RO","@id":"https:\/\/shopatoa.com\/ro\/clarins-balsam-hidratant-pentru-ochi-total-eye-hydrate-eye-mask-balm-20-ml\/#primaryimage","url":"https:\/\/storage.googleapis.com\/cz-shopatoa-img\/ro\/41d1cd66-unnamed-file.webp","contentUrl":"https:\/\/storage.googleapis.com\/cz-shopatoa-img\/ro\/41d1cd66-unnamed-file.webp","width":800,"height":800},{"@type":"BreadcrumbList","@id":"https:\/\/shopatoa.com\/ro\/clarins-balsam-hidratant-pentru-ochi-total-eye-hydrate-eye-mask-balm-20-ml\/#breadcrumb","itemListElement":[{"@type":"ListItem","position":1,"name":"Dom\u016f","item":"https:\/\/shopatoa.com\/ro\/"},{"@type":"ListItem","position":2,"name":"Shop","item":"https:\/\/shopatoa.com\/ro\/shop\/"},{"@type":"ListItem","position":3,"name":"Cosmetice","item":"https:\/\/shopatoa.com\/ro\/cosmetice\/"},{"@type":"ListItem","position":4,"name":"Produse cosmetice pentru piele","item":"https:\/\/shopatoa.com\/ro\/produse-cosmetice-pentru-piele\/"},{"@type":"ListItem","position":5,"name":"\u00cengrijirea ochilor Cosmetic\u0103","item":"https:\/\/shopatoa.com\/ro\/ingrijirea-ochilor-cosmetica\/"},{"@type":"ListItem","position":6,"name":"Clarins Balsam hidratant pentru ochi Total Eye Hydrate (Eye Mask-Balm) 20 ml"}]},{"@type":"WebSite","@id":"https:\/\/shopatoa.com\/ro\/#website","url":"https:\/\/shopatoa.com\/ro\/","name":"SHOPATOA","description":"","publisher":{"@id":"https:\/\/shopatoa.com\/ro\/#organization"},"potentialAction":[{"@type":"SearchAction","target":{"@type":"EntryPoint","urlTemplate":"https:\/\/shopatoa.com\/ro\/?s={search_term_string}"},"query-input":{"@type":"PropertyValueSpecification","valueRequired":true,"valueName":"search_term_string"}}],"inLanguage":"ro-RO"},{"@type":"Organization","@id":"https:\/\/shopatoa.com\/ro\/#organization","name":"SHOPATOA","url":"https:\/\/shopatoa.com\/ro\/","logo":{"@type":"ImageObject","inLanguage":"ro-RO","@id":"https:\/\/shopatoa.com\/ro\/#\/schema\/logo\/image\/","url":"https:\/\/storage.googleapis.com\/cz-shopatoa-img\/ro\/b4dac915-shopatoa_logo.png","contentUrl":"https:\/\/storage.googleapis.com\/cz-shopatoa-img\/ro\/b4dac915-shopatoa_logo.png","width":416,"height":63,"caption":"SHOPATOA"},"image":{"@id":"https:\/\/shopatoa.com\/ro\/#\/schema\/logo\/image\/"}}]}},"_links":{"self":[{"href":"https:\/\/shopatoa.com\/ro\/wp-json\/wp\/v2\/product\/258469","targetHints":{"allow":["GET"]}}],"collection":[{"href":"https:\/\/shopatoa.com\/ro\/wp-json\/wp\/v2\/product"}],"about":[{"href":"https:\/\/shopatoa.com\/ro\/wp-json\/wp\/v2\/types\/product"}],"replies":[{"embeddable":true,"href":"https:\/\/shopatoa.com\/ro\/wp-json\/wp\/v2\/comments?post=258469"}],"wp:featuredmedia":[{"embeddable":true,"href":"https:\/\/shopatoa.com\/ro\/wp-json\/wp\/v2\/media\/335001"}],"wp:attachment":[{"href":"https:\/\/shopatoa.com\/ro\/wp-json\/wp\/v2\/media?parent=258469"}],"wp:term":[{"taxonomy":"product_brand","embeddable":true,"href":"https:\/\/shopatoa.com\/ro\/wp-json\/wp\/v2\/product_brand?post=258469"},{"taxonomy":"product_cat","embeddable":true,"href":"https:\/\/shopatoa.com\/ro\/wp-json\/wp\/v2\/product_cat?post=258469"},{"taxonomy":"product_tag","embeddable":true,"href":"https:\/\/shopatoa.com\/ro\/wp-json\/wp\/v2\/product_tag?post=258469"}],"curies":[{"name":"wp","href":"https:\/\/api.w.org\/{rel}","templated":true}]}}