{"id":258622,"date":"2025-04-26T16:21:14","date_gmt":"2025-04-26T14:21:14","guid":{"rendered":"https:\/\/shopatoa.com\/ro\/histoires-de-parfums-1804-edp-120-ml\/"},"modified":"2025-12-12T16:53:05","modified_gmt":"2025-12-12T15:53:05","slug":"histoires-de-parfums-1804-edp-120-ml","status":"publish","type":"product","link":"https:\/\/shopatoa.com\/ro\/histoires-de-parfums-1804-edp-120-ml\/","title":{"rendered":"Histoires De Parfums 1804 &#8211; EDP 120 ml"},"content":{"rendered":"<p>Apa de parfum 1804 de la Histoires de Parfums este un parfum dulce, fructat pentru femei. Apa parfumat\u0103 este inspirat\u0103 din personalitatea genialei scriitoare \u0219i femeii moderne &#8211; George Sand. Parfumul este o s\u0103rb\u0103toare a generozit\u0103\u021bii, pasiunii, devotamentului, senzualit\u0103\u021bii \u0219i spiritului ei nest\u0103p\u00e2nit. La \u00eenceputul compozi\u021biei, floarea delicat\u0103 de tiare este combinat\u0103 cu piersici \u0219i note exotice de ananas. \u00cen inima parfumului iese \u00een eviden\u021b\u0103 iasomia indian\u0103, care se combin\u0103 cu l\u0103cr\u0103mioare fragede, trandafir senzual \u0219i note condimentate, al c\u0103ror farmec este sporit de acordurile lemnos-p\u0103m\u00e2ntoase de la baza parfumului. Parfumul a fost lansat pe pia\u021b\u0103 \u00een anul 2001.<\/p>\n","protected":false},"excerpt":{"rendered":"<p>Apa de parfum 1804 de la Histoires de Parfums este un parfum dulce, fructat pentru femei. Apa parfumat\u0103 este inspirat\u0103 din personalitatea genialei scriitoare \u0219i femeii moderne &#8211; George Sand. Parfumul este o s\u0103rb\u0103toare a generozit\u0103\u021bii, pasiunii, devotamentului, senzualit\u0103\u021bii \u0219i spiritului ei nest\u0103p\u00e2nit. La \u00eenceputul compozi\u021biei, floarea delicat\u0103 de tiare este combinat\u0103 cu piersici \u0219i&#8230;<\/p>\n","protected":false},"featured_media":335150,"comment_status":"closed","ping_status":"open","template":"","meta":{"_acf_changed":false,"_kadence_starter_templates_imported_post":false,"_kad_post_transparent":"","_kad_post_title":"","_kad_post_layout":"","_kad_post_sidebar_id":"","_kad_post_content_style":"","_kad_post_vertical_padding":"","_kad_post_feature":"","_kad_post_feature_position":"","_kad_post_header":false,"_kad_post_footer":false,"_kad_post_classname":""},"product_brand":[892],"product_cat":[619,614],"product_tag":[],"class_list":{"0":"post-258622","1":"product","2":"type-product","3":"status-publish","4":"has-post-thumbnail","6":"product_brand-histoires-de-parfums","7":"product_cat-ape-de-parfum-edp","8":"product_cat-parfumuri","10":"first","11":"instock","12":"sale","13":"product-type-external","14":"entry","15":"content-bg","16":"loop-entry"},"acf":[],"yoast_head":"<!-- This site is optimized with the Yoast SEO plugin v27.4 - https:\/\/yoast.com\/product\/yoast-seo-wordpress\/ -->\n<title>Histoires De Parfums 1804 - EDP 120 ml - SHOPATOA.COM<\/title>\n<meta name=\"robots\" content=\"index, follow, max-snippet:-1, max-image-preview:large, max-video-preview:-1\" \/>\n<link rel=\"canonical\" href=\"https:\/\/shopatoa.com\/ro\/histoires-de-parfums-1804-edp-120-ml\/\" \/>\n<meta property=\"og:locale\" content=\"ro_RO\" \/>\n<meta property=\"og:type\" content=\"article\" \/>\n<meta property=\"og:title\" content=\"Histoires De Parfums 1804 - EDP 120 ml - SHOPATOA.COM\" \/>\n<meta property=\"og:description\" content=\"Apa de parfum 1804 de la Histoires de Parfums este un parfum dulce, fructat pentru femei. Apa parfumat\u0103 este inspirat\u0103 din personalitatea genialei scriitoare \u0219i femeii moderne &#8211; George Sand. Parfumul este o s\u0103rb\u0103toare a generozit\u0103\u021bii, pasiunii, devotamentului, senzualit\u0103\u021bii \u0219i spiritului ei nest\u0103p\u00e2nit. La \u00eenceputul compozi\u021biei, floarea delicat\u0103 de tiare este combinat\u0103 cu piersici \u0219i...\" \/>\n<meta property=\"og:url\" content=\"https:\/\/shopatoa.com\/ro\/histoires-de-parfums-1804-edp-120-ml\/\" \/>\n<meta property=\"og:site_name\" content=\"SHOPATOA\" \/>\n<meta property=\"article:modified_time\" content=\"2025-12-12T15:53:05+00:00\" \/>\n<meta property=\"og:image\" content=\"https:\/\/storage.googleapis.com\/cz-shopatoa-img\/ro\/56c721e5-unnamed-file.webp\" \/>\n\t<meta property=\"og:image:width\" content=\"800\" \/>\n\t<meta property=\"og:image:height\" content=\"800\" \/>\n\t<meta property=\"og:image:type\" content=\"image\/webp\" \/>\n<meta name=\"twitter:card\" content=\"summary_large_image\" \/>\n<meta name=\"twitter:label1\" content=\"Timp estimat pentru citire\" \/>\n\t<meta name=\"twitter:data1\" content=\"1 minut\" \/>\n<script type=\"application\/ld+json\" class=\"yoast-schema-graph\">{\"@context\":\"https:\\\/\\\/schema.org\",\"@graph\":[{\"@type\":\"WebPage\",\"@id\":\"https:\\\/\\\/shopatoa.com\\\/ro\\\/histoires-de-parfums-1804-edp-120-ml\\\/\",\"url\":\"https:\\\/\\\/shopatoa.com\\\/ro\\\/histoires-de-parfums-1804-edp-120-ml\\\/\",\"name\":\"Histoires De Parfums 1804 - EDP 120 ml - SHOPATOA.COM\",\"isPartOf\":{\"@id\":\"https:\\\/\\\/shopatoa.com\\\/ro\\\/#website\"},\"primaryImageOfPage\":{\"@id\":\"https:\\\/\\\/shopatoa.com\\\/ro\\\/histoires-de-parfums-1804-edp-120-ml\\\/#primaryimage\"},\"image\":{\"@id\":\"https:\\\/\\\/shopatoa.com\\\/ro\\\/histoires-de-parfums-1804-edp-120-ml\\\/#primaryimage\"},\"thumbnailUrl\":\"https:\\\/\\\/storage.googleapis.com\\\/cz-shopatoa-img\\\/ro\\\/56c721e5-unnamed-file.webp\",\"datePublished\":\"2025-04-26T14:21:14+00:00\",\"dateModified\":\"2025-12-12T15:53:05+00:00\",\"breadcrumb\":{\"@id\":\"https:\\\/\\\/shopatoa.com\\\/ro\\\/histoires-de-parfums-1804-edp-120-ml\\\/#breadcrumb\"},\"inLanguage\":\"ro-RO\",\"potentialAction\":[{\"@type\":\"ReadAction\",\"target\":[\"https:\\\/\\\/shopatoa.com\\\/ro\\\/histoires-de-parfums-1804-edp-120-ml\\\/\"]}]},{\"@type\":\"ImageObject\",\"inLanguage\":\"ro-RO\",\"@id\":\"https:\\\/\\\/shopatoa.com\\\/ro\\\/histoires-de-parfums-1804-edp-120-ml\\\/#primaryimage\",\"url\":\"https:\\\/\\\/storage.googleapis.com\\\/cz-shopatoa-img\\\/ro\\\/56c721e5-unnamed-file.webp\",\"contentUrl\":\"https:\\\/\\\/storage.googleapis.com\\\/cz-shopatoa-img\\\/ro\\\/56c721e5-unnamed-file.webp\",\"width\":800,\"height\":800},{\"@type\":\"BreadcrumbList\",\"@id\":\"https:\\\/\\\/shopatoa.com\\\/ro\\\/histoires-de-parfums-1804-edp-120-ml\\\/#breadcrumb\",\"itemListElement\":[{\"@type\":\"ListItem\",\"position\":1,\"name\":\"Dom\u016f\",\"item\":\"https:\\\/\\\/shopatoa.com\\\/ro\\\/\"},{\"@type\":\"ListItem\",\"position\":2,\"name\":\"Shop\",\"item\":\"https:\\\/\\\/shopatoa.com\\\/ro\\\/shop\\\/\"},{\"@type\":\"ListItem\",\"position\":3,\"name\":\"Parfumuri\",\"item\":\"https:\\\/\\\/shopatoa.com\\\/ro\\\/parfumuri\\\/\"},{\"@type\":\"ListItem\",\"position\":4,\"name\":\"Ape de parfum (EDP)\",\"item\":\"https:\\\/\\\/shopatoa.com\\\/ro\\\/ape-de-parfum-edp\\\/\"},{\"@type\":\"ListItem\",\"position\":5,\"name\":\"Histoires De Parfums 1804 &#8211; EDP 120 ml\"}]},{\"@type\":\"WebSite\",\"@id\":\"https:\\\/\\\/shopatoa.com\\\/ro\\\/#website\",\"url\":\"https:\\\/\\\/shopatoa.com\\\/ro\\\/\",\"name\":\"SHOPATOA\",\"description\":\"\",\"publisher\":{\"@id\":\"https:\\\/\\\/shopatoa.com\\\/ro\\\/#organization\"},\"potentialAction\":[{\"@type\":\"SearchAction\",\"target\":{\"@type\":\"EntryPoint\",\"urlTemplate\":\"https:\\\/\\\/shopatoa.com\\\/ro\\\/?s={search_term_string}\"},\"query-input\":{\"@type\":\"PropertyValueSpecification\",\"valueRequired\":true,\"valueName\":\"search_term_string\"}}],\"inLanguage\":\"ro-RO\"},{\"@type\":\"Organization\",\"@id\":\"https:\\\/\\\/shopatoa.com\\\/ro\\\/#organization\",\"name\":\"SHOPATOA\",\"url\":\"https:\\\/\\\/shopatoa.com\\\/ro\\\/\",\"logo\":{\"@type\":\"ImageObject\",\"inLanguage\":\"ro-RO\",\"@id\":\"https:\\\/\\\/shopatoa.com\\\/ro\\\/#\\\/schema\\\/logo\\\/image\\\/\",\"url\":\"https:\\\/\\\/storage.googleapis.com\\\/cz-shopatoa-img\\\/ro\\\/b4dac915-shopatoa_logo.png\",\"contentUrl\":\"https:\\\/\\\/storage.googleapis.com\\\/cz-shopatoa-img\\\/ro\\\/b4dac915-shopatoa_logo.png\",\"width\":416,\"height\":63,\"caption\":\"SHOPATOA\"},\"image\":{\"@id\":\"https:\\\/\\\/shopatoa.com\\\/ro\\\/#\\\/schema\\\/logo\\\/image\\\/\"}}]}<\/script>\n<!-- \/ Yoast SEO plugin. -->","yoast_head_json":{"title":"Histoires De Parfums 1804 - EDP 120 ml - SHOPATOA.COM","robots":{"index":"index","follow":"follow","max-snippet":"max-snippet:-1","max-image-preview":"max-image-preview:large","max-video-preview":"max-video-preview:-1"},"canonical":"https:\/\/shopatoa.com\/ro\/histoires-de-parfums-1804-edp-120-ml\/","og_locale":"ro_RO","og_type":"article","og_title":"Histoires De Parfums 1804 - EDP 120 ml - SHOPATOA.COM","og_description":"Apa de parfum 1804 de la Histoires de Parfums este un parfum dulce, fructat pentru femei. Apa parfumat\u0103 este inspirat\u0103 din personalitatea genialei scriitoare \u0219i femeii moderne &#8211; George Sand. Parfumul este o s\u0103rb\u0103toare a generozit\u0103\u021bii, pasiunii, devotamentului, senzualit\u0103\u021bii \u0219i spiritului ei nest\u0103p\u00e2nit. La \u00eenceputul compozi\u021biei, floarea delicat\u0103 de tiare este combinat\u0103 cu piersici \u0219i...","og_url":"https:\/\/shopatoa.com\/ro\/histoires-de-parfums-1804-edp-120-ml\/","og_site_name":"SHOPATOA","article_modified_time":"2025-12-12T15:53:05+00:00","og_image":[{"width":800,"height":800,"url":"https:\/\/storage.googleapis.com\/cz-shopatoa-img\/ro\/56c721e5-unnamed-file.webp","type":"image\/webp"}],"twitter_card":"summary_large_image","twitter_misc":{"Timp estimat pentru citire":"1 minut"},"schema":{"@context":"https:\/\/schema.org","@graph":[{"@type":"WebPage","@id":"https:\/\/shopatoa.com\/ro\/histoires-de-parfums-1804-edp-120-ml\/","url":"https:\/\/shopatoa.com\/ro\/histoires-de-parfums-1804-edp-120-ml\/","name":"Histoires De Parfums 1804 - EDP 120 ml - SHOPATOA.COM","isPartOf":{"@id":"https:\/\/shopatoa.com\/ro\/#website"},"primaryImageOfPage":{"@id":"https:\/\/shopatoa.com\/ro\/histoires-de-parfums-1804-edp-120-ml\/#primaryimage"},"image":{"@id":"https:\/\/shopatoa.com\/ro\/histoires-de-parfums-1804-edp-120-ml\/#primaryimage"},"thumbnailUrl":"https:\/\/storage.googleapis.com\/cz-shopatoa-img\/ro\/56c721e5-unnamed-file.webp","datePublished":"2025-04-26T14:21:14+00:00","dateModified":"2025-12-12T15:53:05+00:00","breadcrumb":{"@id":"https:\/\/shopatoa.com\/ro\/histoires-de-parfums-1804-edp-120-ml\/#breadcrumb"},"inLanguage":"ro-RO","potentialAction":[{"@type":"ReadAction","target":["https:\/\/shopatoa.com\/ro\/histoires-de-parfums-1804-edp-120-ml\/"]}]},{"@type":"ImageObject","inLanguage":"ro-RO","@id":"https:\/\/shopatoa.com\/ro\/histoires-de-parfums-1804-edp-120-ml\/#primaryimage","url":"https:\/\/storage.googleapis.com\/cz-shopatoa-img\/ro\/56c721e5-unnamed-file.webp","contentUrl":"https:\/\/storage.googleapis.com\/cz-shopatoa-img\/ro\/56c721e5-unnamed-file.webp","width":800,"height":800},{"@type":"BreadcrumbList","@id":"https:\/\/shopatoa.com\/ro\/histoires-de-parfums-1804-edp-120-ml\/#breadcrumb","itemListElement":[{"@type":"ListItem","position":1,"name":"Dom\u016f","item":"https:\/\/shopatoa.com\/ro\/"},{"@type":"ListItem","position":2,"name":"Shop","item":"https:\/\/shopatoa.com\/ro\/shop\/"},{"@type":"ListItem","position":3,"name":"Parfumuri","item":"https:\/\/shopatoa.com\/ro\/parfumuri\/"},{"@type":"ListItem","position":4,"name":"Ape de parfum (EDP)","item":"https:\/\/shopatoa.com\/ro\/ape-de-parfum-edp\/"},{"@type":"ListItem","position":5,"name":"Histoires De Parfums 1804 &#8211; EDP 120 ml"}]},{"@type":"WebSite","@id":"https:\/\/shopatoa.com\/ro\/#website","url":"https:\/\/shopatoa.com\/ro\/","name":"SHOPATOA","description":"","publisher":{"@id":"https:\/\/shopatoa.com\/ro\/#organization"},"potentialAction":[{"@type":"SearchAction","target":{"@type":"EntryPoint","urlTemplate":"https:\/\/shopatoa.com\/ro\/?s={search_term_string}"},"query-input":{"@type":"PropertyValueSpecification","valueRequired":true,"valueName":"search_term_string"}}],"inLanguage":"ro-RO"},{"@type":"Organization","@id":"https:\/\/shopatoa.com\/ro\/#organization","name":"SHOPATOA","url":"https:\/\/shopatoa.com\/ro\/","logo":{"@type":"ImageObject","inLanguage":"ro-RO","@id":"https:\/\/shopatoa.com\/ro\/#\/schema\/logo\/image\/","url":"https:\/\/storage.googleapis.com\/cz-shopatoa-img\/ro\/b4dac915-shopatoa_logo.png","contentUrl":"https:\/\/storage.googleapis.com\/cz-shopatoa-img\/ro\/b4dac915-shopatoa_logo.png","width":416,"height":63,"caption":"SHOPATOA"},"image":{"@id":"https:\/\/shopatoa.com\/ro\/#\/schema\/logo\/image\/"}}]}},"_links":{"self":[{"href":"https:\/\/shopatoa.com\/ro\/wp-json\/wp\/v2\/product\/258622","targetHints":{"allow":["GET"]}}],"collection":[{"href":"https:\/\/shopatoa.com\/ro\/wp-json\/wp\/v2\/product"}],"about":[{"href":"https:\/\/shopatoa.com\/ro\/wp-json\/wp\/v2\/types\/product"}],"replies":[{"embeddable":true,"href":"https:\/\/shopatoa.com\/ro\/wp-json\/wp\/v2\/comments?post=258622"}],"wp:featuredmedia":[{"embeddable":true,"href":"https:\/\/shopatoa.com\/ro\/wp-json\/wp\/v2\/media\/335150"}],"wp:attachment":[{"href":"https:\/\/shopatoa.com\/ro\/wp-json\/wp\/v2\/media?parent=258622"}],"wp:term":[{"taxonomy":"product_brand","embeddable":true,"href":"https:\/\/shopatoa.com\/ro\/wp-json\/wp\/v2\/product_brand?post=258622"},{"taxonomy":"product_cat","embeddable":true,"href":"https:\/\/shopatoa.com\/ro\/wp-json\/wp\/v2\/product_cat?post=258622"},{"taxonomy":"product_tag","embeddable":true,"href":"https:\/\/shopatoa.com\/ro\/wp-json\/wp\/v2\/product_tag?post=258622"}],"curies":[{"name":"wp","href":"https:\/\/api.w.org\/{rel}","templated":true}]}}