{"id":258624,"date":"2025-04-26T16:21:31","date_gmt":"2025-04-26T14:21:31","guid":{"rendered":"https:\/\/shopatoa.com\/ro\/bareminerals-rimel-pentru-volum-lashtopia-mega-volume-mineral-based-mascara-12-ml-black\/"},"modified":"2025-05-16T18:48:26","modified_gmt":"2025-05-16T16:48:26","slug":"bareminerals-rimel-pentru-volum-lashtopia-mega-volume-mineral-based-mascara-12-ml-black","status":"publish","type":"product","link":"https:\/\/shopatoa.com\/ro\/bareminerals-rimel-pentru-volum-lashtopia-mega-volume-mineral-based-mascara-12-ml-black\/","title":{"rendered":"bareMinerals Rimel pentru volum Lashtopia (Mega Volume Mineral-Based Mascara) 12 ml Black"},"content":{"rendered":"<p>Rimelul mineral va oferi genelor volum intens. Textura sa u\u0219oar\u0103 permite stratificarea u\u0219oar\u0103 f\u0103r\u0103 a o \u00eengreuna \u00een timp ce define\u0219te fiecare gean\u0103 \u00een parte. Formula este \u00eembog\u0103\u021bit\u0103 cu minerale hr\u0103nitoare \u0219i ingrediente hidratante care \u00eent\u0103resc genele \u0219i le men\u021bin moi. O perie special\u0103 cu peste 600 de peri aplic\u0103 uniform culoarea de la r\u0103d\u0103cini p\u00e2n\u0103 la v\u00e2rfuri pentru un efect maxim. Rimelul este rezistent la pete, testat dermatologic \u0219i sigur pentru purt\u0103torii de lentile de contact.<\/p>\n","protected":false},"excerpt":{"rendered":"<p>Rimelul mineral va oferi genelor volum intens. Textura sa u\u0219oar\u0103 permite stratificarea u\u0219oar\u0103 f\u0103r\u0103 a o \u00eengreuna \u00een timp ce define\u0219te fiecare gean\u0103 \u00een parte. Formula este \u00eembog\u0103\u021bit\u0103 cu minerale hr\u0103nitoare \u0219i ingrediente hidratante care \u00eent\u0103resc genele \u0219i le men\u021bin moi. O perie special\u0103 cu peste 600 de peri aplic\u0103 uniform culoarea de la r\u0103d\u0103cini&#8230;<\/p>\n","protected":false},"featured_media":335152,"comment_status":"closed","ping_status":"open","template":"","meta":{"_acf_changed":false,"_kadence_starter_templates_imported_post":false,"_kad_post_transparent":"","_kad_post_title":"","_kad_post_layout":"","_kad_post_sidebar_id":"","_kad_post_content_style":"","_kad_post_vertical_padding":"","_kad_post_feature":"","_kad_post_feature_position":"","_kad_post_header":false,"_kad_post_footer":false,"_kad_post_classname":""},"product_brand":[599],"product_cat":[246,609,631,632],"product_tag":[],"class_list":{"0":"post-258624","1":"product","2":"type-product","3":"status-publish","4":"has-post-thumbnail","6":"product_brand-bareminerals","7":"product_cat-cosmetice","8":"product_cat-cosmetice-decorative","9":"product_cat-machiaj-pentru-ochi","10":"product_cat-rimele","12":"first","13":"instock","14":"product-type-external","15":"entry","16":"content-bg","17":"loop-entry"},"acf":[],"yoast_head":"<!-- This site is optimized with the Yoast SEO plugin v27.3 - https:\/\/yoast.com\/product\/yoast-seo-wordpress\/ -->\n<title>bareMinerals Rimel pentru volum Lashtopia (Mega Volume Mineral-Based Mascara) 12 ml Black - SHOPATOA.COM<\/title>\n<meta name=\"robots\" content=\"index, follow, max-snippet:-1, max-image-preview:large, max-video-preview:-1\" \/>\n<link rel=\"canonical\" href=\"https:\/\/shopatoa.com\/ro\/bareminerals-rimel-pentru-volum-lashtopia-mega-volume-mineral-based-mascara-12-ml-black\/\" \/>\n<meta property=\"og:locale\" content=\"ro_RO\" \/>\n<meta property=\"og:type\" content=\"article\" \/>\n<meta property=\"og:title\" content=\"bareMinerals Rimel pentru volum Lashtopia (Mega Volume Mineral-Based Mascara) 12 ml Black - SHOPATOA.COM\" \/>\n<meta property=\"og:description\" content=\"Rimelul mineral va oferi genelor volum intens. Textura sa u\u0219oar\u0103 permite stratificarea u\u0219oar\u0103 f\u0103r\u0103 a o \u00eengreuna \u00een timp ce define\u0219te fiecare gean\u0103 \u00een parte. Formula este \u00eembog\u0103\u021bit\u0103 cu minerale hr\u0103nitoare \u0219i ingrediente hidratante care \u00eent\u0103resc genele \u0219i le men\u021bin moi. O perie special\u0103 cu peste 600 de peri aplic\u0103 uniform culoarea de la r\u0103d\u0103cini...\" \/>\n<meta property=\"og:url\" content=\"https:\/\/shopatoa.com\/ro\/bareminerals-rimel-pentru-volum-lashtopia-mega-volume-mineral-based-mascara-12-ml-black\/\" \/>\n<meta property=\"og:site_name\" content=\"SHOPATOA\" \/>\n<meta property=\"article:modified_time\" content=\"2025-05-16T16:48:26+00:00\" \/>\n<meta property=\"og:image\" content=\"https:\/\/storage.googleapis.com\/cz-shopatoa-img\/ro\/c143a258-unnamed-file.webp\" \/>\n\t<meta property=\"og:image:width\" content=\"800\" \/>\n\t<meta property=\"og:image:height\" content=\"800\" \/>\n\t<meta property=\"og:image:type\" content=\"image\/webp\" \/>\n<meta name=\"twitter:card\" content=\"summary_large_image\" \/>\n<script type=\"application\/ld+json\" class=\"yoast-schema-graph\">{\"@context\":\"https:\\\/\\\/schema.org\",\"@graph\":[{\"@type\":\"WebPage\",\"@id\":\"https:\\\/\\\/shopatoa.com\\\/ro\\\/bareminerals-rimel-pentru-volum-lashtopia-mega-volume-mineral-based-mascara-12-ml-black\\\/\",\"url\":\"https:\\\/\\\/shopatoa.com\\\/ro\\\/bareminerals-rimel-pentru-volum-lashtopia-mega-volume-mineral-based-mascara-12-ml-black\\\/\",\"name\":\"bareMinerals Rimel pentru volum Lashtopia (Mega Volume Mineral-Based Mascara) 12 ml Black - SHOPATOA.COM\",\"isPartOf\":{\"@id\":\"https:\\\/\\\/shopatoa.com\\\/ro\\\/#website\"},\"primaryImageOfPage\":{\"@id\":\"https:\\\/\\\/shopatoa.com\\\/ro\\\/bareminerals-rimel-pentru-volum-lashtopia-mega-volume-mineral-based-mascara-12-ml-black\\\/#primaryimage\"},\"image\":{\"@id\":\"https:\\\/\\\/shopatoa.com\\\/ro\\\/bareminerals-rimel-pentru-volum-lashtopia-mega-volume-mineral-based-mascara-12-ml-black\\\/#primaryimage\"},\"thumbnailUrl\":\"https:\\\/\\\/storage.googleapis.com\\\/cz-shopatoa-img\\\/ro\\\/c143a258-unnamed-file.webp\",\"datePublished\":\"2025-04-26T14:21:31+00:00\",\"dateModified\":\"2025-05-16T16:48:26+00:00\",\"breadcrumb\":{\"@id\":\"https:\\\/\\\/shopatoa.com\\\/ro\\\/bareminerals-rimel-pentru-volum-lashtopia-mega-volume-mineral-based-mascara-12-ml-black\\\/#breadcrumb\"},\"inLanguage\":\"ro-RO\",\"potentialAction\":[{\"@type\":\"ReadAction\",\"target\":[\"https:\\\/\\\/shopatoa.com\\\/ro\\\/bareminerals-rimel-pentru-volum-lashtopia-mega-volume-mineral-based-mascara-12-ml-black\\\/\"]}]},{\"@type\":\"ImageObject\",\"inLanguage\":\"ro-RO\",\"@id\":\"https:\\\/\\\/shopatoa.com\\\/ro\\\/bareminerals-rimel-pentru-volum-lashtopia-mega-volume-mineral-based-mascara-12-ml-black\\\/#primaryimage\",\"url\":\"https:\\\/\\\/storage.googleapis.com\\\/cz-shopatoa-img\\\/ro\\\/c143a258-unnamed-file.webp\",\"contentUrl\":\"https:\\\/\\\/storage.googleapis.com\\\/cz-shopatoa-img\\\/ro\\\/c143a258-unnamed-file.webp\",\"width\":800,\"height\":800},{\"@type\":\"BreadcrumbList\",\"@id\":\"https:\\\/\\\/shopatoa.com\\\/ro\\\/bareminerals-rimel-pentru-volum-lashtopia-mega-volume-mineral-based-mascara-12-ml-black\\\/#breadcrumb\",\"itemListElement\":[{\"@type\":\"ListItem\",\"position\":1,\"name\":\"Dom\u016f\",\"item\":\"https:\\\/\\\/shopatoa.com\\\/ro\\\/\"},{\"@type\":\"ListItem\",\"position\":2,\"name\":\"Shop\",\"item\":\"https:\\\/\\\/shopatoa.com\\\/ro\\\/shop\\\/\"},{\"@type\":\"ListItem\",\"position\":3,\"name\":\"Cosmetice\",\"item\":\"https:\\\/\\\/shopatoa.com\\\/ro\\\/cosmetice\\\/\"},{\"@type\":\"ListItem\",\"position\":4,\"name\":\"Cosmetice decorative\",\"item\":\"https:\\\/\\\/shopatoa.com\\\/ro\\\/cosmetice-decorative\\\/\"},{\"@type\":\"ListItem\",\"position\":5,\"name\":\"Machiaj pentru ochi\",\"item\":\"https:\\\/\\\/shopatoa.com\\\/ro\\\/machiaj-pentru-ochi\\\/\"},{\"@type\":\"ListItem\",\"position\":6,\"name\":\"Rimele\",\"item\":\"https:\\\/\\\/shopatoa.com\\\/ro\\\/rimele\\\/\"},{\"@type\":\"ListItem\",\"position\":7,\"name\":\"bareMinerals Rimel pentru volum Lashtopia (Mega Volume Mineral-Based Mascara) 12 ml Black\"}]},{\"@type\":\"WebSite\",\"@id\":\"https:\\\/\\\/shopatoa.com\\\/ro\\\/#website\",\"url\":\"https:\\\/\\\/shopatoa.com\\\/ro\\\/\",\"name\":\"SHOPATOA\",\"description\":\"\",\"publisher\":{\"@id\":\"https:\\\/\\\/shopatoa.com\\\/ro\\\/#organization\"},\"potentialAction\":[{\"@type\":\"SearchAction\",\"target\":{\"@type\":\"EntryPoint\",\"urlTemplate\":\"https:\\\/\\\/shopatoa.com\\\/ro\\\/?s={search_term_string}\"},\"query-input\":{\"@type\":\"PropertyValueSpecification\",\"valueRequired\":true,\"valueName\":\"search_term_string\"}}],\"inLanguage\":\"ro-RO\"},{\"@type\":\"Organization\",\"@id\":\"https:\\\/\\\/shopatoa.com\\\/ro\\\/#organization\",\"name\":\"SHOPATOA\",\"url\":\"https:\\\/\\\/shopatoa.com\\\/ro\\\/\",\"logo\":{\"@type\":\"ImageObject\",\"inLanguage\":\"ro-RO\",\"@id\":\"https:\\\/\\\/shopatoa.com\\\/ro\\\/#\\\/schema\\\/logo\\\/image\\\/\",\"url\":\"https:\\\/\\\/storage.googleapis.com\\\/cz-shopatoa-img\\\/ro\\\/b4dac915-shopatoa_logo.png\",\"contentUrl\":\"https:\\\/\\\/storage.googleapis.com\\\/cz-shopatoa-img\\\/ro\\\/b4dac915-shopatoa_logo.png\",\"width\":416,\"height\":63,\"caption\":\"SHOPATOA\"},\"image\":{\"@id\":\"https:\\\/\\\/shopatoa.com\\\/ro\\\/#\\\/schema\\\/logo\\\/image\\\/\"}}]}<\/script>\n<!-- \/ Yoast SEO plugin. -->","yoast_head_json":{"title":"bareMinerals Rimel pentru volum Lashtopia (Mega Volume Mineral-Based Mascara) 12 ml Black - SHOPATOA.COM","robots":{"index":"index","follow":"follow","max-snippet":"max-snippet:-1","max-image-preview":"max-image-preview:large","max-video-preview":"max-video-preview:-1"},"canonical":"https:\/\/shopatoa.com\/ro\/bareminerals-rimel-pentru-volum-lashtopia-mega-volume-mineral-based-mascara-12-ml-black\/","og_locale":"ro_RO","og_type":"article","og_title":"bareMinerals Rimel pentru volum Lashtopia (Mega Volume Mineral-Based Mascara) 12 ml Black - SHOPATOA.COM","og_description":"Rimelul mineral va oferi genelor volum intens. Textura sa u\u0219oar\u0103 permite stratificarea u\u0219oar\u0103 f\u0103r\u0103 a o \u00eengreuna \u00een timp ce define\u0219te fiecare gean\u0103 \u00een parte. Formula este \u00eembog\u0103\u021bit\u0103 cu minerale hr\u0103nitoare \u0219i ingrediente hidratante care \u00eent\u0103resc genele \u0219i le men\u021bin moi. O perie special\u0103 cu peste 600 de peri aplic\u0103 uniform culoarea de la r\u0103d\u0103cini...","og_url":"https:\/\/shopatoa.com\/ro\/bareminerals-rimel-pentru-volum-lashtopia-mega-volume-mineral-based-mascara-12-ml-black\/","og_site_name":"SHOPATOA","article_modified_time":"2025-05-16T16:48:26+00:00","og_image":[{"width":800,"height":800,"url":"https:\/\/storage.googleapis.com\/cz-shopatoa-img\/ro\/c143a258-unnamed-file.webp","type":"image\/webp"}],"twitter_card":"summary_large_image","schema":{"@context":"https:\/\/schema.org","@graph":[{"@type":"WebPage","@id":"https:\/\/shopatoa.com\/ro\/bareminerals-rimel-pentru-volum-lashtopia-mega-volume-mineral-based-mascara-12-ml-black\/","url":"https:\/\/shopatoa.com\/ro\/bareminerals-rimel-pentru-volum-lashtopia-mega-volume-mineral-based-mascara-12-ml-black\/","name":"bareMinerals Rimel pentru volum Lashtopia (Mega Volume Mineral-Based Mascara) 12 ml Black - SHOPATOA.COM","isPartOf":{"@id":"https:\/\/shopatoa.com\/ro\/#website"},"primaryImageOfPage":{"@id":"https:\/\/shopatoa.com\/ro\/bareminerals-rimel-pentru-volum-lashtopia-mega-volume-mineral-based-mascara-12-ml-black\/#primaryimage"},"image":{"@id":"https:\/\/shopatoa.com\/ro\/bareminerals-rimel-pentru-volum-lashtopia-mega-volume-mineral-based-mascara-12-ml-black\/#primaryimage"},"thumbnailUrl":"https:\/\/storage.googleapis.com\/cz-shopatoa-img\/ro\/c143a258-unnamed-file.webp","datePublished":"2025-04-26T14:21:31+00:00","dateModified":"2025-05-16T16:48:26+00:00","breadcrumb":{"@id":"https:\/\/shopatoa.com\/ro\/bareminerals-rimel-pentru-volum-lashtopia-mega-volume-mineral-based-mascara-12-ml-black\/#breadcrumb"},"inLanguage":"ro-RO","potentialAction":[{"@type":"ReadAction","target":["https:\/\/shopatoa.com\/ro\/bareminerals-rimel-pentru-volum-lashtopia-mega-volume-mineral-based-mascara-12-ml-black\/"]}]},{"@type":"ImageObject","inLanguage":"ro-RO","@id":"https:\/\/shopatoa.com\/ro\/bareminerals-rimel-pentru-volum-lashtopia-mega-volume-mineral-based-mascara-12-ml-black\/#primaryimage","url":"https:\/\/storage.googleapis.com\/cz-shopatoa-img\/ro\/c143a258-unnamed-file.webp","contentUrl":"https:\/\/storage.googleapis.com\/cz-shopatoa-img\/ro\/c143a258-unnamed-file.webp","width":800,"height":800},{"@type":"BreadcrumbList","@id":"https:\/\/shopatoa.com\/ro\/bareminerals-rimel-pentru-volum-lashtopia-mega-volume-mineral-based-mascara-12-ml-black\/#breadcrumb","itemListElement":[{"@type":"ListItem","position":1,"name":"Dom\u016f","item":"https:\/\/shopatoa.com\/ro\/"},{"@type":"ListItem","position":2,"name":"Shop","item":"https:\/\/shopatoa.com\/ro\/shop\/"},{"@type":"ListItem","position":3,"name":"Cosmetice","item":"https:\/\/shopatoa.com\/ro\/cosmetice\/"},{"@type":"ListItem","position":4,"name":"Cosmetice decorative","item":"https:\/\/shopatoa.com\/ro\/cosmetice-decorative\/"},{"@type":"ListItem","position":5,"name":"Machiaj pentru ochi","item":"https:\/\/shopatoa.com\/ro\/machiaj-pentru-ochi\/"},{"@type":"ListItem","position":6,"name":"Rimele","item":"https:\/\/shopatoa.com\/ro\/rimele\/"},{"@type":"ListItem","position":7,"name":"bareMinerals Rimel pentru volum Lashtopia (Mega Volume Mineral-Based Mascara) 12 ml Black"}]},{"@type":"WebSite","@id":"https:\/\/shopatoa.com\/ro\/#website","url":"https:\/\/shopatoa.com\/ro\/","name":"SHOPATOA","description":"","publisher":{"@id":"https:\/\/shopatoa.com\/ro\/#organization"},"potentialAction":[{"@type":"SearchAction","target":{"@type":"EntryPoint","urlTemplate":"https:\/\/shopatoa.com\/ro\/?s={search_term_string}"},"query-input":{"@type":"PropertyValueSpecification","valueRequired":true,"valueName":"search_term_string"}}],"inLanguage":"ro-RO"},{"@type":"Organization","@id":"https:\/\/shopatoa.com\/ro\/#organization","name":"SHOPATOA","url":"https:\/\/shopatoa.com\/ro\/","logo":{"@type":"ImageObject","inLanguage":"ro-RO","@id":"https:\/\/shopatoa.com\/ro\/#\/schema\/logo\/image\/","url":"https:\/\/storage.googleapis.com\/cz-shopatoa-img\/ro\/b4dac915-shopatoa_logo.png","contentUrl":"https:\/\/storage.googleapis.com\/cz-shopatoa-img\/ro\/b4dac915-shopatoa_logo.png","width":416,"height":63,"caption":"SHOPATOA"},"image":{"@id":"https:\/\/shopatoa.com\/ro\/#\/schema\/logo\/image\/"}}]}},"_links":{"self":[{"href":"https:\/\/shopatoa.com\/ro\/wp-json\/wp\/v2\/product\/258624","targetHints":{"allow":["GET"]}}],"collection":[{"href":"https:\/\/shopatoa.com\/ro\/wp-json\/wp\/v2\/product"}],"about":[{"href":"https:\/\/shopatoa.com\/ro\/wp-json\/wp\/v2\/types\/product"}],"replies":[{"embeddable":true,"href":"https:\/\/shopatoa.com\/ro\/wp-json\/wp\/v2\/comments?post=258624"}],"wp:featuredmedia":[{"embeddable":true,"href":"https:\/\/shopatoa.com\/ro\/wp-json\/wp\/v2\/media\/335152"}],"wp:attachment":[{"href":"https:\/\/shopatoa.com\/ro\/wp-json\/wp\/v2\/media?parent=258624"}],"wp:term":[{"taxonomy":"product_brand","embeddable":true,"href":"https:\/\/shopatoa.com\/ro\/wp-json\/wp\/v2\/product_brand?post=258624"},{"taxonomy":"product_cat","embeddable":true,"href":"https:\/\/shopatoa.com\/ro\/wp-json\/wp\/v2\/product_cat?post=258624"},{"taxonomy":"product_tag","embeddable":true,"href":"https:\/\/shopatoa.com\/ro\/wp-json\/wp\/v2\/product_tag?post=258624"}],"curies":[{"name":"wp","href":"https:\/\/api.w.org\/{rel}","templated":true}]}}