{"id":258684,"date":"2025-04-26T16:45:56","date_gmt":"2025-04-26T14:45:56","guid":{"rendered":"https:\/\/shopatoa.com\/ro\/lavera-rimel-pentru-volum-mai-mare-bio-volume-black-9-ml-neagra\/"},"modified":"2025-12-12T16:13:39","modified_gmt":"2025-12-12T15:13:39","slug":"lavera-rimel-pentru-volum-mai-mare-bio-volume-black-9-ml-neagra","status":"publish","type":"product","link":"https:\/\/shopatoa.com\/ro\/lavera-rimel-pentru-volum-mai-mare-bio-volume-black-9-ml-neagra\/","title":{"rendered":"Lavera Rimel pentru volum mai mare BIO (Volume Black) 9 ml Neagr\u0103"},"content":{"rendered":"<p>Cu rimelul pentru volum, pute\u021bi crea un aspect senzual \u0219i romantic. Peria cu form\u0103 special\u0103 separ\u0103 perfect genele \u0219i le subliniaz\u0103 volumul. Datorit\u0103 compozi\u021biei pur vegetale cu uleiuri atent selectate, genele arat\u0103 m\u0103t\u0103soase, pline \u0219i suple. Formula unic\u0103 non-iritant\u0103 care con\u021bine substan\u021be de \u00eengrijire protejeaz\u0103 structura genelor si nu se \u0219terge. Pentru a spori efectele rimelului, folosi\u021bi o baz\u0103 sub rimel. Pentru demachiere v\u0103 recomand\u0103m s\u0103 utiliza\u021bi produsul de demachiere pentru ochi.<\/p>\n","protected":false},"excerpt":{"rendered":"<p>Cu rimelul pentru volum, pute\u021bi crea un aspect senzual \u0219i romantic. Peria cu form\u0103 special\u0103 separ\u0103 perfect genele \u0219i le subliniaz\u0103 volumul. Datorit\u0103 compozi\u021biei pur vegetale cu uleiuri atent selectate, genele arat\u0103 m\u0103t\u0103soase, pline \u0219i suple. Formula unic\u0103 non-iritant\u0103 care con\u021bine substan\u021be de \u00eengrijire protejeaz\u0103 structura genelor si nu se \u0219terge. Pentru a spori efectele&#8230;<\/p>\n","protected":false},"featured_media":335211,"comment_status":"closed","ping_status":"open","template":"","meta":{"_acf_changed":false,"_kadence_starter_templates_imported_post":false,"_kad_post_transparent":"","_kad_post_title":"","_kad_post_layout":"","_kad_post_sidebar_id":"","_kad_post_content_style":"","_kad_post_vertical_padding":"","_kad_post_feature":"","_kad_post_feature_position":"","_kad_post_header":false,"_kad_post_footer":false,"_kad_post_classname":""},"product_brand":[339],"product_cat":[246,609,631,632],"product_tag":[],"class_list":{"0":"post-258684","1":"product","2":"type-product","3":"status-publish","4":"has-post-thumbnail","6":"product_brand-lavera","7":"product_cat-cosmetice","8":"product_cat-cosmetice-decorative","9":"product_cat-machiaj-pentru-ochi","10":"product_cat-rimele","12":"first","13":"instock","14":"product-type-external","15":"entry","16":"content-bg","17":"loop-entry"},"acf":[],"yoast_head":"<!-- This site is optimized with the Yoast SEO plugin v27.3 - https:\/\/yoast.com\/product\/yoast-seo-wordpress\/ -->\n<title>Lavera Rimel pentru volum mai mare BIO (Volume Black) 9 ml Neagr\u0103 - SHOPATOA.COM<\/title>\n<meta name=\"robots\" content=\"index, follow, max-snippet:-1, max-image-preview:large, max-video-preview:-1\" \/>\n<link rel=\"canonical\" href=\"https:\/\/shopatoa.com\/ro\/lavera-rimel-pentru-volum-mai-mare-bio-volume-black-9-ml-neagra\/\" \/>\n<meta property=\"og:locale\" content=\"ro_RO\" \/>\n<meta property=\"og:type\" content=\"article\" \/>\n<meta property=\"og:title\" content=\"Lavera Rimel pentru volum mai mare BIO (Volume Black) 9 ml Neagr\u0103 - SHOPATOA.COM\" \/>\n<meta property=\"og:description\" content=\"Cu rimelul pentru volum, pute\u021bi crea un aspect senzual \u0219i romantic. Peria cu form\u0103 special\u0103 separ\u0103 perfect genele \u0219i le subliniaz\u0103 volumul. Datorit\u0103 compozi\u021biei pur vegetale cu uleiuri atent selectate, genele arat\u0103 m\u0103t\u0103soase, pline \u0219i suple. Formula unic\u0103 non-iritant\u0103 care con\u021bine substan\u021be de \u00eengrijire protejeaz\u0103 structura genelor si nu se \u0219terge. Pentru a spori efectele...\" \/>\n<meta property=\"og:url\" content=\"https:\/\/shopatoa.com\/ro\/lavera-rimel-pentru-volum-mai-mare-bio-volume-black-9-ml-neagra\/\" \/>\n<meta property=\"og:site_name\" content=\"SHOPATOA\" \/>\n<meta property=\"article:modified_time\" content=\"2025-12-12T15:13:39+00:00\" \/>\n<meta property=\"og:image\" content=\"https:\/\/storage.googleapis.com\/cz-shopatoa-img\/ro\/0699acdd-unnamed-file.webp\" \/>\n\t<meta property=\"og:image:width\" content=\"800\" \/>\n\t<meta property=\"og:image:height\" content=\"800\" \/>\n\t<meta property=\"og:image:type\" content=\"image\/webp\" \/>\n<meta name=\"twitter:card\" content=\"summary_large_image\" \/>\n<script type=\"application\/ld+json\" class=\"yoast-schema-graph\">{\"@context\":\"https:\\\/\\\/schema.org\",\"@graph\":[{\"@type\":\"WebPage\",\"@id\":\"https:\\\/\\\/shopatoa.com\\\/ro\\\/lavera-rimel-pentru-volum-mai-mare-bio-volume-black-9-ml-neagra\\\/\",\"url\":\"https:\\\/\\\/shopatoa.com\\\/ro\\\/lavera-rimel-pentru-volum-mai-mare-bio-volume-black-9-ml-neagra\\\/\",\"name\":\"Lavera Rimel pentru volum mai mare BIO (Volume Black) 9 ml Neagr\u0103 - SHOPATOA.COM\",\"isPartOf\":{\"@id\":\"https:\\\/\\\/shopatoa.com\\\/ro\\\/#website\"},\"primaryImageOfPage\":{\"@id\":\"https:\\\/\\\/shopatoa.com\\\/ro\\\/lavera-rimel-pentru-volum-mai-mare-bio-volume-black-9-ml-neagra\\\/#primaryimage\"},\"image\":{\"@id\":\"https:\\\/\\\/shopatoa.com\\\/ro\\\/lavera-rimel-pentru-volum-mai-mare-bio-volume-black-9-ml-neagra\\\/#primaryimage\"},\"thumbnailUrl\":\"https:\\\/\\\/storage.googleapis.com\\\/cz-shopatoa-img\\\/ro\\\/0699acdd-unnamed-file.webp\",\"datePublished\":\"2025-04-26T14:45:56+00:00\",\"dateModified\":\"2025-12-12T15:13:39+00:00\",\"breadcrumb\":{\"@id\":\"https:\\\/\\\/shopatoa.com\\\/ro\\\/lavera-rimel-pentru-volum-mai-mare-bio-volume-black-9-ml-neagra\\\/#breadcrumb\"},\"inLanguage\":\"ro-RO\",\"potentialAction\":[{\"@type\":\"ReadAction\",\"target\":[\"https:\\\/\\\/shopatoa.com\\\/ro\\\/lavera-rimel-pentru-volum-mai-mare-bio-volume-black-9-ml-neagra\\\/\"]}]},{\"@type\":\"ImageObject\",\"inLanguage\":\"ro-RO\",\"@id\":\"https:\\\/\\\/shopatoa.com\\\/ro\\\/lavera-rimel-pentru-volum-mai-mare-bio-volume-black-9-ml-neagra\\\/#primaryimage\",\"url\":\"https:\\\/\\\/storage.googleapis.com\\\/cz-shopatoa-img\\\/ro\\\/0699acdd-unnamed-file.webp\",\"contentUrl\":\"https:\\\/\\\/storage.googleapis.com\\\/cz-shopatoa-img\\\/ro\\\/0699acdd-unnamed-file.webp\",\"width\":800,\"height\":800},{\"@type\":\"BreadcrumbList\",\"@id\":\"https:\\\/\\\/shopatoa.com\\\/ro\\\/lavera-rimel-pentru-volum-mai-mare-bio-volume-black-9-ml-neagra\\\/#breadcrumb\",\"itemListElement\":[{\"@type\":\"ListItem\",\"position\":1,\"name\":\"Dom\u016f\",\"item\":\"https:\\\/\\\/shopatoa.com\\\/ro\\\/\"},{\"@type\":\"ListItem\",\"position\":2,\"name\":\"Shop\",\"item\":\"https:\\\/\\\/shopatoa.com\\\/ro\\\/shop\\\/\"},{\"@type\":\"ListItem\",\"position\":3,\"name\":\"Cosmetice\",\"item\":\"https:\\\/\\\/shopatoa.com\\\/ro\\\/cosmetice\\\/\"},{\"@type\":\"ListItem\",\"position\":4,\"name\":\"Cosmetice decorative\",\"item\":\"https:\\\/\\\/shopatoa.com\\\/ro\\\/cosmetice-decorative\\\/\"},{\"@type\":\"ListItem\",\"position\":5,\"name\":\"Machiaj pentru ochi\",\"item\":\"https:\\\/\\\/shopatoa.com\\\/ro\\\/machiaj-pentru-ochi\\\/\"},{\"@type\":\"ListItem\",\"position\":6,\"name\":\"Rimele\",\"item\":\"https:\\\/\\\/shopatoa.com\\\/ro\\\/rimele\\\/\"},{\"@type\":\"ListItem\",\"position\":7,\"name\":\"Lavera Rimel pentru volum mai mare BIO (Volume Black) 9 ml Neagr\u0103\"}]},{\"@type\":\"WebSite\",\"@id\":\"https:\\\/\\\/shopatoa.com\\\/ro\\\/#website\",\"url\":\"https:\\\/\\\/shopatoa.com\\\/ro\\\/\",\"name\":\"SHOPATOA\",\"description\":\"\",\"publisher\":{\"@id\":\"https:\\\/\\\/shopatoa.com\\\/ro\\\/#organization\"},\"potentialAction\":[{\"@type\":\"SearchAction\",\"target\":{\"@type\":\"EntryPoint\",\"urlTemplate\":\"https:\\\/\\\/shopatoa.com\\\/ro\\\/?s={search_term_string}\"},\"query-input\":{\"@type\":\"PropertyValueSpecification\",\"valueRequired\":true,\"valueName\":\"search_term_string\"}}],\"inLanguage\":\"ro-RO\"},{\"@type\":\"Organization\",\"@id\":\"https:\\\/\\\/shopatoa.com\\\/ro\\\/#organization\",\"name\":\"SHOPATOA\",\"url\":\"https:\\\/\\\/shopatoa.com\\\/ro\\\/\",\"logo\":{\"@type\":\"ImageObject\",\"inLanguage\":\"ro-RO\",\"@id\":\"https:\\\/\\\/shopatoa.com\\\/ro\\\/#\\\/schema\\\/logo\\\/image\\\/\",\"url\":\"https:\\\/\\\/storage.googleapis.com\\\/cz-shopatoa-img\\\/ro\\\/b4dac915-shopatoa_logo.png\",\"contentUrl\":\"https:\\\/\\\/storage.googleapis.com\\\/cz-shopatoa-img\\\/ro\\\/b4dac915-shopatoa_logo.png\",\"width\":416,\"height\":63,\"caption\":\"SHOPATOA\"},\"image\":{\"@id\":\"https:\\\/\\\/shopatoa.com\\\/ro\\\/#\\\/schema\\\/logo\\\/image\\\/\"}}]}<\/script>\n<!-- \/ Yoast SEO plugin. -->","yoast_head_json":{"title":"Lavera Rimel pentru volum mai mare BIO (Volume Black) 9 ml Neagr\u0103 - SHOPATOA.COM","robots":{"index":"index","follow":"follow","max-snippet":"max-snippet:-1","max-image-preview":"max-image-preview:large","max-video-preview":"max-video-preview:-1"},"canonical":"https:\/\/shopatoa.com\/ro\/lavera-rimel-pentru-volum-mai-mare-bio-volume-black-9-ml-neagra\/","og_locale":"ro_RO","og_type":"article","og_title":"Lavera Rimel pentru volum mai mare BIO (Volume Black) 9 ml Neagr\u0103 - SHOPATOA.COM","og_description":"Cu rimelul pentru volum, pute\u021bi crea un aspect senzual \u0219i romantic. Peria cu form\u0103 special\u0103 separ\u0103 perfect genele \u0219i le subliniaz\u0103 volumul. Datorit\u0103 compozi\u021biei pur vegetale cu uleiuri atent selectate, genele arat\u0103 m\u0103t\u0103soase, pline \u0219i suple. Formula unic\u0103 non-iritant\u0103 care con\u021bine substan\u021be de \u00eengrijire protejeaz\u0103 structura genelor si nu se \u0219terge. Pentru a spori efectele...","og_url":"https:\/\/shopatoa.com\/ro\/lavera-rimel-pentru-volum-mai-mare-bio-volume-black-9-ml-neagra\/","og_site_name":"SHOPATOA","article_modified_time":"2025-12-12T15:13:39+00:00","og_image":[{"width":800,"height":800,"url":"https:\/\/storage.googleapis.com\/cz-shopatoa-img\/ro\/0699acdd-unnamed-file.webp","type":"image\/webp"}],"twitter_card":"summary_large_image","schema":{"@context":"https:\/\/schema.org","@graph":[{"@type":"WebPage","@id":"https:\/\/shopatoa.com\/ro\/lavera-rimel-pentru-volum-mai-mare-bio-volume-black-9-ml-neagra\/","url":"https:\/\/shopatoa.com\/ro\/lavera-rimel-pentru-volum-mai-mare-bio-volume-black-9-ml-neagra\/","name":"Lavera Rimel pentru volum mai mare BIO (Volume Black) 9 ml Neagr\u0103 - SHOPATOA.COM","isPartOf":{"@id":"https:\/\/shopatoa.com\/ro\/#website"},"primaryImageOfPage":{"@id":"https:\/\/shopatoa.com\/ro\/lavera-rimel-pentru-volum-mai-mare-bio-volume-black-9-ml-neagra\/#primaryimage"},"image":{"@id":"https:\/\/shopatoa.com\/ro\/lavera-rimel-pentru-volum-mai-mare-bio-volume-black-9-ml-neagra\/#primaryimage"},"thumbnailUrl":"https:\/\/storage.googleapis.com\/cz-shopatoa-img\/ro\/0699acdd-unnamed-file.webp","datePublished":"2025-04-26T14:45:56+00:00","dateModified":"2025-12-12T15:13:39+00:00","breadcrumb":{"@id":"https:\/\/shopatoa.com\/ro\/lavera-rimel-pentru-volum-mai-mare-bio-volume-black-9-ml-neagra\/#breadcrumb"},"inLanguage":"ro-RO","potentialAction":[{"@type":"ReadAction","target":["https:\/\/shopatoa.com\/ro\/lavera-rimel-pentru-volum-mai-mare-bio-volume-black-9-ml-neagra\/"]}]},{"@type":"ImageObject","inLanguage":"ro-RO","@id":"https:\/\/shopatoa.com\/ro\/lavera-rimel-pentru-volum-mai-mare-bio-volume-black-9-ml-neagra\/#primaryimage","url":"https:\/\/storage.googleapis.com\/cz-shopatoa-img\/ro\/0699acdd-unnamed-file.webp","contentUrl":"https:\/\/storage.googleapis.com\/cz-shopatoa-img\/ro\/0699acdd-unnamed-file.webp","width":800,"height":800},{"@type":"BreadcrumbList","@id":"https:\/\/shopatoa.com\/ro\/lavera-rimel-pentru-volum-mai-mare-bio-volume-black-9-ml-neagra\/#breadcrumb","itemListElement":[{"@type":"ListItem","position":1,"name":"Dom\u016f","item":"https:\/\/shopatoa.com\/ro\/"},{"@type":"ListItem","position":2,"name":"Shop","item":"https:\/\/shopatoa.com\/ro\/shop\/"},{"@type":"ListItem","position":3,"name":"Cosmetice","item":"https:\/\/shopatoa.com\/ro\/cosmetice\/"},{"@type":"ListItem","position":4,"name":"Cosmetice decorative","item":"https:\/\/shopatoa.com\/ro\/cosmetice-decorative\/"},{"@type":"ListItem","position":5,"name":"Machiaj pentru ochi","item":"https:\/\/shopatoa.com\/ro\/machiaj-pentru-ochi\/"},{"@type":"ListItem","position":6,"name":"Rimele","item":"https:\/\/shopatoa.com\/ro\/rimele\/"},{"@type":"ListItem","position":7,"name":"Lavera Rimel pentru volum mai mare BIO (Volume Black) 9 ml Neagr\u0103"}]},{"@type":"WebSite","@id":"https:\/\/shopatoa.com\/ro\/#website","url":"https:\/\/shopatoa.com\/ro\/","name":"SHOPATOA","description":"","publisher":{"@id":"https:\/\/shopatoa.com\/ro\/#organization"},"potentialAction":[{"@type":"SearchAction","target":{"@type":"EntryPoint","urlTemplate":"https:\/\/shopatoa.com\/ro\/?s={search_term_string}"},"query-input":{"@type":"PropertyValueSpecification","valueRequired":true,"valueName":"search_term_string"}}],"inLanguage":"ro-RO"},{"@type":"Organization","@id":"https:\/\/shopatoa.com\/ro\/#organization","name":"SHOPATOA","url":"https:\/\/shopatoa.com\/ro\/","logo":{"@type":"ImageObject","inLanguage":"ro-RO","@id":"https:\/\/shopatoa.com\/ro\/#\/schema\/logo\/image\/","url":"https:\/\/storage.googleapis.com\/cz-shopatoa-img\/ro\/b4dac915-shopatoa_logo.png","contentUrl":"https:\/\/storage.googleapis.com\/cz-shopatoa-img\/ro\/b4dac915-shopatoa_logo.png","width":416,"height":63,"caption":"SHOPATOA"},"image":{"@id":"https:\/\/shopatoa.com\/ro\/#\/schema\/logo\/image\/"}}]}},"_links":{"self":[{"href":"https:\/\/shopatoa.com\/ro\/wp-json\/wp\/v2\/product\/258684","targetHints":{"allow":["GET"]}}],"collection":[{"href":"https:\/\/shopatoa.com\/ro\/wp-json\/wp\/v2\/product"}],"about":[{"href":"https:\/\/shopatoa.com\/ro\/wp-json\/wp\/v2\/types\/product"}],"replies":[{"embeddable":true,"href":"https:\/\/shopatoa.com\/ro\/wp-json\/wp\/v2\/comments?post=258684"}],"wp:featuredmedia":[{"embeddable":true,"href":"https:\/\/shopatoa.com\/ro\/wp-json\/wp\/v2\/media\/335211"}],"wp:attachment":[{"href":"https:\/\/shopatoa.com\/ro\/wp-json\/wp\/v2\/media?parent=258684"}],"wp:term":[{"taxonomy":"product_brand","embeddable":true,"href":"https:\/\/shopatoa.com\/ro\/wp-json\/wp\/v2\/product_brand?post=258684"},{"taxonomy":"product_cat","embeddable":true,"href":"https:\/\/shopatoa.com\/ro\/wp-json\/wp\/v2\/product_cat?post=258684"},{"taxonomy":"product_tag","embeddable":true,"href":"https:\/\/shopatoa.com\/ro\/wp-json\/wp\/v2\/product_tag?post=258684"}],"curies":[{"name":"wp","href":"https:\/\/api.w.org\/{rel}","templated":true}]}}