{"id":258862,"date":"2025-04-26T17:55:44","date_gmt":"2025-04-26T15:55:44","guid":{"rendered":"https:\/\/shopatoa.com\/ro\/bareminerals-eyeliner-maximint-liquid-eyeliner-4-ml-black\/"},"modified":"2025-12-09T14:23:02","modified_gmt":"2025-12-09T13:23:02","slug":"bareminerals-eyeliner-maximint-liquid-eyeliner-4-ml-black","status":"publish","type":"product","link":"https:\/\/shopatoa.com\/ro\/bareminerals-eyeliner-maximint-liquid-eyeliner-4-ml-black\/","title":{"rendered":"bareMinerals Eyeliner Maximint (Liquid Eyeliner) 4 ml Black"},"content":{"rendered":"<p>Eyelinerul lichid ofer\u0103 o culoare negru intens \u0219i o rezisten\u021b\u0103 de lung\u0103 durat\u0103 f\u0103r\u0103 s\u0103 se \u00eentind\u0103. Pensula flexibil\u0103 v\u0103 permite s\u0103 crea\u021bi linii sub\u021biri precise \u0219i un machiaj dramatic. Datorit\u0103 formulei cu complex de microalge, \u00eent\u0103re\u0219te \u0219i hr\u0103ne\u0219te genele la r\u0103d\u0103cin\u0103. Este testat oftalmologic, potrivit pentru ochii sensibili \u0219i pentru purt\u0103torii de lentile de contact.<\/p>\n","protected":false},"excerpt":{"rendered":"<p>Eyelinerul lichid ofer\u0103 o culoare negru intens \u0219i o rezisten\u021b\u0103 de lung\u0103 durat\u0103 f\u0103r\u0103 s\u0103 se \u00eentind\u0103. Pensula flexibil\u0103 v\u0103 permite s\u0103 crea\u021bi linii sub\u021biri precise \u0219i un machiaj dramatic. Datorit\u0103 formulei cu complex de microalge, \u00eent\u0103re\u0219te \u0219i hr\u0103ne\u0219te genele la r\u0103d\u0103cin\u0103. Este testat oftalmologic, potrivit pentru ochii sensibili \u0219i pentru purt\u0103torii de lentile de&#8230;<\/p>\n","protected":false},"featured_media":335388,"comment_status":"closed","ping_status":"open","template":"","meta":{"_acf_changed":false,"_kadence_starter_templates_imported_post":false,"_kad_post_transparent":"","_kad_post_title":"","_kad_post_layout":"","_kad_post_sidebar_id":"","_kad_post_content_style":"","_kad_post_vertical_padding":"","_kad_post_feature":"","_kad_post_feature_position":"","_kad_post_header":false,"_kad_post_footer":false,"_kad_post_classname":""},"product_brand":[599],"product_cat":[246,609,720,631],"product_tag":[],"class_list":{"0":"post-258862","1":"product","2":"type-product","3":"status-publish","4":"has-post-thumbnail","6":"product_brand-bareminerals","7":"product_cat-cosmetice","8":"product_cat-cosmetice-decorative","9":"product_cat-eyeliner","10":"product_cat-machiaj-pentru-ochi","12":"first","13":"instock","14":"product-type-external","15":"entry","16":"content-bg","17":"loop-entry"},"acf":[],"yoast_head":"<!-- This site is optimized with the Yoast SEO plugin v27.3 - https:\/\/yoast.com\/product\/yoast-seo-wordpress\/ -->\n<title>bareMinerals Eyeliner Maximint (Liquid Eyeliner) 4 ml Black - SHOPATOA.COM<\/title>\n<meta name=\"robots\" content=\"index, follow, max-snippet:-1, max-image-preview:large, max-video-preview:-1\" \/>\n<link rel=\"canonical\" href=\"https:\/\/shopatoa.com\/ro\/bareminerals-eyeliner-maximint-liquid-eyeliner-4-ml-black\/\" \/>\n<meta property=\"og:locale\" content=\"ro_RO\" \/>\n<meta property=\"og:type\" content=\"article\" \/>\n<meta property=\"og:title\" content=\"bareMinerals Eyeliner Maximint (Liquid Eyeliner) 4 ml Black - SHOPATOA.COM\" \/>\n<meta property=\"og:description\" content=\"Eyelinerul lichid ofer\u0103 o culoare negru intens \u0219i o rezisten\u021b\u0103 de lung\u0103 durat\u0103 f\u0103r\u0103 s\u0103 se \u00eentind\u0103. Pensula flexibil\u0103 v\u0103 permite s\u0103 crea\u021bi linii sub\u021biri precise \u0219i un machiaj dramatic. Datorit\u0103 formulei cu complex de microalge, \u00eent\u0103re\u0219te \u0219i hr\u0103ne\u0219te genele la r\u0103d\u0103cin\u0103. Este testat oftalmologic, potrivit pentru ochii sensibili \u0219i pentru purt\u0103torii de lentile de...\" \/>\n<meta property=\"og:url\" content=\"https:\/\/shopatoa.com\/ro\/bareminerals-eyeliner-maximint-liquid-eyeliner-4-ml-black\/\" \/>\n<meta property=\"og:site_name\" content=\"SHOPATOA\" \/>\n<meta property=\"article:modified_time\" content=\"2025-12-09T13:23:02+00:00\" \/>\n<meta property=\"og:image\" content=\"https:\/\/storage.googleapis.com\/cz-shopatoa-img\/ro\/a5d413a5-unnamed-file.webp\" \/>\n\t<meta property=\"og:image:width\" content=\"800\" \/>\n\t<meta property=\"og:image:height\" content=\"800\" \/>\n\t<meta property=\"og:image:type\" content=\"image\/webp\" \/>\n<meta name=\"twitter:card\" content=\"summary_large_image\" \/>\n<script type=\"application\/ld+json\" class=\"yoast-schema-graph\">{\"@context\":\"https:\\\/\\\/schema.org\",\"@graph\":[{\"@type\":\"WebPage\",\"@id\":\"https:\\\/\\\/shopatoa.com\\\/ro\\\/bareminerals-eyeliner-maximint-liquid-eyeliner-4-ml-black\\\/\",\"url\":\"https:\\\/\\\/shopatoa.com\\\/ro\\\/bareminerals-eyeliner-maximint-liquid-eyeliner-4-ml-black\\\/\",\"name\":\"bareMinerals Eyeliner Maximint (Liquid Eyeliner) 4 ml Black - SHOPATOA.COM\",\"isPartOf\":{\"@id\":\"https:\\\/\\\/shopatoa.com\\\/ro\\\/#website\"},\"primaryImageOfPage\":{\"@id\":\"https:\\\/\\\/shopatoa.com\\\/ro\\\/bareminerals-eyeliner-maximint-liquid-eyeliner-4-ml-black\\\/#primaryimage\"},\"image\":{\"@id\":\"https:\\\/\\\/shopatoa.com\\\/ro\\\/bareminerals-eyeliner-maximint-liquid-eyeliner-4-ml-black\\\/#primaryimage\"},\"thumbnailUrl\":\"https:\\\/\\\/storage.googleapis.com\\\/cz-shopatoa-img\\\/ro\\\/a5d413a5-unnamed-file.webp\",\"datePublished\":\"2025-04-26T15:55:44+00:00\",\"dateModified\":\"2025-12-09T13:23:02+00:00\",\"breadcrumb\":{\"@id\":\"https:\\\/\\\/shopatoa.com\\\/ro\\\/bareminerals-eyeliner-maximint-liquid-eyeliner-4-ml-black\\\/#breadcrumb\"},\"inLanguage\":\"ro-RO\",\"potentialAction\":[{\"@type\":\"ReadAction\",\"target\":[\"https:\\\/\\\/shopatoa.com\\\/ro\\\/bareminerals-eyeliner-maximint-liquid-eyeliner-4-ml-black\\\/\"]}]},{\"@type\":\"ImageObject\",\"inLanguage\":\"ro-RO\",\"@id\":\"https:\\\/\\\/shopatoa.com\\\/ro\\\/bareminerals-eyeliner-maximint-liquid-eyeliner-4-ml-black\\\/#primaryimage\",\"url\":\"https:\\\/\\\/storage.googleapis.com\\\/cz-shopatoa-img\\\/ro\\\/a5d413a5-unnamed-file.webp\",\"contentUrl\":\"https:\\\/\\\/storage.googleapis.com\\\/cz-shopatoa-img\\\/ro\\\/a5d413a5-unnamed-file.webp\",\"width\":800,\"height\":800},{\"@type\":\"BreadcrumbList\",\"@id\":\"https:\\\/\\\/shopatoa.com\\\/ro\\\/bareminerals-eyeliner-maximint-liquid-eyeliner-4-ml-black\\\/#breadcrumb\",\"itemListElement\":[{\"@type\":\"ListItem\",\"position\":1,\"name\":\"Dom\u016f\",\"item\":\"https:\\\/\\\/shopatoa.com\\\/ro\\\/\"},{\"@type\":\"ListItem\",\"position\":2,\"name\":\"Shop\",\"item\":\"https:\\\/\\\/shopatoa.com\\\/ro\\\/shop\\\/\"},{\"@type\":\"ListItem\",\"position\":3,\"name\":\"Cosmetice\",\"item\":\"https:\\\/\\\/shopatoa.com\\\/ro\\\/cosmetice\\\/\"},{\"@type\":\"ListItem\",\"position\":4,\"name\":\"Cosmetice decorative\",\"item\":\"https:\\\/\\\/shopatoa.com\\\/ro\\\/cosmetice-decorative\\\/\"},{\"@type\":\"ListItem\",\"position\":5,\"name\":\"Machiaj pentru ochi\",\"item\":\"https:\\\/\\\/shopatoa.com\\\/ro\\\/machiaj-pentru-ochi\\\/\"},{\"@type\":\"ListItem\",\"position\":6,\"name\":\"Eyeliner\",\"item\":\"https:\\\/\\\/shopatoa.com\\\/ro\\\/eyeliner\\\/\"},{\"@type\":\"ListItem\",\"position\":7,\"name\":\"bareMinerals Eyeliner Maximint (Liquid Eyeliner) 4 ml Black\"}]},{\"@type\":\"WebSite\",\"@id\":\"https:\\\/\\\/shopatoa.com\\\/ro\\\/#website\",\"url\":\"https:\\\/\\\/shopatoa.com\\\/ro\\\/\",\"name\":\"SHOPATOA\",\"description\":\"\",\"publisher\":{\"@id\":\"https:\\\/\\\/shopatoa.com\\\/ro\\\/#organization\"},\"potentialAction\":[{\"@type\":\"SearchAction\",\"target\":{\"@type\":\"EntryPoint\",\"urlTemplate\":\"https:\\\/\\\/shopatoa.com\\\/ro\\\/?s={search_term_string}\"},\"query-input\":{\"@type\":\"PropertyValueSpecification\",\"valueRequired\":true,\"valueName\":\"search_term_string\"}}],\"inLanguage\":\"ro-RO\"},{\"@type\":\"Organization\",\"@id\":\"https:\\\/\\\/shopatoa.com\\\/ro\\\/#organization\",\"name\":\"SHOPATOA\",\"url\":\"https:\\\/\\\/shopatoa.com\\\/ro\\\/\",\"logo\":{\"@type\":\"ImageObject\",\"inLanguage\":\"ro-RO\",\"@id\":\"https:\\\/\\\/shopatoa.com\\\/ro\\\/#\\\/schema\\\/logo\\\/image\\\/\",\"url\":\"https:\\\/\\\/storage.googleapis.com\\\/cz-shopatoa-img\\\/ro\\\/b4dac915-shopatoa_logo.png\",\"contentUrl\":\"https:\\\/\\\/storage.googleapis.com\\\/cz-shopatoa-img\\\/ro\\\/b4dac915-shopatoa_logo.png\",\"width\":416,\"height\":63,\"caption\":\"SHOPATOA\"},\"image\":{\"@id\":\"https:\\\/\\\/shopatoa.com\\\/ro\\\/#\\\/schema\\\/logo\\\/image\\\/\"}}]}<\/script>\n<!-- \/ Yoast SEO plugin. -->","yoast_head_json":{"title":"bareMinerals Eyeliner Maximint (Liquid Eyeliner) 4 ml Black - SHOPATOA.COM","robots":{"index":"index","follow":"follow","max-snippet":"max-snippet:-1","max-image-preview":"max-image-preview:large","max-video-preview":"max-video-preview:-1"},"canonical":"https:\/\/shopatoa.com\/ro\/bareminerals-eyeliner-maximint-liquid-eyeliner-4-ml-black\/","og_locale":"ro_RO","og_type":"article","og_title":"bareMinerals Eyeliner Maximint (Liquid Eyeliner) 4 ml Black - SHOPATOA.COM","og_description":"Eyelinerul lichid ofer\u0103 o culoare negru intens \u0219i o rezisten\u021b\u0103 de lung\u0103 durat\u0103 f\u0103r\u0103 s\u0103 se \u00eentind\u0103. Pensula flexibil\u0103 v\u0103 permite s\u0103 crea\u021bi linii sub\u021biri precise \u0219i un machiaj dramatic. Datorit\u0103 formulei cu complex de microalge, \u00eent\u0103re\u0219te \u0219i hr\u0103ne\u0219te genele la r\u0103d\u0103cin\u0103. Este testat oftalmologic, potrivit pentru ochii sensibili \u0219i pentru purt\u0103torii de lentile de...","og_url":"https:\/\/shopatoa.com\/ro\/bareminerals-eyeliner-maximint-liquid-eyeliner-4-ml-black\/","og_site_name":"SHOPATOA","article_modified_time":"2025-12-09T13:23:02+00:00","og_image":[{"width":800,"height":800,"url":"https:\/\/storage.googleapis.com\/cz-shopatoa-img\/ro\/a5d413a5-unnamed-file.webp","type":"image\/webp"}],"twitter_card":"summary_large_image","schema":{"@context":"https:\/\/schema.org","@graph":[{"@type":"WebPage","@id":"https:\/\/shopatoa.com\/ro\/bareminerals-eyeliner-maximint-liquid-eyeliner-4-ml-black\/","url":"https:\/\/shopatoa.com\/ro\/bareminerals-eyeliner-maximint-liquid-eyeliner-4-ml-black\/","name":"bareMinerals Eyeliner Maximint (Liquid Eyeliner) 4 ml Black - SHOPATOA.COM","isPartOf":{"@id":"https:\/\/shopatoa.com\/ro\/#website"},"primaryImageOfPage":{"@id":"https:\/\/shopatoa.com\/ro\/bareminerals-eyeliner-maximint-liquid-eyeliner-4-ml-black\/#primaryimage"},"image":{"@id":"https:\/\/shopatoa.com\/ro\/bareminerals-eyeliner-maximint-liquid-eyeliner-4-ml-black\/#primaryimage"},"thumbnailUrl":"https:\/\/storage.googleapis.com\/cz-shopatoa-img\/ro\/a5d413a5-unnamed-file.webp","datePublished":"2025-04-26T15:55:44+00:00","dateModified":"2025-12-09T13:23:02+00:00","breadcrumb":{"@id":"https:\/\/shopatoa.com\/ro\/bareminerals-eyeliner-maximint-liquid-eyeliner-4-ml-black\/#breadcrumb"},"inLanguage":"ro-RO","potentialAction":[{"@type":"ReadAction","target":["https:\/\/shopatoa.com\/ro\/bareminerals-eyeliner-maximint-liquid-eyeliner-4-ml-black\/"]}]},{"@type":"ImageObject","inLanguage":"ro-RO","@id":"https:\/\/shopatoa.com\/ro\/bareminerals-eyeliner-maximint-liquid-eyeliner-4-ml-black\/#primaryimage","url":"https:\/\/storage.googleapis.com\/cz-shopatoa-img\/ro\/a5d413a5-unnamed-file.webp","contentUrl":"https:\/\/storage.googleapis.com\/cz-shopatoa-img\/ro\/a5d413a5-unnamed-file.webp","width":800,"height":800},{"@type":"BreadcrumbList","@id":"https:\/\/shopatoa.com\/ro\/bareminerals-eyeliner-maximint-liquid-eyeliner-4-ml-black\/#breadcrumb","itemListElement":[{"@type":"ListItem","position":1,"name":"Dom\u016f","item":"https:\/\/shopatoa.com\/ro\/"},{"@type":"ListItem","position":2,"name":"Shop","item":"https:\/\/shopatoa.com\/ro\/shop\/"},{"@type":"ListItem","position":3,"name":"Cosmetice","item":"https:\/\/shopatoa.com\/ro\/cosmetice\/"},{"@type":"ListItem","position":4,"name":"Cosmetice decorative","item":"https:\/\/shopatoa.com\/ro\/cosmetice-decorative\/"},{"@type":"ListItem","position":5,"name":"Machiaj pentru ochi","item":"https:\/\/shopatoa.com\/ro\/machiaj-pentru-ochi\/"},{"@type":"ListItem","position":6,"name":"Eyeliner","item":"https:\/\/shopatoa.com\/ro\/eyeliner\/"},{"@type":"ListItem","position":7,"name":"bareMinerals Eyeliner Maximint (Liquid Eyeliner) 4 ml Black"}]},{"@type":"WebSite","@id":"https:\/\/shopatoa.com\/ro\/#website","url":"https:\/\/shopatoa.com\/ro\/","name":"SHOPATOA","description":"","publisher":{"@id":"https:\/\/shopatoa.com\/ro\/#organization"},"potentialAction":[{"@type":"SearchAction","target":{"@type":"EntryPoint","urlTemplate":"https:\/\/shopatoa.com\/ro\/?s={search_term_string}"},"query-input":{"@type":"PropertyValueSpecification","valueRequired":true,"valueName":"search_term_string"}}],"inLanguage":"ro-RO"},{"@type":"Organization","@id":"https:\/\/shopatoa.com\/ro\/#organization","name":"SHOPATOA","url":"https:\/\/shopatoa.com\/ro\/","logo":{"@type":"ImageObject","inLanguage":"ro-RO","@id":"https:\/\/shopatoa.com\/ro\/#\/schema\/logo\/image\/","url":"https:\/\/storage.googleapis.com\/cz-shopatoa-img\/ro\/b4dac915-shopatoa_logo.png","contentUrl":"https:\/\/storage.googleapis.com\/cz-shopatoa-img\/ro\/b4dac915-shopatoa_logo.png","width":416,"height":63,"caption":"SHOPATOA"},"image":{"@id":"https:\/\/shopatoa.com\/ro\/#\/schema\/logo\/image\/"}}]}},"_links":{"self":[{"href":"https:\/\/shopatoa.com\/ro\/wp-json\/wp\/v2\/product\/258862","targetHints":{"allow":["GET"]}}],"collection":[{"href":"https:\/\/shopatoa.com\/ro\/wp-json\/wp\/v2\/product"}],"about":[{"href":"https:\/\/shopatoa.com\/ro\/wp-json\/wp\/v2\/types\/product"}],"replies":[{"embeddable":true,"href":"https:\/\/shopatoa.com\/ro\/wp-json\/wp\/v2\/comments?post=258862"}],"wp:featuredmedia":[{"embeddable":true,"href":"https:\/\/shopatoa.com\/ro\/wp-json\/wp\/v2\/media\/335388"}],"wp:attachment":[{"href":"https:\/\/shopatoa.com\/ro\/wp-json\/wp\/v2\/media?parent=258862"}],"wp:term":[{"taxonomy":"product_brand","embeddable":true,"href":"https:\/\/shopatoa.com\/ro\/wp-json\/wp\/v2\/product_brand?post=258862"},{"taxonomy":"product_cat","embeddable":true,"href":"https:\/\/shopatoa.com\/ro\/wp-json\/wp\/v2\/product_cat?post=258862"},{"taxonomy":"product_tag","embeddable":true,"href":"https:\/\/shopatoa.com\/ro\/wp-json\/wp\/v2\/product_tag?post=258862"}],"curies":[{"name":"wp","href":"https:\/\/api.w.org\/{rel}","templated":true}]}}