{"id":258904,"date":"2025-04-26T18:11:38","date_gmt":"2025-04-26T16:11:38","guid":{"rendered":"https:\/\/shopatoa.com\/ro\/madara-lichid-de-echilibrare-acne-hydra-derm-balancing-fluid-40-ml\/"},"modified":"2025-12-12T13:42:45","modified_gmt":"2025-12-12T12:42:45","slug":"madara-lichid-de-echilibrare-acne-hydra-derm-balancing-fluid-40-ml","status":"publish","type":"product","link":"https:\/\/shopatoa.com\/ro\/madara-lichid-de-echilibrare-acne-hydra-derm-balancing-fluid-40-ml\/","title":{"rendered":"M\u00c1DARA Lichid de echilibrare Acne (Hydra-Derm Balancing Fluid) 40 ml"},"content":{"rendered":"<p>Aceast\u0103 solu\u021bie hidratant\u0103 u\u0219oar\u0103 ofer\u0103 o hidratare profund\u0103 \u0219i echilibrat\u0103. Prin urmare, v\u0103 va oferi un confort de lung\u0103 durat\u0103 \u0219i v\u0103 va ajuta la \u00eembun\u0103t\u0103\u021birea st\u0103rii pielii problematice. Ajut\u0103 la mic\u0219orarea porilor \u0219i la minimizarea apari\u021biei acneei. Con\u021bine acid hialuronic hidratant \u0219i polizaharide fermentate care regleaz\u0103 sebumul \u0219i echilibreaz\u0103 microbiomul pielii, l\u0103s\u00e2nd-o s\u0103 arate curat\u0103 \u0219i s\u0103n\u0103toas\u0103. Celulele stem de ienup\u0103r \u0219i extractele de ceai de lichen \u0219i mate au efecte calmante \u0219i antioxidante puternice. Produsul ac\u021bioneaz\u0103 \u00eempotriva acneei la adolescen\u021bi \u0219i adul\u021bi. Testat dermatologic, 100% origine natural\u0103, 9% organic.<\/p>\n","protected":false},"excerpt":{"rendered":"<p>Aceast\u0103 solu\u021bie hidratant\u0103 u\u0219oar\u0103 ofer\u0103 o hidratare profund\u0103 \u0219i echilibrat\u0103. Prin urmare, v\u0103 va oferi un confort de lung\u0103 durat\u0103 \u0219i v\u0103 va ajuta la \u00eembun\u0103t\u0103\u021birea st\u0103rii pielii problematice. Ajut\u0103 la mic\u0219orarea porilor \u0219i la minimizarea apari\u021biei acneei. Con\u021bine acid hialuronic hidratant \u0219i polizaharide fermentate care regleaz\u0103 sebumul \u0219i echilibreaz\u0103 microbiomul pielii, l\u0103s\u00e2nd-o s\u0103 arate&#8230;<\/p>\n","protected":false},"featured_media":335427,"comment_status":"closed","ping_status":"open","template":"","meta":{"_acf_changed":false,"_kadence_starter_templates_imported_post":false,"_kad_post_transparent":"","_kad_post_title":"","_kad_post_layout":"","_kad_post_sidebar_id":"","_kad_post_content_style":"","_kad_post_vertical_padding":"","_kad_post_feature":"","_kad_post_feature_position":"","_kad_post_header":false,"_kad_post_footer":false,"_kad_post_classname":""},"product_brand":[454],"product_cat":[246,713,634,633],"product_tag":[],"class_list":{"0":"post-258904","1":"product","2":"type-product","3":"status-publish","4":"has-post-thumbnail","6":"product_brand-madara","7":"product_cat-cosmetice","8":"product_cat-pori-dilatati-acnee","9":"product_cat-produse-cosmetice-de-ingrijire-a-pielii","10":"product_cat-produse-cosmetice-pentru-piele","12":"first","13":"instock","14":"product-type-external","15":"entry","16":"content-bg","17":"loop-entry"},"acf":[],"yoast_head":"<!-- This site is optimized with the Yoast SEO plugin v27.3 - https:\/\/yoast.com\/product\/yoast-seo-wordpress\/ -->\n<title>M\u00c1DARA Lichid de echilibrare Acne (Hydra-Derm Balancing Fluid) 40 ml - SHOPATOA.COM<\/title>\n<meta name=\"robots\" content=\"index, follow, max-snippet:-1, max-image-preview:large, max-video-preview:-1\" \/>\n<link rel=\"canonical\" href=\"https:\/\/shopatoa.com\/ro\/madara-lichid-de-echilibrare-acne-hydra-derm-balancing-fluid-40-ml\/\" \/>\n<meta property=\"og:locale\" content=\"ro_RO\" \/>\n<meta property=\"og:type\" content=\"article\" \/>\n<meta property=\"og:title\" content=\"M\u00c1DARA Lichid de echilibrare Acne (Hydra-Derm Balancing Fluid) 40 ml - SHOPATOA.COM\" \/>\n<meta property=\"og:description\" content=\"Aceast\u0103 solu\u021bie hidratant\u0103 u\u0219oar\u0103 ofer\u0103 o hidratare profund\u0103 \u0219i echilibrat\u0103. Prin urmare, v\u0103 va oferi un confort de lung\u0103 durat\u0103 \u0219i v\u0103 va ajuta la \u00eembun\u0103t\u0103\u021birea st\u0103rii pielii problematice. Ajut\u0103 la mic\u0219orarea porilor \u0219i la minimizarea apari\u021biei acneei. Con\u021bine acid hialuronic hidratant \u0219i polizaharide fermentate care regleaz\u0103 sebumul \u0219i echilibreaz\u0103 microbiomul pielii, l\u0103s\u00e2nd-o s\u0103 arate...\" \/>\n<meta property=\"og:url\" content=\"https:\/\/shopatoa.com\/ro\/madara-lichid-de-echilibrare-acne-hydra-derm-balancing-fluid-40-ml\/\" \/>\n<meta property=\"og:site_name\" content=\"SHOPATOA\" \/>\n<meta property=\"article:modified_time\" content=\"2025-12-12T12:42:45+00:00\" \/>\n<meta property=\"og:image\" content=\"https:\/\/storage.googleapis.com\/cz-shopatoa-img\/ro\/b994ccc7-unnamed-file.webp\" \/>\n\t<meta property=\"og:image:width\" content=\"800\" \/>\n\t<meta property=\"og:image:height\" content=\"800\" \/>\n\t<meta property=\"og:image:type\" content=\"image\/webp\" \/>\n<meta name=\"twitter:card\" content=\"summary_large_image\" \/>\n<meta name=\"twitter:label1\" content=\"Timp estimat pentru citire\" \/>\n\t<meta name=\"twitter:data1\" content=\"1 minut\" \/>\n<script type=\"application\/ld+json\" class=\"yoast-schema-graph\">{\"@context\":\"https:\\\/\\\/schema.org\",\"@graph\":[{\"@type\":\"WebPage\",\"@id\":\"https:\\\/\\\/shopatoa.com\\\/ro\\\/madara-lichid-de-echilibrare-acne-hydra-derm-balancing-fluid-40-ml\\\/\",\"url\":\"https:\\\/\\\/shopatoa.com\\\/ro\\\/madara-lichid-de-echilibrare-acne-hydra-derm-balancing-fluid-40-ml\\\/\",\"name\":\"M\u00c1DARA Lichid de echilibrare Acne (Hydra-Derm Balancing Fluid) 40 ml - SHOPATOA.COM\",\"isPartOf\":{\"@id\":\"https:\\\/\\\/shopatoa.com\\\/ro\\\/#website\"},\"primaryImageOfPage\":{\"@id\":\"https:\\\/\\\/shopatoa.com\\\/ro\\\/madara-lichid-de-echilibrare-acne-hydra-derm-balancing-fluid-40-ml\\\/#primaryimage\"},\"image\":{\"@id\":\"https:\\\/\\\/shopatoa.com\\\/ro\\\/madara-lichid-de-echilibrare-acne-hydra-derm-balancing-fluid-40-ml\\\/#primaryimage\"},\"thumbnailUrl\":\"https:\\\/\\\/storage.googleapis.com\\\/cz-shopatoa-img\\\/ro\\\/b994ccc7-unnamed-file.webp\",\"datePublished\":\"2025-04-26T16:11:38+00:00\",\"dateModified\":\"2025-12-12T12:42:45+00:00\",\"breadcrumb\":{\"@id\":\"https:\\\/\\\/shopatoa.com\\\/ro\\\/madara-lichid-de-echilibrare-acne-hydra-derm-balancing-fluid-40-ml\\\/#breadcrumb\"},\"inLanguage\":\"ro-RO\",\"potentialAction\":[{\"@type\":\"ReadAction\",\"target\":[\"https:\\\/\\\/shopatoa.com\\\/ro\\\/madara-lichid-de-echilibrare-acne-hydra-derm-balancing-fluid-40-ml\\\/\"]}]},{\"@type\":\"ImageObject\",\"inLanguage\":\"ro-RO\",\"@id\":\"https:\\\/\\\/shopatoa.com\\\/ro\\\/madara-lichid-de-echilibrare-acne-hydra-derm-balancing-fluid-40-ml\\\/#primaryimage\",\"url\":\"https:\\\/\\\/storage.googleapis.com\\\/cz-shopatoa-img\\\/ro\\\/b994ccc7-unnamed-file.webp\",\"contentUrl\":\"https:\\\/\\\/storage.googleapis.com\\\/cz-shopatoa-img\\\/ro\\\/b994ccc7-unnamed-file.webp\",\"width\":800,\"height\":800},{\"@type\":\"BreadcrumbList\",\"@id\":\"https:\\\/\\\/shopatoa.com\\\/ro\\\/madara-lichid-de-echilibrare-acne-hydra-derm-balancing-fluid-40-ml\\\/#breadcrumb\",\"itemListElement\":[{\"@type\":\"ListItem\",\"position\":1,\"name\":\"Dom\u016f\",\"item\":\"https:\\\/\\\/shopatoa.com\\\/ro\\\/\"},{\"@type\":\"ListItem\",\"position\":2,\"name\":\"Shop\",\"item\":\"https:\\\/\\\/shopatoa.com\\\/ro\\\/shop\\\/\"},{\"@type\":\"ListItem\",\"position\":3,\"name\":\"Cosmetice\",\"item\":\"https:\\\/\\\/shopatoa.com\\\/ro\\\/cosmetice\\\/\"},{\"@type\":\"ListItem\",\"position\":4,\"name\":\"Produse cosmetice pentru piele\",\"item\":\"https:\\\/\\\/shopatoa.com\\\/ro\\\/produse-cosmetice-pentru-piele\\\/\"},{\"@type\":\"ListItem\",\"position\":5,\"name\":\"Produse cosmetice de \u00eengrijire a pielii\",\"item\":\"https:\\\/\\\/shopatoa.com\\\/ro\\\/produse-cosmetice-de-ingrijire-a-pielii\\\/\"},{\"@type\":\"ListItem\",\"position\":6,\"name\":\"Pori dilata\u021bi \\\/ Acnee\",\"item\":\"https:\\\/\\\/shopatoa.com\\\/ro\\\/pori-dilatati-acnee\\\/\"},{\"@type\":\"ListItem\",\"position\":7,\"name\":\"M\u00c1DARA Lichid de echilibrare Acne (Hydra-Derm Balancing Fluid) 40 ml\"}]},{\"@type\":\"WebSite\",\"@id\":\"https:\\\/\\\/shopatoa.com\\\/ro\\\/#website\",\"url\":\"https:\\\/\\\/shopatoa.com\\\/ro\\\/\",\"name\":\"SHOPATOA\",\"description\":\"\",\"publisher\":{\"@id\":\"https:\\\/\\\/shopatoa.com\\\/ro\\\/#organization\"},\"potentialAction\":[{\"@type\":\"SearchAction\",\"target\":{\"@type\":\"EntryPoint\",\"urlTemplate\":\"https:\\\/\\\/shopatoa.com\\\/ro\\\/?s={search_term_string}\"},\"query-input\":{\"@type\":\"PropertyValueSpecification\",\"valueRequired\":true,\"valueName\":\"search_term_string\"}}],\"inLanguage\":\"ro-RO\"},{\"@type\":\"Organization\",\"@id\":\"https:\\\/\\\/shopatoa.com\\\/ro\\\/#organization\",\"name\":\"SHOPATOA\",\"url\":\"https:\\\/\\\/shopatoa.com\\\/ro\\\/\",\"logo\":{\"@type\":\"ImageObject\",\"inLanguage\":\"ro-RO\",\"@id\":\"https:\\\/\\\/shopatoa.com\\\/ro\\\/#\\\/schema\\\/logo\\\/image\\\/\",\"url\":\"https:\\\/\\\/storage.googleapis.com\\\/cz-shopatoa-img\\\/ro\\\/b4dac915-shopatoa_logo.png\",\"contentUrl\":\"https:\\\/\\\/storage.googleapis.com\\\/cz-shopatoa-img\\\/ro\\\/b4dac915-shopatoa_logo.png\",\"width\":416,\"height\":63,\"caption\":\"SHOPATOA\"},\"image\":{\"@id\":\"https:\\\/\\\/shopatoa.com\\\/ro\\\/#\\\/schema\\\/logo\\\/image\\\/\"}}]}<\/script>\n<!-- \/ Yoast SEO plugin. -->","yoast_head_json":{"title":"M\u00c1DARA Lichid de echilibrare Acne (Hydra-Derm Balancing Fluid) 40 ml - SHOPATOA.COM","robots":{"index":"index","follow":"follow","max-snippet":"max-snippet:-1","max-image-preview":"max-image-preview:large","max-video-preview":"max-video-preview:-1"},"canonical":"https:\/\/shopatoa.com\/ro\/madara-lichid-de-echilibrare-acne-hydra-derm-balancing-fluid-40-ml\/","og_locale":"ro_RO","og_type":"article","og_title":"M\u00c1DARA Lichid de echilibrare Acne (Hydra-Derm Balancing Fluid) 40 ml - SHOPATOA.COM","og_description":"Aceast\u0103 solu\u021bie hidratant\u0103 u\u0219oar\u0103 ofer\u0103 o hidratare profund\u0103 \u0219i echilibrat\u0103. Prin urmare, v\u0103 va oferi un confort de lung\u0103 durat\u0103 \u0219i v\u0103 va ajuta la \u00eembun\u0103t\u0103\u021birea st\u0103rii pielii problematice. Ajut\u0103 la mic\u0219orarea porilor \u0219i la minimizarea apari\u021biei acneei. Con\u021bine acid hialuronic hidratant \u0219i polizaharide fermentate care regleaz\u0103 sebumul \u0219i echilibreaz\u0103 microbiomul pielii, l\u0103s\u00e2nd-o s\u0103 arate...","og_url":"https:\/\/shopatoa.com\/ro\/madara-lichid-de-echilibrare-acne-hydra-derm-balancing-fluid-40-ml\/","og_site_name":"SHOPATOA","article_modified_time":"2025-12-12T12:42:45+00:00","og_image":[{"width":800,"height":800,"url":"https:\/\/storage.googleapis.com\/cz-shopatoa-img\/ro\/b994ccc7-unnamed-file.webp","type":"image\/webp"}],"twitter_card":"summary_large_image","twitter_misc":{"Timp estimat pentru citire":"1 minut"},"schema":{"@context":"https:\/\/schema.org","@graph":[{"@type":"WebPage","@id":"https:\/\/shopatoa.com\/ro\/madara-lichid-de-echilibrare-acne-hydra-derm-balancing-fluid-40-ml\/","url":"https:\/\/shopatoa.com\/ro\/madara-lichid-de-echilibrare-acne-hydra-derm-balancing-fluid-40-ml\/","name":"M\u00c1DARA Lichid de echilibrare Acne (Hydra-Derm Balancing Fluid) 40 ml - SHOPATOA.COM","isPartOf":{"@id":"https:\/\/shopatoa.com\/ro\/#website"},"primaryImageOfPage":{"@id":"https:\/\/shopatoa.com\/ro\/madara-lichid-de-echilibrare-acne-hydra-derm-balancing-fluid-40-ml\/#primaryimage"},"image":{"@id":"https:\/\/shopatoa.com\/ro\/madara-lichid-de-echilibrare-acne-hydra-derm-balancing-fluid-40-ml\/#primaryimage"},"thumbnailUrl":"https:\/\/storage.googleapis.com\/cz-shopatoa-img\/ro\/b994ccc7-unnamed-file.webp","datePublished":"2025-04-26T16:11:38+00:00","dateModified":"2025-12-12T12:42:45+00:00","breadcrumb":{"@id":"https:\/\/shopatoa.com\/ro\/madara-lichid-de-echilibrare-acne-hydra-derm-balancing-fluid-40-ml\/#breadcrumb"},"inLanguage":"ro-RO","potentialAction":[{"@type":"ReadAction","target":["https:\/\/shopatoa.com\/ro\/madara-lichid-de-echilibrare-acne-hydra-derm-balancing-fluid-40-ml\/"]}]},{"@type":"ImageObject","inLanguage":"ro-RO","@id":"https:\/\/shopatoa.com\/ro\/madara-lichid-de-echilibrare-acne-hydra-derm-balancing-fluid-40-ml\/#primaryimage","url":"https:\/\/storage.googleapis.com\/cz-shopatoa-img\/ro\/b994ccc7-unnamed-file.webp","contentUrl":"https:\/\/storage.googleapis.com\/cz-shopatoa-img\/ro\/b994ccc7-unnamed-file.webp","width":800,"height":800},{"@type":"BreadcrumbList","@id":"https:\/\/shopatoa.com\/ro\/madara-lichid-de-echilibrare-acne-hydra-derm-balancing-fluid-40-ml\/#breadcrumb","itemListElement":[{"@type":"ListItem","position":1,"name":"Dom\u016f","item":"https:\/\/shopatoa.com\/ro\/"},{"@type":"ListItem","position":2,"name":"Shop","item":"https:\/\/shopatoa.com\/ro\/shop\/"},{"@type":"ListItem","position":3,"name":"Cosmetice","item":"https:\/\/shopatoa.com\/ro\/cosmetice\/"},{"@type":"ListItem","position":4,"name":"Produse cosmetice pentru piele","item":"https:\/\/shopatoa.com\/ro\/produse-cosmetice-pentru-piele\/"},{"@type":"ListItem","position":5,"name":"Produse cosmetice de \u00eengrijire a pielii","item":"https:\/\/shopatoa.com\/ro\/produse-cosmetice-de-ingrijire-a-pielii\/"},{"@type":"ListItem","position":6,"name":"Pori dilata\u021bi \/ Acnee","item":"https:\/\/shopatoa.com\/ro\/pori-dilatati-acnee\/"},{"@type":"ListItem","position":7,"name":"M\u00c1DARA Lichid de echilibrare Acne (Hydra-Derm Balancing Fluid) 40 ml"}]},{"@type":"WebSite","@id":"https:\/\/shopatoa.com\/ro\/#website","url":"https:\/\/shopatoa.com\/ro\/","name":"SHOPATOA","description":"","publisher":{"@id":"https:\/\/shopatoa.com\/ro\/#organization"},"potentialAction":[{"@type":"SearchAction","target":{"@type":"EntryPoint","urlTemplate":"https:\/\/shopatoa.com\/ro\/?s={search_term_string}"},"query-input":{"@type":"PropertyValueSpecification","valueRequired":true,"valueName":"search_term_string"}}],"inLanguage":"ro-RO"},{"@type":"Organization","@id":"https:\/\/shopatoa.com\/ro\/#organization","name":"SHOPATOA","url":"https:\/\/shopatoa.com\/ro\/","logo":{"@type":"ImageObject","inLanguage":"ro-RO","@id":"https:\/\/shopatoa.com\/ro\/#\/schema\/logo\/image\/","url":"https:\/\/storage.googleapis.com\/cz-shopatoa-img\/ro\/b4dac915-shopatoa_logo.png","contentUrl":"https:\/\/storage.googleapis.com\/cz-shopatoa-img\/ro\/b4dac915-shopatoa_logo.png","width":416,"height":63,"caption":"SHOPATOA"},"image":{"@id":"https:\/\/shopatoa.com\/ro\/#\/schema\/logo\/image\/"}}]}},"_links":{"self":[{"href":"https:\/\/shopatoa.com\/ro\/wp-json\/wp\/v2\/product\/258904","targetHints":{"allow":["GET"]}}],"collection":[{"href":"https:\/\/shopatoa.com\/ro\/wp-json\/wp\/v2\/product"}],"about":[{"href":"https:\/\/shopatoa.com\/ro\/wp-json\/wp\/v2\/types\/product"}],"replies":[{"embeddable":true,"href":"https:\/\/shopatoa.com\/ro\/wp-json\/wp\/v2\/comments?post=258904"}],"wp:featuredmedia":[{"embeddable":true,"href":"https:\/\/shopatoa.com\/ro\/wp-json\/wp\/v2\/media\/335427"}],"wp:attachment":[{"href":"https:\/\/shopatoa.com\/ro\/wp-json\/wp\/v2\/media?parent=258904"}],"wp:term":[{"taxonomy":"product_brand","embeddable":true,"href":"https:\/\/shopatoa.com\/ro\/wp-json\/wp\/v2\/product_brand?post=258904"},{"taxonomy":"product_cat","embeddable":true,"href":"https:\/\/shopatoa.com\/ro\/wp-json\/wp\/v2\/product_cat?post=258904"},{"taxonomy":"product_tag","embeddable":true,"href":"https:\/\/shopatoa.com\/ro\/wp-json\/wp\/v2\/product_tag?post=258904"}],"curies":[{"name":"wp","href":"https:\/\/api.w.org\/{rel}","templated":true}]}}