{"id":258917,"date":"2025-04-26T18:16:29","date_gmt":"2025-04-26T16:16:29","guid":{"rendered":"https:\/\/shopatoa.com\/ro\/styx-balsam-pentru-masaj-chin-min-balsam-150-ml\/"},"modified":"2025-12-12T13:25:46","modified_gmt":"2025-12-12T12:25:46","slug":"styx-balsam-pentru-masaj-chin-min-balsam-150-ml","status":"publish","type":"product","link":"https:\/\/shopatoa.com\/ro\/styx-balsam-pentru-masaj-chin-min-balsam-150-ml\/","title":{"rendered":"Styx Balsam pentru masaj Chin Min (Balsam) 150 ml"},"content":{"rendered":"<p>Balsamul special cu uleiuri esen\u021biale tradi\u021bionale din medicina chinez\u0103 \u00eemprosp\u0103teaz\u0103 mu\u0219chii obosi\u021bi, amelioreaz\u0103 tensiunea muscular\u0103 de la nivelul g\u00e2tului, are un efect pozitiv asupra sistemului locomotor \u0219i \u00eenc\u0103lze\u0219te \u00een timpul r\u0103celii. Balsamul Chin Min poate fi folosit \u0219i pentru a \u00eenc\u0103lzi mu\u0219chii \u00eenainte de activitatea sportiv\u0103 \u0219i pentru un masaj ulterior pentru relaxarea sistemului locomotor. Masajul ajut\u0103 la circula\u021bia s\u00e2ngelui \u00een piele \u0219i astfel acidul lactic se descompune mai repede. Este potrivit pentru sportivii activi pentru masaj \u0219i activit\u0103\u021bi sportive. Acest lucru are ca rezultat o regenerare \u0219i \u00eemprosp\u0103tare rapid\u0103. Nu este potrivit pentru copii sub 3 ani. Efectul de \u00eenc\u0103lzire este foarte eficient pentru r\u0103celi. Aplica\u021bi balsamul \u00een strat sub\u021bire pe piept, g\u00e2t, umeri sau picioare.<\/p>\n","protected":false},"excerpt":{"rendered":"<p>Balsamul special cu uleiuri esen\u021biale tradi\u021bionale din medicina chinez\u0103 \u00eemprosp\u0103teaz\u0103 mu\u0219chii obosi\u021bi, amelioreaz\u0103 tensiunea muscular\u0103 de la nivelul g\u00e2tului, are un efect pozitiv asupra sistemului locomotor \u0219i \u00eenc\u0103lze\u0219te \u00een timpul r\u0103celii. Balsamul Chin Min poate fi folosit \u0219i pentru a \u00eenc\u0103lzi mu\u0219chii \u00eenainte de activitatea sportiv\u0103 \u0219i pentru un masaj ulterior pentru relaxarea sistemului locomotor&#8230;.<\/p>\n","protected":false},"featured_media":335438,"comment_status":"closed","ping_status":"open","template":"","meta":{"_acf_changed":false,"_kadence_starter_templates_imported_post":false,"_kad_post_transparent":"","_kad_post_title":"","_kad_post_layout":"","_kad_post_sidebar_id":"","_kad_post_content_style":"","_kad_post_vertical_padding":"","_kad_post_feature":"","_kad_post_feature_position":"","_kad_post_header":false,"_kad_post_footer":false,"_kad_post_classname":""},"product_brand":[562],"product_cat":[246,676,677,611],"product_tag":[],"class_list":{"0":"post-258917","1":"product","2":"type-product","3":"status-publish","4":"has-post-thumbnail","6":"product_brand-styx","7":"product_cat-cosmetice","8":"product_cat-dispozitive-si-preparate-pentru-masaj","9":"product_cat-preparate-de-masaj","10":"product_cat-produse-cosmetice-pentru-corp","12":"first","13":"instock","14":"product-type-external","15":"entry","16":"content-bg","17":"loop-entry"},"acf":[],"yoast_head":"<!-- This site is optimized with the Yoast SEO plugin v27.4 - https:\/\/yoast.com\/product\/yoast-seo-wordpress\/ -->\n<title>Styx Balsam pentru masaj Chin Min (Balsam) 150 ml - SHOPATOA.COM<\/title>\n<meta name=\"robots\" content=\"index, follow, max-snippet:-1, max-image-preview:large, max-video-preview:-1\" \/>\n<link rel=\"canonical\" href=\"https:\/\/shopatoa.com\/ro\/styx-balsam-pentru-masaj-chin-min-balsam-150-ml\/\" \/>\n<meta property=\"og:locale\" content=\"ro_RO\" \/>\n<meta property=\"og:type\" content=\"article\" \/>\n<meta property=\"og:title\" content=\"Styx Balsam pentru masaj Chin Min (Balsam) 150 ml - SHOPATOA.COM\" \/>\n<meta property=\"og:description\" content=\"Balsamul special cu uleiuri esen\u021biale tradi\u021bionale din medicina chinez\u0103 \u00eemprosp\u0103teaz\u0103 mu\u0219chii obosi\u021bi, amelioreaz\u0103 tensiunea muscular\u0103 de la nivelul g\u00e2tului, are un efect pozitiv asupra sistemului locomotor \u0219i \u00eenc\u0103lze\u0219te \u00een timpul r\u0103celii. Balsamul Chin Min poate fi folosit \u0219i pentru a \u00eenc\u0103lzi mu\u0219chii \u00eenainte de activitatea sportiv\u0103 \u0219i pentru un masaj ulterior pentru relaxarea sistemului locomotor....\" \/>\n<meta property=\"og:url\" content=\"https:\/\/shopatoa.com\/ro\/styx-balsam-pentru-masaj-chin-min-balsam-150-ml\/\" \/>\n<meta property=\"og:site_name\" content=\"SHOPATOA\" \/>\n<meta property=\"article:modified_time\" content=\"2025-12-12T12:25:46+00:00\" \/>\n<meta property=\"og:image\" content=\"https:\/\/storage.googleapis.com\/cz-shopatoa-img\/ro\/edaf6f8b-unnamed-file.webp\" \/>\n\t<meta property=\"og:image:width\" content=\"800\" \/>\n\t<meta property=\"og:image:height\" content=\"800\" \/>\n\t<meta property=\"og:image:type\" content=\"image\/webp\" \/>\n<meta name=\"twitter:card\" content=\"summary_large_image\" \/>\n<meta name=\"twitter:label1\" content=\"Timp estimat pentru citire\" \/>\n\t<meta name=\"twitter:data1\" content=\"1 minut\" \/>\n<script type=\"application\/ld+json\" class=\"yoast-schema-graph\">{\"@context\":\"https:\\\/\\\/schema.org\",\"@graph\":[{\"@type\":\"WebPage\",\"@id\":\"https:\\\/\\\/shopatoa.com\\\/ro\\\/styx-balsam-pentru-masaj-chin-min-balsam-150-ml\\\/\",\"url\":\"https:\\\/\\\/shopatoa.com\\\/ro\\\/styx-balsam-pentru-masaj-chin-min-balsam-150-ml\\\/\",\"name\":\"Styx Balsam pentru masaj Chin Min (Balsam) 150 ml - SHOPATOA.COM\",\"isPartOf\":{\"@id\":\"https:\\\/\\\/shopatoa.com\\\/ro\\\/#website\"},\"primaryImageOfPage\":{\"@id\":\"https:\\\/\\\/shopatoa.com\\\/ro\\\/styx-balsam-pentru-masaj-chin-min-balsam-150-ml\\\/#primaryimage\"},\"image\":{\"@id\":\"https:\\\/\\\/shopatoa.com\\\/ro\\\/styx-balsam-pentru-masaj-chin-min-balsam-150-ml\\\/#primaryimage\"},\"thumbnailUrl\":\"https:\\\/\\\/storage.googleapis.com\\\/cz-shopatoa-img\\\/ro\\\/edaf6f8b-unnamed-file.webp\",\"datePublished\":\"2025-04-26T16:16:29+00:00\",\"dateModified\":\"2025-12-12T12:25:46+00:00\",\"breadcrumb\":{\"@id\":\"https:\\\/\\\/shopatoa.com\\\/ro\\\/styx-balsam-pentru-masaj-chin-min-balsam-150-ml\\\/#breadcrumb\"},\"inLanguage\":\"ro-RO\",\"potentialAction\":[{\"@type\":\"ReadAction\",\"target\":[\"https:\\\/\\\/shopatoa.com\\\/ro\\\/styx-balsam-pentru-masaj-chin-min-balsam-150-ml\\\/\"]}]},{\"@type\":\"ImageObject\",\"inLanguage\":\"ro-RO\",\"@id\":\"https:\\\/\\\/shopatoa.com\\\/ro\\\/styx-balsam-pentru-masaj-chin-min-balsam-150-ml\\\/#primaryimage\",\"url\":\"https:\\\/\\\/storage.googleapis.com\\\/cz-shopatoa-img\\\/ro\\\/edaf6f8b-unnamed-file.webp\",\"contentUrl\":\"https:\\\/\\\/storage.googleapis.com\\\/cz-shopatoa-img\\\/ro\\\/edaf6f8b-unnamed-file.webp\",\"width\":800,\"height\":800},{\"@type\":\"BreadcrumbList\",\"@id\":\"https:\\\/\\\/shopatoa.com\\\/ro\\\/styx-balsam-pentru-masaj-chin-min-balsam-150-ml\\\/#breadcrumb\",\"itemListElement\":[{\"@type\":\"ListItem\",\"position\":1,\"name\":\"Dom\u016f\",\"item\":\"https:\\\/\\\/shopatoa.com\\\/ro\\\/\"},{\"@type\":\"ListItem\",\"position\":2,\"name\":\"Shop\",\"item\":\"https:\\\/\\\/shopatoa.com\\\/ro\\\/shop\\\/\"},{\"@type\":\"ListItem\",\"position\":3,\"name\":\"Cosmetice\",\"item\":\"https:\\\/\\\/shopatoa.com\\\/ro\\\/cosmetice\\\/\"},{\"@type\":\"ListItem\",\"position\":4,\"name\":\"Produse cosmetice pentru corp\",\"item\":\"https:\\\/\\\/shopatoa.com\\\/ro\\\/produse-cosmetice-pentru-corp\\\/\"},{\"@type\":\"ListItem\",\"position\":5,\"name\":\"Dispozitive \u0219i preparate pentru masaj\",\"item\":\"https:\\\/\\\/shopatoa.com\\\/ro\\\/dispozitive-si-preparate-pentru-masaj\\\/\"},{\"@type\":\"ListItem\",\"position\":6,\"name\":\"Preparate de masaj\",\"item\":\"https:\\\/\\\/shopatoa.com\\\/ro\\\/preparate-de-masaj\\\/\"},{\"@type\":\"ListItem\",\"position\":7,\"name\":\"Styx Balsam pentru masaj Chin Min (Balsam) 150 ml\"}]},{\"@type\":\"WebSite\",\"@id\":\"https:\\\/\\\/shopatoa.com\\\/ro\\\/#website\",\"url\":\"https:\\\/\\\/shopatoa.com\\\/ro\\\/\",\"name\":\"SHOPATOA\",\"description\":\"\",\"publisher\":{\"@id\":\"https:\\\/\\\/shopatoa.com\\\/ro\\\/#organization\"},\"potentialAction\":[{\"@type\":\"SearchAction\",\"target\":{\"@type\":\"EntryPoint\",\"urlTemplate\":\"https:\\\/\\\/shopatoa.com\\\/ro\\\/?s={search_term_string}\"},\"query-input\":{\"@type\":\"PropertyValueSpecification\",\"valueRequired\":true,\"valueName\":\"search_term_string\"}}],\"inLanguage\":\"ro-RO\"},{\"@type\":\"Organization\",\"@id\":\"https:\\\/\\\/shopatoa.com\\\/ro\\\/#organization\",\"name\":\"SHOPATOA\",\"url\":\"https:\\\/\\\/shopatoa.com\\\/ro\\\/\",\"logo\":{\"@type\":\"ImageObject\",\"inLanguage\":\"ro-RO\",\"@id\":\"https:\\\/\\\/shopatoa.com\\\/ro\\\/#\\\/schema\\\/logo\\\/image\\\/\",\"url\":\"https:\\\/\\\/storage.googleapis.com\\\/cz-shopatoa-img\\\/ro\\\/b4dac915-shopatoa_logo.png\",\"contentUrl\":\"https:\\\/\\\/storage.googleapis.com\\\/cz-shopatoa-img\\\/ro\\\/b4dac915-shopatoa_logo.png\",\"width\":416,\"height\":63,\"caption\":\"SHOPATOA\"},\"image\":{\"@id\":\"https:\\\/\\\/shopatoa.com\\\/ro\\\/#\\\/schema\\\/logo\\\/image\\\/\"}}]}<\/script>\n<!-- \/ Yoast SEO plugin. -->","yoast_head_json":{"title":"Styx Balsam pentru masaj Chin Min (Balsam) 150 ml - SHOPATOA.COM","robots":{"index":"index","follow":"follow","max-snippet":"max-snippet:-1","max-image-preview":"max-image-preview:large","max-video-preview":"max-video-preview:-1"},"canonical":"https:\/\/shopatoa.com\/ro\/styx-balsam-pentru-masaj-chin-min-balsam-150-ml\/","og_locale":"ro_RO","og_type":"article","og_title":"Styx Balsam pentru masaj Chin Min (Balsam) 150 ml - SHOPATOA.COM","og_description":"Balsamul special cu uleiuri esen\u021biale tradi\u021bionale din medicina chinez\u0103 \u00eemprosp\u0103teaz\u0103 mu\u0219chii obosi\u021bi, amelioreaz\u0103 tensiunea muscular\u0103 de la nivelul g\u00e2tului, are un efect pozitiv asupra sistemului locomotor \u0219i \u00eenc\u0103lze\u0219te \u00een timpul r\u0103celii. Balsamul Chin Min poate fi folosit \u0219i pentru a \u00eenc\u0103lzi mu\u0219chii \u00eenainte de activitatea sportiv\u0103 \u0219i pentru un masaj ulterior pentru relaxarea sistemului locomotor....","og_url":"https:\/\/shopatoa.com\/ro\/styx-balsam-pentru-masaj-chin-min-balsam-150-ml\/","og_site_name":"SHOPATOA","article_modified_time":"2025-12-12T12:25:46+00:00","og_image":[{"width":800,"height":800,"url":"https:\/\/storage.googleapis.com\/cz-shopatoa-img\/ro\/edaf6f8b-unnamed-file.webp","type":"image\/webp"}],"twitter_card":"summary_large_image","twitter_misc":{"Timp estimat pentru citire":"1 minut"},"schema":{"@context":"https:\/\/schema.org","@graph":[{"@type":"WebPage","@id":"https:\/\/shopatoa.com\/ro\/styx-balsam-pentru-masaj-chin-min-balsam-150-ml\/","url":"https:\/\/shopatoa.com\/ro\/styx-balsam-pentru-masaj-chin-min-balsam-150-ml\/","name":"Styx Balsam pentru masaj Chin Min (Balsam) 150 ml - SHOPATOA.COM","isPartOf":{"@id":"https:\/\/shopatoa.com\/ro\/#website"},"primaryImageOfPage":{"@id":"https:\/\/shopatoa.com\/ro\/styx-balsam-pentru-masaj-chin-min-balsam-150-ml\/#primaryimage"},"image":{"@id":"https:\/\/shopatoa.com\/ro\/styx-balsam-pentru-masaj-chin-min-balsam-150-ml\/#primaryimage"},"thumbnailUrl":"https:\/\/storage.googleapis.com\/cz-shopatoa-img\/ro\/edaf6f8b-unnamed-file.webp","datePublished":"2025-04-26T16:16:29+00:00","dateModified":"2025-12-12T12:25:46+00:00","breadcrumb":{"@id":"https:\/\/shopatoa.com\/ro\/styx-balsam-pentru-masaj-chin-min-balsam-150-ml\/#breadcrumb"},"inLanguage":"ro-RO","potentialAction":[{"@type":"ReadAction","target":["https:\/\/shopatoa.com\/ro\/styx-balsam-pentru-masaj-chin-min-balsam-150-ml\/"]}]},{"@type":"ImageObject","inLanguage":"ro-RO","@id":"https:\/\/shopatoa.com\/ro\/styx-balsam-pentru-masaj-chin-min-balsam-150-ml\/#primaryimage","url":"https:\/\/storage.googleapis.com\/cz-shopatoa-img\/ro\/edaf6f8b-unnamed-file.webp","contentUrl":"https:\/\/storage.googleapis.com\/cz-shopatoa-img\/ro\/edaf6f8b-unnamed-file.webp","width":800,"height":800},{"@type":"BreadcrumbList","@id":"https:\/\/shopatoa.com\/ro\/styx-balsam-pentru-masaj-chin-min-balsam-150-ml\/#breadcrumb","itemListElement":[{"@type":"ListItem","position":1,"name":"Dom\u016f","item":"https:\/\/shopatoa.com\/ro\/"},{"@type":"ListItem","position":2,"name":"Shop","item":"https:\/\/shopatoa.com\/ro\/shop\/"},{"@type":"ListItem","position":3,"name":"Cosmetice","item":"https:\/\/shopatoa.com\/ro\/cosmetice\/"},{"@type":"ListItem","position":4,"name":"Produse cosmetice pentru corp","item":"https:\/\/shopatoa.com\/ro\/produse-cosmetice-pentru-corp\/"},{"@type":"ListItem","position":5,"name":"Dispozitive \u0219i preparate pentru masaj","item":"https:\/\/shopatoa.com\/ro\/dispozitive-si-preparate-pentru-masaj\/"},{"@type":"ListItem","position":6,"name":"Preparate de masaj","item":"https:\/\/shopatoa.com\/ro\/preparate-de-masaj\/"},{"@type":"ListItem","position":7,"name":"Styx Balsam pentru masaj Chin Min (Balsam) 150 ml"}]},{"@type":"WebSite","@id":"https:\/\/shopatoa.com\/ro\/#website","url":"https:\/\/shopatoa.com\/ro\/","name":"SHOPATOA","description":"","publisher":{"@id":"https:\/\/shopatoa.com\/ro\/#organization"},"potentialAction":[{"@type":"SearchAction","target":{"@type":"EntryPoint","urlTemplate":"https:\/\/shopatoa.com\/ro\/?s={search_term_string}"},"query-input":{"@type":"PropertyValueSpecification","valueRequired":true,"valueName":"search_term_string"}}],"inLanguage":"ro-RO"},{"@type":"Organization","@id":"https:\/\/shopatoa.com\/ro\/#organization","name":"SHOPATOA","url":"https:\/\/shopatoa.com\/ro\/","logo":{"@type":"ImageObject","inLanguage":"ro-RO","@id":"https:\/\/shopatoa.com\/ro\/#\/schema\/logo\/image\/","url":"https:\/\/storage.googleapis.com\/cz-shopatoa-img\/ro\/b4dac915-shopatoa_logo.png","contentUrl":"https:\/\/storage.googleapis.com\/cz-shopatoa-img\/ro\/b4dac915-shopatoa_logo.png","width":416,"height":63,"caption":"SHOPATOA"},"image":{"@id":"https:\/\/shopatoa.com\/ro\/#\/schema\/logo\/image\/"}}]}},"_links":{"self":[{"href":"https:\/\/shopatoa.com\/ro\/wp-json\/wp\/v2\/product\/258917","targetHints":{"allow":["GET"]}}],"collection":[{"href":"https:\/\/shopatoa.com\/ro\/wp-json\/wp\/v2\/product"}],"about":[{"href":"https:\/\/shopatoa.com\/ro\/wp-json\/wp\/v2\/types\/product"}],"replies":[{"embeddable":true,"href":"https:\/\/shopatoa.com\/ro\/wp-json\/wp\/v2\/comments?post=258917"}],"wp:featuredmedia":[{"embeddable":true,"href":"https:\/\/shopatoa.com\/ro\/wp-json\/wp\/v2\/media\/335438"}],"wp:attachment":[{"href":"https:\/\/shopatoa.com\/ro\/wp-json\/wp\/v2\/media?parent=258917"}],"wp:term":[{"taxonomy":"product_brand","embeddable":true,"href":"https:\/\/shopatoa.com\/ro\/wp-json\/wp\/v2\/product_brand?post=258917"},{"taxonomy":"product_cat","embeddable":true,"href":"https:\/\/shopatoa.com\/ro\/wp-json\/wp\/v2\/product_cat?post=258917"},{"taxonomy":"product_tag","embeddable":true,"href":"https:\/\/shopatoa.com\/ro\/wp-json\/wp\/v2\/product_tag?post=258917"}],"curies":[{"name":"wp","href":"https:\/\/api.w.org\/{rel}","templated":true}]}}