{"id":258960,"date":"2025-04-26T18:31:50","date_gmt":"2025-04-26T16:31:50","guid":{"rendered":"https:\/\/shopatoa.com\/ro\/revlon-professional-spray-pentru-volumpro-you-the-amplifier-bump-up-volumizing-finishing-spray-250-ml\/"},"modified":"2025-12-12T12:54:39","modified_gmt":"2025-12-12T11:54:39","slug":"revlon-professional-spray-pentru-volumpro-you-the-amplifier-bump-up-volumizing-finishing-spray-250-ml","status":"publish","type":"product","link":"https:\/\/shopatoa.com\/ro\/revlon-professional-spray-pentru-volumpro-you-the-amplifier-bump-up-volumizing-finishing-spray-250-ml\/","title":{"rendered":"Revlon Professional Spray pentru volumPro You The Amplifier Bump Up (Volumizing Finishing Spray) 250 ml"},"content":{"rendered":"<p>Compozi\u021bia sa u\u0219oar\u0103 adaug\u0103 volum \u0219i control oric\u0103rui stil. Tehnologia Volume Boost ajut\u0103 la ridicarea p\u0103rului la r\u0103d\u0103cini \u0219i adaug\u0103 volum total. Coafura poate fi schimbat\u0103 cu u\u0219urin\u021b\u0103 \u00een orice moment.<\/p>\n","protected":false},"excerpt":{"rendered":"<p>Compozi\u021bia sa u\u0219oar\u0103 adaug\u0103 volum \u0219i control oric\u0103rui stil. Tehnologia Volume Boost ajut\u0103 la ridicarea p\u0103rului la r\u0103d\u0103cini \u0219i adaug\u0103 volum total. Coafura poate fi schimbat\u0103 cu u\u0219urin\u021b\u0103 \u00een orice moment.<\/p>\n","protected":false},"featured_media":335480,"comment_status":"closed","ping_status":"open","template":"","meta":{"_acf_changed":false,"_kadence_starter_templates_imported_post":false,"_kad_post_transparent":"","_kad_post_title":"","_kad_post_layout":"","_kad_post_sidebar_id":"","_kad_post_content_style":"","_kad_post_vertical_padding":"","_kad_post_feature":"","_kad_post_feature_position":"","_kad_post_header":false,"_kad_post_footer":false,"_kad_post_classname":""},"product_brand":[367],"product_cat":[246,667,623],"product_tag":[],"class_list":{"0":"post-258960","1":"product","2":"type-product","3":"status-publish","4":"has-post-thumbnail","6":"product_brand-revlon-professional","7":"product_cat-cosmetice","8":"product_cat-produse-cosmetice-de-styling","9":"product_cat-produse-cosmetice-pentru-par","11":"first","12":"instock","13":"product-type-external","14":"entry","15":"content-bg","16":"loop-entry"},"acf":[],"yoast_head":"<!-- This site is optimized with the Yoast SEO plugin v27.4 - https:\/\/yoast.com\/product\/yoast-seo-wordpress\/ -->\n<title>Revlon Professional Spray pentru volumPro You The Amplifier Bump Up (Volumizing Finishing Spray) 250 ml - SHOPATOA.COM<\/title>\n<meta name=\"robots\" content=\"index, follow, max-snippet:-1, max-image-preview:large, max-video-preview:-1\" \/>\n<link rel=\"canonical\" href=\"https:\/\/shopatoa.com\/ro\/revlon-professional-spray-pentru-volumpro-you-the-amplifier-bump-up-volumizing-finishing-spray-250-ml\/\" \/>\n<meta property=\"og:locale\" content=\"ro_RO\" \/>\n<meta property=\"og:type\" content=\"article\" \/>\n<meta property=\"og:title\" content=\"Revlon Professional Spray pentru volumPro You The Amplifier Bump Up (Volumizing Finishing Spray) 250 ml - SHOPATOA.COM\" \/>\n<meta property=\"og:description\" content=\"Compozi\u021bia sa u\u0219oar\u0103 adaug\u0103 volum \u0219i control oric\u0103rui stil. Tehnologia Volume Boost ajut\u0103 la ridicarea p\u0103rului la r\u0103d\u0103cini \u0219i adaug\u0103 volum total. Coafura poate fi schimbat\u0103 cu u\u0219urin\u021b\u0103 \u00een orice moment.\" \/>\n<meta property=\"og:url\" content=\"https:\/\/shopatoa.com\/ro\/revlon-professional-spray-pentru-volumpro-you-the-amplifier-bump-up-volumizing-finishing-spray-250-ml\/\" \/>\n<meta property=\"og:site_name\" content=\"SHOPATOA\" \/>\n<meta property=\"article:modified_time\" content=\"2025-12-12T11:54:39+00:00\" \/>\n<meta property=\"og:image\" content=\"https:\/\/storage.googleapis.com\/cz-shopatoa-img\/ro\/087d7b5b-unnamed-file.webp\" \/>\n\t<meta property=\"og:image:width\" content=\"800\" \/>\n\t<meta property=\"og:image:height\" content=\"800\" \/>\n\t<meta property=\"og:image:type\" content=\"image\/webp\" \/>\n<meta name=\"twitter:card\" content=\"summary_large_image\" \/>\n<script type=\"application\/ld+json\" class=\"yoast-schema-graph\">{\"@context\":\"https:\\\/\\\/schema.org\",\"@graph\":[{\"@type\":\"WebPage\",\"@id\":\"https:\\\/\\\/shopatoa.com\\\/ro\\\/revlon-professional-spray-pentru-volumpro-you-the-amplifier-bump-up-volumizing-finishing-spray-250-ml\\\/\",\"url\":\"https:\\\/\\\/shopatoa.com\\\/ro\\\/revlon-professional-spray-pentru-volumpro-you-the-amplifier-bump-up-volumizing-finishing-spray-250-ml\\\/\",\"name\":\"Revlon Professional Spray pentru volumPro You The Amplifier Bump Up (Volumizing Finishing Spray) 250 ml - SHOPATOA.COM\",\"isPartOf\":{\"@id\":\"https:\\\/\\\/shopatoa.com\\\/ro\\\/#website\"},\"primaryImageOfPage\":{\"@id\":\"https:\\\/\\\/shopatoa.com\\\/ro\\\/revlon-professional-spray-pentru-volumpro-you-the-amplifier-bump-up-volumizing-finishing-spray-250-ml\\\/#primaryimage\"},\"image\":{\"@id\":\"https:\\\/\\\/shopatoa.com\\\/ro\\\/revlon-professional-spray-pentru-volumpro-you-the-amplifier-bump-up-volumizing-finishing-spray-250-ml\\\/#primaryimage\"},\"thumbnailUrl\":\"https:\\\/\\\/storage.googleapis.com\\\/cz-shopatoa-img\\\/ro\\\/087d7b5b-unnamed-file.webp\",\"datePublished\":\"2025-04-26T16:31:50+00:00\",\"dateModified\":\"2025-12-12T11:54:39+00:00\",\"breadcrumb\":{\"@id\":\"https:\\\/\\\/shopatoa.com\\\/ro\\\/revlon-professional-spray-pentru-volumpro-you-the-amplifier-bump-up-volumizing-finishing-spray-250-ml\\\/#breadcrumb\"},\"inLanguage\":\"ro-RO\",\"potentialAction\":[{\"@type\":\"ReadAction\",\"target\":[\"https:\\\/\\\/shopatoa.com\\\/ro\\\/revlon-professional-spray-pentru-volumpro-you-the-amplifier-bump-up-volumizing-finishing-spray-250-ml\\\/\"]}]},{\"@type\":\"ImageObject\",\"inLanguage\":\"ro-RO\",\"@id\":\"https:\\\/\\\/shopatoa.com\\\/ro\\\/revlon-professional-spray-pentru-volumpro-you-the-amplifier-bump-up-volumizing-finishing-spray-250-ml\\\/#primaryimage\",\"url\":\"https:\\\/\\\/storage.googleapis.com\\\/cz-shopatoa-img\\\/ro\\\/087d7b5b-unnamed-file.webp\",\"contentUrl\":\"https:\\\/\\\/storage.googleapis.com\\\/cz-shopatoa-img\\\/ro\\\/087d7b5b-unnamed-file.webp\",\"width\":800,\"height\":800},{\"@type\":\"BreadcrumbList\",\"@id\":\"https:\\\/\\\/shopatoa.com\\\/ro\\\/revlon-professional-spray-pentru-volumpro-you-the-amplifier-bump-up-volumizing-finishing-spray-250-ml\\\/#breadcrumb\",\"itemListElement\":[{\"@type\":\"ListItem\",\"position\":1,\"name\":\"Dom\u016f\",\"item\":\"https:\\\/\\\/shopatoa.com\\\/ro\\\/\"},{\"@type\":\"ListItem\",\"position\":2,\"name\":\"Shop\",\"item\":\"https:\\\/\\\/shopatoa.com\\\/ro\\\/shop\\\/\"},{\"@type\":\"ListItem\",\"position\":3,\"name\":\"Cosmetice\",\"item\":\"https:\\\/\\\/shopatoa.com\\\/ro\\\/cosmetice\\\/\"},{\"@type\":\"ListItem\",\"position\":4,\"name\":\"Produse cosmetice pentru p\u0103r\",\"item\":\"https:\\\/\\\/shopatoa.com\\\/ro\\\/produse-cosmetice-pentru-par\\\/\"},{\"@type\":\"ListItem\",\"position\":5,\"name\":\"Produse cosmetice de styling\",\"item\":\"https:\\\/\\\/shopatoa.com\\\/ro\\\/produse-cosmetice-de-styling\\\/\"},{\"@type\":\"ListItem\",\"position\":6,\"name\":\"Revlon Professional Spray pentru volumPro You The Amplifier Bump Up (Volumizing Finishing Spray) 250 ml\"}]},{\"@type\":\"WebSite\",\"@id\":\"https:\\\/\\\/shopatoa.com\\\/ro\\\/#website\",\"url\":\"https:\\\/\\\/shopatoa.com\\\/ro\\\/\",\"name\":\"SHOPATOA\",\"description\":\"\",\"publisher\":{\"@id\":\"https:\\\/\\\/shopatoa.com\\\/ro\\\/#organization\"},\"potentialAction\":[{\"@type\":\"SearchAction\",\"target\":{\"@type\":\"EntryPoint\",\"urlTemplate\":\"https:\\\/\\\/shopatoa.com\\\/ro\\\/?s={search_term_string}\"},\"query-input\":{\"@type\":\"PropertyValueSpecification\",\"valueRequired\":true,\"valueName\":\"search_term_string\"}}],\"inLanguage\":\"ro-RO\"},{\"@type\":\"Organization\",\"@id\":\"https:\\\/\\\/shopatoa.com\\\/ro\\\/#organization\",\"name\":\"SHOPATOA\",\"url\":\"https:\\\/\\\/shopatoa.com\\\/ro\\\/\",\"logo\":{\"@type\":\"ImageObject\",\"inLanguage\":\"ro-RO\",\"@id\":\"https:\\\/\\\/shopatoa.com\\\/ro\\\/#\\\/schema\\\/logo\\\/image\\\/\",\"url\":\"https:\\\/\\\/storage.googleapis.com\\\/cz-shopatoa-img\\\/ro\\\/b4dac915-shopatoa_logo.png\",\"contentUrl\":\"https:\\\/\\\/storage.googleapis.com\\\/cz-shopatoa-img\\\/ro\\\/b4dac915-shopatoa_logo.png\",\"width\":416,\"height\":63,\"caption\":\"SHOPATOA\"},\"image\":{\"@id\":\"https:\\\/\\\/shopatoa.com\\\/ro\\\/#\\\/schema\\\/logo\\\/image\\\/\"}}]}<\/script>\n<!-- \/ Yoast SEO plugin. -->","yoast_head_json":{"title":"Revlon Professional Spray pentru volumPro You The Amplifier Bump Up (Volumizing Finishing Spray) 250 ml - SHOPATOA.COM","robots":{"index":"index","follow":"follow","max-snippet":"max-snippet:-1","max-image-preview":"max-image-preview:large","max-video-preview":"max-video-preview:-1"},"canonical":"https:\/\/shopatoa.com\/ro\/revlon-professional-spray-pentru-volumpro-you-the-amplifier-bump-up-volumizing-finishing-spray-250-ml\/","og_locale":"ro_RO","og_type":"article","og_title":"Revlon Professional Spray pentru volumPro You The Amplifier Bump Up (Volumizing Finishing Spray) 250 ml - SHOPATOA.COM","og_description":"Compozi\u021bia sa u\u0219oar\u0103 adaug\u0103 volum \u0219i control oric\u0103rui stil. Tehnologia Volume Boost ajut\u0103 la ridicarea p\u0103rului la r\u0103d\u0103cini \u0219i adaug\u0103 volum total. Coafura poate fi schimbat\u0103 cu u\u0219urin\u021b\u0103 \u00een orice moment.","og_url":"https:\/\/shopatoa.com\/ro\/revlon-professional-spray-pentru-volumpro-you-the-amplifier-bump-up-volumizing-finishing-spray-250-ml\/","og_site_name":"SHOPATOA","article_modified_time":"2025-12-12T11:54:39+00:00","og_image":[{"width":800,"height":800,"url":"https:\/\/storage.googleapis.com\/cz-shopatoa-img\/ro\/087d7b5b-unnamed-file.webp","type":"image\/webp"}],"twitter_card":"summary_large_image","schema":{"@context":"https:\/\/schema.org","@graph":[{"@type":"WebPage","@id":"https:\/\/shopatoa.com\/ro\/revlon-professional-spray-pentru-volumpro-you-the-amplifier-bump-up-volumizing-finishing-spray-250-ml\/","url":"https:\/\/shopatoa.com\/ro\/revlon-professional-spray-pentru-volumpro-you-the-amplifier-bump-up-volumizing-finishing-spray-250-ml\/","name":"Revlon Professional Spray pentru volumPro You The Amplifier Bump Up (Volumizing Finishing Spray) 250 ml - SHOPATOA.COM","isPartOf":{"@id":"https:\/\/shopatoa.com\/ro\/#website"},"primaryImageOfPage":{"@id":"https:\/\/shopatoa.com\/ro\/revlon-professional-spray-pentru-volumpro-you-the-amplifier-bump-up-volumizing-finishing-spray-250-ml\/#primaryimage"},"image":{"@id":"https:\/\/shopatoa.com\/ro\/revlon-professional-spray-pentru-volumpro-you-the-amplifier-bump-up-volumizing-finishing-spray-250-ml\/#primaryimage"},"thumbnailUrl":"https:\/\/storage.googleapis.com\/cz-shopatoa-img\/ro\/087d7b5b-unnamed-file.webp","datePublished":"2025-04-26T16:31:50+00:00","dateModified":"2025-12-12T11:54:39+00:00","breadcrumb":{"@id":"https:\/\/shopatoa.com\/ro\/revlon-professional-spray-pentru-volumpro-you-the-amplifier-bump-up-volumizing-finishing-spray-250-ml\/#breadcrumb"},"inLanguage":"ro-RO","potentialAction":[{"@type":"ReadAction","target":["https:\/\/shopatoa.com\/ro\/revlon-professional-spray-pentru-volumpro-you-the-amplifier-bump-up-volumizing-finishing-spray-250-ml\/"]}]},{"@type":"ImageObject","inLanguage":"ro-RO","@id":"https:\/\/shopatoa.com\/ro\/revlon-professional-spray-pentru-volumpro-you-the-amplifier-bump-up-volumizing-finishing-spray-250-ml\/#primaryimage","url":"https:\/\/storage.googleapis.com\/cz-shopatoa-img\/ro\/087d7b5b-unnamed-file.webp","contentUrl":"https:\/\/storage.googleapis.com\/cz-shopatoa-img\/ro\/087d7b5b-unnamed-file.webp","width":800,"height":800},{"@type":"BreadcrumbList","@id":"https:\/\/shopatoa.com\/ro\/revlon-professional-spray-pentru-volumpro-you-the-amplifier-bump-up-volumizing-finishing-spray-250-ml\/#breadcrumb","itemListElement":[{"@type":"ListItem","position":1,"name":"Dom\u016f","item":"https:\/\/shopatoa.com\/ro\/"},{"@type":"ListItem","position":2,"name":"Shop","item":"https:\/\/shopatoa.com\/ro\/shop\/"},{"@type":"ListItem","position":3,"name":"Cosmetice","item":"https:\/\/shopatoa.com\/ro\/cosmetice\/"},{"@type":"ListItem","position":4,"name":"Produse cosmetice pentru p\u0103r","item":"https:\/\/shopatoa.com\/ro\/produse-cosmetice-pentru-par\/"},{"@type":"ListItem","position":5,"name":"Produse cosmetice de styling","item":"https:\/\/shopatoa.com\/ro\/produse-cosmetice-de-styling\/"},{"@type":"ListItem","position":6,"name":"Revlon Professional Spray pentru volumPro You The Amplifier Bump Up (Volumizing Finishing Spray) 250 ml"}]},{"@type":"WebSite","@id":"https:\/\/shopatoa.com\/ro\/#website","url":"https:\/\/shopatoa.com\/ro\/","name":"SHOPATOA","description":"","publisher":{"@id":"https:\/\/shopatoa.com\/ro\/#organization"},"potentialAction":[{"@type":"SearchAction","target":{"@type":"EntryPoint","urlTemplate":"https:\/\/shopatoa.com\/ro\/?s={search_term_string}"},"query-input":{"@type":"PropertyValueSpecification","valueRequired":true,"valueName":"search_term_string"}}],"inLanguage":"ro-RO"},{"@type":"Organization","@id":"https:\/\/shopatoa.com\/ro\/#organization","name":"SHOPATOA","url":"https:\/\/shopatoa.com\/ro\/","logo":{"@type":"ImageObject","inLanguage":"ro-RO","@id":"https:\/\/shopatoa.com\/ro\/#\/schema\/logo\/image\/","url":"https:\/\/storage.googleapis.com\/cz-shopatoa-img\/ro\/b4dac915-shopatoa_logo.png","contentUrl":"https:\/\/storage.googleapis.com\/cz-shopatoa-img\/ro\/b4dac915-shopatoa_logo.png","width":416,"height":63,"caption":"SHOPATOA"},"image":{"@id":"https:\/\/shopatoa.com\/ro\/#\/schema\/logo\/image\/"}}]}},"_links":{"self":[{"href":"https:\/\/shopatoa.com\/ro\/wp-json\/wp\/v2\/product\/258960","targetHints":{"allow":["GET"]}}],"collection":[{"href":"https:\/\/shopatoa.com\/ro\/wp-json\/wp\/v2\/product"}],"about":[{"href":"https:\/\/shopatoa.com\/ro\/wp-json\/wp\/v2\/types\/product"}],"replies":[{"embeddable":true,"href":"https:\/\/shopatoa.com\/ro\/wp-json\/wp\/v2\/comments?post=258960"}],"wp:featuredmedia":[{"embeddable":true,"href":"https:\/\/shopatoa.com\/ro\/wp-json\/wp\/v2\/media\/335480"}],"wp:attachment":[{"href":"https:\/\/shopatoa.com\/ro\/wp-json\/wp\/v2\/media?parent=258960"}],"wp:term":[{"taxonomy":"product_brand","embeddable":true,"href":"https:\/\/shopatoa.com\/ro\/wp-json\/wp\/v2\/product_brand?post=258960"},{"taxonomy":"product_cat","embeddable":true,"href":"https:\/\/shopatoa.com\/ro\/wp-json\/wp\/v2\/product_cat?post=258960"},{"taxonomy":"product_tag","embeddable":true,"href":"https:\/\/shopatoa.com\/ro\/wp-json\/wp\/v2\/product_tag?post=258960"}],"curies":[{"name":"wp","href":"https:\/\/api.w.org\/{rel}","templated":true}]}}