{"id":258978,"date":"2025-04-26T18:40:39","date_gmt":"2025-04-26T16:40:39","guid":{"rendered":"https:\/\/shopatoa.com\/ro\/my-white-secret-benzi-de-albire-a-dintilor-cu-carbune-activwhitening-strips-14-buc\/"},"modified":"2025-12-12T12:43:17","modified_gmt":"2025-12-12T11:43:17","slug":"my-white-secret-benzi-de-albire-a-dintilor-cu-carbune-activwhitening-strips-14-buc","status":"publish","type":"product","link":"https:\/\/shopatoa.com\/ro\/my-white-secret-benzi-de-albire-a-dintilor-cu-carbune-activwhitening-strips-14-buc\/","title":{"rendered":"My White Secret Benzi de albire a din\u021bilor cu c\u0103rbune activWhitening Strips 14 buc"},"content":{"rendered":"<p>Dac\u0103 v\u0103 dori\u021bi din\u021bi albi frumo\u0219i, aceste benzi sunt anume pentru dvs. Albesc perfect din\u021bii \u0219i, \u00een acela\u0219i timp, sunt delicate cu smal\u021bul din\u021bilor. Le pute\u021bi utiliza \u00een confortul casei dvs. \u00een timpul activit\u0103\u021bilor normale. Rezultatele sunt vizibile deja dup\u0103 14 zile de utilizare obi\u0219nuit\u0103. Benzile sunt 100% naturale, cu c\u0103rbune activ \u0219i ulei de cocos, potrivite \u0219i pentru vegani.<\/p>\n","protected":false},"excerpt":{"rendered":"<p>Dac\u0103 v\u0103 dori\u021bi din\u021bi albi frumo\u0219i, aceste benzi sunt anume pentru dvs. Albesc perfect din\u021bii \u0219i, \u00een acela\u0219i timp, sunt delicate cu smal\u021bul din\u021bilor. Le pute\u021bi utiliza \u00een confortul casei dvs. \u00een timpul activit\u0103\u021bilor normale. Rezultatele sunt vizibile deja dup\u0103 14 zile de utilizare obi\u0219nuit\u0103. Benzile sunt 100% naturale, cu c\u0103rbune activ \u0219i ulei de&#8230;<\/p>\n","protected":false},"featured_media":335497,"comment_status":"closed","ping_status":"open","template":"","meta":{"_acf_changed":false,"_kadence_starter_templates_imported_post":false,"_kad_post_transparent":"","_kad_post_title":"","_kad_post_layout":"","_kad_post_sidebar_id":"","_kad_post_content_style":"","_kad_post_vertical_padding":"","_kad_post_feature":"","_kad_post_feature_position":"","_kad_post_header":false,"_kad_post_footer":false,"_kad_post_classname":""},"product_brand":[425],"product_cat":[829,246,828,709],"product_tag":[],"class_list":{"0":"post-258978","1":"product","2":"type-product","3":"status-publish","4":"has-post-thumbnail","6":"product_brand-my-white-secret","7":"product_cat-albirea-dintilor","8":"product_cat-cosmetice","9":"product_cat-ingrijire-speciala-orala","10":"product_cat-ingrijirea-dentara","12":"first","13":"instock","14":"sale","15":"product-type-external","16":"entry","17":"content-bg","18":"loop-entry"},"acf":[],"yoast_head":"<!-- This site is optimized with the Yoast SEO plugin v27.4 - https:\/\/yoast.com\/product\/yoast-seo-wordpress\/ -->\n<title>My White Secret Benzi de albire a din\u021bilor cu c\u0103rbune activWhitening Strips 14 buc - SHOPATOA.COM<\/title>\n<meta name=\"robots\" content=\"index, follow, max-snippet:-1, max-image-preview:large, max-video-preview:-1\" \/>\n<link rel=\"canonical\" href=\"https:\/\/shopatoa.com\/ro\/my-white-secret-benzi-de-albire-a-dintilor-cu-carbune-activwhitening-strips-14-buc\/\" \/>\n<meta property=\"og:locale\" content=\"ro_RO\" \/>\n<meta property=\"og:type\" content=\"article\" \/>\n<meta property=\"og:title\" content=\"My White Secret Benzi de albire a din\u021bilor cu c\u0103rbune activWhitening Strips 14 buc - SHOPATOA.COM\" \/>\n<meta property=\"og:description\" content=\"Dac\u0103 v\u0103 dori\u021bi din\u021bi albi frumo\u0219i, aceste benzi sunt anume pentru dvs. Albesc perfect din\u021bii \u0219i, \u00een acela\u0219i timp, sunt delicate cu smal\u021bul din\u021bilor. Le pute\u021bi utiliza \u00een confortul casei dvs. \u00een timpul activit\u0103\u021bilor normale. Rezultatele sunt vizibile deja dup\u0103 14 zile de utilizare obi\u0219nuit\u0103. Benzile sunt 100% naturale, cu c\u0103rbune activ \u0219i ulei de...\" \/>\n<meta property=\"og:url\" content=\"https:\/\/shopatoa.com\/ro\/my-white-secret-benzi-de-albire-a-dintilor-cu-carbune-activwhitening-strips-14-buc\/\" \/>\n<meta property=\"og:site_name\" content=\"SHOPATOA\" \/>\n<meta property=\"article:modified_time\" content=\"2025-12-12T11:43:17+00:00\" \/>\n<meta property=\"og:image\" content=\"https:\/\/storage.googleapis.com\/cz-shopatoa-img\/ro\/279873f4-unnamed-file.webp\" \/>\n\t<meta property=\"og:image:width\" content=\"800\" \/>\n\t<meta property=\"og:image:height\" content=\"800\" \/>\n\t<meta property=\"og:image:type\" content=\"image\/webp\" \/>\n<meta name=\"twitter:card\" content=\"summary_large_image\" \/>\n<script type=\"application\/ld+json\" class=\"yoast-schema-graph\">{\"@context\":\"https:\\\/\\\/schema.org\",\"@graph\":[{\"@type\":\"WebPage\",\"@id\":\"https:\\\/\\\/shopatoa.com\\\/ro\\\/my-white-secret-benzi-de-albire-a-dintilor-cu-carbune-activwhitening-strips-14-buc\\\/\",\"url\":\"https:\\\/\\\/shopatoa.com\\\/ro\\\/my-white-secret-benzi-de-albire-a-dintilor-cu-carbune-activwhitening-strips-14-buc\\\/\",\"name\":\"My White Secret Benzi de albire a din\u021bilor cu c\u0103rbune activWhitening Strips 14 buc - SHOPATOA.COM\",\"isPartOf\":{\"@id\":\"https:\\\/\\\/shopatoa.com\\\/ro\\\/#website\"},\"primaryImageOfPage\":{\"@id\":\"https:\\\/\\\/shopatoa.com\\\/ro\\\/my-white-secret-benzi-de-albire-a-dintilor-cu-carbune-activwhitening-strips-14-buc\\\/#primaryimage\"},\"image\":{\"@id\":\"https:\\\/\\\/shopatoa.com\\\/ro\\\/my-white-secret-benzi-de-albire-a-dintilor-cu-carbune-activwhitening-strips-14-buc\\\/#primaryimage\"},\"thumbnailUrl\":\"https:\\\/\\\/storage.googleapis.com\\\/cz-shopatoa-img\\\/ro\\\/279873f4-unnamed-file.webp\",\"datePublished\":\"2025-04-26T16:40:39+00:00\",\"dateModified\":\"2025-12-12T11:43:17+00:00\",\"breadcrumb\":{\"@id\":\"https:\\\/\\\/shopatoa.com\\\/ro\\\/my-white-secret-benzi-de-albire-a-dintilor-cu-carbune-activwhitening-strips-14-buc\\\/#breadcrumb\"},\"inLanguage\":\"ro-RO\",\"potentialAction\":[{\"@type\":\"ReadAction\",\"target\":[\"https:\\\/\\\/shopatoa.com\\\/ro\\\/my-white-secret-benzi-de-albire-a-dintilor-cu-carbune-activwhitening-strips-14-buc\\\/\"]}]},{\"@type\":\"ImageObject\",\"inLanguage\":\"ro-RO\",\"@id\":\"https:\\\/\\\/shopatoa.com\\\/ro\\\/my-white-secret-benzi-de-albire-a-dintilor-cu-carbune-activwhitening-strips-14-buc\\\/#primaryimage\",\"url\":\"https:\\\/\\\/storage.googleapis.com\\\/cz-shopatoa-img\\\/ro\\\/279873f4-unnamed-file.webp\",\"contentUrl\":\"https:\\\/\\\/storage.googleapis.com\\\/cz-shopatoa-img\\\/ro\\\/279873f4-unnamed-file.webp\",\"width\":800,\"height\":800},{\"@type\":\"BreadcrumbList\",\"@id\":\"https:\\\/\\\/shopatoa.com\\\/ro\\\/my-white-secret-benzi-de-albire-a-dintilor-cu-carbune-activwhitening-strips-14-buc\\\/#breadcrumb\",\"itemListElement\":[{\"@type\":\"ListItem\",\"position\":1,\"name\":\"Dom\u016f\",\"item\":\"https:\\\/\\\/shopatoa.com\\\/ro\\\/\"},{\"@type\":\"ListItem\",\"position\":2,\"name\":\"Shop\",\"item\":\"https:\\\/\\\/shopatoa.com\\\/ro\\\/shop\\\/\"},{\"@type\":\"ListItem\",\"position\":3,\"name\":\"Cosmetice\",\"item\":\"https:\\\/\\\/shopatoa.com\\\/ro\\\/cosmetice\\\/\"},{\"@type\":\"ListItem\",\"position\":4,\"name\":\"\u00cengrijirea dentar\u0103\",\"item\":\"https:\\\/\\\/shopatoa.com\\\/ro\\\/ingrijirea-dentara\\\/\"},{\"@type\":\"ListItem\",\"position\":5,\"name\":\"\u00cengrijire special\u0103 oral\u0103\",\"item\":\"https:\\\/\\\/shopatoa.com\\\/ro\\\/ingrijire-speciala-orala\\\/\"},{\"@type\":\"ListItem\",\"position\":6,\"name\":\"Albirea dintilor\",\"item\":\"https:\\\/\\\/shopatoa.com\\\/ro\\\/albirea-dintilor\\\/\"},{\"@type\":\"ListItem\",\"position\":7,\"name\":\"My White Secret Benzi de albire a din\u021bilor cu c\u0103rbune activWhitening Strips 14 buc\"}]},{\"@type\":\"WebSite\",\"@id\":\"https:\\\/\\\/shopatoa.com\\\/ro\\\/#website\",\"url\":\"https:\\\/\\\/shopatoa.com\\\/ro\\\/\",\"name\":\"SHOPATOA\",\"description\":\"\",\"publisher\":{\"@id\":\"https:\\\/\\\/shopatoa.com\\\/ro\\\/#organization\"},\"potentialAction\":[{\"@type\":\"SearchAction\",\"target\":{\"@type\":\"EntryPoint\",\"urlTemplate\":\"https:\\\/\\\/shopatoa.com\\\/ro\\\/?s={search_term_string}\"},\"query-input\":{\"@type\":\"PropertyValueSpecification\",\"valueRequired\":true,\"valueName\":\"search_term_string\"}}],\"inLanguage\":\"ro-RO\"},{\"@type\":\"Organization\",\"@id\":\"https:\\\/\\\/shopatoa.com\\\/ro\\\/#organization\",\"name\":\"SHOPATOA\",\"url\":\"https:\\\/\\\/shopatoa.com\\\/ro\\\/\",\"logo\":{\"@type\":\"ImageObject\",\"inLanguage\":\"ro-RO\",\"@id\":\"https:\\\/\\\/shopatoa.com\\\/ro\\\/#\\\/schema\\\/logo\\\/image\\\/\",\"url\":\"https:\\\/\\\/storage.googleapis.com\\\/cz-shopatoa-img\\\/ro\\\/b4dac915-shopatoa_logo.png\",\"contentUrl\":\"https:\\\/\\\/storage.googleapis.com\\\/cz-shopatoa-img\\\/ro\\\/b4dac915-shopatoa_logo.png\",\"width\":416,\"height\":63,\"caption\":\"SHOPATOA\"},\"image\":{\"@id\":\"https:\\\/\\\/shopatoa.com\\\/ro\\\/#\\\/schema\\\/logo\\\/image\\\/\"}}]}<\/script>\n<!-- \/ Yoast SEO plugin. -->","yoast_head_json":{"title":"My White Secret Benzi de albire a din\u021bilor cu c\u0103rbune activWhitening Strips 14 buc - SHOPATOA.COM","robots":{"index":"index","follow":"follow","max-snippet":"max-snippet:-1","max-image-preview":"max-image-preview:large","max-video-preview":"max-video-preview:-1"},"canonical":"https:\/\/shopatoa.com\/ro\/my-white-secret-benzi-de-albire-a-dintilor-cu-carbune-activwhitening-strips-14-buc\/","og_locale":"ro_RO","og_type":"article","og_title":"My White Secret Benzi de albire a din\u021bilor cu c\u0103rbune activWhitening Strips 14 buc - SHOPATOA.COM","og_description":"Dac\u0103 v\u0103 dori\u021bi din\u021bi albi frumo\u0219i, aceste benzi sunt anume pentru dvs. Albesc perfect din\u021bii \u0219i, \u00een acela\u0219i timp, sunt delicate cu smal\u021bul din\u021bilor. Le pute\u021bi utiliza \u00een confortul casei dvs. \u00een timpul activit\u0103\u021bilor normale. Rezultatele sunt vizibile deja dup\u0103 14 zile de utilizare obi\u0219nuit\u0103. Benzile sunt 100% naturale, cu c\u0103rbune activ \u0219i ulei de...","og_url":"https:\/\/shopatoa.com\/ro\/my-white-secret-benzi-de-albire-a-dintilor-cu-carbune-activwhitening-strips-14-buc\/","og_site_name":"SHOPATOA","article_modified_time":"2025-12-12T11:43:17+00:00","og_image":[{"width":800,"height":800,"url":"https:\/\/storage.googleapis.com\/cz-shopatoa-img\/ro\/279873f4-unnamed-file.webp","type":"image\/webp"}],"twitter_card":"summary_large_image","schema":{"@context":"https:\/\/schema.org","@graph":[{"@type":"WebPage","@id":"https:\/\/shopatoa.com\/ro\/my-white-secret-benzi-de-albire-a-dintilor-cu-carbune-activwhitening-strips-14-buc\/","url":"https:\/\/shopatoa.com\/ro\/my-white-secret-benzi-de-albire-a-dintilor-cu-carbune-activwhitening-strips-14-buc\/","name":"My White Secret Benzi de albire a din\u021bilor cu c\u0103rbune activWhitening Strips 14 buc - SHOPATOA.COM","isPartOf":{"@id":"https:\/\/shopatoa.com\/ro\/#website"},"primaryImageOfPage":{"@id":"https:\/\/shopatoa.com\/ro\/my-white-secret-benzi-de-albire-a-dintilor-cu-carbune-activwhitening-strips-14-buc\/#primaryimage"},"image":{"@id":"https:\/\/shopatoa.com\/ro\/my-white-secret-benzi-de-albire-a-dintilor-cu-carbune-activwhitening-strips-14-buc\/#primaryimage"},"thumbnailUrl":"https:\/\/storage.googleapis.com\/cz-shopatoa-img\/ro\/279873f4-unnamed-file.webp","datePublished":"2025-04-26T16:40:39+00:00","dateModified":"2025-12-12T11:43:17+00:00","breadcrumb":{"@id":"https:\/\/shopatoa.com\/ro\/my-white-secret-benzi-de-albire-a-dintilor-cu-carbune-activwhitening-strips-14-buc\/#breadcrumb"},"inLanguage":"ro-RO","potentialAction":[{"@type":"ReadAction","target":["https:\/\/shopatoa.com\/ro\/my-white-secret-benzi-de-albire-a-dintilor-cu-carbune-activwhitening-strips-14-buc\/"]}]},{"@type":"ImageObject","inLanguage":"ro-RO","@id":"https:\/\/shopatoa.com\/ro\/my-white-secret-benzi-de-albire-a-dintilor-cu-carbune-activwhitening-strips-14-buc\/#primaryimage","url":"https:\/\/storage.googleapis.com\/cz-shopatoa-img\/ro\/279873f4-unnamed-file.webp","contentUrl":"https:\/\/storage.googleapis.com\/cz-shopatoa-img\/ro\/279873f4-unnamed-file.webp","width":800,"height":800},{"@type":"BreadcrumbList","@id":"https:\/\/shopatoa.com\/ro\/my-white-secret-benzi-de-albire-a-dintilor-cu-carbune-activwhitening-strips-14-buc\/#breadcrumb","itemListElement":[{"@type":"ListItem","position":1,"name":"Dom\u016f","item":"https:\/\/shopatoa.com\/ro\/"},{"@type":"ListItem","position":2,"name":"Shop","item":"https:\/\/shopatoa.com\/ro\/shop\/"},{"@type":"ListItem","position":3,"name":"Cosmetice","item":"https:\/\/shopatoa.com\/ro\/cosmetice\/"},{"@type":"ListItem","position":4,"name":"\u00cengrijirea dentar\u0103","item":"https:\/\/shopatoa.com\/ro\/ingrijirea-dentara\/"},{"@type":"ListItem","position":5,"name":"\u00cengrijire special\u0103 oral\u0103","item":"https:\/\/shopatoa.com\/ro\/ingrijire-speciala-orala\/"},{"@type":"ListItem","position":6,"name":"Albirea dintilor","item":"https:\/\/shopatoa.com\/ro\/albirea-dintilor\/"},{"@type":"ListItem","position":7,"name":"My White Secret Benzi de albire a din\u021bilor cu c\u0103rbune activWhitening Strips 14 buc"}]},{"@type":"WebSite","@id":"https:\/\/shopatoa.com\/ro\/#website","url":"https:\/\/shopatoa.com\/ro\/","name":"SHOPATOA","description":"","publisher":{"@id":"https:\/\/shopatoa.com\/ro\/#organization"},"potentialAction":[{"@type":"SearchAction","target":{"@type":"EntryPoint","urlTemplate":"https:\/\/shopatoa.com\/ro\/?s={search_term_string}"},"query-input":{"@type":"PropertyValueSpecification","valueRequired":true,"valueName":"search_term_string"}}],"inLanguage":"ro-RO"},{"@type":"Organization","@id":"https:\/\/shopatoa.com\/ro\/#organization","name":"SHOPATOA","url":"https:\/\/shopatoa.com\/ro\/","logo":{"@type":"ImageObject","inLanguage":"ro-RO","@id":"https:\/\/shopatoa.com\/ro\/#\/schema\/logo\/image\/","url":"https:\/\/storage.googleapis.com\/cz-shopatoa-img\/ro\/b4dac915-shopatoa_logo.png","contentUrl":"https:\/\/storage.googleapis.com\/cz-shopatoa-img\/ro\/b4dac915-shopatoa_logo.png","width":416,"height":63,"caption":"SHOPATOA"},"image":{"@id":"https:\/\/shopatoa.com\/ro\/#\/schema\/logo\/image\/"}}]}},"_links":{"self":[{"href":"https:\/\/shopatoa.com\/ro\/wp-json\/wp\/v2\/product\/258978","targetHints":{"allow":["GET"]}}],"collection":[{"href":"https:\/\/shopatoa.com\/ro\/wp-json\/wp\/v2\/product"}],"about":[{"href":"https:\/\/shopatoa.com\/ro\/wp-json\/wp\/v2\/types\/product"}],"replies":[{"embeddable":true,"href":"https:\/\/shopatoa.com\/ro\/wp-json\/wp\/v2\/comments?post=258978"}],"wp:featuredmedia":[{"embeddable":true,"href":"https:\/\/shopatoa.com\/ro\/wp-json\/wp\/v2\/media\/335497"}],"wp:attachment":[{"href":"https:\/\/shopatoa.com\/ro\/wp-json\/wp\/v2\/media?parent=258978"}],"wp:term":[{"taxonomy":"product_brand","embeddable":true,"href":"https:\/\/shopatoa.com\/ro\/wp-json\/wp\/v2\/product_brand?post=258978"},{"taxonomy":"product_cat","embeddable":true,"href":"https:\/\/shopatoa.com\/ro\/wp-json\/wp\/v2\/product_cat?post=258978"},{"taxonomy":"product_tag","embeddable":true,"href":"https:\/\/shopatoa.com\/ro\/wp-json\/wp\/v2\/product_tag?post=258978"}],"curies":[{"name":"wp","href":"https:\/\/api.w.org\/{rel}","templated":true}]}}