{"id":259018,"date":"2025-04-26T18:55:47","date_gmt":"2025-04-26T16:55:47","guid":{"rendered":"https:\/\/shopatoa.com\/ro\/balmain-ser-hidratant-pentru-par-deteriorat-argan-moisturizing-elixir-100-ml\/"},"modified":"2025-12-12T12:14:40","modified_gmt":"2025-12-12T11:14:40","slug":"balmain-ser-hidratant-pentru-par-deteriorat-argan-moisturizing-elixir-100-ml","status":"publish","type":"product","link":"https:\/\/shopatoa.com\/ro\/balmain-ser-hidratant-pentru-par-deteriorat-argan-moisturizing-elixir-100-ml\/","title":{"rendered":"Balmain Ser hidratant pentru p\u0103r deteriorat (Argan Moisturizing Elixir) 100 ml"},"content":{"rendered":"<p>Ser hidratant din ulei de argan organic pentru un aspect str\u0103lucitor, ofer\u0103 un sprijin imediat \u0219i creeaz\u0103 un aspect neted \u0219i s\u0103n\u0103tos p\u0103rului. Ingredientele, proteina de m\u0103tase \u0219i uleiul de argan, stimuleaz\u0103 reten\u021bia optim\u0103 a umezelii \u00een celula p\u0103rului, repar\u0103 \u0219i protejeaz\u0103 p\u0103rul deteriorat, uscat \u0219i slab de influen\u021bele extreme ale mediului. Nu las\u0103 urme \u00een p\u0103r.<\/p>\n","protected":false},"excerpt":{"rendered":"<p>Ser hidratant din ulei de argan organic pentru un aspect str\u0103lucitor, ofer\u0103 un sprijin imediat \u0219i creeaz\u0103 un aspect neted \u0219i s\u0103n\u0103tos p\u0103rului. Ingredientele, proteina de m\u0103tase \u0219i uleiul de argan, stimuleaz\u0103 reten\u021bia optim\u0103 a umezelii \u00een celula p\u0103rului, repar\u0103 \u0219i protejeaz\u0103 p\u0103rul deteriorat, uscat \u0219i slab de influen\u021bele extreme ale mediului. Nu las\u0103 urme&#8230;<\/p>\n","protected":false},"featured_media":335542,"comment_status":"closed","ping_status":"open","template":"","meta":{"_acf_changed":false,"_kadence_starter_templates_imported_post":false,"_kad_post_transparent":"","_kad_post_title":"","_kad_post_layout":"","_kad_post_sidebar_id":"","_kad_post_content_style":"","_kad_post_vertical_padding":"","_kad_post_feature":"","_kad_post_feature_position":"","_kad_post_header":false,"_kad_post_footer":false,"_kad_post_classname":""},"product_brand":[469],"product_cat":[246,696,623],"product_tag":[],"class_list":{"0":"post-259018","1":"product","2":"type-product","3":"status-publish","4":"has-post-thumbnail","6":"product_brand-balmain","7":"product_cat-cosmetice","8":"product_cat-ingrijirea-parului-fara-clatire","9":"product_cat-produse-cosmetice-pentru-par","11":"first","12":"instock","13":"sale","14":"product-type-external","15":"entry","16":"content-bg","17":"loop-entry"},"acf":[],"yoast_head":"<!-- This site is optimized with the Yoast SEO plugin v27.4 - https:\/\/yoast.com\/product\/yoast-seo-wordpress\/ -->\n<title>Balmain Ser hidratant pentru p\u0103r deteriorat (Argan Moisturizing Elixir) 100 ml - SHOPATOA.COM<\/title>\n<meta name=\"robots\" content=\"index, follow, max-snippet:-1, max-image-preview:large, max-video-preview:-1\" \/>\n<link rel=\"canonical\" href=\"https:\/\/shopatoa.com\/ro\/balmain-ser-hidratant-pentru-par-deteriorat-argan-moisturizing-elixir-100-ml\/\" \/>\n<meta property=\"og:locale\" content=\"ro_RO\" \/>\n<meta property=\"og:type\" content=\"article\" \/>\n<meta property=\"og:title\" content=\"Balmain Ser hidratant pentru p\u0103r deteriorat (Argan Moisturizing Elixir) 100 ml - SHOPATOA.COM\" \/>\n<meta property=\"og:description\" content=\"Ser hidratant din ulei de argan organic pentru un aspect str\u0103lucitor, ofer\u0103 un sprijin imediat \u0219i creeaz\u0103 un aspect neted \u0219i s\u0103n\u0103tos p\u0103rului. Ingredientele, proteina de m\u0103tase \u0219i uleiul de argan, stimuleaz\u0103 reten\u021bia optim\u0103 a umezelii \u00een celula p\u0103rului, repar\u0103 \u0219i protejeaz\u0103 p\u0103rul deteriorat, uscat \u0219i slab de influen\u021bele extreme ale mediului. Nu las\u0103 urme...\" \/>\n<meta property=\"og:url\" content=\"https:\/\/shopatoa.com\/ro\/balmain-ser-hidratant-pentru-par-deteriorat-argan-moisturizing-elixir-100-ml\/\" \/>\n<meta property=\"og:site_name\" content=\"SHOPATOA\" \/>\n<meta property=\"article:modified_time\" content=\"2025-12-12T11:14:40+00:00\" \/>\n<meta property=\"og:image\" content=\"https:\/\/storage.googleapis.com\/cz-shopatoa-img\/ro\/9852f096-unnamed-file.webp\" \/>\n\t<meta property=\"og:image:width\" content=\"800\" \/>\n\t<meta property=\"og:image:height\" content=\"800\" \/>\n\t<meta property=\"og:image:type\" content=\"image\/webp\" \/>\n<meta name=\"twitter:card\" content=\"summary_large_image\" \/>\n<script type=\"application\/ld+json\" class=\"yoast-schema-graph\">{\"@context\":\"https:\\\/\\\/schema.org\",\"@graph\":[{\"@type\":\"WebPage\",\"@id\":\"https:\\\/\\\/shopatoa.com\\\/ro\\\/balmain-ser-hidratant-pentru-par-deteriorat-argan-moisturizing-elixir-100-ml\\\/\",\"url\":\"https:\\\/\\\/shopatoa.com\\\/ro\\\/balmain-ser-hidratant-pentru-par-deteriorat-argan-moisturizing-elixir-100-ml\\\/\",\"name\":\"Balmain Ser hidratant pentru p\u0103r deteriorat (Argan Moisturizing Elixir) 100 ml - SHOPATOA.COM\",\"isPartOf\":{\"@id\":\"https:\\\/\\\/shopatoa.com\\\/ro\\\/#website\"},\"primaryImageOfPage\":{\"@id\":\"https:\\\/\\\/shopatoa.com\\\/ro\\\/balmain-ser-hidratant-pentru-par-deteriorat-argan-moisturizing-elixir-100-ml\\\/#primaryimage\"},\"image\":{\"@id\":\"https:\\\/\\\/shopatoa.com\\\/ro\\\/balmain-ser-hidratant-pentru-par-deteriorat-argan-moisturizing-elixir-100-ml\\\/#primaryimage\"},\"thumbnailUrl\":\"https:\\\/\\\/storage.googleapis.com\\\/cz-shopatoa-img\\\/ro\\\/9852f096-unnamed-file.webp\",\"datePublished\":\"2025-04-26T16:55:47+00:00\",\"dateModified\":\"2025-12-12T11:14:40+00:00\",\"breadcrumb\":{\"@id\":\"https:\\\/\\\/shopatoa.com\\\/ro\\\/balmain-ser-hidratant-pentru-par-deteriorat-argan-moisturizing-elixir-100-ml\\\/#breadcrumb\"},\"inLanguage\":\"ro-RO\",\"potentialAction\":[{\"@type\":\"ReadAction\",\"target\":[\"https:\\\/\\\/shopatoa.com\\\/ro\\\/balmain-ser-hidratant-pentru-par-deteriorat-argan-moisturizing-elixir-100-ml\\\/\"]}]},{\"@type\":\"ImageObject\",\"inLanguage\":\"ro-RO\",\"@id\":\"https:\\\/\\\/shopatoa.com\\\/ro\\\/balmain-ser-hidratant-pentru-par-deteriorat-argan-moisturizing-elixir-100-ml\\\/#primaryimage\",\"url\":\"https:\\\/\\\/storage.googleapis.com\\\/cz-shopatoa-img\\\/ro\\\/9852f096-unnamed-file.webp\",\"contentUrl\":\"https:\\\/\\\/storage.googleapis.com\\\/cz-shopatoa-img\\\/ro\\\/9852f096-unnamed-file.webp\",\"width\":800,\"height\":800},{\"@type\":\"BreadcrumbList\",\"@id\":\"https:\\\/\\\/shopatoa.com\\\/ro\\\/balmain-ser-hidratant-pentru-par-deteriorat-argan-moisturizing-elixir-100-ml\\\/#breadcrumb\",\"itemListElement\":[{\"@type\":\"ListItem\",\"position\":1,\"name\":\"Dom\u016f\",\"item\":\"https:\\\/\\\/shopatoa.com\\\/ro\\\/\"},{\"@type\":\"ListItem\",\"position\":2,\"name\":\"Shop\",\"item\":\"https:\\\/\\\/shopatoa.com\\\/ro\\\/shop\\\/\"},{\"@type\":\"ListItem\",\"position\":3,\"name\":\"Cosmetice\",\"item\":\"https:\\\/\\\/shopatoa.com\\\/ro\\\/cosmetice\\\/\"},{\"@type\":\"ListItem\",\"position\":4,\"name\":\"Produse cosmetice pentru p\u0103r\",\"item\":\"https:\\\/\\\/shopatoa.com\\\/ro\\\/produse-cosmetice-pentru-par\\\/\"},{\"@type\":\"ListItem\",\"position\":5,\"name\":\"\u00cengrijirea p\u0103rului f\u0103r\u0103 cl\u0103tire\",\"item\":\"https:\\\/\\\/shopatoa.com\\\/ro\\\/ingrijirea-parului-fara-clatire\\\/\"},{\"@type\":\"ListItem\",\"position\":6,\"name\":\"Balmain Ser hidratant pentru p\u0103r deteriorat (Argan Moisturizing Elixir) 100 ml\"}]},{\"@type\":\"WebSite\",\"@id\":\"https:\\\/\\\/shopatoa.com\\\/ro\\\/#website\",\"url\":\"https:\\\/\\\/shopatoa.com\\\/ro\\\/\",\"name\":\"SHOPATOA\",\"description\":\"\",\"publisher\":{\"@id\":\"https:\\\/\\\/shopatoa.com\\\/ro\\\/#organization\"},\"potentialAction\":[{\"@type\":\"SearchAction\",\"target\":{\"@type\":\"EntryPoint\",\"urlTemplate\":\"https:\\\/\\\/shopatoa.com\\\/ro\\\/?s={search_term_string}\"},\"query-input\":{\"@type\":\"PropertyValueSpecification\",\"valueRequired\":true,\"valueName\":\"search_term_string\"}}],\"inLanguage\":\"ro-RO\"},{\"@type\":\"Organization\",\"@id\":\"https:\\\/\\\/shopatoa.com\\\/ro\\\/#organization\",\"name\":\"SHOPATOA\",\"url\":\"https:\\\/\\\/shopatoa.com\\\/ro\\\/\",\"logo\":{\"@type\":\"ImageObject\",\"inLanguage\":\"ro-RO\",\"@id\":\"https:\\\/\\\/shopatoa.com\\\/ro\\\/#\\\/schema\\\/logo\\\/image\\\/\",\"url\":\"https:\\\/\\\/storage.googleapis.com\\\/cz-shopatoa-img\\\/ro\\\/b4dac915-shopatoa_logo.png\",\"contentUrl\":\"https:\\\/\\\/storage.googleapis.com\\\/cz-shopatoa-img\\\/ro\\\/b4dac915-shopatoa_logo.png\",\"width\":416,\"height\":63,\"caption\":\"SHOPATOA\"},\"image\":{\"@id\":\"https:\\\/\\\/shopatoa.com\\\/ro\\\/#\\\/schema\\\/logo\\\/image\\\/\"}}]}<\/script>\n<!-- \/ Yoast SEO plugin. -->","yoast_head_json":{"title":"Balmain Ser hidratant pentru p\u0103r deteriorat (Argan Moisturizing Elixir) 100 ml - SHOPATOA.COM","robots":{"index":"index","follow":"follow","max-snippet":"max-snippet:-1","max-image-preview":"max-image-preview:large","max-video-preview":"max-video-preview:-1"},"canonical":"https:\/\/shopatoa.com\/ro\/balmain-ser-hidratant-pentru-par-deteriorat-argan-moisturizing-elixir-100-ml\/","og_locale":"ro_RO","og_type":"article","og_title":"Balmain Ser hidratant pentru p\u0103r deteriorat (Argan Moisturizing Elixir) 100 ml - SHOPATOA.COM","og_description":"Ser hidratant din ulei de argan organic pentru un aspect str\u0103lucitor, ofer\u0103 un sprijin imediat \u0219i creeaz\u0103 un aspect neted \u0219i s\u0103n\u0103tos p\u0103rului. Ingredientele, proteina de m\u0103tase \u0219i uleiul de argan, stimuleaz\u0103 reten\u021bia optim\u0103 a umezelii \u00een celula p\u0103rului, repar\u0103 \u0219i protejeaz\u0103 p\u0103rul deteriorat, uscat \u0219i slab de influen\u021bele extreme ale mediului. Nu las\u0103 urme...","og_url":"https:\/\/shopatoa.com\/ro\/balmain-ser-hidratant-pentru-par-deteriorat-argan-moisturizing-elixir-100-ml\/","og_site_name":"SHOPATOA","article_modified_time":"2025-12-12T11:14:40+00:00","og_image":[{"width":800,"height":800,"url":"https:\/\/storage.googleapis.com\/cz-shopatoa-img\/ro\/9852f096-unnamed-file.webp","type":"image\/webp"}],"twitter_card":"summary_large_image","schema":{"@context":"https:\/\/schema.org","@graph":[{"@type":"WebPage","@id":"https:\/\/shopatoa.com\/ro\/balmain-ser-hidratant-pentru-par-deteriorat-argan-moisturizing-elixir-100-ml\/","url":"https:\/\/shopatoa.com\/ro\/balmain-ser-hidratant-pentru-par-deteriorat-argan-moisturizing-elixir-100-ml\/","name":"Balmain Ser hidratant pentru p\u0103r deteriorat (Argan Moisturizing Elixir) 100 ml - SHOPATOA.COM","isPartOf":{"@id":"https:\/\/shopatoa.com\/ro\/#website"},"primaryImageOfPage":{"@id":"https:\/\/shopatoa.com\/ro\/balmain-ser-hidratant-pentru-par-deteriorat-argan-moisturizing-elixir-100-ml\/#primaryimage"},"image":{"@id":"https:\/\/shopatoa.com\/ro\/balmain-ser-hidratant-pentru-par-deteriorat-argan-moisturizing-elixir-100-ml\/#primaryimage"},"thumbnailUrl":"https:\/\/storage.googleapis.com\/cz-shopatoa-img\/ro\/9852f096-unnamed-file.webp","datePublished":"2025-04-26T16:55:47+00:00","dateModified":"2025-12-12T11:14:40+00:00","breadcrumb":{"@id":"https:\/\/shopatoa.com\/ro\/balmain-ser-hidratant-pentru-par-deteriorat-argan-moisturizing-elixir-100-ml\/#breadcrumb"},"inLanguage":"ro-RO","potentialAction":[{"@type":"ReadAction","target":["https:\/\/shopatoa.com\/ro\/balmain-ser-hidratant-pentru-par-deteriorat-argan-moisturizing-elixir-100-ml\/"]}]},{"@type":"ImageObject","inLanguage":"ro-RO","@id":"https:\/\/shopatoa.com\/ro\/balmain-ser-hidratant-pentru-par-deteriorat-argan-moisturizing-elixir-100-ml\/#primaryimage","url":"https:\/\/storage.googleapis.com\/cz-shopatoa-img\/ro\/9852f096-unnamed-file.webp","contentUrl":"https:\/\/storage.googleapis.com\/cz-shopatoa-img\/ro\/9852f096-unnamed-file.webp","width":800,"height":800},{"@type":"BreadcrumbList","@id":"https:\/\/shopatoa.com\/ro\/balmain-ser-hidratant-pentru-par-deteriorat-argan-moisturizing-elixir-100-ml\/#breadcrumb","itemListElement":[{"@type":"ListItem","position":1,"name":"Dom\u016f","item":"https:\/\/shopatoa.com\/ro\/"},{"@type":"ListItem","position":2,"name":"Shop","item":"https:\/\/shopatoa.com\/ro\/shop\/"},{"@type":"ListItem","position":3,"name":"Cosmetice","item":"https:\/\/shopatoa.com\/ro\/cosmetice\/"},{"@type":"ListItem","position":4,"name":"Produse cosmetice pentru p\u0103r","item":"https:\/\/shopatoa.com\/ro\/produse-cosmetice-pentru-par\/"},{"@type":"ListItem","position":5,"name":"\u00cengrijirea p\u0103rului f\u0103r\u0103 cl\u0103tire","item":"https:\/\/shopatoa.com\/ro\/ingrijirea-parului-fara-clatire\/"},{"@type":"ListItem","position":6,"name":"Balmain Ser hidratant pentru p\u0103r deteriorat (Argan Moisturizing Elixir) 100 ml"}]},{"@type":"WebSite","@id":"https:\/\/shopatoa.com\/ro\/#website","url":"https:\/\/shopatoa.com\/ro\/","name":"SHOPATOA","description":"","publisher":{"@id":"https:\/\/shopatoa.com\/ro\/#organization"},"potentialAction":[{"@type":"SearchAction","target":{"@type":"EntryPoint","urlTemplate":"https:\/\/shopatoa.com\/ro\/?s={search_term_string}"},"query-input":{"@type":"PropertyValueSpecification","valueRequired":true,"valueName":"search_term_string"}}],"inLanguage":"ro-RO"},{"@type":"Organization","@id":"https:\/\/shopatoa.com\/ro\/#organization","name":"SHOPATOA","url":"https:\/\/shopatoa.com\/ro\/","logo":{"@type":"ImageObject","inLanguage":"ro-RO","@id":"https:\/\/shopatoa.com\/ro\/#\/schema\/logo\/image\/","url":"https:\/\/storage.googleapis.com\/cz-shopatoa-img\/ro\/b4dac915-shopatoa_logo.png","contentUrl":"https:\/\/storage.googleapis.com\/cz-shopatoa-img\/ro\/b4dac915-shopatoa_logo.png","width":416,"height":63,"caption":"SHOPATOA"},"image":{"@id":"https:\/\/shopatoa.com\/ro\/#\/schema\/logo\/image\/"}}]}},"_links":{"self":[{"href":"https:\/\/shopatoa.com\/ro\/wp-json\/wp\/v2\/product\/259018","targetHints":{"allow":["GET"]}}],"collection":[{"href":"https:\/\/shopatoa.com\/ro\/wp-json\/wp\/v2\/product"}],"about":[{"href":"https:\/\/shopatoa.com\/ro\/wp-json\/wp\/v2\/types\/product"}],"replies":[{"embeddable":true,"href":"https:\/\/shopatoa.com\/ro\/wp-json\/wp\/v2\/comments?post=259018"}],"wp:featuredmedia":[{"embeddable":true,"href":"https:\/\/shopatoa.com\/ro\/wp-json\/wp\/v2\/media\/335542"}],"wp:attachment":[{"href":"https:\/\/shopatoa.com\/ro\/wp-json\/wp\/v2\/media?parent=259018"}],"wp:term":[{"taxonomy":"product_brand","embeddable":true,"href":"https:\/\/shopatoa.com\/ro\/wp-json\/wp\/v2\/product_brand?post=259018"},{"taxonomy":"product_cat","embeddable":true,"href":"https:\/\/shopatoa.com\/ro\/wp-json\/wp\/v2\/product_cat?post=259018"},{"taxonomy":"product_tag","embeddable":true,"href":"https:\/\/shopatoa.com\/ro\/wp-json\/wp\/v2\/product_tag?post=259018"}],"curies":[{"name":"wp","href":"https:\/\/api.w.org\/{rel}","templated":true}]}}