{"id":259294,"date":"2025-04-26T20:36:16","date_gmt":"2025-04-26T18:36:16","guid":{"rendered":"https:\/\/shopatoa.com\/ro\/olaplex-set-de-ingrijire-pentru-par-cret-si-ondulat-bond-shaper-curl-rebuilding-treatment\/"},"modified":"2025-05-16T20:22:33","modified_gmt":"2025-05-16T18:22:33","slug":"olaplex-set-de-ingrijire-pentru-par-cret-si-ondulat-bond-shaper-curl-rebuilding-treatment","status":"publish","type":"product","link":"https:\/\/shopatoa.com\/ro\/olaplex-set-de-ingrijire-pentru-par-cret-si-ondulat-bond-shaper-curl-rebuilding-treatment\/","title":{"rendered":"Olaplex Set de \u00eengrijire pentru p\u0103r cre\u021b \u0219i ondulat Bond Shaper Curl Rebuilding Treatment"},"content":{"rendered":"<p>Primul tratament profesional pentru p\u0103rul cre\u021b \u0219i ondulat cu tehnologia patentat\u0103 OLAPLEX Bond Shaping\u2122. Aceast\u0103 tehnologie unic\u0103 cu peptide p\u0103trunde ad\u00e2nc \u00een cortexul p\u0103rului, unde \u00eent\u0103re\u0219te, restabile\u0219te \u0219i reformeaz\u0103 leg\u0103turile responsabile pentru forma buclelor. Rezultatul este \u00eembun\u0103t\u0103\u021birea semnificativ\u0103 a buclelor, str\u0103lucirea, elasticitatea \u0219i hidratarea dup\u0103 un singur tratament. U\u0219or de aplicat f\u0103r\u0103 a fi nevoie de m\u0103nu\u0219i, c\u0103ldur\u0103 sau urm\u0103rirea procesului chimic, doar aplica\u021bi pas cu pas. Setul con\u021bine: \u00cengrijire regeneratoare pentru p\u0103rul cre\u021b \u0219i ondulat Repair Bond Shaper (Curl Rebuilding Treatment) 250 ml \u00cengrijire de \u00eent\u0103rire pentru p\u0103rul cre\u021b \u0219i ondulat Enhance Bond Shaper (Curl Rebuilding Treatment) 180 ml \u00cengrijire pentru definirea p\u0103rului cre\u021b \u0219i ondulat Define Bond Shaper (Curl Rebuilding Treatment) 100 ml<\/p>\n","protected":false},"excerpt":{"rendered":"<p>Primul tratament profesional pentru p\u0103rul cre\u021b \u0219i ondulat cu tehnologia patentat\u0103 OLAPLEX Bond Shaping\u2122. Aceast\u0103 tehnologie unic\u0103 cu peptide p\u0103trunde ad\u00e2nc \u00een cortexul p\u0103rului, unde \u00eent\u0103re\u0219te, restabile\u0219te \u0219i reformeaz\u0103 leg\u0103turile responsabile pentru forma buclelor. Rezultatul este \u00eembun\u0103t\u0103\u021birea semnificativ\u0103 a buclelor, str\u0103lucirea, elasticitatea \u0219i hidratarea dup\u0103 un singur tratament. U\u0219or de aplicat f\u0103r\u0103 a fi nevoie&#8230;<\/p>\n","protected":false},"featured_media":335817,"comment_status":"closed","ping_status":"open","template":"","meta":{"_acf_changed":false,"_kadence_starter_templates_imported_post":false,"_kad_post_transparent":"","_kad_post_title":"","_kad_post_layout":"","_kad_post_sidebar_id":"","_kad_post_content_style":"","_kad_post_vertical_padding":"","_kad_post_feature":"","_kad_post_feature_position":"","_kad_post_header":false,"_kad_post_footer":false,"_kad_post_classname":""},"product_brand":[280],"product_cat":[680,246,623],"product_tag":[],"class_list":{"0":"post-259294","1":"product","2":"type-product","3":"status-publish","4":"has-post-thumbnail","6":"product_brand-olaplex","7":"product_cat-cosmetica-pentru-regenerarea-parului","8":"product_cat-cosmetice","9":"product_cat-produse-cosmetice-pentru-par","11":"first","12":"instock","13":"product-type-external","14":"entry","15":"content-bg","16":"loop-entry"},"acf":[],"yoast_head":"<!-- This site is optimized with the Yoast SEO plugin v27.4 - https:\/\/yoast.com\/product\/yoast-seo-wordpress\/ -->\n<title>Olaplex Set de \u00eengrijire pentru p\u0103r cre\u021b \u0219i ondulat Bond Shaper Curl Rebuilding Treatment - SHOPATOA.COM<\/title>\n<meta name=\"robots\" content=\"index, follow, max-snippet:-1, max-image-preview:large, max-video-preview:-1\" \/>\n<link rel=\"canonical\" href=\"https:\/\/shopatoa.com\/ro\/olaplex-set-de-ingrijire-pentru-par-cret-si-ondulat-bond-shaper-curl-rebuilding-treatment\/\" \/>\n<meta property=\"og:locale\" content=\"ro_RO\" \/>\n<meta property=\"og:type\" content=\"article\" \/>\n<meta property=\"og:title\" content=\"Olaplex Set de \u00eengrijire pentru p\u0103r cre\u021b \u0219i ondulat Bond Shaper Curl Rebuilding Treatment - SHOPATOA.COM\" \/>\n<meta property=\"og:description\" content=\"Primul tratament profesional pentru p\u0103rul cre\u021b \u0219i ondulat cu tehnologia patentat\u0103 OLAPLEX Bond Shaping\u2122. Aceast\u0103 tehnologie unic\u0103 cu peptide p\u0103trunde ad\u00e2nc \u00een cortexul p\u0103rului, unde \u00eent\u0103re\u0219te, restabile\u0219te \u0219i reformeaz\u0103 leg\u0103turile responsabile pentru forma buclelor. Rezultatul este \u00eembun\u0103t\u0103\u021birea semnificativ\u0103 a buclelor, str\u0103lucirea, elasticitatea \u0219i hidratarea dup\u0103 un singur tratament. U\u0219or de aplicat f\u0103r\u0103 a fi nevoie...\" \/>\n<meta property=\"og:url\" content=\"https:\/\/shopatoa.com\/ro\/olaplex-set-de-ingrijire-pentru-par-cret-si-ondulat-bond-shaper-curl-rebuilding-treatment\/\" \/>\n<meta property=\"og:site_name\" content=\"SHOPATOA\" \/>\n<meta property=\"article:modified_time\" content=\"2025-05-16T18:22:33+00:00\" \/>\n<meta property=\"og:image\" content=\"https:\/\/storage.googleapis.com\/cz-shopatoa-img\/ro\/9d241645-unnamed-file.webp\" \/>\n\t<meta property=\"og:image:width\" content=\"800\" \/>\n\t<meta property=\"og:image:height\" content=\"800\" \/>\n\t<meta property=\"og:image:type\" content=\"image\/webp\" \/>\n<meta name=\"twitter:card\" content=\"summary_large_image\" \/>\n<meta name=\"twitter:label1\" content=\"Timp estimat pentru citire\" \/>\n\t<meta name=\"twitter:data1\" content=\"1 minut\" \/>\n<script type=\"application\/ld+json\" class=\"yoast-schema-graph\">{\"@context\":\"https:\\\/\\\/schema.org\",\"@graph\":[{\"@type\":\"WebPage\",\"@id\":\"https:\\\/\\\/shopatoa.com\\\/ro\\\/olaplex-set-de-ingrijire-pentru-par-cret-si-ondulat-bond-shaper-curl-rebuilding-treatment\\\/\",\"url\":\"https:\\\/\\\/shopatoa.com\\\/ro\\\/olaplex-set-de-ingrijire-pentru-par-cret-si-ondulat-bond-shaper-curl-rebuilding-treatment\\\/\",\"name\":\"Olaplex Set de \u00eengrijire pentru p\u0103r cre\u021b \u0219i ondulat Bond Shaper Curl Rebuilding Treatment - SHOPATOA.COM\",\"isPartOf\":{\"@id\":\"https:\\\/\\\/shopatoa.com\\\/ro\\\/#website\"},\"primaryImageOfPage\":{\"@id\":\"https:\\\/\\\/shopatoa.com\\\/ro\\\/olaplex-set-de-ingrijire-pentru-par-cret-si-ondulat-bond-shaper-curl-rebuilding-treatment\\\/#primaryimage\"},\"image\":{\"@id\":\"https:\\\/\\\/shopatoa.com\\\/ro\\\/olaplex-set-de-ingrijire-pentru-par-cret-si-ondulat-bond-shaper-curl-rebuilding-treatment\\\/#primaryimage\"},\"thumbnailUrl\":\"https:\\\/\\\/storage.googleapis.com\\\/cz-shopatoa-img\\\/ro\\\/9d241645-unnamed-file.webp\",\"datePublished\":\"2025-04-26T18:36:16+00:00\",\"dateModified\":\"2025-05-16T18:22:33+00:00\",\"breadcrumb\":{\"@id\":\"https:\\\/\\\/shopatoa.com\\\/ro\\\/olaplex-set-de-ingrijire-pentru-par-cret-si-ondulat-bond-shaper-curl-rebuilding-treatment\\\/#breadcrumb\"},\"inLanguage\":\"ro-RO\",\"potentialAction\":[{\"@type\":\"ReadAction\",\"target\":[\"https:\\\/\\\/shopatoa.com\\\/ro\\\/olaplex-set-de-ingrijire-pentru-par-cret-si-ondulat-bond-shaper-curl-rebuilding-treatment\\\/\"]}]},{\"@type\":\"ImageObject\",\"inLanguage\":\"ro-RO\",\"@id\":\"https:\\\/\\\/shopatoa.com\\\/ro\\\/olaplex-set-de-ingrijire-pentru-par-cret-si-ondulat-bond-shaper-curl-rebuilding-treatment\\\/#primaryimage\",\"url\":\"https:\\\/\\\/storage.googleapis.com\\\/cz-shopatoa-img\\\/ro\\\/9d241645-unnamed-file.webp\",\"contentUrl\":\"https:\\\/\\\/storage.googleapis.com\\\/cz-shopatoa-img\\\/ro\\\/9d241645-unnamed-file.webp\",\"width\":800,\"height\":800},{\"@type\":\"BreadcrumbList\",\"@id\":\"https:\\\/\\\/shopatoa.com\\\/ro\\\/olaplex-set-de-ingrijire-pentru-par-cret-si-ondulat-bond-shaper-curl-rebuilding-treatment\\\/#breadcrumb\",\"itemListElement\":[{\"@type\":\"ListItem\",\"position\":1,\"name\":\"Dom\u016f\",\"item\":\"https:\\\/\\\/shopatoa.com\\\/ro\\\/\"},{\"@type\":\"ListItem\",\"position\":2,\"name\":\"Shop\",\"item\":\"https:\\\/\\\/shopatoa.com\\\/ro\\\/shop\\\/\"},{\"@type\":\"ListItem\",\"position\":3,\"name\":\"Cosmetice\",\"item\":\"https:\\\/\\\/shopatoa.com\\\/ro\\\/cosmetice\\\/\"},{\"@type\":\"ListItem\",\"position\":4,\"name\":\"Produse cosmetice pentru p\u0103r\",\"item\":\"https:\\\/\\\/shopatoa.com\\\/ro\\\/produse-cosmetice-pentru-par\\\/\"},{\"@type\":\"ListItem\",\"position\":5,\"name\":\"Cosmetica pentru regenerarea parului\",\"item\":\"https:\\\/\\\/shopatoa.com\\\/ro\\\/cosmetica-pentru-regenerarea-parului\\\/\"},{\"@type\":\"ListItem\",\"position\":6,\"name\":\"Olaplex Set de \u00eengrijire pentru p\u0103r cre\u021b \u0219i ondulat Bond Shaper Curl Rebuilding Treatment\"}]},{\"@type\":\"WebSite\",\"@id\":\"https:\\\/\\\/shopatoa.com\\\/ro\\\/#website\",\"url\":\"https:\\\/\\\/shopatoa.com\\\/ro\\\/\",\"name\":\"SHOPATOA\",\"description\":\"\",\"publisher\":{\"@id\":\"https:\\\/\\\/shopatoa.com\\\/ro\\\/#organization\"},\"potentialAction\":[{\"@type\":\"SearchAction\",\"target\":{\"@type\":\"EntryPoint\",\"urlTemplate\":\"https:\\\/\\\/shopatoa.com\\\/ro\\\/?s={search_term_string}\"},\"query-input\":{\"@type\":\"PropertyValueSpecification\",\"valueRequired\":true,\"valueName\":\"search_term_string\"}}],\"inLanguage\":\"ro-RO\"},{\"@type\":\"Organization\",\"@id\":\"https:\\\/\\\/shopatoa.com\\\/ro\\\/#organization\",\"name\":\"SHOPATOA\",\"url\":\"https:\\\/\\\/shopatoa.com\\\/ro\\\/\",\"logo\":{\"@type\":\"ImageObject\",\"inLanguage\":\"ro-RO\",\"@id\":\"https:\\\/\\\/shopatoa.com\\\/ro\\\/#\\\/schema\\\/logo\\\/image\\\/\",\"url\":\"https:\\\/\\\/storage.googleapis.com\\\/cz-shopatoa-img\\\/ro\\\/b4dac915-shopatoa_logo.png\",\"contentUrl\":\"https:\\\/\\\/storage.googleapis.com\\\/cz-shopatoa-img\\\/ro\\\/b4dac915-shopatoa_logo.png\",\"width\":416,\"height\":63,\"caption\":\"SHOPATOA\"},\"image\":{\"@id\":\"https:\\\/\\\/shopatoa.com\\\/ro\\\/#\\\/schema\\\/logo\\\/image\\\/\"}}]}<\/script>\n<!-- \/ Yoast SEO plugin. -->","yoast_head_json":{"title":"Olaplex Set de \u00eengrijire pentru p\u0103r cre\u021b \u0219i ondulat Bond Shaper Curl Rebuilding Treatment - SHOPATOA.COM","robots":{"index":"index","follow":"follow","max-snippet":"max-snippet:-1","max-image-preview":"max-image-preview:large","max-video-preview":"max-video-preview:-1"},"canonical":"https:\/\/shopatoa.com\/ro\/olaplex-set-de-ingrijire-pentru-par-cret-si-ondulat-bond-shaper-curl-rebuilding-treatment\/","og_locale":"ro_RO","og_type":"article","og_title":"Olaplex Set de \u00eengrijire pentru p\u0103r cre\u021b \u0219i ondulat Bond Shaper Curl Rebuilding Treatment - SHOPATOA.COM","og_description":"Primul tratament profesional pentru p\u0103rul cre\u021b \u0219i ondulat cu tehnologia patentat\u0103 OLAPLEX Bond Shaping\u2122. Aceast\u0103 tehnologie unic\u0103 cu peptide p\u0103trunde ad\u00e2nc \u00een cortexul p\u0103rului, unde \u00eent\u0103re\u0219te, restabile\u0219te \u0219i reformeaz\u0103 leg\u0103turile responsabile pentru forma buclelor. Rezultatul este \u00eembun\u0103t\u0103\u021birea semnificativ\u0103 a buclelor, str\u0103lucirea, elasticitatea \u0219i hidratarea dup\u0103 un singur tratament. U\u0219or de aplicat f\u0103r\u0103 a fi nevoie...","og_url":"https:\/\/shopatoa.com\/ro\/olaplex-set-de-ingrijire-pentru-par-cret-si-ondulat-bond-shaper-curl-rebuilding-treatment\/","og_site_name":"SHOPATOA","article_modified_time":"2025-05-16T18:22:33+00:00","og_image":[{"width":800,"height":800,"url":"https:\/\/storage.googleapis.com\/cz-shopatoa-img\/ro\/9d241645-unnamed-file.webp","type":"image\/webp"}],"twitter_card":"summary_large_image","twitter_misc":{"Timp estimat pentru citire":"1 minut"},"schema":{"@context":"https:\/\/schema.org","@graph":[{"@type":"WebPage","@id":"https:\/\/shopatoa.com\/ro\/olaplex-set-de-ingrijire-pentru-par-cret-si-ondulat-bond-shaper-curl-rebuilding-treatment\/","url":"https:\/\/shopatoa.com\/ro\/olaplex-set-de-ingrijire-pentru-par-cret-si-ondulat-bond-shaper-curl-rebuilding-treatment\/","name":"Olaplex Set de \u00eengrijire pentru p\u0103r cre\u021b \u0219i ondulat Bond Shaper Curl Rebuilding Treatment - SHOPATOA.COM","isPartOf":{"@id":"https:\/\/shopatoa.com\/ro\/#website"},"primaryImageOfPage":{"@id":"https:\/\/shopatoa.com\/ro\/olaplex-set-de-ingrijire-pentru-par-cret-si-ondulat-bond-shaper-curl-rebuilding-treatment\/#primaryimage"},"image":{"@id":"https:\/\/shopatoa.com\/ro\/olaplex-set-de-ingrijire-pentru-par-cret-si-ondulat-bond-shaper-curl-rebuilding-treatment\/#primaryimage"},"thumbnailUrl":"https:\/\/storage.googleapis.com\/cz-shopatoa-img\/ro\/9d241645-unnamed-file.webp","datePublished":"2025-04-26T18:36:16+00:00","dateModified":"2025-05-16T18:22:33+00:00","breadcrumb":{"@id":"https:\/\/shopatoa.com\/ro\/olaplex-set-de-ingrijire-pentru-par-cret-si-ondulat-bond-shaper-curl-rebuilding-treatment\/#breadcrumb"},"inLanguage":"ro-RO","potentialAction":[{"@type":"ReadAction","target":["https:\/\/shopatoa.com\/ro\/olaplex-set-de-ingrijire-pentru-par-cret-si-ondulat-bond-shaper-curl-rebuilding-treatment\/"]}]},{"@type":"ImageObject","inLanguage":"ro-RO","@id":"https:\/\/shopatoa.com\/ro\/olaplex-set-de-ingrijire-pentru-par-cret-si-ondulat-bond-shaper-curl-rebuilding-treatment\/#primaryimage","url":"https:\/\/storage.googleapis.com\/cz-shopatoa-img\/ro\/9d241645-unnamed-file.webp","contentUrl":"https:\/\/storage.googleapis.com\/cz-shopatoa-img\/ro\/9d241645-unnamed-file.webp","width":800,"height":800},{"@type":"BreadcrumbList","@id":"https:\/\/shopatoa.com\/ro\/olaplex-set-de-ingrijire-pentru-par-cret-si-ondulat-bond-shaper-curl-rebuilding-treatment\/#breadcrumb","itemListElement":[{"@type":"ListItem","position":1,"name":"Dom\u016f","item":"https:\/\/shopatoa.com\/ro\/"},{"@type":"ListItem","position":2,"name":"Shop","item":"https:\/\/shopatoa.com\/ro\/shop\/"},{"@type":"ListItem","position":3,"name":"Cosmetice","item":"https:\/\/shopatoa.com\/ro\/cosmetice\/"},{"@type":"ListItem","position":4,"name":"Produse cosmetice pentru p\u0103r","item":"https:\/\/shopatoa.com\/ro\/produse-cosmetice-pentru-par\/"},{"@type":"ListItem","position":5,"name":"Cosmetica pentru regenerarea parului","item":"https:\/\/shopatoa.com\/ro\/cosmetica-pentru-regenerarea-parului\/"},{"@type":"ListItem","position":6,"name":"Olaplex Set de \u00eengrijire pentru p\u0103r cre\u021b \u0219i ondulat Bond Shaper Curl Rebuilding Treatment"}]},{"@type":"WebSite","@id":"https:\/\/shopatoa.com\/ro\/#website","url":"https:\/\/shopatoa.com\/ro\/","name":"SHOPATOA","description":"","publisher":{"@id":"https:\/\/shopatoa.com\/ro\/#organization"},"potentialAction":[{"@type":"SearchAction","target":{"@type":"EntryPoint","urlTemplate":"https:\/\/shopatoa.com\/ro\/?s={search_term_string}"},"query-input":{"@type":"PropertyValueSpecification","valueRequired":true,"valueName":"search_term_string"}}],"inLanguage":"ro-RO"},{"@type":"Organization","@id":"https:\/\/shopatoa.com\/ro\/#organization","name":"SHOPATOA","url":"https:\/\/shopatoa.com\/ro\/","logo":{"@type":"ImageObject","inLanguage":"ro-RO","@id":"https:\/\/shopatoa.com\/ro\/#\/schema\/logo\/image\/","url":"https:\/\/storage.googleapis.com\/cz-shopatoa-img\/ro\/b4dac915-shopatoa_logo.png","contentUrl":"https:\/\/storage.googleapis.com\/cz-shopatoa-img\/ro\/b4dac915-shopatoa_logo.png","width":416,"height":63,"caption":"SHOPATOA"},"image":{"@id":"https:\/\/shopatoa.com\/ro\/#\/schema\/logo\/image\/"}}]}},"_links":{"self":[{"href":"https:\/\/shopatoa.com\/ro\/wp-json\/wp\/v2\/product\/259294","targetHints":{"allow":["GET"]}}],"collection":[{"href":"https:\/\/shopatoa.com\/ro\/wp-json\/wp\/v2\/product"}],"about":[{"href":"https:\/\/shopatoa.com\/ro\/wp-json\/wp\/v2\/types\/product"}],"replies":[{"embeddable":true,"href":"https:\/\/shopatoa.com\/ro\/wp-json\/wp\/v2\/comments?post=259294"}],"wp:featuredmedia":[{"embeddable":true,"href":"https:\/\/shopatoa.com\/ro\/wp-json\/wp\/v2\/media\/335817"}],"wp:attachment":[{"href":"https:\/\/shopatoa.com\/ro\/wp-json\/wp\/v2\/media?parent=259294"}],"wp:term":[{"taxonomy":"product_brand","embeddable":true,"href":"https:\/\/shopatoa.com\/ro\/wp-json\/wp\/v2\/product_brand?post=259294"},{"taxonomy":"product_cat","embeddable":true,"href":"https:\/\/shopatoa.com\/ro\/wp-json\/wp\/v2\/product_cat?post=259294"},{"taxonomy":"product_tag","embeddable":true,"href":"https:\/\/shopatoa.com\/ro\/wp-json\/wp\/v2\/product_tag?post=259294"}],"curies":[{"name":"wp","href":"https:\/\/api.w.org\/{rel}","templated":true}]}}