{"id":259332,"date":"2025-04-26T20:52:00","date_gmt":"2025-04-26T18:52:00","guid":{"rendered":"https:\/\/shopatoa.com\/ro\/medisana-pieptene-de-deparazitare-lc860\/"},"modified":"2025-05-16T20:28:05","modified_gmt":"2025-05-16T18:28:05","slug":"medisana-pieptene-de-deparazitare-lc860","status":"publish","type":"product","link":"https:\/\/shopatoa.com\/ro\/medisana-pieptene-de-deparazitare-lc860\/","title":{"rendered":"Medisana Pieptene de deparazitare LC860"},"content":{"rendered":"<p>Pieptene electronic \u00eembun\u0103t\u0103\u021bit pentru deparazitare, cu o zon\u0103 de piept\u0103nare mai lung\u0103, care permite \u00eendep\u0103rtarea \u0219i mai eficient\u0103 a p\u0103duchilor, lentelor \u0219i puricilor. Datorit\u0103 tensiunii electrice sigure dintre din\u021bi, pieptenele distruge instantaneu p\u0103duchii \u0219i ou\u0103le lor, complet f\u0103r\u0103 substan\u021be chimice. Este delicat pentru scalp \u0219i potrivit pentru adul\u021bi, copii de la 3 ani, c\u00e2ini \u0219i pisici.<\/p>\n","protected":false},"excerpt":{"rendered":"<p>Pieptene electronic \u00eembun\u0103t\u0103\u021bit pentru deparazitare, cu o zon\u0103 de piept\u0103nare mai lung\u0103, care permite \u00eendep\u0103rtarea \u0219i mai eficient\u0103 a p\u0103duchilor, lentelor \u0219i puricilor. Datorit\u0103 tensiunii electrice sigure dintre din\u021bi, pieptenele distruge instantaneu p\u0103duchii \u0219i ou\u0103le lor, complet f\u0103r\u0103 substan\u021be chimice. Este delicat pentru scalp \u0219i potrivit pentru adul\u021bi, copii de la 3 ani, c\u00e2ini \u0219i&#8230;<\/p>\n","protected":false},"featured_media":335858,"comment_status":"closed","ping_status":"open","template":"","meta":{"_acf_changed":false,"_kadence_starter_templates_imported_post":false,"_kad_post_transparent":"","_kad_post_title":"","_kad_post_layout":"","_kad_post_sidebar_id":"","_kad_post_content_style":"","_kad_post_vertical_padding":"","_kad_post_feature":"","_kad_post_feature_position":"","_kad_post_header":false,"_kad_post_footer":false,"_kad_post_classname":""},"product_brand":[471],"product_cat":[246,743,623,624],"product_tag":[],"class_list":{"0":"post-259332","1":"product","2":"type-product","3":"status-publish","4":"has-post-thumbnail","6":"product_brand-medisana","7":"product_cat-cosmetice","8":"product_cat-piepteni","9":"product_cat-produse-cosmetice-pentru-par","10":"product_cat-produse-aparate-si-accesorii-pentru-par","12":"first","13":"instock","14":"product-type-external","15":"entry","16":"content-bg","17":"loop-entry"},"acf":[],"yoast_head":"<!-- This site is optimized with the Yoast SEO plugin v27.4 - https:\/\/yoast.com\/product\/yoast-seo-wordpress\/ -->\n<title>Medisana Pieptene de deparazitare LC860 - SHOPATOA.COM<\/title>\n<meta name=\"robots\" content=\"index, follow, max-snippet:-1, max-image-preview:large, max-video-preview:-1\" \/>\n<link rel=\"canonical\" href=\"https:\/\/shopatoa.com\/ro\/medisana-pieptene-de-deparazitare-lc860\/\" \/>\n<meta property=\"og:locale\" content=\"ro_RO\" \/>\n<meta property=\"og:type\" content=\"article\" \/>\n<meta property=\"og:title\" content=\"Medisana Pieptene de deparazitare LC860 - SHOPATOA.COM\" \/>\n<meta property=\"og:description\" content=\"Pieptene electronic \u00eembun\u0103t\u0103\u021bit pentru deparazitare, cu o zon\u0103 de piept\u0103nare mai lung\u0103, care permite \u00eendep\u0103rtarea \u0219i mai eficient\u0103 a p\u0103duchilor, lentelor \u0219i puricilor. Datorit\u0103 tensiunii electrice sigure dintre din\u021bi, pieptenele distruge instantaneu p\u0103duchii \u0219i ou\u0103le lor, complet f\u0103r\u0103 substan\u021be chimice. Este delicat pentru scalp \u0219i potrivit pentru adul\u021bi, copii de la 3 ani, c\u00e2ini \u0219i...\" \/>\n<meta property=\"og:url\" content=\"https:\/\/shopatoa.com\/ro\/medisana-pieptene-de-deparazitare-lc860\/\" \/>\n<meta property=\"og:site_name\" content=\"SHOPATOA\" \/>\n<meta property=\"article:modified_time\" content=\"2025-05-16T18:28:05+00:00\" \/>\n<meta property=\"og:image\" content=\"https:\/\/storage.googleapis.com\/cz-shopatoa-img\/ro\/19274d2d-unnamed-file.webp\" \/>\n\t<meta property=\"og:image:width\" content=\"800\" \/>\n\t<meta property=\"og:image:height\" content=\"800\" \/>\n\t<meta property=\"og:image:type\" content=\"image\/webp\" \/>\n<meta name=\"twitter:card\" content=\"summary_large_image\" \/>\n<script type=\"application\/ld+json\" class=\"yoast-schema-graph\">{\"@context\":\"https:\\\/\\\/schema.org\",\"@graph\":[{\"@type\":\"WebPage\",\"@id\":\"https:\\\/\\\/shopatoa.com\\\/ro\\\/medisana-pieptene-de-deparazitare-lc860\\\/\",\"url\":\"https:\\\/\\\/shopatoa.com\\\/ro\\\/medisana-pieptene-de-deparazitare-lc860\\\/\",\"name\":\"Medisana Pieptene de deparazitare LC860 - SHOPATOA.COM\",\"isPartOf\":{\"@id\":\"https:\\\/\\\/shopatoa.com\\\/ro\\\/#website\"},\"primaryImageOfPage\":{\"@id\":\"https:\\\/\\\/shopatoa.com\\\/ro\\\/medisana-pieptene-de-deparazitare-lc860\\\/#primaryimage\"},\"image\":{\"@id\":\"https:\\\/\\\/shopatoa.com\\\/ro\\\/medisana-pieptene-de-deparazitare-lc860\\\/#primaryimage\"},\"thumbnailUrl\":\"https:\\\/\\\/storage.googleapis.com\\\/cz-shopatoa-img\\\/ro\\\/19274d2d-unnamed-file.webp\",\"datePublished\":\"2025-04-26T18:52:00+00:00\",\"dateModified\":\"2025-05-16T18:28:05+00:00\",\"breadcrumb\":{\"@id\":\"https:\\\/\\\/shopatoa.com\\\/ro\\\/medisana-pieptene-de-deparazitare-lc860\\\/#breadcrumb\"},\"inLanguage\":\"ro-RO\",\"potentialAction\":[{\"@type\":\"ReadAction\",\"target\":[\"https:\\\/\\\/shopatoa.com\\\/ro\\\/medisana-pieptene-de-deparazitare-lc860\\\/\"]}]},{\"@type\":\"ImageObject\",\"inLanguage\":\"ro-RO\",\"@id\":\"https:\\\/\\\/shopatoa.com\\\/ro\\\/medisana-pieptene-de-deparazitare-lc860\\\/#primaryimage\",\"url\":\"https:\\\/\\\/storage.googleapis.com\\\/cz-shopatoa-img\\\/ro\\\/19274d2d-unnamed-file.webp\",\"contentUrl\":\"https:\\\/\\\/storage.googleapis.com\\\/cz-shopatoa-img\\\/ro\\\/19274d2d-unnamed-file.webp\",\"width\":800,\"height\":800},{\"@type\":\"BreadcrumbList\",\"@id\":\"https:\\\/\\\/shopatoa.com\\\/ro\\\/medisana-pieptene-de-deparazitare-lc860\\\/#breadcrumb\",\"itemListElement\":[{\"@type\":\"ListItem\",\"position\":1,\"name\":\"Dom\u016f\",\"item\":\"https:\\\/\\\/shopatoa.com\\\/ro\\\/\"},{\"@type\":\"ListItem\",\"position\":2,\"name\":\"Shop\",\"item\":\"https:\\\/\\\/shopatoa.com\\\/ro\\\/shop\\\/\"},{\"@type\":\"ListItem\",\"position\":3,\"name\":\"Cosmetice\",\"item\":\"https:\\\/\\\/shopatoa.com\\\/ro\\\/cosmetice\\\/\"},{\"@type\":\"ListItem\",\"position\":4,\"name\":\"Produse cosmetice pentru p\u0103r\",\"item\":\"https:\\\/\\\/shopatoa.com\\\/ro\\\/produse-cosmetice-pentru-par\\\/\"},{\"@type\":\"ListItem\",\"position\":5,\"name\":\"Produse, aparate \u0219i accesorii pentru p\u0103r\",\"item\":\"https:\\\/\\\/shopatoa.com\\\/ro\\\/produse-aparate-si-accesorii-pentru-par\\\/\"},{\"@type\":\"ListItem\",\"position\":6,\"name\":\"Piepteni\",\"item\":\"https:\\\/\\\/shopatoa.com\\\/ro\\\/piepteni\\\/\"},{\"@type\":\"ListItem\",\"position\":7,\"name\":\"Medisana Pieptene de deparazitare LC860\"}]},{\"@type\":\"WebSite\",\"@id\":\"https:\\\/\\\/shopatoa.com\\\/ro\\\/#website\",\"url\":\"https:\\\/\\\/shopatoa.com\\\/ro\\\/\",\"name\":\"SHOPATOA\",\"description\":\"\",\"publisher\":{\"@id\":\"https:\\\/\\\/shopatoa.com\\\/ro\\\/#organization\"},\"potentialAction\":[{\"@type\":\"SearchAction\",\"target\":{\"@type\":\"EntryPoint\",\"urlTemplate\":\"https:\\\/\\\/shopatoa.com\\\/ro\\\/?s={search_term_string}\"},\"query-input\":{\"@type\":\"PropertyValueSpecification\",\"valueRequired\":true,\"valueName\":\"search_term_string\"}}],\"inLanguage\":\"ro-RO\"},{\"@type\":\"Organization\",\"@id\":\"https:\\\/\\\/shopatoa.com\\\/ro\\\/#organization\",\"name\":\"SHOPATOA\",\"url\":\"https:\\\/\\\/shopatoa.com\\\/ro\\\/\",\"logo\":{\"@type\":\"ImageObject\",\"inLanguage\":\"ro-RO\",\"@id\":\"https:\\\/\\\/shopatoa.com\\\/ro\\\/#\\\/schema\\\/logo\\\/image\\\/\",\"url\":\"https:\\\/\\\/storage.googleapis.com\\\/cz-shopatoa-img\\\/ro\\\/b4dac915-shopatoa_logo.png\",\"contentUrl\":\"https:\\\/\\\/storage.googleapis.com\\\/cz-shopatoa-img\\\/ro\\\/b4dac915-shopatoa_logo.png\",\"width\":416,\"height\":63,\"caption\":\"SHOPATOA\"},\"image\":{\"@id\":\"https:\\\/\\\/shopatoa.com\\\/ro\\\/#\\\/schema\\\/logo\\\/image\\\/\"}}]}<\/script>\n<!-- \/ Yoast SEO plugin. -->","yoast_head_json":{"title":"Medisana Pieptene de deparazitare LC860 - SHOPATOA.COM","robots":{"index":"index","follow":"follow","max-snippet":"max-snippet:-1","max-image-preview":"max-image-preview:large","max-video-preview":"max-video-preview:-1"},"canonical":"https:\/\/shopatoa.com\/ro\/medisana-pieptene-de-deparazitare-lc860\/","og_locale":"ro_RO","og_type":"article","og_title":"Medisana Pieptene de deparazitare LC860 - SHOPATOA.COM","og_description":"Pieptene electronic \u00eembun\u0103t\u0103\u021bit pentru deparazitare, cu o zon\u0103 de piept\u0103nare mai lung\u0103, care permite \u00eendep\u0103rtarea \u0219i mai eficient\u0103 a p\u0103duchilor, lentelor \u0219i puricilor. Datorit\u0103 tensiunii electrice sigure dintre din\u021bi, pieptenele distruge instantaneu p\u0103duchii \u0219i ou\u0103le lor, complet f\u0103r\u0103 substan\u021be chimice. Este delicat pentru scalp \u0219i potrivit pentru adul\u021bi, copii de la 3 ani, c\u00e2ini \u0219i...","og_url":"https:\/\/shopatoa.com\/ro\/medisana-pieptene-de-deparazitare-lc860\/","og_site_name":"SHOPATOA","article_modified_time":"2025-05-16T18:28:05+00:00","og_image":[{"width":800,"height":800,"url":"https:\/\/storage.googleapis.com\/cz-shopatoa-img\/ro\/19274d2d-unnamed-file.webp","type":"image\/webp"}],"twitter_card":"summary_large_image","schema":{"@context":"https:\/\/schema.org","@graph":[{"@type":"WebPage","@id":"https:\/\/shopatoa.com\/ro\/medisana-pieptene-de-deparazitare-lc860\/","url":"https:\/\/shopatoa.com\/ro\/medisana-pieptene-de-deparazitare-lc860\/","name":"Medisana Pieptene de deparazitare LC860 - SHOPATOA.COM","isPartOf":{"@id":"https:\/\/shopatoa.com\/ro\/#website"},"primaryImageOfPage":{"@id":"https:\/\/shopatoa.com\/ro\/medisana-pieptene-de-deparazitare-lc860\/#primaryimage"},"image":{"@id":"https:\/\/shopatoa.com\/ro\/medisana-pieptene-de-deparazitare-lc860\/#primaryimage"},"thumbnailUrl":"https:\/\/storage.googleapis.com\/cz-shopatoa-img\/ro\/19274d2d-unnamed-file.webp","datePublished":"2025-04-26T18:52:00+00:00","dateModified":"2025-05-16T18:28:05+00:00","breadcrumb":{"@id":"https:\/\/shopatoa.com\/ro\/medisana-pieptene-de-deparazitare-lc860\/#breadcrumb"},"inLanguage":"ro-RO","potentialAction":[{"@type":"ReadAction","target":["https:\/\/shopatoa.com\/ro\/medisana-pieptene-de-deparazitare-lc860\/"]}]},{"@type":"ImageObject","inLanguage":"ro-RO","@id":"https:\/\/shopatoa.com\/ro\/medisana-pieptene-de-deparazitare-lc860\/#primaryimage","url":"https:\/\/storage.googleapis.com\/cz-shopatoa-img\/ro\/19274d2d-unnamed-file.webp","contentUrl":"https:\/\/storage.googleapis.com\/cz-shopatoa-img\/ro\/19274d2d-unnamed-file.webp","width":800,"height":800},{"@type":"BreadcrumbList","@id":"https:\/\/shopatoa.com\/ro\/medisana-pieptene-de-deparazitare-lc860\/#breadcrumb","itemListElement":[{"@type":"ListItem","position":1,"name":"Dom\u016f","item":"https:\/\/shopatoa.com\/ro\/"},{"@type":"ListItem","position":2,"name":"Shop","item":"https:\/\/shopatoa.com\/ro\/shop\/"},{"@type":"ListItem","position":3,"name":"Cosmetice","item":"https:\/\/shopatoa.com\/ro\/cosmetice\/"},{"@type":"ListItem","position":4,"name":"Produse cosmetice pentru p\u0103r","item":"https:\/\/shopatoa.com\/ro\/produse-cosmetice-pentru-par\/"},{"@type":"ListItem","position":5,"name":"Produse, aparate \u0219i accesorii pentru p\u0103r","item":"https:\/\/shopatoa.com\/ro\/produse-aparate-si-accesorii-pentru-par\/"},{"@type":"ListItem","position":6,"name":"Piepteni","item":"https:\/\/shopatoa.com\/ro\/piepteni\/"},{"@type":"ListItem","position":7,"name":"Medisana Pieptene de deparazitare LC860"}]},{"@type":"WebSite","@id":"https:\/\/shopatoa.com\/ro\/#website","url":"https:\/\/shopatoa.com\/ro\/","name":"SHOPATOA","description":"","publisher":{"@id":"https:\/\/shopatoa.com\/ro\/#organization"},"potentialAction":[{"@type":"SearchAction","target":{"@type":"EntryPoint","urlTemplate":"https:\/\/shopatoa.com\/ro\/?s={search_term_string}"},"query-input":{"@type":"PropertyValueSpecification","valueRequired":true,"valueName":"search_term_string"}}],"inLanguage":"ro-RO"},{"@type":"Organization","@id":"https:\/\/shopatoa.com\/ro\/#organization","name":"SHOPATOA","url":"https:\/\/shopatoa.com\/ro\/","logo":{"@type":"ImageObject","inLanguage":"ro-RO","@id":"https:\/\/shopatoa.com\/ro\/#\/schema\/logo\/image\/","url":"https:\/\/storage.googleapis.com\/cz-shopatoa-img\/ro\/b4dac915-shopatoa_logo.png","contentUrl":"https:\/\/storage.googleapis.com\/cz-shopatoa-img\/ro\/b4dac915-shopatoa_logo.png","width":416,"height":63,"caption":"SHOPATOA"},"image":{"@id":"https:\/\/shopatoa.com\/ro\/#\/schema\/logo\/image\/"}}]}},"_links":{"self":[{"href":"https:\/\/shopatoa.com\/ro\/wp-json\/wp\/v2\/product\/259332","targetHints":{"allow":["GET"]}}],"collection":[{"href":"https:\/\/shopatoa.com\/ro\/wp-json\/wp\/v2\/product"}],"about":[{"href":"https:\/\/shopatoa.com\/ro\/wp-json\/wp\/v2\/types\/product"}],"replies":[{"embeddable":true,"href":"https:\/\/shopatoa.com\/ro\/wp-json\/wp\/v2\/comments?post=259332"}],"wp:featuredmedia":[{"embeddable":true,"href":"https:\/\/shopatoa.com\/ro\/wp-json\/wp\/v2\/media\/335858"}],"wp:attachment":[{"href":"https:\/\/shopatoa.com\/ro\/wp-json\/wp\/v2\/media?parent=259332"}],"wp:term":[{"taxonomy":"product_brand","embeddable":true,"href":"https:\/\/shopatoa.com\/ro\/wp-json\/wp\/v2\/product_brand?post=259332"},{"taxonomy":"product_cat","embeddable":true,"href":"https:\/\/shopatoa.com\/ro\/wp-json\/wp\/v2\/product_cat?post=259332"},{"taxonomy":"product_tag","embeddable":true,"href":"https:\/\/shopatoa.com\/ro\/wp-json\/wp\/v2\/product_tag?post=259332"}],"curies":[{"name":"wp","href":"https:\/\/api.w.org\/{rel}","templated":true}]}}