{"id":259356,"date":"2025-04-26T21:01:35","date_gmt":"2025-04-26T19:01:35","guid":{"rendered":"https:\/\/shopatoa.com\/ro\/tesori-doriente-karma-gel-de-dus-250-ml\/"},"modified":"2025-05-16T20:30:53","modified_gmt":"2025-05-16T18:30:53","slug":"tesori-doriente-karma-gel-de-dus-250-ml","status":"publish","type":"product","link":"https:\/\/shopatoa.com\/ro\/tesori-doriente-karma-gel-de-dus-250-ml\/","title":{"rendered":"Tesori d&#8217;Oriente Karma &#8211; gel de du\u0219 250 ml"},"content":{"rendered":"<p>Oferi\u021bi-v\u0103 o experien\u021b\u0103 unic\u0103 de \u00eengrijire a corpului cu gelul de du\u0219 Tesori d&#8217;Oriente Karma, care combin\u0103 prospe\u021bimea citricelor, elegan\u021ba florilor exotice \u0219i notele calde senzuale. Acest ritual armonios de cur\u0103\u021bare \u00eemprosp\u0103teaz\u0103, relaxeaz\u0103 \u0219i \u00eenconjoar\u0103 pielea cu un parfum captivant care las\u0103 o senza\u021bie de prospe\u021bime \u0219i bun\u0103stare de lung\u0103 durat\u0103. La prima atingere, pute\u021bi mirosi deja bergamota spumant\u0103, l\u0103m\u00e2ia \u0219i floarea de citrice, care ofer\u0103 energie \u0219i lejeritate. Acordurile florale delicate de plumeria, floare de par\u0103, tiare \u0219i ylang-ylang \u00eenconjoar\u0103 pielea cu moliciune senzual\u0103 \u0219i farmec exotic. Notele finale de mosc cremos, vanilie dulce, nuc\u0103 de cocos, lemn de cedru \u0219i boabe de tonka adaug\u0103 c\u0103ldur\u0103 \u0219i elegan\u021b\u0103 natural\u0103. Tesori d&#8217;Oriente Karma transform\u0103 du\u0219ul zilnic \u00eentr-un ritual de relaxare luxos, care v\u0103 cur\u0103\u021b\u0103 corpul \u0219i v\u0103 revigoreaz\u0103 sim\u021burile. L\u0103sa\u021bi-v\u0103 purtat\u0103 de aceast\u0103 aventur\u0103 parfumat\u0103 \u0219i \u00eenv\u0103lui\u021bi-v\u0103 pielea \u00een moliciune m\u0103t\u0103soas\u0103 \u0219i arom\u0103 captivant\u0103.<\/p>\n","protected":false},"excerpt":{"rendered":"<p>Oferi\u021bi-v\u0103 o experien\u021b\u0103 unic\u0103 de \u00eengrijire a corpului cu gelul de du\u0219 Tesori d&#8217;Oriente Karma, care combin\u0103 prospe\u021bimea citricelor, elegan\u021ba florilor exotice \u0219i notele calde senzuale. Acest ritual armonios de cur\u0103\u021bare \u00eemprosp\u0103teaz\u0103, relaxeaz\u0103 \u0219i \u00eenconjoar\u0103 pielea cu un parfum captivant care las\u0103 o senza\u021bie de prospe\u021bime \u0219i bun\u0103stare de lung\u0103 durat\u0103. La prima atingere, pute\u021bi&#8230;<\/p>\n","protected":false},"featured_media":335880,"comment_status":"closed","ping_status":"open","template":"","meta":{"_acf_changed":false,"_kadence_starter_templates_imported_post":false,"_kad_post_transparent":"","_kad_post_title":"","_kad_post_layout":"","_kad_post_sidebar_id":"","_kad_post_content_style":"","_kad_post_vertical_padding":"","_kad_post_feature":"","_kad_post_feature_position":"","_kad_post_header":false,"_kad_post_footer":false,"_kad_post_classname":""},"product_brand":[244],"product_cat":[246,641,611],"product_tag":[],"class_list":{"0":"post-259356","1":"product","2":"type-product","3":"status-publish","4":"has-post-thumbnail","6":"product_brand-tesori-doriente","7":"product_cat-cosmetice","8":"product_cat-cosmetice-pentru-dus-si-baie","9":"product_cat-produse-cosmetice-pentru-corp","11":"first","12":"instock","13":"product-type-external","14":"entry","15":"content-bg","16":"loop-entry"},"acf":[],"yoast_head":"<!-- This site is optimized with the Yoast SEO plugin v27.4 - https:\/\/yoast.com\/product\/yoast-seo-wordpress\/ -->\n<title>Tesori d&#039;Oriente Karma - gel de du\u0219 250 ml - SHOPATOA.COM<\/title>\n<meta name=\"robots\" content=\"index, follow, max-snippet:-1, max-image-preview:large, max-video-preview:-1\" \/>\n<link rel=\"canonical\" href=\"https:\/\/shopatoa.com\/ro\/tesori-doriente-karma-gel-de-dus-250-ml\/\" \/>\n<meta property=\"og:locale\" content=\"ro_RO\" \/>\n<meta property=\"og:type\" content=\"article\" \/>\n<meta property=\"og:title\" content=\"Tesori d&#039;Oriente Karma - gel de du\u0219 250 ml - SHOPATOA.COM\" \/>\n<meta property=\"og:description\" content=\"Oferi\u021bi-v\u0103 o experien\u021b\u0103 unic\u0103 de \u00eengrijire a corpului cu gelul de du\u0219 Tesori d&#8217;Oriente Karma, care combin\u0103 prospe\u021bimea citricelor, elegan\u021ba florilor exotice \u0219i notele calde senzuale. Acest ritual armonios de cur\u0103\u021bare \u00eemprosp\u0103teaz\u0103, relaxeaz\u0103 \u0219i \u00eenconjoar\u0103 pielea cu un parfum captivant care las\u0103 o senza\u021bie de prospe\u021bime \u0219i bun\u0103stare de lung\u0103 durat\u0103. La prima atingere, pute\u021bi...\" \/>\n<meta property=\"og:url\" content=\"https:\/\/shopatoa.com\/ro\/tesori-doriente-karma-gel-de-dus-250-ml\/\" \/>\n<meta property=\"og:site_name\" content=\"SHOPATOA\" \/>\n<meta property=\"article:modified_time\" content=\"2025-05-16T18:30:53+00:00\" \/>\n<meta property=\"og:image\" content=\"https:\/\/storage.googleapis.com\/cz-shopatoa-img\/ro\/54337e06-unnamed-file.webp\" \/>\n\t<meta property=\"og:image:width\" content=\"800\" \/>\n\t<meta property=\"og:image:height\" content=\"800\" \/>\n\t<meta property=\"og:image:type\" content=\"image\/webp\" \/>\n<meta name=\"twitter:card\" content=\"summary_large_image\" \/>\n<meta name=\"twitter:label1\" content=\"Timp estimat pentru citire\" \/>\n\t<meta name=\"twitter:data1\" content=\"1 minut\" \/>\n<script type=\"application\/ld+json\" class=\"yoast-schema-graph\">{\"@context\":\"https:\\\/\\\/schema.org\",\"@graph\":[{\"@type\":\"WebPage\",\"@id\":\"https:\\\/\\\/shopatoa.com\\\/ro\\\/tesori-doriente-karma-gel-de-dus-250-ml\\\/\",\"url\":\"https:\\\/\\\/shopatoa.com\\\/ro\\\/tesori-doriente-karma-gel-de-dus-250-ml\\\/\",\"name\":\"Tesori d'Oriente Karma - gel de du\u0219 250 ml - SHOPATOA.COM\",\"isPartOf\":{\"@id\":\"https:\\\/\\\/shopatoa.com\\\/ro\\\/#website\"},\"primaryImageOfPage\":{\"@id\":\"https:\\\/\\\/shopatoa.com\\\/ro\\\/tesori-doriente-karma-gel-de-dus-250-ml\\\/#primaryimage\"},\"image\":{\"@id\":\"https:\\\/\\\/shopatoa.com\\\/ro\\\/tesori-doriente-karma-gel-de-dus-250-ml\\\/#primaryimage\"},\"thumbnailUrl\":\"https:\\\/\\\/storage.googleapis.com\\\/cz-shopatoa-img\\\/ro\\\/54337e06-unnamed-file.webp\",\"datePublished\":\"2025-04-26T19:01:35+00:00\",\"dateModified\":\"2025-05-16T18:30:53+00:00\",\"breadcrumb\":{\"@id\":\"https:\\\/\\\/shopatoa.com\\\/ro\\\/tesori-doriente-karma-gel-de-dus-250-ml\\\/#breadcrumb\"},\"inLanguage\":\"ro-RO\",\"potentialAction\":[{\"@type\":\"ReadAction\",\"target\":[\"https:\\\/\\\/shopatoa.com\\\/ro\\\/tesori-doriente-karma-gel-de-dus-250-ml\\\/\"]}]},{\"@type\":\"ImageObject\",\"inLanguage\":\"ro-RO\",\"@id\":\"https:\\\/\\\/shopatoa.com\\\/ro\\\/tesori-doriente-karma-gel-de-dus-250-ml\\\/#primaryimage\",\"url\":\"https:\\\/\\\/storage.googleapis.com\\\/cz-shopatoa-img\\\/ro\\\/54337e06-unnamed-file.webp\",\"contentUrl\":\"https:\\\/\\\/storage.googleapis.com\\\/cz-shopatoa-img\\\/ro\\\/54337e06-unnamed-file.webp\",\"width\":800,\"height\":800},{\"@type\":\"BreadcrumbList\",\"@id\":\"https:\\\/\\\/shopatoa.com\\\/ro\\\/tesori-doriente-karma-gel-de-dus-250-ml\\\/#breadcrumb\",\"itemListElement\":[{\"@type\":\"ListItem\",\"position\":1,\"name\":\"Dom\u016f\",\"item\":\"https:\\\/\\\/shopatoa.com\\\/ro\\\/\"},{\"@type\":\"ListItem\",\"position\":2,\"name\":\"Shop\",\"item\":\"https:\\\/\\\/shopatoa.com\\\/ro\\\/shop\\\/\"},{\"@type\":\"ListItem\",\"position\":3,\"name\":\"Cosmetice\",\"item\":\"https:\\\/\\\/shopatoa.com\\\/ro\\\/cosmetice\\\/\"},{\"@type\":\"ListItem\",\"position\":4,\"name\":\"Produse cosmetice pentru corp\",\"item\":\"https:\\\/\\\/shopatoa.com\\\/ro\\\/produse-cosmetice-pentru-corp\\\/\"},{\"@type\":\"ListItem\",\"position\":5,\"name\":\"Cosmetice pentru du\u0219 \u0219i baie\",\"item\":\"https:\\\/\\\/shopatoa.com\\\/ro\\\/cosmetice-pentru-dus-si-baie\\\/\"},{\"@type\":\"ListItem\",\"position\":6,\"name\":\"Tesori d&#8217;Oriente Karma &#8211; gel de du\u0219 250 ml\"}]},{\"@type\":\"WebSite\",\"@id\":\"https:\\\/\\\/shopatoa.com\\\/ro\\\/#website\",\"url\":\"https:\\\/\\\/shopatoa.com\\\/ro\\\/\",\"name\":\"SHOPATOA\",\"description\":\"\",\"publisher\":{\"@id\":\"https:\\\/\\\/shopatoa.com\\\/ro\\\/#organization\"},\"potentialAction\":[{\"@type\":\"SearchAction\",\"target\":{\"@type\":\"EntryPoint\",\"urlTemplate\":\"https:\\\/\\\/shopatoa.com\\\/ro\\\/?s={search_term_string}\"},\"query-input\":{\"@type\":\"PropertyValueSpecification\",\"valueRequired\":true,\"valueName\":\"search_term_string\"}}],\"inLanguage\":\"ro-RO\"},{\"@type\":\"Organization\",\"@id\":\"https:\\\/\\\/shopatoa.com\\\/ro\\\/#organization\",\"name\":\"SHOPATOA\",\"url\":\"https:\\\/\\\/shopatoa.com\\\/ro\\\/\",\"logo\":{\"@type\":\"ImageObject\",\"inLanguage\":\"ro-RO\",\"@id\":\"https:\\\/\\\/shopatoa.com\\\/ro\\\/#\\\/schema\\\/logo\\\/image\\\/\",\"url\":\"https:\\\/\\\/storage.googleapis.com\\\/cz-shopatoa-img\\\/ro\\\/b4dac915-shopatoa_logo.png\",\"contentUrl\":\"https:\\\/\\\/storage.googleapis.com\\\/cz-shopatoa-img\\\/ro\\\/b4dac915-shopatoa_logo.png\",\"width\":416,\"height\":63,\"caption\":\"SHOPATOA\"},\"image\":{\"@id\":\"https:\\\/\\\/shopatoa.com\\\/ro\\\/#\\\/schema\\\/logo\\\/image\\\/\"}}]}<\/script>\n<!-- \/ Yoast SEO plugin. -->","yoast_head_json":{"title":"Tesori d'Oriente Karma - gel de du\u0219 250 ml - SHOPATOA.COM","robots":{"index":"index","follow":"follow","max-snippet":"max-snippet:-1","max-image-preview":"max-image-preview:large","max-video-preview":"max-video-preview:-1"},"canonical":"https:\/\/shopatoa.com\/ro\/tesori-doriente-karma-gel-de-dus-250-ml\/","og_locale":"ro_RO","og_type":"article","og_title":"Tesori d'Oriente Karma - gel de du\u0219 250 ml - SHOPATOA.COM","og_description":"Oferi\u021bi-v\u0103 o experien\u021b\u0103 unic\u0103 de \u00eengrijire a corpului cu gelul de du\u0219 Tesori d&#8217;Oriente Karma, care combin\u0103 prospe\u021bimea citricelor, elegan\u021ba florilor exotice \u0219i notele calde senzuale. Acest ritual armonios de cur\u0103\u021bare \u00eemprosp\u0103teaz\u0103, relaxeaz\u0103 \u0219i \u00eenconjoar\u0103 pielea cu un parfum captivant care las\u0103 o senza\u021bie de prospe\u021bime \u0219i bun\u0103stare de lung\u0103 durat\u0103. La prima atingere, pute\u021bi...","og_url":"https:\/\/shopatoa.com\/ro\/tesori-doriente-karma-gel-de-dus-250-ml\/","og_site_name":"SHOPATOA","article_modified_time":"2025-05-16T18:30:53+00:00","og_image":[{"width":800,"height":800,"url":"https:\/\/storage.googleapis.com\/cz-shopatoa-img\/ro\/54337e06-unnamed-file.webp","type":"image\/webp"}],"twitter_card":"summary_large_image","twitter_misc":{"Timp estimat pentru citire":"1 minut"},"schema":{"@context":"https:\/\/schema.org","@graph":[{"@type":"WebPage","@id":"https:\/\/shopatoa.com\/ro\/tesori-doriente-karma-gel-de-dus-250-ml\/","url":"https:\/\/shopatoa.com\/ro\/tesori-doriente-karma-gel-de-dus-250-ml\/","name":"Tesori d'Oriente Karma - gel de du\u0219 250 ml - SHOPATOA.COM","isPartOf":{"@id":"https:\/\/shopatoa.com\/ro\/#website"},"primaryImageOfPage":{"@id":"https:\/\/shopatoa.com\/ro\/tesori-doriente-karma-gel-de-dus-250-ml\/#primaryimage"},"image":{"@id":"https:\/\/shopatoa.com\/ro\/tesori-doriente-karma-gel-de-dus-250-ml\/#primaryimage"},"thumbnailUrl":"https:\/\/storage.googleapis.com\/cz-shopatoa-img\/ro\/54337e06-unnamed-file.webp","datePublished":"2025-04-26T19:01:35+00:00","dateModified":"2025-05-16T18:30:53+00:00","breadcrumb":{"@id":"https:\/\/shopatoa.com\/ro\/tesori-doriente-karma-gel-de-dus-250-ml\/#breadcrumb"},"inLanguage":"ro-RO","potentialAction":[{"@type":"ReadAction","target":["https:\/\/shopatoa.com\/ro\/tesori-doriente-karma-gel-de-dus-250-ml\/"]}]},{"@type":"ImageObject","inLanguage":"ro-RO","@id":"https:\/\/shopatoa.com\/ro\/tesori-doriente-karma-gel-de-dus-250-ml\/#primaryimage","url":"https:\/\/storage.googleapis.com\/cz-shopatoa-img\/ro\/54337e06-unnamed-file.webp","contentUrl":"https:\/\/storage.googleapis.com\/cz-shopatoa-img\/ro\/54337e06-unnamed-file.webp","width":800,"height":800},{"@type":"BreadcrumbList","@id":"https:\/\/shopatoa.com\/ro\/tesori-doriente-karma-gel-de-dus-250-ml\/#breadcrumb","itemListElement":[{"@type":"ListItem","position":1,"name":"Dom\u016f","item":"https:\/\/shopatoa.com\/ro\/"},{"@type":"ListItem","position":2,"name":"Shop","item":"https:\/\/shopatoa.com\/ro\/shop\/"},{"@type":"ListItem","position":3,"name":"Cosmetice","item":"https:\/\/shopatoa.com\/ro\/cosmetice\/"},{"@type":"ListItem","position":4,"name":"Produse cosmetice pentru corp","item":"https:\/\/shopatoa.com\/ro\/produse-cosmetice-pentru-corp\/"},{"@type":"ListItem","position":5,"name":"Cosmetice pentru du\u0219 \u0219i baie","item":"https:\/\/shopatoa.com\/ro\/cosmetice-pentru-dus-si-baie\/"},{"@type":"ListItem","position":6,"name":"Tesori d&#8217;Oriente Karma &#8211; gel de du\u0219 250 ml"}]},{"@type":"WebSite","@id":"https:\/\/shopatoa.com\/ro\/#website","url":"https:\/\/shopatoa.com\/ro\/","name":"SHOPATOA","description":"","publisher":{"@id":"https:\/\/shopatoa.com\/ro\/#organization"},"potentialAction":[{"@type":"SearchAction","target":{"@type":"EntryPoint","urlTemplate":"https:\/\/shopatoa.com\/ro\/?s={search_term_string}"},"query-input":{"@type":"PropertyValueSpecification","valueRequired":true,"valueName":"search_term_string"}}],"inLanguage":"ro-RO"},{"@type":"Organization","@id":"https:\/\/shopatoa.com\/ro\/#organization","name":"SHOPATOA","url":"https:\/\/shopatoa.com\/ro\/","logo":{"@type":"ImageObject","inLanguage":"ro-RO","@id":"https:\/\/shopatoa.com\/ro\/#\/schema\/logo\/image\/","url":"https:\/\/storage.googleapis.com\/cz-shopatoa-img\/ro\/b4dac915-shopatoa_logo.png","contentUrl":"https:\/\/storage.googleapis.com\/cz-shopatoa-img\/ro\/b4dac915-shopatoa_logo.png","width":416,"height":63,"caption":"SHOPATOA"},"image":{"@id":"https:\/\/shopatoa.com\/ro\/#\/schema\/logo\/image\/"}}]}},"_links":{"self":[{"href":"https:\/\/shopatoa.com\/ro\/wp-json\/wp\/v2\/product\/259356","targetHints":{"allow":["GET"]}}],"collection":[{"href":"https:\/\/shopatoa.com\/ro\/wp-json\/wp\/v2\/product"}],"about":[{"href":"https:\/\/shopatoa.com\/ro\/wp-json\/wp\/v2\/types\/product"}],"replies":[{"embeddable":true,"href":"https:\/\/shopatoa.com\/ro\/wp-json\/wp\/v2\/comments?post=259356"}],"wp:featuredmedia":[{"embeddable":true,"href":"https:\/\/shopatoa.com\/ro\/wp-json\/wp\/v2\/media\/335880"}],"wp:attachment":[{"href":"https:\/\/shopatoa.com\/ro\/wp-json\/wp\/v2\/media?parent=259356"}],"wp:term":[{"taxonomy":"product_brand","embeddable":true,"href":"https:\/\/shopatoa.com\/ro\/wp-json\/wp\/v2\/product_brand?post=259356"},{"taxonomy":"product_cat","embeddable":true,"href":"https:\/\/shopatoa.com\/ro\/wp-json\/wp\/v2\/product_cat?post=259356"},{"taxonomy":"product_tag","embeddable":true,"href":"https:\/\/shopatoa.com\/ro\/wp-json\/wp\/v2\/product_tag?post=259356"}],"curies":[{"name":"wp","href":"https:\/\/api.w.org\/{rel}","templated":true}]}}