{"id":259357,"date":"2025-04-26T21:01:46","date_gmt":"2025-04-26T19:01:46","guid":{"rendered":"https:\/\/shopatoa.com\/ro\/tesori-doriente-karma-crema-de-baie-500-ml\/"},"modified":"2025-05-16T20:31:02","modified_gmt":"2025-05-16T18:31:02","slug":"tesori-doriente-karma-crema-de-baie-500-ml","status":"publish","type":"product","link":"https:\/\/shopatoa.com\/ro\/tesori-doriente-karma-crema-de-baie-500-ml\/","title":{"rendered":"Tesori d&#8217;Oriente Karma &#8211; crem\u0103 de baie 500 ml"},"content":{"rendered":"<p>Oferi\u021bi-v\u0103 momente de bun\u0103stare pur\u0103 cu Tesori d&#8217;Oriente Karma, o crem\u0103 de baie, care v\u0103 transform\u0103 baia \u00eentr-o experien\u021b\u0103 senzual\u0103 \u0219i r\u0103coritoare. Textura sa bogat\u0103 \u0219i cremoas\u0103 cur\u0103\u021b\u0103 delicat pielea, \u00een timp ce parfumul \u00eenc\u00e2nt\u0103tor aduce echilibru \u0219i calm. Deschiderea v\u0103 \u00eenv\u0103luie \u00een note spumoase de bergamot\u0103, l\u0103m\u00e2ie \u0219i flori de citrice, care v\u0103 stimuleaz\u0103 sim\u021burile \u0219i v\u0103 ofer\u0103 o senza\u021bie de prospe\u021bime. \u00cen inim\u0103, se dezvolt\u0103 o combina\u021bie exotic\u0103 de plumeria, floare de p\u0103r, tiare \u0219i ylang-ylang, parfum\u00e2nd pielea cu acorduri florale senzuale. Finalul m\u00e2ng\u00e2ie cu note calde de mosc cremos, vanilie dulce, nuc\u0103 de cocos, lemn de cedru \u0219i boabe de tonka, l\u0103s\u00e2nd o senza\u021bie persistent\u0103 de moliciune \u0219i lux. Crema de baie Tesori d&#8217;Oriente Karma &#8211; ritualul perfect pentru relaxarea corpului \u0219i a min\u021bii, care v\u0103 va parfuma pielea \u0219i v\u0103 va \u00eenv\u0103lui \u00een armonie senzual\u0103.<\/p>\n","protected":false},"excerpt":{"rendered":"<p>Oferi\u021bi-v\u0103 momente de bun\u0103stare pur\u0103 cu Tesori d&#8217;Oriente Karma, o crem\u0103 de baie, care v\u0103 transform\u0103 baia \u00eentr-o experien\u021b\u0103 senzual\u0103 \u0219i r\u0103coritoare. Textura sa bogat\u0103 \u0219i cremoas\u0103 cur\u0103\u021b\u0103 delicat pielea, \u00een timp ce parfumul \u00eenc\u00e2nt\u0103tor aduce echilibru \u0219i calm. Deschiderea v\u0103 \u00eenv\u0103luie \u00een note spumoase de bergamot\u0103, l\u0103m\u00e2ie \u0219i flori de citrice, care v\u0103 stimuleaz\u0103&#8230;<\/p>\n","protected":false},"featured_media":335881,"comment_status":"closed","ping_status":"open","template":"","meta":{"_acf_changed":false,"_kadence_starter_templates_imported_post":false,"_kad_post_transparent":"","_kad_post_title":"","_kad_post_layout":"","_kad_post_sidebar_id":"","_kad_post_content_style":"","_kad_post_vertical_padding":"","_kad_post_feature":"","_kad_post_feature_position":"","_kad_post_header":false,"_kad_post_footer":false,"_kad_post_classname":""},"product_brand":[244],"product_cat":[246,641,611],"product_tag":[],"class_list":{"0":"post-259357","1":"product","2":"type-product","3":"status-publish","4":"has-post-thumbnail","6":"product_brand-tesori-doriente","7":"product_cat-cosmetice","8":"product_cat-cosmetice-pentru-dus-si-baie","9":"product_cat-produse-cosmetice-pentru-corp","11":"first","12":"instock","13":"product-type-external","14":"entry","15":"content-bg","16":"loop-entry"},"acf":[],"yoast_head":"<!-- This site is optimized with the Yoast SEO plugin v27.4 - https:\/\/yoast.com\/product\/yoast-seo-wordpress\/ -->\n<title>Tesori d&#039;Oriente Karma - crem\u0103 de baie 500 ml - SHOPATOA.COM<\/title>\n<meta name=\"robots\" content=\"index, follow, max-snippet:-1, max-image-preview:large, max-video-preview:-1\" \/>\n<link rel=\"canonical\" href=\"https:\/\/shopatoa.com\/ro\/tesori-doriente-karma-crema-de-baie-500-ml\/\" \/>\n<meta property=\"og:locale\" content=\"ro_RO\" \/>\n<meta property=\"og:type\" content=\"article\" \/>\n<meta property=\"og:title\" content=\"Tesori d&#039;Oriente Karma - crem\u0103 de baie 500 ml - SHOPATOA.COM\" \/>\n<meta property=\"og:description\" content=\"Oferi\u021bi-v\u0103 momente de bun\u0103stare pur\u0103 cu Tesori d&#8217;Oriente Karma, o crem\u0103 de baie, care v\u0103 transform\u0103 baia \u00eentr-o experien\u021b\u0103 senzual\u0103 \u0219i r\u0103coritoare. Textura sa bogat\u0103 \u0219i cremoas\u0103 cur\u0103\u021b\u0103 delicat pielea, \u00een timp ce parfumul \u00eenc\u00e2nt\u0103tor aduce echilibru \u0219i calm. Deschiderea v\u0103 \u00eenv\u0103luie \u00een note spumoase de bergamot\u0103, l\u0103m\u00e2ie \u0219i flori de citrice, care v\u0103 stimuleaz\u0103...\" \/>\n<meta property=\"og:url\" content=\"https:\/\/shopatoa.com\/ro\/tesori-doriente-karma-crema-de-baie-500-ml\/\" \/>\n<meta property=\"og:site_name\" content=\"SHOPATOA\" \/>\n<meta property=\"article:modified_time\" content=\"2025-05-16T18:31:02+00:00\" \/>\n<meta property=\"og:image\" content=\"https:\/\/storage.googleapis.com\/cz-shopatoa-img\/ro\/8a9ccfa9-unnamed-file.webp\" \/>\n\t<meta property=\"og:image:width\" content=\"800\" \/>\n\t<meta property=\"og:image:height\" content=\"800\" \/>\n\t<meta property=\"og:image:type\" content=\"image\/webp\" \/>\n<meta name=\"twitter:card\" content=\"summary_large_image\" \/>\n<meta name=\"twitter:label1\" content=\"Timp estimat pentru citire\" \/>\n\t<meta name=\"twitter:data1\" content=\"1 minut\" \/>\n<script type=\"application\/ld+json\" class=\"yoast-schema-graph\">{\"@context\":\"https:\\\/\\\/schema.org\",\"@graph\":[{\"@type\":\"WebPage\",\"@id\":\"https:\\\/\\\/shopatoa.com\\\/ro\\\/tesori-doriente-karma-crema-de-baie-500-ml\\\/\",\"url\":\"https:\\\/\\\/shopatoa.com\\\/ro\\\/tesori-doriente-karma-crema-de-baie-500-ml\\\/\",\"name\":\"Tesori d'Oriente Karma - crem\u0103 de baie 500 ml - SHOPATOA.COM\",\"isPartOf\":{\"@id\":\"https:\\\/\\\/shopatoa.com\\\/ro\\\/#website\"},\"primaryImageOfPage\":{\"@id\":\"https:\\\/\\\/shopatoa.com\\\/ro\\\/tesori-doriente-karma-crema-de-baie-500-ml\\\/#primaryimage\"},\"image\":{\"@id\":\"https:\\\/\\\/shopatoa.com\\\/ro\\\/tesori-doriente-karma-crema-de-baie-500-ml\\\/#primaryimage\"},\"thumbnailUrl\":\"https:\\\/\\\/storage.googleapis.com\\\/cz-shopatoa-img\\\/ro\\\/8a9ccfa9-unnamed-file.webp\",\"datePublished\":\"2025-04-26T19:01:46+00:00\",\"dateModified\":\"2025-05-16T18:31:02+00:00\",\"breadcrumb\":{\"@id\":\"https:\\\/\\\/shopatoa.com\\\/ro\\\/tesori-doriente-karma-crema-de-baie-500-ml\\\/#breadcrumb\"},\"inLanguage\":\"ro-RO\",\"potentialAction\":[{\"@type\":\"ReadAction\",\"target\":[\"https:\\\/\\\/shopatoa.com\\\/ro\\\/tesori-doriente-karma-crema-de-baie-500-ml\\\/\"]}]},{\"@type\":\"ImageObject\",\"inLanguage\":\"ro-RO\",\"@id\":\"https:\\\/\\\/shopatoa.com\\\/ro\\\/tesori-doriente-karma-crema-de-baie-500-ml\\\/#primaryimage\",\"url\":\"https:\\\/\\\/storage.googleapis.com\\\/cz-shopatoa-img\\\/ro\\\/8a9ccfa9-unnamed-file.webp\",\"contentUrl\":\"https:\\\/\\\/storage.googleapis.com\\\/cz-shopatoa-img\\\/ro\\\/8a9ccfa9-unnamed-file.webp\",\"width\":800,\"height\":800},{\"@type\":\"BreadcrumbList\",\"@id\":\"https:\\\/\\\/shopatoa.com\\\/ro\\\/tesori-doriente-karma-crema-de-baie-500-ml\\\/#breadcrumb\",\"itemListElement\":[{\"@type\":\"ListItem\",\"position\":1,\"name\":\"Dom\u016f\",\"item\":\"https:\\\/\\\/shopatoa.com\\\/ro\\\/\"},{\"@type\":\"ListItem\",\"position\":2,\"name\":\"Shop\",\"item\":\"https:\\\/\\\/shopatoa.com\\\/ro\\\/shop\\\/\"},{\"@type\":\"ListItem\",\"position\":3,\"name\":\"Cosmetice\",\"item\":\"https:\\\/\\\/shopatoa.com\\\/ro\\\/cosmetice\\\/\"},{\"@type\":\"ListItem\",\"position\":4,\"name\":\"Produse cosmetice pentru corp\",\"item\":\"https:\\\/\\\/shopatoa.com\\\/ro\\\/produse-cosmetice-pentru-corp\\\/\"},{\"@type\":\"ListItem\",\"position\":5,\"name\":\"Cosmetice pentru du\u0219 \u0219i baie\",\"item\":\"https:\\\/\\\/shopatoa.com\\\/ro\\\/cosmetice-pentru-dus-si-baie\\\/\"},{\"@type\":\"ListItem\",\"position\":6,\"name\":\"Tesori d&#8217;Oriente Karma &#8211; crem\u0103 de baie 500 ml\"}]},{\"@type\":\"WebSite\",\"@id\":\"https:\\\/\\\/shopatoa.com\\\/ro\\\/#website\",\"url\":\"https:\\\/\\\/shopatoa.com\\\/ro\\\/\",\"name\":\"SHOPATOA\",\"description\":\"\",\"publisher\":{\"@id\":\"https:\\\/\\\/shopatoa.com\\\/ro\\\/#organization\"},\"potentialAction\":[{\"@type\":\"SearchAction\",\"target\":{\"@type\":\"EntryPoint\",\"urlTemplate\":\"https:\\\/\\\/shopatoa.com\\\/ro\\\/?s={search_term_string}\"},\"query-input\":{\"@type\":\"PropertyValueSpecification\",\"valueRequired\":true,\"valueName\":\"search_term_string\"}}],\"inLanguage\":\"ro-RO\"},{\"@type\":\"Organization\",\"@id\":\"https:\\\/\\\/shopatoa.com\\\/ro\\\/#organization\",\"name\":\"SHOPATOA\",\"url\":\"https:\\\/\\\/shopatoa.com\\\/ro\\\/\",\"logo\":{\"@type\":\"ImageObject\",\"inLanguage\":\"ro-RO\",\"@id\":\"https:\\\/\\\/shopatoa.com\\\/ro\\\/#\\\/schema\\\/logo\\\/image\\\/\",\"url\":\"https:\\\/\\\/storage.googleapis.com\\\/cz-shopatoa-img\\\/ro\\\/b4dac915-shopatoa_logo.png\",\"contentUrl\":\"https:\\\/\\\/storage.googleapis.com\\\/cz-shopatoa-img\\\/ro\\\/b4dac915-shopatoa_logo.png\",\"width\":416,\"height\":63,\"caption\":\"SHOPATOA\"},\"image\":{\"@id\":\"https:\\\/\\\/shopatoa.com\\\/ro\\\/#\\\/schema\\\/logo\\\/image\\\/\"}}]}<\/script>\n<!-- \/ Yoast SEO plugin. -->","yoast_head_json":{"title":"Tesori d'Oriente Karma - crem\u0103 de baie 500 ml - SHOPATOA.COM","robots":{"index":"index","follow":"follow","max-snippet":"max-snippet:-1","max-image-preview":"max-image-preview:large","max-video-preview":"max-video-preview:-1"},"canonical":"https:\/\/shopatoa.com\/ro\/tesori-doriente-karma-crema-de-baie-500-ml\/","og_locale":"ro_RO","og_type":"article","og_title":"Tesori d'Oriente Karma - crem\u0103 de baie 500 ml - SHOPATOA.COM","og_description":"Oferi\u021bi-v\u0103 momente de bun\u0103stare pur\u0103 cu Tesori d&#8217;Oriente Karma, o crem\u0103 de baie, care v\u0103 transform\u0103 baia \u00eentr-o experien\u021b\u0103 senzual\u0103 \u0219i r\u0103coritoare. Textura sa bogat\u0103 \u0219i cremoas\u0103 cur\u0103\u021b\u0103 delicat pielea, \u00een timp ce parfumul \u00eenc\u00e2nt\u0103tor aduce echilibru \u0219i calm. Deschiderea v\u0103 \u00eenv\u0103luie \u00een note spumoase de bergamot\u0103, l\u0103m\u00e2ie \u0219i flori de citrice, care v\u0103 stimuleaz\u0103...","og_url":"https:\/\/shopatoa.com\/ro\/tesori-doriente-karma-crema-de-baie-500-ml\/","og_site_name":"SHOPATOA","article_modified_time":"2025-05-16T18:31:02+00:00","og_image":[{"width":800,"height":800,"url":"https:\/\/storage.googleapis.com\/cz-shopatoa-img\/ro\/8a9ccfa9-unnamed-file.webp","type":"image\/webp"}],"twitter_card":"summary_large_image","twitter_misc":{"Timp estimat pentru citire":"1 minut"},"schema":{"@context":"https:\/\/schema.org","@graph":[{"@type":"WebPage","@id":"https:\/\/shopatoa.com\/ro\/tesori-doriente-karma-crema-de-baie-500-ml\/","url":"https:\/\/shopatoa.com\/ro\/tesori-doriente-karma-crema-de-baie-500-ml\/","name":"Tesori d'Oriente Karma - crem\u0103 de baie 500 ml - SHOPATOA.COM","isPartOf":{"@id":"https:\/\/shopatoa.com\/ro\/#website"},"primaryImageOfPage":{"@id":"https:\/\/shopatoa.com\/ro\/tesori-doriente-karma-crema-de-baie-500-ml\/#primaryimage"},"image":{"@id":"https:\/\/shopatoa.com\/ro\/tesori-doriente-karma-crema-de-baie-500-ml\/#primaryimage"},"thumbnailUrl":"https:\/\/storage.googleapis.com\/cz-shopatoa-img\/ro\/8a9ccfa9-unnamed-file.webp","datePublished":"2025-04-26T19:01:46+00:00","dateModified":"2025-05-16T18:31:02+00:00","breadcrumb":{"@id":"https:\/\/shopatoa.com\/ro\/tesori-doriente-karma-crema-de-baie-500-ml\/#breadcrumb"},"inLanguage":"ro-RO","potentialAction":[{"@type":"ReadAction","target":["https:\/\/shopatoa.com\/ro\/tesori-doriente-karma-crema-de-baie-500-ml\/"]}]},{"@type":"ImageObject","inLanguage":"ro-RO","@id":"https:\/\/shopatoa.com\/ro\/tesori-doriente-karma-crema-de-baie-500-ml\/#primaryimage","url":"https:\/\/storage.googleapis.com\/cz-shopatoa-img\/ro\/8a9ccfa9-unnamed-file.webp","contentUrl":"https:\/\/storage.googleapis.com\/cz-shopatoa-img\/ro\/8a9ccfa9-unnamed-file.webp","width":800,"height":800},{"@type":"BreadcrumbList","@id":"https:\/\/shopatoa.com\/ro\/tesori-doriente-karma-crema-de-baie-500-ml\/#breadcrumb","itemListElement":[{"@type":"ListItem","position":1,"name":"Dom\u016f","item":"https:\/\/shopatoa.com\/ro\/"},{"@type":"ListItem","position":2,"name":"Shop","item":"https:\/\/shopatoa.com\/ro\/shop\/"},{"@type":"ListItem","position":3,"name":"Cosmetice","item":"https:\/\/shopatoa.com\/ro\/cosmetice\/"},{"@type":"ListItem","position":4,"name":"Produse cosmetice pentru corp","item":"https:\/\/shopatoa.com\/ro\/produse-cosmetice-pentru-corp\/"},{"@type":"ListItem","position":5,"name":"Cosmetice pentru du\u0219 \u0219i baie","item":"https:\/\/shopatoa.com\/ro\/cosmetice-pentru-dus-si-baie\/"},{"@type":"ListItem","position":6,"name":"Tesori d&#8217;Oriente Karma &#8211; crem\u0103 de baie 500 ml"}]},{"@type":"WebSite","@id":"https:\/\/shopatoa.com\/ro\/#website","url":"https:\/\/shopatoa.com\/ro\/","name":"SHOPATOA","description":"","publisher":{"@id":"https:\/\/shopatoa.com\/ro\/#organization"},"potentialAction":[{"@type":"SearchAction","target":{"@type":"EntryPoint","urlTemplate":"https:\/\/shopatoa.com\/ro\/?s={search_term_string}"},"query-input":{"@type":"PropertyValueSpecification","valueRequired":true,"valueName":"search_term_string"}}],"inLanguage":"ro-RO"},{"@type":"Organization","@id":"https:\/\/shopatoa.com\/ro\/#organization","name":"SHOPATOA","url":"https:\/\/shopatoa.com\/ro\/","logo":{"@type":"ImageObject","inLanguage":"ro-RO","@id":"https:\/\/shopatoa.com\/ro\/#\/schema\/logo\/image\/","url":"https:\/\/storage.googleapis.com\/cz-shopatoa-img\/ro\/b4dac915-shopatoa_logo.png","contentUrl":"https:\/\/storage.googleapis.com\/cz-shopatoa-img\/ro\/b4dac915-shopatoa_logo.png","width":416,"height":63,"caption":"SHOPATOA"},"image":{"@id":"https:\/\/shopatoa.com\/ro\/#\/schema\/logo\/image\/"}}]}},"_links":{"self":[{"href":"https:\/\/shopatoa.com\/ro\/wp-json\/wp\/v2\/product\/259357","targetHints":{"allow":["GET"]}}],"collection":[{"href":"https:\/\/shopatoa.com\/ro\/wp-json\/wp\/v2\/product"}],"about":[{"href":"https:\/\/shopatoa.com\/ro\/wp-json\/wp\/v2\/types\/product"}],"replies":[{"embeddable":true,"href":"https:\/\/shopatoa.com\/ro\/wp-json\/wp\/v2\/comments?post=259357"}],"wp:featuredmedia":[{"embeddable":true,"href":"https:\/\/shopatoa.com\/ro\/wp-json\/wp\/v2\/media\/335881"}],"wp:attachment":[{"href":"https:\/\/shopatoa.com\/ro\/wp-json\/wp\/v2\/media?parent=259357"}],"wp:term":[{"taxonomy":"product_brand","embeddable":true,"href":"https:\/\/shopatoa.com\/ro\/wp-json\/wp\/v2\/product_brand?post=259357"},{"taxonomy":"product_cat","embeddable":true,"href":"https:\/\/shopatoa.com\/ro\/wp-json\/wp\/v2\/product_cat?post=259357"},{"taxonomy":"product_tag","embeddable":true,"href":"https:\/\/shopatoa.com\/ro\/wp-json\/wp\/v2\/product_tag?post=259357"}],"curies":[{"name":"wp","href":"https:\/\/api.w.org\/{rel}","templated":true}]}}