{"id":259390,"date":"2025-04-26T21:15:52","date_gmt":"2025-04-26T19:15:52","guid":{"rendered":"https:\/\/shopatoa.com\/ro\/alfaparf-milano-vopsea-permanenta-de-par-plex-rebuilder-permanent-color-cream-7-4\/"},"modified":"2025-05-16T20:34:53","modified_gmt":"2025-05-16T18:34:53","slug":"alfaparf-milano-vopsea-permanenta-de-par-plex-rebuilder-permanent-color-cream-7-4","status":"publish","type":"product","link":"https:\/\/shopatoa.com\/ro\/alfaparf-milano-vopsea-permanenta-de-par-plex-rebuilder-permanent-color-cream-7-4\/","title":{"rendered":"Alfaparf Milano Vopsea permanent\u0103 de p\u0103r Plex Rebuilder (Permanent Color Cream) 7.4"},"content":{"rendered":"<p>Vopsea permanent\u0103 a p\u0103rului cu nuan\u021be vibrante \u0219i de lung\u0103 durat\u0103. Culoarea ofer\u0103 hr\u0103nire profund\u0103 \u0219i \u00eengrijire care \u00eembun\u0103t\u0103\u021be\u0219te calitatea p\u0103rului \u00een timpul vopsirii. Con\u021bine ulei de semin\u021be de in, care hr\u0103ne\u0219te \u0219i lumineaz\u0103, \u0219i ulei de semin\u021be de limnanthes alba, care hidrateaz\u0103 \u0219i face p\u0103rul moale. Rezultatul este un aspect s\u0103n\u0103tos \u0219i natural.<\/p>\n","protected":false},"excerpt":{"rendered":"<p>Vopsea permanent\u0103 a p\u0103rului cu nuan\u021be vibrante \u0219i de lung\u0103 durat\u0103. Culoarea ofer\u0103 hr\u0103nire profund\u0103 \u0219i \u00eengrijire care \u00eembun\u0103t\u0103\u021be\u0219te calitatea p\u0103rului \u00een timpul vopsirii. Con\u021bine ulei de semin\u021be de in, care hr\u0103ne\u0219te \u0219i lumineaz\u0103, \u0219i ulei de semin\u021be de limnanthes alba, care hidrateaz\u0103 \u0219i face p\u0103rul moale. Rezultatul este un aspect s\u0103n\u0103tos \u0219i natural.<\/p>\n","protected":false},"featured_media":335908,"comment_status":"closed","ping_status":"open","template":"","meta":{"_acf_changed":false,"_kadence_starter_templates_imported_post":false,"_kad_post_transparent":"","_kad_post_title":"","_kad_post_layout":"","_kad_post_sidebar_id":"","_kad_post_content_style":"","_kad_post_vertical_padding":"","_kad_post_feature":"","_kad_post_feature_position":"","_kad_post_header":false,"_kad_post_footer":false,"_kad_post_classname":""},"product_brand":[436],"product_cat":[694,246,623],"product_tag":[],"class_list":{"0":"post-259390","1":"product","2":"type-product","3":"status-publish","4":"has-post-thumbnail","6":"product_brand-alfaparf-milano","7":"product_cat-cosmetica-pentru-colorarea-parului","8":"product_cat-cosmetice","9":"product_cat-produse-cosmetice-pentru-par","11":"first","12":"instock","13":"product-type-external","14":"entry","15":"content-bg","16":"loop-entry"},"acf":[],"yoast_head":"<!-- This site is optimized with the Yoast SEO plugin v27.4 - https:\/\/yoast.com\/product\/yoast-seo-wordpress\/ -->\n<title>Alfaparf Milano Vopsea permanent\u0103 de p\u0103r Plex Rebuilder (Permanent Color Cream) 7.4 - SHOPATOA.COM<\/title>\n<meta name=\"robots\" content=\"index, follow, max-snippet:-1, max-image-preview:large, max-video-preview:-1\" \/>\n<link rel=\"canonical\" href=\"https:\/\/shopatoa.com\/ro\/alfaparf-milano-vopsea-permanenta-de-par-plex-rebuilder-permanent-color-cream-7-4\/\" \/>\n<meta property=\"og:locale\" content=\"ro_RO\" \/>\n<meta property=\"og:type\" content=\"article\" \/>\n<meta property=\"og:title\" content=\"Alfaparf Milano Vopsea permanent\u0103 de p\u0103r Plex Rebuilder (Permanent Color Cream) 7.4 - SHOPATOA.COM\" \/>\n<meta property=\"og:description\" content=\"Vopsea permanent\u0103 a p\u0103rului cu nuan\u021be vibrante \u0219i de lung\u0103 durat\u0103. Culoarea ofer\u0103 hr\u0103nire profund\u0103 \u0219i \u00eengrijire care \u00eembun\u0103t\u0103\u021be\u0219te calitatea p\u0103rului \u00een timpul vopsirii. Con\u021bine ulei de semin\u021be de in, care hr\u0103ne\u0219te \u0219i lumineaz\u0103, \u0219i ulei de semin\u021be de limnanthes alba, care hidrateaz\u0103 \u0219i face p\u0103rul moale. Rezultatul este un aspect s\u0103n\u0103tos \u0219i natural.\" \/>\n<meta property=\"og:url\" content=\"https:\/\/shopatoa.com\/ro\/alfaparf-milano-vopsea-permanenta-de-par-plex-rebuilder-permanent-color-cream-7-4\/\" \/>\n<meta property=\"og:site_name\" content=\"SHOPATOA\" \/>\n<meta property=\"article:modified_time\" content=\"2025-05-16T18:34:53+00:00\" \/>\n<meta property=\"og:image\" content=\"https:\/\/storage.googleapis.com\/cz-shopatoa-img\/ro\/4770a140-unnamed-file.webp\" \/>\n\t<meta property=\"og:image:width\" content=\"800\" \/>\n\t<meta property=\"og:image:height\" content=\"800\" \/>\n\t<meta property=\"og:image:type\" content=\"image\/webp\" \/>\n<meta name=\"twitter:card\" content=\"summary_large_image\" \/>\n<script type=\"application\/ld+json\" class=\"yoast-schema-graph\">{\"@context\":\"https:\\\/\\\/schema.org\",\"@graph\":[{\"@type\":\"WebPage\",\"@id\":\"https:\\\/\\\/shopatoa.com\\\/ro\\\/alfaparf-milano-vopsea-permanenta-de-par-plex-rebuilder-permanent-color-cream-7-4\\\/\",\"url\":\"https:\\\/\\\/shopatoa.com\\\/ro\\\/alfaparf-milano-vopsea-permanenta-de-par-plex-rebuilder-permanent-color-cream-7-4\\\/\",\"name\":\"Alfaparf Milano Vopsea permanent\u0103 de p\u0103r Plex Rebuilder (Permanent Color Cream) 7.4 - SHOPATOA.COM\",\"isPartOf\":{\"@id\":\"https:\\\/\\\/shopatoa.com\\\/ro\\\/#website\"},\"primaryImageOfPage\":{\"@id\":\"https:\\\/\\\/shopatoa.com\\\/ro\\\/alfaparf-milano-vopsea-permanenta-de-par-plex-rebuilder-permanent-color-cream-7-4\\\/#primaryimage\"},\"image\":{\"@id\":\"https:\\\/\\\/shopatoa.com\\\/ro\\\/alfaparf-milano-vopsea-permanenta-de-par-plex-rebuilder-permanent-color-cream-7-4\\\/#primaryimage\"},\"thumbnailUrl\":\"https:\\\/\\\/storage.googleapis.com\\\/cz-shopatoa-img\\\/ro\\\/4770a140-unnamed-file.webp\",\"datePublished\":\"2025-04-26T19:15:52+00:00\",\"dateModified\":\"2025-05-16T18:34:53+00:00\",\"breadcrumb\":{\"@id\":\"https:\\\/\\\/shopatoa.com\\\/ro\\\/alfaparf-milano-vopsea-permanenta-de-par-plex-rebuilder-permanent-color-cream-7-4\\\/#breadcrumb\"},\"inLanguage\":\"ro-RO\",\"potentialAction\":[{\"@type\":\"ReadAction\",\"target\":[\"https:\\\/\\\/shopatoa.com\\\/ro\\\/alfaparf-milano-vopsea-permanenta-de-par-plex-rebuilder-permanent-color-cream-7-4\\\/\"]}]},{\"@type\":\"ImageObject\",\"inLanguage\":\"ro-RO\",\"@id\":\"https:\\\/\\\/shopatoa.com\\\/ro\\\/alfaparf-milano-vopsea-permanenta-de-par-plex-rebuilder-permanent-color-cream-7-4\\\/#primaryimage\",\"url\":\"https:\\\/\\\/storage.googleapis.com\\\/cz-shopatoa-img\\\/ro\\\/4770a140-unnamed-file.webp\",\"contentUrl\":\"https:\\\/\\\/storage.googleapis.com\\\/cz-shopatoa-img\\\/ro\\\/4770a140-unnamed-file.webp\",\"width\":800,\"height\":800},{\"@type\":\"BreadcrumbList\",\"@id\":\"https:\\\/\\\/shopatoa.com\\\/ro\\\/alfaparf-milano-vopsea-permanenta-de-par-plex-rebuilder-permanent-color-cream-7-4\\\/#breadcrumb\",\"itemListElement\":[{\"@type\":\"ListItem\",\"position\":1,\"name\":\"Dom\u016f\",\"item\":\"https:\\\/\\\/shopatoa.com\\\/ro\\\/\"},{\"@type\":\"ListItem\",\"position\":2,\"name\":\"Shop\",\"item\":\"https:\\\/\\\/shopatoa.com\\\/ro\\\/shop\\\/\"},{\"@type\":\"ListItem\",\"position\":3,\"name\":\"Cosmetice\",\"item\":\"https:\\\/\\\/shopatoa.com\\\/ro\\\/cosmetice\\\/\"},{\"@type\":\"ListItem\",\"position\":4,\"name\":\"Produse cosmetice pentru p\u0103r\",\"item\":\"https:\\\/\\\/shopatoa.com\\\/ro\\\/produse-cosmetice-pentru-par\\\/\"},{\"@type\":\"ListItem\",\"position\":5,\"name\":\"Cosmetica pentru colorarea parului\",\"item\":\"https:\\\/\\\/shopatoa.com\\\/ro\\\/cosmetica-pentru-colorarea-parului\\\/\"},{\"@type\":\"ListItem\",\"position\":6,\"name\":\"Alfaparf Milano Vopsea permanent\u0103 de p\u0103r Plex Rebuilder (Permanent Color Cream) 7.4\"}]},{\"@type\":\"WebSite\",\"@id\":\"https:\\\/\\\/shopatoa.com\\\/ro\\\/#website\",\"url\":\"https:\\\/\\\/shopatoa.com\\\/ro\\\/\",\"name\":\"SHOPATOA\",\"description\":\"\",\"publisher\":{\"@id\":\"https:\\\/\\\/shopatoa.com\\\/ro\\\/#organization\"},\"potentialAction\":[{\"@type\":\"SearchAction\",\"target\":{\"@type\":\"EntryPoint\",\"urlTemplate\":\"https:\\\/\\\/shopatoa.com\\\/ro\\\/?s={search_term_string}\"},\"query-input\":{\"@type\":\"PropertyValueSpecification\",\"valueRequired\":true,\"valueName\":\"search_term_string\"}}],\"inLanguage\":\"ro-RO\"},{\"@type\":\"Organization\",\"@id\":\"https:\\\/\\\/shopatoa.com\\\/ro\\\/#organization\",\"name\":\"SHOPATOA\",\"url\":\"https:\\\/\\\/shopatoa.com\\\/ro\\\/\",\"logo\":{\"@type\":\"ImageObject\",\"inLanguage\":\"ro-RO\",\"@id\":\"https:\\\/\\\/shopatoa.com\\\/ro\\\/#\\\/schema\\\/logo\\\/image\\\/\",\"url\":\"https:\\\/\\\/storage.googleapis.com\\\/cz-shopatoa-img\\\/ro\\\/b4dac915-shopatoa_logo.png\",\"contentUrl\":\"https:\\\/\\\/storage.googleapis.com\\\/cz-shopatoa-img\\\/ro\\\/b4dac915-shopatoa_logo.png\",\"width\":416,\"height\":63,\"caption\":\"SHOPATOA\"},\"image\":{\"@id\":\"https:\\\/\\\/shopatoa.com\\\/ro\\\/#\\\/schema\\\/logo\\\/image\\\/\"}}]}<\/script>\n<!-- \/ Yoast SEO plugin. -->","yoast_head_json":{"title":"Alfaparf Milano Vopsea permanent\u0103 de p\u0103r Plex Rebuilder (Permanent Color Cream) 7.4 - SHOPATOA.COM","robots":{"index":"index","follow":"follow","max-snippet":"max-snippet:-1","max-image-preview":"max-image-preview:large","max-video-preview":"max-video-preview:-1"},"canonical":"https:\/\/shopatoa.com\/ro\/alfaparf-milano-vopsea-permanenta-de-par-plex-rebuilder-permanent-color-cream-7-4\/","og_locale":"ro_RO","og_type":"article","og_title":"Alfaparf Milano Vopsea permanent\u0103 de p\u0103r Plex Rebuilder (Permanent Color Cream) 7.4 - SHOPATOA.COM","og_description":"Vopsea permanent\u0103 a p\u0103rului cu nuan\u021be vibrante \u0219i de lung\u0103 durat\u0103. Culoarea ofer\u0103 hr\u0103nire profund\u0103 \u0219i \u00eengrijire care \u00eembun\u0103t\u0103\u021be\u0219te calitatea p\u0103rului \u00een timpul vopsirii. Con\u021bine ulei de semin\u021be de in, care hr\u0103ne\u0219te \u0219i lumineaz\u0103, \u0219i ulei de semin\u021be de limnanthes alba, care hidrateaz\u0103 \u0219i face p\u0103rul moale. Rezultatul este un aspect s\u0103n\u0103tos \u0219i natural.","og_url":"https:\/\/shopatoa.com\/ro\/alfaparf-milano-vopsea-permanenta-de-par-plex-rebuilder-permanent-color-cream-7-4\/","og_site_name":"SHOPATOA","article_modified_time":"2025-05-16T18:34:53+00:00","og_image":[{"width":800,"height":800,"url":"https:\/\/storage.googleapis.com\/cz-shopatoa-img\/ro\/4770a140-unnamed-file.webp","type":"image\/webp"}],"twitter_card":"summary_large_image","schema":{"@context":"https:\/\/schema.org","@graph":[{"@type":"WebPage","@id":"https:\/\/shopatoa.com\/ro\/alfaparf-milano-vopsea-permanenta-de-par-plex-rebuilder-permanent-color-cream-7-4\/","url":"https:\/\/shopatoa.com\/ro\/alfaparf-milano-vopsea-permanenta-de-par-plex-rebuilder-permanent-color-cream-7-4\/","name":"Alfaparf Milano Vopsea permanent\u0103 de p\u0103r Plex Rebuilder (Permanent Color Cream) 7.4 - SHOPATOA.COM","isPartOf":{"@id":"https:\/\/shopatoa.com\/ro\/#website"},"primaryImageOfPage":{"@id":"https:\/\/shopatoa.com\/ro\/alfaparf-milano-vopsea-permanenta-de-par-plex-rebuilder-permanent-color-cream-7-4\/#primaryimage"},"image":{"@id":"https:\/\/shopatoa.com\/ro\/alfaparf-milano-vopsea-permanenta-de-par-plex-rebuilder-permanent-color-cream-7-4\/#primaryimage"},"thumbnailUrl":"https:\/\/storage.googleapis.com\/cz-shopatoa-img\/ro\/4770a140-unnamed-file.webp","datePublished":"2025-04-26T19:15:52+00:00","dateModified":"2025-05-16T18:34:53+00:00","breadcrumb":{"@id":"https:\/\/shopatoa.com\/ro\/alfaparf-milano-vopsea-permanenta-de-par-plex-rebuilder-permanent-color-cream-7-4\/#breadcrumb"},"inLanguage":"ro-RO","potentialAction":[{"@type":"ReadAction","target":["https:\/\/shopatoa.com\/ro\/alfaparf-milano-vopsea-permanenta-de-par-plex-rebuilder-permanent-color-cream-7-4\/"]}]},{"@type":"ImageObject","inLanguage":"ro-RO","@id":"https:\/\/shopatoa.com\/ro\/alfaparf-milano-vopsea-permanenta-de-par-plex-rebuilder-permanent-color-cream-7-4\/#primaryimage","url":"https:\/\/storage.googleapis.com\/cz-shopatoa-img\/ro\/4770a140-unnamed-file.webp","contentUrl":"https:\/\/storage.googleapis.com\/cz-shopatoa-img\/ro\/4770a140-unnamed-file.webp","width":800,"height":800},{"@type":"BreadcrumbList","@id":"https:\/\/shopatoa.com\/ro\/alfaparf-milano-vopsea-permanenta-de-par-plex-rebuilder-permanent-color-cream-7-4\/#breadcrumb","itemListElement":[{"@type":"ListItem","position":1,"name":"Dom\u016f","item":"https:\/\/shopatoa.com\/ro\/"},{"@type":"ListItem","position":2,"name":"Shop","item":"https:\/\/shopatoa.com\/ro\/shop\/"},{"@type":"ListItem","position":3,"name":"Cosmetice","item":"https:\/\/shopatoa.com\/ro\/cosmetice\/"},{"@type":"ListItem","position":4,"name":"Produse cosmetice pentru p\u0103r","item":"https:\/\/shopatoa.com\/ro\/produse-cosmetice-pentru-par\/"},{"@type":"ListItem","position":5,"name":"Cosmetica pentru colorarea parului","item":"https:\/\/shopatoa.com\/ro\/cosmetica-pentru-colorarea-parului\/"},{"@type":"ListItem","position":6,"name":"Alfaparf Milano Vopsea permanent\u0103 de p\u0103r Plex Rebuilder (Permanent Color Cream) 7.4"}]},{"@type":"WebSite","@id":"https:\/\/shopatoa.com\/ro\/#website","url":"https:\/\/shopatoa.com\/ro\/","name":"SHOPATOA","description":"","publisher":{"@id":"https:\/\/shopatoa.com\/ro\/#organization"},"potentialAction":[{"@type":"SearchAction","target":{"@type":"EntryPoint","urlTemplate":"https:\/\/shopatoa.com\/ro\/?s={search_term_string}"},"query-input":{"@type":"PropertyValueSpecification","valueRequired":true,"valueName":"search_term_string"}}],"inLanguage":"ro-RO"},{"@type":"Organization","@id":"https:\/\/shopatoa.com\/ro\/#organization","name":"SHOPATOA","url":"https:\/\/shopatoa.com\/ro\/","logo":{"@type":"ImageObject","inLanguage":"ro-RO","@id":"https:\/\/shopatoa.com\/ro\/#\/schema\/logo\/image\/","url":"https:\/\/storage.googleapis.com\/cz-shopatoa-img\/ro\/b4dac915-shopatoa_logo.png","contentUrl":"https:\/\/storage.googleapis.com\/cz-shopatoa-img\/ro\/b4dac915-shopatoa_logo.png","width":416,"height":63,"caption":"SHOPATOA"},"image":{"@id":"https:\/\/shopatoa.com\/ro\/#\/schema\/logo\/image\/"}}]}},"_links":{"self":[{"href":"https:\/\/shopatoa.com\/ro\/wp-json\/wp\/v2\/product\/259390","targetHints":{"allow":["GET"]}}],"collection":[{"href":"https:\/\/shopatoa.com\/ro\/wp-json\/wp\/v2\/product"}],"about":[{"href":"https:\/\/shopatoa.com\/ro\/wp-json\/wp\/v2\/types\/product"}],"replies":[{"embeddable":true,"href":"https:\/\/shopatoa.com\/ro\/wp-json\/wp\/v2\/comments?post=259390"}],"wp:featuredmedia":[{"embeddable":true,"href":"https:\/\/shopatoa.com\/ro\/wp-json\/wp\/v2\/media\/335908"}],"wp:attachment":[{"href":"https:\/\/shopatoa.com\/ro\/wp-json\/wp\/v2\/media?parent=259390"}],"wp:term":[{"taxonomy":"product_brand","embeddable":true,"href":"https:\/\/shopatoa.com\/ro\/wp-json\/wp\/v2\/product_brand?post=259390"},{"taxonomy":"product_cat","embeddable":true,"href":"https:\/\/shopatoa.com\/ro\/wp-json\/wp\/v2\/product_cat?post=259390"},{"taxonomy":"product_tag","embeddable":true,"href":"https:\/\/shopatoa.com\/ro\/wp-json\/wp\/v2\/product_tag?post=259390"}],"curies":[{"name":"wp","href":"https:\/\/api.w.org\/{rel}","templated":true}]}}