{"id":259434,"date":"2025-04-26T21:31:33","date_gmt":"2025-04-26T19:31:33","guid":{"rendered":"https:\/\/shopatoa.com\/ro\/annemarie-borlind-creion-pentru-ochi-cu-aplicator-eyeliner-pencil-1-g-black-brown\/"},"modified":"2025-05-16T20:40:44","modified_gmt":"2025-05-16T18:40:44","slug":"annemarie-borlind-creion-pentru-ochi-cu-aplicator-eyeliner-pencil-1-g-black-brown","status":"publish","type":"product","link":"https:\/\/shopatoa.com\/ro\/annemarie-borlind-creion-pentru-ochi-cu-aplicator-eyeliner-pencil-1-g-black-brown\/","title":{"rendered":"ANNEMARIE BORLIND Creion pentru ochi cu aplicator (Eyeliner Pencil) 1 g Black Brown"},"content":{"rendered":"<p>Creionul vegan pentru ochi \u00een nuan\u021be bogate de culoare garanteaz\u0103 un machiaj perfect \u0219i unic pentru ochi. Cu creionul moale \u0219i aplicatorul cu burete, este u\u0219or s\u0103 eviden\u021bia\u021bi conturul ochilor. Con\u021bine ingrediente naturale precum uleiul de jojoba, care asigur\u0103 hidratare \u0219i p\u0103streaz\u0103 o senza\u021bie pl\u0103cut\u0103 de umiditate \u00een piele. Uleiul de mango \u00eembun\u0103t\u0103\u021be\u0219te elasticitatea pielii. Uleiul de nuc\u0103 de macadamia ajut\u0103 la netezirea pielii \u0219i la \u00eembun\u0103t\u0103\u021birea elasticit\u0103\u021bii acesteia.<\/p>\n","protected":false},"excerpt":{"rendered":"<p>Creionul vegan pentru ochi \u00een nuan\u021be bogate de culoare garanteaz\u0103 un machiaj perfect \u0219i unic pentru ochi. Cu creionul moale \u0219i aplicatorul cu burete, este u\u0219or s\u0103 eviden\u021bia\u021bi conturul ochilor. Con\u021bine ingrediente naturale precum uleiul de jojoba, care asigur\u0103 hidratare \u0219i p\u0103streaz\u0103 o senza\u021bie pl\u0103cut\u0103 de umiditate \u00een piele. Uleiul de mango \u00eembun\u0103t\u0103\u021be\u0219te elasticitatea pielii&#8230;.<\/p>\n","protected":false},"featured_media":335953,"comment_status":"closed","ping_status":"open","template":"","meta":{"_acf_changed":false,"_kadence_starter_templates_imported_post":false,"_kad_post_transparent":"","_kad_post_title":"","_kad_post_layout":"","_kad_post_sidebar_id":"","_kad_post_content_style":"","_kad_post_vertical_padding":"","_kad_post_feature":"","_kad_post_feature_position":"","_kad_post_header":false,"_kad_post_footer":false,"_kad_post_classname":""},"product_brand":[112],"product_cat":[246,609,666,631],"product_tag":[],"class_list":{"0":"post-259434","1":"product","2":"type-product","3":"status-publish","4":"has-post-thumbnail","6":"product_brand-annemarie-borlind","7":"product_cat-cosmetice","8":"product_cat-cosmetice-decorative","9":"product_cat-creione-de-ochi","10":"product_cat-machiaj-pentru-ochi","12":"first","13":"instock","14":"product-type-external","15":"entry","16":"content-bg","17":"loop-entry"},"acf":[],"yoast_head":"<!-- This site is optimized with the Yoast SEO plugin v27.3 - https:\/\/yoast.com\/product\/yoast-seo-wordpress\/ -->\n<title>ANNEMARIE BORLIND Creion pentru ochi cu aplicator (Eyeliner Pencil) 1 g Black Brown - SHOPATOA.COM<\/title>\n<meta name=\"robots\" content=\"index, follow, max-snippet:-1, max-image-preview:large, max-video-preview:-1\" \/>\n<link rel=\"canonical\" href=\"https:\/\/shopatoa.com\/ro\/annemarie-borlind-creion-pentru-ochi-cu-aplicator-eyeliner-pencil-1-g-black-brown\/\" \/>\n<meta property=\"og:locale\" content=\"ro_RO\" \/>\n<meta property=\"og:type\" content=\"article\" \/>\n<meta property=\"og:title\" content=\"ANNEMARIE BORLIND Creion pentru ochi cu aplicator (Eyeliner Pencil) 1 g Black Brown - SHOPATOA.COM\" \/>\n<meta property=\"og:description\" content=\"Creionul vegan pentru ochi \u00een nuan\u021be bogate de culoare garanteaz\u0103 un machiaj perfect \u0219i unic pentru ochi. Cu creionul moale \u0219i aplicatorul cu burete, este u\u0219or s\u0103 eviden\u021bia\u021bi conturul ochilor. Con\u021bine ingrediente naturale precum uleiul de jojoba, care asigur\u0103 hidratare \u0219i p\u0103streaz\u0103 o senza\u021bie pl\u0103cut\u0103 de umiditate \u00een piele. Uleiul de mango \u00eembun\u0103t\u0103\u021be\u0219te elasticitatea pielii....\" \/>\n<meta property=\"og:url\" content=\"https:\/\/shopatoa.com\/ro\/annemarie-borlind-creion-pentru-ochi-cu-aplicator-eyeliner-pencil-1-g-black-brown\/\" \/>\n<meta property=\"og:site_name\" content=\"SHOPATOA\" \/>\n<meta property=\"article:modified_time\" content=\"2025-05-16T18:40:44+00:00\" \/>\n<meta property=\"og:image\" content=\"https:\/\/storage.googleapis.com\/cz-shopatoa-img\/ro\/7feb4e61-unnamed-file.webp\" \/>\n\t<meta property=\"og:image:width\" content=\"800\" \/>\n\t<meta property=\"og:image:height\" content=\"800\" \/>\n\t<meta property=\"og:image:type\" content=\"image\/webp\" \/>\n<meta name=\"twitter:card\" content=\"summary_large_image\" \/>\n<script type=\"application\/ld+json\" class=\"yoast-schema-graph\">{\"@context\":\"https:\\\/\\\/schema.org\",\"@graph\":[{\"@type\":\"WebPage\",\"@id\":\"https:\\\/\\\/shopatoa.com\\\/ro\\\/annemarie-borlind-creion-pentru-ochi-cu-aplicator-eyeliner-pencil-1-g-black-brown\\\/\",\"url\":\"https:\\\/\\\/shopatoa.com\\\/ro\\\/annemarie-borlind-creion-pentru-ochi-cu-aplicator-eyeliner-pencil-1-g-black-brown\\\/\",\"name\":\"ANNEMARIE BORLIND Creion pentru ochi cu aplicator (Eyeliner Pencil) 1 g Black Brown - SHOPATOA.COM\",\"isPartOf\":{\"@id\":\"https:\\\/\\\/shopatoa.com\\\/ro\\\/#website\"},\"primaryImageOfPage\":{\"@id\":\"https:\\\/\\\/shopatoa.com\\\/ro\\\/annemarie-borlind-creion-pentru-ochi-cu-aplicator-eyeliner-pencil-1-g-black-brown\\\/#primaryimage\"},\"image\":{\"@id\":\"https:\\\/\\\/shopatoa.com\\\/ro\\\/annemarie-borlind-creion-pentru-ochi-cu-aplicator-eyeliner-pencil-1-g-black-brown\\\/#primaryimage\"},\"thumbnailUrl\":\"https:\\\/\\\/storage.googleapis.com\\\/cz-shopatoa-img\\\/ro\\\/7feb4e61-unnamed-file.webp\",\"datePublished\":\"2025-04-26T19:31:33+00:00\",\"dateModified\":\"2025-05-16T18:40:44+00:00\",\"breadcrumb\":{\"@id\":\"https:\\\/\\\/shopatoa.com\\\/ro\\\/annemarie-borlind-creion-pentru-ochi-cu-aplicator-eyeliner-pencil-1-g-black-brown\\\/#breadcrumb\"},\"inLanguage\":\"ro-RO\",\"potentialAction\":[{\"@type\":\"ReadAction\",\"target\":[\"https:\\\/\\\/shopatoa.com\\\/ro\\\/annemarie-borlind-creion-pentru-ochi-cu-aplicator-eyeliner-pencil-1-g-black-brown\\\/\"]}]},{\"@type\":\"ImageObject\",\"inLanguage\":\"ro-RO\",\"@id\":\"https:\\\/\\\/shopatoa.com\\\/ro\\\/annemarie-borlind-creion-pentru-ochi-cu-aplicator-eyeliner-pencil-1-g-black-brown\\\/#primaryimage\",\"url\":\"https:\\\/\\\/storage.googleapis.com\\\/cz-shopatoa-img\\\/ro\\\/7feb4e61-unnamed-file.webp\",\"contentUrl\":\"https:\\\/\\\/storage.googleapis.com\\\/cz-shopatoa-img\\\/ro\\\/7feb4e61-unnamed-file.webp\",\"width\":800,\"height\":800},{\"@type\":\"BreadcrumbList\",\"@id\":\"https:\\\/\\\/shopatoa.com\\\/ro\\\/annemarie-borlind-creion-pentru-ochi-cu-aplicator-eyeliner-pencil-1-g-black-brown\\\/#breadcrumb\",\"itemListElement\":[{\"@type\":\"ListItem\",\"position\":1,\"name\":\"Dom\u016f\",\"item\":\"https:\\\/\\\/shopatoa.com\\\/ro\\\/\"},{\"@type\":\"ListItem\",\"position\":2,\"name\":\"Shop\",\"item\":\"https:\\\/\\\/shopatoa.com\\\/ro\\\/shop\\\/\"},{\"@type\":\"ListItem\",\"position\":3,\"name\":\"Cosmetice\",\"item\":\"https:\\\/\\\/shopatoa.com\\\/ro\\\/cosmetice\\\/\"},{\"@type\":\"ListItem\",\"position\":4,\"name\":\"Cosmetice decorative\",\"item\":\"https:\\\/\\\/shopatoa.com\\\/ro\\\/cosmetice-decorative\\\/\"},{\"@type\":\"ListItem\",\"position\":5,\"name\":\"Machiaj pentru ochi\",\"item\":\"https:\\\/\\\/shopatoa.com\\\/ro\\\/machiaj-pentru-ochi\\\/\"},{\"@type\":\"ListItem\",\"position\":6,\"name\":\"Creione de ochi\",\"item\":\"https:\\\/\\\/shopatoa.com\\\/ro\\\/creione-de-ochi\\\/\"},{\"@type\":\"ListItem\",\"position\":7,\"name\":\"ANNEMARIE BORLIND Creion pentru ochi cu aplicator (Eyeliner Pencil) 1 g Black Brown\"}]},{\"@type\":\"WebSite\",\"@id\":\"https:\\\/\\\/shopatoa.com\\\/ro\\\/#website\",\"url\":\"https:\\\/\\\/shopatoa.com\\\/ro\\\/\",\"name\":\"SHOPATOA\",\"description\":\"\",\"publisher\":{\"@id\":\"https:\\\/\\\/shopatoa.com\\\/ro\\\/#organization\"},\"potentialAction\":[{\"@type\":\"SearchAction\",\"target\":{\"@type\":\"EntryPoint\",\"urlTemplate\":\"https:\\\/\\\/shopatoa.com\\\/ro\\\/?s={search_term_string}\"},\"query-input\":{\"@type\":\"PropertyValueSpecification\",\"valueRequired\":true,\"valueName\":\"search_term_string\"}}],\"inLanguage\":\"ro-RO\"},{\"@type\":\"Organization\",\"@id\":\"https:\\\/\\\/shopatoa.com\\\/ro\\\/#organization\",\"name\":\"SHOPATOA\",\"url\":\"https:\\\/\\\/shopatoa.com\\\/ro\\\/\",\"logo\":{\"@type\":\"ImageObject\",\"inLanguage\":\"ro-RO\",\"@id\":\"https:\\\/\\\/shopatoa.com\\\/ro\\\/#\\\/schema\\\/logo\\\/image\\\/\",\"url\":\"https:\\\/\\\/storage.googleapis.com\\\/cz-shopatoa-img\\\/ro\\\/b4dac915-shopatoa_logo.png\",\"contentUrl\":\"https:\\\/\\\/storage.googleapis.com\\\/cz-shopatoa-img\\\/ro\\\/b4dac915-shopatoa_logo.png\",\"width\":416,\"height\":63,\"caption\":\"SHOPATOA\"},\"image\":{\"@id\":\"https:\\\/\\\/shopatoa.com\\\/ro\\\/#\\\/schema\\\/logo\\\/image\\\/\"}}]}<\/script>\n<!-- \/ Yoast SEO plugin. -->","yoast_head_json":{"title":"ANNEMARIE BORLIND Creion pentru ochi cu aplicator (Eyeliner Pencil) 1 g Black Brown - SHOPATOA.COM","robots":{"index":"index","follow":"follow","max-snippet":"max-snippet:-1","max-image-preview":"max-image-preview:large","max-video-preview":"max-video-preview:-1"},"canonical":"https:\/\/shopatoa.com\/ro\/annemarie-borlind-creion-pentru-ochi-cu-aplicator-eyeliner-pencil-1-g-black-brown\/","og_locale":"ro_RO","og_type":"article","og_title":"ANNEMARIE BORLIND Creion pentru ochi cu aplicator (Eyeliner Pencil) 1 g Black Brown - SHOPATOA.COM","og_description":"Creionul vegan pentru ochi \u00een nuan\u021be bogate de culoare garanteaz\u0103 un machiaj perfect \u0219i unic pentru ochi. Cu creionul moale \u0219i aplicatorul cu burete, este u\u0219or s\u0103 eviden\u021bia\u021bi conturul ochilor. Con\u021bine ingrediente naturale precum uleiul de jojoba, care asigur\u0103 hidratare \u0219i p\u0103streaz\u0103 o senza\u021bie pl\u0103cut\u0103 de umiditate \u00een piele. Uleiul de mango \u00eembun\u0103t\u0103\u021be\u0219te elasticitatea pielii....","og_url":"https:\/\/shopatoa.com\/ro\/annemarie-borlind-creion-pentru-ochi-cu-aplicator-eyeliner-pencil-1-g-black-brown\/","og_site_name":"SHOPATOA","article_modified_time":"2025-05-16T18:40:44+00:00","og_image":[{"width":800,"height":800,"url":"https:\/\/storage.googleapis.com\/cz-shopatoa-img\/ro\/7feb4e61-unnamed-file.webp","type":"image\/webp"}],"twitter_card":"summary_large_image","schema":{"@context":"https:\/\/schema.org","@graph":[{"@type":"WebPage","@id":"https:\/\/shopatoa.com\/ro\/annemarie-borlind-creion-pentru-ochi-cu-aplicator-eyeliner-pencil-1-g-black-brown\/","url":"https:\/\/shopatoa.com\/ro\/annemarie-borlind-creion-pentru-ochi-cu-aplicator-eyeliner-pencil-1-g-black-brown\/","name":"ANNEMARIE BORLIND Creion pentru ochi cu aplicator (Eyeliner Pencil) 1 g Black Brown - SHOPATOA.COM","isPartOf":{"@id":"https:\/\/shopatoa.com\/ro\/#website"},"primaryImageOfPage":{"@id":"https:\/\/shopatoa.com\/ro\/annemarie-borlind-creion-pentru-ochi-cu-aplicator-eyeliner-pencil-1-g-black-brown\/#primaryimage"},"image":{"@id":"https:\/\/shopatoa.com\/ro\/annemarie-borlind-creion-pentru-ochi-cu-aplicator-eyeliner-pencil-1-g-black-brown\/#primaryimage"},"thumbnailUrl":"https:\/\/storage.googleapis.com\/cz-shopatoa-img\/ro\/7feb4e61-unnamed-file.webp","datePublished":"2025-04-26T19:31:33+00:00","dateModified":"2025-05-16T18:40:44+00:00","breadcrumb":{"@id":"https:\/\/shopatoa.com\/ro\/annemarie-borlind-creion-pentru-ochi-cu-aplicator-eyeliner-pencil-1-g-black-brown\/#breadcrumb"},"inLanguage":"ro-RO","potentialAction":[{"@type":"ReadAction","target":["https:\/\/shopatoa.com\/ro\/annemarie-borlind-creion-pentru-ochi-cu-aplicator-eyeliner-pencil-1-g-black-brown\/"]}]},{"@type":"ImageObject","inLanguage":"ro-RO","@id":"https:\/\/shopatoa.com\/ro\/annemarie-borlind-creion-pentru-ochi-cu-aplicator-eyeliner-pencil-1-g-black-brown\/#primaryimage","url":"https:\/\/storage.googleapis.com\/cz-shopatoa-img\/ro\/7feb4e61-unnamed-file.webp","contentUrl":"https:\/\/storage.googleapis.com\/cz-shopatoa-img\/ro\/7feb4e61-unnamed-file.webp","width":800,"height":800},{"@type":"BreadcrumbList","@id":"https:\/\/shopatoa.com\/ro\/annemarie-borlind-creion-pentru-ochi-cu-aplicator-eyeliner-pencil-1-g-black-brown\/#breadcrumb","itemListElement":[{"@type":"ListItem","position":1,"name":"Dom\u016f","item":"https:\/\/shopatoa.com\/ro\/"},{"@type":"ListItem","position":2,"name":"Shop","item":"https:\/\/shopatoa.com\/ro\/shop\/"},{"@type":"ListItem","position":3,"name":"Cosmetice","item":"https:\/\/shopatoa.com\/ro\/cosmetice\/"},{"@type":"ListItem","position":4,"name":"Cosmetice decorative","item":"https:\/\/shopatoa.com\/ro\/cosmetice-decorative\/"},{"@type":"ListItem","position":5,"name":"Machiaj pentru ochi","item":"https:\/\/shopatoa.com\/ro\/machiaj-pentru-ochi\/"},{"@type":"ListItem","position":6,"name":"Creione de ochi","item":"https:\/\/shopatoa.com\/ro\/creione-de-ochi\/"},{"@type":"ListItem","position":7,"name":"ANNEMARIE BORLIND Creion pentru ochi cu aplicator (Eyeliner Pencil) 1 g Black Brown"}]},{"@type":"WebSite","@id":"https:\/\/shopatoa.com\/ro\/#website","url":"https:\/\/shopatoa.com\/ro\/","name":"SHOPATOA","description":"","publisher":{"@id":"https:\/\/shopatoa.com\/ro\/#organization"},"potentialAction":[{"@type":"SearchAction","target":{"@type":"EntryPoint","urlTemplate":"https:\/\/shopatoa.com\/ro\/?s={search_term_string}"},"query-input":{"@type":"PropertyValueSpecification","valueRequired":true,"valueName":"search_term_string"}}],"inLanguage":"ro-RO"},{"@type":"Organization","@id":"https:\/\/shopatoa.com\/ro\/#organization","name":"SHOPATOA","url":"https:\/\/shopatoa.com\/ro\/","logo":{"@type":"ImageObject","inLanguage":"ro-RO","@id":"https:\/\/shopatoa.com\/ro\/#\/schema\/logo\/image\/","url":"https:\/\/storage.googleapis.com\/cz-shopatoa-img\/ro\/b4dac915-shopatoa_logo.png","contentUrl":"https:\/\/storage.googleapis.com\/cz-shopatoa-img\/ro\/b4dac915-shopatoa_logo.png","width":416,"height":63,"caption":"SHOPATOA"},"image":{"@id":"https:\/\/shopatoa.com\/ro\/#\/schema\/logo\/image\/"}}]}},"_links":{"self":[{"href":"https:\/\/shopatoa.com\/ro\/wp-json\/wp\/v2\/product\/259434","targetHints":{"allow":["GET"]}}],"collection":[{"href":"https:\/\/shopatoa.com\/ro\/wp-json\/wp\/v2\/product"}],"about":[{"href":"https:\/\/shopatoa.com\/ro\/wp-json\/wp\/v2\/types\/product"}],"replies":[{"embeddable":true,"href":"https:\/\/shopatoa.com\/ro\/wp-json\/wp\/v2\/comments?post=259434"}],"wp:featuredmedia":[{"embeddable":true,"href":"https:\/\/shopatoa.com\/ro\/wp-json\/wp\/v2\/media\/335953"}],"wp:attachment":[{"href":"https:\/\/shopatoa.com\/ro\/wp-json\/wp\/v2\/media?parent=259434"}],"wp:term":[{"taxonomy":"product_brand","embeddable":true,"href":"https:\/\/shopatoa.com\/ro\/wp-json\/wp\/v2\/product_brand?post=259434"},{"taxonomy":"product_cat","embeddable":true,"href":"https:\/\/shopatoa.com\/ro\/wp-json\/wp\/v2\/product_cat?post=259434"},{"taxonomy":"product_tag","embeddable":true,"href":"https:\/\/shopatoa.com\/ro\/wp-json\/wp\/v2\/product_tag?post=259434"}],"curies":[{"name":"wp","href":"https:\/\/api.w.org\/{rel}","templated":true}]}}