{"id":259454,"date":"2025-04-26T21:41:29","date_gmt":"2025-04-26T19:41:29","guid":{"rendered":"https:\/\/shopatoa.com\/ro\/thermos-punga-termica-albastra-30-l\/"},"modified":"2025-05-16T20:44:07","modified_gmt":"2025-05-16T18:44:07","slug":"thermos-punga-termica-albastra-30-l","status":"publish","type":"product","link":"https:\/\/shopatoa.com\/ro\/thermos-punga-termica-albastra-30-l\/","title":{"rendered":"Thermos Pung\u0103 termic\u0103 &#8211; albastr\u0103 30 l"},"content":{"rendered":"<p>Punga termic\u0103 este conceput\u0103 pentru transportul \u0219i depozitarea zilnic\u0103 a alimentelor. Alimentele sigilate \u00eentr-o pung\u0103 termic\u0103 \u00ee\u0219i vor men\u021bine temperatura mai mult timp. Punga termica NU con\u021bine bisfenol A, PVC sau alte substan\u021be nocive. Datorit\u0103 construc\u021biei de izola\u021bie multistrat IsoTec\u2122, punga termic\u0103 are propriet\u0103\u021bi excelente de izolare. Construc\u021bia de izola\u021bie este realizat\u0103 din spum\u0103 durabil\u0103 \u0219i foarte u\u0219oar\u0103 de \u00eenalt\u0103 densitate. Acest strat este plasat \u00eentre \u021bes\u0103tura care formeaz\u0103 stratul exterior \u0219i stratul interior PEVA rezistent la ap\u0103. Peretele interior al pungii termice este lavabil, reflect\u0103 c\u0103ldura \u0219i poate intra \u00een contact cu alimentele. Punga termic\u0103 este completat\u0103 cu un buzunar cu fermoar (partea frontala), buzunare din plas\u0103 (laterale) \u0219i curea reglabil\u0103. Pe partea superioar\u0103 a pungii termice exist\u0103 un cordon de cauciuc \u0219i o fereastr\u0103 Velcro pentru acces rapid \u0219i u\u0219or la punga termic\u0103.<\/p>\n","protected":false},"excerpt":{"rendered":"<p>Punga termic\u0103 este conceput\u0103 pentru transportul \u0219i depozitarea zilnic\u0103 a alimentelor. Alimentele sigilate \u00eentr-o pung\u0103 termic\u0103 \u00ee\u0219i vor men\u021bine temperatura mai mult timp. Punga termica NU con\u021bine bisfenol A, PVC sau alte substan\u021be nocive. Datorit\u0103 construc\u021biei de izola\u021bie multistrat IsoTec\u2122, punga termic\u0103 are propriet\u0103\u021bi excelente de izolare. Construc\u021bia de izola\u021bie este realizat\u0103 din spum\u0103 durabil\u0103&#8230;<\/p>\n","protected":false},"featured_media":335973,"comment_status":"closed","ping_status":"open","template":"","meta":{"_acf_changed":false,"_kadence_starter_templates_imported_post":false,"_kad_post_transparent":"","_kad_post_title":"","_kad_post_layout":"","_kad_post_sidebar_id":"","_kad_post_content_style":"","_kad_post_vertical_padding":"","_kad_post_feature":"","_kad_post_feature_position":"","_kad_post_header":false,"_kad_post_footer":false,"_kad_post_classname":""},"product_brand":[266],"product_cat":[703,353],"product_tag":[],"class_list":{"0":"post-259454","1":"product","2":"type-product","3":"status-publish","4":"has-post-thumbnail","6":"product_brand-thermos","7":"product_cat-gospodarie","8":"product_cat-sanatate","10":"first","11":"instock","12":"product-type-external","13":"entry","14":"content-bg","15":"loop-entry"},"acf":[],"yoast_head":"<!-- This site is optimized with the Yoast SEO plugin v27.4 - https:\/\/yoast.com\/product\/yoast-seo-wordpress\/ -->\n<title>Thermos Pung\u0103 termic\u0103 - albastr\u0103 30 l - SHOPATOA.COM<\/title>\n<meta name=\"robots\" content=\"index, follow, max-snippet:-1, max-image-preview:large, max-video-preview:-1\" \/>\n<link rel=\"canonical\" href=\"https:\/\/shopatoa.com\/ro\/thermos-punga-termica-albastra-30-l\/\" \/>\n<meta property=\"og:locale\" content=\"ro_RO\" \/>\n<meta property=\"og:type\" content=\"article\" \/>\n<meta property=\"og:title\" content=\"Thermos Pung\u0103 termic\u0103 - albastr\u0103 30 l - SHOPATOA.COM\" \/>\n<meta property=\"og:description\" content=\"Punga termic\u0103 este conceput\u0103 pentru transportul \u0219i depozitarea zilnic\u0103 a alimentelor. Alimentele sigilate \u00eentr-o pung\u0103 termic\u0103 \u00ee\u0219i vor men\u021bine temperatura mai mult timp. Punga termica NU con\u021bine bisfenol A, PVC sau alte substan\u021be nocive. Datorit\u0103 construc\u021biei de izola\u021bie multistrat IsoTec\u2122, punga termic\u0103 are propriet\u0103\u021bi excelente de izolare. Construc\u021bia de izola\u021bie este realizat\u0103 din spum\u0103 durabil\u0103...\" \/>\n<meta property=\"og:url\" content=\"https:\/\/shopatoa.com\/ro\/thermos-punga-termica-albastra-30-l\/\" \/>\n<meta property=\"og:site_name\" content=\"SHOPATOA\" \/>\n<meta property=\"article:modified_time\" content=\"2025-05-16T18:44:07+00:00\" \/>\n<meta property=\"og:image\" content=\"https:\/\/storage.googleapis.com\/cz-shopatoa-img\/ro\/b3e014f1-unnamed-file.webp\" \/>\n\t<meta property=\"og:image:width\" content=\"800\" \/>\n\t<meta property=\"og:image:height\" content=\"800\" \/>\n\t<meta property=\"og:image:type\" content=\"image\/webp\" \/>\n<meta name=\"twitter:card\" content=\"summary_large_image\" \/>\n<meta name=\"twitter:label1\" content=\"Timp estimat pentru citire\" \/>\n\t<meta name=\"twitter:data1\" content=\"1 minut\" \/>\n<script type=\"application\/ld+json\" class=\"yoast-schema-graph\">{\"@context\":\"https:\\\/\\\/schema.org\",\"@graph\":[{\"@type\":\"WebPage\",\"@id\":\"https:\\\/\\\/shopatoa.com\\\/ro\\\/thermos-punga-termica-albastra-30-l\\\/\",\"url\":\"https:\\\/\\\/shopatoa.com\\\/ro\\\/thermos-punga-termica-albastra-30-l\\\/\",\"name\":\"Thermos Pung\u0103 termic\u0103 - albastr\u0103 30 l - SHOPATOA.COM\",\"isPartOf\":{\"@id\":\"https:\\\/\\\/shopatoa.com\\\/ro\\\/#website\"},\"primaryImageOfPage\":{\"@id\":\"https:\\\/\\\/shopatoa.com\\\/ro\\\/thermos-punga-termica-albastra-30-l\\\/#primaryimage\"},\"image\":{\"@id\":\"https:\\\/\\\/shopatoa.com\\\/ro\\\/thermos-punga-termica-albastra-30-l\\\/#primaryimage\"},\"thumbnailUrl\":\"https:\\\/\\\/storage.googleapis.com\\\/cz-shopatoa-img\\\/ro\\\/b3e014f1-unnamed-file.webp\",\"datePublished\":\"2025-04-26T19:41:29+00:00\",\"dateModified\":\"2025-05-16T18:44:07+00:00\",\"breadcrumb\":{\"@id\":\"https:\\\/\\\/shopatoa.com\\\/ro\\\/thermos-punga-termica-albastra-30-l\\\/#breadcrumb\"},\"inLanguage\":\"ro-RO\",\"potentialAction\":[{\"@type\":\"ReadAction\",\"target\":[\"https:\\\/\\\/shopatoa.com\\\/ro\\\/thermos-punga-termica-albastra-30-l\\\/\"]}]},{\"@type\":\"ImageObject\",\"inLanguage\":\"ro-RO\",\"@id\":\"https:\\\/\\\/shopatoa.com\\\/ro\\\/thermos-punga-termica-albastra-30-l\\\/#primaryimage\",\"url\":\"https:\\\/\\\/storage.googleapis.com\\\/cz-shopatoa-img\\\/ro\\\/b3e014f1-unnamed-file.webp\",\"contentUrl\":\"https:\\\/\\\/storage.googleapis.com\\\/cz-shopatoa-img\\\/ro\\\/b3e014f1-unnamed-file.webp\",\"width\":800,\"height\":800},{\"@type\":\"BreadcrumbList\",\"@id\":\"https:\\\/\\\/shopatoa.com\\\/ro\\\/thermos-punga-termica-albastra-30-l\\\/#breadcrumb\",\"itemListElement\":[{\"@type\":\"ListItem\",\"position\":1,\"name\":\"Dom\u016f\",\"item\":\"https:\\\/\\\/shopatoa.com\\\/ro\\\/\"},{\"@type\":\"ListItem\",\"position\":2,\"name\":\"Shop\",\"item\":\"https:\\\/\\\/shopatoa.com\\\/ro\\\/shop\\\/\"},{\"@type\":\"ListItem\",\"position\":3,\"name\":\"S\u0103n\u0103tate\",\"item\":\"https:\\\/\\\/shopatoa.com\\\/ro\\\/sanatate\\\/\"},{\"@type\":\"ListItem\",\"position\":4,\"name\":\"Gospod\u0103rie\",\"item\":\"https:\\\/\\\/shopatoa.com\\\/ro\\\/gospodarie\\\/\"},{\"@type\":\"ListItem\",\"position\":5,\"name\":\"Thermos Pung\u0103 termic\u0103 &#8211; albastr\u0103 30 l\"}]},{\"@type\":\"WebSite\",\"@id\":\"https:\\\/\\\/shopatoa.com\\\/ro\\\/#website\",\"url\":\"https:\\\/\\\/shopatoa.com\\\/ro\\\/\",\"name\":\"SHOPATOA\",\"description\":\"\",\"publisher\":{\"@id\":\"https:\\\/\\\/shopatoa.com\\\/ro\\\/#organization\"},\"potentialAction\":[{\"@type\":\"SearchAction\",\"target\":{\"@type\":\"EntryPoint\",\"urlTemplate\":\"https:\\\/\\\/shopatoa.com\\\/ro\\\/?s={search_term_string}\"},\"query-input\":{\"@type\":\"PropertyValueSpecification\",\"valueRequired\":true,\"valueName\":\"search_term_string\"}}],\"inLanguage\":\"ro-RO\"},{\"@type\":\"Organization\",\"@id\":\"https:\\\/\\\/shopatoa.com\\\/ro\\\/#organization\",\"name\":\"SHOPATOA\",\"url\":\"https:\\\/\\\/shopatoa.com\\\/ro\\\/\",\"logo\":{\"@type\":\"ImageObject\",\"inLanguage\":\"ro-RO\",\"@id\":\"https:\\\/\\\/shopatoa.com\\\/ro\\\/#\\\/schema\\\/logo\\\/image\\\/\",\"url\":\"https:\\\/\\\/storage.googleapis.com\\\/cz-shopatoa-img\\\/ro\\\/b4dac915-shopatoa_logo.png\",\"contentUrl\":\"https:\\\/\\\/storage.googleapis.com\\\/cz-shopatoa-img\\\/ro\\\/b4dac915-shopatoa_logo.png\",\"width\":416,\"height\":63,\"caption\":\"SHOPATOA\"},\"image\":{\"@id\":\"https:\\\/\\\/shopatoa.com\\\/ro\\\/#\\\/schema\\\/logo\\\/image\\\/\"}}]}<\/script>\n<!-- \/ Yoast SEO plugin. -->","yoast_head_json":{"title":"Thermos Pung\u0103 termic\u0103 - albastr\u0103 30 l - SHOPATOA.COM","robots":{"index":"index","follow":"follow","max-snippet":"max-snippet:-1","max-image-preview":"max-image-preview:large","max-video-preview":"max-video-preview:-1"},"canonical":"https:\/\/shopatoa.com\/ro\/thermos-punga-termica-albastra-30-l\/","og_locale":"ro_RO","og_type":"article","og_title":"Thermos Pung\u0103 termic\u0103 - albastr\u0103 30 l - SHOPATOA.COM","og_description":"Punga termic\u0103 este conceput\u0103 pentru transportul \u0219i depozitarea zilnic\u0103 a alimentelor. Alimentele sigilate \u00eentr-o pung\u0103 termic\u0103 \u00ee\u0219i vor men\u021bine temperatura mai mult timp. Punga termica NU con\u021bine bisfenol A, PVC sau alte substan\u021be nocive. Datorit\u0103 construc\u021biei de izola\u021bie multistrat IsoTec\u2122, punga termic\u0103 are propriet\u0103\u021bi excelente de izolare. Construc\u021bia de izola\u021bie este realizat\u0103 din spum\u0103 durabil\u0103...","og_url":"https:\/\/shopatoa.com\/ro\/thermos-punga-termica-albastra-30-l\/","og_site_name":"SHOPATOA","article_modified_time":"2025-05-16T18:44:07+00:00","og_image":[{"width":800,"height":800,"url":"https:\/\/storage.googleapis.com\/cz-shopatoa-img\/ro\/b3e014f1-unnamed-file.webp","type":"image\/webp"}],"twitter_card":"summary_large_image","twitter_misc":{"Timp estimat pentru citire":"1 minut"},"schema":{"@context":"https:\/\/schema.org","@graph":[{"@type":"WebPage","@id":"https:\/\/shopatoa.com\/ro\/thermos-punga-termica-albastra-30-l\/","url":"https:\/\/shopatoa.com\/ro\/thermos-punga-termica-albastra-30-l\/","name":"Thermos Pung\u0103 termic\u0103 - albastr\u0103 30 l - SHOPATOA.COM","isPartOf":{"@id":"https:\/\/shopatoa.com\/ro\/#website"},"primaryImageOfPage":{"@id":"https:\/\/shopatoa.com\/ro\/thermos-punga-termica-albastra-30-l\/#primaryimage"},"image":{"@id":"https:\/\/shopatoa.com\/ro\/thermos-punga-termica-albastra-30-l\/#primaryimage"},"thumbnailUrl":"https:\/\/storage.googleapis.com\/cz-shopatoa-img\/ro\/b3e014f1-unnamed-file.webp","datePublished":"2025-04-26T19:41:29+00:00","dateModified":"2025-05-16T18:44:07+00:00","breadcrumb":{"@id":"https:\/\/shopatoa.com\/ro\/thermos-punga-termica-albastra-30-l\/#breadcrumb"},"inLanguage":"ro-RO","potentialAction":[{"@type":"ReadAction","target":["https:\/\/shopatoa.com\/ro\/thermos-punga-termica-albastra-30-l\/"]}]},{"@type":"ImageObject","inLanguage":"ro-RO","@id":"https:\/\/shopatoa.com\/ro\/thermos-punga-termica-albastra-30-l\/#primaryimage","url":"https:\/\/storage.googleapis.com\/cz-shopatoa-img\/ro\/b3e014f1-unnamed-file.webp","contentUrl":"https:\/\/storage.googleapis.com\/cz-shopatoa-img\/ro\/b3e014f1-unnamed-file.webp","width":800,"height":800},{"@type":"BreadcrumbList","@id":"https:\/\/shopatoa.com\/ro\/thermos-punga-termica-albastra-30-l\/#breadcrumb","itemListElement":[{"@type":"ListItem","position":1,"name":"Dom\u016f","item":"https:\/\/shopatoa.com\/ro\/"},{"@type":"ListItem","position":2,"name":"Shop","item":"https:\/\/shopatoa.com\/ro\/shop\/"},{"@type":"ListItem","position":3,"name":"S\u0103n\u0103tate","item":"https:\/\/shopatoa.com\/ro\/sanatate\/"},{"@type":"ListItem","position":4,"name":"Gospod\u0103rie","item":"https:\/\/shopatoa.com\/ro\/gospodarie\/"},{"@type":"ListItem","position":5,"name":"Thermos Pung\u0103 termic\u0103 &#8211; albastr\u0103 30 l"}]},{"@type":"WebSite","@id":"https:\/\/shopatoa.com\/ro\/#website","url":"https:\/\/shopatoa.com\/ro\/","name":"SHOPATOA","description":"","publisher":{"@id":"https:\/\/shopatoa.com\/ro\/#organization"},"potentialAction":[{"@type":"SearchAction","target":{"@type":"EntryPoint","urlTemplate":"https:\/\/shopatoa.com\/ro\/?s={search_term_string}"},"query-input":{"@type":"PropertyValueSpecification","valueRequired":true,"valueName":"search_term_string"}}],"inLanguage":"ro-RO"},{"@type":"Organization","@id":"https:\/\/shopatoa.com\/ro\/#organization","name":"SHOPATOA","url":"https:\/\/shopatoa.com\/ro\/","logo":{"@type":"ImageObject","inLanguage":"ro-RO","@id":"https:\/\/shopatoa.com\/ro\/#\/schema\/logo\/image\/","url":"https:\/\/storage.googleapis.com\/cz-shopatoa-img\/ro\/b4dac915-shopatoa_logo.png","contentUrl":"https:\/\/storage.googleapis.com\/cz-shopatoa-img\/ro\/b4dac915-shopatoa_logo.png","width":416,"height":63,"caption":"SHOPATOA"},"image":{"@id":"https:\/\/shopatoa.com\/ro\/#\/schema\/logo\/image\/"}}]}},"_links":{"self":[{"href":"https:\/\/shopatoa.com\/ro\/wp-json\/wp\/v2\/product\/259454","targetHints":{"allow":["GET"]}}],"collection":[{"href":"https:\/\/shopatoa.com\/ro\/wp-json\/wp\/v2\/product"}],"about":[{"href":"https:\/\/shopatoa.com\/ro\/wp-json\/wp\/v2\/types\/product"}],"replies":[{"embeddable":true,"href":"https:\/\/shopatoa.com\/ro\/wp-json\/wp\/v2\/comments?post=259454"}],"wp:featuredmedia":[{"embeddable":true,"href":"https:\/\/shopatoa.com\/ro\/wp-json\/wp\/v2\/media\/335973"}],"wp:attachment":[{"href":"https:\/\/shopatoa.com\/ro\/wp-json\/wp\/v2\/media?parent=259454"}],"wp:term":[{"taxonomy":"product_brand","embeddable":true,"href":"https:\/\/shopatoa.com\/ro\/wp-json\/wp\/v2\/product_brand?post=259454"},{"taxonomy":"product_cat","embeddable":true,"href":"https:\/\/shopatoa.com\/ro\/wp-json\/wp\/v2\/product_cat?post=259454"},{"taxonomy":"product_tag","embeddable":true,"href":"https:\/\/shopatoa.com\/ro\/wp-json\/wp\/v2\/product_tag?post=259454"}],"curies":[{"name":"wp","href":"https:\/\/api.w.org\/{rel}","templated":true}]}}