{"id":259459,"date":"2025-04-26T21:45:14","date_gmt":"2025-04-26T19:45:14","guid":{"rendered":"https:\/\/shopatoa.com\/ro\/rene-furterer-ingrijire-fara-clatire-pentru-parul-vopsit-si-cu-suvite-color-glow-thermal-protecting-glow-cream-100-ml\/"},"modified":"2025-05-16T20:44:41","modified_gmt":"2025-05-16T18:44:41","slug":"rene-furterer-ingrijire-fara-clatire-pentru-parul-vopsit-si-cu-suvite-color-glow-thermal-protecting-glow-cream-100-ml","status":"publish","type":"product","link":"https:\/\/shopatoa.com\/ro\/rene-furterer-ingrijire-fara-clatire-pentru-parul-vopsit-si-cu-suvite-color-glow-thermal-protecting-glow-cream-100-ml\/","title":{"rendered":"Ren\u00e9 Furterer \u00cengrijire f\u0103r\u0103 cl\u0103tire pentru p\u0103rul vopsit \u0219i cu \u0219uvi\u021be Color Glow Thermal Protecting (Glow Cream) 100 ml"},"content":{"rendered":"<p>\u00cengrijire f\u0103r\u0103 cl\u0103tire pentru p\u0103rul vopsit \u0219i cu \u0219uvi\u021be, care \u00eei asigura hidratarea, protec\u021bia si culoarea str\u0103lucitoare. Datorit\u0103 unui complex de substan\u021be active care con\u021bine aminoacizi organici Okara (asem\u0103na\u021bi cu cheratina), extract organic de hamamelis, ulei esen\u021bial de l\u0103m\u00e2ie organic \u0219i o\u021bet de Acerola, crema \u00eenv\u0103luie \u0219i neteze\u0219te fibra p\u0103rului, red\u0103 str\u0103lucirea \u0219i protejeaz\u0103 p\u0103rul de c\u0103ldur\u0103 p\u00e2n\u0103 la 230 \u00b0C. P\u0103rul este imediat hidratat, culoarea revigoreaz\u0103, p\u0103rul este mai moale \u0219i mai u\u0219or de gestionat pentru un finisaj perfect de coafat.<\/p>\n","protected":false},"excerpt":{"rendered":"<p>\u00cengrijire f\u0103r\u0103 cl\u0103tire pentru p\u0103rul vopsit \u0219i cu \u0219uvi\u021be, care \u00eei asigura hidratarea, protec\u021bia si culoarea str\u0103lucitoare. Datorit\u0103 unui complex de substan\u021be active care con\u021bine aminoacizi organici Okara (asem\u0103na\u021bi cu cheratina), extract organic de hamamelis, ulei esen\u021bial de l\u0103m\u00e2ie organic \u0219i o\u021bet de Acerola, crema \u00eenv\u0103luie \u0219i neteze\u0219te fibra p\u0103rului, red\u0103 str\u0103lucirea \u0219i protejeaz\u0103 p\u0103rul&#8230;<\/p>\n","protected":false},"featured_media":335977,"comment_status":"closed","ping_status":"open","template":"","meta":{"_acf_changed":false,"_kadence_starter_templates_imported_post":false,"_kad_post_transparent":"","_kad_post_title":"","_kad_post_layout":"","_kad_post_sidebar_id":"","_kad_post_content_style":"","_kad_post_vertical_padding":"","_kad_post_feature":"","_kad_post_feature_position":"","_kad_post_header":false,"_kad_post_footer":false,"_kad_post_classname":""},"product_brand":[926],"product_cat":[246,623,779],"product_tag":[],"class_list":{"0":"post-259459","1":"product","2":"type-product","3":"status-publish","4":"has-post-thumbnail","6":"product_brand-rene-furterer","7":"product_cat-cosmetice","8":"product_cat-produse-cosmetice-pentru-par","9":"product_cat-protectie-termica-a-parului","11":"first","12":"instock","13":"product-type-external","14":"entry","15":"content-bg","16":"loop-entry"},"acf":[],"yoast_head":"<!-- This site is optimized with the Yoast SEO plugin v27.4 - https:\/\/yoast.com\/product\/yoast-seo-wordpress\/ -->\n<title>Ren\u00e9 Furterer \u00cengrijire f\u0103r\u0103 cl\u0103tire pentru p\u0103rul vopsit \u0219i cu \u0219uvi\u021be Color Glow Thermal Protecting (Glow Cream) 100 ml - SHOPATOA.COM<\/title>\n<meta name=\"robots\" content=\"index, follow, max-snippet:-1, max-image-preview:large, max-video-preview:-1\" \/>\n<link rel=\"canonical\" href=\"https:\/\/shopatoa.com\/ro\/rene-furterer-ingrijire-fara-clatire-pentru-parul-vopsit-si-cu-suvite-color-glow-thermal-protecting-glow-cream-100-ml\/\" \/>\n<meta property=\"og:locale\" content=\"ro_RO\" \/>\n<meta property=\"og:type\" content=\"article\" \/>\n<meta property=\"og:title\" content=\"Ren\u00e9 Furterer \u00cengrijire f\u0103r\u0103 cl\u0103tire pentru p\u0103rul vopsit \u0219i cu \u0219uvi\u021be Color Glow Thermal Protecting (Glow Cream) 100 ml - SHOPATOA.COM\" \/>\n<meta property=\"og:description\" content=\"\u00cengrijire f\u0103r\u0103 cl\u0103tire pentru p\u0103rul vopsit \u0219i cu \u0219uvi\u021be, care \u00eei asigura hidratarea, protec\u021bia si culoarea str\u0103lucitoare. Datorit\u0103 unui complex de substan\u021be active care con\u021bine aminoacizi organici Okara (asem\u0103na\u021bi cu cheratina), extract organic de hamamelis, ulei esen\u021bial de l\u0103m\u00e2ie organic \u0219i o\u021bet de Acerola, crema \u00eenv\u0103luie \u0219i neteze\u0219te fibra p\u0103rului, red\u0103 str\u0103lucirea \u0219i protejeaz\u0103 p\u0103rul...\" \/>\n<meta property=\"og:url\" content=\"https:\/\/shopatoa.com\/ro\/rene-furterer-ingrijire-fara-clatire-pentru-parul-vopsit-si-cu-suvite-color-glow-thermal-protecting-glow-cream-100-ml\/\" \/>\n<meta property=\"og:site_name\" content=\"SHOPATOA\" \/>\n<meta property=\"article:modified_time\" content=\"2025-05-16T18:44:41+00:00\" \/>\n<meta property=\"og:image\" content=\"https:\/\/storage.googleapis.com\/cz-shopatoa-img\/ro\/b40c087a-unnamed-file.webp\" \/>\n\t<meta property=\"og:image:width\" content=\"800\" \/>\n\t<meta property=\"og:image:height\" content=\"800\" \/>\n\t<meta property=\"og:image:type\" content=\"image\/webp\" \/>\n<meta name=\"twitter:card\" content=\"summary_large_image\" \/>\n<meta name=\"twitter:label1\" content=\"Timp estimat pentru citire\" \/>\n\t<meta name=\"twitter:data1\" content=\"1 minut\" \/>\n<script type=\"application\/ld+json\" class=\"yoast-schema-graph\">{\"@context\":\"https:\\\/\\\/schema.org\",\"@graph\":[{\"@type\":\"WebPage\",\"@id\":\"https:\\\/\\\/shopatoa.com\\\/ro\\\/rene-furterer-ingrijire-fara-clatire-pentru-parul-vopsit-si-cu-suvite-color-glow-thermal-protecting-glow-cream-100-ml\\\/\",\"url\":\"https:\\\/\\\/shopatoa.com\\\/ro\\\/rene-furterer-ingrijire-fara-clatire-pentru-parul-vopsit-si-cu-suvite-color-glow-thermal-protecting-glow-cream-100-ml\\\/\",\"name\":\"Ren\u00e9 Furterer \u00cengrijire f\u0103r\u0103 cl\u0103tire pentru p\u0103rul vopsit \u0219i cu \u0219uvi\u021be Color Glow Thermal Protecting (Glow Cream) 100 ml - SHOPATOA.COM\",\"isPartOf\":{\"@id\":\"https:\\\/\\\/shopatoa.com\\\/ro\\\/#website\"},\"primaryImageOfPage\":{\"@id\":\"https:\\\/\\\/shopatoa.com\\\/ro\\\/rene-furterer-ingrijire-fara-clatire-pentru-parul-vopsit-si-cu-suvite-color-glow-thermal-protecting-glow-cream-100-ml\\\/#primaryimage\"},\"image\":{\"@id\":\"https:\\\/\\\/shopatoa.com\\\/ro\\\/rene-furterer-ingrijire-fara-clatire-pentru-parul-vopsit-si-cu-suvite-color-glow-thermal-protecting-glow-cream-100-ml\\\/#primaryimage\"},\"thumbnailUrl\":\"https:\\\/\\\/storage.googleapis.com\\\/cz-shopatoa-img\\\/ro\\\/b40c087a-unnamed-file.webp\",\"datePublished\":\"2025-04-26T19:45:14+00:00\",\"dateModified\":\"2025-05-16T18:44:41+00:00\",\"breadcrumb\":{\"@id\":\"https:\\\/\\\/shopatoa.com\\\/ro\\\/rene-furterer-ingrijire-fara-clatire-pentru-parul-vopsit-si-cu-suvite-color-glow-thermal-protecting-glow-cream-100-ml\\\/#breadcrumb\"},\"inLanguage\":\"ro-RO\",\"potentialAction\":[{\"@type\":\"ReadAction\",\"target\":[\"https:\\\/\\\/shopatoa.com\\\/ro\\\/rene-furterer-ingrijire-fara-clatire-pentru-parul-vopsit-si-cu-suvite-color-glow-thermal-protecting-glow-cream-100-ml\\\/\"]}]},{\"@type\":\"ImageObject\",\"inLanguage\":\"ro-RO\",\"@id\":\"https:\\\/\\\/shopatoa.com\\\/ro\\\/rene-furterer-ingrijire-fara-clatire-pentru-parul-vopsit-si-cu-suvite-color-glow-thermal-protecting-glow-cream-100-ml\\\/#primaryimage\",\"url\":\"https:\\\/\\\/storage.googleapis.com\\\/cz-shopatoa-img\\\/ro\\\/b40c087a-unnamed-file.webp\",\"contentUrl\":\"https:\\\/\\\/storage.googleapis.com\\\/cz-shopatoa-img\\\/ro\\\/b40c087a-unnamed-file.webp\",\"width\":800,\"height\":800},{\"@type\":\"BreadcrumbList\",\"@id\":\"https:\\\/\\\/shopatoa.com\\\/ro\\\/rene-furterer-ingrijire-fara-clatire-pentru-parul-vopsit-si-cu-suvite-color-glow-thermal-protecting-glow-cream-100-ml\\\/#breadcrumb\",\"itemListElement\":[{\"@type\":\"ListItem\",\"position\":1,\"name\":\"Dom\u016f\",\"item\":\"https:\\\/\\\/shopatoa.com\\\/ro\\\/\"},{\"@type\":\"ListItem\",\"position\":2,\"name\":\"Shop\",\"item\":\"https:\\\/\\\/shopatoa.com\\\/ro\\\/shop\\\/\"},{\"@type\":\"ListItem\",\"position\":3,\"name\":\"Cosmetice\",\"item\":\"https:\\\/\\\/shopatoa.com\\\/ro\\\/cosmetice\\\/\"},{\"@type\":\"ListItem\",\"position\":4,\"name\":\"Produse cosmetice pentru p\u0103r\",\"item\":\"https:\\\/\\\/shopatoa.com\\\/ro\\\/produse-cosmetice-pentru-par\\\/\"},{\"@type\":\"ListItem\",\"position\":5,\"name\":\"Protec\u021bie termic\u0103 a p\u0103rului\",\"item\":\"https:\\\/\\\/shopatoa.com\\\/ro\\\/protectie-termica-a-parului\\\/\"},{\"@type\":\"ListItem\",\"position\":6,\"name\":\"Ren\u00e9 Furterer \u00cengrijire f\u0103r\u0103 cl\u0103tire pentru p\u0103rul vopsit \u0219i cu \u0219uvi\u021be Color Glow Thermal Protecting (Glow Cream) 100 ml\"}]},{\"@type\":\"WebSite\",\"@id\":\"https:\\\/\\\/shopatoa.com\\\/ro\\\/#website\",\"url\":\"https:\\\/\\\/shopatoa.com\\\/ro\\\/\",\"name\":\"SHOPATOA\",\"description\":\"\",\"publisher\":{\"@id\":\"https:\\\/\\\/shopatoa.com\\\/ro\\\/#organization\"},\"potentialAction\":[{\"@type\":\"SearchAction\",\"target\":{\"@type\":\"EntryPoint\",\"urlTemplate\":\"https:\\\/\\\/shopatoa.com\\\/ro\\\/?s={search_term_string}\"},\"query-input\":{\"@type\":\"PropertyValueSpecification\",\"valueRequired\":true,\"valueName\":\"search_term_string\"}}],\"inLanguage\":\"ro-RO\"},{\"@type\":\"Organization\",\"@id\":\"https:\\\/\\\/shopatoa.com\\\/ro\\\/#organization\",\"name\":\"SHOPATOA\",\"url\":\"https:\\\/\\\/shopatoa.com\\\/ro\\\/\",\"logo\":{\"@type\":\"ImageObject\",\"inLanguage\":\"ro-RO\",\"@id\":\"https:\\\/\\\/shopatoa.com\\\/ro\\\/#\\\/schema\\\/logo\\\/image\\\/\",\"url\":\"https:\\\/\\\/storage.googleapis.com\\\/cz-shopatoa-img\\\/ro\\\/b4dac915-shopatoa_logo.png\",\"contentUrl\":\"https:\\\/\\\/storage.googleapis.com\\\/cz-shopatoa-img\\\/ro\\\/b4dac915-shopatoa_logo.png\",\"width\":416,\"height\":63,\"caption\":\"SHOPATOA\"},\"image\":{\"@id\":\"https:\\\/\\\/shopatoa.com\\\/ro\\\/#\\\/schema\\\/logo\\\/image\\\/\"}}]}<\/script>\n<!-- \/ Yoast SEO plugin. -->","yoast_head_json":{"title":"Ren\u00e9 Furterer \u00cengrijire f\u0103r\u0103 cl\u0103tire pentru p\u0103rul vopsit \u0219i cu \u0219uvi\u021be Color Glow Thermal Protecting (Glow Cream) 100 ml - SHOPATOA.COM","robots":{"index":"index","follow":"follow","max-snippet":"max-snippet:-1","max-image-preview":"max-image-preview:large","max-video-preview":"max-video-preview:-1"},"canonical":"https:\/\/shopatoa.com\/ro\/rene-furterer-ingrijire-fara-clatire-pentru-parul-vopsit-si-cu-suvite-color-glow-thermal-protecting-glow-cream-100-ml\/","og_locale":"ro_RO","og_type":"article","og_title":"Ren\u00e9 Furterer \u00cengrijire f\u0103r\u0103 cl\u0103tire pentru p\u0103rul vopsit \u0219i cu \u0219uvi\u021be Color Glow Thermal Protecting (Glow Cream) 100 ml - SHOPATOA.COM","og_description":"\u00cengrijire f\u0103r\u0103 cl\u0103tire pentru p\u0103rul vopsit \u0219i cu \u0219uvi\u021be, care \u00eei asigura hidratarea, protec\u021bia si culoarea str\u0103lucitoare. Datorit\u0103 unui complex de substan\u021be active care con\u021bine aminoacizi organici Okara (asem\u0103na\u021bi cu cheratina), extract organic de hamamelis, ulei esen\u021bial de l\u0103m\u00e2ie organic \u0219i o\u021bet de Acerola, crema \u00eenv\u0103luie \u0219i neteze\u0219te fibra p\u0103rului, red\u0103 str\u0103lucirea \u0219i protejeaz\u0103 p\u0103rul...","og_url":"https:\/\/shopatoa.com\/ro\/rene-furterer-ingrijire-fara-clatire-pentru-parul-vopsit-si-cu-suvite-color-glow-thermal-protecting-glow-cream-100-ml\/","og_site_name":"SHOPATOA","article_modified_time":"2025-05-16T18:44:41+00:00","og_image":[{"width":800,"height":800,"url":"https:\/\/storage.googleapis.com\/cz-shopatoa-img\/ro\/b40c087a-unnamed-file.webp","type":"image\/webp"}],"twitter_card":"summary_large_image","twitter_misc":{"Timp estimat pentru citire":"1 minut"},"schema":{"@context":"https:\/\/schema.org","@graph":[{"@type":"WebPage","@id":"https:\/\/shopatoa.com\/ro\/rene-furterer-ingrijire-fara-clatire-pentru-parul-vopsit-si-cu-suvite-color-glow-thermal-protecting-glow-cream-100-ml\/","url":"https:\/\/shopatoa.com\/ro\/rene-furterer-ingrijire-fara-clatire-pentru-parul-vopsit-si-cu-suvite-color-glow-thermal-protecting-glow-cream-100-ml\/","name":"Ren\u00e9 Furterer \u00cengrijire f\u0103r\u0103 cl\u0103tire pentru p\u0103rul vopsit \u0219i cu \u0219uvi\u021be Color Glow Thermal Protecting (Glow Cream) 100 ml - SHOPATOA.COM","isPartOf":{"@id":"https:\/\/shopatoa.com\/ro\/#website"},"primaryImageOfPage":{"@id":"https:\/\/shopatoa.com\/ro\/rene-furterer-ingrijire-fara-clatire-pentru-parul-vopsit-si-cu-suvite-color-glow-thermal-protecting-glow-cream-100-ml\/#primaryimage"},"image":{"@id":"https:\/\/shopatoa.com\/ro\/rene-furterer-ingrijire-fara-clatire-pentru-parul-vopsit-si-cu-suvite-color-glow-thermal-protecting-glow-cream-100-ml\/#primaryimage"},"thumbnailUrl":"https:\/\/storage.googleapis.com\/cz-shopatoa-img\/ro\/b40c087a-unnamed-file.webp","datePublished":"2025-04-26T19:45:14+00:00","dateModified":"2025-05-16T18:44:41+00:00","breadcrumb":{"@id":"https:\/\/shopatoa.com\/ro\/rene-furterer-ingrijire-fara-clatire-pentru-parul-vopsit-si-cu-suvite-color-glow-thermal-protecting-glow-cream-100-ml\/#breadcrumb"},"inLanguage":"ro-RO","potentialAction":[{"@type":"ReadAction","target":["https:\/\/shopatoa.com\/ro\/rene-furterer-ingrijire-fara-clatire-pentru-parul-vopsit-si-cu-suvite-color-glow-thermal-protecting-glow-cream-100-ml\/"]}]},{"@type":"ImageObject","inLanguage":"ro-RO","@id":"https:\/\/shopatoa.com\/ro\/rene-furterer-ingrijire-fara-clatire-pentru-parul-vopsit-si-cu-suvite-color-glow-thermal-protecting-glow-cream-100-ml\/#primaryimage","url":"https:\/\/storage.googleapis.com\/cz-shopatoa-img\/ro\/b40c087a-unnamed-file.webp","contentUrl":"https:\/\/storage.googleapis.com\/cz-shopatoa-img\/ro\/b40c087a-unnamed-file.webp","width":800,"height":800},{"@type":"BreadcrumbList","@id":"https:\/\/shopatoa.com\/ro\/rene-furterer-ingrijire-fara-clatire-pentru-parul-vopsit-si-cu-suvite-color-glow-thermal-protecting-glow-cream-100-ml\/#breadcrumb","itemListElement":[{"@type":"ListItem","position":1,"name":"Dom\u016f","item":"https:\/\/shopatoa.com\/ro\/"},{"@type":"ListItem","position":2,"name":"Shop","item":"https:\/\/shopatoa.com\/ro\/shop\/"},{"@type":"ListItem","position":3,"name":"Cosmetice","item":"https:\/\/shopatoa.com\/ro\/cosmetice\/"},{"@type":"ListItem","position":4,"name":"Produse cosmetice pentru p\u0103r","item":"https:\/\/shopatoa.com\/ro\/produse-cosmetice-pentru-par\/"},{"@type":"ListItem","position":5,"name":"Protec\u021bie termic\u0103 a p\u0103rului","item":"https:\/\/shopatoa.com\/ro\/protectie-termica-a-parului\/"},{"@type":"ListItem","position":6,"name":"Ren\u00e9 Furterer \u00cengrijire f\u0103r\u0103 cl\u0103tire pentru p\u0103rul vopsit \u0219i cu \u0219uvi\u021be Color Glow Thermal Protecting (Glow Cream) 100 ml"}]},{"@type":"WebSite","@id":"https:\/\/shopatoa.com\/ro\/#website","url":"https:\/\/shopatoa.com\/ro\/","name":"SHOPATOA","description":"","publisher":{"@id":"https:\/\/shopatoa.com\/ro\/#organization"},"potentialAction":[{"@type":"SearchAction","target":{"@type":"EntryPoint","urlTemplate":"https:\/\/shopatoa.com\/ro\/?s={search_term_string}"},"query-input":{"@type":"PropertyValueSpecification","valueRequired":true,"valueName":"search_term_string"}}],"inLanguage":"ro-RO"},{"@type":"Organization","@id":"https:\/\/shopatoa.com\/ro\/#organization","name":"SHOPATOA","url":"https:\/\/shopatoa.com\/ro\/","logo":{"@type":"ImageObject","inLanguage":"ro-RO","@id":"https:\/\/shopatoa.com\/ro\/#\/schema\/logo\/image\/","url":"https:\/\/storage.googleapis.com\/cz-shopatoa-img\/ro\/b4dac915-shopatoa_logo.png","contentUrl":"https:\/\/storage.googleapis.com\/cz-shopatoa-img\/ro\/b4dac915-shopatoa_logo.png","width":416,"height":63,"caption":"SHOPATOA"},"image":{"@id":"https:\/\/shopatoa.com\/ro\/#\/schema\/logo\/image\/"}}]}},"_links":{"self":[{"href":"https:\/\/shopatoa.com\/ro\/wp-json\/wp\/v2\/product\/259459","targetHints":{"allow":["GET"]}}],"collection":[{"href":"https:\/\/shopatoa.com\/ro\/wp-json\/wp\/v2\/product"}],"about":[{"href":"https:\/\/shopatoa.com\/ro\/wp-json\/wp\/v2\/types\/product"}],"replies":[{"embeddable":true,"href":"https:\/\/shopatoa.com\/ro\/wp-json\/wp\/v2\/comments?post=259459"}],"wp:featuredmedia":[{"embeddable":true,"href":"https:\/\/shopatoa.com\/ro\/wp-json\/wp\/v2\/media\/335977"}],"wp:attachment":[{"href":"https:\/\/shopatoa.com\/ro\/wp-json\/wp\/v2\/media?parent=259459"}],"wp:term":[{"taxonomy":"product_brand","embeddable":true,"href":"https:\/\/shopatoa.com\/ro\/wp-json\/wp\/v2\/product_brand?post=259459"},{"taxonomy":"product_cat","embeddable":true,"href":"https:\/\/shopatoa.com\/ro\/wp-json\/wp\/v2\/product_cat?post=259459"},{"taxonomy":"product_tag","embeddable":true,"href":"https:\/\/shopatoa.com\/ro\/wp-json\/wp\/v2\/product_tag?post=259459"}],"curies":[{"name":"wp","href":"https:\/\/api.w.org\/{rel}","templated":true}]}}