{"id":259554,"date":"2025-04-26T22:20:45","date_gmt":"2025-04-26T20:20:45","guid":{"rendered":"https:\/\/shopatoa.com\/ro\/laifen-uscator-de-par-swift-se-lite-glossy-white\/"},"modified":"2025-05-16T20:57:23","modified_gmt":"2025-05-16T18:57:23","slug":"laifen-uscator-de-par-swift-se-lite-glossy-white","status":"publish","type":"product","link":"https:\/\/shopatoa.com\/ro\/laifen-uscator-de-par-swift-se-lite-glossy-white\/","title":{"rendered":"Laifen Usc\u0103tor de p\u0103r Swift SE Lite Glossy White"},"content":{"rendered":"<p>Usc\u0103torul de p\u0103r de designer \u0219i compact este conceput pentru a v\u0103 oferi rezultate profesionale \u00een confortul casei dumneavoastr\u0103. De ce ve\u021bi iubi Laifen SWIFT SE Lite? 1. Ionizare pentru un par perfect &#8211; Laifen SWIFT SE Lite este echipat cu tehnologie de ionizare care elibereaz\u0103 p\u00e2n\u0103 la 150 de milioane de ioni negativi pe metru cub. Ce \u00eenseamn\u0103 asta pentru p\u0103rul dvs.? Mai pu\u021bin \u00eencre\u021bit, mai pu\u021bin\u0103 usc\u0103ciune \u0219i mai mult\u0103 str\u0103lucire! P\u0103rul va fi neted, str\u0103lucitor \u0219i s\u0103n\u0103tos vizual \u0219i la atingere. 2. Motor puternic \u0219i fiabil &#8211; cu o putere de 1400 W \u0219i un motor care atinge p\u00e2n\u0103 la 100.000 de rota\u021bii pe minut, acest usc\u0103tor de p\u0103r este un adev\u0103rat campion de performan\u021b\u0103. Viteza fluxului de aer de p\u00e2n\u0103 la 19 m\/s asigur\u0103 o uscare rapid\u0103 \u0219i eficient\u0103, astfel \u00eenc\u00e2t ve\u021bi avea mai mult timp s\u0103 face\u021bi ceea ce v\u0103 place. 3. Personalizare temperatur\u0103 \u0219i vitez\u0103 &#8211; Laifen SWIFT SE Lite ofer\u0103 dou\u0103 viteze \u0219i trei set\u0103ri de temperatur\u0103 (aer rece 20\u00b0C, 50\u00b0C, 80\u00b0C), astfel \u00eenc\u00e2t s\u0103 pute\u021bi personaliza procesul de uscare exact \u00een func\u021bie de nevoile dvs. \u00cen plus, indicatorul LED de pe buton arat\u0103 temperatura curent\u0103 &#8211; albastru pentru aer rece, portocaliu pentru temperatura medie \u0219i ro\u0219u pentru temperatura ridicat\u0103. 4. Func\u021bionare silen\u021bioas\u0103 &#8211; cu un nivel de zgomot de doar 62 dB, acest usc\u0103tor de p\u0103r este unul dintre cele mai silen\u021bioase de pe pia\u021b\u0103. Nu mai deranja\u021bi lini\u0219tea dimine\u021bii sau lini\u0219tea serii &#8211; Laifen SWIFT SE Lite este at\u00e2t de lini\u0219tit \u00eenc\u00e2t \u00eel ve\u021bi \u00eendr\u0103gi. 5. Design ergonomic \u0219i greutate redus\u0103 &#8211; cu dimensiunile de 83x70x277 mm \u0219i o greutate de doar 345 g, acest usc\u0103tor de p\u0103r nu este doar compact, ci \u0219i u\u0219or. Datorit\u0103 designului ergonomic, este confortabil de \u021binut \u00een m\u00e2n\u0103 \u0219i u\u0219or de controlat, lucru pe care \u00eel ve\u021bi aprecia mai ales \u00een timpul utiliz\u0103rii prelungite. 6. Cablu lung pentru confort maxim &#8211; lungimea cablului de 2,5 m ofer\u0103 suficient\u0103 libertate de mi\u0219care, astfel \u00eenc\u00e2t nu trebuie sa fi\u021bi limita\u021bi de apropierea prizei. Gata cu tragere de cablu sau raz\u0103 limitat\u0103. 7. Siguran\u021b\u0103 \u0219i fiabilitate &#8211; senzorul monitorizeaz\u0103 temperatura de p\u00e2n\u0103 la 50 de ori pe secund\u0103, ceea ce asigur\u0103 o temperatur\u0103 constant\u0103 \u0219i sigur\u0103 pe tot parcursul procesului de uscare. Pute\u021bi fi sigur c\u0103 p\u0103rul va fi protejat de supra\u00eenc\u0103lzire \u0219i deteriorare.<\/p>\n","protected":false},"excerpt":{"rendered":"<p>Usc\u0103torul de p\u0103r de designer \u0219i compact este conceput pentru a v\u0103 oferi rezultate profesionale \u00een confortul casei dumneavoastr\u0103. De ce ve\u021bi iubi Laifen SWIFT SE Lite? 1. Ionizare pentru un par perfect &#8211; Laifen SWIFT SE Lite este echipat cu tehnologie de ionizare care elibereaz\u0103 p\u00e2n\u0103 la 150 de milioane de ioni negativi pe&#8230;<\/p>\n","protected":false},"featured_media":336060,"comment_status":"closed","ping_status":"open","template":"","meta":{"_acf_changed":false,"_kadence_starter_templates_imported_post":false,"_kad_post_transparent":"","_kad_post_title":"","_kad_post_layout":"","_kad_post_sidebar_id":"","_kad_post_content_style":"","_kad_post_vertical_padding":"","_kad_post_feature":"","_kad_post_feature_position":"","_kad_post_header":false,"_kad_post_footer":false,"_kad_post_classname":""},"product_brand":[931],"product_cat":[246,623,624,762],"product_tag":[],"class_list":{"0":"post-259554","1":"product","2":"type-product","3":"status-publish","4":"has-post-thumbnail","6":"product_brand-laifen","7":"product_cat-cosmetice","8":"product_cat-produse-cosmetice-pentru-par","9":"product_cat-produse-aparate-si-accesorii-pentru-par","10":"product_cat-uscatoare-de-par-fenuri","12":"first","13":"instock","14":"product-type-external","15":"entry","16":"content-bg","17":"loop-entry"},"acf":[],"yoast_head":"<!-- This site is optimized with the Yoast SEO plugin v27.4 - https:\/\/yoast.com\/product\/yoast-seo-wordpress\/ -->\n<title>Laifen Usc\u0103tor de p\u0103r Swift SE Lite Glossy White - SHOPATOA.COM<\/title>\n<meta name=\"robots\" content=\"index, follow, max-snippet:-1, max-image-preview:large, max-video-preview:-1\" \/>\n<link rel=\"canonical\" href=\"https:\/\/shopatoa.com\/ro\/laifen-uscator-de-par-swift-se-lite-glossy-white\/\" \/>\n<meta property=\"og:locale\" content=\"ro_RO\" \/>\n<meta property=\"og:type\" content=\"article\" \/>\n<meta property=\"og:title\" content=\"Laifen Usc\u0103tor de p\u0103r Swift SE Lite Glossy White - SHOPATOA.COM\" \/>\n<meta property=\"og:description\" content=\"Usc\u0103torul de p\u0103r de designer \u0219i compact este conceput pentru a v\u0103 oferi rezultate profesionale \u00een confortul casei dumneavoastr\u0103. De ce ve\u021bi iubi Laifen SWIFT SE Lite? 1. Ionizare pentru un par perfect &#8211; Laifen SWIFT SE Lite este echipat cu tehnologie de ionizare care elibereaz\u0103 p\u00e2n\u0103 la 150 de milioane de ioni negativi pe...\" \/>\n<meta property=\"og:url\" content=\"https:\/\/shopatoa.com\/ro\/laifen-uscator-de-par-swift-se-lite-glossy-white\/\" \/>\n<meta property=\"og:site_name\" content=\"SHOPATOA\" \/>\n<meta property=\"article:modified_time\" content=\"2025-05-16T18:57:23+00:00\" \/>\n<meta property=\"og:image\" content=\"https:\/\/storage.googleapis.com\/cz-shopatoa-img\/ro\/d142d17a-unnamed-file.webp\" \/>\n\t<meta property=\"og:image:width\" content=\"800\" \/>\n\t<meta property=\"og:image:height\" content=\"800\" \/>\n\t<meta property=\"og:image:type\" content=\"image\/webp\" \/>\n<meta name=\"twitter:card\" content=\"summary_large_image\" \/>\n<meta name=\"twitter:label1\" content=\"Timp estimat pentru citire\" \/>\n\t<meta name=\"twitter:data1\" content=\"2 minute\" \/>\n<script type=\"application\/ld+json\" class=\"yoast-schema-graph\">{\"@context\":\"https:\\\/\\\/schema.org\",\"@graph\":[{\"@type\":\"WebPage\",\"@id\":\"https:\\\/\\\/shopatoa.com\\\/ro\\\/laifen-uscator-de-par-swift-se-lite-glossy-white\\\/\",\"url\":\"https:\\\/\\\/shopatoa.com\\\/ro\\\/laifen-uscator-de-par-swift-se-lite-glossy-white\\\/\",\"name\":\"Laifen Usc\u0103tor de p\u0103r Swift SE Lite Glossy White - SHOPATOA.COM\",\"isPartOf\":{\"@id\":\"https:\\\/\\\/shopatoa.com\\\/ro\\\/#website\"},\"primaryImageOfPage\":{\"@id\":\"https:\\\/\\\/shopatoa.com\\\/ro\\\/laifen-uscator-de-par-swift-se-lite-glossy-white\\\/#primaryimage\"},\"image\":{\"@id\":\"https:\\\/\\\/shopatoa.com\\\/ro\\\/laifen-uscator-de-par-swift-se-lite-glossy-white\\\/#primaryimage\"},\"thumbnailUrl\":\"https:\\\/\\\/storage.googleapis.com\\\/cz-shopatoa-img\\\/ro\\\/d142d17a-unnamed-file.webp\",\"datePublished\":\"2025-04-26T20:20:45+00:00\",\"dateModified\":\"2025-05-16T18:57:23+00:00\",\"breadcrumb\":{\"@id\":\"https:\\\/\\\/shopatoa.com\\\/ro\\\/laifen-uscator-de-par-swift-se-lite-glossy-white\\\/#breadcrumb\"},\"inLanguage\":\"ro-RO\",\"potentialAction\":[{\"@type\":\"ReadAction\",\"target\":[\"https:\\\/\\\/shopatoa.com\\\/ro\\\/laifen-uscator-de-par-swift-se-lite-glossy-white\\\/\"]}]},{\"@type\":\"ImageObject\",\"inLanguage\":\"ro-RO\",\"@id\":\"https:\\\/\\\/shopatoa.com\\\/ro\\\/laifen-uscator-de-par-swift-se-lite-glossy-white\\\/#primaryimage\",\"url\":\"https:\\\/\\\/storage.googleapis.com\\\/cz-shopatoa-img\\\/ro\\\/d142d17a-unnamed-file.webp\",\"contentUrl\":\"https:\\\/\\\/storage.googleapis.com\\\/cz-shopatoa-img\\\/ro\\\/d142d17a-unnamed-file.webp\",\"width\":800,\"height\":800},{\"@type\":\"BreadcrumbList\",\"@id\":\"https:\\\/\\\/shopatoa.com\\\/ro\\\/laifen-uscator-de-par-swift-se-lite-glossy-white\\\/#breadcrumb\",\"itemListElement\":[{\"@type\":\"ListItem\",\"position\":1,\"name\":\"Dom\u016f\",\"item\":\"https:\\\/\\\/shopatoa.com\\\/ro\\\/\"},{\"@type\":\"ListItem\",\"position\":2,\"name\":\"Shop\",\"item\":\"https:\\\/\\\/shopatoa.com\\\/ro\\\/shop\\\/\"},{\"@type\":\"ListItem\",\"position\":3,\"name\":\"Cosmetice\",\"item\":\"https:\\\/\\\/shopatoa.com\\\/ro\\\/cosmetice\\\/\"},{\"@type\":\"ListItem\",\"position\":4,\"name\":\"Produse cosmetice pentru p\u0103r\",\"item\":\"https:\\\/\\\/shopatoa.com\\\/ro\\\/produse-cosmetice-pentru-par\\\/\"},{\"@type\":\"ListItem\",\"position\":5,\"name\":\"Produse, aparate \u0219i accesorii pentru p\u0103r\",\"item\":\"https:\\\/\\\/shopatoa.com\\\/ro\\\/produse-aparate-si-accesorii-pentru-par\\\/\"},{\"@type\":\"ListItem\",\"position\":6,\"name\":\"Usc\u0103toare de p\u0103r, fenuri\",\"item\":\"https:\\\/\\\/shopatoa.com\\\/ro\\\/uscatoare-de-par-fenuri\\\/\"},{\"@type\":\"ListItem\",\"position\":7,\"name\":\"Laifen Usc\u0103tor de p\u0103r Swift SE Lite Glossy White\"}]},{\"@type\":\"WebSite\",\"@id\":\"https:\\\/\\\/shopatoa.com\\\/ro\\\/#website\",\"url\":\"https:\\\/\\\/shopatoa.com\\\/ro\\\/\",\"name\":\"SHOPATOA\",\"description\":\"\",\"publisher\":{\"@id\":\"https:\\\/\\\/shopatoa.com\\\/ro\\\/#organization\"},\"potentialAction\":[{\"@type\":\"SearchAction\",\"target\":{\"@type\":\"EntryPoint\",\"urlTemplate\":\"https:\\\/\\\/shopatoa.com\\\/ro\\\/?s={search_term_string}\"},\"query-input\":{\"@type\":\"PropertyValueSpecification\",\"valueRequired\":true,\"valueName\":\"search_term_string\"}}],\"inLanguage\":\"ro-RO\"},{\"@type\":\"Organization\",\"@id\":\"https:\\\/\\\/shopatoa.com\\\/ro\\\/#organization\",\"name\":\"SHOPATOA\",\"url\":\"https:\\\/\\\/shopatoa.com\\\/ro\\\/\",\"logo\":{\"@type\":\"ImageObject\",\"inLanguage\":\"ro-RO\",\"@id\":\"https:\\\/\\\/shopatoa.com\\\/ro\\\/#\\\/schema\\\/logo\\\/image\\\/\",\"url\":\"https:\\\/\\\/storage.googleapis.com\\\/cz-shopatoa-img\\\/ro\\\/b4dac915-shopatoa_logo.png\",\"contentUrl\":\"https:\\\/\\\/storage.googleapis.com\\\/cz-shopatoa-img\\\/ro\\\/b4dac915-shopatoa_logo.png\",\"width\":416,\"height\":63,\"caption\":\"SHOPATOA\"},\"image\":{\"@id\":\"https:\\\/\\\/shopatoa.com\\\/ro\\\/#\\\/schema\\\/logo\\\/image\\\/\"}}]}<\/script>\n<!-- \/ Yoast SEO plugin. -->","yoast_head_json":{"title":"Laifen Usc\u0103tor de p\u0103r Swift SE Lite Glossy White - SHOPATOA.COM","robots":{"index":"index","follow":"follow","max-snippet":"max-snippet:-1","max-image-preview":"max-image-preview:large","max-video-preview":"max-video-preview:-1"},"canonical":"https:\/\/shopatoa.com\/ro\/laifen-uscator-de-par-swift-se-lite-glossy-white\/","og_locale":"ro_RO","og_type":"article","og_title":"Laifen Usc\u0103tor de p\u0103r Swift SE Lite Glossy White - SHOPATOA.COM","og_description":"Usc\u0103torul de p\u0103r de designer \u0219i compact este conceput pentru a v\u0103 oferi rezultate profesionale \u00een confortul casei dumneavoastr\u0103. De ce ve\u021bi iubi Laifen SWIFT SE Lite? 1. Ionizare pentru un par perfect &#8211; Laifen SWIFT SE Lite este echipat cu tehnologie de ionizare care elibereaz\u0103 p\u00e2n\u0103 la 150 de milioane de ioni negativi pe...","og_url":"https:\/\/shopatoa.com\/ro\/laifen-uscator-de-par-swift-se-lite-glossy-white\/","og_site_name":"SHOPATOA","article_modified_time":"2025-05-16T18:57:23+00:00","og_image":[{"width":800,"height":800,"url":"https:\/\/storage.googleapis.com\/cz-shopatoa-img\/ro\/d142d17a-unnamed-file.webp","type":"image\/webp"}],"twitter_card":"summary_large_image","twitter_misc":{"Timp estimat pentru citire":"2 minute"},"schema":{"@context":"https:\/\/schema.org","@graph":[{"@type":"WebPage","@id":"https:\/\/shopatoa.com\/ro\/laifen-uscator-de-par-swift-se-lite-glossy-white\/","url":"https:\/\/shopatoa.com\/ro\/laifen-uscator-de-par-swift-se-lite-glossy-white\/","name":"Laifen Usc\u0103tor de p\u0103r Swift SE Lite Glossy White - SHOPATOA.COM","isPartOf":{"@id":"https:\/\/shopatoa.com\/ro\/#website"},"primaryImageOfPage":{"@id":"https:\/\/shopatoa.com\/ro\/laifen-uscator-de-par-swift-se-lite-glossy-white\/#primaryimage"},"image":{"@id":"https:\/\/shopatoa.com\/ro\/laifen-uscator-de-par-swift-se-lite-glossy-white\/#primaryimage"},"thumbnailUrl":"https:\/\/storage.googleapis.com\/cz-shopatoa-img\/ro\/d142d17a-unnamed-file.webp","datePublished":"2025-04-26T20:20:45+00:00","dateModified":"2025-05-16T18:57:23+00:00","breadcrumb":{"@id":"https:\/\/shopatoa.com\/ro\/laifen-uscator-de-par-swift-se-lite-glossy-white\/#breadcrumb"},"inLanguage":"ro-RO","potentialAction":[{"@type":"ReadAction","target":["https:\/\/shopatoa.com\/ro\/laifen-uscator-de-par-swift-se-lite-glossy-white\/"]}]},{"@type":"ImageObject","inLanguage":"ro-RO","@id":"https:\/\/shopatoa.com\/ro\/laifen-uscator-de-par-swift-se-lite-glossy-white\/#primaryimage","url":"https:\/\/storage.googleapis.com\/cz-shopatoa-img\/ro\/d142d17a-unnamed-file.webp","contentUrl":"https:\/\/storage.googleapis.com\/cz-shopatoa-img\/ro\/d142d17a-unnamed-file.webp","width":800,"height":800},{"@type":"BreadcrumbList","@id":"https:\/\/shopatoa.com\/ro\/laifen-uscator-de-par-swift-se-lite-glossy-white\/#breadcrumb","itemListElement":[{"@type":"ListItem","position":1,"name":"Dom\u016f","item":"https:\/\/shopatoa.com\/ro\/"},{"@type":"ListItem","position":2,"name":"Shop","item":"https:\/\/shopatoa.com\/ro\/shop\/"},{"@type":"ListItem","position":3,"name":"Cosmetice","item":"https:\/\/shopatoa.com\/ro\/cosmetice\/"},{"@type":"ListItem","position":4,"name":"Produse cosmetice pentru p\u0103r","item":"https:\/\/shopatoa.com\/ro\/produse-cosmetice-pentru-par\/"},{"@type":"ListItem","position":5,"name":"Produse, aparate \u0219i accesorii pentru p\u0103r","item":"https:\/\/shopatoa.com\/ro\/produse-aparate-si-accesorii-pentru-par\/"},{"@type":"ListItem","position":6,"name":"Usc\u0103toare de p\u0103r, fenuri","item":"https:\/\/shopatoa.com\/ro\/uscatoare-de-par-fenuri\/"},{"@type":"ListItem","position":7,"name":"Laifen Usc\u0103tor de p\u0103r Swift SE Lite Glossy White"}]},{"@type":"WebSite","@id":"https:\/\/shopatoa.com\/ro\/#website","url":"https:\/\/shopatoa.com\/ro\/","name":"SHOPATOA","description":"","publisher":{"@id":"https:\/\/shopatoa.com\/ro\/#organization"},"potentialAction":[{"@type":"SearchAction","target":{"@type":"EntryPoint","urlTemplate":"https:\/\/shopatoa.com\/ro\/?s={search_term_string}"},"query-input":{"@type":"PropertyValueSpecification","valueRequired":true,"valueName":"search_term_string"}}],"inLanguage":"ro-RO"},{"@type":"Organization","@id":"https:\/\/shopatoa.com\/ro\/#organization","name":"SHOPATOA","url":"https:\/\/shopatoa.com\/ro\/","logo":{"@type":"ImageObject","inLanguage":"ro-RO","@id":"https:\/\/shopatoa.com\/ro\/#\/schema\/logo\/image\/","url":"https:\/\/storage.googleapis.com\/cz-shopatoa-img\/ro\/b4dac915-shopatoa_logo.png","contentUrl":"https:\/\/storage.googleapis.com\/cz-shopatoa-img\/ro\/b4dac915-shopatoa_logo.png","width":416,"height":63,"caption":"SHOPATOA"},"image":{"@id":"https:\/\/shopatoa.com\/ro\/#\/schema\/logo\/image\/"}}]}},"_links":{"self":[{"href":"https:\/\/shopatoa.com\/ro\/wp-json\/wp\/v2\/product\/259554","targetHints":{"allow":["GET"]}}],"collection":[{"href":"https:\/\/shopatoa.com\/ro\/wp-json\/wp\/v2\/product"}],"about":[{"href":"https:\/\/shopatoa.com\/ro\/wp-json\/wp\/v2\/types\/product"}],"replies":[{"embeddable":true,"href":"https:\/\/shopatoa.com\/ro\/wp-json\/wp\/v2\/comments?post=259554"}],"wp:featuredmedia":[{"embeddable":true,"href":"https:\/\/shopatoa.com\/ro\/wp-json\/wp\/v2\/media\/336060"}],"wp:attachment":[{"href":"https:\/\/shopatoa.com\/ro\/wp-json\/wp\/v2\/media?parent=259554"}],"wp:term":[{"taxonomy":"product_brand","embeddable":true,"href":"https:\/\/shopatoa.com\/ro\/wp-json\/wp\/v2\/product_brand?post=259554"},{"taxonomy":"product_cat","embeddable":true,"href":"https:\/\/shopatoa.com\/ro\/wp-json\/wp\/v2\/product_cat?post=259554"},{"taxonomy":"product_tag","embeddable":true,"href":"https:\/\/shopatoa.com\/ro\/wp-json\/wp\/v2\/product_tag?post=259554"}],"curies":[{"name":"wp","href":"https:\/\/api.w.org\/{rel}","templated":true}]}}